{"id":693,"date":"2015-04-21T10:17:20","date_gmt":"2015-04-21T10:17:20","guid":{"rendered":"http:\/\/ueflibrarylang.wordpress.com\/?page_id=1"},"modified":"2024-09-17T10:27:42","modified_gmt":"2024-09-17T07:27:42","slug":"about","status":"publish","type":"page","link":"https:\/\/blogs.uef.fi\/tiedonhaku-vieraatkielet\/about\/","title":{"rendered":"Hakusanat ja hakutekniikat"},"content":{"rendered":"\n<p>Tiedonhaku ei onnistu ilman aiheeseesi liittyvi\u00e4 hakusanoja tai tekniikoita, joilla hakusanat tietokannoissa toimivat. Hakusanojen ja -lauseiden avulla kerrot tietokannoille, mit\u00e4 olet etsim\u00e4ss\u00e4. Tietokannoissa hakusanoja k\u00e4ytet\u00e4\u00e4n ja yhdistell\u00e4\u00e4n erilailla kuin esim. avoimen verkon hakukoneissa, kuten Googlessa.<\/p>\n\n\n\n<p>T\u00e4ss\u00e4 osiossa kerrotaan hakusanoista ja annetaan ideoita ja vinkkej\u00e4 niiden k\u00e4ytt\u00f6\u00f6n. Lis\u00e4ksi perehdyt\u00e4\u00e4n keskeisiin tiedonhaun tekniikoihin, jotka toimivat l\u00e4hes kaikissa tiedonhakuj\u00e4rjestelmiss\u00e4.<\/p>\n\n\n\n<p>(Osion sis\u00e4lt\u00f6 p\u00e4ivitetty 9\/2024)<\/p>\n\n\n\n<p>Siirry seuraavaan osioon <a href=\"https:\/\/blogs.uef.fi\/tiedonhaku-vieraatkielet\/about\/hakuongelma-mita-tietoa-tarvitaan\/\">Hakuongelma: mit\u00e4 tietoa tarvitaan?<\/a><\/p>\n","protected":false},"excerpt":{"rendered":"<p>Tiedonhaku ei onnistu ilman aiheeseesi liittyvi\u00e4 hakusanoja tai tekniikoita, joilla hakusanat tietokannoissa toimivat. Hakusanojen ja -lauseiden avulla kerrot tietokannoille, mit\u00e4 olet etsim\u00e4ss\u00e4. Tietokannoissa hakusanoja k\u00e4ytet\u00e4\u00e4n ja yhdistell\u00e4\u00e4n erilailla kuin esim. avoimen verkon hakukoneissa, kuten Googlessa. T\u00e4ss\u00e4 osiossa kerrotaan hakusanoista ja annetaan ideoita ja vinkkej\u00e4 niiden k\u00e4ytt\u00f6\u00f6n. Lis\u00e4ksi perehdyt\u00e4\u00e4n keskeisiin tiedonhaun tekniikoihin, jotka toimivat l\u00e4hes kaikissa [&hellip;]<\/p>\n","protected":false},"author":129,"featured_media":0,"parent":0,"menu_order":0,"comment_status":"closed","ping_status":"closed","template":"","meta":{"_acf_changed":false,"footnotes":""},"class_list":["post-693","page","type-page","status-publish","hentry"],"acf":[],"yoast_head":"<!-- This site is optimized with the Yoast SEO plugin v27.1.1 - https:\/\/yoast.com\/product\/yoast-seo-wordpress\/ -->\n<title>Hakusanat ja hakutekniikat - Vieraiden kielten tiedonhaku<\/title>\n<meta name=\"robots\" content=\"index, follow, max-snippet:-1, max-image-preview:large, max-video-preview:-1\" \/>\n<link rel=\"canonical\" href=\"https:\/\/blogs.uef.fi\/tiedonhaku-vieraatkielet\/about\/\" \/>\n<meta property=\"og:locale\" content=\"fi_FI\" \/>\n<meta property=\"og:type\" content=\"article\" \/>\n<meta property=\"og:title\" content=\"Hakusanat ja hakutekniikat - Vieraiden kielten tiedonhaku\" \/>\n<meta property=\"og:description\" content=\"Tiedonhaku ei onnistu ilman aiheeseesi liittyvi\u00e4 hakusanoja tai tekniikoita, joilla hakusanat tietokannoissa toimivat. Hakusanojen ja -lauseiden avulla kerrot tietokannoille, mit\u00e4 olet etsim\u00e4ss\u00e4. Tietokannoissa hakusanoja k\u00e4ytet\u00e4\u00e4n ja yhdistell\u00e4\u00e4n erilailla kuin esim. avoimen verkon hakukoneissa, kuten Googlessa. T\u00e4ss\u00e4 osiossa kerrotaan hakusanoista ja annetaan ideoita ja vinkkej\u00e4 niiden k\u00e4ytt\u00f6\u00f6n. Lis\u00e4ksi perehdyt\u00e4\u00e4n keskeisiin tiedonhaun tekniikoihin, jotka toimivat l\u00e4hes kaikissa [&hellip;]\" \/>\n<meta property=\"og:url\" content=\"https:\/\/blogs.uef.fi\/tiedonhaku-vieraatkielet\/about\/\" \/>\n<meta property=\"og:site_name\" content=\"Vieraiden kielten tiedonhaku\" \/>\n<meta property=\"article:modified_time\" content=\"2024-09-17T07:27:42+00:00\" \/>\n<meta name=\"twitter:card\" content=\"summary_large_image\" \/>\n<meta name=\"twitter:label1\" content=\"Arvioitu lukuaika\" \/>\n\t<meta name=\"twitter:data1\" content=\"1 minuutti\" \/>\n<script type=\"application\/ld+json\" class=\"yoast-schema-graph\">{\"@context\":\"https:\/\/schema.org\",\"@graph\":[{\"@type\":\"WebPage\",\"@id\":\"https:\/\/blogs.uef.fi\/tiedonhaku-vieraatkielet\/about\/\",\"url\":\"https:\/\/blogs.uef.fi\/tiedonhaku-vieraatkielet\/about\/\",\"name\":\"Hakusanat ja hakutekniikat - Vieraiden kielten tiedonhaku\",\"isPartOf\":{\"@id\":\"https:\/\/blogs.uef.fi\/tiedonhaku-vieraatkielet\/#website\"},\"datePublished\":\"2015-04-21T10:17:20+00:00\",\"dateModified\":\"2024-09-17T07:27:42+00:00\",\"breadcrumb\":{\"@id\":\"https:\/\/blogs.uef.fi\/tiedonhaku-vieraatkielet\/about\/#breadcrumb\"},\"inLanguage\":\"fi\",\"potentialAction\":[{\"@type\":\"ReadAction\",\"target\":[\"https:\/\/blogs.uef.fi\/tiedonhaku-vieraatkielet\/about\/\"]}]},{\"@type\":\"BreadcrumbList\",\"@id\":\"https:\/\/blogs.uef.fi\/tiedonhaku-vieraatkielet\/about\/#breadcrumb\",\"itemListElement\":[{\"@type\":\"ListItem\",\"position\":1,\"name\":\"Home\",\"item\":\"https:\/\/blogs.uef.fi\/tiedonhaku-vieraatkielet\/\"},{\"@type\":\"ListItem\",\"position\":2,\"name\":\"Hakusanat ja hakutekniikat\"}]},{\"@type\":\"WebSite\",\"@id\":\"https:\/\/blogs.uef.fi\/tiedonhaku-vieraatkielet\/#website\",\"url\":\"https:\/\/blogs.uef.fi\/tiedonhaku-vieraatkielet\/\",\"name\":\"Vieraiden kielten tiedonhaku\",\"description\":\"\",\"potentialAction\":[{\"@type\":\"SearchAction\",\"target\":{\"@type\":\"EntryPoint\",\"urlTemplate\":\"https:\/\/blogs.uef.fi\/tiedonhaku-vieraatkielet\/?s={search_term_string}\"},\"query-input\":{\"@type\":\"PropertyValueSpecification\",\"valueRequired\":true,\"valueName\":\"search_term_string\"}}],\"inLanguage\":\"fi\"}]}<\/script>\n<!-- \/ Yoast SEO plugin. -->","yoast_head_json":{"title":"Hakusanat ja hakutekniikat - Vieraiden kielten tiedonhaku","robots":{"index":"index","follow":"follow","max-snippet":"max-snippet:-1","max-image-preview":"max-image-preview:large","max-video-preview":"max-video-preview:-1"},"canonical":"https:\/\/blogs.uef.fi\/tiedonhaku-vieraatkielet\/about\/","og_locale":"fi_FI","og_type":"article","og_title":"Hakusanat ja hakutekniikat - Vieraiden kielten tiedonhaku","og_description":"Tiedonhaku ei onnistu ilman aiheeseesi liittyvi\u00e4 hakusanoja tai tekniikoita, joilla hakusanat tietokannoissa toimivat. Hakusanojen ja -lauseiden avulla kerrot tietokannoille, mit\u00e4 olet etsim\u00e4ss\u00e4. Tietokannoissa hakusanoja k\u00e4ytet\u00e4\u00e4n ja yhdistell\u00e4\u00e4n erilailla kuin esim. avoimen verkon hakukoneissa, kuten Googlessa. T\u00e4ss\u00e4 osiossa kerrotaan hakusanoista ja annetaan ideoita ja vinkkej\u00e4 niiden k\u00e4ytt\u00f6\u00f6n. Lis\u00e4ksi perehdyt\u00e4\u00e4n keskeisiin tiedonhaun tekniikoihin, jotka toimivat l\u00e4hes kaikissa [&hellip;]","og_url":"https:\/\/blogs.uef.fi\/tiedonhaku-vieraatkielet\/about\/","og_site_name":"Vieraiden kielten tiedonhaku","article_modified_time":"2024-09-17T07:27:42+00:00","twitter_card":"summary_large_image","twitter_misc":{"Arvioitu lukuaika":"1 minuutti"},"schema":{"@context":"https:\/\/schema.org","@graph":[{"@type":"WebPage","@id":"https:\/\/blogs.uef.fi\/tiedonhaku-vieraatkielet\/about\/","url":"https:\/\/blogs.uef.fi\/tiedonhaku-vieraatkielet\/about\/","name":"Hakusanat ja hakutekniikat - Vieraiden kielten tiedonhaku","isPartOf":{"@id":"https:\/\/blogs.uef.fi\/tiedonhaku-vieraatkielet\/#website"},"datePublished":"2015-04-21T10:17:20+00:00","dateModified":"2024-09-17T07:27:42+00:00","breadcrumb":{"@id":"https:\/\/blogs.uef.fi\/tiedonhaku-vieraatkielet\/about\/#breadcrumb"},"inLanguage":"fi","potentialAction":[{"@type":"ReadAction","target":["https:\/\/blogs.uef.fi\/tiedonhaku-vieraatkielet\/about\/"]}]},{"@type":"BreadcrumbList","@id":"https:\/\/blogs.uef.fi\/tiedonhaku-vieraatkielet\/about\/#breadcrumb","itemListElement":[{"@type":"ListItem","position":1,"name":"Home","item":"https:\/\/blogs.uef.fi\/tiedonhaku-vieraatkielet\/"},{"@type":"ListItem","position":2,"name":"Hakusanat ja hakutekniikat"}]},{"@type":"WebSite","@id":"https:\/\/blogs.uef.fi\/tiedonhaku-vieraatkielet\/#website","url":"https:\/\/blogs.uef.fi\/tiedonhaku-vieraatkielet\/","name":"Vieraiden kielten tiedonhaku","description":"","potentialAction":[{"@type":"SearchAction","target":{"@type":"EntryPoint","urlTemplate":"https:\/\/blogs.uef.fi\/tiedonhaku-vieraatkielet\/?s={search_term_string}"},"query-input":{"@type":"PropertyValueSpecification","valueRequired":true,"valueName":"search_term_string"}}],"inLanguage":"fi"}]}},"_links":{"self":[{"href":"https:\/\/blogs.uef.fi\/tiedonhaku-vieraatkielet\/wp-json\/wp\/v2\/pages\/693","targetHints":{"allow":["GET"]}}],"collection":[{"href":"https:\/\/blogs.uef.fi\/tiedonhaku-vieraatkielet\/wp-json\/wp\/v2\/pages"}],"about":[{"href":"https:\/\/blogs.uef.fi\/tiedonhaku-vieraatkielet\/wp-json\/wp\/v2\/types\/page"}],"author":[{"embeddable":true,"href":"https:\/\/blogs.uef.fi\/tiedonhaku-vieraatkielet\/wp-json\/wp\/v2\/users\/129"}],"replies":[{"embeddable":true,"href":"https:\/\/blogs.uef.fi\/tiedonhaku-vieraatkielet\/wp-json\/wp\/v2\/comments?post=693"}],"version-history":[{"count":2,"href":"https:\/\/blogs.uef.fi\/tiedonhaku-vieraatkielet\/wp-json\/wp\/v2\/pages\/693\/revisions"}],"predecessor-version":[{"id":2992,"href":"https:\/\/blogs.uef.fi\/tiedonhaku-vieraatkielet\/wp-json\/wp\/v2\/pages\/693\/revisions\/2992"}],"wp:attachment":[{"href":"https:\/\/blogs.uef.fi\/tiedonhaku-vieraatkielet\/wp-json\/wp\/v2\/media?parent=693"}],"curies":[{"name":"wp","href":"https:\/\/api.w.org\/{rel}","templated":true}]}}