{"id":64,"date":"2015-04-27T09:59:23","date_gmt":"2015-04-27T09:59:23","guid":{"rendered":"https:\/\/ueflibrarylang.wordpress.com\/?page_id=64"},"modified":"2023-09-07T14:22:29","modified_gmt":"2023-09-07T11:22:29","slug":"vinkkeja-google-hakuihin","status":"publish","type":"page","link":"https:\/\/blogs.uef.fi\/tiedonhaku-vieraatkielet\/tiedonlahteet\/vinkkeja-google-hakuihin\/","title":{"rendered":"Vinkkej\u00e4 Google-hakuihin"},"content":{"rendered":"\n<p>My\u00f6s Google-hakuja tehdess\u00e4si, mieti hetki aihettasi ja mahdollisia hakusanojasi ennen kuin ryhdyt tekem\u00e4\u00e4n hakuja. Mill\u00e4 erilaisilla sanoilla aihetta on voitu kuvata? Mieti my\u00f6s synonyymej\u00e4. Mit\u00e4 enemm\u00e4n hakusanoja k\u00e4yt\u00e4t, sen t\u00e4sm\u00e4llisemp\u00e4\u00e4n tulokseen voit p\u00e4\u00e4ty\u00e4. Tarkista sanojen kirjoitusmuoto, esim. kirjoitetaanko sanat yhteen vai erikseen. Google tunnistaa jonkin verran sanojen taivutusmuotoja, mutta silti sanamuodoilla on vaikutusta hakutulokseen. Ammattilaisten k\u00e4ytt\u00e4m\u00e4t ja tieteelliset termit rajaavat tuloksesta pois ep\u00e4relevanttia ainesta. Mill\u00e4 tahansa sanalla voi silti kokeilla ja alkaa hahmotella aihettaan.<\/p>\n\n\n\n<ul class=\"wp-block-list\">\n<li>&nbsp;Lue ohjeita (esim. Googlen ohje)<\/li>\n\n\n\n<li>&nbsp;K\u00e4yt\u00e4 tarkennusmahdollisuuksia (My\u00f6s Googlessa on tarkennettu haku)<\/li>\n\n\n\n<li>Kokeile eri hakuv\u00e4lineit\u00e4! Eri hakuv\u00e4lineill\u00e4 saa erilaisen tuloksen<\/li>\n<\/ul>\n\n\n\n<p>Muista tieteellisen tiedon hakuun erikoistuneet hakukoneet, esimerkiksi <a href=\"http:\/\/scholar.google.fi\/\" target=\"_blank\" rel=\"noopener noreferrer\">Google Scholar<\/a> (avautuu uuteen ikkunaan). Kun k\u00e4yt\u00e4t Google Scholaria yliopiston verkossa, l\u00f6yt\u00e4\u00e4 se my\u00f6s UEF-Primon sis\u00e4ll\u00e4 olevat maksulliset aineistot, muun muassa kansainv\u00e4liset artikkelit. My\u00f6s <a href=\"http:\/\/books.google.com\/\" target=\"_blank\" rel=\"noopener noreferrer\">Google Books<\/a> (avautuu uuteen ikkunaan) voi toimia hyv\u00e4n\u00e4 paikkana aiheestasi kirjoitettujen kirjojen hakemiseen. Huomaa, ett\u00e4 kokonaisia kirjoja ei Googlellakaan ole lupa n\u00e4ytt\u00e4\u00e4.<\/p>\n\n\n\n<p>Google-hakujen takana on osittain samaa hakulogiikkaa, jota k\u00e4ytt\u00e4v\u00e4t my\u00f6s kirjaston tarjoamat tietokannat. Eri hakuj\u00e4rjestelmist\u00e4 joudutaan kuitenkin etsim\u00e4\u00e4n hieman erilaisilla hakusanoilla ja eri tavalla hakusanoja yhdistellen. Kaikki eiv\u00e4t toimi samalla tavalla kuin Google. Suurin ero hakutavassa on se, ett\u00e4 Google &#8221;ymm\u00e4rt\u00e4\u00e4&#8221; luonnollisen kielen lauseita ja kysymyksi\u00e4 (esim. &#8221;Mik\u00e4 on maailman v\u00e4kirikkain maa?&#8221;), kun taas tietokannoissa hakusanat ovat yksitt\u00e4isi\u00e4 ja ne yhdistet\u00e4\u00e4n hakulauseiksi Boolen operaattorien avulla (esim. (v\u00e4est\u00f6 OR v\u00e4kiluku) AND (maat OR valtiot) .<\/p>\n\n\n\n<p>(p\u00e4ivitetty 9\/2023)<\/p>\n\n\n\n<p>Siirry seuraavaan osioon <a href=\"https:\/\/blogs.uef.fi\/tiedonhaku-vieraatkielet\/tiedonlahteet\/nelli-toimii-portaalina-tiedonlahteisiin\/\">UEF-Primon kautta eteenp\u00e4in<\/a><\/p>\n","protected":false},"excerpt":{"rendered":"<p>My\u00f6s Google-hakuja tehdess\u00e4si, mieti hetki aihettasi ja mahdollisia hakusanojasi ennen kuin ryhdyt tekem\u00e4\u00e4n hakuja. Mill\u00e4 erilaisilla sanoilla aihetta on voitu kuvata? Mieti my\u00f6s synonyymej\u00e4. Mit\u00e4 enemm\u00e4n hakusanoja k\u00e4yt\u00e4t, sen t\u00e4sm\u00e4llisemp\u00e4\u00e4n tulokseen voit p\u00e4\u00e4ty\u00e4. Tarkista sanojen kirjoitusmuoto, esim. kirjoitetaanko sanat yhteen vai erikseen. Google tunnistaa jonkin verran sanojen taivutusmuotoja, mutta silti sanamuodoilla on vaikutusta hakutulokseen. Ammattilaisten [&hellip;]<\/p>\n","protected":false},"author":129,"featured_media":0,"parent":74,"menu_order":2,"comment_status":"closed","ping_status":"open","template":"","meta":{"_acf_changed":false,"footnotes":""},"class_list":["post-64","page","type-page","status-publish","hentry"],"acf":[],"yoast_head":"<!-- This site is optimized with the Yoast SEO plugin v27.3 - https:\/\/yoast.com\/product\/yoast-seo-wordpress\/ -->\n<title>Vinkkej\u00e4 Google-hakuihin - Vieraiden kielten tiedonhaku<\/title>\n<meta name=\"robots\" content=\"index, follow, max-snippet:-1, max-image-preview:large, max-video-preview:-1\" \/>\n<link rel=\"canonical\" href=\"https:\/\/blogs.uef.fi\/tiedonhaku-vieraatkielet\/tiedonlahteet\/vinkkeja-google-hakuihin\/\" \/>\n<meta property=\"og:locale\" content=\"fi_FI\" \/>\n<meta property=\"og:type\" content=\"article\" \/>\n<meta property=\"og:title\" content=\"Vinkkej\u00e4 Google-hakuihin - Vieraiden kielten tiedonhaku\" \/>\n<meta property=\"og:description\" content=\"My\u00f6s Google-hakuja tehdess\u00e4si, mieti hetki aihettasi ja mahdollisia hakusanojasi ennen kuin ryhdyt tekem\u00e4\u00e4n hakuja. Mill\u00e4 erilaisilla sanoilla aihetta on voitu kuvata? Mieti my\u00f6s synonyymej\u00e4. Mit\u00e4 enemm\u00e4n hakusanoja k\u00e4yt\u00e4t, sen t\u00e4sm\u00e4llisemp\u00e4\u00e4n tulokseen voit p\u00e4\u00e4ty\u00e4. Tarkista sanojen kirjoitusmuoto, esim. kirjoitetaanko sanat yhteen vai erikseen. Google tunnistaa jonkin verran sanojen taivutusmuotoja, mutta silti sanamuodoilla on vaikutusta hakutulokseen. Ammattilaisten [&hellip;]\" \/>\n<meta property=\"og:url\" content=\"https:\/\/blogs.uef.fi\/tiedonhaku-vieraatkielet\/tiedonlahteet\/vinkkeja-google-hakuihin\/\" \/>\n<meta property=\"og:site_name\" content=\"Vieraiden kielten tiedonhaku\" \/>\n<meta property=\"article:modified_time\" content=\"2023-09-07T11:22:29+00:00\" \/>\n<meta name=\"twitter:card\" content=\"summary_large_image\" \/>\n<meta name=\"twitter:label1\" content=\"Arvioitu lukuaika\" \/>\n\t<meta name=\"twitter:data1\" content=\"2 minuuttia\" \/>\n<script type=\"application\/ld+json\" class=\"yoast-schema-graph\">{\"@context\":\"https:\\\/\\\/schema.org\",\"@graph\":[{\"@type\":\"WebPage\",\"@id\":\"https:\\\/\\\/blogs.uef.fi\\\/tiedonhaku-vieraatkielet\\\/tiedonlahteet\\\/vinkkeja-google-hakuihin\\\/\",\"url\":\"https:\\\/\\\/blogs.uef.fi\\\/tiedonhaku-vieraatkielet\\\/tiedonlahteet\\\/vinkkeja-google-hakuihin\\\/\",\"name\":\"Vinkkej\u00e4 Google-hakuihin - Vieraiden kielten tiedonhaku\",\"isPartOf\":{\"@id\":\"https:\\\/\\\/blogs.uef.fi\\\/tiedonhaku-vieraatkielet\\\/#website\"},\"datePublished\":\"2015-04-27T09:59:23+00:00\",\"dateModified\":\"2023-09-07T11:22:29+00:00\",\"breadcrumb\":{\"@id\":\"https:\\\/\\\/blogs.uef.fi\\\/tiedonhaku-vieraatkielet\\\/tiedonlahteet\\\/vinkkeja-google-hakuihin\\\/#breadcrumb\"},\"inLanguage\":\"fi\",\"potentialAction\":[{\"@type\":\"ReadAction\",\"target\":[\"https:\\\/\\\/blogs.uef.fi\\\/tiedonhaku-vieraatkielet\\\/tiedonlahteet\\\/vinkkeja-google-hakuihin\\\/\"]}]},{\"@type\":\"BreadcrumbList\",\"@id\":\"https:\\\/\\\/blogs.uef.fi\\\/tiedonhaku-vieraatkielet\\\/tiedonlahteet\\\/vinkkeja-google-hakuihin\\\/#breadcrumb\",\"itemListElement\":[{\"@type\":\"ListItem\",\"position\":1,\"name\":\"Home\",\"item\":\"https:\\\/\\\/blogs.uef.fi\\\/tiedonhaku-vieraatkielet\\\/\"},{\"@type\":\"ListItem\",\"position\":2,\"name\":\"Hakukoneet\",\"item\":\"https:\\\/\\\/blogs.uef.fi\\\/tiedonhaku-vieraatkielet\\\/tiedonlahteet\\\/\"},{\"@type\":\"ListItem\",\"position\":3,\"name\":\"Vinkkej\u00e4 Google-hakuihin\"}]},{\"@type\":\"WebSite\",\"@id\":\"https:\\\/\\\/blogs.uef.fi\\\/tiedonhaku-vieraatkielet\\\/#website\",\"url\":\"https:\\\/\\\/blogs.uef.fi\\\/tiedonhaku-vieraatkielet\\\/\",\"name\":\"Vieraiden kielten tiedonhaku\",\"description\":\"\",\"potentialAction\":[{\"@type\":\"SearchAction\",\"target\":{\"@type\":\"EntryPoint\",\"urlTemplate\":\"https:\\\/\\\/blogs.uef.fi\\\/tiedonhaku-vieraatkielet\\\/?s={search_term_string}\"},\"query-input\":{\"@type\":\"PropertyValueSpecification\",\"valueRequired\":true,\"valueName\":\"search_term_string\"}}],\"inLanguage\":\"fi\"}]}<\/script>\n<!-- \/ Yoast SEO plugin. -->","yoast_head_json":{"title":"Vinkkej\u00e4 Google-hakuihin - Vieraiden kielten tiedonhaku","robots":{"index":"index","follow":"follow","max-snippet":"max-snippet:-1","max-image-preview":"max-image-preview:large","max-video-preview":"max-video-preview:-1"},"canonical":"https:\/\/blogs.uef.fi\/tiedonhaku-vieraatkielet\/tiedonlahteet\/vinkkeja-google-hakuihin\/","og_locale":"fi_FI","og_type":"article","og_title":"Vinkkej\u00e4 Google-hakuihin - Vieraiden kielten tiedonhaku","og_description":"My\u00f6s Google-hakuja tehdess\u00e4si, mieti hetki aihettasi ja mahdollisia hakusanojasi ennen kuin ryhdyt tekem\u00e4\u00e4n hakuja. Mill\u00e4 erilaisilla sanoilla aihetta on voitu kuvata? Mieti my\u00f6s synonyymej\u00e4. Mit\u00e4 enemm\u00e4n hakusanoja k\u00e4yt\u00e4t, sen t\u00e4sm\u00e4llisemp\u00e4\u00e4n tulokseen voit p\u00e4\u00e4ty\u00e4. Tarkista sanojen kirjoitusmuoto, esim. kirjoitetaanko sanat yhteen vai erikseen. Google tunnistaa jonkin verran sanojen taivutusmuotoja, mutta silti sanamuodoilla on vaikutusta hakutulokseen. Ammattilaisten [&hellip;]","og_url":"https:\/\/blogs.uef.fi\/tiedonhaku-vieraatkielet\/tiedonlahteet\/vinkkeja-google-hakuihin\/","og_site_name":"Vieraiden kielten tiedonhaku","article_modified_time":"2023-09-07T11:22:29+00:00","twitter_card":"summary_large_image","twitter_misc":{"Arvioitu lukuaika":"2 minuuttia"},"schema":{"@context":"https:\/\/schema.org","@graph":[{"@type":"WebPage","@id":"https:\/\/blogs.uef.fi\/tiedonhaku-vieraatkielet\/tiedonlahteet\/vinkkeja-google-hakuihin\/","url":"https:\/\/blogs.uef.fi\/tiedonhaku-vieraatkielet\/tiedonlahteet\/vinkkeja-google-hakuihin\/","name":"Vinkkej\u00e4 Google-hakuihin - Vieraiden kielten tiedonhaku","isPartOf":{"@id":"https:\/\/blogs.uef.fi\/tiedonhaku-vieraatkielet\/#website"},"datePublished":"2015-04-27T09:59:23+00:00","dateModified":"2023-09-07T11:22:29+00:00","breadcrumb":{"@id":"https:\/\/blogs.uef.fi\/tiedonhaku-vieraatkielet\/tiedonlahteet\/vinkkeja-google-hakuihin\/#breadcrumb"},"inLanguage":"fi","potentialAction":[{"@type":"ReadAction","target":["https:\/\/blogs.uef.fi\/tiedonhaku-vieraatkielet\/tiedonlahteet\/vinkkeja-google-hakuihin\/"]}]},{"@type":"BreadcrumbList","@id":"https:\/\/blogs.uef.fi\/tiedonhaku-vieraatkielet\/tiedonlahteet\/vinkkeja-google-hakuihin\/#breadcrumb","itemListElement":[{"@type":"ListItem","position":1,"name":"Home","item":"https:\/\/blogs.uef.fi\/tiedonhaku-vieraatkielet\/"},{"@type":"ListItem","position":2,"name":"Hakukoneet","item":"https:\/\/blogs.uef.fi\/tiedonhaku-vieraatkielet\/tiedonlahteet\/"},{"@type":"ListItem","position":3,"name":"Vinkkej\u00e4 Google-hakuihin"}]},{"@type":"WebSite","@id":"https:\/\/blogs.uef.fi\/tiedonhaku-vieraatkielet\/#website","url":"https:\/\/blogs.uef.fi\/tiedonhaku-vieraatkielet\/","name":"Vieraiden kielten tiedonhaku","description":"","potentialAction":[{"@type":"SearchAction","target":{"@type":"EntryPoint","urlTemplate":"https:\/\/blogs.uef.fi\/tiedonhaku-vieraatkielet\/?s={search_term_string}"},"query-input":{"@type":"PropertyValueSpecification","valueRequired":true,"valueName":"search_term_string"}}],"inLanguage":"fi"}]}},"_links":{"self":[{"href":"https:\/\/blogs.uef.fi\/tiedonhaku-vieraatkielet\/wp-json\/wp\/v2\/pages\/64","targetHints":{"allow":["GET"]}}],"collection":[{"href":"https:\/\/blogs.uef.fi\/tiedonhaku-vieraatkielet\/wp-json\/wp\/v2\/pages"}],"about":[{"href":"https:\/\/blogs.uef.fi\/tiedonhaku-vieraatkielet\/wp-json\/wp\/v2\/types\/page"}],"author":[{"embeddable":true,"href":"https:\/\/blogs.uef.fi\/tiedonhaku-vieraatkielet\/wp-json\/wp\/v2\/users\/129"}],"replies":[{"embeddable":true,"href":"https:\/\/blogs.uef.fi\/tiedonhaku-vieraatkielet\/wp-json\/wp\/v2\/comments?post=64"}],"version-history":[{"count":2,"href":"https:\/\/blogs.uef.fi\/tiedonhaku-vieraatkielet\/wp-json\/wp\/v2\/pages\/64\/revisions"}],"predecessor-version":[{"id":2709,"href":"https:\/\/blogs.uef.fi\/tiedonhaku-vieraatkielet\/wp-json\/wp\/v2\/pages\/64\/revisions\/2709"}],"up":[{"embeddable":true,"href":"https:\/\/blogs.uef.fi\/tiedonhaku-vieraatkielet\/wp-json\/wp\/v2\/pages\/74"}],"wp:attachment":[{"href":"https:\/\/blogs.uef.fi\/tiedonhaku-vieraatkielet\/wp-json\/wp\/v2\/media?parent=64"}],"curies":[{"name":"wp","href":"https:\/\/api.w.org\/{rel}","templated":true}]}}