{"id":568,"date":"2015-09-30T07:00:08","date_gmt":"2015-09-30T07:00:08","guid":{"rendered":"https:\/\/ueflibrarylang.wordpress.com\/?page_id=568"},"modified":"2025-08-29T10:36:46","modified_gmt":"2025-08-29T07:36:46","slug":"sanomalehtia-ulkomailta","status":"publish","type":"page","link":"https:\/\/blogs.uef.fi\/tiedonhaku-vieraatkielet\/hakuesimerkkeja\/sanomalehtia-ulkomailta\/","title":{"rendered":"Sanomalehti\u00e4 ulkomailta"},"content":{"rendered":"\n<p><a href=\"https:\/\/primo.uef.fi\/discovery\/search?vid=358FIN_UOEF:VU1&amp;lang=fi\" target=\"_blank\" rel=\"noopener noreferrer\">UEF-Primon<\/a> (avautuu uuteen ikkunaan) kautta avautuvasta <a href=\"https:\/\/primo.uef.fi\/permalink\/358FIN_UOEF\/10iob6c\/alma9911698123705966\" target=\"_blank\" rel=\"noopener noreferrer\">PressReader-palvelusta<\/a> (avautuu uuteen ikkunaan) l\u00f6yd\u00e4t yli 5000 sanoma- ja aikakauslehte\u00e4 yli 100 eri maasta. Kirjoita palvelun nimi &#8221;PressReader&#8221; UEF-Primon perushaun tai tietokantahaun hakuikkunaan. Huom! Palvelulla&nbsp; voi olla vain 3 yht\u00e4aikaista k\u00e4ytt\u00e4j\u00e4\u00e4. Jos palvelu ei avaudu, koeta hetken kuluttua uudelleen.<\/p>\n\n\n\n<p>Lehdet ovat luettavissa 60-90 p\u00e4iv\u00e4n ajan niiden ilmestymisest\u00e4 l\u00e4htien, joten ajallinen kattavuus on rajallinen. Voit etsi\u00e4 lehti\u00e4 palvelusta nimen, kielen ja ilmestymismaan mukaan. Lis\u00e4ksi artikkeleihin on mahdollista kohdistaa hakuja. Voit tulostaa sanomalehtien artikkeleita valiten joko otsikon, tekstin, mainokset tai koko sivun. Kuvat tulostuvat vain tulostettaessa koko sivu. Tarjolla on artikkeleiden automaattinen k\u00e4\u00e4nn\u00f6spalvelu 10 kielelle (konek\u00e4\u00e4nn\u00f6s).<\/p>\n\n\n\n<p>Palvelusta voit hakea lehti\u00e4 esimerkiksi maan mukaan. <\/p>\n\n\n\n<p>Vinkki ven\u00e4j\u00e4n kielen opiskelijalle: eritt\u00e4in kattavan m\u00e4\u00e4r\u00e4n ven\u00e4l\u00e4isi\u00e4 sanomalehti\u00e4 arkistoineen l\u00f6yd\u00e4t <a href=\"https:\/\/primo.uef.fi\/permalink\/358FIN_UOEF\/10iob6c\/alma9911697623705966\" target=\"_blank\" rel=\"noopener noreferrer\">Integrumista<\/a> (avautuu uuteen ikkunaan). PressReader palvelusta on poistettu l\u00e4hes kaikki ven\u00e4l\u00e4iset lehdet Ven\u00e4j\u00e4n hy\u00f6k\u00e4tty\u00e4 Ukrainaan.<\/p>\n\n\n\n<p>Siirry seuraavaan osioon <a href=\"https:\/\/blogs.uef.fi\/tiedonhaku-vieraatkielet\/about\/kyrilliikka-ja-translitteraatio-tiedonhaussa\/\">Kyrilliikan ja translitteraation k\u00e4ytt\u00f6 kirjastotietokannoissa<\/a><\/p>\n\n\n\n<p>(p\u00e4ivitetty 8\/2025)<\/p>\n","protected":false},"excerpt":{"rendered":"<p>UEF-Primon (avautuu uuteen ikkunaan) kautta avautuvasta PressReader-palvelusta (avautuu uuteen ikkunaan) l\u00f6yd\u00e4t yli 5000 sanoma- ja aikakauslehte\u00e4 yli 100 eri maasta. Kirjoita palvelun nimi &#8221;PressReader&#8221; UEF-Primon perushaun tai tietokantahaun hakuikkunaan. Huom! Palvelulla&nbsp; voi olla vain 3 yht\u00e4aikaista k\u00e4ytt\u00e4j\u00e4\u00e4. Jos palvelu ei avaudu, koeta hetken kuluttua uudelleen. Lehdet ovat luettavissa 60-90 p\u00e4iv\u00e4n ajan niiden ilmestymisest\u00e4 l\u00e4htien, joten [&hellip;]<\/p>\n","protected":false},"author":129,"featured_media":0,"parent":167,"menu_order":0,"comment_status":"closed","ping_status":"open","template":"","meta":{"_acf_changed":false,"footnotes":""},"class_list":["post-568","page","type-page","status-publish","hentry"],"acf":[],"yoast_head":"<!-- This site is optimized with the Yoast SEO plugin v27.3 - https:\/\/yoast.com\/product\/yoast-seo-wordpress\/ -->\n<title>Sanomalehti\u00e4 ulkomailta - Vieraiden kielten tiedonhaku<\/title>\n<meta name=\"robots\" content=\"index, follow, max-snippet:-1, max-image-preview:large, max-video-preview:-1\" \/>\n<link rel=\"canonical\" href=\"https:\/\/blogs.uef.fi\/tiedonhaku-vieraatkielet\/hakuesimerkkeja\/sanomalehtia-ulkomailta\/\" \/>\n<meta property=\"og:locale\" content=\"fi_FI\" \/>\n<meta property=\"og:type\" content=\"article\" \/>\n<meta property=\"og:title\" content=\"Sanomalehti\u00e4 ulkomailta - Vieraiden kielten tiedonhaku\" \/>\n<meta property=\"og:description\" content=\"UEF-Primon (avautuu uuteen ikkunaan) kautta avautuvasta PressReader-palvelusta (avautuu uuteen ikkunaan) l\u00f6yd\u00e4t yli 5000 sanoma- ja aikakauslehte\u00e4 yli 100 eri maasta. Kirjoita palvelun nimi &#8221;PressReader&#8221; UEF-Primon perushaun tai tietokantahaun hakuikkunaan. Huom! Palvelulla&nbsp; voi olla vain 3 yht\u00e4aikaista k\u00e4ytt\u00e4j\u00e4\u00e4. Jos palvelu ei avaudu, koeta hetken kuluttua uudelleen. Lehdet ovat luettavissa 60-90 p\u00e4iv\u00e4n ajan niiden ilmestymisest\u00e4 l\u00e4htien, joten [&hellip;]\" \/>\n<meta property=\"og:url\" content=\"https:\/\/blogs.uef.fi\/tiedonhaku-vieraatkielet\/hakuesimerkkeja\/sanomalehtia-ulkomailta\/\" \/>\n<meta property=\"og:site_name\" content=\"Vieraiden kielten tiedonhaku\" \/>\n<meta property=\"article:modified_time\" content=\"2025-08-29T07:36:46+00:00\" \/>\n<meta name=\"twitter:card\" content=\"summary_large_image\" \/>\n<meta name=\"twitter:label1\" content=\"Arvioitu lukuaika\" \/>\n\t<meta name=\"twitter:data1\" content=\"1 minuutti\" \/>\n<script type=\"application\/ld+json\" class=\"yoast-schema-graph\">{\"@context\":\"https:\\\/\\\/schema.org\",\"@graph\":[{\"@type\":\"WebPage\",\"@id\":\"https:\\\/\\\/blogs.uef.fi\\\/tiedonhaku-vieraatkielet\\\/hakuesimerkkeja\\\/sanomalehtia-ulkomailta\\\/\",\"url\":\"https:\\\/\\\/blogs.uef.fi\\\/tiedonhaku-vieraatkielet\\\/hakuesimerkkeja\\\/sanomalehtia-ulkomailta\\\/\",\"name\":\"Sanomalehti\u00e4 ulkomailta - Vieraiden kielten tiedonhaku\",\"isPartOf\":{\"@id\":\"https:\\\/\\\/blogs.uef.fi\\\/tiedonhaku-vieraatkielet\\\/#website\"},\"datePublished\":\"2015-09-30T07:00:08+00:00\",\"dateModified\":\"2025-08-29T07:36:46+00:00\",\"breadcrumb\":{\"@id\":\"https:\\\/\\\/blogs.uef.fi\\\/tiedonhaku-vieraatkielet\\\/hakuesimerkkeja\\\/sanomalehtia-ulkomailta\\\/#breadcrumb\"},\"inLanguage\":\"fi\",\"potentialAction\":[{\"@type\":\"ReadAction\",\"target\":[\"https:\\\/\\\/blogs.uef.fi\\\/tiedonhaku-vieraatkielet\\\/hakuesimerkkeja\\\/sanomalehtia-ulkomailta\\\/\"]}]},{\"@type\":\"BreadcrumbList\",\"@id\":\"https:\\\/\\\/blogs.uef.fi\\\/tiedonhaku-vieraatkielet\\\/hakuesimerkkeja\\\/sanomalehtia-ulkomailta\\\/#breadcrumb\",\"itemListElement\":[{\"@type\":\"ListItem\",\"position\":1,\"name\":\"Home\",\"item\":\"https:\\\/\\\/blogs.uef.fi\\\/tiedonhaku-vieraatkielet\\\/\"},{\"@type\":\"ListItem\",\"position\":2,\"name\":\"Hakuesimerkkej\u00e4\",\"item\":\"https:\\\/\\\/blogs.uef.fi\\\/tiedonhaku-vieraatkielet\\\/hakuesimerkkeja\\\/\"},{\"@type\":\"ListItem\",\"position\":3,\"name\":\"Sanomalehti\u00e4 ulkomailta\"}]},{\"@type\":\"WebSite\",\"@id\":\"https:\\\/\\\/blogs.uef.fi\\\/tiedonhaku-vieraatkielet\\\/#website\",\"url\":\"https:\\\/\\\/blogs.uef.fi\\\/tiedonhaku-vieraatkielet\\\/\",\"name\":\"Vieraiden kielten tiedonhaku\",\"description\":\"\",\"potentialAction\":[{\"@type\":\"SearchAction\",\"target\":{\"@type\":\"EntryPoint\",\"urlTemplate\":\"https:\\\/\\\/blogs.uef.fi\\\/tiedonhaku-vieraatkielet\\\/?s={search_term_string}\"},\"query-input\":{\"@type\":\"PropertyValueSpecification\",\"valueRequired\":true,\"valueName\":\"search_term_string\"}}],\"inLanguage\":\"fi\"}]}<\/script>\n<!-- \/ Yoast SEO plugin. -->","yoast_head_json":{"title":"Sanomalehti\u00e4 ulkomailta - Vieraiden kielten tiedonhaku","robots":{"index":"index","follow":"follow","max-snippet":"max-snippet:-1","max-image-preview":"max-image-preview:large","max-video-preview":"max-video-preview:-1"},"canonical":"https:\/\/blogs.uef.fi\/tiedonhaku-vieraatkielet\/hakuesimerkkeja\/sanomalehtia-ulkomailta\/","og_locale":"fi_FI","og_type":"article","og_title":"Sanomalehti\u00e4 ulkomailta - Vieraiden kielten tiedonhaku","og_description":"UEF-Primon (avautuu uuteen ikkunaan) kautta avautuvasta PressReader-palvelusta (avautuu uuteen ikkunaan) l\u00f6yd\u00e4t yli 5000 sanoma- ja aikakauslehte\u00e4 yli 100 eri maasta. Kirjoita palvelun nimi &#8221;PressReader&#8221; UEF-Primon perushaun tai tietokantahaun hakuikkunaan. Huom! Palvelulla&nbsp; voi olla vain 3 yht\u00e4aikaista k\u00e4ytt\u00e4j\u00e4\u00e4. Jos palvelu ei avaudu, koeta hetken kuluttua uudelleen. Lehdet ovat luettavissa 60-90 p\u00e4iv\u00e4n ajan niiden ilmestymisest\u00e4 l\u00e4htien, joten [&hellip;]","og_url":"https:\/\/blogs.uef.fi\/tiedonhaku-vieraatkielet\/hakuesimerkkeja\/sanomalehtia-ulkomailta\/","og_site_name":"Vieraiden kielten tiedonhaku","article_modified_time":"2025-08-29T07:36:46+00:00","twitter_card":"summary_large_image","twitter_misc":{"Arvioitu lukuaika":"1 minuutti"},"schema":{"@context":"https:\/\/schema.org","@graph":[{"@type":"WebPage","@id":"https:\/\/blogs.uef.fi\/tiedonhaku-vieraatkielet\/hakuesimerkkeja\/sanomalehtia-ulkomailta\/","url":"https:\/\/blogs.uef.fi\/tiedonhaku-vieraatkielet\/hakuesimerkkeja\/sanomalehtia-ulkomailta\/","name":"Sanomalehti\u00e4 ulkomailta - Vieraiden kielten tiedonhaku","isPartOf":{"@id":"https:\/\/blogs.uef.fi\/tiedonhaku-vieraatkielet\/#website"},"datePublished":"2015-09-30T07:00:08+00:00","dateModified":"2025-08-29T07:36:46+00:00","breadcrumb":{"@id":"https:\/\/blogs.uef.fi\/tiedonhaku-vieraatkielet\/hakuesimerkkeja\/sanomalehtia-ulkomailta\/#breadcrumb"},"inLanguage":"fi","potentialAction":[{"@type":"ReadAction","target":["https:\/\/blogs.uef.fi\/tiedonhaku-vieraatkielet\/hakuesimerkkeja\/sanomalehtia-ulkomailta\/"]}]},{"@type":"BreadcrumbList","@id":"https:\/\/blogs.uef.fi\/tiedonhaku-vieraatkielet\/hakuesimerkkeja\/sanomalehtia-ulkomailta\/#breadcrumb","itemListElement":[{"@type":"ListItem","position":1,"name":"Home","item":"https:\/\/blogs.uef.fi\/tiedonhaku-vieraatkielet\/"},{"@type":"ListItem","position":2,"name":"Hakuesimerkkej\u00e4","item":"https:\/\/blogs.uef.fi\/tiedonhaku-vieraatkielet\/hakuesimerkkeja\/"},{"@type":"ListItem","position":3,"name":"Sanomalehti\u00e4 ulkomailta"}]},{"@type":"WebSite","@id":"https:\/\/blogs.uef.fi\/tiedonhaku-vieraatkielet\/#website","url":"https:\/\/blogs.uef.fi\/tiedonhaku-vieraatkielet\/","name":"Vieraiden kielten tiedonhaku","description":"","potentialAction":[{"@type":"SearchAction","target":{"@type":"EntryPoint","urlTemplate":"https:\/\/blogs.uef.fi\/tiedonhaku-vieraatkielet\/?s={search_term_string}"},"query-input":{"@type":"PropertyValueSpecification","valueRequired":true,"valueName":"search_term_string"}}],"inLanguage":"fi"}]}},"_links":{"self":[{"href":"https:\/\/blogs.uef.fi\/tiedonhaku-vieraatkielet\/wp-json\/wp\/v2\/pages\/568","targetHints":{"allow":["GET"]}}],"collection":[{"href":"https:\/\/blogs.uef.fi\/tiedonhaku-vieraatkielet\/wp-json\/wp\/v2\/pages"}],"about":[{"href":"https:\/\/blogs.uef.fi\/tiedonhaku-vieraatkielet\/wp-json\/wp\/v2\/types\/page"}],"author":[{"embeddable":true,"href":"https:\/\/blogs.uef.fi\/tiedonhaku-vieraatkielet\/wp-json\/wp\/v2\/users\/129"}],"replies":[{"embeddable":true,"href":"https:\/\/blogs.uef.fi\/tiedonhaku-vieraatkielet\/wp-json\/wp\/v2\/comments?post=568"}],"version-history":[{"count":2,"href":"https:\/\/blogs.uef.fi\/tiedonhaku-vieraatkielet\/wp-json\/wp\/v2\/pages\/568\/revisions"}],"predecessor-version":[{"id":3053,"href":"https:\/\/blogs.uef.fi\/tiedonhaku-vieraatkielet\/wp-json\/wp\/v2\/pages\/568\/revisions\/3053"}],"up":[{"embeddable":true,"href":"https:\/\/blogs.uef.fi\/tiedonhaku-vieraatkielet\/wp-json\/wp\/v2\/pages\/167"}],"wp:attachment":[{"href":"https:\/\/blogs.uef.fi\/tiedonhaku-vieraatkielet\/wp-json\/wp\/v2\/media?parent=568"}],"curies":[{"name":"wp","href":"https:\/\/api.w.org\/{rel}","templated":true}]}}