{"id":44,"date":"2015-04-24T07:01:51","date_gmt":"2015-04-24T07:01:51","guid":{"rendered":"https:\/\/ueflibrarylang.wordpress.com\/?page_id=44"},"modified":"2023-09-07T14:12:56","modified_gmt":"2023-09-07T11:12:56","slug":"googlesta","status":"publish","type":"page","link":"https:\/\/blogs.uef.fi\/tiedonhaku-vieraatkielet\/tiedonlahteet\/googlesta\/","title":{"rendered":"Google tiedonhaussa"},"content":{"rendered":"\n<p>Internet, elektronisen julkaisemisen ja Open Access-julkaisemisen lis\u00e4\u00e4ntyminen ovat parantaneet tiedon ja julkaisujen saatavuutta.<\/p>\n\n\n\n<p>Muista kuitenkin, ett\u00e4 avoimessa verkossa:<\/p>\n\n\n\n<ul class=\"wp-block-list\">\n<li>Tiedon laatu ja taso vaihtelevat.<\/li>\n\n\n\n<li>Kuka tahansa voi julkaista verkkoon melkein mit\u00e4 tahansa, joten tarvitaan kriittisyytt\u00e4 ja arviointia.<\/li>\n\n\n\n<li>Tiedon suuri m\u00e4\u00e4r\u00e4 ja monimuotoisuus hankaloittavat tiedon l\u00f6ytymist\u00e4.<\/li>\n\n\n\n<li>Tieto ei ole pysyv\u00e4\u00e4.<\/li>\n\n\n\n<li>Tieto on hajallaan pienin\u00e4 palasina, eik\u00e4 sit\u00e4 ole aina j\u00e4rjestetty kattavasti.<\/li>\n\n\n\n<li>Hakutulos on satunnainen. Se ei v\u00e4ltt\u00e4m\u00e4tt\u00e4 ole kattava aiheeseen. My\u00f6s ajallinen ja eri aineistotyyppien kattavuus on vajavaista.<\/li>\n\n\n\n<li>Hakutulos on usein suuri ja sis\u00e4lt\u00e4\u00e4 my\u00f6s irrelevanttia tai sopimatonta aineistoa.<\/li>\n\n\n\n<li>Relevanssilajittelu on vain koneen relevanssia. Hyv\u00e4 l\u00e4hde ei v\u00e4ltt\u00e4m\u00e4tt\u00e4 ole ensimm\u00e4isill\u00e4 sivuilla. Relevanssilajittelu usein my\u00f6s pelastaa tiedon l\u00f6ytyvyyden suuresta massasta. Montaa sivua tuloksia ei kannata kahlata l\u00e4pi.<\/li>\n<\/ul>\n\n\n\n<p>Muista my\u00f6s:<\/p>\n\n\n\n<ul class=\"wp-block-list\">\n<li>Kaikki tieto ei ole viel\u00e4 Internetiss\u00e4. Tietoa julkaistaan edelleen my\u00f6s painettuna.<\/li>\n\n\n\n<li>Kaikki tieto ei ole maksutta Internetiss\u00e4. Yliopiston opiskelijana kuitenkin p\u00e4\u00e4set kirjaston hankkimiin elektronisiin l\u00e4hteisiin (e-kirjoihin, e-lehtiin ja tietokantoihin) my\u00f6s kotikoneella.<\/li>\n\n\n\n<li>Kaikki tieto ei l\u00f6ydy hakukoneilla. Esimerkiksi tieteenalakohtaisten tietokantojen sis\u00e4lt\u00e4m\u00e4\u00e4n tietoon hakukone ei aina ulotu.<\/li>\n<\/ul>\n\n\n\n<p>Tieteellisen tiedon hakuun tarvitaan yleens\u00e4 systemaattinen ja kattava tiedonhaku. Tieteellisen tiedon hakuun pelkk\u00e4 Google ei riit\u00e4 hakutuloksen satunnaisuuden ja sattumanvaraisuuden takia. Tiedonhaussa kannattaa olla &#8221;sekak\u00e4ytt\u00e4j\u00e4&#8221;: Googlen hakukoneiden lis\u00e4ksi ota rinnalle kirjastotietokannat, tieteelliset tietokannat ja muut hakupalvelut.<\/p>\n\n\n\n<p>Tieteelliseen ty\u00f6h\u00f6n tarvitaan kattavia, luotettavia ja tieteellisi\u00e4 hakutuloksia ja l\u00e4hteit\u00e4.<\/p>\n\n\n\n<p>(p\u00e4ivitetty 9\/2023)<\/p>\n\n\n\n<p>Siirry seuraavaan osioon <a href=\"https:\/\/blogs.uef.fi\/tiedonhaku-vieraatkielet\/tiedonlahteet\/vinkkeja-google-hakuihin\/\">Vinkkej\u00e4 Google-hakuihin<\/a><\/p>\n","protected":false},"excerpt":{"rendered":"<p>Internet, elektronisen julkaisemisen ja Open Access-julkaisemisen lis\u00e4\u00e4ntyminen ovat parantaneet tiedon ja julkaisujen saatavuutta. Muista kuitenkin, ett\u00e4 avoimessa verkossa: Muista my\u00f6s: Tieteellisen tiedon hakuun tarvitaan yleens\u00e4 systemaattinen ja kattava tiedonhaku. Tieteellisen tiedon hakuun pelkk\u00e4 Google ei riit\u00e4 hakutuloksen satunnaisuuden ja sattumanvaraisuuden takia. Tiedonhaussa kannattaa olla &#8221;sekak\u00e4ytt\u00e4j\u00e4&#8221;: Googlen hakukoneiden lis\u00e4ksi ota rinnalle kirjastotietokannat, tieteelliset tietokannat ja muut [&hellip;]<\/p>\n","protected":false},"author":129,"featured_media":0,"parent":74,"menu_order":1,"comment_status":"closed","ping_status":"closed","template":"","meta":{"_acf_changed":false,"footnotes":""},"class_list":["post-44","page","type-page","status-publish","hentry"],"acf":[],"yoast_head":"<!-- This site is optimized with the Yoast SEO plugin v27.3 - https:\/\/yoast.com\/product\/yoast-seo-wordpress\/ -->\n<title>Google tiedonhaussa - Vieraiden kielten tiedonhaku<\/title>\n<meta name=\"robots\" content=\"index, follow, max-snippet:-1, max-image-preview:large, max-video-preview:-1\" \/>\n<link rel=\"canonical\" href=\"https:\/\/blogs.uef.fi\/tiedonhaku-vieraatkielet\/tiedonlahteet\/googlesta\/\" \/>\n<meta property=\"og:locale\" content=\"fi_FI\" \/>\n<meta property=\"og:type\" content=\"article\" \/>\n<meta property=\"og:title\" content=\"Google tiedonhaussa - Vieraiden kielten tiedonhaku\" \/>\n<meta property=\"og:description\" content=\"Internet, elektronisen julkaisemisen ja Open Access-julkaisemisen lis\u00e4\u00e4ntyminen ovat parantaneet tiedon ja julkaisujen saatavuutta. Muista kuitenkin, ett\u00e4 avoimessa verkossa: Muista my\u00f6s: Tieteellisen tiedon hakuun tarvitaan yleens\u00e4 systemaattinen ja kattava tiedonhaku. Tieteellisen tiedon hakuun pelkk\u00e4 Google ei riit\u00e4 hakutuloksen satunnaisuuden ja sattumanvaraisuuden takia. Tiedonhaussa kannattaa olla &#8221;sekak\u00e4ytt\u00e4j\u00e4&#8221;: Googlen hakukoneiden lis\u00e4ksi ota rinnalle kirjastotietokannat, tieteelliset tietokannat ja muut [&hellip;]\" \/>\n<meta property=\"og:url\" content=\"https:\/\/blogs.uef.fi\/tiedonhaku-vieraatkielet\/tiedonlahteet\/googlesta\/\" \/>\n<meta property=\"og:site_name\" content=\"Vieraiden kielten tiedonhaku\" \/>\n<meta property=\"article:modified_time\" content=\"2023-09-07T11:12:56+00:00\" \/>\n<meta name=\"twitter:card\" content=\"summary_large_image\" \/>\n<meta name=\"twitter:label1\" content=\"Arvioitu lukuaika\" \/>\n\t<meta name=\"twitter:data1\" content=\"2 minuuttia\" \/>\n<script type=\"application\/ld+json\" class=\"yoast-schema-graph\">{\"@context\":\"https:\\\/\\\/schema.org\",\"@graph\":[{\"@type\":\"WebPage\",\"@id\":\"https:\\\/\\\/blogs.uef.fi\\\/tiedonhaku-vieraatkielet\\\/tiedonlahteet\\\/googlesta\\\/\",\"url\":\"https:\\\/\\\/blogs.uef.fi\\\/tiedonhaku-vieraatkielet\\\/tiedonlahteet\\\/googlesta\\\/\",\"name\":\"Google tiedonhaussa - Vieraiden kielten tiedonhaku\",\"isPartOf\":{\"@id\":\"https:\\\/\\\/blogs.uef.fi\\\/tiedonhaku-vieraatkielet\\\/#website\"},\"datePublished\":\"2015-04-24T07:01:51+00:00\",\"dateModified\":\"2023-09-07T11:12:56+00:00\",\"breadcrumb\":{\"@id\":\"https:\\\/\\\/blogs.uef.fi\\\/tiedonhaku-vieraatkielet\\\/tiedonlahteet\\\/googlesta\\\/#breadcrumb\"},\"inLanguage\":\"fi\",\"potentialAction\":[{\"@type\":\"ReadAction\",\"target\":[\"https:\\\/\\\/blogs.uef.fi\\\/tiedonhaku-vieraatkielet\\\/tiedonlahteet\\\/googlesta\\\/\"]}]},{\"@type\":\"BreadcrumbList\",\"@id\":\"https:\\\/\\\/blogs.uef.fi\\\/tiedonhaku-vieraatkielet\\\/tiedonlahteet\\\/googlesta\\\/#breadcrumb\",\"itemListElement\":[{\"@type\":\"ListItem\",\"position\":1,\"name\":\"Home\",\"item\":\"https:\\\/\\\/blogs.uef.fi\\\/tiedonhaku-vieraatkielet\\\/\"},{\"@type\":\"ListItem\",\"position\":2,\"name\":\"Hakukoneet\",\"item\":\"https:\\\/\\\/blogs.uef.fi\\\/tiedonhaku-vieraatkielet\\\/tiedonlahteet\\\/\"},{\"@type\":\"ListItem\",\"position\":3,\"name\":\"Google tiedonhaussa\"}]},{\"@type\":\"WebSite\",\"@id\":\"https:\\\/\\\/blogs.uef.fi\\\/tiedonhaku-vieraatkielet\\\/#website\",\"url\":\"https:\\\/\\\/blogs.uef.fi\\\/tiedonhaku-vieraatkielet\\\/\",\"name\":\"Vieraiden kielten tiedonhaku\",\"description\":\"\",\"potentialAction\":[{\"@type\":\"SearchAction\",\"target\":{\"@type\":\"EntryPoint\",\"urlTemplate\":\"https:\\\/\\\/blogs.uef.fi\\\/tiedonhaku-vieraatkielet\\\/?s={search_term_string}\"},\"query-input\":{\"@type\":\"PropertyValueSpecification\",\"valueRequired\":true,\"valueName\":\"search_term_string\"}}],\"inLanguage\":\"fi\"}]}<\/script>\n<!-- \/ Yoast SEO plugin. -->","yoast_head_json":{"title":"Google tiedonhaussa - Vieraiden kielten tiedonhaku","robots":{"index":"index","follow":"follow","max-snippet":"max-snippet:-1","max-image-preview":"max-image-preview:large","max-video-preview":"max-video-preview:-1"},"canonical":"https:\/\/blogs.uef.fi\/tiedonhaku-vieraatkielet\/tiedonlahteet\/googlesta\/","og_locale":"fi_FI","og_type":"article","og_title":"Google tiedonhaussa - Vieraiden kielten tiedonhaku","og_description":"Internet, elektronisen julkaisemisen ja Open Access-julkaisemisen lis\u00e4\u00e4ntyminen ovat parantaneet tiedon ja julkaisujen saatavuutta. Muista kuitenkin, ett\u00e4 avoimessa verkossa: Muista my\u00f6s: Tieteellisen tiedon hakuun tarvitaan yleens\u00e4 systemaattinen ja kattava tiedonhaku. Tieteellisen tiedon hakuun pelkk\u00e4 Google ei riit\u00e4 hakutuloksen satunnaisuuden ja sattumanvaraisuuden takia. Tiedonhaussa kannattaa olla &#8221;sekak\u00e4ytt\u00e4j\u00e4&#8221;: Googlen hakukoneiden lis\u00e4ksi ota rinnalle kirjastotietokannat, tieteelliset tietokannat ja muut [&hellip;]","og_url":"https:\/\/blogs.uef.fi\/tiedonhaku-vieraatkielet\/tiedonlahteet\/googlesta\/","og_site_name":"Vieraiden kielten tiedonhaku","article_modified_time":"2023-09-07T11:12:56+00:00","twitter_card":"summary_large_image","twitter_misc":{"Arvioitu lukuaika":"2 minuuttia"},"schema":{"@context":"https:\/\/schema.org","@graph":[{"@type":"WebPage","@id":"https:\/\/blogs.uef.fi\/tiedonhaku-vieraatkielet\/tiedonlahteet\/googlesta\/","url":"https:\/\/blogs.uef.fi\/tiedonhaku-vieraatkielet\/tiedonlahteet\/googlesta\/","name":"Google tiedonhaussa - Vieraiden kielten tiedonhaku","isPartOf":{"@id":"https:\/\/blogs.uef.fi\/tiedonhaku-vieraatkielet\/#website"},"datePublished":"2015-04-24T07:01:51+00:00","dateModified":"2023-09-07T11:12:56+00:00","breadcrumb":{"@id":"https:\/\/blogs.uef.fi\/tiedonhaku-vieraatkielet\/tiedonlahteet\/googlesta\/#breadcrumb"},"inLanguage":"fi","potentialAction":[{"@type":"ReadAction","target":["https:\/\/blogs.uef.fi\/tiedonhaku-vieraatkielet\/tiedonlahteet\/googlesta\/"]}]},{"@type":"BreadcrumbList","@id":"https:\/\/blogs.uef.fi\/tiedonhaku-vieraatkielet\/tiedonlahteet\/googlesta\/#breadcrumb","itemListElement":[{"@type":"ListItem","position":1,"name":"Home","item":"https:\/\/blogs.uef.fi\/tiedonhaku-vieraatkielet\/"},{"@type":"ListItem","position":2,"name":"Hakukoneet","item":"https:\/\/blogs.uef.fi\/tiedonhaku-vieraatkielet\/tiedonlahteet\/"},{"@type":"ListItem","position":3,"name":"Google tiedonhaussa"}]},{"@type":"WebSite","@id":"https:\/\/blogs.uef.fi\/tiedonhaku-vieraatkielet\/#website","url":"https:\/\/blogs.uef.fi\/tiedonhaku-vieraatkielet\/","name":"Vieraiden kielten tiedonhaku","description":"","potentialAction":[{"@type":"SearchAction","target":{"@type":"EntryPoint","urlTemplate":"https:\/\/blogs.uef.fi\/tiedonhaku-vieraatkielet\/?s={search_term_string}"},"query-input":{"@type":"PropertyValueSpecification","valueRequired":true,"valueName":"search_term_string"}}],"inLanguage":"fi"}]}},"_links":{"self":[{"href":"https:\/\/blogs.uef.fi\/tiedonhaku-vieraatkielet\/wp-json\/wp\/v2\/pages\/44","targetHints":{"allow":["GET"]}}],"collection":[{"href":"https:\/\/blogs.uef.fi\/tiedonhaku-vieraatkielet\/wp-json\/wp\/v2\/pages"}],"about":[{"href":"https:\/\/blogs.uef.fi\/tiedonhaku-vieraatkielet\/wp-json\/wp\/v2\/types\/page"}],"author":[{"embeddable":true,"href":"https:\/\/blogs.uef.fi\/tiedonhaku-vieraatkielet\/wp-json\/wp\/v2\/users\/129"}],"replies":[{"embeddable":true,"href":"https:\/\/blogs.uef.fi\/tiedonhaku-vieraatkielet\/wp-json\/wp\/v2\/comments?post=44"}],"version-history":[{"count":2,"href":"https:\/\/blogs.uef.fi\/tiedonhaku-vieraatkielet\/wp-json\/wp\/v2\/pages\/44\/revisions"}],"predecessor-version":[{"id":2703,"href":"https:\/\/blogs.uef.fi\/tiedonhaku-vieraatkielet\/wp-json\/wp\/v2\/pages\/44\/revisions\/2703"}],"up":[{"embeddable":true,"href":"https:\/\/blogs.uef.fi\/tiedonhaku-vieraatkielet\/wp-json\/wp\/v2\/pages\/74"}],"wp:attachment":[{"href":"https:\/\/blogs.uef.fi\/tiedonhaku-vieraatkielet\/wp-json\/wp\/v2\/media?parent=44"}],"curies":[{"name":"wp","href":"https:\/\/api.w.org\/{rel}","templated":true}]}}