{"id":432,"date":"2015-08-19T10:34:56","date_gmt":"2015-08-19T10:34:56","guid":{"rendered":"https:\/\/ueflibrarylang.wordpress.com\/?page_id=432"},"modified":"2024-09-06T14:51:16","modified_gmt":"2024-09-06T11:51:16","slug":"vertaisarviointi","status":"publish","type":"page","link":"https:\/\/blogs.uef.fi\/tiedonhaku-vieraatkielet\/tiedonhaun-palikat\/vertaisarviointi\/","title":{"rendered":"Vertaisarviointi"},"content":{"rendered":"\n<p><br>Vertaisarvioinnissa varmistetaan ulkopuolisten asiantuntijoiden avulla, ett\u00e4 tutkimusartikkeli on kelvollinen julkaistavaksi. Asiantuntijat ovat alan (tunnustettuja) tutkijoita. Arvioijia on yleens\u00e4 ainakin kaksi. Artikkelin kirjoittaja ei saa tiet\u00e4\u00e4 heid\u00e4n henkil\u00f6llisyytt\u00e4\u00e4n.<\/p>\n\n\n\n<p>Asiantuntijat arvoivat tutkimuksen oikeellisuutta, merkitt\u00e4vyytt\u00e4 ja alkuper\u00e4isyytt\u00e4, ja antavat sen perusteella julkaisuluvan. Arviointiprosessissa tarkistetaan my\u00f6s, ett\u00e4 tekstin rakenne vastaa alan ja lehden tieteellisen kirjoittamisen k\u00e4yt\u00e4nt\u00f6j\u00e4.<\/p>\n\n\n\n<p><strong>Arvioinnissa k\u00e4yd\u00e4\u00e4n l\u00e4pi tutkimuksen<\/strong> <\/p>\n\n\n\n<p>toistettavuus<br>objektiivisuus<br>koej\u00e4rjestelyn oikeellisuus<br>aineiston edustavuus<br>analyysimenetelm\u00e4n p\u00e4tevyys<br>tulosten oikeellisuus ja johdonmukaisuus<br>johtop\u00e4\u00e4t\u00f6sten loogisuus<br>tulosten uutuusarvo<\/p>\n\n\n\n<h2 class=\"wp-block-heading\">Mist\u00e4 tietoa julkaisun vertaisarvioinnista?<\/h2>\n\n\n\n<p>Lehdet: tiedon vertaisarvioinnista voi tarkistaa:<\/p>\n\n\n\n<ul class=\"wp-block-list\">\n<li>lehden omalta (julkaisijan) kotisivulta \/ lehdest\u00e4 itsest\u00e4\u00e4n<\/li>\n\n\n\n<li>joissakin tietokannoissa mainitaan, onko lehti \u201dpeer reviewed\u201d tai \u201crefereed\u201d, tai<br>hakua voi rajata vain tieteellisiin lehtiin.<\/li>\n<\/ul>\n\n\n\n<p>Esimerkki vertaisarvioidusta lehdest\u00e4:<\/p>\n\n\n\n<p><img loading=\"lazy\" decoding=\"async\" class=\"alignnone wp-image-616\" src=\"https:\/\/blogs.uef.fi\/tiedonhaku-vieraatkielet\/wp-content\/uploads\/sites\/63\/2016\/06\/vertaisarvioitu.png\" alt=\"Esimerkki vertaisarvioidun lehden tietuuesta. Tietueessa lukee Peer Reviewed: Yes.\" width=\"712\" height=\"419\" srcset=\"https:\/\/blogs.uef.fi\/tiedonhaku-vieraatkielet\/wp-content\/uploads\/sites\/63\/2016\/06\/vertaisarvioitu.png 793w, https:\/\/blogs.uef.fi\/tiedonhaku-vieraatkielet\/wp-content\/uploads\/sites\/63\/2016\/06\/vertaisarvioitu-300x176.png 300w, https:\/\/blogs.uef.fi\/tiedonhaku-vieraatkielet\/wp-content\/uploads\/sites\/63\/2016\/06\/vertaisarvioitu-768x451.png 768w\" sizes=\"auto, (max-width: 712px) 100vw, 712px\" \/><br>Varsinaisten tutkimusartikkelien lis\u00e4ksi tieteelliset lehdet voivat sis\u00e4lt\u00e4\u00e4 my\u00f6s erilaisia katsauksia, uutisia, kirjeit\u00e4 ja keskustelua.<\/p>\n\n\n\n<p>Kirjojen laaduntarkkailu on kustantajien, kustannustoimittajien ja n\u00e4iden k\u00e4ytt\u00e4mien asiantuntijoiden vastuulla. Tieteellisi\u00e4 kustantajia ovat mm.:<\/p>\n\n\n\n<ul class=\"wp-block-list\">\n<li>tieteelliset kaupalliset kustantajat<\/li>\n\n\n\n<li>yliopistot<\/li>\n\n\n\n<li>kotimaiset ja ulkomaiset tieteelliset seurat<\/li>\n\n\n\n<li>tietyt tutkimuslaitokset yms. (ks. <a href=\"http:\/\/www.tiedekustantajat.fi\/\" target=\"_blank\" rel=\"noopener noreferrer\">Suomen tiedekustantajat<\/a>, avautuu uuteen ikkunaan)<\/li>\n<\/ul>\n\n\n\n<p>(p\u00e4ivitetty 9\/2024)<\/p>\n\n\n\n<p>Siirry seuraavaan osioon <a href=\"https:\/\/blogs.uef.fi\/tiedonhaku-vieraatkielet\/avoin-tiede-ja-julkaiseminen\/\">Avoin tiede ja avoin julkaiseminen<\/a><\/p>\n","protected":false},"excerpt":{"rendered":"<p>Vertaisarvioinnissa varmistetaan ulkopuolisten asiantuntijoiden avulla, ett\u00e4 tutkimusartikkeli on kelvollinen julkaistavaksi. Asiantuntijat ovat alan (tunnustettuja) tutkijoita. Arvioijia on yleens\u00e4 ainakin kaksi. Artikkelin kirjoittaja ei saa tiet\u00e4\u00e4 heid\u00e4n henkil\u00f6llisyytt\u00e4\u00e4n. Asiantuntijat arvoivat tutkimuksen oikeellisuutta, merkitt\u00e4vyytt\u00e4 ja alkuper\u00e4isyytt\u00e4, ja antavat sen perusteella julkaisuluvan. Arviointiprosessissa tarkistetaan my\u00f6s, ett\u00e4 tekstin rakenne vastaa alan ja lehden tieteellisen kirjoittamisen k\u00e4yt\u00e4nt\u00f6j\u00e4. Arvioinnissa k\u00e4yd\u00e4\u00e4n l\u00e4pi [&hellip;]<\/p>\n","protected":false},"author":129,"featured_media":0,"parent":22,"menu_order":0,"comment_status":"closed","ping_status":"open","template":"","meta":{"_acf_changed":false,"footnotes":""},"class_list":["post-432","page","type-page","status-publish","hentry"],"acf":[],"yoast_head":"<!-- This site is optimized with the Yoast SEO plugin v27.1.1 - https:\/\/yoast.com\/product\/yoast-seo-wordpress\/ -->\n<title>Vertaisarviointi - Vieraiden kielten tiedonhaku<\/title>\n<meta name=\"robots\" content=\"index, follow, max-snippet:-1, max-image-preview:large, max-video-preview:-1\" \/>\n<link rel=\"canonical\" href=\"https:\/\/blogs.uef.fi\/tiedonhaku-vieraatkielet\/tiedonhaun-palikat\/vertaisarviointi\/\" \/>\n<meta property=\"og:locale\" content=\"fi_FI\" \/>\n<meta property=\"og:type\" content=\"article\" \/>\n<meta property=\"og:title\" content=\"Vertaisarviointi - Vieraiden kielten tiedonhaku\" \/>\n<meta property=\"og:description\" content=\"Vertaisarvioinnissa varmistetaan ulkopuolisten asiantuntijoiden avulla, ett\u00e4 tutkimusartikkeli on kelvollinen julkaistavaksi. Asiantuntijat ovat alan (tunnustettuja) tutkijoita. Arvioijia on yleens\u00e4 ainakin kaksi. Artikkelin kirjoittaja ei saa tiet\u00e4\u00e4 heid\u00e4n henkil\u00f6llisyytt\u00e4\u00e4n. Asiantuntijat arvoivat tutkimuksen oikeellisuutta, merkitt\u00e4vyytt\u00e4 ja alkuper\u00e4isyytt\u00e4, ja antavat sen perusteella julkaisuluvan. Arviointiprosessissa tarkistetaan my\u00f6s, ett\u00e4 tekstin rakenne vastaa alan ja lehden tieteellisen kirjoittamisen k\u00e4yt\u00e4nt\u00f6j\u00e4. Arvioinnissa k\u00e4yd\u00e4\u00e4n l\u00e4pi [&hellip;]\" \/>\n<meta property=\"og:url\" content=\"https:\/\/blogs.uef.fi\/tiedonhaku-vieraatkielet\/tiedonhaun-palikat\/vertaisarviointi\/\" \/>\n<meta property=\"og:site_name\" content=\"Vieraiden kielten tiedonhaku\" \/>\n<meta property=\"article:modified_time\" content=\"2024-09-06T11:51:16+00:00\" \/>\n<meta property=\"og:image\" content=\"https:\/\/blogs.uef.fi\/tiedonhaku-vieraatkielet\/wp-content\/uploads\/sites\/63\/2016\/06\/vertaisarvioitu.png\" \/>\n<meta name=\"twitter:card\" content=\"summary_large_image\" \/>\n<meta name=\"twitter:label1\" content=\"Arvioitu lukuaika\" \/>\n\t<meta name=\"twitter:data1\" content=\"2 minuuttia\" \/>\n<script type=\"application\/ld+json\" class=\"yoast-schema-graph\">{\"@context\":\"https:\/\/schema.org\",\"@graph\":[{\"@type\":\"WebPage\",\"@id\":\"https:\/\/blogs.uef.fi\/tiedonhaku-vieraatkielet\/tiedonhaun-palikat\/vertaisarviointi\/\",\"url\":\"https:\/\/blogs.uef.fi\/tiedonhaku-vieraatkielet\/tiedonhaun-palikat\/vertaisarviointi\/\",\"name\":\"Vertaisarviointi - Vieraiden kielten tiedonhaku\",\"isPartOf\":{\"@id\":\"https:\/\/blogs.uef.fi\/tiedonhaku-vieraatkielet\/#website\"},\"primaryImageOfPage\":{\"@id\":\"https:\/\/blogs.uef.fi\/tiedonhaku-vieraatkielet\/tiedonhaun-palikat\/vertaisarviointi\/#primaryimage\"},\"image\":{\"@id\":\"https:\/\/blogs.uef.fi\/tiedonhaku-vieraatkielet\/tiedonhaun-palikat\/vertaisarviointi\/#primaryimage\"},\"thumbnailUrl\":\"https:\/\/blogs.uef.fi\/tiedonhaku-vieraatkielet\/wp-content\/uploads\/sites\/63\/2016\/06\/vertaisarvioitu.png\",\"datePublished\":\"2015-08-19T10:34:56+00:00\",\"dateModified\":\"2024-09-06T11:51:16+00:00\",\"breadcrumb\":{\"@id\":\"https:\/\/blogs.uef.fi\/tiedonhaku-vieraatkielet\/tiedonhaun-palikat\/vertaisarviointi\/#breadcrumb\"},\"inLanguage\":\"fi\",\"potentialAction\":[{\"@type\":\"ReadAction\",\"target\":[\"https:\/\/blogs.uef.fi\/tiedonhaku-vieraatkielet\/tiedonhaun-palikat\/vertaisarviointi\/\"]}]},{\"@type\":\"ImageObject\",\"inLanguage\":\"fi\",\"@id\":\"https:\/\/blogs.uef.fi\/tiedonhaku-vieraatkielet\/tiedonhaun-palikat\/vertaisarviointi\/#primaryimage\",\"url\":\"https:\/\/blogs.uef.fi\/tiedonhaku-vieraatkielet\/wp-content\/uploads\/sites\/63\/2016\/06\/vertaisarvioitu.png\",\"contentUrl\":\"https:\/\/blogs.uef.fi\/tiedonhaku-vieraatkielet\/wp-content\/uploads\/sites\/63\/2016\/06\/vertaisarvioitu.png\",\"width\":793,\"height\":466},{\"@type\":\"BreadcrumbList\",\"@id\":\"https:\/\/blogs.uef.fi\/tiedonhaku-vieraatkielet\/tiedonhaun-palikat\/vertaisarviointi\/#breadcrumb\",\"itemListElement\":[{\"@type\":\"ListItem\",\"position\":1,\"name\":\"Home\",\"item\":\"https:\/\/blogs.uef.fi\/tiedonhaku-vieraatkielet\/\"},{\"@type\":\"ListItem\",\"position\":2,\"name\":\"Tieteelliset julkaisut ja julkaiseminen\",\"item\":\"https:\/\/blogs.uef.fi\/tiedonhaku-vieraatkielet\/tiedonhaun-palikat\/\"},{\"@type\":\"ListItem\",\"position\":3,\"name\":\"Vertaisarviointi\"}]},{\"@type\":\"WebSite\",\"@id\":\"https:\/\/blogs.uef.fi\/tiedonhaku-vieraatkielet\/#website\",\"url\":\"https:\/\/blogs.uef.fi\/tiedonhaku-vieraatkielet\/\",\"name\":\"Vieraiden kielten tiedonhaku\",\"description\":\"\",\"potentialAction\":[{\"@type\":\"SearchAction\",\"target\":{\"@type\":\"EntryPoint\",\"urlTemplate\":\"https:\/\/blogs.uef.fi\/tiedonhaku-vieraatkielet\/?s={search_term_string}\"},\"query-input\":{\"@type\":\"PropertyValueSpecification\",\"valueRequired\":true,\"valueName\":\"search_term_string\"}}],\"inLanguage\":\"fi\"}]}<\/script>\n<!-- \/ Yoast SEO plugin. -->","yoast_head_json":{"title":"Vertaisarviointi - Vieraiden kielten tiedonhaku","robots":{"index":"index","follow":"follow","max-snippet":"max-snippet:-1","max-image-preview":"max-image-preview:large","max-video-preview":"max-video-preview:-1"},"canonical":"https:\/\/blogs.uef.fi\/tiedonhaku-vieraatkielet\/tiedonhaun-palikat\/vertaisarviointi\/","og_locale":"fi_FI","og_type":"article","og_title":"Vertaisarviointi - Vieraiden kielten tiedonhaku","og_description":"Vertaisarvioinnissa varmistetaan ulkopuolisten asiantuntijoiden avulla, ett\u00e4 tutkimusartikkeli on kelvollinen julkaistavaksi. Asiantuntijat ovat alan (tunnustettuja) tutkijoita. Arvioijia on yleens\u00e4 ainakin kaksi. Artikkelin kirjoittaja ei saa tiet\u00e4\u00e4 heid\u00e4n henkil\u00f6llisyytt\u00e4\u00e4n. Asiantuntijat arvoivat tutkimuksen oikeellisuutta, merkitt\u00e4vyytt\u00e4 ja alkuper\u00e4isyytt\u00e4, ja antavat sen perusteella julkaisuluvan. Arviointiprosessissa tarkistetaan my\u00f6s, ett\u00e4 tekstin rakenne vastaa alan ja lehden tieteellisen kirjoittamisen k\u00e4yt\u00e4nt\u00f6j\u00e4. Arvioinnissa k\u00e4yd\u00e4\u00e4n l\u00e4pi [&hellip;]","og_url":"https:\/\/blogs.uef.fi\/tiedonhaku-vieraatkielet\/tiedonhaun-palikat\/vertaisarviointi\/","og_site_name":"Vieraiden kielten tiedonhaku","article_modified_time":"2024-09-06T11:51:16+00:00","og_image":[{"url":"https:\/\/blogs.uef.fi\/tiedonhaku-vieraatkielet\/wp-content\/uploads\/sites\/63\/2016\/06\/vertaisarvioitu.png","type":"","width":"","height":""}],"twitter_card":"summary_large_image","twitter_misc":{"Arvioitu lukuaika":"2 minuuttia"},"schema":{"@context":"https:\/\/schema.org","@graph":[{"@type":"WebPage","@id":"https:\/\/blogs.uef.fi\/tiedonhaku-vieraatkielet\/tiedonhaun-palikat\/vertaisarviointi\/","url":"https:\/\/blogs.uef.fi\/tiedonhaku-vieraatkielet\/tiedonhaun-palikat\/vertaisarviointi\/","name":"Vertaisarviointi - Vieraiden kielten tiedonhaku","isPartOf":{"@id":"https:\/\/blogs.uef.fi\/tiedonhaku-vieraatkielet\/#website"},"primaryImageOfPage":{"@id":"https:\/\/blogs.uef.fi\/tiedonhaku-vieraatkielet\/tiedonhaun-palikat\/vertaisarviointi\/#primaryimage"},"image":{"@id":"https:\/\/blogs.uef.fi\/tiedonhaku-vieraatkielet\/tiedonhaun-palikat\/vertaisarviointi\/#primaryimage"},"thumbnailUrl":"https:\/\/blogs.uef.fi\/tiedonhaku-vieraatkielet\/wp-content\/uploads\/sites\/63\/2016\/06\/vertaisarvioitu.png","datePublished":"2015-08-19T10:34:56+00:00","dateModified":"2024-09-06T11:51:16+00:00","breadcrumb":{"@id":"https:\/\/blogs.uef.fi\/tiedonhaku-vieraatkielet\/tiedonhaun-palikat\/vertaisarviointi\/#breadcrumb"},"inLanguage":"fi","potentialAction":[{"@type":"ReadAction","target":["https:\/\/blogs.uef.fi\/tiedonhaku-vieraatkielet\/tiedonhaun-palikat\/vertaisarviointi\/"]}]},{"@type":"ImageObject","inLanguage":"fi","@id":"https:\/\/blogs.uef.fi\/tiedonhaku-vieraatkielet\/tiedonhaun-palikat\/vertaisarviointi\/#primaryimage","url":"https:\/\/blogs.uef.fi\/tiedonhaku-vieraatkielet\/wp-content\/uploads\/sites\/63\/2016\/06\/vertaisarvioitu.png","contentUrl":"https:\/\/blogs.uef.fi\/tiedonhaku-vieraatkielet\/wp-content\/uploads\/sites\/63\/2016\/06\/vertaisarvioitu.png","width":793,"height":466},{"@type":"BreadcrumbList","@id":"https:\/\/blogs.uef.fi\/tiedonhaku-vieraatkielet\/tiedonhaun-palikat\/vertaisarviointi\/#breadcrumb","itemListElement":[{"@type":"ListItem","position":1,"name":"Home","item":"https:\/\/blogs.uef.fi\/tiedonhaku-vieraatkielet\/"},{"@type":"ListItem","position":2,"name":"Tieteelliset julkaisut ja julkaiseminen","item":"https:\/\/blogs.uef.fi\/tiedonhaku-vieraatkielet\/tiedonhaun-palikat\/"},{"@type":"ListItem","position":3,"name":"Vertaisarviointi"}]},{"@type":"WebSite","@id":"https:\/\/blogs.uef.fi\/tiedonhaku-vieraatkielet\/#website","url":"https:\/\/blogs.uef.fi\/tiedonhaku-vieraatkielet\/","name":"Vieraiden kielten tiedonhaku","description":"","potentialAction":[{"@type":"SearchAction","target":{"@type":"EntryPoint","urlTemplate":"https:\/\/blogs.uef.fi\/tiedonhaku-vieraatkielet\/?s={search_term_string}"},"query-input":{"@type":"PropertyValueSpecification","valueRequired":true,"valueName":"search_term_string"}}],"inLanguage":"fi"}]}},"_links":{"self":[{"href":"https:\/\/blogs.uef.fi\/tiedonhaku-vieraatkielet\/wp-json\/wp\/v2\/pages\/432","targetHints":{"allow":["GET"]}}],"collection":[{"href":"https:\/\/blogs.uef.fi\/tiedonhaku-vieraatkielet\/wp-json\/wp\/v2\/pages"}],"about":[{"href":"https:\/\/blogs.uef.fi\/tiedonhaku-vieraatkielet\/wp-json\/wp\/v2\/types\/page"}],"author":[{"embeddable":true,"href":"https:\/\/blogs.uef.fi\/tiedonhaku-vieraatkielet\/wp-json\/wp\/v2\/users\/129"}],"replies":[{"embeddable":true,"href":"https:\/\/blogs.uef.fi\/tiedonhaku-vieraatkielet\/wp-json\/wp\/v2\/comments?post=432"}],"version-history":[{"count":2,"href":"https:\/\/blogs.uef.fi\/tiedonhaku-vieraatkielet\/wp-json\/wp\/v2\/pages\/432\/revisions"}],"predecessor-version":[{"id":2984,"href":"https:\/\/blogs.uef.fi\/tiedonhaku-vieraatkielet\/wp-json\/wp\/v2\/pages\/432\/revisions\/2984"}],"up":[{"embeddable":true,"href":"https:\/\/blogs.uef.fi\/tiedonhaku-vieraatkielet\/wp-json\/wp\/v2\/pages\/22"}],"wp:attachment":[{"href":"https:\/\/blogs.uef.fi\/tiedonhaku-vieraatkielet\/wp-json\/wp\/v2\/media?parent=432"}],"curies":[{"name":"wp","href":"https:\/\/api.w.org\/{rel}","templated":true}]}}