{"id":31,"date":"2015-04-23T09:47:43","date_gmt":"2015-04-23T09:47:43","guid":{"rendered":"https:\/\/ueflibrarylang.wordpress.com\/?page_id=31"},"modified":"2025-08-29T10:38:55","modified_gmt":"2025-08-29T07:38:55","slug":"tervetuloa-tiedonhaun-kurssille","status":"publish","type":"page","link":"https:\/\/blogs.uef.fi\/tiedonhaku-vieraatkielet\/","title":{"rendered":"Tervetuloa vieraiden kielten tiedonhaun pariin!"},"content":{"rendered":"\n<p>Akateemisessa maailmassa tiedonhankinnalla on omat erityispiirteens\u00e4. Ymm\u00e4rrys siit\u00e4, kuinka ja miss\u00e4 tutkimustietoa julkaistaan sek\u00e4 miten sit\u00e4 haetaan, auttaa esimerkiksi oman tutkimuksen teossa. T\u00e4m\u00e4 opas keskittyy erityisesti tieteellisen tiedon hakemiseen erilaisista hakupalveluista.<\/p>\n\n\n\n<p>Opas sis\u00e4lt\u00e4\u00e4 sek\u00e4 teksti- ett\u00e4 videomateriaalia, jota voi opiskella kuka tahansa. Esimerkit ja oppaassa mainitut tietokannat painottuvat erityisesti vieraiden kielten tiedonhakuun. Osa tietokannoista on k\u00e4yt\u00f6ss\u00e4 vain It\u00e4-Suomen yliopiston k\u00e4ytt\u00e4j\u00e4tunnuksilla.<\/p>\n\n\n\n<p>Oppaan sis\u00e4lt\u00f6 ja navigointi l\u00f6ytyy oikean yl\u00e4reunan hampurilaisvalikosta.<\/p>\n\n\n\n<p>Opiskeluintoa!<\/p>\n\n\n\n<p><a href=\"http:\/\/creativecommons.org\/licenses\/by-sa\/4.0\/\" rel=\"license\"><img decoding=\"async\" style=\"border-width: 0\" src=\"https:\/\/i.creativecommons.org\/l\/by-sa\/4.0\/80x15.png\" alt=\"Creative Commons -lisenssi\"><\/a><br>T\u00e4m\u00e4 teos on lisensoitu <a href=\"http:\/\/creativecommons.org\/licenses\/by-sa\/4.0\/\" rel=\"license\">Creative Commons Nime\u00e4-JaaSamoin 4.0 Kansainv\u00e4linen -lisenssill\u00e4<\/a>.<\/p>\n\n\n\n<p>Materiaalin tekij\u00e4: Riitta Holopainen, tietoasiantuntija It\u00e4-Suomen yliopiston kirjasto<br>Kiitokset: Kirjaston opetus- ja tietopalvelut<\/p>\n\n\n\n<p>Sivustoa on p\u00e4ivitetty syksyll\u00e4 2025.<\/p>\n","protected":false},"excerpt":{"rendered":"<p>Akateemisessa maailmassa tiedonhankinnalla on omat erityispiirteens\u00e4. Ymm\u00e4rrys siit\u00e4, kuinka ja miss\u00e4 tutkimustietoa julkaistaan sek\u00e4 miten sit\u00e4 haetaan, auttaa esimerkiksi oman tutkimuksen teossa. T\u00e4m\u00e4 opas keskittyy erityisesti tieteellisen tiedon hakemiseen erilaisista hakupalveluista. Opas sis\u00e4lt\u00e4\u00e4 sek\u00e4 teksti- ett\u00e4 videomateriaalia, jota voi opiskella kuka tahansa. Esimerkit ja oppaassa mainitut tietokannat painottuvat erityisesti vieraiden kielten tiedonhakuun. Osa tietokannoista on [&hellip;]<\/p>\n","protected":false},"author":129,"featured_media":0,"parent":0,"menu_order":0,"comment_status":"closed","ping_status":"closed","template":"","meta":{"_acf_changed":false,"footnotes":""},"class_list":["post-31","page","type-page","status-publish","hentry"],"acf":[],"yoast_head":"<!-- This site is optimized with the Yoast SEO plugin v27.1.1 - https:\/\/yoast.com\/product\/yoast-seo-wordpress\/ -->\n<title>Tervetuloa vieraiden kielten tiedonhaun pariin! - Vieraiden kielten tiedonhaku<\/title>\n<meta name=\"robots\" content=\"index, follow, max-snippet:-1, max-image-preview:large, max-video-preview:-1\" \/>\n<link rel=\"canonical\" href=\"https:\/\/blogs.uef.fi\/tiedonhaku-vieraatkielet\/\" \/>\n<meta property=\"og:locale\" content=\"fi_FI\" \/>\n<meta property=\"og:type\" content=\"article\" \/>\n<meta property=\"og:title\" content=\"Tervetuloa vieraiden kielten tiedonhaun pariin! - Vieraiden kielten tiedonhaku\" \/>\n<meta property=\"og:description\" content=\"Akateemisessa maailmassa tiedonhankinnalla on omat erityispiirteens\u00e4. Ymm\u00e4rrys siit\u00e4, kuinka ja miss\u00e4 tutkimustietoa julkaistaan sek\u00e4 miten sit\u00e4 haetaan, auttaa esimerkiksi oman tutkimuksen teossa. T\u00e4m\u00e4 opas keskittyy erityisesti tieteellisen tiedon hakemiseen erilaisista hakupalveluista. Opas sis\u00e4lt\u00e4\u00e4 sek\u00e4 teksti- ett\u00e4 videomateriaalia, jota voi opiskella kuka tahansa. Esimerkit ja oppaassa mainitut tietokannat painottuvat erityisesti vieraiden kielten tiedonhakuun. Osa tietokannoista on [&hellip;]\" \/>\n<meta property=\"og:url\" content=\"https:\/\/blogs.uef.fi\/tiedonhaku-vieraatkielet\/\" \/>\n<meta property=\"og:site_name\" content=\"Vieraiden kielten tiedonhaku\" \/>\n<meta property=\"article:modified_time\" content=\"2025-08-29T07:38:55+00:00\" \/>\n<meta property=\"og:image\" content=\"https:\/\/i.creativecommons.org\/l\/by-sa\/4.0\/80x15.png\" \/>\n<meta name=\"twitter:card\" content=\"summary_large_image\" \/>\n<meta name=\"twitter:label1\" content=\"Arvioitu lukuaika\" \/>\n\t<meta name=\"twitter:data1\" content=\"1 minuutti\" \/>\n<script type=\"application\/ld+json\" class=\"yoast-schema-graph\">{\"@context\":\"https:\/\/schema.org\",\"@graph\":[{\"@type\":\"WebPage\",\"@id\":\"https:\/\/blogs.uef.fi\/tiedonhaku-vieraatkielet\/\",\"url\":\"https:\/\/blogs.uef.fi\/tiedonhaku-vieraatkielet\/\",\"name\":\"Tervetuloa vieraiden kielten tiedonhaun pariin! - Vieraiden kielten tiedonhaku\",\"isPartOf\":{\"@id\":\"https:\/\/blogs.uef.fi\/tiedonhaku-vieraatkielet\/#website\"},\"primaryImageOfPage\":{\"@id\":\"https:\/\/blogs.uef.fi\/tiedonhaku-vieraatkielet\/#primaryimage\"},\"image\":{\"@id\":\"https:\/\/blogs.uef.fi\/tiedonhaku-vieraatkielet\/#primaryimage\"},\"thumbnailUrl\":\"https:\/\/i.creativecommons.org\/l\/by-sa\/4.0\/80x15.png\",\"datePublished\":\"2015-04-23T09:47:43+00:00\",\"dateModified\":\"2025-08-29T07:38:55+00:00\",\"breadcrumb\":{\"@id\":\"https:\/\/blogs.uef.fi\/tiedonhaku-vieraatkielet\/#breadcrumb\"},\"inLanguage\":\"fi\",\"potentialAction\":[{\"@type\":\"ReadAction\",\"target\":[\"https:\/\/blogs.uef.fi\/tiedonhaku-vieraatkielet\/\"]}]},{\"@type\":\"ImageObject\",\"inLanguage\":\"fi\",\"@id\":\"https:\/\/blogs.uef.fi\/tiedonhaku-vieraatkielet\/#primaryimage\",\"url\":\"https:\/\/i.creativecommons.org\/l\/by-sa\/4.0\/80x15.png\",\"contentUrl\":\"https:\/\/i.creativecommons.org\/l\/by-sa\/4.0\/80x15.png\"},{\"@type\":\"BreadcrumbList\",\"@id\":\"https:\/\/blogs.uef.fi\/tiedonhaku-vieraatkielet\/#breadcrumb\",\"itemListElement\":[{\"@type\":\"ListItem\",\"position\":1,\"name\":\"Home\",\"item\":\"https:\/\/blogs.uef.fi\/tiedonhaku-vieraatkielet\/\"},{\"@type\":\"ListItem\",\"position\":2,\"name\":\"Tervetuloa vieraiden kielten tiedonhaun pariin!\"}]},{\"@type\":\"WebSite\",\"@id\":\"https:\/\/blogs.uef.fi\/tiedonhaku-vieraatkielet\/#website\",\"url\":\"https:\/\/blogs.uef.fi\/tiedonhaku-vieraatkielet\/\",\"name\":\"Vieraiden kielten tiedonhaku\",\"description\":\"\",\"potentialAction\":[{\"@type\":\"SearchAction\",\"target\":{\"@type\":\"EntryPoint\",\"urlTemplate\":\"https:\/\/blogs.uef.fi\/tiedonhaku-vieraatkielet\/?s={search_term_string}\"},\"query-input\":{\"@type\":\"PropertyValueSpecification\",\"valueRequired\":true,\"valueName\":\"search_term_string\"}}],\"inLanguage\":\"fi\"}]}<\/script>\n<!-- \/ Yoast SEO plugin. -->","yoast_head_json":{"title":"Tervetuloa vieraiden kielten tiedonhaun pariin! - Vieraiden kielten tiedonhaku","robots":{"index":"index","follow":"follow","max-snippet":"max-snippet:-1","max-image-preview":"max-image-preview:large","max-video-preview":"max-video-preview:-1"},"canonical":"https:\/\/blogs.uef.fi\/tiedonhaku-vieraatkielet\/","og_locale":"fi_FI","og_type":"article","og_title":"Tervetuloa vieraiden kielten tiedonhaun pariin! - Vieraiden kielten tiedonhaku","og_description":"Akateemisessa maailmassa tiedonhankinnalla on omat erityispiirteens\u00e4. Ymm\u00e4rrys siit\u00e4, kuinka ja miss\u00e4 tutkimustietoa julkaistaan sek\u00e4 miten sit\u00e4 haetaan, auttaa esimerkiksi oman tutkimuksen teossa. T\u00e4m\u00e4 opas keskittyy erityisesti tieteellisen tiedon hakemiseen erilaisista hakupalveluista. Opas sis\u00e4lt\u00e4\u00e4 sek\u00e4 teksti- ett\u00e4 videomateriaalia, jota voi opiskella kuka tahansa. Esimerkit ja oppaassa mainitut tietokannat painottuvat erityisesti vieraiden kielten tiedonhakuun. Osa tietokannoista on [&hellip;]","og_url":"https:\/\/blogs.uef.fi\/tiedonhaku-vieraatkielet\/","og_site_name":"Vieraiden kielten tiedonhaku","article_modified_time":"2025-08-29T07:38:55+00:00","og_image":[{"url":"https:\/\/i.creativecommons.org\/l\/by-sa\/4.0\/80x15.png","type":"","width":"","height":""}],"twitter_card":"summary_large_image","twitter_misc":{"Arvioitu lukuaika":"1 minuutti"},"schema":{"@context":"https:\/\/schema.org","@graph":[{"@type":"WebPage","@id":"https:\/\/blogs.uef.fi\/tiedonhaku-vieraatkielet\/","url":"https:\/\/blogs.uef.fi\/tiedonhaku-vieraatkielet\/","name":"Tervetuloa vieraiden kielten tiedonhaun pariin! - Vieraiden kielten tiedonhaku","isPartOf":{"@id":"https:\/\/blogs.uef.fi\/tiedonhaku-vieraatkielet\/#website"},"primaryImageOfPage":{"@id":"https:\/\/blogs.uef.fi\/tiedonhaku-vieraatkielet\/#primaryimage"},"image":{"@id":"https:\/\/blogs.uef.fi\/tiedonhaku-vieraatkielet\/#primaryimage"},"thumbnailUrl":"https:\/\/i.creativecommons.org\/l\/by-sa\/4.0\/80x15.png","datePublished":"2015-04-23T09:47:43+00:00","dateModified":"2025-08-29T07:38:55+00:00","breadcrumb":{"@id":"https:\/\/blogs.uef.fi\/tiedonhaku-vieraatkielet\/#breadcrumb"},"inLanguage":"fi","potentialAction":[{"@type":"ReadAction","target":["https:\/\/blogs.uef.fi\/tiedonhaku-vieraatkielet\/"]}]},{"@type":"ImageObject","inLanguage":"fi","@id":"https:\/\/blogs.uef.fi\/tiedonhaku-vieraatkielet\/#primaryimage","url":"https:\/\/i.creativecommons.org\/l\/by-sa\/4.0\/80x15.png","contentUrl":"https:\/\/i.creativecommons.org\/l\/by-sa\/4.0\/80x15.png"},{"@type":"BreadcrumbList","@id":"https:\/\/blogs.uef.fi\/tiedonhaku-vieraatkielet\/#breadcrumb","itemListElement":[{"@type":"ListItem","position":1,"name":"Home","item":"https:\/\/blogs.uef.fi\/tiedonhaku-vieraatkielet\/"},{"@type":"ListItem","position":2,"name":"Tervetuloa vieraiden kielten tiedonhaun pariin!"}]},{"@type":"WebSite","@id":"https:\/\/blogs.uef.fi\/tiedonhaku-vieraatkielet\/#website","url":"https:\/\/blogs.uef.fi\/tiedonhaku-vieraatkielet\/","name":"Vieraiden kielten tiedonhaku","description":"","potentialAction":[{"@type":"SearchAction","target":{"@type":"EntryPoint","urlTemplate":"https:\/\/blogs.uef.fi\/tiedonhaku-vieraatkielet\/?s={search_term_string}"},"query-input":{"@type":"PropertyValueSpecification","valueRequired":true,"valueName":"search_term_string"}}],"inLanguage":"fi"}]}},"_links":{"self":[{"href":"https:\/\/blogs.uef.fi\/tiedonhaku-vieraatkielet\/wp-json\/wp\/v2\/pages\/31","targetHints":{"allow":["GET"]}}],"collection":[{"href":"https:\/\/blogs.uef.fi\/tiedonhaku-vieraatkielet\/wp-json\/wp\/v2\/pages"}],"about":[{"href":"https:\/\/blogs.uef.fi\/tiedonhaku-vieraatkielet\/wp-json\/wp\/v2\/types\/page"}],"author":[{"embeddable":true,"href":"https:\/\/blogs.uef.fi\/tiedonhaku-vieraatkielet\/wp-json\/wp\/v2\/users\/129"}],"replies":[{"embeddable":true,"href":"https:\/\/blogs.uef.fi\/tiedonhaku-vieraatkielet\/wp-json\/wp\/v2\/comments?post=31"}],"version-history":[{"count":2,"href":"https:\/\/blogs.uef.fi\/tiedonhaku-vieraatkielet\/wp-json\/wp\/v2\/pages\/31\/revisions"}],"predecessor-version":[{"id":3056,"href":"https:\/\/blogs.uef.fi\/tiedonhaku-vieraatkielet\/wp-json\/wp\/v2\/pages\/31\/revisions\/3056"}],"wp:attachment":[{"href":"https:\/\/blogs.uef.fi\/tiedonhaku-vieraatkielet\/wp-json\/wp\/v2\/media?parent=31"}],"curies":[{"name":"wp","href":"https:\/\/api.w.org\/{rel}","templated":true}]}}