{"id":263,"date":"2015-05-28T09:59:23","date_gmt":"2015-05-28T09:59:23","guid":{"rendered":"https:\/\/ueflibrarylang.wordpress.com\/?page_id=263"},"modified":"2025-08-29T10:23:44","modified_gmt":"2025-08-29T07:23:44","slug":"asiasanastot-hakusanojen-ideoinnin-apuna","status":"publish","type":"page","link":"https:\/\/blogs.uef.fi\/tiedonhaku-vieraatkielet\/about\/asiasanastot-hakusanojen-ideoinnin-apuna\/","title":{"rendered":"Asiasanastot tiedonhakijan apuna"},"content":{"rendered":"\n<h2 class=\"wp-block-heading\"><span style=\"color: #339966\"><span style=\"color: #000000\">Asiasanastot&nbsp; (Thesaurus, subject terms, subject headings) antavat ev\u00e4it\u00e4 tiedonhakuun<\/span><\/span><strong><span style=\"color: #339966\"><br><\/span><\/strong><\/h2>\n\n\n\n<p>Asiasanastot ovat luetteloita k\u00e4yt\u00f6ss\u00e4 olevista asiasanoista. Asiasanastojen sis\u00e4lt\u00e4mi\u00e4 sanoja k\u00e4ytet\u00e4\u00e4n kirjojen ja artikkeleiden sis\u00e4ll\u00f6n kuvailemiseen erilaisissa tietokannoissa. Asiasanat auttavat tiedonhakijaa l\u00f6yt\u00e4m\u00e4\u00e4n omaan tutkimusaiheeseen liittyvi\u00e4 l\u00e4hdeaineistoja ja saavat tiedon tallentajan ja tiedon hakijan ik\u00e4\u00e4n kuin &#8221;puhumaan samaa kielt\u00e4&#8221;.<\/p>\n\n\n\n<p>Asiasanan ideana on tiivist\u00e4\u00e4 mahdollisten termivaihtoehtojen ja synonyymien m\u00e4\u00e4r\u00e4 rajalliseksi. Sanastoon on valittu termi k\u00e4ytett\u00e4v\u00e4ksi kaikista samaa asiaa tarkoittavista sanoista. Asiasana ei siis ole mik\u00e4 tahansa aihetta kuvaava sana.<\/p>\n\n\n\n<p>Asiasanoissa ja ontologioissa m\u00e4\u00e4ritell\u00e4\u00e4n k\u00e4sitteit\u00e4 ja kuvataan niiden v\u00e4lisi\u00e4 suhteita, kuten <strong>rinnakkaisk\u00e4sitteet<\/strong> (related),<strong> laajemmat<\/strong> (broader) ja <strong>suppeammat<\/strong> (narrower) termit.<\/p>\n\n\n\n<p><strong>Sanastoa voi k\u00e4ytt\u00e4\u00e4 apuna my\u00f6s hakusanojen ideointivaiheessa<\/strong>, vaikka tekisikin haut vapaasanahakuina. Asiasanastoista voi l\u00f6yty\u00e4 vinkkej\u00e4 hakusanoiksi sek\u00e4 k\u00e4\u00e4nn\u00f6ksi\u00e4 sanoista. Asiasanastot ja tesaurukset voivat olla joko yleisi\u00e4, kaikki tieteenalat kattavia, jonkin tietyn alan omia erityissanastoja tai tietyn tietokannan sis\u00e4isi\u00e4 sanastoja.<\/p>\n\n\n\n<p>Katso alla oleva video asiasanoista. Videolla kerrotaan, mit\u00e4 asiasanat ovat, miksi niit\u00e4 k\u00e4ytet\u00e4\u00e4n, mist\u00e4 asiasanastoja l\u00f6yt\u00e4\u00e4. Videon kesto 6 min. Videon laatu on paras silloin, kun valitset videon oikeasta alalaidasta rattaan kuvan alta valikon &#8221;quality&#8221;: 720p<span style=\"color: #ff0000\">HD<\/span> tai 1080p<span style=\"color: #ff0000\">HD<\/span>. Saat halutessasi videoon my\u00f6s suomenkielisen tekstityksen klikkaamalla videon alareunan CC-nappia.<\/p>\n\n\n<div class=\"embed-container\">\n    <iframe loading=\"lazy\" title=\"Asiasanat ja sanahaku\" width=\"640\" height=\"360\" src=\"https:\/\/www.youtube.com\/embed\/_3Cu-Nir5vc?feature=oembed&#038;controls=1&#038;hd=1&#038;autohide=1\" frameborder=\"0\" allow=\"accelerometer; autoplay; clipboard-write; encrypted-media; gyroscope; picture-in-picture; web-share\" referrerpolicy=\"strict-origin-when-cross-origin\" allowfullscreen frameborder=\"0\"><\/iframe><\/div>\n\n\n<p><\/p>\n\n\n\n<p><span style=\"color: #008000\"><a style=\"color: #008000\" href=\"http:\/\/finto.fi\/yso\/fi\/\" target=\"_blank\" rel=\"noopener noreferrer\"><span style=\"color: #000000\">Yleinen Suomalainen Ontologia (YSO)<\/span><\/a> <\/span>(linkki avautuu uuteen ikkunaan) kattaa kaikkien tieteen- ja tiedonalojen yleisimm\u00e4n terminologian. Nimens\u00e4 mukaisesti YSO on yleinen, eik\u00e4 mene kovin tarkalle tasolle eri tieteenalojen terminologiassa. Termeille saa my\u00f6s ruotsin- ja englanninkielisen vastineen, eli ontologia on kolmikielinen.<\/p>\n\n\n\n<p><span style=\"color: #000000\"><a style=\"color: #000000\" href=\"http:\/\/finto.fi\/fi\/\" target=\"_blank\" rel=\"noopener noreferrer\">Suomalainen sanasto- ja ontologiapalvelu Finto<\/a> (linkki avautuu uuteen ikkunaan) <\/span>on ker\u00e4nnyt yhteen erilaisia kotimaisia asiasanastoja. Fintosta l\u00f6ytyv\u00e4t YSOn lis\u00e4ksi mm. seuraavat:<\/p>\n\n\n\n<p><span style=\"color: #008000\"><a style=\"color: #008000\" href=\"http:\/\/finto.fi\/kto\/fi\/\" target=\"_blank\" rel=\"noopener noreferrer\"><span style=\"color: #000000\">Kielitieteen ontologia KTO<\/span><\/a><\/span> (linkki avautuu uuteen ikkunaan) on Yleist\u00e4 Suomalaista Ontologiaa seikkaper\u00e4isempi. Siit\u00e4 voi etsi\u00e4 t\u00e4ydent\u00e4vi\u00e4 hakutermej\u00e4 kielitieteellisen tutkimuksen tiedonhaussa. Sanat l\u00f6ytyv\u00e4t suomeksi, englanniksi, viroksi ja saksaksi.<\/p>\n\n\n\n<p><span style=\"color: #008000\"><a style=\"color: #008000\" href=\"http:\/\/finto.fi\/kauno\/fi\/\" target=\"_blank\" rel=\"noopener noreferrer\"><span style=\"color: #000000\">KAUNO eli Kaunokki-ontologia<\/span><\/a><\/span> (linkki avautuu uuteen ikkunaan) on fiktiivisen aineiston ontologia, jolla kuvataan esimerkiksi kaunokirjallisten teosten sis\u00e4lt\u00f6\u00e4.<\/p>\n\n\n\n<h2 class=\"wp-block-heading\">Ent\u00e4 jos omalle aiheelle ei l\u00f6ydy sanastosta asiasanaa?<\/h2>\n\n\n\n<p>T\u00e4m\u00e4 on hyvin tavallista, varsinkin hyvin tarkkojen tai uusien termien kohdalla. Mill\u00e4 tahansa sanalla voi hakea sanahakuna tai vapaatekstihakuna. T\u00e4ll\u00f6in on taas mietitt\u00e4v\u00e4, mill\u00e4 kaikilla sanoilla aiheesta on voitu kirjoittaa.<\/p>\n\n\n\n<p>(P\u00e4ivitetty 8\/2025)<\/p>\n\n\n\n<p>Siirry seuraavaan osioon <a href=\"https:\/\/blogs.uef.fi\/tiedonhaku-vieraatkielet\/about\/sanahaku-ja-asiasanahaku\/\">Sanahaku vai asiasanahaku?<\/a><\/p>\n","protected":false},"excerpt":{"rendered":"<p>Asiasanastot&nbsp; (Thesaurus, subject terms, subject headings) antavat ev\u00e4it\u00e4 tiedonhakuun Asiasanastot ovat luetteloita k\u00e4yt\u00f6ss\u00e4 olevista asiasanoista. Asiasanastojen sis\u00e4lt\u00e4mi\u00e4 sanoja k\u00e4ytet\u00e4\u00e4n kirjojen ja artikkeleiden sis\u00e4ll\u00f6n kuvailemiseen erilaisissa tietokannoissa. Asiasanat auttavat tiedonhakijaa l\u00f6yt\u00e4m\u00e4\u00e4n omaan tutkimusaiheeseen liittyvi\u00e4 l\u00e4hdeaineistoja ja saavat tiedon tallentajan ja tiedon hakijan ik\u00e4\u00e4n kuin &#8221;puhumaan samaa kielt\u00e4&#8221;. Asiasanan ideana on tiivist\u00e4\u00e4 mahdollisten termivaihtoehtojen ja synonyymien m\u00e4\u00e4r\u00e4 [&hellip;]<\/p>\n","protected":false},"author":129,"featured_media":0,"parent":693,"menu_order":0,"comment_status":"closed","ping_status":"open","template":"","meta":{"_acf_changed":false,"footnotes":""},"class_list":["post-263","page","type-page","status-publish","hentry"],"acf":[],"yoast_head":"<!-- This site is optimized with the Yoast SEO plugin v27.1.1 - https:\/\/yoast.com\/product\/yoast-seo-wordpress\/ -->\n<title>Asiasanastot tiedonhakijan apuna - Vieraiden kielten tiedonhaku<\/title>\n<meta name=\"robots\" content=\"index, follow, max-snippet:-1, max-image-preview:large, max-video-preview:-1\" \/>\n<link rel=\"canonical\" href=\"https:\/\/blogs.uef.fi\/tiedonhaku-vieraatkielet\/about\/asiasanastot-hakusanojen-ideoinnin-apuna\/\" \/>\n<meta property=\"og:locale\" content=\"fi_FI\" \/>\n<meta property=\"og:type\" content=\"article\" \/>\n<meta property=\"og:title\" content=\"Asiasanastot tiedonhakijan apuna - Vieraiden kielten tiedonhaku\" \/>\n<meta property=\"og:description\" content=\"Asiasanastot&nbsp; (Thesaurus, subject terms, subject headings) antavat ev\u00e4it\u00e4 tiedonhakuun Asiasanastot ovat luetteloita k\u00e4yt\u00f6ss\u00e4 olevista asiasanoista. Asiasanastojen sis\u00e4lt\u00e4mi\u00e4 sanoja k\u00e4ytet\u00e4\u00e4n kirjojen ja artikkeleiden sis\u00e4ll\u00f6n kuvailemiseen erilaisissa tietokannoissa. Asiasanat auttavat tiedonhakijaa l\u00f6yt\u00e4m\u00e4\u00e4n omaan tutkimusaiheeseen liittyvi\u00e4 l\u00e4hdeaineistoja ja saavat tiedon tallentajan ja tiedon hakijan ik\u00e4\u00e4n kuin &#8221;puhumaan samaa kielt\u00e4&#8221;. Asiasanan ideana on tiivist\u00e4\u00e4 mahdollisten termivaihtoehtojen ja synonyymien m\u00e4\u00e4r\u00e4 [&hellip;]\" \/>\n<meta property=\"og:url\" content=\"https:\/\/blogs.uef.fi\/tiedonhaku-vieraatkielet\/about\/asiasanastot-hakusanojen-ideoinnin-apuna\/\" \/>\n<meta property=\"og:site_name\" content=\"Vieraiden kielten tiedonhaku\" \/>\n<meta property=\"article:modified_time\" content=\"2025-08-29T07:23:44+00:00\" \/>\n<meta name=\"twitter:card\" content=\"summary_large_image\" \/>\n<meta name=\"twitter:label1\" content=\"Arvioitu lukuaika\" \/>\n\t<meta name=\"twitter:data1\" content=\"3 minuuttia\" \/>\n<script type=\"application\/ld+json\" class=\"yoast-schema-graph\">{\"@context\":\"https:\/\/schema.org\",\"@graph\":[{\"@type\":\"WebPage\",\"@id\":\"https:\/\/blogs.uef.fi\/tiedonhaku-vieraatkielet\/about\/asiasanastot-hakusanojen-ideoinnin-apuna\/\",\"url\":\"https:\/\/blogs.uef.fi\/tiedonhaku-vieraatkielet\/about\/asiasanastot-hakusanojen-ideoinnin-apuna\/\",\"name\":\"Asiasanastot tiedonhakijan apuna - Vieraiden kielten tiedonhaku\",\"isPartOf\":{\"@id\":\"https:\/\/blogs.uef.fi\/tiedonhaku-vieraatkielet\/#website\"},\"datePublished\":\"2015-05-28T09:59:23+00:00\",\"dateModified\":\"2025-08-29T07:23:44+00:00\",\"breadcrumb\":{\"@id\":\"https:\/\/blogs.uef.fi\/tiedonhaku-vieraatkielet\/about\/asiasanastot-hakusanojen-ideoinnin-apuna\/#breadcrumb\"},\"inLanguage\":\"fi\",\"potentialAction\":[{\"@type\":\"ReadAction\",\"target\":[\"https:\/\/blogs.uef.fi\/tiedonhaku-vieraatkielet\/about\/asiasanastot-hakusanojen-ideoinnin-apuna\/\"]}]},{\"@type\":\"BreadcrumbList\",\"@id\":\"https:\/\/blogs.uef.fi\/tiedonhaku-vieraatkielet\/about\/asiasanastot-hakusanojen-ideoinnin-apuna\/#breadcrumb\",\"itemListElement\":[{\"@type\":\"ListItem\",\"position\":1,\"name\":\"Home\",\"item\":\"https:\/\/blogs.uef.fi\/tiedonhaku-vieraatkielet\/\"},{\"@type\":\"ListItem\",\"position\":2,\"name\":\"Hakusanat ja hakutekniikat\",\"item\":\"https:\/\/blogs.uef.fi\/tiedonhaku-vieraatkielet\/about\/\"},{\"@type\":\"ListItem\",\"position\":3,\"name\":\"Asiasanastot tiedonhakijan apuna\"}]},{\"@type\":\"WebSite\",\"@id\":\"https:\/\/blogs.uef.fi\/tiedonhaku-vieraatkielet\/#website\",\"url\":\"https:\/\/blogs.uef.fi\/tiedonhaku-vieraatkielet\/\",\"name\":\"Vieraiden kielten tiedonhaku\",\"description\":\"\",\"potentialAction\":[{\"@type\":\"SearchAction\",\"target\":{\"@type\":\"EntryPoint\",\"urlTemplate\":\"https:\/\/blogs.uef.fi\/tiedonhaku-vieraatkielet\/?s={search_term_string}\"},\"query-input\":{\"@type\":\"PropertyValueSpecification\",\"valueRequired\":true,\"valueName\":\"search_term_string\"}}],\"inLanguage\":\"fi\"}]}<\/script>\n<!-- \/ Yoast SEO plugin. -->","yoast_head_json":{"title":"Asiasanastot tiedonhakijan apuna - Vieraiden kielten tiedonhaku","robots":{"index":"index","follow":"follow","max-snippet":"max-snippet:-1","max-image-preview":"max-image-preview:large","max-video-preview":"max-video-preview:-1"},"canonical":"https:\/\/blogs.uef.fi\/tiedonhaku-vieraatkielet\/about\/asiasanastot-hakusanojen-ideoinnin-apuna\/","og_locale":"fi_FI","og_type":"article","og_title":"Asiasanastot tiedonhakijan apuna - Vieraiden kielten tiedonhaku","og_description":"Asiasanastot&nbsp; (Thesaurus, subject terms, subject headings) antavat ev\u00e4it\u00e4 tiedonhakuun Asiasanastot ovat luetteloita k\u00e4yt\u00f6ss\u00e4 olevista asiasanoista. Asiasanastojen sis\u00e4lt\u00e4mi\u00e4 sanoja k\u00e4ytet\u00e4\u00e4n kirjojen ja artikkeleiden sis\u00e4ll\u00f6n kuvailemiseen erilaisissa tietokannoissa. Asiasanat auttavat tiedonhakijaa l\u00f6yt\u00e4m\u00e4\u00e4n omaan tutkimusaiheeseen liittyvi\u00e4 l\u00e4hdeaineistoja ja saavat tiedon tallentajan ja tiedon hakijan ik\u00e4\u00e4n kuin &#8221;puhumaan samaa kielt\u00e4&#8221;. Asiasanan ideana on tiivist\u00e4\u00e4 mahdollisten termivaihtoehtojen ja synonyymien m\u00e4\u00e4r\u00e4 [&hellip;]","og_url":"https:\/\/blogs.uef.fi\/tiedonhaku-vieraatkielet\/about\/asiasanastot-hakusanojen-ideoinnin-apuna\/","og_site_name":"Vieraiden kielten tiedonhaku","article_modified_time":"2025-08-29T07:23:44+00:00","twitter_card":"summary_large_image","twitter_misc":{"Arvioitu lukuaika":"3 minuuttia"},"schema":{"@context":"https:\/\/schema.org","@graph":[{"@type":"WebPage","@id":"https:\/\/blogs.uef.fi\/tiedonhaku-vieraatkielet\/about\/asiasanastot-hakusanojen-ideoinnin-apuna\/","url":"https:\/\/blogs.uef.fi\/tiedonhaku-vieraatkielet\/about\/asiasanastot-hakusanojen-ideoinnin-apuna\/","name":"Asiasanastot tiedonhakijan apuna - Vieraiden kielten tiedonhaku","isPartOf":{"@id":"https:\/\/blogs.uef.fi\/tiedonhaku-vieraatkielet\/#website"},"datePublished":"2015-05-28T09:59:23+00:00","dateModified":"2025-08-29T07:23:44+00:00","breadcrumb":{"@id":"https:\/\/blogs.uef.fi\/tiedonhaku-vieraatkielet\/about\/asiasanastot-hakusanojen-ideoinnin-apuna\/#breadcrumb"},"inLanguage":"fi","potentialAction":[{"@type":"ReadAction","target":["https:\/\/blogs.uef.fi\/tiedonhaku-vieraatkielet\/about\/asiasanastot-hakusanojen-ideoinnin-apuna\/"]}]},{"@type":"BreadcrumbList","@id":"https:\/\/blogs.uef.fi\/tiedonhaku-vieraatkielet\/about\/asiasanastot-hakusanojen-ideoinnin-apuna\/#breadcrumb","itemListElement":[{"@type":"ListItem","position":1,"name":"Home","item":"https:\/\/blogs.uef.fi\/tiedonhaku-vieraatkielet\/"},{"@type":"ListItem","position":2,"name":"Hakusanat ja hakutekniikat","item":"https:\/\/blogs.uef.fi\/tiedonhaku-vieraatkielet\/about\/"},{"@type":"ListItem","position":3,"name":"Asiasanastot tiedonhakijan apuna"}]},{"@type":"WebSite","@id":"https:\/\/blogs.uef.fi\/tiedonhaku-vieraatkielet\/#website","url":"https:\/\/blogs.uef.fi\/tiedonhaku-vieraatkielet\/","name":"Vieraiden kielten tiedonhaku","description":"","potentialAction":[{"@type":"SearchAction","target":{"@type":"EntryPoint","urlTemplate":"https:\/\/blogs.uef.fi\/tiedonhaku-vieraatkielet\/?s={search_term_string}"},"query-input":{"@type":"PropertyValueSpecification","valueRequired":true,"valueName":"search_term_string"}}],"inLanguage":"fi"}]}},"_links":{"self":[{"href":"https:\/\/blogs.uef.fi\/tiedonhaku-vieraatkielet\/wp-json\/wp\/v2\/pages\/263","targetHints":{"allow":["GET"]}}],"collection":[{"href":"https:\/\/blogs.uef.fi\/tiedonhaku-vieraatkielet\/wp-json\/wp\/v2\/pages"}],"about":[{"href":"https:\/\/blogs.uef.fi\/tiedonhaku-vieraatkielet\/wp-json\/wp\/v2\/types\/page"}],"author":[{"embeddable":true,"href":"https:\/\/blogs.uef.fi\/tiedonhaku-vieraatkielet\/wp-json\/wp\/v2\/users\/129"}],"replies":[{"embeddable":true,"href":"https:\/\/blogs.uef.fi\/tiedonhaku-vieraatkielet\/wp-json\/wp\/v2\/comments?post=263"}],"version-history":[{"count":2,"href":"https:\/\/blogs.uef.fi\/tiedonhaku-vieraatkielet\/wp-json\/wp\/v2\/pages\/263\/revisions"}],"predecessor-version":[{"id":3046,"href":"https:\/\/blogs.uef.fi\/tiedonhaku-vieraatkielet\/wp-json\/wp\/v2\/pages\/263\/revisions\/3046"}],"up":[{"embeddable":true,"href":"https:\/\/blogs.uef.fi\/tiedonhaku-vieraatkielet\/wp-json\/wp\/v2\/pages\/693"}],"wp:attachment":[{"href":"https:\/\/blogs.uef.fi\/tiedonhaku-vieraatkielet\/wp-json\/wp\/v2\/media?parent=263"}],"curies":[{"name":"wp","href":"https:\/\/api.w.org\/{rel}","templated":true}]}}