{"id":2240,"date":"2022-10-12T13:15:42","date_gmt":"2022-10-12T10:15:42","guid":{"rendered":"https:\/\/blogs.uef.fi\/tiedonhaku-vieraatkielet\/?page_id=2240"},"modified":"2025-08-29T10:21:39","modified_gmt":"2025-08-29T07:21:39","slug":"hakupaikkana-kansallinen-finna","status":"publish","type":"page","link":"https:\/\/blogs.uef.fi\/tiedonhaku-vieraatkielet\/tiedonlahteet\/hakupaikkana-kansallinen-finna\/","title":{"rendered":"Hakupaikkana kansallinen Finna"},"content":{"rendered":"\n<p><a href=\"https:\/\/finna.fi\/\" target=\"_blank\" rel=\"noopener\">Finna.fi<\/a> (avautuu uuteen ikkunaan) on hakupalvelu, joka kokoaa satojen kotimaisten toimijoiden aineistot saman katon alle. Finnan kautta voi hakea mm. <\/p>\n\n\n\n<ul class=\"wp-block-list\">\n<li>kotimaisten kirjastojen kirja-aineistoja <\/li>\n\n\n\n<li>kotimaisia artikkeleita<\/li>\n\n\n\n<li>korkeakoulujen opinn\u00e4ytteit\u00e4 (erityisesti graduja ja v\u00e4it\u00f6skirjoja)<\/li>\n\n\n\n<li>avoimia oppimateriaaleja<\/li>\n\n\n\n<li>audiovisuaalista aineistoa <\/li>\n\n\n\n<li>kuvamateriaalia. Finna sopii kaikille vieraiden kielten tutkijoille.<\/li>\n<\/ul>\n\n\n\n<p>Hakukielen\u00e4 toimii kaikkein parhaiten suomi &#8211; olit vailla mink\u00e4kielist\u00e4 aineistoa tahansa. Suomen kielen rinnalla voi k\u00e4ytt\u00e4\u00e4 hakukielen\u00e4 muitakin kieli\u00e4 vaihtoehtoisina hakusanoina. Finna ymm\u00e4rt\u00e4\u00e4 jonkin verran suomen kielen taivutusmuotoja, joten suomenkielisi\u00e4 sanoja ei ole pakko katkaista.<\/p>\n\n\n\n<p>Alla olevassa videossa (kesto 8 min.) opastetaan Finnan tarkennetun haun k\u00e4ytt\u00f6\u00f6n, omien hakusanojen muokkaamiseen ja hakutulosten rajaamiseen. Videoon saa halutessaan tekstityksen CC-napista.<\/p>\n\n\n<div class=\"embed-container\">\n    <iframe loading=\"lazy\" title=\"Tiedonhaku Finna.fi-palvelussa\" width=\"640\" height=\"360\" src=\"https:\/\/www.youtube.com\/embed\/vZ70mcXrShs?feature=oembed&#038;controls=1&#038;hd=1&#038;autohide=1\" frameborder=\"0\" allow=\"accelerometer; autoplay; clipboard-write; encrypted-media; gyroscope; picture-in-picture; web-share\" referrerpolicy=\"strict-origin-when-cross-origin\" allowfullscreen frameborder=\"0\"><\/iframe><\/div>\n\n\n<p><\/p>\n\n\n\n<p>(p\u00e4ivitetty 8\/2025)<\/p>\n\n\n\n<p>Siirry seuraavaan osioon <a href=\"https:\/\/blogs.uef.fi\/tiedonhaku-vieraatkielet\/tiedonlahteet\/kieli-ja-kirjallisuustieteellisia-tietokantoja\/\">Tietokantoja kielten opiskelijoille<\/a><\/p>\n","protected":false},"excerpt":{"rendered":"<p>Finna.fi (avautuu uuteen ikkunaan) on hakupalvelu, joka kokoaa satojen kotimaisten toimijoiden aineistot saman katon alle. Finnan kautta voi hakea mm. Hakukielen\u00e4 toimii kaikkein parhaiten suomi &#8211; olit vailla mink\u00e4kielist\u00e4 aineistoa tahansa. Suomen kielen rinnalla voi k\u00e4ytt\u00e4\u00e4 hakukielen\u00e4 muitakin kieli\u00e4 vaihtoehtoisina hakusanoina. Finna ymm\u00e4rt\u00e4\u00e4 jonkin verran suomen kielen taivutusmuotoja, joten suomenkielisi\u00e4 sanoja ei ole pakko katkaista. [&hellip;]<\/p>\n","protected":false},"author":129,"featured_media":0,"parent":74,"menu_order":0,"comment_status":"closed","ping_status":"closed","template":"","meta":{"_acf_changed":false,"footnotes":""},"class_list":["post-2240","page","type-page","status-publish","hentry"],"acf":[],"yoast_head":"<!-- This site is optimized with the Yoast SEO plugin v27.3 - https:\/\/yoast.com\/product\/yoast-seo-wordpress\/ -->\n<title>Hakupaikkana kansallinen Finna - Vieraiden kielten tiedonhaku<\/title>\n<meta name=\"robots\" content=\"index, follow, max-snippet:-1, max-image-preview:large, max-video-preview:-1\" \/>\n<link rel=\"canonical\" href=\"https:\/\/blogs.uef.fi\/tiedonhaku-vieraatkielet\/tiedonlahteet\/hakupaikkana-kansallinen-finna\/\" \/>\n<meta property=\"og:locale\" content=\"fi_FI\" \/>\n<meta property=\"og:type\" content=\"article\" \/>\n<meta property=\"og:title\" content=\"Hakupaikkana kansallinen Finna - Vieraiden kielten tiedonhaku\" \/>\n<meta property=\"og:description\" content=\"Finna.fi (avautuu uuteen ikkunaan) on hakupalvelu, joka kokoaa satojen kotimaisten toimijoiden aineistot saman katon alle. Finnan kautta voi hakea mm. Hakukielen\u00e4 toimii kaikkein parhaiten suomi &#8211; olit vailla mink\u00e4kielist\u00e4 aineistoa tahansa. Suomen kielen rinnalla voi k\u00e4ytt\u00e4\u00e4 hakukielen\u00e4 muitakin kieli\u00e4 vaihtoehtoisina hakusanoina. Finna ymm\u00e4rt\u00e4\u00e4 jonkin verran suomen kielen taivutusmuotoja, joten suomenkielisi\u00e4 sanoja ei ole pakko katkaista. [&hellip;]\" \/>\n<meta property=\"og:url\" content=\"https:\/\/blogs.uef.fi\/tiedonhaku-vieraatkielet\/tiedonlahteet\/hakupaikkana-kansallinen-finna\/\" \/>\n<meta property=\"og:site_name\" content=\"Vieraiden kielten tiedonhaku\" \/>\n<meta property=\"article:modified_time\" content=\"2025-08-29T07:21:39+00:00\" \/>\n<meta name=\"twitter:card\" content=\"summary_large_image\" \/>\n<meta name=\"twitter:label1\" content=\"Arvioitu lukuaika\" \/>\n\t<meta name=\"twitter:data1\" content=\"1 minuutti\" \/>\n<script type=\"application\/ld+json\" class=\"yoast-schema-graph\">{\"@context\":\"https:\\\/\\\/schema.org\",\"@graph\":[{\"@type\":\"WebPage\",\"@id\":\"https:\\\/\\\/blogs.uef.fi\\\/tiedonhaku-vieraatkielet\\\/tiedonlahteet\\\/hakupaikkana-kansallinen-finna\\\/\",\"url\":\"https:\\\/\\\/blogs.uef.fi\\\/tiedonhaku-vieraatkielet\\\/tiedonlahteet\\\/hakupaikkana-kansallinen-finna\\\/\",\"name\":\"Hakupaikkana kansallinen Finna - Vieraiden kielten tiedonhaku\",\"isPartOf\":{\"@id\":\"https:\\\/\\\/blogs.uef.fi\\\/tiedonhaku-vieraatkielet\\\/#website\"},\"datePublished\":\"2022-10-12T10:15:42+00:00\",\"dateModified\":\"2025-08-29T07:21:39+00:00\",\"breadcrumb\":{\"@id\":\"https:\\\/\\\/blogs.uef.fi\\\/tiedonhaku-vieraatkielet\\\/tiedonlahteet\\\/hakupaikkana-kansallinen-finna\\\/#breadcrumb\"},\"inLanguage\":\"fi\",\"potentialAction\":[{\"@type\":\"ReadAction\",\"target\":[\"https:\\\/\\\/blogs.uef.fi\\\/tiedonhaku-vieraatkielet\\\/tiedonlahteet\\\/hakupaikkana-kansallinen-finna\\\/\"]}]},{\"@type\":\"BreadcrumbList\",\"@id\":\"https:\\\/\\\/blogs.uef.fi\\\/tiedonhaku-vieraatkielet\\\/tiedonlahteet\\\/hakupaikkana-kansallinen-finna\\\/#breadcrumb\",\"itemListElement\":[{\"@type\":\"ListItem\",\"position\":1,\"name\":\"Home\",\"item\":\"https:\\\/\\\/blogs.uef.fi\\\/tiedonhaku-vieraatkielet\\\/\"},{\"@type\":\"ListItem\",\"position\":2,\"name\":\"Hakukoneet\",\"item\":\"https:\\\/\\\/blogs.uef.fi\\\/tiedonhaku-vieraatkielet\\\/tiedonlahteet\\\/\"},{\"@type\":\"ListItem\",\"position\":3,\"name\":\"Hakupaikkana kansallinen Finna\"}]},{\"@type\":\"WebSite\",\"@id\":\"https:\\\/\\\/blogs.uef.fi\\\/tiedonhaku-vieraatkielet\\\/#website\",\"url\":\"https:\\\/\\\/blogs.uef.fi\\\/tiedonhaku-vieraatkielet\\\/\",\"name\":\"Vieraiden kielten tiedonhaku\",\"description\":\"\",\"potentialAction\":[{\"@type\":\"SearchAction\",\"target\":{\"@type\":\"EntryPoint\",\"urlTemplate\":\"https:\\\/\\\/blogs.uef.fi\\\/tiedonhaku-vieraatkielet\\\/?s={search_term_string}\"},\"query-input\":{\"@type\":\"PropertyValueSpecification\",\"valueRequired\":true,\"valueName\":\"search_term_string\"}}],\"inLanguage\":\"fi\"}]}<\/script>\n<!-- \/ Yoast SEO plugin. -->","yoast_head_json":{"title":"Hakupaikkana kansallinen Finna - Vieraiden kielten tiedonhaku","robots":{"index":"index","follow":"follow","max-snippet":"max-snippet:-1","max-image-preview":"max-image-preview:large","max-video-preview":"max-video-preview:-1"},"canonical":"https:\/\/blogs.uef.fi\/tiedonhaku-vieraatkielet\/tiedonlahteet\/hakupaikkana-kansallinen-finna\/","og_locale":"fi_FI","og_type":"article","og_title":"Hakupaikkana kansallinen Finna - Vieraiden kielten tiedonhaku","og_description":"Finna.fi (avautuu uuteen ikkunaan) on hakupalvelu, joka kokoaa satojen kotimaisten toimijoiden aineistot saman katon alle. Finnan kautta voi hakea mm. Hakukielen\u00e4 toimii kaikkein parhaiten suomi &#8211; olit vailla mink\u00e4kielist\u00e4 aineistoa tahansa. Suomen kielen rinnalla voi k\u00e4ytt\u00e4\u00e4 hakukielen\u00e4 muitakin kieli\u00e4 vaihtoehtoisina hakusanoina. Finna ymm\u00e4rt\u00e4\u00e4 jonkin verran suomen kielen taivutusmuotoja, joten suomenkielisi\u00e4 sanoja ei ole pakko katkaista. [&hellip;]","og_url":"https:\/\/blogs.uef.fi\/tiedonhaku-vieraatkielet\/tiedonlahteet\/hakupaikkana-kansallinen-finna\/","og_site_name":"Vieraiden kielten tiedonhaku","article_modified_time":"2025-08-29T07:21:39+00:00","twitter_card":"summary_large_image","twitter_misc":{"Arvioitu lukuaika":"1 minuutti"},"schema":{"@context":"https:\/\/schema.org","@graph":[{"@type":"WebPage","@id":"https:\/\/blogs.uef.fi\/tiedonhaku-vieraatkielet\/tiedonlahteet\/hakupaikkana-kansallinen-finna\/","url":"https:\/\/blogs.uef.fi\/tiedonhaku-vieraatkielet\/tiedonlahteet\/hakupaikkana-kansallinen-finna\/","name":"Hakupaikkana kansallinen Finna - Vieraiden kielten tiedonhaku","isPartOf":{"@id":"https:\/\/blogs.uef.fi\/tiedonhaku-vieraatkielet\/#website"},"datePublished":"2022-10-12T10:15:42+00:00","dateModified":"2025-08-29T07:21:39+00:00","breadcrumb":{"@id":"https:\/\/blogs.uef.fi\/tiedonhaku-vieraatkielet\/tiedonlahteet\/hakupaikkana-kansallinen-finna\/#breadcrumb"},"inLanguage":"fi","potentialAction":[{"@type":"ReadAction","target":["https:\/\/blogs.uef.fi\/tiedonhaku-vieraatkielet\/tiedonlahteet\/hakupaikkana-kansallinen-finna\/"]}]},{"@type":"BreadcrumbList","@id":"https:\/\/blogs.uef.fi\/tiedonhaku-vieraatkielet\/tiedonlahteet\/hakupaikkana-kansallinen-finna\/#breadcrumb","itemListElement":[{"@type":"ListItem","position":1,"name":"Home","item":"https:\/\/blogs.uef.fi\/tiedonhaku-vieraatkielet\/"},{"@type":"ListItem","position":2,"name":"Hakukoneet","item":"https:\/\/blogs.uef.fi\/tiedonhaku-vieraatkielet\/tiedonlahteet\/"},{"@type":"ListItem","position":3,"name":"Hakupaikkana kansallinen Finna"}]},{"@type":"WebSite","@id":"https:\/\/blogs.uef.fi\/tiedonhaku-vieraatkielet\/#website","url":"https:\/\/blogs.uef.fi\/tiedonhaku-vieraatkielet\/","name":"Vieraiden kielten tiedonhaku","description":"","potentialAction":[{"@type":"SearchAction","target":{"@type":"EntryPoint","urlTemplate":"https:\/\/blogs.uef.fi\/tiedonhaku-vieraatkielet\/?s={search_term_string}"},"query-input":{"@type":"PropertyValueSpecification","valueRequired":true,"valueName":"search_term_string"}}],"inLanguage":"fi"}]}},"_links":{"self":[{"href":"https:\/\/blogs.uef.fi\/tiedonhaku-vieraatkielet\/wp-json\/wp\/v2\/pages\/2240","targetHints":{"allow":["GET"]}}],"collection":[{"href":"https:\/\/blogs.uef.fi\/tiedonhaku-vieraatkielet\/wp-json\/wp\/v2\/pages"}],"about":[{"href":"https:\/\/blogs.uef.fi\/tiedonhaku-vieraatkielet\/wp-json\/wp\/v2\/types\/page"}],"author":[{"embeddable":true,"href":"https:\/\/blogs.uef.fi\/tiedonhaku-vieraatkielet\/wp-json\/wp\/v2\/users\/129"}],"replies":[{"embeddable":true,"href":"https:\/\/blogs.uef.fi\/tiedonhaku-vieraatkielet\/wp-json\/wp\/v2\/comments?post=2240"}],"version-history":[{"count":2,"href":"https:\/\/blogs.uef.fi\/tiedonhaku-vieraatkielet\/wp-json\/wp\/v2\/pages\/2240\/revisions"}],"predecessor-version":[{"id":3044,"href":"https:\/\/blogs.uef.fi\/tiedonhaku-vieraatkielet\/wp-json\/wp\/v2\/pages\/2240\/revisions\/3044"}],"up":[{"embeddable":true,"href":"https:\/\/blogs.uef.fi\/tiedonhaku-vieraatkielet\/wp-json\/wp\/v2\/pages\/74"}],"wp:attachment":[{"href":"https:\/\/blogs.uef.fi\/tiedonhaku-vieraatkielet\/wp-json\/wp\/v2\/media?parent=2240"}],"curies":[{"name":"wp","href":"https:\/\/api.w.org\/{rel}","templated":true}]}}