{"id":224,"date":"2015-05-18T09:34:11","date_gmt":"2015-05-18T09:34:11","guid":{"rendered":"https:\/\/ueflibrarylang.wordpress.com\/?page_id=224"},"modified":"2024-01-05T14:07:27","modified_gmt":"2024-01-05T12:07:27","slug":"opinnaytteiden-ja-vaitoskirjojen-haku","status":"publish","type":"page","link":"https:\/\/blogs.uef.fi\/tiedonhaku-vieraatkielet\/hakuesimerkkeja\/opinnaytteiden-ja-vaitoskirjojen-haku\/","title":{"rendered":"Opinn\u00e4ytteiden ja v\u00e4it\u00f6skirjojen haku"},"content":{"rendered":"\n<p><strong>V\u00e4it\u00f6skirjaa <\/strong>pidet\u00e4\u00e4n ensimm\u00e4isen\u00e4 tutkijan itsen\u00e4isen\u00e4 tutkimuksena ja <strong>lisensiaattity\u00f6t\u00e4 <\/strong>(lisensiaatin ty\u00f6) ensimm\u00e4isen\u00e4 siteerauksen kest\u00e4v\u00e4n\u00e4 tutkimuksena. Nykyisin lisensiaattit\u00f6it\u00e4 julkaistaan melko v\u00e4h\u00e4n. <strong>Pro gradu \u2013tutkielmat<\/strong> ovat opiskelijoiden harjoitust\u00f6it\u00e4, joten niit\u00e4 ei yleens\u00e4 k\u00e4ytet\u00e4 tieteellisen ty\u00f6n ainoina l\u00e4htein\u00e4. Tarkista suhtautuminen ainelaitokseltasi, opettajaltasi tai ohjaajaltasi. Gradujen l\u00e4hdeluetteloista voi kuitenkin olla paljonkin hy\u00f6ty\u00e4 ja voit katsoa niist\u00e4 mallia muotoseikkoihin.<\/p>\n\n\n\n<p>Elektroninen julkaiseminen on tuonut muutoksia my\u00f6s opinn\u00e4ytteiden julkaisumuotoon. Vuodesta 2012 alkaen It\u00e4-Suomen yliopistossa tehdyt gradut, lisensiaatinty\u00f6t ja v\u00e4it\u00f6skirjat l\u00f6ytyv\u00e4t elektronisina <a href=\"https:\/\/erepo.uef.fi\/?locale-attribute=fi\" target=\"_blank\" rel=\"noopener\">UEF eRepository-palvelusta<\/a> (avautuu uuteen ikkunaan).<\/p>\n\n\n\n<p>Osa opinn\u00e4ytteist\u00e4 ei aukea esim. kotoa k\u00e4sin (teoksen alla lukee &#8221;Julkaisu on k\u00e4ytett\u00e4viss\u00e4 ainoastaan kampuskirjastoissa&#8221;). T\u00e4ll\u00f6in tekij\u00e4 ei ole halunnut opinn\u00e4ytett\u00e4\u00e4n avoimeen verkkoon. T\u00e4llaiseen julkaisuun p\u00e4\u00e4see k\u00e4siksi Joensuun kampuskirjastosta ala-aulan koneelta &#8211; neuvoa voit tarvittaessa kysy\u00e4 asiakaspalvelutiskilt\u00e4. Muistathan itse suosia avoimen tieteen tekemist\u00e4 julkaisemalla oman gradusi aikanaan Open Access-periaatteella!<\/p>\n\n\n\n<p>Vanhemmat eli ennen vuotta 2012 julkaistut gradut l\u00f6ytyv\u00e4t <a href=\"https:\/\/primo.uef.fi\/discovery\/search?vid=358FIN_UOEF:VU1&amp;lang=fi\" target=\"_blank\" rel=\"noopener noreferrer\">UEF-Primosta (avautuu uuteen ikkunaan).<\/a> Graduja voit hakea UEF-Primosta joko tekij\u00e4n, ty\u00f6n nimen tai aiheen mukaan. Ennen vuotta 2012 julkaistut gradut ovat mikrofilmattuja, ja niit\u00e4 voi lukea kirjastossa olevilla mikrofilmilukulaitteilla.<\/p>\n\n\n\n<p>Samalla lailla l\u00f6ytyv\u00e4t my\u00f6s v\u00e4it\u00f6skirjat: tehd\u00e4\u00e4n ensin haku aiheella, jonka j\u00e4lkeen tulokset voi rajata koskemaan vain v\u00e4it\u00f6skirjoja.<\/p>\n\n\n\n<p>Muiden yliopistojen opinn\u00e4ytteit\u00e4 ja v\u00e4it\u00f6skirjoja l\u00f6ytyy <a href=\"https:\/\/finna.fi\/\" target=\"_blank\" rel=\"noopener noreferrer\">kansallisesta Finna-tietokannasta (avautuu uuteen ikkunaan).<\/a> Kansallinen Finna tarjoaa tiedot kaikkien Suomen yliopistokirjastojen kokoelmiin sis\u00e4ltyvist\u00e4 v\u00e4it\u00f6skirjoista ja muista opinn\u00e4ytteist\u00e4 sek\u00e4 linkit elektronisiin julkaisuihin. Kansallisesta Finnasta saatkin laajemman k\u00e4sityksen koko Suomesta.<\/p>\n\n\n\n<p>Siirry seuraavaan osioon <a href=\"https:\/\/blogs.uef.fi\/tiedonhaku-vieraatkielet\/hakuesimerkkeja\/lainsaadannon-ja-tilastotietojen-haku\/\">Lains\u00e4\u00e4d\u00e4nn\u00f6n ja tilastotietojen haku<\/a><\/p>\n\n\n\n<p>(p\u00e4ivitetty 1\/2024)<\/p>\n","protected":false},"excerpt":{"rendered":"<p>V\u00e4it\u00f6skirjaa pidet\u00e4\u00e4n ensimm\u00e4isen\u00e4 tutkijan itsen\u00e4isen\u00e4 tutkimuksena ja lisensiaattity\u00f6t\u00e4 (lisensiaatin ty\u00f6) ensimm\u00e4isen\u00e4 siteerauksen kest\u00e4v\u00e4n\u00e4 tutkimuksena. Nykyisin lisensiaattit\u00f6it\u00e4 julkaistaan melko v\u00e4h\u00e4n. Pro gradu \u2013tutkielmat ovat opiskelijoiden harjoitust\u00f6it\u00e4, joten niit\u00e4 ei yleens\u00e4 k\u00e4ytet\u00e4 tieteellisen ty\u00f6n ainoina l\u00e4htein\u00e4. Tarkista suhtautuminen ainelaitokseltasi, opettajaltasi tai ohjaajaltasi. Gradujen l\u00e4hdeluetteloista voi kuitenkin olla paljonkin hy\u00f6ty\u00e4 ja voit katsoa niist\u00e4 mallia muotoseikkoihin. Elektroninen julkaiseminen [&hellip;]<\/p>\n","protected":false},"author":129,"featured_media":0,"parent":167,"menu_order":0,"comment_status":"closed","ping_status":"open","template":"","meta":{"_acf_changed":false,"footnotes":""},"class_list":["post-224","page","type-page","status-publish","hentry"],"acf":[],"yoast_head":"<!-- This site is optimized with the Yoast SEO plugin v27.3 - https:\/\/yoast.com\/product\/yoast-seo-wordpress\/ -->\n<title>Opinn\u00e4ytteiden ja v\u00e4it\u00f6skirjojen haku - Vieraiden kielten tiedonhaku<\/title>\n<meta name=\"robots\" content=\"index, follow, max-snippet:-1, max-image-preview:large, max-video-preview:-1\" \/>\n<link rel=\"canonical\" href=\"https:\/\/blogs.uef.fi\/tiedonhaku-vieraatkielet\/hakuesimerkkeja\/opinnaytteiden-ja-vaitoskirjojen-haku\/\" \/>\n<meta property=\"og:locale\" content=\"fi_FI\" \/>\n<meta property=\"og:type\" content=\"article\" \/>\n<meta property=\"og:title\" content=\"Opinn\u00e4ytteiden ja v\u00e4it\u00f6skirjojen haku - Vieraiden kielten tiedonhaku\" \/>\n<meta property=\"og:description\" content=\"V\u00e4it\u00f6skirjaa pidet\u00e4\u00e4n ensimm\u00e4isen\u00e4 tutkijan itsen\u00e4isen\u00e4 tutkimuksena ja lisensiaattity\u00f6t\u00e4 (lisensiaatin ty\u00f6) ensimm\u00e4isen\u00e4 siteerauksen kest\u00e4v\u00e4n\u00e4 tutkimuksena. Nykyisin lisensiaattit\u00f6it\u00e4 julkaistaan melko v\u00e4h\u00e4n. Pro gradu \u2013tutkielmat ovat opiskelijoiden harjoitust\u00f6it\u00e4, joten niit\u00e4 ei yleens\u00e4 k\u00e4ytet\u00e4 tieteellisen ty\u00f6n ainoina l\u00e4htein\u00e4. Tarkista suhtautuminen ainelaitokseltasi, opettajaltasi tai ohjaajaltasi. Gradujen l\u00e4hdeluetteloista voi kuitenkin olla paljonkin hy\u00f6ty\u00e4 ja voit katsoa niist\u00e4 mallia muotoseikkoihin. Elektroninen julkaiseminen [&hellip;]\" \/>\n<meta property=\"og:url\" content=\"https:\/\/blogs.uef.fi\/tiedonhaku-vieraatkielet\/hakuesimerkkeja\/opinnaytteiden-ja-vaitoskirjojen-haku\/\" \/>\n<meta property=\"og:site_name\" content=\"Vieraiden kielten tiedonhaku\" \/>\n<meta property=\"article:modified_time\" content=\"2024-01-05T12:07:27+00:00\" \/>\n<meta name=\"twitter:card\" content=\"summary_large_image\" \/>\n<meta name=\"twitter:label1\" content=\"Arvioitu lukuaika\" \/>\n\t<meta name=\"twitter:data1\" content=\"2 minuuttia\" \/>\n<script type=\"application\/ld+json\" class=\"yoast-schema-graph\">{\"@context\":\"https:\\\/\\\/schema.org\",\"@graph\":[{\"@type\":\"WebPage\",\"@id\":\"https:\\\/\\\/blogs.uef.fi\\\/tiedonhaku-vieraatkielet\\\/hakuesimerkkeja\\\/opinnaytteiden-ja-vaitoskirjojen-haku\\\/\",\"url\":\"https:\\\/\\\/blogs.uef.fi\\\/tiedonhaku-vieraatkielet\\\/hakuesimerkkeja\\\/opinnaytteiden-ja-vaitoskirjojen-haku\\\/\",\"name\":\"Opinn\u00e4ytteiden ja v\u00e4it\u00f6skirjojen haku - Vieraiden kielten tiedonhaku\",\"isPartOf\":{\"@id\":\"https:\\\/\\\/blogs.uef.fi\\\/tiedonhaku-vieraatkielet\\\/#website\"},\"datePublished\":\"2015-05-18T09:34:11+00:00\",\"dateModified\":\"2024-01-05T12:07:27+00:00\",\"breadcrumb\":{\"@id\":\"https:\\\/\\\/blogs.uef.fi\\\/tiedonhaku-vieraatkielet\\\/hakuesimerkkeja\\\/opinnaytteiden-ja-vaitoskirjojen-haku\\\/#breadcrumb\"},\"inLanguage\":\"fi\",\"potentialAction\":[{\"@type\":\"ReadAction\",\"target\":[\"https:\\\/\\\/blogs.uef.fi\\\/tiedonhaku-vieraatkielet\\\/hakuesimerkkeja\\\/opinnaytteiden-ja-vaitoskirjojen-haku\\\/\"]}]},{\"@type\":\"BreadcrumbList\",\"@id\":\"https:\\\/\\\/blogs.uef.fi\\\/tiedonhaku-vieraatkielet\\\/hakuesimerkkeja\\\/opinnaytteiden-ja-vaitoskirjojen-haku\\\/#breadcrumb\",\"itemListElement\":[{\"@type\":\"ListItem\",\"position\":1,\"name\":\"Home\",\"item\":\"https:\\\/\\\/blogs.uef.fi\\\/tiedonhaku-vieraatkielet\\\/\"},{\"@type\":\"ListItem\",\"position\":2,\"name\":\"Hakuesimerkkej\u00e4\",\"item\":\"https:\\\/\\\/blogs.uef.fi\\\/tiedonhaku-vieraatkielet\\\/hakuesimerkkeja\\\/\"},{\"@type\":\"ListItem\",\"position\":3,\"name\":\"Opinn\u00e4ytteiden ja v\u00e4it\u00f6skirjojen haku\"}]},{\"@type\":\"WebSite\",\"@id\":\"https:\\\/\\\/blogs.uef.fi\\\/tiedonhaku-vieraatkielet\\\/#website\",\"url\":\"https:\\\/\\\/blogs.uef.fi\\\/tiedonhaku-vieraatkielet\\\/\",\"name\":\"Vieraiden kielten tiedonhaku\",\"description\":\"\",\"potentialAction\":[{\"@type\":\"SearchAction\",\"target\":{\"@type\":\"EntryPoint\",\"urlTemplate\":\"https:\\\/\\\/blogs.uef.fi\\\/tiedonhaku-vieraatkielet\\\/?s={search_term_string}\"},\"query-input\":{\"@type\":\"PropertyValueSpecification\",\"valueRequired\":true,\"valueName\":\"search_term_string\"}}],\"inLanguage\":\"fi\"}]}<\/script>\n<!-- \/ Yoast SEO plugin. -->","yoast_head_json":{"title":"Opinn\u00e4ytteiden ja v\u00e4it\u00f6skirjojen haku - Vieraiden kielten tiedonhaku","robots":{"index":"index","follow":"follow","max-snippet":"max-snippet:-1","max-image-preview":"max-image-preview:large","max-video-preview":"max-video-preview:-1"},"canonical":"https:\/\/blogs.uef.fi\/tiedonhaku-vieraatkielet\/hakuesimerkkeja\/opinnaytteiden-ja-vaitoskirjojen-haku\/","og_locale":"fi_FI","og_type":"article","og_title":"Opinn\u00e4ytteiden ja v\u00e4it\u00f6skirjojen haku - Vieraiden kielten tiedonhaku","og_description":"V\u00e4it\u00f6skirjaa pidet\u00e4\u00e4n ensimm\u00e4isen\u00e4 tutkijan itsen\u00e4isen\u00e4 tutkimuksena ja lisensiaattity\u00f6t\u00e4 (lisensiaatin ty\u00f6) ensimm\u00e4isen\u00e4 siteerauksen kest\u00e4v\u00e4n\u00e4 tutkimuksena. Nykyisin lisensiaattit\u00f6it\u00e4 julkaistaan melko v\u00e4h\u00e4n. Pro gradu \u2013tutkielmat ovat opiskelijoiden harjoitust\u00f6it\u00e4, joten niit\u00e4 ei yleens\u00e4 k\u00e4ytet\u00e4 tieteellisen ty\u00f6n ainoina l\u00e4htein\u00e4. Tarkista suhtautuminen ainelaitokseltasi, opettajaltasi tai ohjaajaltasi. Gradujen l\u00e4hdeluetteloista voi kuitenkin olla paljonkin hy\u00f6ty\u00e4 ja voit katsoa niist\u00e4 mallia muotoseikkoihin. Elektroninen julkaiseminen [&hellip;]","og_url":"https:\/\/blogs.uef.fi\/tiedonhaku-vieraatkielet\/hakuesimerkkeja\/opinnaytteiden-ja-vaitoskirjojen-haku\/","og_site_name":"Vieraiden kielten tiedonhaku","article_modified_time":"2024-01-05T12:07:27+00:00","twitter_card":"summary_large_image","twitter_misc":{"Arvioitu lukuaika":"2 minuuttia"},"schema":{"@context":"https:\/\/schema.org","@graph":[{"@type":"WebPage","@id":"https:\/\/blogs.uef.fi\/tiedonhaku-vieraatkielet\/hakuesimerkkeja\/opinnaytteiden-ja-vaitoskirjojen-haku\/","url":"https:\/\/blogs.uef.fi\/tiedonhaku-vieraatkielet\/hakuesimerkkeja\/opinnaytteiden-ja-vaitoskirjojen-haku\/","name":"Opinn\u00e4ytteiden ja v\u00e4it\u00f6skirjojen haku - Vieraiden kielten tiedonhaku","isPartOf":{"@id":"https:\/\/blogs.uef.fi\/tiedonhaku-vieraatkielet\/#website"},"datePublished":"2015-05-18T09:34:11+00:00","dateModified":"2024-01-05T12:07:27+00:00","breadcrumb":{"@id":"https:\/\/blogs.uef.fi\/tiedonhaku-vieraatkielet\/hakuesimerkkeja\/opinnaytteiden-ja-vaitoskirjojen-haku\/#breadcrumb"},"inLanguage":"fi","potentialAction":[{"@type":"ReadAction","target":["https:\/\/blogs.uef.fi\/tiedonhaku-vieraatkielet\/hakuesimerkkeja\/opinnaytteiden-ja-vaitoskirjojen-haku\/"]}]},{"@type":"BreadcrumbList","@id":"https:\/\/blogs.uef.fi\/tiedonhaku-vieraatkielet\/hakuesimerkkeja\/opinnaytteiden-ja-vaitoskirjojen-haku\/#breadcrumb","itemListElement":[{"@type":"ListItem","position":1,"name":"Home","item":"https:\/\/blogs.uef.fi\/tiedonhaku-vieraatkielet\/"},{"@type":"ListItem","position":2,"name":"Hakuesimerkkej\u00e4","item":"https:\/\/blogs.uef.fi\/tiedonhaku-vieraatkielet\/hakuesimerkkeja\/"},{"@type":"ListItem","position":3,"name":"Opinn\u00e4ytteiden ja v\u00e4it\u00f6skirjojen haku"}]},{"@type":"WebSite","@id":"https:\/\/blogs.uef.fi\/tiedonhaku-vieraatkielet\/#website","url":"https:\/\/blogs.uef.fi\/tiedonhaku-vieraatkielet\/","name":"Vieraiden kielten tiedonhaku","description":"","potentialAction":[{"@type":"SearchAction","target":{"@type":"EntryPoint","urlTemplate":"https:\/\/blogs.uef.fi\/tiedonhaku-vieraatkielet\/?s={search_term_string}"},"query-input":{"@type":"PropertyValueSpecification","valueRequired":true,"valueName":"search_term_string"}}],"inLanguage":"fi"}]}},"_links":{"self":[{"href":"https:\/\/blogs.uef.fi\/tiedonhaku-vieraatkielet\/wp-json\/wp\/v2\/pages\/224","targetHints":{"allow":["GET"]}}],"collection":[{"href":"https:\/\/blogs.uef.fi\/tiedonhaku-vieraatkielet\/wp-json\/wp\/v2\/pages"}],"about":[{"href":"https:\/\/blogs.uef.fi\/tiedonhaku-vieraatkielet\/wp-json\/wp\/v2\/types\/page"}],"author":[{"embeddable":true,"href":"https:\/\/blogs.uef.fi\/tiedonhaku-vieraatkielet\/wp-json\/wp\/v2\/users\/129"}],"replies":[{"embeddable":true,"href":"https:\/\/blogs.uef.fi\/tiedonhaku-vieraatkielet\/wp-json\/wp\/v2\/comments?post=224"}],"version-history":[{"count":1,"href":"https:\/\/blogs.uef.fi\/tiedonhaku-vieraatkielet\/wp-json\/wp\/v2\/pages\/224\/revisions"}],"predecessor-version":[{"id":2904,"href":"https:\/\/blogs.uef.fi\/tiedonhaku-vieraatkielet\/wp-json\/wp\/v2\/pages\/224\/revisions\/2904"}],"up":[{"embeddable":true,"href":"https:\/\/blogs.uef.fi\/tiedonhaku-vieraatkielet\/wp-json\/wp\/v2\/pages\/167"}],"wp:attachment":[{"href":"https:\/\/blogs.uef.fi\/tiedonhaku-vieraatkielet\/wp-json\/wp\/v2\/media?parent=224"}],"curies":[{"name":"wp","href":"https:\/\/api.w.org\/{rel}","templated":true}]}}