{"id":218,"date":"2015-05-18T08:04:53","date_gmt":"2015-05-18T08:04:53","guid":{"rendered":"https:\/\/ueflibrarylang.wordpress.com\/?page_id=218"},"modified":"2024-01-05T13:53:28","modified_gmt":"2024-01-05T11:53:28","slug":"kotimaisten-artikkelien-haku","status":"publish","type":"page","link":"https:\/\/blogs.uef.fi\/tiedonhaku-vieraatkielet\/hakuesimerkkeja\/kotimaisten-artikkelien-haku\/","title":{"rendered":"Kotimaisten artikkelien haku"},"content":{"rendered":"\n<p><span lang=\"FI\">Kotimaiset artikkelit voivat olla niin <span id=\"yui_3_17_2_3_1438076589172_127\"><span id=\"yui_3_17_2_3_1438076589172_126\" lang=\"FI\">tieteellisist\u00e4, ammatti-, harraste- kuin yleisaikakauslehdist\u00e4kin.<\/span><\/span> Toistaiseksi vain osa kotimaisista artikkeleista l\u00f6ytyy kokotekstein\u00e4. Ellei Google tai Google Scholarkaan l\u00f6yd\u00e4 haluamaasi artikkelia, voit joutua j\u00e4ljitt\u00e4m\u00e4\u00e4n painettua lehte\u00e4 kirjastoista tai kaukopalvelun kautta.<\/span><\/p>\n\n\n\n<p>Kotimaiset artikkelit eiv\u00e4t l\u00f6ydy kattavasti UEF-Primon kautta, vaan niit\u00e4 kannattaa etsi\u00e4 <a href=\"https:\/\/finna.fi\/\" target=\"_blank\" rel=\"noopener noreferrer\">kansallisen Finnan avulla<\/a> (avautuu uuteen ikkunaan). Haun tehty\u00e4si rajaa aineisto lehtiartikkeleihin.\u00a0 Jos artikkelilla on kokotekstilinkki mutta se ei avaudu, tee n\u00e4in: ota talteen lehden nimi, vuosikerta ja numero, joiden avulla voit j\u00e4ljitt\u00e4\u00e4 lehden UEF-Primosta. Hae lehte\u00e4 lehden nimell\u00e4 <a href=\"https:\/\/primo.uef.fi\/discovery\/jsearch?vid=358FIN_UOEF:VU1\" target=\"_blank\" rel=\"noopener noreferrer\">UEF-Primon lehtihaulla<\/a> (avautuu uuteen ikkunaan). Seuraa &#8221;kokoteksti verkossa&#8221; tai &#8221;saatavilla verkossa&#8221;-linkkej\u00e4. <\/p>\n\n\n\n<p>Kotimaisia tiedelehti\u00e4 voi selata my\u00f6s open access- julkaisuja sis\u00e4lt\u00e4v\u00e4ss\u00e4 <a href=\"https:\/\/journal.fi\/\" target=\"_blank\" rel=\"noopener noreferrer\">Journal.fi-palvelussa<\/a> (avautuu uuteen ikkunaan).<\/p>\n\n\n\n<p>Siirry seuraavaan osioon <a href=\"https:\/\/blogs.uef.fi\/tiedonhaku-vieraatkielet\/hakuesimerkkeja\/lehtien-haku\/\">Kansainv\u00e4listen artikkelien haku<\/a><\/p>\n\n\n\n<p>(p\u00e4ivitetty 1\/2024)<\/p>\n","protected":false},"excerpt":{"rendered":"<p>Kotimaiset artikkelit voivat olla niin tieteellisist\u00e4, ammatti-, harraste- kuin yleisaikakauslehdist\u00e4kin. Toistaiseksi vain osa kotimaisista artikkeleista l\u00f6ytyy kokotekstein\u00e4. Ellei Google tai Google Scholarkaan l\u00f6yd\u00e4 haluamaasi artikkelia, voit joutua j\u00e4ljitt\u00e4m\u00e4\u00e4n painettua lehte\u00e4 kirjastoista tai kaukopalvelun kautta. Kotimaiset artikkelit eiv\u00e4t l\u00f6ydy kattavasti UEF-Primon kautta, vaan niit\u00e4 kannattaa etsi\u00e4 kansallisen Finnan avulla (avautuu uuteen ikkunaan). Haun tehty\u00e4si rajaa aineisto [&hellip;]<\/p>\n","protected":false},"author":129,"featured_media":0,"parent":167,"menu_order":0,"comment_status":"closed","ping_status":"open","template":"","meta":{"_acf_changed":false,"footnotes":""},"class_list":["post-218","page","type-page","status-publish","hentry"],"acf":[],"yoast_head":"<!-- This site is optimized with the Yoast SEO plugin v27.1.1 - https:\/\/yoast.com\/product\/yoast-seo-wordpress\/ -->\n<title>Kotimaisten artikkelien haku - Vieraiden kielten tiedonhaku<\/title>\n<meta name=\"robots\" content=\"index, follow, max-snippet:-1, max-image-preview:large, max-video-preview:-1\" \/>\n<link rel=\"canonical\" href=\"https:\/\/blogs.uef.fi\/tiedonhaku-vieraatkielet\/hakuesimerkkeja\/kotimaisten-artikkelien-haku\/\" \/>\n<meta property=\"og:locale\" content=\"fi_FI\" \/>\n<meta property=\"og:type\" content=\"article\" \/>\n<meta property=\"og:title\" content=\"Kotimaisten artikkelien haku - Vieraiden kielten tiedonhaku\" \/>\n<meta property=\"og:description\" content=\"Kotimaiset artikkelit voivat olla niin tieteellisist\u00e4, ammatti-, harraste- kuin yleisaikakauslehdist\u00e4kin. Toistaiseksi vain osa kotimaisista artikkeleista l\u00f6ytyy kokotekstein\u00e4. Ellei Google tai Google Scholarkaan l\u00f6yd\u00e4 haluamaasi artikkelia, voit joutua j\u00e4ljitt\u00e4m\u00e4\u00e4n painettua lehte\u00e4 kirjastoista tai kaukopalvelun kautta. Kotimaiset artikkelit eiv\u00e4t l\u00f6ydy kattavasti UEF-Primon kautta, vaan niit\u00e4 kannattaa etsi\u00e4 kansallisen Finnan avulla (avautuu uuteen ikkunaan). Haun tehty\u00e4si rajaa aineisto [&hellip;]\" \/>\n<meta property=\"og:url\" content=\"https:\/\/blogs.uef.fi\/tiedonhaku-vieraatkielet\/hakuesimerkkeja\/kotimaisten-artikkelien-haku\/\" \/>\n<meta property=\"og:site_name\" content=\"Vieraiden kielten tiedonhaku\" \/>\n<meta property=\"article:modified_time\" content=\"2024-01-05T11:53:28+00:00\" \/>\n<meta name=\"twitter:card\" content=\"summary_large_image\" \/>\n<meta name=\"twitter:label1\" content=\"Arvioitu lukuaika\" \/>\n\t<meta name=\"twitter:data1\" content=\"1 minuutti\" \/>\n<script type=\"application\/ld+json\" class=\"yoast-schema-graph\">{\"@context\":\"https:\/\/schema.org\",\"@graph\":[{\"@type\":\"WebPage\",\"@id\":\"https:\/\/blogs.uef.fi\/tiedonhaku-vieraatkielet\/hakuesimerkkeja\/kotimaisten-artikkelien-haku\/\",\"url\":\"https:\/\/blogs.uef.fi\/tiedonhaku-vieraatkielet\/hakuesimerkkeja\/kotimaisten-artikkelien-haku\/\",\"name\":\"Kotimaisten artikkelien haku - Vieraiden kielten tiedonhaku\",\"isPartOf\":{\"@id\":\"https:\/\/blogs.uef.fi\/tiedonhaku-vieraatkielet\/#website\"},\"datePublished\":\"2015-05-18T08:04:53+00:00\",\"dateModified\":\"2024-01-05T11:53:28+00:00\",\"breadcrumb\":{\"@id\":\"https:\/\/blogs.uef.fi\/tiedonhaku-vieraatkielet\/hakuesimerkkeja\/kotimaisten-artikkelien-haku\/#breadcrumb\"},\"inLanguage\":\"fi\",\"potentialAction\":[{\"@type\":\"ReadAction\",\"target\":[\"https:\/\/blogs.uef.fi\/tiedonhaku-vieraatkielet\/hakuesimerkkeja\/kotimaisten-artikkelien-haku\/\"]}]},{\"@type\":\"BreadcrumbList\",\"@id\":\"https:\/\/blogs.uef.fi\/tiedonhaku-vieraatkielet\/hakuesimerkkeja\/kotimaisten-artikkelien-haku\/#breadcrumb\",\"itemListElement\":[{\"@type\":\"ListItem\",\"position\":1,\"name\":\"Home\",\"item\":\"https:\/\/blogs.uef.fi\/tiedonhaku-vieraatkielet\/\"},{\"@type\":\"ListItem\",\"position\":2,\"name\":\"Hakuesimerkkej\u00e4\",\"item\":\"https:\/\/blogs.uef.fi\/tiedonhaku-vieraatkielet\/hakuesimerkkeja\/\"},{\"@type\":\"ListItem\",\"position\":3,\"name\":\"Kotimaisten artikkelien haku\"}]},{\"@type\":\"WebSite\",\"@id\":\"https:\/\/blogs.uef.fi\/tiedonhaku-vieraatkielet\/#website\",\"url\":\"https:\/\/blogs.uef.fi\/tiedonhaku-vieraatkielet\/\",\"name\":\"Vieraiden kielten tiedonhaku\",\"description\":\"\",\"potentialAction\":[{\"@type\":\"SearchAction\",\"target\":{\"@type\":\"EntryPoint\",\"urlTemplate\":\"https:\/\/blogs.uef.fi\/tiedonhaku-vieraatkielet\/?s={search_term_string}\"},\"query-input\":{\"@type\":\"PropertyValueSpecification\",\"valueRequired\":true,\"valueName\":\"search_term_string\"}}],\"inLanguage\":\"fi\"}]}<\/script>\n<!-- \/ Yoast SEO plugin. -->","yoast_head_json":{"title":"Kotimaisten artikkelien haku - Vieraiden kielten tiedonhaku","robots":{"index":"index","follow":"follow","max-snippet":"max-snippet:-1","max-image-preview":"max-image-preview:large","max-video-preview":"max-video-preview:-1"},"canonical":"https:\/\/blogs.uef.fi\/tiedonhaku-vieraatkielet\/hakuesimerkkeja\/kotimaisten-artikkelien-haku\/","og_locale":"fi_FI","og_type":"article","og_title":"Kotimaisten artikkelien haku - Vieraiden kielten tiedonhaku","og_description":"Kotimaiset artikkelit voivat olla niin tieteellisist\u00e4, ammatti-, harraste- kuin yleisaikakauslehdist\u00e4kin. Toistaiseksi vain osa kotimaisista artikkeleista l\u00f6ytyy kokotekstein\u00e4. Ellei Google tai Google Scholarkaan l\u00f6yd\u00e4 haluamaasi artikkelia, voit joutua j\u00e4ljitt\u00e4m\u00e4\u00e4n painettua lehte\u00e4 kirjastoista tai kaukopalvelun kautta. Kotimaiset artikkelit eiv\u00e4t l\u00f6ydy kattavasti UEF-Primon kautta, vaan niit\u00e4 kannattaa etsi\u00e4 kansallisen Finnan avulla (avautuu uuteen ikkunaan). Haun tehty\u00e4si rajaa aineisto [&hellip;]","og_url":"https:\/\/blogs.uef.fi\/tiedonhaku-vieraatkielet\/hakuesimerkkeja\/kotimaisten-artikkelien-haku\/","og_site_name":"Vieraiden kielten tiedonhaku","article_modified_time":"2024-01-05T11:53:28+00:00","twitter_card":"summary_large_image","twitter_misc":{"Arvioitu lukuaika":"1 minuutti"},"schema":{"@context":"https:\/\/schema.org","@graph":[{"@type":"WebPage","@id":"https:\/\/blogs.uef.fi\/tiedonhaku-vieraatkielet\/hakuesimerkkeja\/kotimaisten-artikkelien-haku\/","url":"https:\/\/blogs.uef.fi\/tiedonhaku-vieraatkielet\/hakuesimerkkeja\/kotimaisten-artikkelien-haku\/","name":"Kotimaisten artikkelien haku - Vieraiden kielten tiedonhaku","isPartOf":{"@id":"https:\/\/blogs.uef.fi\/tiedonhaku-vieraatkielet\/#website"},"datePublished":"2015-05-18T08:04:53+00:00","dateModified":"2024-01-05T11:53:28+00:00","breadcrumb":{"@id":"https:\/\/blogs.uef.fi\/tiedonhaku-vieraatkielet\/hakuesimerkkeja\/kotimaisten-artikkelien-haku\/#breadcrumb"},"inLanguage":"fi","potentialAction":[{"@type":"ReadAction","target":["https:\/\/blogs.uef.fi\/tiedonhaku-vieraatkielet\/hakuesimerkkeja\/kotimaisten-artikkelien-haku\/"]}]},{"@type":"BreadcrumbList","@id":"https:\/\/blogs.uef.fi\/tiedonhaku-vieraatkielet\/hakuesimerkkeja\/kotimaisten-artikkelien-haku\/#breadcrumb","itemListElement":[{"@type":"ListItem","position":1,"name":"Home","item":"https:\/\/blogs.uef.fi\/tiedonhaku-vieraatkielet\/"},{"@type":"ListItem","position":2,"name":"Hakuesimerkkej\u00e4","item":"https:\/\/blogs.uef.fi\/tiedonhaku-vieraatkielet\/hakuesimerkkeja\/"},{"@type":"ListItem","position":3,"name":"Kotimaisten artikkelien haku"}]},{"@type":"WebSite","@id":"https:\/\/blogs.uef.fi\/tiedonhaku-vieraatkielet\/#website","url":"https:\/\/blogs.uef.fi\/tiedonhaku-vieraatkielet\/","name":"Vieraiden kielten tiedonhaku","description":"","potentialAction":[{"@type":"SearchAction","target":{"@type":"EntryPoint","urlTemplate":"https:\/\/blogs.uef.fi\/tiedonhaku-vieraatkielet\/?s={search_term_string}"},"query-input":{"@type":"PropertyValueSpecification","valueRequired":true,"valueName":"search_term_string"}}],"inLanguage":"fi"}]}},"_links":{"self":[{"href":"https:\/\/blogs.uef.fi\/tiedonhaku-vieraatkielet\/wp-json\/wp\/v2\/pages\/218","targetHints":{"allow":["GET"]}}],"collection":[{"href":"https:\/\/blogs.uef.fi\/tiedonhaku-vieraatkielet\/wp-json\/wp\/v2\/pages"}],"about":[{"href":"https:\/\/blogs.uef.fi\/tiedonhaku-vieraatkielet\/wp-json\/wp\/v2\/types\/page"}],"author":[{"embeddable":true,"href":"https:\/\/blogs.uef.fi\/tiedonhaku-vieraatkielet\/wp-json\/wp\/v2\/users\/129"}],"replies":[{"embeddable":true,"href":"https:\/\/blogs.uef.fi\/tiedonhaku-vieraatkielet\/wp-json\/wp\/v2\/comments?post=218"}],"version-history":[{"count":1,"href":"https:\/\/blogs.uef.fi\/tiedonhaku-vieraatkielet\/wp-json\/wp\/v2\/pages\/218\/revisions"}],"predecessor-version":[{"id":2880,"href":"https:\/\/blogs.uef.fi\/tiedonhaku-vieraatkielet\/wp-json\/wp\/v2\/pages\/218\/revisions\/2880"}],"up":[{"embeddable":true,"href":"https:\/\/blogs.uef.fi\/tiedonhaku-vieraatkielet\/wp-json\/wp\/v2\/pages\/167"}],"wp:attachment":[{"href":"https:\/\/blogs.uef.fi\/tiedonhaku-vieraatkielet\/wp-json\/wp\/v2\/media?parent=218"}],"curies":[{"name":"wp","href":"https:\/\/api.w.org\/{rel}","templated":true}]}}