{"id":215,"date":"2015-05-18T08:01:44","date_gmt":"2015-05-18T08:01:44","guid":{"rendered":"https:\/\/ueflibrarylang.wordpress.com\/?page_id=215"},"modified":"2024-01-05T14:02:50","modified_gmt":"2024-01-05T12:02:50","slug":"lehtien-haku","status":"publish","type":"page","link":"https:\/\/blogs.uef.fi\/tiedonhaku-vieraatkielet\/hakuesimerkkeja\/lehtien-haku\/","title":{"rendered":"Kansainv\u00e4listen artikkelien haku"},"content":{"rendered":"\n<p>Artikkelit ovat arvostettuja ja k\u00e4ytettyj\u00e4 l\u00e4hteit\u00e4 my\u00f6s humanistisissa tieteiss\u00e4. Ne v\u00e4litt\u00e4v\u00e4t tietoa jostakin tarkoin rajatusta aiheesta, tuottavat uutta tietoa ja yleens\u00e4 olettavat, ett\u00e4 lukijalla on jo perustiedot aihepiirist\u00e4 hallussaan. Laajoja katsauksia johonkin hyvin yleiseen aiheeseen, kuten &#8221;morfologia&#8221;, l\u00f6ytyy harvemmin artikkeleista. T\u00e4llaista tietoa kannattaa etsi\u00e4 kirjoista.<\/p>\n\n\n\n<p>Artikkelien aiheiden spesifisyyden vuoksi artikkeleita hakiessa voi k\u00e4ytt\u00e4\u00e4 tarkkoja hakutermej\u00e4 ja useitakin AND-operaatioita. My\u00f6s fraasien k\u00e4ytt\u00f6\u00e4 AND-operaatioiden sijaan voi harkita. Vaihtoehtoiset ilmaisumuodot ovat kuitenkin my\u00f6s t\u00e4rkeit\u00e4. Haun tulosta voi rajata kohdistamalla hakua esimerkiksi vain Title (otsikko) -kentt\u00e4\u00e4n. Artikkelit ovat saatavissa joko kokonaisuudessaan (full text) tai pelkkin\u00e4 viittein\u00e4 tietokannasta ja kirjaston lehtitilauksista riippuen.<\/p>\n\n\n\n<p>Tietokannan valintaan vaikuttaa aihe, josta olet tietoa etsim\u00e4ss\u00e4. It\u00e4-Suomen yliopiston kirjastossa kansainv\u00e4lisi\u00e4 artikkeleita voi hakea yksitt\u00e4isten tietokantojen lis\u00e4ksi my\u00f6s <a href=\"https:\/\/primo.uef.fi\/discovery\/search?vid=358FIN_UOEF:VU1&amp;lang=fi\" target=\"_blank\" rel=\"noopener noreferrer\">UEF-Primon<\/a> (avautuu uuteen ikkunaan) kautta useammasta tietokannasta yht\u00e4aikaa. T\u00e4ll\u00f6in k\u00e4ytet\u00e4\u00e4n UEF-Primossa hakua &#8221;Kansainv\u00e4liset artikkelit&#8221;. Hakukielen\u00e4 toimii kaikkein parhaiten englanti, muitakin kieli\u00e4 voi kokeilla.<\/p>\n\n\n\n<p>ESIMERKKEJ\u00c4:<\/p>\n\n\n\n<p>Jos artikkelin viitetiedot (ts. lehden nimi, artikkelin nimi, tekij\u00e4) ovat jo tiedossasi, on artikkelin hakeminen UEF-Primosta helppoa. Etsit\u00e4\u00e4n artikkeli seuraavilla tiedoilla: Verbitskaya, L.A: &#8221;Cognitive Predictors of Succes in Learning Russian&#8221; (Psychology in Russia: State of Art 2015, Vol 8(4). Kirjoita artikkelin nimi UEF-Primon perushaun hakuikkunaan, ja valitse hakuryhm\u00e4ksi &#8221;kansainv\u00e4liset artikkelit&#8221;:  <\/p>\n\n\n\n<p><img loading=\"lazy\" decoding=\"async\" width=\"1094\" height=\"432\" class=\"alignnone size-full wp-image-1458\" src=\"https:\/\/blogs.uef.fi\/tiedonhaku-vieraatkielet\/wp-content\/uploads\/sites\/63\/2020\/03\/artikkelihaku1.jpg\" alt=\"\" srcset=\"https:\/\/blogs.uef.fi\/tiedonhaku-vieraatkielet\/wp-content\/uploads\/sites\/63\/2020\/03\/artikkelihaku1.jpg 1094w, https:\/\/blogs.uef.fi\/tiedonhaku-vieraatkielet\/wp-content\/uploads\/sites\/63\/2020\/03\/artikkelihaku1-300x118.jpg 300w, https:\/\/blogs.uef.fi\/tiedonhaku-vieraatkielet\/wp-content\/uploads\/sites\/63\/2020\/03\/artikkelihaku1-1024x404.jpg 1024w, https:\/\/blogs.uef.fi\/tiedonhaku-vieraatkielet\/wp-content\/uploads\/sites\/63\/2020\/03\/artikkelihaku1-768x303.jpg 768w\" sizes=\"auto, (max-width: 1094px) 100vw, 1094px\" \/><br>  \u00a0Artikkelin kokotekstiin p\u00e4\u00e4see &#8221;Saatavilla verkossa&#8221;-linkist\u00e4 tai PDF-kuvakkeesta.    <section class=\"main template-dir-primo template-name-search tab-primo\"> <\/section>Etsit\u00e4\u00e4n kansainv\u00e4lisi\u00e4 artikkeleita omasta aiheesta, esimerkiksi &#8221;television tai Youtuben merkitys kielen oppimisessa&#8221;. Haun voi tehd\u00e4 UEF-Primossa useammasta artikkelitietokannasta yht\u00e4aikaa. Avataan <a href=\"https:\/\/primo.uef.fi\/discovery\/search?vid=358FIN_UOEF:VU1&amp;lang=fi&amp;mode=advanced\" target=\"_blank\" rel=\"noopener noreferrer\">UEF-Primon tarkennettu haku<\/a> (avautuu uuteen ikkunaan) ja valitaan sielt\u00e4 v\u00e4lilehti &#8221;Kansainv\u00e4liset artikkelit&#8221;. Hakukielen\u00e4 kannattaa k\u00e4ytt\u00e4\u00e4 englantia ja rajata tulokset halutessaan vasta j\u00e4lkik\u00e4teen kielen mukaan. Vaihtoehtoisten hakusanojen v\u00e4liin kirjoitetaan operaattori OR ja hakurivit yhdistet\u00e4\u00e4n toisiinsa AND-operaattorilla. Haun voi kohdistaa eri kenttiin, esim. otsikkoon tai aiheeseen:<\/p>\n\n\n\n<figure class=\"wp-block-image\"><img loading=\"lazy\" decoding=\"async\" width=\"1162\" height=\"648\" src=\"https:\/\/blogs.uef.fi\/tiedonhaku-vieraatkielet\/wp-content\/uploads\/sites\/63\/2020\/03\/artikkelihaku2.jpg\" alt=\"UEF-Primon tarkennetussa haussa on haettu hakuryhm\u00e4st\u00e4 Kansainv\u00e4liset artikkelit hakulausekkeella &quot;language learning&quot; AND (television OR youtube). Kaikki hakusanat on kohdistettu pudotusvalikosta l\u00f6ytyv\u00e4\u00e4n Aihe-kentt\u00e4\u00e4n.\" class=\"wp-image-1461\" srcset=\"https:\/\/blogs.uef.fi\/tiedonhaku-vieraatkielet\/wp-content\/uploads\/sites\/63\/2020\/03\/artikkelihaku2.jpg 1162w, https:\/\/blogs.uef.fi\/tiedonhaku-vieraatkielet\/wp-content\/uploads\/sites\/63\/2020\/03\/artikkelihaku2-300x167.jpg 300w, https:\/\/blogs.uef.fi\/tiedonhaku-vieraatkielet\/wp-content\/uploads\/sites\/63\/2020\/03\/artikkelihaku2-1024x571.jpg 1024w, https:\/\/blogs.uef.fi\/tiedonhaku-vieraatkielet\/wp-content\/uploads\/sites\/63\/2020\/03\/artikkelihaku2-768x428.jpg 768w\" sizes=\"auto, (max-width: 1162px) 100vw, 1162px\" \/><\/figure>\n\n\n\n<p>Hakutuloksissa on sek\u00e4 kokotekstiartikkeleita, ett\u00e4 viitteit\u00e4. Hakutulosta voi rajata tietokannan oikeassa laidassa olevista rajauksista. Jos artikkeliin ei l\u00f6ydy kokotekstilinkki\u00e4, voit koettaa etsi\u00e4 sit\u00e4 esim. Google Scholarin kautta kirjoittamalla artikkelin nimen Scholarin hakuikkunaan.<\/p>\n\n\n\n<p>UEF-Primo-haun lis\u00e4ksi artikkeleita kannattaa etsi\u00e4 my\u00f6s yhdest\u00e4 kansainv\u00e4lisest\u00e4 tietokannasta kerrallaan. T\u00e4ll\u00f6in haku on jo valmiiksi rajatumpi, sill\u00e4 mukaan ei tartu eri alojen tietokantoja. UEF-Primon perushaun tai tietokantahaun ikkunaan kirjoitetaan valitun tietokannan nimi ja avataan itse tietokanta. Alla olevissa esimerkeiss\u00e4 on avattu &#8221;Linguistics and Language Behavior Abstracts&#8221;-niminen kielentutkimukseen erikoistunut tietokanta:<\/p>\n\n\n\n<figure class=\"wp-block-image\"><img loading=\"lazy\" decoding=\"async\" width=\"1189\" height=\"529\" src=\"https:\/\/blogs.uef.fi\/tiedonhaku-vieraatkielet\/wp-content\/uploads\/sites\/63\/2018\/08\/llba.png\" alt=\"Tietokannan Linguistics and language behavior abstracts tarkennetussa haussa on tehty haku hakulauseekkeella &quot;language learning&quot; AND (television OR youtube). Kaikki hakusanat on kohdistettu pudotusvalikosta l\u00f6ytyv\u00e4\u00e4n Abstract-kentt\u00e4\u00e4n.\" class=\"wp-image-1133\" srcset=\"https:\/\/blogs.uef.fi\/tiedonhaku-vieraatkielet\/wp-content\/uploads\/sites\/63\/2018\/08\/llba.png 1189w, https:\/\/blogs.uef.fi\/tiedonhaku-vieraatkielet\/wp-content\/uploads\/sites\/63\/2018\/08\/llba-300x133.png 300w, https:\/\/blogs.uef.fi\/tiedonhaku-vieraatkielet\/wp-content\/uploads\/sites\/63\/2018\/08\/llba-768x342.png 768w, https:\/\/blogs.uef.fi\/tiedonhaku-vieraatkielet\/wp-content\/uploads\/sites\/63\/2018\/08\/llba-1024x456.png 1024w\" sizes=\"auto, (max-width: 1189px) 100vw, 1189px\" \/><\/figure>\n\n\n\n<p>Kaikki artikkelit eiv\u00e4t aukea automaattisesti kokotekstein\u00e4, vaan osa l\u00f6ytyy vain viittein\u00e4. Joskus artikkelin saamiseksi joutuu turvautumaan maksulliseen kaukopalveluun (artikkeli l\u00f6ytyy jostain toisesta kirjastosta), Varastokirjastoon (lehti l\u00f6ytyy painettuna sielt\u00e4) tai esim. Google Scholariin (jolloin vaaditaan erityist\u00e4 tarkkuutta: onko Google Scholarin julkaisema versio varmasti sama kuin tieteellisess\u00e4 lehdess\u00e4 oleva, vai esim. artikkelin raakaversio?).<\/p>\n\n\n\n<p><strong>VINKKI:<\/strong> Jos tiedossasi on vain artikkelin nimi, l\u00f6ytyy artikkeli UEF-Primon lis\u00e4ksi todenn\u00e4k\u00f6isesti my\u00f6s Google Scholarilla. Kirjoita artikkelin nimi Google Scholarin hakuikkunaan ja hae. Jos olet yliopistoverkossa, Google Scholar p\u00e4\u00e4see etsim\u00e4\u00e4n artikkeleita my\u00f6s UEF-Primon sis\u00e4lt\u00e4. Kotoa k\u00e4sin kirjaudu ensin UEF-Primoon, hae Google Scholar Primon tietokantahaulla ja suorita artikkelin haku vasta sitten. N\u00e4in Scholarin hakutuloksiin tulee n\u00e4kyviin UEF-linkki, jos sellainen on saatavilla.<\/p>\n\n\n\n<p>Siirry seuraavaan osioon <a href=\"https:\/\/blogs.uef.fi\/tiedonhaku-vieraatkielet\/hakuesimerkkeja\/opinnaytteiden-ja-vaitoskirjojen-haku\/\">Opinn\u00e4ytteiden ja v\u00e4it\u00f6skirjojen haku<\/a><\/p>\n\n\n\n<p>(p\u00e4ivitetty 1\/2024)<\/p>\n","protected":false},"excerpt":{"rendered":"<p>Artikkelit ovat arvostettuja ja k\u00e4ytettyj\u00e4 l\u00e4hteit\u00e4 my\u00f6s humanistisissa tieteiss\u00e4. Ne v\u00e4litt\u00e4v\u00e4t tietoa jostakin tarkoin rajatusta aiheesta, tuottavat uutta tietoa ja yleens\u00e4 olettavat, ett\u00e4 lukijalla on jo perustiedot aihepiirist\u00e4 hallussaan. Laajoja katsauksia johonkin hyvin yleiseen aiheeseen, kuten &#8221;morfologia&#8221;, l\u00f6ytyy harvemmin artikkeleista. T\u00e4llaista tietoa kannattaa etsi\u00e4 kirjoista. Artikkelien aiheiden spesifisyyden vuoksi artikkeleita hakiessa voi k\u00e4ytt\u00e4\u00e4 tarkkoja hakutermej\u00e4 [&hellip;]<\/p>\n","protected":false},"author":129,"featured_media":0,"parent":167,"menu_order":0,"comment_status":"closed","ping_status":"open","template":"","meta":{"_acf_changed":false,"footnotes":""},"class_list":["post-215","page","type-page","status-publish","hentry"],"acf":[],"yoast_head":"<!-- This site is optimized with the Yoast SEO plugin v27.3 - https:\/\/yoast.com\/product\/yoast-seo-wordpress\/ -->\n<title>Kansainv\u00e4listen artikkelien haku - Vieraiden kielten tiedonhaku<\/title>\n<meta name=\"robots\" content=\"index, follow, max-snippet:-1, max-image-preview:large, max-video-preview:-1\" \/>\n<link rel=\"canonical\" href=\"https:\/\/blogs.uef.fi\/tiedonhaku-vieraatkielet\/hakuesimerkkeja\/lehtien-haku\/\" \/>\n<meta property=\"og:locale\" content=\"fi_FI\" \/>\n<meta property=\"og:type\" content=\"article\" \/>\n<meta property=\"og:title\" content=\"Kansainv\u00e4listen artikkelien haku - Vieraiden kielten tiedonhaku\" \/>\n<meta property=\"og:description\" content=\"Artikkelit ovat arvostettuja ja k\u00e4ytettyj\u00e4 l\u00e4hteit\u00e4 my\u00f6s humanistisissa tieteiss\u00e4. Ne v\u00e4litt\u00e4v\u00e4t tietoa jostakin tarkoin rajatusta aiheesta, tuottavat uutta tietoa ja yleens\u00e4 olettavat, ett\u00e4 lukijalla on jo perustiedot aihepiirist\u00e4 hallussaan. Laajoja katsauksia johonkin hyvin yleiseen aiheeseen, kuten &#8221;morfologia&#8221;, l\u00f6ytyy harvemmin artikkeleista. T\u00e4llaista tietoa kannattaa etsi\u00e4 kirjoista. Artikkelien aiheiden spesifisyyden vuoksi artikkeleita hakiessa voi k\u00e4ytt\u00e4\u00e4 tarkkoja hakutermej\u00e4 [&hellip;]\" \/>\n<meta property=\"og:url\" content=\"https:\/\/blogs.uef.fi\/tiedonhaku-vieraatkielet\/hakuesimerkkeja\/lehtien-haku\/\" \/>\n<meta property=\"og:site_name\" content=\"Vieraiden kielten tiedonhaku\" \/>\n<meta property=\"article:modified_time\" content=\"2024-01-05T12:02:50+00:00\" \/>\n<meta property=\"og:image\" content=\"https:\/\/blogs.uef.fi\/tiedonhaku-vieraatkielet\/wp-content\/uploads\/sites\/63\/2020\/03\/artikkelihaku1.jpg\" \/>\n<meta name=\"twitter:card\" content=\"summary_large_image\" \/>\n<meta name=\"twitter:label1\" content=\"Arvioitu lukuaika\" \/>\n\t<meta name=\"twitter:data1\" content=\"4 minuuttia\" \/>\n<script type=\"application\/ld+json\" class=\"yoast-schema-graph\">{\"@context\":\"https:\\\/\\\/schema.org\",\"@graph\":[{\"@type\":\"WebPage\",\"@id\":\"https:\\\/\\\/blogs.uef.fi\\\/tiedonhaku-vieraatkielet\\\/hakuesimerkkeja\\\/lehtien-haku\\\/\",\"url\":\"https:\\\/\\\/blogs.uef.fi\\\/tiedonhaku-vieraatkielet\\\/hakuesimerkkeja\\\/lehtien-haku\\\/\",\"name\":\"Kansainv\u00e4listen artikkelien haku - Vieraiden kielten tiedonhaku\",\"isPartOf\":{\"@id\":\"https:\\\/\\\/blogs.uef.fi\\\/tiedonhaku-vieraatkielet\\\/#website\"},\"primaryImageOfPage\":{\"@id\":\"https:\\\/\\\/blogs.uef.fi\\\/tiedonhaku-vieraatkielet\\\/hakuesimerkkeja\\\/lehtien-haku\\\/#primaryimage\"},\"image\":{\"@id\":\"https:\\\/\\\/blogs.uef.fi\\\/tiedonhaku-vieraatkielet\\\/hakuesimerkkeja\\\/lehtien-haku\\\/#primaryimage\"},\"thumbnailUrl\":\"https:\\\/\\\/blogs.uef.fi\\\/tiedonhaku-vieraatkielet\\\/wp-content\\\/uploads\\\/sites\\\/63\\\/2020\\\/03\\\/artikkelihaku1.jpg\",\"datePublished\":\"2015-05-18T08:01:44+00:00\",\"dateModified\":\"2024-01-05T12:02:50+00:00\",\"breadcrumb\":{\"@id\":\"https:\\\/\\\/blogs.uef.fi\\\/tiedonhaku-vieraatkielet\\\/hakuesimerkkeja\\\/lehtien-haku\\\/#breadcrumb\"},\"inLanguage\":\"fi\",\"potentialAction\":[{\"@type\":\"ReadAction\",\"target\":[\"https:\\\/\\\/blogs.uef.fi\\\/tiedonhaku-vieraatkielet\\\/hakuesimerkkeja\\\/lehtien-haku\\\/\"]}]},{\"@type\":\"ImageObject\",\"inLanguage\":\"fi\",\"@id\":\"https:\\\/\\\/blogs.uef.fi\\\/tiedonhaku-vieraatkielet\\\/hakuesimerkkeja\\\/lehtien-haku\\\/#primaryimage\",\"url\":\"https:\\\/\\\/blogs.uef.fi\\\/tiedonhaku-vieraatkielet\\\/wp-content\\\/uploads\\\/sites\\\/63\\\/2020\\\/03\\\/artikkelihaku1.jpg\",\"contentUrl\":\"https:\\\/\\\/blogs.uef.fi\\\/tiedonhaku-vieraatkielet\\\/wp-content\\\/uploads\\\/sites\\\/63\\\/2020\\\/03\\\/artikkelihaku1.jpg\",\"width\":1094,\"height\":432},{\"@type\":\"BreadcrumbList\",\"@id\":\"https:\\\/\\\/blogs.uef.fi\\\/tiedonhaku-vieraatkielet\\\/hakuesimerkkeja\\\/lehtien-haku\\\/#breadcrumb\",\"itemListElement\":[{\"@type\":\"ListItem\",\"position\":1,\"name\":\"Home\",\"item\":\"https:\\\/\\\/blogs.uef.fi\\\/tiedonhaku-vieraatkielet\\\/\"},{\"@type\":\"ListItem\",\"position\":2,\"name\":\"Hakuesimerkkej\u00e4\",\"item\":\"https:\\\/\\\/blogs.uef.fi\\\/tiedonhaku-vieraatkielet\\\/hakuesimerkkeja\\\/\"},{\"@type\":\"ListItem\",\"position\":3,\"name\":\"Kansainv\u00e4listen artikkelien haku\"}]},{\"@type\":\"WebSite\",\"@id\":\"https:\\\/\\\/blogs.uef.fi\\\/tiedonhaku-vieraatkielet\\\/#website\",\"url\":\"https:\\\/\\\/blogs.uef.fi\\\/tiedonhaku-vieraatkielet\\\/\",\"name\":\"Vieraiden kielten tiedonhaku\",\"description\":\"\",\"potentialAction\":[{\"@type\":\"SearchAction\",\"target\":{\"@type\":\"EntryPoint\",\"urlTemplate\":\"https:\\\/\\\/blogs.uef.fi\\\/tiedonhaku-vieraatkielet\\\/?s={search_term_string}\"},\"query-input\":{\"@type\":\"PropertyValueSpecification\",\"valueRequired\":true,\"valueName\":\"search_term_string\"}}],\"inLanguage\":\"fi\"}]}<\/script>\n<!-- \/ Yoast SEO plugin. -->","yoast_head_json":{"title":"Kansainv\u00e4listen artikkelien haku - Vieraiden kielten tiedonhaku","robots":{"index":"index","follow":"follow","max-snippet":"max-snippet:-1","max-image-preview":"max-image-preview:large","max-video-preview":"max-video-preview:-1"},"canonical":"https:\/\/blogs.uef.fi\/tiedonhaku-vieraatkielet\/hakuesimerkkeja\/lehtien-haku\/","og_locale":"fi_FI","og_type":"article","og_title":"Kansainv\u00e4listen artikkelien haku - Vieraiden kielten tiedonhaku","og_description":"Artikkelit ovat arvostettuja ja k\u00e4ytettyj\u00e4 l\u00e4hteit\u00e4 my\u00f6s humanistisissa tieteiss\u00e4. Ne v\u00e4litt\u00e4v\u00e4t tietoa jostakin tarkoin rajatusta aiheesta, tuottavat uutta tietoa ja yleens\u00e4 olettavat, ett\u00e4 lukijalla on jo perustiedot aihepiirist\u00e4 hallussaan. Laajoja katsauksia johonkin hyvin yleiseen aiheeseen, kuten &#8221;morfologia&#8221;, l\u00f6ytyy harvemmin artikkeleista. T\u00e4llaista tietoa kannattaa etsi\u00e4 kirjoista. Artikkelien aiheiden spesifisyyden vuoksi artikkeleita hakiessa voi k\u00e4ytt\u00e4\u00e4 tarkkoja hakutermej\u00e4 [&hellip;]","og_url":"https:\/\/blogs.uef.fi\/tiedonhaku-vieraatkielet\/hakuesimerkkeja\/lehtien-haku\/","og_site_name":"Vieraiden kielten tiedonhaku","article_modified_time":"2024-01-05T12:02:50+00:00","og_image":[{"url":"https:\/\/blogs.uef.fi\/tiedonhaku-vieraatkielet\/wp-content\/uploads\/sites\/63\/2020\/03\/artikkelihaku1.jpg","type":"","width":"","height":""}],"twitter_card":"summary_large_image","twitter_misc":{"Arvioitu lukuaika":"4 minuuttia"},"schema":{"@context":"https:\/\/schema.org","@graph":[{"@type":"WebPage","@id":"https:\/\/blogs.uef.fi\/tiedonhaku-vieraatkielet\/hakuesimerkkeja\/lehtien-haku\/","url":"https:\/\/blogs.uef.fi\/tiedonhaku-vieraatkielet\/hakuesimerkkeja\/lehtien-haku\/","name":"Kansainv\u00e4listen artikkelien haku - Vieraiden kielten tiedonhaku","isPartOf":{"@id":"https:\/\/blogs.uef.fi\/tiedonhaku-vieraatkielet\/#website"},"primaryImageOfPage":{"@id":"https:\/\/blogs.uef.fi\/tiedonhaku-vieraatkielet\/hakuesimerkkeja\/lehtien-haku\/#primaryimage"},"image":{"@id":"https:\/\/blogs.uef.fi\/tiedonhaku-vieraatkielet\/hakuesimerkkeja\/lehtien-haku\/#primaryimage"},"thumbnailUrl":"https:\/\/blogs.uef.fi\/tiedonhaku-vieraatkielet\/wp-content\/uploads\/sites\/63\/2020\/03\/artikkelihaku1.jpg","datePublished":"2015-05-18T08:01:44+00:00","dateModified":"2024-01-05T12:02:50+00:00","breadcrumb":{"@id":"https:\/\/blogs.uef.fi\/tiedonhaku-vieraatkielet\/hakuesimerkkeja\/lehtien-haku\/#breadcrumb"},"inLanguage":"fi","potentialAction":[{"@type":"ReadAction","target":["https:\/\/blogs.uef.fi\/tiedonhaku-vieraatkielet\/hakuesimerkkeja\/lehtien-haku\/"]}]},{"@type":"ImageObject","inLanguage":"fi","@id":"https:\/\/blogs.uef.fi\/tiedonhaku-vieraatkielet\/hakuesimerkkeja\/lehtien-haku\/#primaryimage","url":"https:\/\/blogs.uef.fi\/tiedonhaku-vieraatkielet\/wp-content\/uploads\/sites\/63\/2020\/03\/artikkelihaku1.jpg","contentUrl":"https:\/\/blogs.uef.fi\/tiedonhaku-vieraatkielet\/wp-content\/uploads\/sites\/63\/2020\/03\/artikkelihaku1.jpg","width":1094,"height":432},{"@type":"BreadcrumbList","@id":"https:\/\/blogs.uef.fi\/tiedonhaku-vieraatkielet\/hakuesimerkkeja\/lehtien-haku\/#breadcrumb","itemListElement":[{"@type":"ListItem","position":1,"name":"Home","item":"https:\/\/blogs.uef.fi\/tiedonhaku-vieraatkielet\/"},{"@type":"ListItem","position":2,"name":"Hakuesimerkkej\u00e4","item":"https:\/\/blogs.uef.fi\/tiedonhaku-vieraatkielet\/hakuesimerkkeja\/"},{"@type":"ListItem","position":3,"name":"Kansainv\u00e4listen artikkelien haku"}]},{"@type":"WebSite","@id":"https:\/\/blogs.uef.fi\/tiedonhaku-vieraatkielet\/#website","url":"https:\/\/blogs.uef.fi\/tiedonhaku-vieraatkielet\/","name":"Vieraiden kielten tiedonhaku","description":"","potentialAction":[{"@type":"SearchAction","target":{"@type":"EntryPoint","urlTemplate":"https:\/\/blogs.uef.fi\/tiedonhaku-vieraatkielet\/?s={search_term_string}"},"query-input":{"@type":"PropertyValueSpecification","valueRequired":true,"valueName":"search_term_string"}}],"inLanguage":"fi"}]}},"_links":{"self":[{"href":"https:\/\/blogs.uef.fi\/tiedonhaku-vieraatkielet\/wp-json\/wp\/v2\/pages\/215","targetHints":{"allow":["GET"]}}],"collection":[{"href":"https:\/\/blogs.uef.fi\/tiedonhaku-vieraatkielet\/wp-json\/wp\/v2\/pages"}],"about":[{"href":"https:\/\/blogs.uef.fi\/tiedonhaku-vieraatkielet\/wp-json\/wp\/v2\/types\/page"}],"author":[{"embeddable":true,"href":"https:\/\/blogs.uef.fi\/tiedonhaku-vieraatkielet\/wp-json\/wp\/v2\/users\/129"}],"replies":[{"embeddable":true,"href":"https:\/\/blogs.uef.fi\/tiedonhaku-vieraatkielet\/wp-json\/wp\/v2\/comments?post=215"}],"version-history":[{"count":1,"href":"https:\/\/blogs.uef.fi\/tiedonhaku-vieraatkielet\/wp-json\/wp\/v2\/pages\/215\/revisions"}],"predecessor-version":[{"id":2898,"href":"https:\/\/blogs.uef.fi\/tiedonhaku-vieraatkielet\/wp-json\/wp\/v2\/pages\/215\/revisions\/2898"}],"up":[{"embeddable":true,"href":"https:\/\/blogs.uef.fi\/tiedonhaku-vieraatkielet\/wp-json\/wp\/v2\/pages\/167"}],"wp:attachment":[{"href":"https:\/\/blogs.uef.fi\/tiedonhaku-vieraatkielet\/wp-json\/wp\/v2\/media?parent=215"}],"curies":[{"name":"wp","href":"https:\/\/api.w.org\/{rel}","templated":true}]}}