{"id":212,"date":"2015-05-18T08:00:42","date_gmt":"2015-05-18T08:00:42","guid":{"rendered":"https:\/\/ueflibrarylang.wordpress.com\/?page_id=212"},"modified":"2023-09-13T15:53:49","modified_gmt":"2023-09-13T12:53:49","slug":"kirjojen-haku","status":"publish","type":"page","link":"https:\/\/blogs.uef.fi\/tiedonhaku-vieraatkielet\/hakuesimerkkeja\/kirjojen-haku\/","title":{"rendered":"Kirjojen haku"},"content":{"rendered":"\n<p>Kirjoista saa vakiintuneen ja yleisesti hyv\u00e4ksytyn kokonaiskuvan ja taustatietoa aiheestaan. Osa kielitieteellisest\u00e4 tutkimuksesta julkaistaan edelleen kirjamuodossa, vaikka artikkelien m\u00e4\u00e4r\u00e4 on toki kasvussa.<\/p>\n\n\n\n<p>Kirjoja pit\u00e4\u00e4 yleens\u00e4 hakea hieman omaa aihettaan laajemmin. Kirjassa voi olla kappale aiheestasi, mutta kokoelmatietokantoihin ei ole aina tallennettu etenk\u00e4\u00e4n vanhempien teosten sis\u00e4llysluetteloita.<\/p>\n\n\n\n<p>Jokaisella kirjastolla on oma kokoelmatietokantansa, joista l\u00f6ytyy tietoja my\u00f6s:<\/p>\n\n\n\n<ul class=\"wp-block-list\">\n<li>julkaisusarjoissa ilmestyneit\u00e4 tutkimusraporteista ja selvityksist\u00e4 yms.<\/li>\n\n\n\n<li>v\u00e4it\u00f6skirjoista ja muista opinn\u00e4ytet\u00f6ist\u00e4 (my\u00f6s pro gradu -t\u00f6ist\u00e4)<\/li>\n\n\n\n<li>elektronisista kirjoista<\/li>\n\n\n\n<li>painetuista ja elektronisista lehdist\u00e4<\/li>\n\n\n\n<li>k\u00e4ytett\u00e4viss\u00e4 olevista tietokannoista<\/li>\n<\/ul>\n\n\n\n<p>Oman kirjastosi painettuja ja elektronisia kirjoja l\u00f6yd\u00e4t kirjaston omasta hakupalvelusta, <a href=\"https:\/\/primo.uef.fi\/discovery\/search?vid=358FIN_UOEF:VU1&amp;lang=fi\" target=\"_blank\" rel=\"noopener noreferrer\">UEF-Primosta (avautuu uuteen ikkunaan).<\/a><\/p>\n\n\n\n<p>Kansallisesta Finnasta osoitteessa <a href=\"https:\/\/finna.fi\/\" target=\"_blank\" rel=\"noopener noreferrer\">finna.fi<\/a> (avautuu uuteen ikkunaan) l\u00f6yd\u00e4t teoksia ja kotimaisia artikkeleita laajemmin koko Suomesta. Kansallisessa Finnassa on kaikkien Suomen korkeakoulukirjastojen tietokantojen aineistot, my\u00f6s UEF-Primon kautta l\u00f6ytyv\u00e4t It\u00e4-Suomen yliopiston kirjaston erityisesti painetut kokoelmat.<\/p>\n\n\n\n<figure class=\"wp-block-image\"><img loading=\"lazy\" decoding=\"async\" width=\"803\" height=\"333\" src=\"https:\/\/blogs.uef.fi\/tiedonhaku-vieraatkielet\/wp-content\/uploads\/sites\/63\/2018\/08\/finnafi.png\" alt=\"Finna.fi-palvelun etusivu.\" class=\"wp-image-1103\" srcset=\"https:\/\/blogs.uef.fi\/tiedonhaku-vieraatkielet\/wp-content\/uploads\/sites\/63\/2018\/08\/finnafi.png 803w, https:\/\/blogs.uef.fi\/tiedonhaku-vieraatkielet\/wp-content\/uploads\/sites\/63\/2018\/08\/finnafi-300x124.png 300w, https:\/\/blogs.uef.fi\/tiedonhaku-vieraatkielet\/wp-content\/uploads\/sites\/63\/2018\/08\/finnafi-768x318.png 768w\" sizes=\"auto, (max-width: 803px) 100vw, 803px\" \/><\/figure>\n\n\n\n<p><strong>Kirjaston elektroniset kirjat <\/strong>l\u00f6ytyv\u00e4t UEF-Primosta. Niit\u00e4 voi hakea my\u00f6s palveluntarjoajien omilta sivuilta eli eBook Centralista tai&nbsp; tietokannasta nimelt\u00e4\u00e4n eBook Collection (Ebsco). Molemmat l\u00f6ytyv\u00e4t UEF-Primon kautta kirjoittamalla tietokannan nimi perushaun hakuikkunaan.<\/p>\n\n\n\n<p>(p\u00e4ivitetty 9\/2023)<\/p>\n\n\n\n<p>Siirry seuraavaan osioon <a href=\"https:\/\/blogs.uef.fi\/tiedonhaku-vieraatkielet\/hakuesimerkkeja\/kotimaisten-artikkelien-haku\/\">Kotimaisten artikkelien haku<\/a><\/p>\n","protected":false},"excerpt":{"rendered":"<p>Kirjoista saa vakiintuneen ja yleisesti hyv\u00e4ksytyn kokonaiskuvan ja taustatietoa aiheestaan. Osa kielitieteellisest\u00e4 tutkimuksesta julkaistaan edelleen kirjamuodossa, vaikka artikkelien m\u00e4\u00e4r\u00e4 on toki kasvussa. Kirjoja pit\u00e4\u00e4 yleens\u00e4 hakea hieman omaa aihettaan laajemmin. Kirjassa voi olla kappale aiheestasi, mutta kokoelmatietokantoihin ei ole aina tallennettu etenk\u00e4\u00e4n vanhempien teosten sis\u00e4llysluetteloita. Jokaisella kirjastolla on oma kokoelmatietokantansa, joista l\u00f6ytyy tietoja my\u00f6s: Oman [&hellip;]<\/p>\n","protected":false},"author":129,"featured_media":0,"parent":167,"menu_order":0,"comment_status":"closed","ping_status":"open","template":"","meta":{"_acf_changed":false,"footnotes":""},"class_list":["post-212","page","type-page","status-publish","hentry"],"acf":[],"yoast_head":"<!-- This site is optimized with the Yoast SEO plugin v27.1.1 - https:\/\/yoast.com\/product\/yoast-seo-wordpress\/ -->\n<title>Kirjojen haku - Vieraiden kielten tiedonhaku<\/title>\n<meta name=\"robots\" content=\"index, follow, max-snippet:-1, max-image-preview:large, max-video-preview:-1\" \/>\n<link rel=\"canonical\" href=\"https:\/\/blogs.uef.fi\/tiedonhaku-vieraatkielet\/hakuesimerkkeja\/kirjojen-haku\/\" \/>\n<meta property=\"og:locale\" content=\"fi_FI\" \/>\n<meta property=\"og:type\" content=\"article\" \/>\n<meta property=\"og:title\" content=\"Kirjojen haku - Vieraiden kielten tiedonhaku\" \/>\n<meta property=\"og:description\" content=\"Kirjoista saa vakiintuneen ja yleisesti hyv\u00e4ksytyn kokonaiskuvan ja taustatietoa aiheestaan. Osa kielitieteellisest\u00e4 tutkimuksesta julkaistaan edelleen kirjamuodossa, vaikka artikkelien m\u00e4\u00e4r\u00e4 on toki kasvussa. Kirjoja pit\u00e4\u00e4 yleens\u00e4 hakea hieman omaa aihettaan laajemmin. Kirjassa voi olla kappale aiheestasi, mutta kokoelmatietokantoihin ei ole aina tallennettu etenk\u00e4\u00e4n vanhempien teosten sis\u00e4llysluetteloita. Jokaisella kirjastolla on oma kokoelmatietokantansa, joista l\u00f6ytyy tietoja my\u00f6s: Oman [&hellip;]\" \/>\n<meta property=\"og:url\" content=\"https:\/\/blogs.uef.fi\/tiedonhaku-vieraatkielet\/hakuesimerkkeja\/kirjojen-haku\/\" \/>\n<meta property=\"og:site_name\" content=\"Vieraiden kielten tiedonhaku\" \/>\n<meta property=\"article:modified_time\" content=\"2023-09-13T12:53:49+00:00\" \/>\n<meta property=\"og:image\" content=\"https:\/\/blogs.uef.fi\/tiedonhaku-vieraatkielet\/wp-content\/uploads\/sites\/63\/2018\/08\/finnafi.png\" \/>\n<meta name=\"twitter:card\" content=\"summary_large_image\" \/>\n<meta name=\"twitter:label1\" content=\"Arvioitu lukuaika\" \/>\n\t<meta name=\"twitter:data1\" content=\"2 minuuttia\" \/>\n<script type=\"application\/ld+json\" class=\"yoast-schema-graph\">{\"@context\":\"https:\/\/schema.org\",\"@graph\":[{\"@type\":\"WebPage\",\"@id\":\"https:\/\/blogs.uef.fi\/tiedonhaku-vieraatkielet\/hakuesimerkkeja\/kirjojen-haku\/\",\"url\":\"https:\/\/blogs.uef.fi\/tiedonhaku-vieraatkielet\/hakuesimerkkeja\/kirjojen-haku\/\",\"name\":\"Kirjojen haku - Vieraiden kielten tiedonhaku\",\"isPartOf\":{\"@id\":\"https:\/\/blogs.uef.fi\/tiedonhaku-vieraatkielet\/#website\"},\"primaryImageOfPage\":{\"@id\":\"https:\/\/blogs.uef.fi\/tiedonhaku-vieraatkielet\/hakuesimerkkeja\/kirjojen-haku\/#primaryimage\"},\"image\":{\"@id\":\"https:\/\/blogs.uef.fi\/tiedonhaku-vieraatkielet\/hakuesimerkkeja\/kirjojen-haku\/#primaryimage\"},\"thumbnailUrl\":\"https:\/\/blogs.uef.fi\/tiedonhaku-vieraatkielet\/wp-content\/uploads\/sites\/63\/2018\/08\/finnafi.png\",\"datePublished\":\"2015-05-18T08:00:42+00:00\",\"dateModified\":\"2023-09-13T12:53:49+00:00\",\"breadcrumb\":{\"@id\":\"https:\/\/blogs.uef.fi\/tiedonhaku-vieraatkielet\/hakuesimerkkeja\/kirjojen-haku\/#breadcrumb\"},\"inLanguage\":\"fi\",\"potentialAction\":[{\"@type\":\"ReadAction\",\"target\":[\"https:\/\/blogs.uef.fi\/tiedonhaku-vieraatkielet\/hakuesimerkkeja\/kirjojen-haku\/\"]}]},{\"@type\":\"ImageObject\",\"inLanguage\":\"fi\",\"@id\":\"https:\/\/blogs.uef.fi\/tiedonhaku-vieraatkielet\/hakuesimerkkeja\/kirjojen-haku\/#primaryimage\",\"url\":\"https:\/\/blogs.uef.fi\/tiedonhaku-vieraatkielet\/wp-content\/uploads\/sites\/63\/2018\/08\/finnafi.png\",\"contentUrl\":\"https:\/\/blogs.uef.fi\/tiedonhaku-vieraatkielet\/wp-content\/uploads\/sites\/63\/2018\/08\/finnafi.png\",\"width\":803,\"height\":333},{\"@type\":\"BreadcrumbList\",\"@id\":\"https:\/\/blogs.uef.fi\/tiedonhaku-vieraatkielet\/hakuesimerkkeja\/kirjojen-haku\/#breadcrumb\",\"itemListElement\":[{\"@type\":\"ListItem\",\"position\":1,\"name\":\"Home\",\"item\":\"https:\/\/blogs.uef.fi\/tiedonhaku-vieraatkielet\/\"},{\"@type\":\"ListItem\",\"position\":2,\"name\":\"Hakuesimerkkej\u00e4\",\"item\":\"https:\/\/blogs.uef.fi\/tiedonhaku-vieraatkielet\/hakuesimerkkeja\/\"},{\"@type\":\"ListItem\",\"position\":3,\"name\":\"Kirjojen haku\"}]},{\"@type\":\"WebSite\",\"@id\":\"https:\/\/blogs.uef.fi\/tiedonhaku-vieraatkielet\/#website\",\"url\":\"https:\/\/blogs.uef.fi\/tiedonhaku-vieraatkielet\/\",\"name\":\"Vieraiden kielten tiedonhaku\",\"description\":\"\",\"potentialAction\":[{\"@type\":\"SearchAction\",\"target\":{\"@type\":\"EntryPoint\",\"urlTemplate\":\"https:\/\/blogs.uef.fi\/tiedonhaku-vieraatkielet\/?s={search_term_string}\"},\"query-input\":{\"@type\":\"PropertyValueSpecification\",\"valueRequired\":true,\"valueName\":\"search_term_string\"}}],\"inLanguage\":\"fi\"}]}<\/script>\n<!-- \/ Yoast SEO plugin. -->","yoast_head_json":{"title":"Kirjojen haku - Vieraiden kielten tiedonhaku","robots":{"index":"index","follow":"follow","max-snippet":"max-snippet:-1","max-image-preview":"max-image-preview:large","max-video-preview":"max-video-preview:-1"},"canonical":"https:\/\/blogs.uef.fi\/tiedonhaku-vieraatkielet\/hakuesimerkkeja\/kirjojen-haku\/","og_locale":"fi_FI","og_type":"article","og_title":"Kirjojen haku - Vieraiden kielten tiedonhaku","og_description":"Kirjoista saa vakiintuneen ja yleisesti hyv\u00e4ksytyn kokonaiskuvan ja taustatietoa aiheestaan. Osa kielitieteellisest\u00e4 tutkimuksesta julkaistaan edelleen kirjamuodossa, vaikka artikkelien m\u00e4\u00e4r\u00e4 on toki kasvussa. Kirjoja pit\u00e4\u00e4 yleens\u00e4 hakea hieman omaa aihettaan laajemmin. Kirjassa voi olla kappale aiheestasi, mutta kokoelmatietokantoihin ei ole aina tallennettu etenk\u00e4\u00e4n vanhempien teosten sis\u00e4llysluetteloita. Jokaisella kirjastolla on oma kokoelmatietokantansa, joista l\u00f6ytyy tietoja my\u00f6s: Oman [&hellip;]","og_url":"https:\/\/blogs.uef.fi\/tiedonhaku-vieraatkielet\/hakuesimerkkeja\/kirjojen-haku\/","og_site_name":"Vieraiden kielten tiedonhaku","article_modified_time":"2023-09-13T12:53:49+00:00","og_image":[{"url":"https:\/\/blogs.uef.fi\/tiedonhaku-vieraatkielet\/wp-content\/uploads\/sites\/63\/2018\/08\/finnafi.png","type":"","width":"","height":""}],"twitter_card":"summary_large_image","twitter_misc":{"Arvioitu lukuaika":"2 minuuttia"},"schema":{"@context":"https:\/\/schema.org","@graph":[{"@type":"WebPage","@id":"https:\/\/blogs.uef.fi\/tiedonhaku-vieraatkielet\/hakuesimerkkeja\/kirjojen-haku\/","url":"https:\/\/blogs.uef.fi\/tiedonhaku-vieraatkielet\/hakuesimerkkeja\/kirjojen-haku\/","name":"Kirjojen haku - Vieraiden kielten tiedonhaku","isPartOf":{"@id":"https:\/\/blogs.uef.fi\/tiedonhaku-vieraatkielet\/#website"},"primaryImageOfPage":{"@id":"https:\/\/blogs.uef.fi\/tiedonhaku-vieraatkielet\/hakuesimerkkeja\/kirjojen-haku\/#primaryimage"},"image":{"@id":"https:\/\/blogs.uef.fi\/tiedonhaku-vieraatkielet\/hakuesimerkkeja\/kirjojen-haku\/#primaryimage"},"thumbnailUrl":"https:\/\/blogs.uef.fi\/tiedonhaku-vieraatkielet\/wp-content\/uploads\/sites\/63\/2018\/08\/finnafi.png","datePublished":"2015-05-18T08:00:42+00:00","dateModified":"2023-09-13T12:53:49+00:00","breadcrumb":{"@id":"https:\/\/blogs.uef.fi\/tiedonhaku-vieraatkielet\/hakuesimerkkeja\/kirjojen-haku\/#breadcrumb"},"inLanguage":"fi","potentialAction":[{"@type":"ReadAction","target":["https:\/\/blogs.uef.fi\/tiedonhaku-vieraatkielet\/hakuesimerkkeja\/kirjojen-haku\/"]}]},{"@type":"ImageObject","inLanguage":"fi","@id":"https:\/\/blogs.uef.fi\/tiedonhaku-vieraatkielet\/hakuesimerkkeja\/kirjojen-haku\/#primaryimage","url":"https:\/\/blogs.uef.fi\/tiedonhaku-vieraatkielet\/wp-content\/uploads\/sites\/63\/2018\/08\/finnafi.png","contentUrl":"https:\/\/blogs.uef.fi\/tiedonhaku-vieraatkielet\/wp-content\/uploads\/sites\/63\/2018\/08\/finnafi.png","width":803,"height":333},{"@type":"BreadcrumbList","@id":"https:\/\/blogs.uef.fi\/tiedonhaku-vieraatkielet\/hakuesimerkkeja\/kirjojen-haku\/#breadcrumb","itemListElement":[{"@type":"ListItem","position":1,"name":"Home","item":"https:\/\/blogs.uef.fi\/tiedonhaku-vieraatkielet\/"},{"@type":"ListItem","position":2,"name":"Hakuesimerkkej\u00e4","item":"https:\/\/blogs.uef.fi\/tiedonhaku-vieraatkielet\/hakuesimerkkeja\/"},{"@type":"ListItem","position":3,"name":"Kirjojen haku"}]},{"@type":"WebSite","@id":"https:\/\/blogs.uef.fi\/tiedonhaku-vieraatkielet\/#website","url":"https:\/\/blogs.uef.fi\/tiedonhaku-vieraatkielet\/","name":"Vieraiden kielten tiedonhaku","description":"","potentialAction":[{"@type":"SearchAction","target":{"@type":"EntryPoint","urlTemplate":"https:\/\/blogs.uef.fi\/tiedonhaku-vieraatkielet\/?s={search_term_string}"},"query-input":{"@type":"PropertyValueSpecification","valueRequired":true,"valueName":"search_term_string"}}],"inLanguage":"fi"}]}},"_links":{"self":[{"href":"https:\/\/blogs.uef.fi\/tiedonhaku-vieraatkielet\/wp-json\/wp\/v2\/pages\/212","targetHints":{"allow":["GET"]}}],"collection":[{"href":"https:\/\/blogs.uef.fi\/tiedonhaku-vieraatkielet\/wp-json\/wp\/v2\/pages"}],"about":[{"href":"https:\/\/blogs.uef.fi\/tiedonhaku-vieraatkielet\/wp-json\/wp\/v2\/types\/page"}],"author":[{"embeddable":true,"href":"https:\/\/blogs.uef.fi\/tiedonhaku-vieraatkielet\/wp-json\/wp\/v2\/users\/129"}],"replies":[{"embeddable":true,"href":"https:\/\/blogs.uef.fi\/tiedonhaku-vieraatkielet\/wp-json\/wp\/v2\/comments?post=212"}],"version-history":[{"count":1,"href":"https:\/\/blogs.uef.fi\/tiedonhaku-vieraatkielet\/wp-json\/wp\/v2\/pages\/212\/revisions"}],"predecessor-version":[{"id":2865,"href":"https:\/\/blogs.uef.fi\/tiedonhaku-vieraatkielet\/wp-json\/wp\/v2\/pages\/212\/revisions\/2865"}],"up":[{"embeddable":true,"href":"https:\/\/blogs.uef.fi\/tiedonhaku-vieraatkielet\/wp-json\/wp\/v2\/pages\/167"}],"wp:attachment":[{"href":"https:\/\/blogs.uef.fi\/tiedonhaku-vieraatkielet\/wp-json\/wp\/v2\/media?parent=212"}],"curies":[{"name":"wp","href":"https:\/\/api.w.org\/{rel}","templated":true}]}}