{"id":189,"date":"2015-05-13T07:09:09","date_gmt":"2015-05-13T07:09:09","guid":{"rendered":"https:\/\/ueflibrarylang.wordpress.com\/?page_id=189"},"modified":"2023-09-13T13:49:44","modified_gmt":"2023-09-13T10:49:44","slug":"onko-web-lahde-luotettava","status":"publish","type":"page","link":"https:\/\/blogs.uef.fi\/tiedonhaku-vieraatkielet\/hakutuloksen-arviointi\/onko-web-lahde-luotettava\/","title":{"rendered":"Onko nettil\u00e4hde luotettava?"},"content":{"rendered":"\n<p>Avoimen verkon l\u00e4hteisiin joutuu suhtautumaan jo niiden valtavan m\u00e4\u00e4r\u00e4n vuoksi kriittisesti. Toisaalta, <strong>open access- eli avoin julkaiseminen<\/strong> lis\u00e4\u00e4 tieteellisten tutkimustulosten l\u00f6ytyvyytt\u00e4 avoimesta verkosta koko ajan, eli avoimen verkon kautta voi p\u00e4\u00e4st\u00e4 oikein hyvin liikkeelle. T\u00e4rkeint\u00e4 luotettavuuden arvioinnissa onkin selvitt\u00e4\u00e4 tekij\u00e4(t) tai yhteis\u00f6 \/ organisaatio sek\u00e4 julkaisija tai tekij\u00e4n taustaorganisaatio. N\u00e4ist\u00e4 voi usein p\u00e4\u00e4tell\u00e4 muita luotettavuuden kriteereit\u00e4.<\/p>\n\n\n\n<p>Luotettavia internet-l\u00e4hteit\u00e4 ovat muun muassa:<\/p>\n\n\n\n<ul class=\"wp-block-list\">\n<li>Tunnetut organisaatiot (aineisto on tuotettu osana organisaation teht\u00e4v\u00e4aluetta)<\/li>\n\n\n\n<li>Asiantuntijaorganisaatiot<\/li>\n\n\n\n<li>Alalla maineikas ja luottamusta nauttiva instituutti tai yritys<\/li>\n\n\n\n<li>Tieteellisen asiantuntijatarkastuksen (vertaisarviointi, peer review, referee) l\u00e4pik\u00e4yneet aineistot, esim. tieteelliset verkkolehdet<\/li>\n\n\n\n<li>Asiantuntijoiden sivut<\/li>\n<\/ul>\n\n\n\n<h2 class=\"wp-block-heading\"><span style=\"color: #000000\">Tekijyys ja luotettavuus<\/span><\/h2>\n\n\n\n<ul class=\"wp-block-list\">\n<li>Onko julkaisija tunnettu organisaatio tai asiantuntija?<\/li>\n\n\n\n<li>Kuka on tekstin tekij\u00e4? Onko tekstin tekij\u00e4 mainittu?<\/li>\n\n\n\n<li>L\u00f6ytyyk\u00f6 tieto tekij\u00e4n taustayhteis\u00f6st\u00e4? Mik\u00e4 on tekij\u00e4n taustaorganisaatio?<\/li>\n\n\n\n<li>L\u00f6ytyyk\u00f6 sivustolta tekij\u00e4n tai organisaation yhteystietoja? Ovatko yhteystiedot aitoja?<\/li>\n\n\n\n<li>Onko tekij\u00e4 alansa asiantuntija?<\/li>\n\n\n\n<li>Annetaanko tekij\u00e4n p\u00e4tevyydest\u00e4 tietoa?<\/li>\n\n\n\n<li>Mit\u00e4 muuta h\u00e4n on kirjoittanut, julkaissut? (esim. tunnetuissa ammatillisissa tai tieteellisiss\u00e4 lehdiss\u00e4)<\/li>\n\n\n\n<li>Kuinka tunnettu ja arvostettu tekij\u00e4 on ao. asiassa? N\u00e4kyyk\u00f6 h\u00e4n toisten teosten l\u00e4hdeviittauksissa?<\/li>\n<\/ul>\n\n\n\n<h2 class=\"wp-block-heading\"><span style=\"color: #000000\">Luotettavuus ja objektiivisuus<\/span><\/h2>\n\n\n\n<ul class=\"wp-block-list\">\n<li>Kuinka luotettavaa ja virheet\u00f6nt\u00e4 esitetty informaatio on? (l\u00f6ytyyk\u00f6 muualta tietoa tukevaa materiaalia, esim. kurssikirjoista, k\u00e4sikirjoista, lehdist\u00e4?)<\/li>\n\n\n\n<li>Onko aineisto toimitettua ja arvioitua?<\/li>\n\n\n\n<li>Onko sivulla mainittu l\u00e4hteit\u00e4, joihin esitetty tieto perustuu?<\/li>\n\n\n\n<li>Miksi sivu on julkaistu? (tarkoitus myyd\u00e4, viihdytt\u00e4\u00e4, vaikuttaa?)<\/li>\n\n\n\n<li>Onko esitetty informaatio puolueetonta ja v\u00e4\u00e4ristelem\u00e4t\u00f6nt\u00e4? (vai propagandaa ja tarkoitus vaikuttaa mielipiteisiin?)<\/li>\n\n\n\n<li>Miten on tieteellisyyden laita?<\/li>\n<\/ul>\n\n\n\n<p>Tieteellinen luotettavuus tiedolle syntyy vertaisarvioinnissa eli peer review \u2013prosessissa (kts. kappale <a href=\"https:\/\/blogs.uef.fi\/tiedonhaku-vieraatkielet\/tiedonhaun-palikat\/vertaisarviointi\/\" target=\"_blank\" rel=\"noopener noreferrer\">Vertaisarviointi, avautuu uuteen ikkunaan<\/a>). Tieteellisess\u00e4 mieless\u00e4 luotettavimpia ovatkin sellaiset verkkopalvelut, jotka perustuvat vertaisarvioituun aineistoon, esim. tieteellinen verkkolehti. Silti kaikki tiedeyhteis\u00f6nk\u00e4\u00e4n tuottamat julkaisut eiv\u00e4t v\u00e4ltt\u00e4m\u00e4tt\u00e4 ole vertaisarvioituja, sill\u00e4 t\u00e4llainen julkaisuprosessi on melko hidas ja usein on t\u00e4rke\u00e4\u00e4 saattaa uusin tieto nopeasti yleiseen k\u00e4ytt\u00f6\u00f6n.<\/p>\n\n\n\n<h2 class=\"wp-block-heading\"><span style=\"color: #000000\">Ajantasaisuus ja pysyvyys<\/span><\/h2>\n\n\n\n<ul class=\"wp-block-list\">\n<li>Onko julkaisun sis\u00e4lt\u00f6 ajantasaista?<\/li>\n\n\n\n<li>L\u00f6ytyyk\u00f6 aineistosta julkaisup\u00e4iv\u00e4m\u00e4\u00e4r\u00e4\u00e4 tai viimeist\u00e4 p\u00e4ivitysp\u00e4iv\u00e4m\u00e4\u00e4r\u00e4\u00e4?<\/li>\n\n\n\n<li>Onko www-palvelun aineisto pysyv\u00e4\u00e4 vai muuttuvaa?<\/li>\n\n\n\n<li>Toimivatko sivulla olevat linkit?<\/li>\n<\/ul>\n\n\n\n<p>(p\u00e4ivitetty 9\/2023)<\/p>\n\n\n\n<p>Siirry osioon <a href=\"https:\/\/blogs.uef.fi\/tiedonhaku-vieraatkielet\/hakutuloksen-arviointi\/lahdeaineiston-arviointi-ja-valinta\/\">L\u00e4hdeaineiston arviointi ja valinta<\/a><\/p>\n","protected":false},"excerpt":{"rendered":"<p>Avoimen verkon l\u00e4hteisiin joutuu suhtautumaan jo niiden valtavan m\u00e4\u00e4r\u00e4n vuoksi kriittisesti. Toisaalta, open access- eli avoin julkaiseminen lis\u00e4\u00e4 tieteellisten tutkimustulosten l\u00f6ytyvyytt\u00e4 avoimesta verkosta koko ajan, eli avoimen verkon kautta voi p\u00e4\u00e4st\u00e4 oikein hyvin liikkeelle. T\u00e4rkeint\u00e4 luotettavuuden arvioinnissa onkin selvitt\u00e4\u00e4 tekij\u00e4(t) tai yhteis\u00f6 \/ organisaatio sek\u00e4 julkaisija tai tekij\u00e4n taustaorganisaatio. N\u00e4ist\u00e4 voi usein p\u00e4\u00e4tell\u00e4 muita luotettavuuden [&hellip;]<\/p>\n","protected":false},"author":129,"featured_media":0,"parent":77,"menu_order":0,"comment_status":"closed","ping_status":"open","template":"","meta":{"_acf_changed":false,"footnotes":""},"class_list":["post-189","page","type-page","status-publish","hentry"],"acf":[],"yoast_head":"<!-- This site is optimized with the Yoast SEO plugin v27.3 - https:\/\/yoast.com\/product\/yoast-seo-wordpress\/ -->\n<title>Onko nettil\u00e4hde luotettava? - Vieraiden kielten tiedonhaku<\/title>\n<meta name=\"robots\" content=\"index, follow, max-snippet:-1, max-image-preview:large, max-video-preview:-1\" \/>\n<link rel=\"canonical\" href=\"https:\/\/blogs.uef.fi\/tiedonhaku-vieraatkielet\/hakutuloksen-arviointi\/onko-web-lahde-luotettava\/\" \/>\n<meta property=\"og:locale\" content=\"fi_FI\" \/>\n<meta property=\"og:type\" content=\"article\" \/>\n<meta property=\"og:title\" content=\"Onko nettil\u00e4hde luotettava? - Vieraiden kielten tiedonhaku\" \/>\n<meta property=\"og:description\" content=\"Avoimen verkon l\u00e4hteisiin joutuu suhtautumaan jo niiden valtavan m\u00e4\u00e4r\u00e4n vuoksi kriittisesti. Toisaalta, open access- eli avoin julkaiseminen lis\u00e4\u00e4 tieteellisten tutkimustulosten l\u00f6ytyvyytt\u00e4 avoimesta verkosta koko ajan, eli avoimen verkon kautta voi p\u00e4\u00e4st\u00e4 oikein hyvin liikkeelle. T\u00e4rkeint\u00e4 luotettavuuden arvioinnissa onkin selvitt\u00e4\u00e4 tekij\u00e4(t) tai yhteis\u00f6 \/ organisaatio sek\u00e4 julkaisija tai tekij\u00e4n taustaorganisaatio. N\u00e4ist\u00e4 voi usein p\u00e4\u00e4tell\u00e4 muita luotettavuuden [&hellip;]\" \/>\n<meta property=\"og:url\" content=\"https:\/\/blogs.uef.fi\/tiedonhaku-vieraatkielet\/hakutuloksen-arviointi\/onko-web-lahde-luotettava\/\" \/>\n<meta property=\"og:site_name\" content=\"Vieraiden kielten tiedonhaku\" \/>\n<meta property=\"article:modified_time\" content=\"2023-09-13T10:49:44+00:00\" \/>\n<meta name=\"twitter:card\" content=\"summary_large_image\" \/>\n<meta name=\"twitter:label1\" content=\"Arvioitu lukuaika\" \/>\n\t<meta name=\"twitter:data1\" content=\"2 minuuttia\" \/>\n<script type=\"application\/ld+json\" class=\"yoast-schema-graph\">{\"@context\":\"https:\\\/\\\/schema.org\",\"@graph\":[{\"@type\":\"WebPage\",\"@id\":\"https:\\\/\\\/blogs.uef.fi\\\/tiedonhaku-vieraatkielet\\\/hakutuloksen-arviointi\\\/onko-web-lahde-luotettava\\\/\",\"url\":\"https:\\\/\\\/blogs.uef.fi\\\/tiedonhaku-vieraatkielet\\\/hakutuloksen-arviointi\\\/onko-web-lahde-luotettava\\\/\",\"name\":\"Onko nettil\u00e4hde luotettava? - Vieraiden kielten tiedonhaku\",\"isPartOf\":{\"@id\":\"https:\\\/\\\/blogs.uef.fi\\\/tiedonhaku-vieraatkielet\\\/#website\"},\"datePublished\":\"2015-05-13T07:09:09+00:00\",\"dateModified\":\"2023-09-13T10:49:44+00:00\",\"breadcrumb\":{\"@id\":\"https:\\\/\\\/blogs.uef.fi\\\/tiedonhaku-vieraatkielet\\\/hakutuloksen-arviointi\\\/onko-web-lahde-luotettava\\\/#breadcrumb\"},\"inLanguage\":\"fi\",\"potentialAction\":[{\"@type\":\"ReadAction\",\"target\":[\"https:\\\/\\\/blogs.uef.fi\\\/tiedonhaku-vieraatkielet\\\/hakutuloksen-arviointi\\\/onko-web-lahde-luotettava\\\/\"]}]},{\"@type\":\"BreadcrumbList\",\"@id\":\"https:\\\/\\\/blogs.uef.fi\\\/tiedonhaku-vieraatkielet\\\/hakutuloksen-arviointi\\\/onko-web-lahde-luotettava\\\/#breadcrumb\",\"itemListElement\":[{\"@type\":\"ListItem\",\"position\":1,\"name\":\"Home\",\"item\":\"https:\\\/\\\/blogs.uef.fi\\\/tiedonhaku-vieraatkielet\\\/\"},{\"@type\":\"ListItem\",\"position\":2,\"name\":\"Hakutulokset\",\"item\":\"https:\\\/\\\/blogs.uef.fi\\\/tiedonhaku-vieraatkielet\\\/hakutuloksen-arviointi\\\/\"},{\"@type\":\"ListItem\",\"position\":3,\"name\":\"Onko nettil\u00e4hde luotettava?\"}]},{\"@type\":\"WebSite\",\"@id\":\"https:\\\/\\\/blogs.uef.fi\\\/tiedonhaku-vieraatkielet\\\/#website\",\"url\":\"https:\\\/\\\/blogs.uef.fi\\\/tiedonhaku-vieraatkielet\\\/\",\"name\":\"Vieraiden kielten tiedonhaku\",\"description\":\"\",\"potentialAction\":[{\"@type\":\"SearchAction\",\"target\":{\"@type\":\"EntryPoint\",\"urlTemplate\":\"https:\\\/\\\/blogs.uef.fi\\\/tiedonhaku-vieraatkielet\\\/?s={search_term_string}\"},\"query-input\":{\"@type\":\"PropertyValueSpecification\",\"valueRequired\":true,\"valueName\":\"search_term_string\"}}],\"inLanguage\":\"fi\"}]}<\/script>\n<!-- \/ Yoast SEO plugin. -->","yoast_head_json":{"title":"Onko nettil\u00e4hde luotettava? - Vieraiden kielten tiedonhaku","robots":{"index":"index","follow":"follow","max-snippet":"max-snippet:-1","max-image-preview":"max-image-preview:large","max-video-preview":"max-video-preview:-1"},"canonical":"https:\/\/blogs.uef.fi\/tiedonhaku-vieraatkielet\/hakutuloksen-arviointi\/onko-web-lahde-luotettava\/","og_locale":"fi_FI","og_type":"article","og_title":"Onko nettil\u00e4hde luotettava? - Vieraiden kielten tiedonhaku","og_description":"Avoimen verkon l\u00e4hteisiin joutuu suhtautumaan jo niiden valtavan m\u00e4\u00e4r\u00e4n vuoksi kriittisesti. Toisaalta, open access- eli avoin julkaiseminen lis\u00e4\u00e4 tieteellisten tutkimustulosten l\u00f6ytyvyytt\u00e4 avoimesta verkosta koko ajan, eli avoimen verkon kautta voi p\u00e4\u00e4st\u00e4 oikein hyvin liikkeelle. T\u00e4rkeint\u00e4 luotettavuuden arvioinnissa onkin selvitt\u00e4\u00e4 tekij\u00e4(t) tai yhteis\u00f6 \/ organisaatio sek\u00e4 julkaisija tai tekij\u00e4n taustaorganisaatio. N\u00e4ist\u00e4 voi usein p\u00e4\u00e4tell\u00e4 muita luotettavuuden [&hellip;]","og_url":"https:\/\/blogs.uef.fi\/tiedonhaku-vieraatkielet\/hakutuloksen-arviointi\/onko-web-lahde-luotettava\/","og_site_name":"Vieraiden kielten tiedonhaku","article_modified_time":"2023-09-13T10:49:44+00:00","twitter_card":"summary_large_image","twitter_misc":{"Arvioitu lukuaika":"2 minuuttia"},"schema":{"@context":"https:\/\/schema.org","@graph":[{"@type":"WebPage","@id":"https:\/\/blogs.uef.fi\/tiedonhaku-vieraatkielet\/hakutuloksen-arviointi\/onko-web-lahde-luotettava\/","url":"https:\/\/blogs.uef.fi\/tiedonhaku-vieraatkielet\/hakutuloksen-arviointi\/onko-web-lahde-luotettava\/","name":"Onko nettil\u00e4hde luotettava? - Vieraiden kielten tiedonhaku","isPartOf":{"@id":"https:\/\/blogs.uef.fi\/tiedonhaku-vieraatkielet\/#website"},"datePublished":"2015-05-13T07:09:09+00:00","dateModified":"2023-09-13T10:49:44+00:00","breadcrumb":{"@id":"https:\/\/blogs.uef.fi\/tiedonhaku-vieraatkielet\/hakutuloksen-arviointi\/onko-web-lahde-luotettava\/#breadcrumb"},"inLanguage":"fi","potentialAction":[{"@type":"ReadAction","target":["https:\/\/blogs.uef.fi\/tiedonhaku-vieraatkielet\/hakutuloksen-arviointi\/onko-web-lahde-luotettava\/"]}]},{"@type":"BreadcrumbList","@id":"https:\/\/blogs.uef.fi\/tiedonhaku-vieraatkielet\/hakutuloksen-arviointi\/onko-web-lahde-luotettava\/#breadcrumb","itemListElement":[{"@type":"ListItem","position":1,"name":"Home","item":"https:\/\/blogs.uef.fi\/tiedonhaku-vieraatkielet\/"},{"@type":"ListItem","position":2,"name":"Hakutulokset","item":"https:\/\/blogs.uef.fi\/tiedonhaku-vieraatkielet\/hakutuloksen-arviointi\/"},{"@type":"ListItem","position":3,"name":"Onko nettil\u00e4hde luotettava?"}]},{"@type":"WebSite","@id":"https:\/\/blogs.uef.fi\/tiedonhaku-vieraatkielet\/#website","url":"https:\/\/blogs.uef.fi\/tiedonhaku-vieraatkielet\/","name":"Vieraiden kielten tiedonhaku","description":"","potentialAction":[{"@type":"SearchAction","target":{"@type":"EntryPoint","urlTemplate":"https:\/\/blogs.uef.fi\/tiedonhaku-vieraatkielet\/?s={search_term_string}"},"query-input":{"@type":"PropertyValueSpecification","valueRequired":true,"valueName":"search_term_string"}}],"inLanguage":"fi"}]}},"_links":{"self":[{"href":"https:\/\/blogs.uef.fi\/tiedonhaku-vieraatkielet\/wp-json\/wp\/v2\/pages\/189","targetHints":{"allow":["GET"]}}],"collection":[{"href":"https:\/\/blogs.uef.fi\/tiedonhaku-vieraatkielet\/wp-json\/wp\/v2\/pages"}],"about":[{"href":"https:\/\/blogs.uef.fi\/tiedonhaku-vieraatkielet\/wp-json\/wp\/v2\/types\/page"}],"author":[{"embeddable":true,"href":"https:\/\/blogs.uef.fi\/tiedonhaku-vieraatkielet\/wp-json\/wp\/v2\/users\/129"}],"replies":[{"embeddable":true,"href":"https:\/\/blogs.uef.fi\/tiedonhaku-vieraatkielet\/wp-json\/wp\/v2\/comments?post=189"}],"version-history":[{"count":2,"href":"https:\/\/blogs.uef.fi\/tiedonhaku-vieraatkielet\/wp-json\/wp\/v2\/pages\/189\/revisions"}],"predecessor-version":[{"id":2822,"href":"https:\/\/blogs.uef.fi\/tiedonhaku-vieraatkielet\/wp-json\/wp\/v2\/pages\/189\/revisions\/2822"}],"up":[{"embeddable":true,"href":"https:\/\/blogs.uef.fi\/tiedonhaku-vieraatkielet\/wp-json\/wp\/v2\/pages\/77"}],"wp:attachment":[{"href":"https:\/\/blogs.uef.fi\/tiedonhaku-vieraatkielet\/wp-json\/wp\/v2\/media?parent=189"}],"curies":[{"name":"wp","href":"https:\/\/api.w.org\/{rel}","templated":true}]}}