{"id":186,"date":"2015-05-13T07:05:05","date_gmt":"2015-05-13T07:05:05","guid":{"rendered":"https:\/\/ueflibrarylang.wordpress.com\/?page_id=186"},"modified":"2023-09-13T15:43:02","modified_gmt":"2023-09-13T12:43:02","slug":"zotero-auttaa-viitteidenhallinnassa","status":"publish","type":"page","link":"https:\/\/blogs.uef.fi\/tiedonhaku-vieraatkielet\/hakutuloksen-arviointi\/zotero-auttaa-viitteidenhallinnassa\/","title":{"rendered":"Zotero auttaa viitteidenhallinnassa"},"content":{"rendered":"\n<p>Tuskailetko v\u00e4lill\u00e4 viittausten ja l\u00e4hdeluettelon tekemisen kanssa? Joudutko usein tarkistamaan, miss\u00e4 muodossa omalla tieteenalallasi viitataan? Viitteidenhallintaohjelmat auttavat paitsi l\u00f6ytyneiden viitteiden tallentamisessa ja j\u00e4rjest\u00e4misess\u00e4, my\u00f6s tekstin kirjoitusvaiheessa lis\u00e4\u00e4m\u00e4ll\u00e4 halutut viitteet automaattisesti oikeassa muodossa.<\/p>\n\n\n\n<p>Zotero -viitteidenhallintaohjelman&nbsp; avulla voit tallettaa kirjallisuusviitteit\u00e4. Viitteit\u00e4 voi siirt\u00e4\u00e4 suoraan monista eri tietokannoista, tai niit\u00e4 voi kirjoittaa ohjelmaan my\u00f6s itse. Lis\u00e4ksi Zoteroon kuuluvan lis\u00e4osan avulla voidaan helposti tuottaa Word-tekstink\u00e4sittelyj\u00e4rjestelm\u00e4ss\u00e4 l\u00e4hdeviitteit\u00e4 (my\u00f6s alaviitteit\u00e4) ja kirjallisuusluetteloita. Zotero sis\u00e4lt\u00e4\u00e4 sadoittain erilaisia viittaustyylej\u00e4, ja niit\u00e4 voi m\u00e4\u00e4ritell\u00e4 my\u00f6s itse.<\/p>\n\n\n\n<p>Zoteron kanssa p\u00e4\u00e4set alkuun <a href=\"https:\/\/www.uef.fi\/fi\/kirjasto\/lahdeviitteet\" target=\"_blank\" rel=\"noopener noreferrer\">kirjaston kotisivujen kautta<\/a> (avautuu uuteen ikkunaan). Samaiselta sivulta l\u00f6yd\u00e4t k\u00e4ytt\u00f6ohjeita ja opasvideoita sek\u00e4 suomeksi ett\u00e4 englanniksi, sek\u00e4 lis\u00e4\u00e4 tietoa viitteist\u00e4 ja viittaamisesta. Zoteron k\u00e4ytt\u00f6 vaatii alkuun hieman opettelua, mutta se kannattaa!<\/p>\n\n\n\n<p>(p\u00e4ivitetty 9\/2023)<\/p>\n\n\n\n<p>Siirry seuraavaan osioon <a href=\"https:\/\/blogs.uef.fi\/tiedonhaku-vieraatkielet\/hakuesimerkkeja\/\">Hakuesimerkkej\u00e4: mit\u00e4 mist\u00e4kin l\u00f6ytyy?<\/a><\/p>\n","protected":false},"excerpt":{"rendered":"<p>Tuskailetko v\u00e4lill\u00e4 viittausten ja l\u00e4hdeluettelon tekemisen kanssa? Joudutko usein tarkistamaan, miss\u00e4 muodossa omalla tieteenalallasi viitataan? Viitteidenhallintaohjelmat auttavat paitsi l\u00f6ytyneiden viitteiden tallentamisessa ja j\u00e4rjest\u00e4misess\u00e4, my\u00f6s tekstin kirjoitusvaiheessa lis\u00e4\u00e4m\u00e4ll\u00e4 halutut viitteet automaattisesti oikeassa muodossa. Zotero -viitteidenhallintaohjelman&nbsp; avulla voit tallettaa kirjallisuusviitteit\u00e4. Viitteit\u00e4 voi siirt\u00e4\u00e4 suoraan monista eri tietokannoista, tai niit\u00e4 voi kirjoittaa ohjelmaan my\u00f6s itse. Lis\u00e4ksi Zoteroon kuuluvan [&hellip;]<\/p>\n","protected":false},"author":129,"featured_media":0,"parent":77,"menu_order":5,"comment_status":"closed","ping_status":"open","template":"","meta":{"_acf_changed":false,"footnotes":""},"class_list":["post-186","page","type-page","status-publish","hentry"],"acf":[],"yoast_head":"<!-- This site is optimized with the Yoast SEO plugin v27.1.1 - https:\/\/yoast.com\/product\/yoast-seo-wordpress\/ -->\n<title>Zotero auttaa viitteidenhallinnassa - Vieraiden kielten tiedonhaku<\/title>\n<meta name=\"robots\" content=\"index, follow, max-snippet:-1, max-image-preview:large, max-video-preview:-1\" \/>\n<link rel=\"canonical\" href=\"https:\/\/blogs.uef.fi\/tiedonhaku-vieraatkielet\/hakutuloksen-arviointi\/zotero-auttaa-viitteidenhallinnassa\/\" \/>\n<meta property=\"og:locale\" content=\"fi_FI\" \/>\n<meta property=\"og:type\" content=\"article\" \/>\n<meta property=\"og:title\" content=\"Zotero auttaa viitteidenhallinnassa - Vieraiden kielten tiedonhaku\" \/>\n<meta property=\"og:description\" content=\"Tuskailetko v\u00e4lill\u00e4 viittausten ja l\u00e4hdeluettelon tekemisen kanssa? Joudutko usein tarkistamaan, miss\u00e4 muodossa omalla tieteenalallasi viitataan? Viitteidenhallintaohjelmat auttavat paitsi l\u00f6ytyneiden viitteiden tallentamisessa ja j\u00e4rjest\u00e4misess\u00e4, my\u00f6s tekstin kirjoitusvaiheessa lis\u00e4\u00e4m\u00e4ll\u00e4 halutut viitteet automaattisesti oikeassa muodossa. Zotero -viitteidenhallintaohjelman&nbsp; avulla voit tallettaa kirjallisuusviitteit\u00e4. Viitteit\u00e4 voi siirt\u00e4\u00e4 suoraan monista eri tietokannoista, tai niit\u00e4 voi kirjoittaa ohjelmaan my\u00f6s itse. Lis\u00e4ksi Zoteroon kuuluvan [&hellip;]\" \/>\n<meta property=\"og:url\" content=\"https:\/\/blogs.uef.fi\/tiedonhaku-vieraatkielet\/hakutuloksen-arviointi\/zotero-auttaa-viitteidenhallinnassa\/\" \/>\n<meta property=\"og:site_name\" content=\"Vieraiden kielten tiedonhaku\" \/>\n<meta property=\"article:modified_time\" content=\"2023-09-13T12:43:02+00:00\" \/>\n<meta name=\"twitter:card\" content=\"summary_large_image\" \/>\n<meta name=\"twitter:label1\" content=\"Arvioitu lukuaika\" \/>\n\t<meta name=\"twitter:data1\" content=\"1 minuutti\" \/>\n<script type=\"application\/ld+json\" class=\"yoast-schema-graph\">{\"@context\":\"https:\/\/schema.org\",\"@graph\":[{\"@type\":\"WebPage\",\"@id\":\"https:\/\/blogs.uef.fi\/tiedonhaku-vieraatkielet\/hakutuloksen-arviointi\/zotero-auttaa-viitteidenhallinnassa\/\",\"url\":\"https:\/\/blogs.uef.fi\/tiedonhaku-vieraatkielet\/hakutuloksen-arviointi\/zotero-auttaa-viitteidenhallinnassa\/\",\"name\":\"Zotero auttaa viitteidenhallinnassa - Vieraiden kielten tiedonhaku\",\"isPartOf\":{\"@id\":\"https:\/\/blogs.uef.fi\/tiedonhaku-vieraatkielet\/#website\"},\"datePublished\":\"2015-05-13T07:05:05+00:00\",\"dateModified\":\"2023-09-13T12:43:02+00:00\",\"breadcrumb\":{\"@id\":\"https:\/\/blogs.uef.fi\/tiedonhaku-vieraatkielet\/hakutuloksen-arviointi\/zotero-auttaa-viitteidenhallinnassa\/#breadcrumb\"},\"inLanguage\":\"fi\",\"potentialAction\":[{\"@type\":\"ReadAction\",\"target\":[\"https:\/\/blogs.uef.fi\/tiedonhaku-vieraatkielet\/hakutuloksen-arviointi\/zotero-auttaa-viitteidenhallinnassa\/\"]}]},{\"@type\":\"BreadcrumbList\",\"@id\":\"https:\/\/blogs.uef.fi\/tiedonhaku-vieraatkielet\/hakutuloksen-arviointi\/zotero-auttaa-viitteidenhallinnassa\/#breadcrumb\",\"itemListElement\":[{\"@type\":\"ListItem\",\"position\":1,\"name\":\"Home\",\"item\":\"https:\/\/blogs.uef.fi\/tiedonhaku-vieraatkielet\/\"},{\"@type\":\"ListItem\",\"position\":2,\"name\":\"Hakutulokset\",\"item\":\"https:\/\/blogs.uef.fi\/tiedonhaku-vieraatkielet\/hakutuloksen-arviointi\/\"},{\"@type\":\"ListItem\",\"position\":3,\"name\":\"Zotero auttaa viitteidenhallinnassa\"}]},{\"@type\":\"WebSite\",\"@id\":\"https:\/\/blogs.uef.fi\/tiedonhaku-vieraatkielet\/#website\",\"url\":\"https:\/\/blogs.uef.fi\/tiedonhaku-vieraatkielet\/\",\"name\":\"Vieraiden kielten tiedonhaku\",\"description\":\"\",\"potentialAction\":[{\"@type\":\"SearchAction\",\"target\":{\"@type\":\"EntryPoint\",\"urlTemplate\":\"https:\/\/blogs.uef.fi\/tiedonhaku-vieraatkielet\/?s={search_term_string}\"},\"query-input\":{\"@type\":\"PropertyValueSpecification\",\"valueRequired\":true,\"valueName\":\"search_term_string\"}}],\"inLanguage\":\"fi\"}]}<\/script>\n<!-- \/ Yoast SEO plugin. -->","yoast_head_json":{"title":"Zotero auttaa viitteidenhallinnassa - Vieraiden kielten tiedonhaku","robots":{"index":"index","follow":"follow","max-snippet":"max-snippet:-1","max-image-preview":"max-image-preview:large","max-video-preview":"max-video-preview:-1"},"canonical":"https:\/\/blogs.uef.fi\/tiedonhaku-vieraatkielet\/hakutuloksen-arviointi\/zotero-auttaa-viitteidenhallinnassa\/","og_locale":"fi_FI","og_type":"article","og_title":"Zotero auttaa viitteidenhallinnassa - Vieraiden kielten tiedonhaku","og_description":"Tuskailetko v\u00e4lill\u00e4 viittausten ja l\u00e4hdeluettelon tekemisen kanssa? Joudutko usein tarkistamaan, miss\u00e4 muodossa omalla tieteenalallasi viitataan? Viitteidenhallintaohjelmat auttavat paitsi l\u00f6ytyneiden viitteiden tallentamisessa ja j\u00e4rjest\u00e4misess\u00e4, my\u00f6s tekstin kirjoitusvaiheessa lis\u00e4\u00e4m\u00e4ll\u00e4 halutut viitteet automaattisesti oikeassa muodossa. Zotero -viitteidenhallintaohjelman&nbsp; avulla voit tallettaa kirjallisuusviitteit\u00e4. Viitteit\u00e4 voi siirt\u00e4\u00e4 suoraan monista eri tietokannoista, tai niit\u00e4 voi kirjoittaa ohjelmaan my\u00f6s itse. Lis\u00e4ksi Zoteroon kuuluvan [&hellip;]","og_url":"https:\/\/blogs.uef.fi\/tiedonhaku-vieraatkielet\/hakutuloksen-arviointi\/zotero-auttaa-viitteidenhallinnassa\/","og_site_name":"Vieraiden kielten tiedonhaku","article_modified_time":"2023-09-13T12:43:02+00:00","twitter_card":"summary_large_image","twitter_misc":{"Arvioitu lukuaika":"1 minuutti"},"schema":{"@context":"https:\/\/schema.org","@graph":[{"@type":"WebPage","@id":"https:\/\/blogs.uef.fi\/tiedonhaku-vieraatkielet\/hakutuloksen-arviointi\/zotero-auttaa-viitteidenhallinnassa\/","url":"https:\/\/blogs.uef.fi\/tiedonhaku-vieraatkielet\/hakutuloksen-arviointi\/zotero-auttaa-viitteidenhallinnassa\/","name":"Zotero auttaa viitteidenhallinnassa - Vieraiden kielten tiedonhaku","isPartOf":{"@id":"https:\/\/blogs.uef.fi\/tiedonhaku-vieraatkielet\/#website"},"datePublished":"2015-05-13T07:05:05+00:00","dateModified":"2023-09-13T12:43:02+00:00","breadcrumb":{"@id":"https:\/\/blogs.uef.fi\/tiedonhaku-vieraatkielet\/hakutuloksen-arviointi\/zotero-auttaa-viitteidenhallinnassa\/#breadcrumb"},"inLanguage":"fi","potentialAction":[{"@type":"ReadAction","target":["https:\/\/blogs.uef.fi\/tiedonhaku-vieraatkielet\/hakutuloksen-arviointi\/zotero-auttaa-viitteidenhallinnassa\/"]}]},{"@type":"BreadcrumbList","@id":"https:\/\/blogs.uef.fi\/tiedonhaku-vieraatkielet\/hakutuloksen-arviointi\/zotero-auttaa-viitteidenhallinnassa\/#breadcrumb","itemListElement":[{"@type":"ListItem","position":1,"name":"Home","item":"https:\/\/blogs.uef.fi\/tiedonhaku-vieraatkielet\/"},{"@type":"ListItem","position":2,"name":"Hakutulokset","item":"https:\/\/blogs.uef.fi\/tiedonhaku-vieraatkielet\/hakutuloksen-arviointi\/"},{"@type":"ListItem","position":3,"name":"Zotero auttaa viitteidenhallinnassa"}]},{"@type":"WebSite","@id":"https:\/\/blogs.uef.fi\/tiedonhaku-vieraatkielet\/#website","url":"https:\/\/blogs.uef.fi\/tiedonhaku-vieraatkielet\/","name":"Vieraiden kielten tiedonhaku","description":"","potentialAction":[{"@type":"SearchAction","target":{"@type":"EntryPoint","urlTemplate":"https:\/\/blogs.uef.fi\/tiedonhaku-vieraatkielet\/?s={search_term_string}"},"query-input":{"@type":"PropertyValueSpecification","valueRequired":true,"valueName":"search_term_string"}}],"inLanguage":"fi"}]}},"_links":{"self":[{"href":"https:\/\/blogs.uef.fi\/tiedonhaku-vieraatkielet\/wp-json\/wp\/v2\/pages\/186","targetHints":{"allow":["GET"]}}],"collection":[{"href":"https:\/\/blogs.uef.fi\/tiedonhaku-vieraatkielet\/wp-json\/wp\/v2\/pages"}],"about":[{"href":"https:\/\/blogs.uef.fi\/tiedonhaku-vieraatkielet\/wp-json\/wp\/v2\/types\/page"}],"author":[{"embeddable":true,"href":"https:\/\/blogs.uef.fi\/tiedonhaku-vieraatkielet\/wp-json\/wp\/v2\/users\/129"}],"replies":[{"embeddable":true,"href":"https:\/\/blogs.uef.fi\/tiedonhaku-vieraatkielet\/wp-json\/wp\/v2\/comments?post=186"}],"version-history":[{"count":1,"href":"https:\/\/blogs.uef.fi\/tiedonhaku-vieraatkielet\/wp-json\/wp\/v2\/pages\/186\/revisions"}],"predecessor-version":[{"id":2851,"href":"https:\/\/blogs.uef.fi\/tiedonhaku-vieraatkielet\/wp-json\/wp\/v2\/pages\/186\/revisions\/2851"}],"up":[{"embeddable":true,"href":"https:\/\/blogs.uef.fi\/tiedonhaku-vieraatkielet\/wp-json\/wp\/v2\/pages\/77"}],"wp:attachment":[{"href":"https:\/\/blogs.uef.fi\/tiedonhaku-vieraatkielet\/wp-json\/wp\/v2\/media?parent=186"}],"curies":[{"name":"wp","href":"https:\/\/api.w.org\/{rel}","templated":true}]}}