{"id":183,"date":"2015-05-13T07:03:30","date_gmt":"2015-05-13T07:03:30","guid":{"rendered":"https:\/\/ueflibrarylang.wordpress.com\/?page_id=183"},"modified":"2025-08-29T10:31:10","modified_gmt":"2025-08-29T07:31:10","slug":"mita-julkaisuille-saa-tehda","status":"publish","type":"page","link":"https:\/\/blogs.uef.fi\/tiedonhaku-vieraatkielet\/hakutuloksen-arviointi\/mita-julkaisuille-saa-tehda\/","title":{"rendered":"Mit\u00e4 julkaisuille saa tehd\u00e4? Tekij\u00e4noikeudet, plagiointi, viittaaminen"},"content":{"rendered":"\n<p>Tekij\u00e4noikeuslaki (1961\/404) ja -asetus s\u00e4\u00e4telev\u00e4t julkaisujen (julkaistujen teosten) k\u00e4ytt\u00f6\u00e4.<br>Elektroninenkin aineisto on tekij\u00e4noikeuslain suojaamaa. Kuitenkin:<\/p>\n\n\n\n<ul class=\"wp-block-list\">\n<li>Esimerkiksi lainatusta kirjasta saa tehd\u00e4 kopion yksityiseen k\u00e4ytt\u00f6\u00f6n (Tekij\u00e4noikeuslain 12\u00a7)<\/li>\n<\/ul>\n\n\n\n<ul class=\"wp-block-list\">\n<li>Sitaattioikeus: &#8221;Julkistetusta teoksesta on lupa hyv\u00e4n tavan mukaisesti ottaa lainauksia tarkoituksen edellytt\u00e4m\u00e4ss\u00e4 laajuudessa.&#8221; (Tekij\u00e4noikeuslaki 22 \u00a7). Hyv\u00e4n tavan mukaisuudella tarkoitetaan sit\u00e4, ett\u00e4 lainauksella on oltava asiallinen yhteys ty\u00f6h\u00f6n, jossa lainausta k\u00e4ytet\u00e4\u00e4n ja siteerattaessa l\u00e4hde on aina mainittava.<\/li>\n<\/ul>\n\n\n\n<h2 class=\"wp-block-heading\">Mik\u00e4 on viittaamisen ja plagioinnin v\u00e4linen ero?<\/h2>\n\n\n\n<p>Viittaamalla l\u00e4hteisiin kirjoittaja osoittaa, mit\u00e4 aikaisempia teorioita, metodeja ja tuloksia h\u00e4nell\u00e4 on ollut tiedossaan ja miten h\u00e4n suhteuttaa omat tuloksensa toisten tulkintoihin. Viitteess\u00e4 ja l\u00e4hdeluettelossa annetaan lukijalle riitt\u00e4v\u00e4t tiedot tunnistaa ja l\u00f6yt\u00e4\u00e4 julkaisu, johon kirjoituksessa viitataan. N\u00e4in esim. tutkielman tarkastaja voi tarkistaa esitetyn paikkansapit\u00e4vyyden. Lis\u00e4ksi viitteill\u00e4 annetaan tunnustus sille, jolle tunnustus kuuluu.<\/p>\n\n\n\n<p><strong>Viittaus<\/strong> = toisen tekij\u00e4n ajatusten ilmaiseminen omin sanoin<\/p>\n\n\n\n<p><strong>Lainaus<\/strong> = suorasanainen ote, joka pit\u00e4\u00e4 erottaa lainausmerkeill\u00e4 (&#8221;sitaatti&#8221;)<\/p>\n\n\n\n<p>K\u00e4ytetyt l\u00e4hteet mainitaan niin, ett\u00e4 lainaukset ja viittaukset ovat selke\u00e4sti tunnistettavissa ja l\u00f6ydett\u00e4viss\u00e4 my\u00f6hemmin.<\/p>\n\n\n\n<p><strong>Plagiointi<\/strong> = &#8221;toisen henkil\u00f6n ty\u00f6n j\u00e4ljent\u00e4minen ja esitt\u00e4minen omanaan, henkisen omaisuuden varastaminen&#8221;<br>(l\u00e4hde: Nurmi T.: Suomen kielen sanakirja, Jyv\u00e4skyl\u00e4: Gummerus, 1992).<\/p>\n\n\n\n<p>L\u00e4hteisiin viittaaminen muodostuu kahdesta osasta:<\/p>\n\n\n\n<ul class=\"wp-block-list\">\n<li>l\u00e4hdeviitteest\u00e4 (tekstiviitteest\u00e4) ja<\/li>\n\n\n\n<li>l\u00e4hdeluettelosta (kirjallisuusluettelosta)<\/li>\n<\/ul>\n\n\n\n<p>L\u00e4hdeviite ohjaa julkaisun lopussa olevaan l\u00e4hdeluetteloon, jonka tulee sis\u00e4lt\u00e4\u00e4 tarkat tiedot k\u00e4ytetyist\u00e4 l\u00e4hteist\u00e4. Sen avulla lukija halutessaan l\u00f6yt\u00e4\u00e4 l\u00e4hteet. L\u00e4hdeluetteloon merkit\u00e4\u00e4n kaikki ne l\u00e4hteet, joihin ty\u00f6ss\u00e4 on viitattu. L\u00e4hdeviitteen ja l\u00e4hdeluettelon tietojen t\u00e4ytyy vastata tarkasti toisiaan, jotta tekstiss\u00e4 mainittu l\u00e4hde l\u00f6ytyy l\u00e4hdeluettelosta helposti.<\/p>\n\n\n\n<h2 class=\"wp-block-heading\">Saako teoksia ladata omaan k\u00e4ytt\u00f6\u00f6n internetist\u00e4?<\/h2>\n\n\n\n<p>Teoksia saa ladata omaan k\u00e4ytt\u00f6\u00f6n internetist\u00e4, jos ne on siell\u00e4 saatettu yleis\u00f6n saataviin laillisesti. Omaan k\u00e4ytt\u00f6\u00f6n voi siis kopioida, mutta esim. omalle nettisivulle ei. Linkin toisen teokseen saa tehd\u00e4. Kuitenkin esimerkiksi kirjaston hankkimat e-kirjat ovat erillisten sopimusten alaista aineistoa ja niit\u00e4 voi ladata omalle koneelle vain tietyin ehdoin ja niiden tulostamistakin on rajoitettu.<\/p>\n\n\n\n<h2 class=\"wp-block-heading\">Mit\u00e4 kirjaston hankkimilla elektronisilla julkaisuilla saa tehd\u00e4?<\/h2>\n\n\n\n<ul class=\"wp-block-list\">\n<li>K\u00e4ytt\u00e4\u00e4 opiskeluun ja tutkimukseen<\/li>\n\n\n\n<li>kohtuullisessa m\u00e4\u00e4rin tulostaa paperille ja tallentaa tiedostoon hakutuloksia ja artikkeleita<\/li>\n\n\n\n<li>tulostaa tai tallentaa osia e-kirjasta<\/li>\n\n\n\n<li>l\u00e4hett\u00e4\u00e4 yksitt\u00e4isi\u00e4 tiedostoja s\u00e4hk\u00f6isesti kollegalle h\u00e4nen omaan tutkimusk\u00e4ytt\u00f6\u00f6ns\u00e4 (&#8221;tieteellisen kommunikaation nimiss\u00e4&#8221;)<\/li>\n\n\n\n<li>tehd\u00e4 oppimisymp\u00e4rist\u00f6\u00f6n tai www-sivulle linkin elektroniseen artikkeliin, e-kirjan kappaleeseen tms., jolloin aineiston k\u00e4ytt\u00e4j\u00e4n k\u00e4ytt\u00f6oikeus tulee tarkistettua.<\/li>\n<\/ul>\n\n\n\n<h2 class=\"wp-block-heading\">Mit\u00e4 puolestaan ei saa tehd\u00e4?<\/h2>\n\n\n\n<ul class=\"wp-block-list\">\n<li>k\u00e4ytt\u00e4\u00e4 kaupallisiin tarkoituksiin<\/li>\n\n\n\n<li>tallentaa hakutuloksia suuria m\u00e4\u00e4ri\u00e4 j\u00e4rjestelm\u00e4llisesti<\/li>\n\n\n\n<li>tulostaa tai tallentaa kokonaista e-kirjaa<\/li>\n\n\n\n<li>jakaa aineistoa muille kuin sen k\u00e4ytt\u00f6\u00f6n oikeutetuille<\/li>\n\n\n\n<li>kopioida (tallentaa) alkuper\u00e4ist\u00e4 e-aineistoa (esim. artikkelia) kurssisivulle tai oppimisymp\u00e4rist\u00f6\u00f6n (esim. pdf-artikkelia)<\/li>\n<\/ul>\n\n\n\n<p>Lis\u00e4\u00e4 tekij\u00e4noikeuksista voi lukea esim. Kopiraitti sivustolta osoitteesta <a href=\"https:\/\/kopiraittila.fi\/\" target=\"_blank\" rel=\"noreferrer noopener\">kopiraittila.fi<\/a> (avautuu uuteen v\u00e4lilehteen).<a href=\"http:\/\/kopiraitti.fi\/\" target=\"_blank\" rel=\"noopener noreferrer\"> <\/a>Tutkimusetiikasta l\u00f6yd\u00e4t lis\u00e4tietoa yliopistomme verkkosivulta <a href=\"http:\/\/www.uef.fi\/fi\/tutkimusetiikka\" target=\"_blank\" rel=\"noopener noreferrer\">http:\/\/www.uef.fi\/fi\/tutkimusetiikka (avautuu uuteen ikkunaan).<\/a><\/p>\n\n\n\n<p>(p\u00e4ivitetty 8\/2025)<\/p>\n\n\n\n<p>Siirry seuraavaan osioon <a href=\"https:\/\/blogs.uef.fi\/tiedonhaku-vieraatkielet\/hakujen-tallentaminen\/\">Hakujen ja hakutulosten tallentaminen auttaa<\/a><\/p>\n","protected":false},"excerpt":{"rendered":"<p>Tekij\u00e4noikeuslaki (1961\/404) ja -asetus s\u00e4\u00e4telev\u00e4t julkaisujen (julkaistujen teosten) k\u00e4ytt\u00f6\u00e4.Elektroninenkin aineisto on tekij\u00e4noikeuslain suojaamaa. Kuitenkin: Mik\u00e4 on viittaamisen ja plagioinnin v\u00e4linen ero? Viittaamalla l\u00e4hteisiin kirjoittaja osoittaa, mit\u00e4 aikaisempia teorioita, metodeja ja tuloksia h\u00e4nell\u00e4 on ollut tiedossaan ja miten h\u00e4n suhteuttaa omat tuloksensa toisten tulkintoihin. Viitteess\u00e4 ja l\u00e4hdeluettelossa annetaan lukijalle riitt\u00e4v\u00e4t tiedot tunnistaa ja l\u00f6yt\u00e4\u00e4 julkaisu, johon [&hellip;]<\/p>\n","protected":false},"author":129,"featured_media":0,"parent":77,"menu_order":4,"comment_status":"closed","ping_status":"open","template":"","meta":{"_acf_changed":false,"footnotes":""},"class_list":["post-183","page","type-page","status-publish","hentry"],"acf":[],"yoast_head":"<!-- This site is optimized with the Yoast SEO plugin v27.1.1 - https:\/\/yoast.com\/product\/yoast-seo-wordpress\/ -->\n<title>Mit\u00e4 julkaisuille saa tehd\u00e4? Tekij\u00e4noikeudet, plagiointi, viittaaminen - Vieraiden kielten tiedonhaku<\/title>\n<meta name=\"robots\" content=\"index, follow, max-snippet:-1, max-image-preview:large, max-video-preview:-1\" \/>\n<link rel=\"canonical\" href=\"https:\/\/blogs.uef.fi\/tiedonhaku-vieraatkielet\/hakutuloksen-arviointi\/mita-julkaisuille-saa-tehda\/\" \/>\n<meta property=\"og:locale\" content=\"fi_FI\" \/>\n<meta property=\"og:type\" content=\"article\" \/>\n<meta property=\"og:title\" content=\"Mit\u00e4 julkaisuille saa tehd\u00e4? Tekij\u00e4noikeudet, plagiointi, viittaaminen - Vieraiden kielten tiedonhaku\" \/>\n<meta property=\"og:description\" content=\"Tekij\u00e4noikeuslaki (1961\/404) ja -asetus s\u00e4\u00e4telev\u00e4t julkaisujen (julkaistujen teosten) k\u00e4ytt\u00f6\u00e4.Elektroninenkin aineisto on tekij\u00e4noikeuslain suojaamaa. Kuitenkin: Mik\u00e4 on viittaamisen ja plagioinnin v\u00e4linen ero? Viittaamalla l\u00e4hteisiin kirjoittaja osoittaa, mit\u00e4 aikaisempia teorioita, metodeja ja tuloksia h\u00e4nell\u00e4 on ollut tiedossaan ja miten h\u00e4n suhteuttaa omat tuloksensa toisten tulkintoihin. Viitteess\u00e4 ja l\u00e4hdeluettelossa annetaan lukijalle riitt\u00e4v\u00e4t tiedot tunnistaa ja l\u00f6yt\u00e4\u00e4 julkaisu, johon [&hellip;]\" \/>\n<meta property=\"og:url\" content=\"https:\/\/blogs.uef.fi\/tiedonhaku-vieraatkielet\/hakutuloksen-arviointi\/mita-julkaisuille-saa-tehda\/\" \/>\n<meta property=\"og:site_name\" content=\"Vieraiden kielten tiedonhaku\" \/>\n<meta property=\"article:modified_time\" content=\"2025-08-29T07:31:10+00:00\" \/>\n<meta name=\"twitter:card\" content=\"summary_large_image\" \/>\n<meta name=\"twitter:label1\" content=\"Arvioitu lukuaika\" \/>\n\t<meta name=\"twitter:data1\" content=\"3 minuuttia\" \/>\n<script type=\"application\/ld+json\" class=\"yoast-schema-graph\">{\"@context\":\"https:\/\/schema.org\",\"@graph\":[{\"@type\":\"WebPage\",\"@id\":\"https:\/\/blogs.uef.fi\/tiedonhaku-vieraatkielet\/hakutuloksen-arviointi\/mita-julkaisuille-saa-tehda\/\",\"url\":\"https:\/\/blogs.uef.fi\/tiedonhaku-vieraatkielet\/hakutuloksen-arviointi\/mita-julkaisuille-saa-tehda\/\",\"name\":\"Mit\u00e4 julkaisuille saa tehd\u00e4? Tekij\u00e4noikeudet, plagiointi, viittaaminen - Vieraiden kielten tiedonhaku\",\"isPartOf\":{\"@id\":\"https:\/\/blogs.uef.fi\/tiedonhaku-vieraatkielet\/#website\"},\"datePublished\":\"2015-05-13T07:03:30+00:00\",\"dateModified\":\"2025-08-29T07:31:10+00:00\",\"breadcrumb\":{\"@id\":\"https:\/\/blogs.uef.fi\/tiedonhaku-vieraatkielet\/hakutuloksen-arviointi\/mita-julkaisuille-saa-tehda\/#breadcrumb\"},\"inLanguage\":\"fi\",\"potentialAction\":[{\"@type\":\"ReadAction\",\"target\":[\"https:\/\/blogs.uef.fi\/tiedonhaku-vieraatkielet\/hakutuloksen-arviointi\/mita-julkaisuille-saa-tehda\/\"]}]},{\"@type\":\"BreadcrumbList\",\"@id\":\"https:\/\/blogs.uef.fi\/tiedonhaku-vieraatkielet\/hakutuloksen-arviointi\/mita-julkaisuille-saa-tehda\/#breadcrumb\",\"itemListElement\":[{\"@type\":\"ListItem\",\"position\":1,\"name\":\"Home\",\"item\":\"https:\/\/blogs.uef.fi\/tiedonhaku-vieraatkielet\/\"},{\"@type\":\"ListItem\",\"position\":2,\"name\":\"Hakutulokset\",\"item\":\"https:\/\/blogs.uef.fi\/tiedonhaku-vieraatkielet\/hakutuloksen-arviointi\/\"},{\"@type\":\"ListItem\",\"position\":3,\"name\":\"Mit\u00e4 julkaisuille saa tehd\u00e4? Tekij\u00e4noikeudet, plagiointi, viittaaminen\"}]},{\"@type\":\"WebSite\",\"@id\":\"https:\/\/blogs.uef.fi\/tiedonhaku-vieraatkielet\/#website\",\"url\":\"https:\/\/blogs.uef.fi\/tiedonhaku-vieraatkielet\/\",\"name\":\"Vieraiden kielten tiedonhaku\",\"description\":\"\",\"potentialAction\":[{\"@type\":\"SearchAction\",\"target\":{\"@type\":\"EntryPoint\",\"urlTemplate\":\"https:\/\/blogs.uef.fi\/tiedonhaku-vieraatkielet\/?s={search_term_string}\"},\"query-input\":{\"@type\":\"PropertyValueSpecification\",\"valueRequired\":true,\"valueName\":\"search_term_string\"}}],\"inLanguage\":\"fi\"}]}<\/script>\n<!-- \/ Yoast SEO plugin. -->","yoast_head_json":{"title":"Mit\u00e4 julkaisuille saa tehd\u00e4? Tekij\u00e4noikeudet, plagiointi, viittaaminen - Vieraiden kielten tiedonhaku","robots":{"index":"index","follow":"follow","max-snippet":"max-snippet:-1","max-image-preview":"max-image-preview:large","max-video-preview":"max-video-preview:-1"},"canonical":"https:\/\/blogs.uef.fi\/tiedonhaku-vieraatkielet\/hakutuloksen-arviointi\/mita-julkaisuille-saa-tehda\/","og_locale":"fi_FI","og_type":"article","og_title":"Mit\u00e4 julkaisuille saa tehd\u00e4? Tekij\u00e4noikeudet, plagiointi, viittaaminen - Vieraiden kielten tiedonhaku","og_description":"Tekij\u00e4noikeuslaki (1961\/404) ja -asetus s\u00e4\u00e4telev\u00e4t julkaisujen (julkaistujen teosten) k\u00e4ytt\u00f6\u00e4.Elektroninenkin aineisto on tekij\u00e4noikeuslain suojaamaa. Kuitenkin: Mik\u00e4 on viittaamisen ja plagioinnin v\u00e4linen ero? Viittaamalla l\u00e4hteisiin kirjoittaja osoittaa, mit\u00e4 aikaisempia teorioita, metodeja ja tuloksia h\u00e4nell\u00e4 on ollut tiedossaan ja miten h\u00e4n suhteuttaa omat tuloksensa toisten tulkintoihin. Viitteess\u00e4 ja l\u00e4hdeluettelossa annetaan lukijalle riitt\u00e4v\u00e4t tiedot tunnistaa ja l\u00f6yt\u00e4\u00e4 julkaisu, johon [&hellip;]","og_url":"https:\/\/blogs.uef.fi\/tiedonhaku-vieraatkielet\/hakutuloksen-arviointi\/mita-julkaisuille-saa-tehda\/","og_site_name":"Vieraiden kielten tiedonhaku","article_modified_time":"2025-08-29T07:31:10+00:00","twitter_card":"summary_large_image","twitter_misc":{"Arvioitu lukuaika":"3 minuuttia"},"schema":{"@context":"https:\/\/schema.org","@graph":[{"@type":"WebPage","@id":"https:\/\/blogs.uef.fi\/tiedonhaku-vieraatkielet\/hakutuloksen-arviointi\/mita-julkaisuille-saa-tehda\/","url":"https:\/\/blogs.uef.fi\/tiedonhaku-vieraatkielet\/hakutuloksen-arviointi\/mita-julkaisuille-saa-tehda\/","name":"Mit\u00e4 julkaisuille saa tehd\u00e4? Tekij\u00e4noikeudet, plagiointi, viittaaminen - Vieraiden kielten tiedonhaku","isPartOf":{"@id":"https:\/\/blogs.uef.fi\/tiedonhaku-vieraatkielet\/#website"},"datePublished":"2015-05-13T07:03:30+00:00","dateModified":"2025-08-29T07:31:10+00:00","breadcrumb":{"@id":"https:\/\/blogs.uef.fi\/tiedonhaku-vieraatkielet\/hakutuloksen-arviointi\/mita-julkaisuille-saa-tehda\/#breadcrumb"},"inLanguage":"fi","potentialAction":[{"@type":"ReadAction","target":["https:\/\/blogs.uef.fi\/tiedonhaku-vieraatkielet\/hakutuloksen-arviointi\/mita-julkaisuille-saa-tehda\/"]}]},{"@type":"BreadcrumbList","@id":"https:\/\/blogs.uef.fi\/tiedonhaku-vieraatkielet\/hakutuloksen-arviointi\/mita-julkaisuille-saa-tehda\/#breadcrumb","itemListElement":[{"@type":"ListItem","position":1,"name":"Home","item":"https:\/\/blogs.uef.fi\/tiedonhaku-vieraatkielet\/"},{"@type":"ListItem","position":2,"name":"Hakutulokset","item":"https:\/\/blogs.uef.fi\/tiedonhaku-vieraatkielet\/hakutuloksen-arviointi\/"},{"@type":"ListItem","position":3,"name":"Mit\u00e4 julkaisuille saa tehd\u00e4? Tekij\u00e4noikeudet, plagiointi, viittaaminen"}]},{"@type":"WebSite","@id":"https:\/\/blogs.uef.fi\/tiedonhaku-vieraatkielet\/#website","url":"https:\/\/blogs.uef.fi\/tiedonhaku-vieraatkielet\/","name":"Vieraiden kielten tiedonhaku","description":"","potentialAction":[{"@type":"SearchAction","target":{"@type":"EntryPoint","urlTemplate":"https:\/\/blogs.uef.fi\/tiedonhaku-vieraatkielet\/?s={search_term_string}"},"query-input":{"@type":"PropertyValueSpecification","valueRequired":true,"valueName":"search_term_string"}}],"inLanguage":"fi"}]}},"_links":{"self":[{"href":"https:\/\/blogs.uef.fi\/tiedonhaku-vieraatkielet\/wp-json\/wp\/v2\/pages\/183","targetHints":{"allow":["GET"]}}],"collection":[{"href":"https:\/\/blogs.uef.fi\/tiedonhaku-vieraatkielet\/wp-json\/wp\/v2\/pages"}],"about":[{"href":"https:\/\/blogs.uef.fi\/tiedonhaku-vieraatkielet\/wp-json\/wp\/v2\/types\/page"}],"author":[{"embeddable":true,"href":"https:\/\/blogs.uef.fi\/tiedonhaku-vieraatkielet\/wp-json\/wp\/v2\/users\/129"}],"replies":[{"embeddable":true,"href":"https:\/\/blogs.uef.fi\/tiedonhaku-vieraatkielet\/wp-json\/wp\/v2\/comments?post=183"}],"version-history":[{"count":2,"href":"https:\/\/blogs.uef.fi\/tiedonhaku-vieraatkielet\/wp-json\/wp\/v2\/pages\/183\/revisions"}],"predecessor-version":[{"id":3051,"href":"https:\/\/blogs.uef.fi\/tiedonhaku-vieraatkielet\/wp-json\/wp\/v2\/pages\/183\/revisions\/3051"}],"up":[{"embeddable":true,"href":"https:\/\/blogs.uef.fi\/tiedonhaku-vieraatkielet\/wp-json\/wp\/v2\/pages\/77"}],"wp:attachment":[{"href":"https:\/\/blogs.uef.fi\/tiedonhaku-vieraatkielet\/wp-json\/wp\/v2\/media?parent=183"}],"curies":[{"name":"wp","href":"https:\/\/api.w.org\/{rel}","templated":true}]}}