{"id":180,"date":"2015-05-13T07:00:17","date_gmt":"2015-05-13T07:00:17","guid":{"rendered":"https:\/\/ueflibrarylang.wordpress.com\/?page_id=180"},"modified":"2024-01-05T13:48:04","modified_gmt":"2024-01-05T11:48:04","slug":"aineistojen-saatavuus-ja-hankinta","status":"publish","type":"page","link":"https:\/\/blogs.uef.fi\/tiedonhaku-vieraatkielet\/hakutuloksen-arviointi\/aineistojen-saatavuus-ja-hankinta\/","title":{"rendered":"Aineistojen saatavuus ja hankinta"},"content":{"rendered":"\n<h2 class=\"wp-block-heading\">Elektronisiin lehtiin ja \u2013kirjoihin on monta tiet\u00e4<\/h2>\n\n\n\n<p>\u2022 <a href=\"https:\/\/primo.uef.fi\/discovery\/search?vid=358FIN_UOEF:VU1&amp;lang=fi\" target=\"_blank\" rel=\"noopener noreferrer\">UEF-Primosta<\/a> (avautuu uuteen ikkunaan) voi hakea e-lehti\u00e4 lehden nimen mukaan, samoin artikkeleita joko artikkelin nimell\u00e4 tai aiheella<br>\u2022 <a href=\"http:\/\/scholar.google.fi\/\" target=\"_blank\" rel=\"noopener noreferrer\">Google Scholarilla<\/a> (avautuu uuteen ikkunaan) kannattaa hakea artikkelin tai sarjan osan nimell\u00e4. Ollessasi yliopiston verkossa Google Scholar l\u00f6yt\u00e4\u00e4 my\u00f6s suljetuissa tietokannoissa olevia artikkeleita kokotekstein\u00e4.<br>\u2022 e-kirjat l\u00f6ytyv\u00e4t helposti UEF-Primosta kirjan nimell\u00e4<\/p>\n\n\n\n<p>VINKKI: Avoin tiede ja avoin julkaiseminen ovat tuoneet mukanaan paljon hyvi\u00e4, avoimia digitaalisia l\u00e4hteit\u00e4. Esimerkiksi n\u00e4it\u00e4 voit k\u00e4ytt\u00e4\u00e4 apunasi hakiessasi tietoa (linkit avautuvat uusiin ikkunoihin):<\/p>\n\n\n\n<ul class=\"wp-block-list\">\n<li><a href=\"https:\/\/journal.fi\/\" target=\"_blank\" rel=\"noopener noreferrer\">Journal.fi<\/a> \u2013 suomalaiset tiedelehdet verkossa (mm. Finnish Journal of Linguistics, Kasvatus -lehti jne.)<\/li>\n\n\n\n<li><a href=\"https:\/\/erepo.uef.fi\/?locale-attribute=fi\" target=\"_blank\" rel=\"noopener\">UEF eRepo<\/a> \u2013 It\u00e4-Suomen yliopiston opinn\u00e4ytteet ja sarjajulkaisut Huom! Osa graduista suljettuja tekij\u00f6iden toivomuksesta)<\/li>\n\n\n\n<li><a href=\"https:\/\/www.doaj.org\/\" target=\"_blank\" rel=\"noopener noreferrer\">DOAJ<\/a> \u2013 Directory of Open Access Journals (monitieteinen ja -kielinen tieteellisten lehtien tietokanta)<\/li>\n<\/ul>\n\n\n\n<h2 class=\"wp-block-heading\">Painettuja julkaisuja haetaan kirjastotietokannoista<\/h2>\n\n\n\n<p>\u2022 julkaisun nimell\u00e4, jos kyseess\u00e4 on kirja tai raportti tms.<br>\u2022 lehden nimell\u00e4, jos kyseess\u00e4 on lehtiartikkeli<br>\u2022 kokoomateoksen nimell\u00e4, jos kyseess\u00e4 on kirjan luku<\/p>\n\n\n\n<p>Onko julkaisu saatavana vai lainassa? Pit\u00e4\u00e4k\u00f6 j\u00e4tt\u00e4\u00e4 varaus? Tarkista tarvittaessa muut l\u00e4hiseutusi kirjastot, esimerkiksi ammattikorkeakoulun kirjasto ja kaupunginkirjasto.<\/p>\n\n\n\n<h2 class=\"wp-block-heading\">Vapaakappaleet: kotimainen kirjallisuus ulottuville<\/h2>\n\n\n\n<p>It\u00e4-Suomen yliopiston kirjastolla on k\u00e4yt\u00f6ss\u00e4\u00e4n kaikki Suomessa julkaistava kirjallisuus ns. vapaakappalelain perusteella. Oikeus on ollut Joensuun yliopiston kirjastolla vuodesta 1981 l\u00e4htien. Suuri osa t\u00e4st\u00e4 aineistosta ei kuulu kirjaston lainattaviin kokoelmiin, mutta on saatavilla lukusalik\u00e4ytt\u00f6\u00f6n. UEF-Primosta l\u00f6ytyy osa vapaakappaleista ja voit tilata niit\u00e4 luettavaksesi Primon kautta. Vapaakappalepyynt\u00f6 on maksuton. <a href=\"https:\/\/www.uef.fi\/fi\/kirjasto\/vapaakappaleet\" target=\"_blank\" rel=\"noopener noreferrer\">Lue lis\u00e4\u00e4 vapaakappaleista<\/a> (avautuu uuteen ikkunaan).<br><a href=\"https:\/\/kansalliskirjasto.finna.fi\/\" target=\"_blank\" rel=\"noopener\">Suomen kansalliskirjaston hakupalvelussa<\/a> (avautuu uuteen ikkunaan) pystyy hakutuloksen rajaamaan koskemaan Suomen kansallisbibliografiaa Fennicaa, jossa on tiedot kaikesta Suomessa julkaistusta kirjallisuudesta.<\/p>\n\n\n\n<p>Uudistunut vapaakappalelaki on tuonut arkistoinnin piiriin my\u00f6s verkkoaineistoja sek\u00e4 elektronisia julkaisuja. It\u00e4-Suomen yliopiston kampuskirjastoissa on nk. vapaakappalety\u00f6asemia, joilta l\u00f6ytyy mm. <a href=\"https:\/\/rtva.kavi.fi\/cms\/page\/page\/info_katselupisteet\" target=\"_blank\" rel=\"noopener noreferrer\">Radio- ja TV-arkisto RTVA<\/a> (avautuu uuteen ikkunaan). Nopeasti muuttuvat sivustot, kuten uutispalvelut ja keskustelupalstat, j\u00e4\u00e4nev\u00e4t arkistoinnin ulkopuolelle jatkossakin.<\/p>\n\n\n\n<h2 class=\"wp-block-heading\">Kaukolainaus : toisten kirjastojen aineistot omaan kirjastoon<\/h2>\n\n\n\n<p>Jos haluttua aineistoa ei l\u00f6ydy kirjastosta, voi harkita kaukolainan tilausta.<br>Kaukolainauksessa kirjan voi saada lainaksi, lehtiartikkeleista saa yleens\u00e4 kopion.<br>Palvelu on maksullista. Kaukolainojen tilaus hoidetaan kirjaston kaukopalvelun kautta. Siell\u00e4 selvitet\u00e4\u00e4n my\u00f6s, mist\u00e4 julkaisu olisi nopeimmin ja edullisimmin saatavissa. Kaukolaina voidaan tilata tarvittaessa my\u00f6s ulkomailta, jolloin se maksaa enemm\u00e4n \u2013 mieti siis edelt\u00e4 k\u00e4sin, paljonko olet valmis maksamaan (tarkista kirjaston palveluhinnasto). <a href=\"https:\/\/www.uef.fi\/fi\/kirjasto\/asiakkaana#paragraph-8582\" target=\"_blank\" rel=\"noopener noreferrer\">Lue lis\u00e4\u00e4 kaukopalvelupyynn\u00f6st\u00e4 ja kaukopalvelusta<\/a> (avautuu uuteen ikkunaan)<a href=\"http:\/\/www.uef.fi\/fi\/web\/kirjasto\/kaukopalvelu-kirjaston-asiakkaille\" target=\"_blank\" rel=\"noopener noreferrer\">.<\/a><\/p>\n\n\n\n<h2 class=\"wp-block-heading\">Varastokirjasto<\/h2>\n\n\n\n<p><a href=\"https:\/\/varastokirjasto.fi\/\" target=\"_blank\" rel=\"noopener\">Varastokirjasto<\/a> (avautuu uuteen ikkunaan) on opetus- ja kultturiministeri\u00f6n alainen valtakunnallinen kirjasto, joka palvelee maamme tieteellisi\u00e4, yleisi\u00e4 ja muita kirjastoja. Varastokirjaston teht\u00e4v\u00e4 on vastaanottaa ja s\u00e4ilytt\u00e4\u00e4 suomalaisista kirjastoista siirrett\u00e4v\u00e4\u00e4 aineistoa sek\u00e4 asettaa se tarvitsijoiden k\u00e4ytt\u00f6\u00f6n. Varastokirjastosta tilaaminen on edullista: kaukopalvelu maksaa 1 euron \/ kirja, artikkelipyynt\u00f6 on opiskelijoille ilmainen. Huomaathan, ett\u00e4 pyynn\u00f6t Varastokirjastosta tehd\u00e4\u00e4n <a href=\"https:\/\/www.uef.fi\/fi\/kirjasto\/asiakkaana#paragraph-8582\" target=\"_blank\" rel=\"noopener noreferrer\">kaukopalvelun kautta<\/a> (avautuu uuteen ikkunaan) &#8211; Vaari-tietokannan kautta pyynn\u00f6t eiv\u00e4t onnistu, sill\u00e4 k\u00e4yt\u00f6ss\u00e4 oleva tietokanta ei ole sama kuin oman yliopistokirjastosi tietokanta. Varastokirjaston kokoelmia p\u00e4\u00e4set tarkastelemaan <a href=\"https:\/\/vaari.finna.fi\/\" target=\"_blank\" rel=\"noopener noreferrer\">Vaari-tietokannasta (avautuu uuteen ikkunaan).<\/a><\/p>\n\n\n\n<p>(p\u00e4ivitetty 9\/2023)<\/p>\n\n\n\n<p>Siirry seuraavaan osioon <a href=\"https:\/\/blogs.uef.fi\/tiedonhaku-vieraatkielet\/hakutuloksen-arviointi\/mita-julkaisuille-saa-tehda\/\">Mit\u00e4 julkaisuille saa tehd\u00e4? Tekij\u00e4noikeudet, plagiointi, viittaaminen<\/a><\/p>\n","protected":false},"excerpt":{"rendered":"<p>Elektronisiin lehtiin ja \u2013kirjoihin on monta tiet\u00e4 \u2022 UEF-Primosta (avautuu uuteen ikkunaan) voi hakea e-lehti\u00e4 lehden nimen mukaan, samoin artikkeleita joko artikkelin nimell\u00e4 tai aiheella\u2022 Google Scholarilla (avautuu uuteen ikkunaan) kannattaa hakea artikkelin tai sarjan osan nimell\u00e4. Ollessasi yliopiston verkossa Google Scholar l\u00f6yt\u00e4\u00e4 my\u00f6s suljetuissa tietokannoissa olevia artikkeleita kokotekstein\u00e4.\u2022 e-kirjat l\u00f6ytyv\u00e4t helposti UEF-Primosta kirjan nimell\u00e4 [&hellip;]<\/p>\n","protected":false},"author":129,"featured_media":0,"parent":77,"menu_order":3,"comment_status":"closed","ping_status":"open","template":"","meta":{"_acf_changed":false,"footnotes":""},"class_list":["post-180","page","type-page","status-publish","hentry"],"acf":[],"yoast_head":"<!-- This site is optimized with the Yoast SEO plugin v27.3 - https:\/\/yoast.com\/product\/yoast-seo-wordpress\/ -->\n<title>Aineistojen saatavuus ja hankinta - Vieraiden kielten tiedonhaku<\/title>\n<meta name=\"robots\" content=\"index, follow, max-snippet:-1, max-image-preview:large, max-video-preview:-1\" \/>\n<link rel=\"canonical\" href=\"https:\/\/blogs.uef.fi\/tiedonhaku-vieraatkielet\/hakutuloksen-arviointi\/aineistojen-saatavuus-ja-hankinta\/\" \/>\n<meta property=\"og:locale\" content=\"fi_FI\" \/>\n<meta property=\"og:type\" content=\"article\" \/>\n<meta property=\"og:title\" content=\"Aineistojen saatavuus ja hankinta - Vieraiden kielten tiedonhaku\" \/>\n<meta property=\"og:description\" content=\"Elektronisiin lehtiin ja \u2013kirjoihin on monta tiet\u00e4 \u2022 UEF-Primosta (avautuu uuteen ikkunaan) voi hakea e-lehti\u00e4 lehden nimen mukaan, samoin artikkeleita joko artikkelin nimell\u00e4 tai aiheella\u2022 Google Scholarilla (avautuu uuteen ikkunaan) kannattaa hakea artikkelin tai sarjan osan nimell\u00e4. Ollessasi yliopiston verkossa Google Scholar l\u00f6yt\u00e4\u00e4 my\u00f6s suljetuissa tietokannoissa olevia artikkeleita kokotekstein\u00e4.\u2022 e-kirjat l\u00f6ytyv\u00e4t helposti UEF-Primosta kirjan nimell\u00e4 [&hellip;]\" \/>\n<meta property=\"og:url\" content=\"https:\/\/blogs.uef.fi\/tiedonhaku-vieraatkielet\/hakutuloksen-arviointi\/aineistojen-saatavuus-ja-hankinta\/\" \/>\n<meta property=\"og:site_name\" content=\"Vieraiden kielten tiedonhaku\" \/>\n<meta property=\"article:modified_time\" content=\"2024-01-05T11:48:04+00:00\" \/>\n<meta name=\"twitter:card\" content=\"summary_large_image\" \/>\n<meta name=\"twitter:label1\" content=\"Arvioitu lukuaika\" \/>\n\t<meta name=\"twitter:data1\" content=\"3 minuuttia\" \/>\n<script type=\"application\/ld+json\" class=\"yoast-schema-graph\">{\"@context\":\"https:\\\/\\\/schema.org\",\"@graph\":[{\"@type\":\"WebPage\",\"@id\":\"https:\\\/\\\/blogs.uef.fi\\\/tiedonhaku-vieraatkielet\\\/hakutuloksen-arviointi\\\/aineistojen-saatavuus-ja-hankinta\\\/\",\"url\":\"https:\\\/\\\/blogs.uef.fi\\\/tiedonhaku-vieraatkielet\\\/hakutuloksen-arviointi\\\/aineistojen-saatavuus-ja-hankinta\\\/\",\"name\":\"Aineistojen saatavuus ja hankinta - Vieraiden kielten tiedonhaku\",\"isPartOf\":{\"@id\":\"https:\\\/\\\/blogs.uef.fi\\\/tiedonhaku-vieraatkielet\\\/#website\"},\"datePublished\":\"2015-05-13T07:00:17+00:00\",\"dateModified\":\"2024-01-05T11:48:04+00:00\",\"breadcrumb\":{\"@id\":\"https:\\\/\\\/blogs.uef.fi\\\/tiedonhaku-vieraatkielet\\\/hakutuloksen-arviointi\\\/aineistojen-saatavuus-ja-hankinta\\\/#breadcrumb\"},\"inLanguage\":\"fi\",\"potentialAction\":[{\"@type\":\"ReadAction\",\"target\":[\"https:\\\/\\\/blogs.uef.fi\\\/tiedonhaku-vieraatkielet\\\/hakutuloksen-arviointi\\\/aineistojen-saatavuus-ja-hankinta\\\/\"]}]},{\"@type\":\"BreadcrumbList\",\"@id\":\"https:\\\/\\\/blogs.uef.fi\\\/tiedonhaku-vieraatkielet\\\/hakutuloksen-arviointi\\\/aineistojen-saatavuus-ja-hankinta\\\/#breadcrumb\",\"itemListElement\":[{\"@type\":\"ListItem\",\"position\":1,\"name\":\"Home\",\"item\":\"https:\\\/\\\/blogs.uef.fi\\\/tiedonhaku-vieraatkielet\\\/\"},{\"@type\":\"ListItem\",\"position\":2,\"name\":\"Hakutulokset\",\"item\":\"https:\\\/\\\/blogs.uef.fi\\\/tiedonhaku-vieraatkielet\\\/hakutuloksen-arviointi\\\/\"},{\"@type\":\"ListItem\",\"position\":3,\"name\":\"Aineistojen saatavuus ja hankinta\"}]},{\"@type\":\"WebSite\",\"@id\":\"https:\\\/\\\/blogs.uef.fi\\\/tiedonhaku-vieraatkielet\\\/#website\",\"url\":\"https:\\\/\\\/blogs.uef.fi\\\/tiedonhaku-vieraatkielet\\\/\",\"name\":\"Vieraiden kielten tiedonhaku\",\"description\":\"\",\"potentialAction\":[{\"@type\":\"SearchAction\",\"target\":{\"@type\":\"EntryPoint\",\"urlTemplate\":\"https:\\\/\\\/blogs.uef.fi\\\/tiedonhaku-vieraatkielet\\\/?s={search_term_string}\"},\"query-input\":{\"@type\":\"PropertyValueSpecification\",\"valueRequired\":true,\"valueName\":\"search_term_string\"}}],\"inLanguage\":\"fi\"}]}<\/script>\n<!-- \/ Yoast SEO plugin. -->","yoast_head_json":{"title":"Aineistojen saatavuus ja hankinta - Vieraiden kielten tiedonhaku","robots":{"index":"index","follow":"follow","max-snippet":"max-snippet:-1","max-image-preview":"max-image-preview:large","max-video-preview":"max-video-preview:-1"},"canonical":"https:\/\/blogs.uef.fi\/tiedonhaku-vieraatkielet\/hakutuloksen-arviointi\/aineistojen-saatavuus-ja-hankinta\/","og_locale":"fi_FI","og_type":"article","og_title":"Aineistojen saatavuus ja hankinta - Vieraiden kielten tiedonhaku","og_description":"Elektronisiin lehtiin ja \u2013kirjoihin on monta tiet\u00e4 \u2022 UEF-Primosta (avautuu uuteen ikkunaan) voi hakea e-lehti\u00e4 lehden nimen mukaan, samoin artikkeleita joko artikkelin nimell\u00e4 tai aiheella\u2022 Google Scholarilla (avautuu uuteen ikkunaan) kannattaa hakea artikkelin tai sarjan osan nimell\u00e4. Ollessasi yliopiston verkossa Google Scholar l\u00f6yt\u00e4\u00e4 my\u00f6s suljetuissa tietokannoissa olevia artikkeleita kokotekstein\u00e4.\u2022 e-kirjat l\u00f6ytyv\u00e4t helposti UEF-Primosta kirjan nimell\u00e4 [&hellip;]","og_url":"https:\/\/blogs.uef.fi\/tiedonhaku-vieraatkielet\/hakutuloksen-arviointi\/aineistojen-saatavuus-ja-hankinta\/","og_site_name":"Vieraiden kielten tiedonhaku","article_modified_time":"2024-01-05T11:48:04+00:00","twitter_card":"summary_large_image","twitter_misc":{"Arvioitu lukuaika":"3 minuuttia"},"schema":{"@context":"https:\/\/schema.org","@graph":[{"@type":"WebPage","@id":"https:\/\/blogs.uef.fi\/tiedonhaku-vieraatkielet\/hakutuloksen-arviointi\/aineistojen-saatavuus-ja-hankinta\/","url":"https:\/\/blogs.uef.fi\/tiedonhaku-vieraatkielet\/hakutuloksen-arviointi\/aineistojen-saatavuus-ja-hankinta\/","name":"Aineistojen saatavuus ja hankinta - Vieraiden kielten tiedonhaku","isPartOf":{"@id":"https:\/\/blogs.uef.fi\/tiedonhaku-vieraatkielet\/#website"},"datePublished":"2015-05-13T07:00:17+00:00","dateModified":"2024-01-05T11:48:04+00:00","breadcrumb":{"@id":"https:\/\/blogs.uef.fi\/tiedonhaku-vieraatkielet\/hakutuloksen-arviointi\/aineistojen-saatavuus-ja-hankinta\/#breadcrumb"},"inLanguage":"fi","potentialAction":[{"@type":"ReadAction","target":["https:\/\/blogs.uef.fi\/tiedonhaku-vieraatkielet\/hakutuloksen-arviointi\/aineistojen-saatavuus-ja-hankinta\/"]}]},{"@type":"BreadcrumbList","@id":"https:\/\/blogs.uef.fi\/tiedonhaku-vieraatkielet\/hakutuloksen-arviointi\/aineistojen-saatavuus-ja-hankinta\/#breadcrumb","itemListElement":[{"@type":"ListItem","position":1,"name":"Home","item":"https:\/\/blogs.uef.fi\/tiedonhaku-vieraatkielet\/"},{"@type":"ListItem","position":2,"name":"Hakutulokset","item":"https:\/\/blogs.uef.fi\/tiedonhaku-vieraatkielet\/hakutuloksen-arviointi\/"},{"@type":"ListItem","position":3,"name":"Aineistojen saatavuus ja hankinta"}]},{"@type":"WebSite","@id":"https:\/\/blogs.uef.fi\/tiedonhaku-vieraatkielet\/#website","url":"https:\/\/blogs.uef.fi\/tiedonhaku-vieraatkielet\/","name":"Vieraiden kielten tiedonhaku","description":"","potentialAction":[{"@type":"SearchAction","target":{"@type":"EntryPoint","urlTemplate":"https:\/\/blogs.uef.fi\/tiedonhaku-vieraatkielet\/?s={search_term_string}"},"query-input":{"@type":"PropertyValueSpecification","valueRequired":true,"valueName":"search_term_string"}}],"inLanguage":"fi"}]}},"_links":{"self":[{"href":"https:\/\/blogs.uef.fi\/tiedonhaku-vieraatkielet\/wp-json\/wp\/v2\/pages\/180","targetHints":{"allow":["GET"]}}],"collection":[{"href":"https:\/\/blogs.uef.fi\/tiedonhaku-vieraatkielet\/wp-json\/wp\/v2\/pages"}],"about":[{"href":"https:\/\/blogs.uef.fi\/tiedonhaku-vieraatkielet\/wp-json\/wp\/v2\/types\/page"}],"author":[{"embeddable":true,"href":"https:\/\/blogs.uef.fi\/tiedonhaku-vieraatkielet\/wp-json\/wp\/v2\/users\/129"}],"replies":[{"embeddable":true,"href":"https:\/\/blogs.uef.fi\/tiedonhaku-vieraatkielet\/wp-json\/wp\/v2\/comments?post=180"}],"version-history":[{"count":2,"href":"https:\/\/blogs.uef.fi\/tiedonhaku-vieraatkielet\/wp-json\/wp\/v2\/pages\/180\/revisions"}],"predecessor-version":[{"id":2871,"href":"https:\/\/blogs.uef.fi\/tiedonhaku-vieraatkielet\/wp-json\/wp\/v2\/pages\/180\/revisions\/2871"}],"up":[{"embeddable":true,"href":"https:\/\/blogs.uef.fi\/tiedonhaku-vieraatkielet\/wp-json\/wp\/v2\/pages\/77"}],"wp:attachment":[{"href":"https:\/\/blogs.uef.fi\/tiedonhaku-vieraatkielet\/wp-json\/wp\/v2\/media?parent=180"}],"curies":[{"name":"wp","href":"https:\/\/api.w.org\/{rel}","templated":true}]}}