{"id":174,"date":"2015-05-13T06:57:13","date_gmt":"2015-05-13T06:57:13","guid":{"rendered":"https:\/\/ueflibrarylang.wordpress.com\/?page_id=174"},"modified":"2023-09-13T15:09:30","modified_gmt":"2023-09-13T12:09:30","slug":"lahdeaineiston-arviointi-ja-valinta","status":"publish","type":"page","link":"https:\/\/blogs.uef.fi\/tiedonhaku-vieraatkielet\/hakutuloksen-arviointi\/lahdeaineiston-arviointi-ja-valinta\/","title":{"rendered":"L\u00e4hdeaineiston arviointi ja valinta"},"content":{"rendered":"\n<p>Jossain vaiheessa on aika lopettaa tiedonhaku ja tarkastella l\u00f6ytyneit\u00e4 viitteit\u00e4.<br>Muokkaa ensin hakutuloksesi aihe mahdollisimman kohdalleen hakusanojen avulla ja rajaa tuloksia esim. kielen, ajan, julkaisumuodon ym. mukaan.<\/p>\n\n\n\n<p>Sitten alat k\u00e4yd\u00e4 viitteit\u00e4 l\u00e4pi ja valita:<\/p>\n\n\n\n<ul class=\"wp-block-list\">\n<li>mit\u00e4 viitteit\u00e4 otetaan l\u00e4hemp\u00e4\u00e4n tarkasteluun<\/li>\n<\/ul>\n\n\n\n<ul class=\"wp-block-list\">\n<li>mit\u00e4 valituista luetaan (ja hankitaan luettavaksi, ellei full text ole heti saatavissa)<\/li>\n<\/ul>\n\n\n\n<ol class=\"wp-block-list\"><\/ol>\n\n\n\n<ul class=\"wp-block-list\">\n<li>mit\u00e4 valituista k\u00e4ytet\u00e4\u00e4n oman ty\u00f6n l\u00e4htein\u00e4 (eli mihin viitataan)<\/li>\n<\/ul>\n\n\n\n<h2 class=\"wp-block-heading\"><span style=\"color: #000000\">Valintaperusteita jatkoon p\u00e4\u00e4seville l\u00e4hteille<br><\/span><\/h2>\n\n\n\n<p><span style=\"color: #339966\"><strong><span style=\"color: #000000\">Aiherelevanssi; onko sis\u00e4lt\u00f6 oikeaa asiaa?<\/span> <\/strong><\/span><\/p>\n\n\n\n<p>Ensimm\u00e4isess\u00e4 vaiheessa arvioit viitteiden otsikoista, asiasanoista ja tiivistelmist\u00e4, ovatko ne sis\u00e4ll\u00f6llisesti etsim\u00e4\u00e4si aihetta ja k\u00e4ytt\u00f6kelpoisia tilanteessasi.<\/p>\n\n\n\n<p><span style=\"color: #000000\"><strong>Tieteellist\u00e4 tietoa?<\/strong><\/span><\/p>\n\n\n\n<p>Vaikka tieteenalakohtaiset tietokannat sis\u00e4lt\u00e4v\u00e4t luotettavampaa aineistoa kuin mit\u00e4 esim. Googlella saat, tieteellisyydelt\u00e4\u00e4n eri tasoista aineistoa niiss\u00e4kin voi olla. Varsinkin kotimaisiin tietokantoihin seurataan paljon my\u00f6s ammatti- ja j\u00e4rjest\u00f6lehti\u00e4.<\/p>\n\n\n\n<p>Artikkelien tieteellisyyden kriteerin\u00e4 pidet\u00e4\u00e4n sit\u00e4, k\u00e4ytet\u00e4\u00e4nk\u00f6 lehdiss\u00e4 ennakkoarviointia, ns. <strong>referee tai peer reviewed -menettely\u00e4\/vertaisarviointia<\/strong> (kts. kappale <a href=\"https:\/\/blogs.uef.fi\/tiedonhaku-vieraatkielet\/tiedonhaun-palikat\/vertaisarviointi\/\" target=\"_blank\" rel=\"noopener noreferrer\">Vertaisarviointi<\/a>, avautuu uuteen ikkunaan). Useissa kansainv\u00e4lisiss\u00e4 tietokannoissa haun voi rajata vain tieteellisten vertaisarvioitujen lehtien artikkeleihin (peer review, referee, scholarly). Tee rajaus hakuusi, jos se on tarpeen!<\/p>\n\n\n\n<p><strong>L\u00e4hdeluettelo<\/strong> on yksi tieteellisen ja luotettavan artikkelin tunnusmerkeist\u00e4. Joidenkin tietokantojen viitteiss\u00e4 on mukana my\u00f6s artikkelin l\u00e4hdeluettelo, josta voit p\u00e4\u00e4tell\u00e4 paljon, vaikka et itse artikkelia kokotekstin\u00e4 saisikaan k\u00e4siisi.<\/p>\n\n\n\n<p><strong><span style=\"color: #000000\">Mink\u00e4 tyyppinen artikkeli tai kirjoitus on?<\/span> <\/strong><\/p>\n\n\n\n<p>Tieteellisiss\u00e4kin lehdiss\u00e4 julkaistaan my\u00f6s p\u00e4\u00e4kirjoituksia (editorial), mielipidekirjoituksia (letter, letter to the editor) ja kirja-arvosteluja (book review). Tarkista siis viitteest\u00e4, onko kyseess\u00e4 tieteellinen artikkeli (yleens\u00e4 vain &#8221;article&#8221;) tai tutkimusraportti.<\/p>\n\n\n\n<p><span style=\"color: #000000\"><strong>Julkaisun ik\u00e4 tai tuoreus<\/strong>?<\/span><\/p>\n\n\n\n<p>J\u00e4rkev\u00e4 vuosirajaus riippuu aiheestasi. Kannattaa l\u00e4hte\u00e4 liikkeelle mahdollisimman tuoreesta aineistoista. Uudet tutkimustulokset kertyv\u00e4t vanhojen p\u00e4\u00e4lle. T\u00e4ll\u00f6in my\u00f6s l\u00e4hdeluetteloiden l\u00e4pik\u00e4yminen on hy\u00f6dyllist\u00e4. Klassikot eiv\u00e4t vanhene. Tietokantojen tulokset lajitellaan usein uusimmasta vanhimpaan, joten aikarajaus ei haussa ole v\u00e4ltt\u00e4m\u00e4t\u00f6n. Toki suurta tulosm\u00e4\u00e4r\u00e4\u00e4 voi pienent\u00e4\u00e4 vuosirajauksella.<\/p>\n\n\n\n<p><span style=\"color: #000000\"><strong>Aineiston saatavuus?<\/strong><\/span><\/p>\n\n\n\n<p>Paljonko aikaa ja rahaa on k\u00e4ytett\u00e4viss\u00e4? Mink\u00e4 tasoista tieteellist\u00e4 ty\u00f6t\u00e4 olet tekem\u00e4ss\u00e4? Jos aineisto ei ole saatavissa omassa kirjastossasi painettuna tai elektronisena, kaukopalvelu v\u00e4litt\u00e4\u00e4 maksusta lainoja ja kopioita muualta.<\/p>\n\n\n\n<p>(p\u00e4ivitetty 9\/2023)<\/p>\n\n\n\n<p>Siirry seuraavaan osioon <a href=\"https:\/\/blogs.uef.fi\/tiedonhaku-vieraatkielet\/hakutuloksen-arviointi\/viitetietojen-lukeminen\/\">Viitetietojen lukeminen<\/a><\/p>\n","protected":false},"excerpt":{"rendered":"<p>Jossain vaiheessa on aika lopettaa tiedonhaku ja tarkastella l\u00f6ytyneit\u00e4 viitteit\u00e4.Muokkaa ensin hakutuloksesi aihe mahdollisimman kohdalleen hakusanojen avulla ja rajaa tuloksia esim. kielen, ajan, julkaisumuodon ym. mukaan. Sitten alat k\u00e4yd\u00e4 viitteit\u00e4 l\u00e4pi ja valita: Valintaperusteita jatkoon p\u00e4\u00e4seville l\u00e4hteille Aiherelevanssi; onko sis\u00e4lt\u00f6 oikeaa asiaa? Ensimm\u00e4isess\u00e4 vaiheessa arvioit viitteiden otsikoista, asiasanoista ja tiivistelmist\u00e4, ovatko ne sis\u00e4ll\u00f6llisesti etsim\u00e4\u00e4si aihetta [&hellip;]<\/p>\n","protected":false},"author":129,"featured_media":0,"parent":77,"menu_order":1,"comment_status":"closed","ping_status":"open","template":"","meta":{"_acf_changed":false,"footnotes":""},"class_list":["post-174","page","type-page","status-publish","hentry"],"acf":[],"yoast_head":"<!-- This site is optimized with the Yoast SEO plugin v27.3 - https:\/\/yoast.com\/product\/yoast-seo-wordpress\/ -->\n<title>L\u00e4hdeaineiston arviointi ja valinta - Vieraiden kielten tiedonhaku<\/title>\n<meta name=\"robots\" content=\"index, follow, max-snippet:-1, max-image-preview:large, max-video-preview:-1\" \/>\n<link rel=\"canonical\" href=\"https:\/\/blogs.uef.fi\/tiedonhaku-vieraatkielet\/hakutuloksen-arviointi\/lahdeaineiston-arviointi-ja-valinta\/\" \/>\n<meta property=\"og:locale\" content=\"fi_FI\" \/>\n<meta property=\"og:type\" content=\"article\" \/>\n<meta property=\"og:title\" content=\"L\u00e4hdeaineiston arviointi ja valinta - Vieraiden kielten tiedonhaku\" \/>\n<meta property=\"og:description\" content=\"Jossain vaiheessa on aika lopettaa tiedonhaku ja tarkastella l\u00f6ytyneit\u00e4 viitteit\u00e4.Muokkaa ensin hakutuloksesi aihe mahdollisimman kohdalleen hakusanojen avulla ja rajaa tuloksia esim. kielen, ajan, julkaisumuodon ym. mukaan. Sitten alat k\u00e4yd\u00e4 viitteit\u00e4 l\u00e4pi ja valita: Valintaperusteita jatkoon p\u00e4\u00e4seville l\u00e4hteille Aiherelevanssi; onko sis\u00e4lt\u00f6 oikeaa asiaa? Ensimm\u00e4isess\u00e4 vaiheessa arvioit viitteiden otsikoista, asiasanoista ja tiivistelmist\u00e4, ovatko ne sis\u00e4ll\u00f6llisesti etsim\u00e4\u00e4si aihetta [&hellip;]\" \/>\n<meta property=\"og:url\" content=\"https:\/\/blogs.uef.fi\/tiedonhaku-vieraatkielet\/hakutuloksen-arviointi\/lahdeaineiston-arviointi-ja-valinta\/\" \/>\n<meta property=\"og:site_name\" content=\"Vieraiden kielten tiedonhaku\" \/>\n<meta property=\"article:modified_time\" content=\"2023-09-13T12:09:30+00:00\" \/>\n<meta name=\"twitter:card\" content=\"summary_large_image\" \/>\n<meta name=\"twitter:label1\" content=\"Arvioitu lukuaika\" \/>\n\t<meta name=\"twitter:data1\" content=\"2 minuuttia\" \/>\n<script type=\"application\/ld+json\" class=\"yoast-schema-graph\">{\"@context\":\"https:\\\/\\\/schema.org\",\"@graph\":[{\"@type\":\"WebPage\",\"@id\":\"https:\\\/\\\/blogs.uef.fi\\\/tiedonhaku-vieraatkielet\\\/hakutuloksen-arviointi\\\/lahdeaineiston-arviointi-ja-valinta\\\/\",\"url\":\"https:\\\/\\\/blogs.uef.fi\\\/tiedonhaku-vieraatkielet\\\/hakutuloksen-arviointi\\\/lahdeaineiston-arviointi-ja-valinta\\\/\",\"name\":\"L\u00e4hdeaineiston arviointi ja valinta - Vieraiden kielten tiedonhaku\",\"isPartOf\":{\"@id\":\"https:\\\/\\\/blogs.uef.fi\\\/tiedonhaku-vieraatkielet\\\/#website\"},\"datePublished\":\"2015-05-13T06:57:13+00:00\",\"dateModified\":\"2023-09-13T12:09:30+00:00\",\"breadcrumb\":{\"@id\":\"https:\\\/\\\/blogs.uef.fi\\\/tiedonhaku-vieraatkielet\\\/hakutuloksen-arviointi\\\/lahdeaineiston-arviointi-ja-valinta\\\/#breadcrumb\"},\"inLanguage\":\"fi\",\"potentialAction\":[{\"@type\":\"ReadAction\",\"target\":[\"https:\\\/\\\/blogs.uef.fi\\\/tiedonhaku-vieraatkielet\\\/hakutuloksen-arviointi\\\/lahdeaineiston-arviointi-ja-valinta\\\/\"]}]},{\"@type\":\"BreadcrumbList\",\"@id\":\"https:\\\/\\\/blogs.uef.fi\\\/tiedonhaku-vieraatkielet\\\/hakutuloksen-arviointi\\\/lahdeaineiston-arviointi-ja-valinta\\\/#breadcrumb\",\"itemListElement\":[{\"@type\":\"ListItem\",\"position\":1,\"name\":\"Home\",\"item\":\"https:\\\/\\\/blogs.uef.fi\\\/tiedonhaku-vieraatkielet\\\/\"},{\"@type\":\"ListItem\",\"position\":2,\"name\":\"Hakutulokset\",\"item\":\"https:\\\/\\\/blogs.uef.fi\\\/tiedonhaku-vieraatkielet\\\/hakutuloksen-arviointi\\\/\"},{\"@type\":\"ListItem\",\"position\":3,\"name\":\"L\u00e4hdeaineiston arviointi ja valinta\"}]},{\"@type\":\"WebSite\",\"@id\":\"https:\\\/\\\/blogs.uef.fi\\\/tiedonhaku-vieraatkielet\\\/#website\",\"url\":\"https:\\\/\\\/blogs.uef.fi\\\/tiedonhaku-vieraatkielet\\\/\",\"name\":\"Vieraiden kielten tiedonhaku\",\"description\":\"\",\"potentialAction\":[{\"@type\":\"SearchAction\",\"target\":{\"@type\":\"EntryPoint\",\"urlTemplate\":\"https:\\\/\\\/blogs.uef.fi\\\/tiedonhaku-vieraatkielet\\\/?s={search_term_string}\"},\"query-input\":{\"@type\":\"PropertyValueSpecification\",\"valueRequired\":true,\"valueName\":\"search_term_string\"}}],\"inLanguage\":\"fi\"}]}<\/script>\n<!-- \/ Yoast SEO plugin. -->","yoast_head_json":{"title":"L\u00e4hdeaineiston arviointi ja valinta - Vieraiden kielten tiedonhaku","robots":{"index":"index","follow":"follow","max-snippet":"max-snippet:-1","max-image-preview":"max-image-preview:large","max-video-preview":"max-video-preview:-1"},"canonical":"https:\/\/blogs.uef.fi\/tiedonhaku-vieraatkielet\/hakutuloksen-arviointi\/lahdeaineiston-arviointi-ja-valinta\/","og_locale":"fi_FI","og_type":"article","og_title":"L\u00e4hdeaineiston arviointi ja valinta - Vieraiden kielten tiedonhaku","og_description":"Jossain vaiheessa on aika lopettaa tiedonhaku ja tarkastella l\u00f6ytyneit\u00e4 viitteit\u00e4.Muokkaa ensin hakutuloksesi aihe mahdollisimman kohdalleen hakusanojen avulla ja rajaa tuloksia esim. kielen, ajan, julkaisumuodon ym. mukaan. Sitten alat k\u00e4yd\u00e4 viitteit\u00e4 l\u00e4pi ja valita: Valintaperusteita jatkoon p\u00e4\u00e4seville l\u00e4hteille Aiherelevanssi; onko sis\u00e4lt\u00f6 oikeaa asiaa? Ensimm\u00e4isess\u00e4 vaiheessa arvioit viitteiden otsikoista, asiasanoista ja tiivistelmist\u00e4, ovatko ne sis\u00e4ll\u00f6llisesti etsim\u00e4\u00e4si aihetta [&hellip;]","og_url":"https:\/\/blogs.uef.fi\/tiedonhaku-vieraatkielet\/hakutuloksen-arviointi\/lahdeaineiston-arviointi-ja-valinta\/","og_site_name":"Vieraiden kielten tiedonhaku","article_modified_time":"2023-09-13T12:09:30+00:00","twitter_card":"summary_large_image","twitter_misc":{"Arvioitu lukuaika":"2 minuuttia"},"schema":{"@context":"https:\/\/schema.org","@graph":[{"@type":"WebPage","@id":"https:\/\/blogs.uef.fi\/tiedonhaku-vieraatkielet\/hakutuloksen-arviointi\/lahdeaineiston-arviointi-ja-valinta\/","url":"https:\/\/blogs.uef.fi\/tiedonhaku-vieraatkielet\/hakutuloksen-arviointi\/lahdeaineiston-arviointi-ja-valinta\/","name":"L\u00e4hdeaineiston arviointi ja valinta - Vieraiden kielten tiedonhaku","isPartOf":{"@id":"https:\/\/blogs.uef.fi\/tiedonhaku-vieraatkielet\/#website"},"datePublished":"2015-05-13T06:57:13+00:00","dateModified":"2023-09-13T12:09:30+00:00","breadcrumb":{"@id":"https:\/\/blogs.uef.fi\/tiedonhaku-vieraatkielet\/hakutuloksen-arviointi\/lahdeaineiston-arviointi-ja-valinta\/#breadcrumb"},"inLanguage":"fi","potentialAction":[{"@type":"ReadAction","target":["https:\/\/blogs.uef.fi\/tiedonhaku-vieraatkielet\/hakutuloksen-arviointi\/lahdeaineiston-arviointi-ja-valinta\/"]}]},{"@type":"BreadcrumbList","@id":"https:\/\/blogs.uef.fi\/tiedonhaku-vieraatkielet\/hakutuloksen-arviointi\/lahdeaineiston-arviointi-ja-valinta\/#breadcrumb","itemListElement":[{"@type":"ListItem","position":1,"name":"Home","item":"https:\/\/blogs.uef.fi\/tiedonhaku-vieraatkielet\/"},{"@type":"ListItem","position":2,"name":"Hakutulokset","item":"https:\/\/blogs.uef.fi\/tiedonhaku-vieraatkielet\/hakutuloksen-arviointi\/"},{"@type":"ListItem","position":3,"name":"L\u00e4hdeaineiston arviointi ja valinta"}]},{"@type":"WebSite","@id":"https:\/\/blogs.uef.fi\/tiedonhaku-vieraatkielet\/#website","url":"https:\/\/blogs.uef.fi\/tiedonhaku-vieraatkielet\/","name":"Vieraiden kielten tiedonhaku","description":"","potentialAction":[{"@type":"SearchAction","target":{"@type":"EntryPoint","urlTemplate":"https:\/\/blogs.uef.fi\/tiedonhaku-vieraatkielet\/?s={search_term_string}"},"query-input":{"@type":"PropertyValueSpecification","valueRequired":true,"valueName":"search_term_string"}}],"inLanguage":"fi"}]}},"_links":{"self":[{"href":"https:\/\/blogs.uef.fi\/tiedonhaku-vieraatkielet\/wp-json\/wp\/v2\/pages\/174","targetHints":{"allow":["GET"]}}],"collection":[{"href":"https:\/\/blogs.uef.fi\/tiedonhaku-vieraatkielet\/wp-json\/wp\/v2\/pages"}],"about":[{"href":"https:\/\/blogs.uef.fi\/tiedonhaku-vieraatkielet\/wp-json\/wp\/v2\/types\/page"}],"author":[{"embeddable":true,"href":"https:\/\/blogs.uef.fi\/tiedonhaku-vieraatkielet\/wp-json\/wp\/v2\/users\/129"}],"replies":[{"embeddable":true,"href":"https:\/\/blogs.uef.fi\/tiedonhaku-vieraatkielet\/wp-json\/wp\/v2\/comments?post=174"}],"version-history":[{"count":1,"href":"https:\/\/blogs.uef.fi\/tiedonhaku-vieraatkielet\/wp-json\/wp\/v2\/pages\/174\/revisions"}],"predecessor-version":[{"id":2825,"href":"https:\/\/blogs.uef.fi\/tiedonhaku-vieraatkielet\/wp-json\/wp\/v2\/pages\/174\/revisions\/2825"}],"up":[{"embeddable":true,"href":"https:\/\/blogs.uef.fi\/tiedonhaku-vieraatkielet\/wp-json\/wp\/v2\/pages\/77"}],"wp:attachment":[{"href":"https:\/\/blogs.uef.fi\/tiedonhaku-vieraatkielet\/wp-json\/wp\/v2\/media?parent=174"}],"curies":[{"name":"wp","href":"https:\/\/api.w.org\/{rel}","templated":true}]}}