{"id":170,"date":"2015-05-13T06:45:14","date_gmt":"2015-05-13T06:45:14","guid":{"rendered":"https:\/\/ueflibrarylang.wordpress.com\/?page_id=170"},"modified":"2023-09-13T15:45:17","modified_gmt":"2023-09-13T12:45:17","slug":"onnistuiko-tiedonhaku","status":"publish","type":"page","link":"https:\/\/blogs.uef.fi\/tiedonhaku-vieraatkielet\/hakutuloksen-arviointi\/onnistuiko-tiedonhaku\/","title":{"rendered":"Onnistuiko tiedonhaku?"},"content":{"rendered":"\n<p>Kun k\u00e4ytett\u00e4viss\u00e4 on useita eri tiedonl\u00e4hteit\u00e4, kokonaiskuva aiheesta hahmottuu tarkemmin ja luotettavammin. Yhdist\u00e4m\u00e4ll\u00e4 eri l\u00e4hteist\u00e4 tulevaa tietoa voidaan kehitell\u00e4 my\u00f6s kokonaan uusia ajatuksia. Siksi ei yleens\u00e4 kannata tyyty\u00e4 ensimm\u00e4iseen hakutulokseen tai yhteen hakupaikkaan, vaan hakulauseketta muunnellaan, jotta saadaan esille kaikki tarvittavat ja keskeisimm\u00e4t julkaisut.<\/p>\n\n\n\n<h2 class=\"wp-block-heading\"><span style=\"color: #000000\">Hakua voi muokata haluttuun suu<\/span>n<span style=\"color: #000000\">taan<\/span><\/h2>\n\n\n\n<ul class=\"wp-block-list\">\n<li>S\u00e4\u00e4telem\u00e4ll\u00e4 hakusanojen m\u00e4\u00e4r\u00e4\u00e4 hakulauseessa<\/li>\n<\/ul>\n\n\n\n<ul class=\"wp-block-list\">\n<li>Valitsemalla erilaisia hakusanoja k\u00e4sitteit\u00e4 kuvaamaan omaa aihetta<\/li>\n<\/ul>\n\n\n\n<ul class=\"wp-block-list\">\n<li>Kohdistamalla hakua tietueen eri kenttiin (esim. asiasanat, otsikko jne.)<\/li>\n<\/ul>\n\n\n\n<ul class=\"wp-block-list\">\n<li>Valitsemalla k\u00e4ytt\u00e4\u00e4k\u00f6 sanankatkaisua vai ei<\/li>\n<\/ul>\n\n\n\n<ul class=\"wp-block-list\">\n<li>Rajauksilla (kieli, julkaisumuoto jne.)<\/li>\n<\/ul>\n\n\n\n<p>Jo saadun hakutuloksen perusteella voidaan p\u00e4\u00e4tell\u00e4, mill\u00e4 tavoin hakulauseketta voisi muuttaa.<\/p>\n\n\n\n<h2 class=\"wp-block-heading\"><span style=\"color: #000000\">Jos saat liian paljon viitteit\u00e4<\/span><\/h2>\n\n\n\n<ul class=\"wp-block-list\">\n<li>Mieti, ovatko hakusanasi liian yleisi\u00e4? Kokeile suppeampia, aihettasi t\u00e4sm\u00e4llisemmin kuvaavia sanoja, esim.<\/li>\n<\/ul>\n\n\n\n<p><em>lastenkirjallisuus -&gt; lastenrunot<\/em><\/p>\n\n\n\n<p><em>kielihistoria -&gt; etymologia<\/em><\/p>\n\n\n\n<ul class=\"wp-block-list\">\n<li>Lis\u00e4\u00e4 hakuun rajoittavia sanoja AND-operaatiolla (AND-kytkettyj\u00e4 voi olla vaikka kuinka paljon), esim.<\/li>\n<\/ul>\n\n\n\n<p><em>&#8221;ruotsin kieli&#8221; AND murteet<\/em><\/p>\n\n\n\n<p><em>&#8221;ruotsin kieli&#8221; AND murteet AND gotlanti<br><\/em><\/p>\n\n\n\n<ul class=\"wp-block-list\">\n<li>K\u00e4yt\u00e4 fraasia (eli useimmiten lainausmerkkej\u00e4 sanojen ymp\u00e4rill\u00e4) AND-operaation sijaan, esim.<\/li>\n<\/ul>\n\n\n\n<p><em>historiallinen AND semantiikka -&gt; &#8221;historiallinen semantiikka&#8221;<\/em><\/p>\n\n\n\n<ul class=\"wp-block-list\">\n<li>V\u00e4henn\u00e4 synonyymeja ja rinnakkaistermej\u00e4, esim.<\/li>\n<\/ul>\n\n\n\n<p><em>metaforat OR kielikuvat OR troopit<\/em><\/p>\n\n\n\n<p><em>-&gt; metaforat OR kielikuvat<\/em><\/p>\n\n\n\n<ul class=\"wp-block-list\">\n<li>Voit my\u00f6s kokeilla sulkea joitakin termej\u00e4 pois NOT-operaation avulla, esim.<\/li>\n<\/ul>\n\n\n\n<p><em>realismi NOT Dickens<\/em><\/p>\n\n\n\n<ul class=\"wp-block-list\">\n<li>Rajaa hakua asiasanakenttiin asiasanojen avulla<\/li>\n<\/ul>\n\n\n\n<ul class=\"wp-block-list\">\n<li>Rajaa hakua esim. julkaisuvuodella, -kielell\u00e4 tai -tyypill\u00e4 (esim. peer reviewed \/ scholarly-lehtiin)<\/li>\n<\/ul>\n\n\n\n<h2 class=\"wp-block-heading\"><span style=\"color: #000000\">Jos saat liian v\u00e4h\u00e4n viitteit\u00e4<\/span><\/h2>\n\n\n\n<ul class=\"wp-block-list\">\n<li>Tarkista, onko k\u00e4ytt\u00e4m\u00e4si tietokanta aiheesi kannalta oikea<\/li>\n<\/ul>\n\n\n\n<ul class=\"wp-block-list\">\n<li>Mieti k\u00e4ytt\u00e4mi\u00e4si hakusanoja: oletko hakenut liian suppealla sanalla? <\/li>\n<\/ul>\n\n\n\n<ul class=\"wp-block-list\">\n<li>Mieti, mihin laajempaan aihealueeseen ongelmasi kuuluu ja k\u00e4yt\u00e4 laajempaa hakutermi\u00e4, esim.<\/li>\n<\/ul>\n\n\n\n<p><em>johdokset -&gt; sananmuodostus<\/em><\/p>\n\n\n\n<ul class=\"wp-block-list\">\n<li>Etsi hakusanoillesi synonyymeja ja rinnakkaistermej\u00e4, esim.<\/li>\n<\/ul>\n\n\n\n<p><em>terminologia AND sanakirjat<\/em><\/p>\n\n\n\n<p><em>-&gt; terminologia AND (sanakirjat OR sanastot)<\/em><\/p>\n\n\n\n<ul class=\"wp-block-list\">\n<li>V\u00e4henn\u00e4 hakulausekkeesta AND-operaattorilla yhdistettyj\u00e4, rajaavia hakusanoja<\/li>\n<\/ul>\n\n\n\n<p><em>&#8221;kokeelliset romaanit&#8221; AND &#8221;kokeellinen kirjallisuus&#8221; AND &#8221;uusi romaani&#8221;<\/em><\/p>\n\n\n\n<p><em>-&gt; &#8221;kokeelliset romaanit&#8221; AND &#8221;kokeellinen kirjallisuus&#8221;<\/em><\/p>\n\n\n\n<ul class=\"wp-block-list\">\n<li>Katkaise hakusanat saadaksesi esim. eri taivutusmuodot mukaan<\/li>\n<\/ul>\n\n\n\n<p><em>pastissit -&gt; pastiss*<\/em><\/p>\n\n\n\n<ul class=\"wp-block-list\">\n<li>K\u00e4yt\u00e4 vapaasanahakua, jos olet k\u00e4ytt\u00e4nyt asiasanahakua tai muuta kentt\u00e4rajausta<\/li>\n<\/ul>\n\n\n\n<ul class=\"wp-block-list\">\n<li>Poista vuosi- ym. rajaukset<\/li>\n<\/ul>\n\n\n\n<ul class=\"wp-block-list\">\n<li>Tarkista kirjoitusvirheet ja sanan kirjoitusmuodot (yhteen vai erikseen, lyhenteet ym.)<\/li>\n<\/ul>\n\n\n\n<h2 class=\"wp-block-heading\"><span style=\"color: #000000\">Jos saat aiheeltaan v\u00e4\u00e4ri\u00e4 tuloksia<\/span><\/h2>\n\n\n\n<ul class=\"wp-block-list\">\n<li>Kokeile toista tietokantaa<\/li>\n<\/ul>\n\n\n\n<ul class=\"wp-block-list\">\n<li>Tarkista k\u00e4ytt\u00e4m\u00e4si hakusanat<\/li>\n<\/ul>\n\n\n\n<ul class=\"wp-block-list\">\n<li>K\u00e4yt\u00e4 asiasanarajausta (tarkista hakusana sanastosta)<\/li>\n<\/ul>\n\n\n\n<p><span style=\"color: #000000\"><strong>Tiedonhaku on vain harvoin kerralla valmis. Ei ole my\u00f6sk\u00e4\u00e4n olemassa yht\u00e4 ainoaa oikeaa tapaa hakea. <\/strong>Erityisesti tutkimusprosessille on tyypillist\u00e4, ett\u00e4 tietoa haetaan koko prosessin ajan ja tutkimuksen edetess\u00e4 tiedontarpeet muuttuvat ja niit\u00e4 tulee lis\u00e4\u00e4.<\/span><\/p>\n\n\n\n<p>(p\u00e4ivitetty 9\/2023)<\/p>\n\n\n\n<p>Siirry osioon <a href=\"https:\/\/blogs.uef.fi\/tiedonhaku-vieraatkielet\/hakutuloksen-arviointi\/onko-web-lahde-luotettava\/\">Onko nettil\u00e4hde luotettava?<\/a><\/p>\n","protected":false},"excerpt":{"rendered":"<p>Kun k\u00e4ytett\u00e4viss\u00e4 on useita eri tiedonl\u00e4hteit\u00e4, kokonaiskuva aiheesta hahmottuu tarkemmin ja luotettavammin. Yhdist\u00e4m\u00e4ll\u00e4 eri l\u00e4hteist\u00e4 tulevaa tietoa voidaan kehitell\u00e4 my\u00f6s kokonaan uusia ajatuksia. Siksi ei yleens\u00e4 kannata tyyty\u00e4 ensimm\u00e4iseen hakutulokseen tai yhteen hakupaikkaan, vaan hakulauseketta muunnellaan, jotta saadaan esille kaikki tarvittavat ja keskeisimm\u00e4t julkaisut. Hakua voi muokata haluttuun suuntaan Jo saadun hakutuloksen perusteella voidaan p\u00e4\u00e4tell\u00e4, [&hellip;]<\/p>\n","protected":false},"author":129,"featured_media":0,"parent":77,"menu_order":10,"comment_status":"closed","ping_status":"open","template":"","meta":{"_acf_changed":false,"footnotes":""},"class_list":["post-170","page","type-page","status-publish","hentry"],"acf":[],"yoast_head":"<!-- This site is optimized with the Yoast SEO plugin v27.1.1 - https:\/\/yoast.com\/product\/yoast-seo-wordpress\/ -->\n<title>Onnistuiko tiedonhaku? - Vieraiden kielten tiedonhaku<\/title>\n<meta name=\"robots\" content=\"index, follow, max-snippet:-1, max-image-preview:large, max-video-preview:-1\" \/>\n<link rel=\"canonical\" href=\"https:\/\/blogs.uef.fi\/tiedonhaku-vieraatkielet\/hakutuloksen-arviointi\/onnistuiko-tiedonhaku\/\" \/>\n<meta property=\"og:locale\" content=\"fi_FI\" \/>\n<meta property=\"og:type\" content=\"article\" \/>\n<meta property=\"og:title\" content=\"Onnistuiko tiedonhaku? - Vieraiden kielten tiedonhaku\" \/>\n<meta property=\"og:description\" content=\"Kun k\u00e4ytett\u00e4viss\u00e4 on useita eri tiedonl\u00e4hteit\u00e4, kokonaiskuva aiheesta hahmottuu tarkemmin ja luotettavammin. Yhdist\u00e4m\u00e4ll\u00e4 eri l\u00e4hteist\u00e4 tulevaa tietoa voidaan kehitell\u00e4 my\u00f6s kokonaan uusia ajatuksia. Siksi ei yleens\u00e4 kannata tyyty\u00e4 ensimm\u00e4iseen hakutulokseen tai yhteen hakupaikkaan, vaan hakulauseketta muunnellaan, jotta saadaan esille kaikki tarvittavat ja keskeisimm\u00e4t julkaisut. Hakua voi muokata haluttuun suuntaan Jo saadun hakutuloksen perusteella voidaan p\u00e4\u00e4tell\u00e4, [&hellip;]\" \/>\n<meta property=\"og:url\" content=\"https:\/\/blogs.uef.fi\/tiedonhaku-vieraatkielet\/hakutuloksen-arviointi\/onnistuiko-tiedonhaku\/\" \/>\n<meta property=\"og:site_name\" content=\"Vieraiden kielten tiedonhaku\" \/>\n<meta property=\"article:modified_time\" content=\"2023-09-13T12:45:17+00:00\" \/>\n<meta name=\"twitter:card\" content=\"summary_large_image\" \/>\n<meta name=\"twitter:label1\" content=\"Arvioitu lukuaika\" \/>\n\t<meta name=\"twitter:data1\" content=\"3 minuuttia\" \/>\n<script type=\"application\/ld+json\" class=\"yoast-schema-graph\">{\"@context\":\"https:\/\/schema.org\",\"@graph\":[{\"@type\":\"WebPage\",\"@id\":\"https:\/\/blogs.uef.fi\/tiedonhaku-vieraatkielet\/hakutuloksen-arviointi\/onnistuiko-tiedonhaku\/\",\"url\":\"https:\/\/blogs.uef.fi\/tiedonhaku-vieraatkielet\/hakutuloksen-arviointi\/onnistuiko-tiedonhaku\/\",\"name\":\"Onnistuiko tiedonhaku? - Vieraiden kielten tiedonhaku\",\"isPartOf\":{\"@id\":\"https:\/\/blogs.uef.fi\/tiedonhaku-vieraatkielet\/#website\"},\"datePublished\":\"2015-05-13T06:45:14+00:00\",\"dateModified\":\"2023-09-13T12:45:17+00:00\",\"breadcrumb\":{\"@id\":\"https:\/\/blogs.uef.fi\/tiedonhaku-vieraatkielet\/hakutuloksen-arviointi\/onnistuiko-tiedonhaku\/#breadcrumb\"},\"inLanguage\":\"fi\",\"potentialAction\":[{\"@type\":\"ReadAction\",\"target\":[\"https:\/\/blogs.uef.fi\/tiedonhaku-vieraatkielet\/hakutuloksen-arviointi\/onnistuiko-tiedonhaku\/\"]}]},{\"@type\":\"BreadcrumbList\",\"@id\":\"https:\/\/blogs.uef.fi\/tiedonhaku-vieraatkielet\/hakutuloksen-arviointi\/onnistuiko-tiedonhaku\/#breadcrumb\",\"itemListElement\":[{\"@type\":\"ListItem\",\"position\":1,\"name\":\"Home\",\"item\":\"https:\/\/blogs.uef.fi\/tiedonhaku-vieraatkielet\/\"},{\"@type\":\"ListItem\",\"position\":2,\"name\":\"Hakutulokset\",\"item\":\"https:\/\/blogs.uef.fi\/tiedonhaku-vieraatkielet\/hakutuloksen-arviointi\/\"},{\"@type\":\"ListItem\",\"position\":3,\"name\":\"Onnistuiko tiedonhaku?\"}]},{\"@type\":\"WebSite\",\"@id\":\"https:\/\/blogs.uef.fi\/tiedonhaku-vieraatkielet\/#website\",\"url\":\"https:\/\/blogs.uef.fi\/tiedonhaku-vieraatkielet\/\",\"name\":\"Vieraiden kielten tiedonhaku\",\"description\":\"\",\"potentialAction\":[{\"@type\":\"SearchAction\",\"target\":{\"@type\":\"EntryPoint\",\"urlTemplate\":\"https:\/\/blogs.uef.fi\/tiedonhaku-vieraatkielet\/?s={search_term_string}\"},\"query-input\":{\"@type\":\"PropertyValueSpecification\",\"valueRequired\":true,\"valueName\":\"search_term_string\"}}],\"inLanguage\":\"fi\"}]}<\/script>\n<!-- \/ Yoast SEO plugin. -->","yoast_head_json":{"title":"Onnistuiko tiedonhaku? - Vieraiden kielten tiedonhaku","robots":{"index":"index","follow":"follow","max-snippet":"max-snippet:-1","max-image-preview":"max-image-preview:large","max-video-preview":"max-video-preview:-1"},"canonical":"https:\/\/blogs.uef.fi\/tiedonhaku-vieraatkielet\/hakutuloksen-arviointi\/onnistuiko-tiedonhaku\/","og_locale":"fi_FI","og_type":"article","og_title":"Onnistuiko tiedonhaku? - Vieraiden kielten tiedonhaku","og_description":"Kun k\u00e4ytett\u00e4viss\u00e4 on useita eri tiedonl\u00e4hteit\u00e4, kokonaiskuva aiheesta hahmottuu tarkemmin ja luotettavammin. Yhdist\u00e4m\u00e4ll\u00e4 eri l\u00e4hteist\u00e4 tulevaa tietoa voidaan kehitell\u00e4 my\u00f6s kokonaan uusia ajatuksia. Siksi ei yleens\u00e4 kannata tyyty\u00e4 ensimm\u00e4iseen hakutulokseen tai yhteen hakupaikkaan, vaan hakulauseketta muunnellaan, jotta saadaan esille kaikki tarvittavat ja keskeisimm\u00e4t julkaisut. Hakua voi muokata haluttuun suuntaan Jo saadun hakutuloksen perusteella voidaan p\u00e4\u00e4tell\u00e4, [&hellip;]","og_url":"https:\/\/blogs.uef.fi\/tiedonhaku-vieraatkielet\/hakutuloksen-arviointi\/onnistuiko-tiedonhaku\/","og_site_name":"Vieraiden kielten tiedonhaku","article_modified_time":"2023-09-13T12:45:17+00:00","twitter_card":"summary_large_image","twitter_misc":{"Arvioitu lukuaika":"3 minuuttia"},"schema":{"@context":"https:\/\/schema.org","@graph":[{"@type":"WebPage","@id":"https:\/\/blogs.uef.fi\/tiedonhaku-vieraatkielet\/hakutuloksen-arviointi\/onnistuiko-tiedonhaku\/","url":"https:\/\/blogs.uef.fi\/tiedonhaku-vieraatkielet\/hakutuloksen-arviointi\/onnistuiko-tiedonhaku\/","name":"Onnistuiko tiedonhaku? - Vieraiden kielten tiedonhaku","isPartOf":{"@id":"https:\/\/blogs.uef.fi\/tiedonhaku-vieraatkielet\/#website"},"datePublished":"2015-05-13T06:45:14+00:00","dateModified":"2023-09-13T12:45:17+00:00","breadcrumb":{"@id":"https:\/\/blogs.uef.fi\/tiedonhaku-vieraatkielet\/hakutuloksen-arviointi\/onnistuiko-tiedonhaku\/#breadcrumb"},"inLanguage":"fi","potentialAction":[{"@type":"ReadAction","target":["https:\/\/blogs.uef.fi\/tiedonhaku-vieraatkielet\/hakutuloksen-arviointi\/onnistuiko-tiedonhaku\/"]}]},{"@type":"BreadcrumbList","@id":"https:\/\/blogs.uef.fi\/tiedonhaku-vieraatkielet\/hakutuloksen-arviointi\/onnistuiko-tiedonhaku\/#breadcrumb","itemListElement":[{"@type":"ListItem","position":1,"name":"Home","item":"https:\/\/blogs.uef.fi\/tiedonhaku-vieraatkielet\/"},{"@type":"ListItem","position":2,"name":"Hakutulokset","item":"https:\/\/blogs.uef.fi\/tiedonhaku-vieraatkielet\/hakutuloksen-arviointi\/"},{"@type":"ListItem","position":3,"name":"Onnistuiko tiedonhaku?"}]},{"@type":"WebSite","@id":"https:\/\/blogs.uef.fi\/tiedonhaku-vieraatkielet\/#website","url":"https:\/\/blogs.uef.fi\/tiedonhaku-vieraatkielet\/","name":"Vieraiden kielten tiedonhaku","description":"","potentialAction":[{"@type":"SearchAction","target":{"@type":"EntryPoint","urlTemplate":"https:\/\/blogs.uef.fi\/tiedonhaku-vieraatkielet\/?s={search_term_string}"},"query-input":{"@type":"PropertyValueSpecification","valueRequired":true,"valueName":"search_term_string"}}],"inLanguage":"fi"}]}},"_links":{"self":[{"href":"https:\/\/blogs.uef.fi\/tiedonhaku-vieraatkielet\/wp-json\/wp\/v2\/pages\/170","targetHints":{"allow":["GET"]}}],"collection":[{"href":"https:\/\/blogs.uef.fi\/tiedonhaku-vieraatkielet\/wp-json\/wp\/v2\/pages"}],"about":[{"href":"https:\/\/blogs.uef.fi\/tiedonhaku-vieraatkielet\/wp-json\/wp\/v2\/types\/page"}],"author":[{"embeddable":true,"href":"https:\/\/blogs.uef.fi\/tiedonhaku-vieraatkielet\/wp-json\/wp\/v2\/users\/129"}],"replies":[{"embeddable":true,"href":"https:\/\/blogs.uef.fi\/tiedonhaku-vieraatkielet\/wp-json\/wp\/v2\/comments?post=170"}],"version-history":[{"count":2,"href":"https:\/\/blogs.uef.fi\/tiedonhaku-vieraatkielet\/wp-json\/wp\/v2\/pages\/170\/revisions"}],"predecessor-version":[{"id":2816,"href":"https:\/\/blogs.uef.fi\/tiedonhaku-vieraatkielet\/wp-json\/wp\/v2\/pages\/170\/revisions\/2816"}],"up":[{"embeddable":true,"href":"https:\/\/blogs.uef.fi\/tiedonhaku-vieraatkielet\/wp-json\/wp\/v2\/pages\/77"}],"wp:attachment":[{"href":"https:\/\/blogs.uef.fi\/tiedonhaku-vieraatkielet\/wp-json\/wp\/v2\/media?parent=170"}],"curies":[{"name":"wp","href":"https:\/\/api.w.org\/{rel}","templated":true}]}}