{"id":167,"date":"2015-05-11T10:49:31","date_gmt":"2015-05-11T10:49:31","guid":{"rendered":"https:\/\/ueflibrarylang.wordpress.com\/?page_id=167"},"modified":"2023-09-13T15:44:07","modified_gmt":"2023-09-13T12:44:07","slug":"hakuesimerkkeja","status":"publish","type":"page","link":"https:\/\/blogs.uef.fi\/tiedonhaku-vieraatkielet\/hakuesimerkkeja\/","title":{"rendered":"Hakuesimerkkej\u00e4"},"content":{"rendered":"\n<p>T\u00e4st\u00e4 osiosta l\u00f6yd\u00e4t erilaisia hakuesimerkkej\u00e4: Miten l\u00f6ytyy kansainv\u00e4linen artikkeli? Ent\u00e4p\u00e4 opinn\u00e4yte? Elektroniset sanomalehdet? Mill\u00e4\u00a0 kielell\u00e4 kannattaa hakea? Miten translitterointi toimii kirjastotietokannoissa? Lis\u00e4ksi t\u00e4ss\u00e4 osiossa puhutaan erilaisista tavoista hakea tietoa.<\/p>\n\n\n\n<p>(Osion sis\u00e4lt\u00f6 p\u00e4ivitetty 9\/2023)<\/p>\n\n\n\n<p>Siirry seuraavaan osioon <a href=\"https:\/\/blogs.uef.fi\/tiedonhaku-vieraatkielet\/about\/selaileva-ideoiva-ja-hahmotteleva-tiedonhaku\/\">Selaileva, ideoiva ja hahmotteleva tiedonhaku<\/a><\/p>\n","protected":false},"excerpt":{"rendered":"<p>T\u00e4st\u00e4 osiosta l\u00f6yd\u00e4t erilaisia hakuesimerkkej\u00e4: Miten l\u00f6ytyy kansainv\u00e4linen artikkeli? Ent\u00e4p\u00e4 opinn\u00e4yte? Elektroniset sanomalehdet? Mill\u00e4\u00a0 kielell\u00e4 kannattaa hakea? Miten translitterointi toimii kirjastotietokannoissa? Lis\u00e4ksi t\u00e4ss\u00e4 osiossa puhutaan erilaisista tavoista hakea tietoa. (Osion sis\u00e4lt\u00f6 p\u00e4ivitetty 9\/2023) Siirry seuraavaan osioon Selaileva, ideoiva ja hahmotteleva tiedonhaku<\/p>\n","protected":false},"author":129,"featured_media":0,"parent":0,"menu_order":0,"comment_status":"closed","ping_status":"open","template":"","meta":{"_acf_changed":false,"footnotes":""},"class_list":["post-167","page","type-page","status-publish","hentry"],"acf":[],"yoast_head":"<!-- This site is optimized with the Yoast SEO plugin v27.1.1 - https:\/\/yoast.com\/product\/yoast-seo-wordpress\/ -->\n<title>Hakuesimerkkej\u00e4 - Vieraiden kielten tiedonhaku<\/title>\n<meta name=\"robots\" content=\"index, follow, max-snippet:-1, max-image-preview:large, max-video-preview:-1\" \/>\n<link rel=\"canonical\" href=\"https:\/\/blogs.uef.fi\/tiedonhaku-vieraatkielet\/hakuesimerkkeja\/\" \/>\n<meta property=\"og:locale\" content=\"fi_FI\" \/>\n<meta property=\"og:type\" content=\"article\" \/>\n<meta property=\"og:title\" content=\"Hakuesimerkkej\u00e4 - Vieraiden kielten tiedonhaku\" \/>\n<meta property=\"og:description\" content=\"T\u00e4st\u00e4 osiosta l\u00f6yd\u00e4t erilaisia hakuesimerkkej\u00e4: Miten l\u00f6ytyy kansainv\u00e4linen artikkeli? Ent\u00e4p\u00e4 opinn\u00e4yte? Elektroniset sanomalehdet? Mill\u00e4\u00a0 kielell\u00e4 kannattaa hakea? Miten translitterointi toimii kirjastotietokannoissa? Lis\u00e4ksi t\u00e4ss\u00e4 osiossa puhutaan erilaisista tavoista hakea tietoa. (Osion sis\u00e4lt\u00f6 p\u00e4ivitetty 9\/2023) Siirry seuraavaan osioon Selaileva, ideoiva ja hahmotteleva tiedonhaku\" \/>\n<meta property=\"og:url\" content=\"https:\/\/blogs.uef.fi\/tiedonhaku-vieraatkielet\/hakuesimerkkeja\/\" \/>\n<meta property=\"og:site_name\" content=\"Vieraiden kielten tiedonhaku\" \/>\n<meta property=\"article:modified_time\" content=\"2023-09-13T12:44:07+00:00\" \/>\n<meta name=\"twitter:card\" content=\"summary_large_image\" \/>\n<meta name=\"twitter:label1\" content=\"Arvioitu lukuaika\" \/>\n\t<meta name=\"twitter:data1\" content=\"1 minuutti\" \/>\n<script type=\"application\/ld+json\" class=\"yoast-schema-graph\">{\"@context\":\"https:\/\/schema.org\",\"@graph\":[{\"@type\":\"WebPage\",\"@id\":\"https:\/\/blogs.uef.fi\/tiedonhaku-vieraatkielet\/hakuesimerkkeja\/\",\"url\":\"https:\/\/blogs.uef.fi\/tiedonhaku-vieraatkielet\/hakuesimerkkeja\/\",\"name\":\"Hakuesimerkkej\u00e4 - Vieraiden kielten tiedonhaku\",\"isPartOf\":{\"@id\":\"https:\/\/blogs.uef.fi\/tiedonhaku-vieraatkielet\/#website\"},\"datePublished\":\"2015-05-11T10:49:31+00:00\",\"dateModified\":\"2023-09-13T12:44:07+00:00\",\"breadcrumb\":{\"@id\":\"https:\/\/blogs.uef.fi\/tiedonhaku-vieraatkielet\/hakuesimerkkeja\/#breadcrumb\"},\"inLanguage\":\"fi\",\"potentialAction\":[{\"@type\":\"ReadAction\",\"target\":[\"https:\/\/blogs.uef.fi\/tiedonhaku-vieraatkielet\/hakuesimerkkeja\/\"]}]},{\"@type\":\"BreadcrumbList\",\"@id\":\"https:\/\/blogs.uef.fi\/tiedonhaku-vieraatkielet\/hakuesimerkkeja\/#breadcrumb\",\"itemListElement\":[{\"@type\":\"ListItem\",\"position\":1,\"name\":\"Home\",\"item\":\"https:\/\/blogs.uef.fi\/tiedonhaku-vieraatkielet\/\"},{\"@type\":\"ListItem\",\"position\":2,\"name\":\"Hakuesimerkkej\u00e4\"}]},{\"@type\":\"WebSite\",\"@id\":\"https:\/\/blogs.uef.fi\/tiedonhaku-vieraatkielet\/#website\",\"url\":\"https:\/\/blogs.uef.fi\/tiedonhaku-vieraatkielet\/\",\"name\":\"Vieraiden kielten tiedonhaku\",\"description\":\"\",\"potentialAction\":[{\"@type\":\"SearchAction\",\"target\":{\"@type\":\"EntryPoint\",\"urlTemplate\":\"https:\/\/blogs.uef.fi\/tiedonhaku-vieraatkielet\/?s={search_term_string}\"},\"query-input\":{\"@type\":\"PropertyValueSpecification\",\"valueRequired\":true,\"valueName\":\"search_term_string\"}}],\"inLanguage\":\"fi\"}]}<\/script>\n<!-- \/ Yoast SEO plugin. -->","yoast_head_json":{"title":"Hakuesimerkkej\u00e4 - Vieraiden kielten tiedonhaku","robots":{"index":"index","follow":"follow","max-snippet":"max-snippet:-1","max-image-preview":"max-image-preview:large","max-video-preview":"max-video-preview:-1"},"canonical":"https:\/\/blogs.uef.fi\/tiedonhaku-vieraatkielet\/hakuesimerkkeja\/","og_locale":"fi_FI","og_type":"article","og_title":"Hakuesimerkkej\u00e4 - Vieraiden kielten tiedonhaku","og_description":"T\u00e4st\u00e4 osiosta l\u00f6yd\u00e4t erilaisia hakuesimerkkej\u00e4: Miten l\u00f6ytyy kansainv\u00e4linen artikkeli? Ent\u00e4p\u00e4 opinn\u00e4yte? Elektroniset sanomalehdet? Mill\u00e4\u00a0 kielell\u00e4 kannattaa hakea? Miten translitterointi toimii kirjastotietokannoissa? Lis\u00e4ksi t\u00e4ss\u00e4 osiossa puhutaan erilaisista tavoista hakea tietoa. (Osion sis\u00e4lt\u00f6 p\u00e4ivitetty 9\/2023) Siirry seuraavaan osioon Selaileva, ideoiva ja hahmotteleva tiedonhaku","og_url":"https:\/\/blogs.uef.fi\/tiedonhaku-vieraatkielet\/hakuesimerkkeja\/","og_site_name":"Vieraiden kielten tiedonhaku","article_modified_time":"2023-09-13T12:44:07+00:00","twitter_card":"summary_large_image","twitter_misc":{"Arvioitu lukuaika":"1 minuutti"},"schema":{"@context":"https:\/\/schema.org","@graph":[{"@type":"WebPage","@id":"https:\/\/blogs.uef.fi\/tiedonhaku-vieraatkielet\/hakuesimerkkeja\/","url":"https:\/\/blogs.uef.fi\/tiedonhaku-vieraatkielet\/hakuesimerkkeja\/","name":"Hakuesimerkkej\u00e4 - Vieraiden kielten tiedonhaku","isPartOf":{"@id":"https:\/\/blogs.uef.fi\/tiedonhaku-vieraatkielet\/#website"},"datePublished":"2015-05-11T10:49:31+00:00","dateModified":"2023-09-13T12:44:07+00:00","breadcrumb":{"@id":"https:\/\/blogs.uef.fi\/tiedonhaku-vieraatkielet\/hakuesimerkkeja\/#breadcrumb"},"inLanguage":"fi","potentialAction":[{"@type":"ReadAction","target":["https:\/\/blogs.uef.fi\/tiedonhaku-vieraatkielet\/hakuesimerkkeja\/"]}]},{"@type":"BreadcrumbList","@id":"https:\/\/blogs.uef.fi\/tiedonhaku-vieraatkielet\/hakuesimerkkeja\/#breadcrumb","itemListElement":[{"@type":"ListItem","position":1,"name":"Home","item":"https:\/\/blogs.uef.fi\/tiedonhaku-vieraatkielet\/"},{"@type":"ListItem","position":2,"name":"Hakuesimerkkej\u00e4"}]},{"@type":"WebSite","@id":"https:\/\/blogs.uef.fi\/tiedonhaku-vieraatkielet\/#website","url":"https:\/\/blogs.uef.fi\/tiedonhaku-vieraatkielet\/","name":"Vieraiden kielten tiedonhaku","description":"","potentialAction":[{"@type":"SearchAction","target":{"@type":"EntryPoint","urlTemplate":"https:\/\/blogs.uef.fi\/tiedonhaku-vieraatkielet\/?s={search_term_string}"},"query-input":{"@type":"PropertyValueSpecification","valueRequired":true,"valueName":"search_term_string"}}],"inLanguage":"fi"}]}},"_links":{"self":[{"href":"https:\/\/blogs.uef.fi\/tiedonhaku-vieraatkielet\/wp-json\/wp\/v2\/pages\/167","targetHints":{"allow":["GET"]}}],"collection":[{"href":"https:\/\/blogs.uef.fi\/tiedonhaku-vieraatkielet\/wp-json\/wp\/v2\/pages"}],"about":[{"href":"https:\/\/blogs.uef.fi\/tiedonhaku-vieraatkielet\/wp-json\/wp\/v2\/types\/page"}],"author":[{"embeddable":true,"href":"https:\/\/blogs.uef.fi\/tiedonhaku-vieraatkielet\/wp-json\/wp\/v2\/users\/129"}],"replies":[{"embeddable":true,"href":"https:\/\/blogs.uef.fi\/tiedonhaku-vieraatkielet\/wp-json\/wp\/v2\/comments?post=167"}],"version-history":[{"count":2,"href":"https:\/\/blogs.uef.fi\/tiedonhaku-vieraatkielet\/wp-json\/wp\/v2\/pages\/167\/revisions"}],"predecessor-version":[{"id":2853,"href":"https:\/\/blogs.uef.fi\/tiedonhaku-vieraatkielet\/wp-json\/wp\/v2\/pages\/167\/revisions\/2853"}],"wp:attachment":[{"href":"https:\/\/blogs.uef.fi\/tiedonhaku-vieraatkielet\/wp-json\/wp\/v2\/media?parent=167"}],"curies":[{"name":"wp","href":"https:\/\/api.w.org\/{rel}","templated":true}]}}