{"id":151,"date":"2015-05-11T09:42:19","date_gmt":"2015-05-11T09:42:19","guid":{"rendered":"https:\/\/ueflibrarylang.wordpress.com\/?page_id=151"},"modified":"2024-09-17T10:36:11","modified_gmt":"2024-09-17T07:36:11","slug":"haun-rajaus","status":"publish","type":"page","link":"https:\/\/blogs.uef.fi\/tiedonhaku-vieraatkielet\/about\/haun-rajaus\/","title":{"rendered":"Hakutuloksen rajaaminen"},"content":{"rendered":"\n<p>Tarkenna hakutuloksesi ensin hakusanoilla ja niiden yhdistelmill\u00e4 niin, ett\u00e4 aihe on mahdollisimman kohdallaan. K\u00e4yt\u00e4 vasta sitten julkaisutyyppi- ja kielirajauksia.<\/p>\n\n\n\n<p>Yleisimm\u00e4t tietokannoissa k\u00e4ytetyt rajaustoiminnot ovat <span style=\"color: #000000\"><strong>aika<\/strong> <\/span>(esim. julkaisuvuosi), <span style=\"color: #000000\"><strong>kieli<\/strong> ja <strong>aineistotyyppi<\/strong><\/span> (esim. artikkeli, kirja tai arvostelu). Joissakin tietokannoissa haun voi rajata tieteellisten lehtien artikkeleihin<span style=\"color: #000000\"> (<strong>scholarly \/ peer reviewed<\/strong>)<\/span> etuk\u00e4teen, toisissa j\u00e4lkik\u00e4teen. T\u00e4m\u00e4 on usein t\u00e4rke\u00e4 rajaus! Muutamissa tietokannoissa haun voi rajata koskemaan vain <span style=\"color: #000000\">kokotekstiaineistoa (full text).<\/span> T\u00e4ll\u00f6in hakutulos ei ole kattava, mutta l\u00f6ytyneet artikkelit saa luettavakseen kokonaisuudessaan. T\u00e4lt\u00e4 n\u00e4ytt\u00e4v\u00e4t kansallisen Finna-hakupalvelun haun rajausmahdollisuudet:<\/p>\n\n\n\n<figure class=\"wp-block-image\"><img loading=\"lazy\" decoding=\"async\" width=\"941\" height=\"842\" src=\"https:\/\/blogs.uef.fi\/tiedonhaku-vieraatkielet\/wp-content\/uploads\/sites\/63\/2018\/07\/finnakans1.png\" alt=\"Kansalllisessa Finnassa hakuja voi rajata j\u00e4lkik\u00e4teen esim. aineistotyypin tai kielen mukaan.\" class=\"wp-image-935\" srcset=\"https:\/\/blogs.uef.fi\/tiedonhaku-vieraatkielet\/wp-content\/uploads\/sites\/63\/2018\/07\/finnakans1.png 941w, https:\/\/blogs.uef.fi\/tiedonhaku-vieraatkielet\/wp-content\/uploads\/sites\/63\/2018\/07\/finnakans1-300x268.png 300w, https:\/\/blogs.uef.fi\/tiedonhaku-vieraatkielet\/wp-content\/uploads\/sites\/63\/2018\/07\/finnakans1-768x687.png 768w\" sizes=\"auto, (max-width: 941px) 100vw, 941px\" \/><\/figure>\n\n\n\n<p>Hakutulokset voi rajata vaikkapa aineistotyypin mukaan (esim. opinn\u00e4ytteet, kirjat jne.). My\u00f6s kielirajaus voi olla tarpeellinen (esim. ruotsin kieli, ven\u00e4j\u00e4n kieli).<\/p>\n\n\n\n<p>(P\u00e4ivitetty 9\/2024)<\/p>\n\n\n\n<p>Siirry seuraavaan osioon <a href=\"https:\/\/blogs.uef.fi\/tiedonhaku-vieraatkielet\/tiedonlahteet\/\">Hakukoneet ja tietokannat<\/a><\/p>\n","protected":false},"excerpt":{"rendered":"<p>Tarkenna hakutuloksesi ensin hakusanoilla ja niiden yhdistelmill\u00e4 niin, ett\u00e4 aihe on mahdollisimman kohdallaan. K\u00e4yt\u00e4 vasta sitten julkaisutyyppi- ja kielirajauksia. Yleisimm\u00e4t tietokannoissa k\u00e4ytetyt rajaustoiminnot ovat aika (esim. julkaisuvuosi), kieli ja aineistotyyppi (esim. artikkeli, kirja tai arvostelu). Joissakin tietokannoissa haun voi rajata tieteellisten lehtien artikkeleihin (scholarly \/ peer reviewed) etuk\u00e4teen, toisissa j\u00e4lkik\u00e4teen. T\u00e4m\u00e4 on usein t\u00e4rke\u00e4 rajaus! [&hellip;]<\/p>\n","protected":false},"author":129,"featured_media":0,"parent":693,"menu_order":9,"comment_status":"closed","ping_status":"open","template":"","meta":{"_acf_changed":false,"footnotes":""},"class_list":["post-151","page","type-page","status-publish","hentry"],"acf":[],"yoast_head":"<!-- This site is optimized with the Yoast SEO plugin v27.3 - https:\/\/yoast.com\/product\/yoast-seo-wordpress\/ -->\n<title>Hakutuloksen rajaaminen - Vieraiden kielten tiedonhaku<\/title>\n<meta name=\"robots\" content=\"index, follow, max-snippet:-1, max-image-preview:large, max-video-preview:-1\" \/>\n<link rel=\"canonical\" href=\"https:\/\/blogs.uef.fi\/tiedonhaku-vieraatkielet\/about\/haun-rajaus\/\" \/>\n<meta property=\"og:locale\" content=\"fi_FI\" \/>\n<meta property=\"og:type\" content=\"article\" \/>\n<meta property=\"og:title\" content=\"Hakutuloksen rajaaminen - Vieraiden kielten tiedonhaku\" \/>\n<meta property=\"og:description\" content=\"Tarkenna hakutuloksesi ensin hakusanoilla ja niiden yhdistelmill\u00e4 niin, ett\u00e4 aihe on mahdollisimman kohdallaan. K\u00e4yt\u00e4 vasta sitten julkaisutyyppi- ja kielirajauksia. Yleisimm\u00e4t tietokannoissa k\u00e4ytetyt rajaustoiminnot ovat aika (esim. julkaisuvuosi), kieli ja aineistotyyppi (esim. artikkeli, kirja tai arvostelu). Joissakin tietokannoissa haun voi rajata tieteellisten lehtien artikkeleihin (scholarly \/ peer reviewed) etuk\u00e4teen, toisissa j\u00e4lkik\u00e4teen. T\u00e4m\u00e4 on usein t\u00e4rke\u00e4 rajaus! [&hellip;]\" \/>\n<meta property=\"og:url\" content=\"https:\/\/blogs.uef.fi\/tiedonhaku-vieraatkielet\/about\/haun-rajaus\/\" \/>\n<meta property=\"og:site_name\" content=\"Vieraiden kielten tiedonhaku\" \/>\n<meta property=\"article:modified_time\" content=\"2024-09-17T07:36:11+00:00\" \/>\n<meta property=\"og:image\" content=\"https:\/\/blogs.uef.fi\/tiedonhaku-vieraatkielet\/wp-content\/uploads\/sites\/63\/2018\/07\/finnakans1.png\" \/>\n<meta name=\"twitter:card\" content=\"summary_large_image\" \/>\n<meta name=\"twitter:label1\" content=\"Arvioitu lukuaika\" \/>\n\t<meta name=\"twitter:data1\" content=\"1 minuutti\" \/>\n<script type=\"application\/ld+json\" class=\"yoast-schema-graph\">{\"@context\":\"https:\\\/\\\/schema.org\",\"@graph\":[{\"@type\":\"WebPage\",\"@id\":\"https:\\\/\\\/blogs.uef.fi\\\/tiedonhaku-vieraatkielet\\\/about\\\/haun-rajaus\\\/\",\"url\":\"https:\\\/\\\/blogs.uef.fi\\\/tiedonhaku-vieraatkielet\\\/about\\\/haun-rajaus\\\/\",\"name\":\"Hakutuloksen rajaaminen - Vieraiden kielten tiedonhaku\",\"isPartOf\":{\"@id\":\"https:\\\/\\\/blogs.uef.fi\\\/tiedonhaku-vieraatkielet\\\/#website\"},\"primaryImageOfPage\":{\"@id\":\"https:\\\/\\\/blogs.uef.fi\\\/tiedonhaku-vieraatkielet\\\/about\\\/haun-rajaus\\\/#primaryimage\"},\"image\":{\"@id\":\"https:\\\/\\\/blogs.uef.fi\\\/tiedonhaku-vieraatkielet\\\/about\\\/haun-rajaus\\\/#primaryimage\"},\"thumbnailUrl\":\"https:\\\/\\\/blogs.uef.fi\\\/tiedonhaku-vieraatkielet\\\/wp-content\\\/uploads\\\/sites\\\/63\\\/2018\\\/07\\\/finnakans1.png\",\"datePublished\":\"2015-05-11T09:42:19+00:00\",\"dateModified\":\"2024-09-17T07:36:11+00:00\",\"breadcrumb\":{\"@id\":\"https:\\\/\\\/blogs.uef.fi\\\/tiedonhaku-vieraatkielet\\\/about\\\/haun-rajaus\\\/#breadcrumb\"},\"inLanguage\":\"fi\",\"potentialAction\":[{\"@type\":\"ReadAction\",\"target\":[\"https:\\\/\\\/blogs.uef.fi\\\/tiedonhaku-vieraatkielet\\\/about\\\/haun-rajaus\\\/\"]}]},{\"@type\":\"ImageObject\",\"inLanguage\":\"fi\",\"@id\":\"https:\\\/\\\/blogs.uef.fi\\\/tiedonhaku-vieraatkielet\\\/about\\\/haun-rajaus\\\/#primaryimage\",\"url\":\"https:\\\/\\\/blogs.uef.fi\\\/tiedonhaku-vieraatkielet\\\/wp-content\\\/uploads\\\/sites\\\/63\\\/2018\\\/07\\\/finnakans1.png\",\"contentUrl\":\"https:\\\/\\\/blogs.uef.fi\\\/tiedonhaku-vieraatkielet\\\/wp-content\\\/uploads\\\/sites\\\/63\\\/2018\\\/07\\\/finnakans1.png\",\"width\":941,\"height\":842},{\"@type\":\"BreadcrumbList\",\"@id\":\"https:\\\/\\\/blogs.uef.fi\\\/tiedonhaku-vieraatkielet\\\/about\\\/haun-rajaus\\\/#breadcrumb\",\"itemListElement\":[{\"@type\":\"ListItem\",\"position\":1,\"name\":\"Home\",\"item\":\"https:\\\/\\\/blogs.uef.fi\\\/tiedonhaku-vieraatkielet\\\/\"},{\"@type\":\"ListItem\",\"position\":2,\"name\":\"Hakusanat ja hakutekniikat\",\"item\":\"https:\\\/\\\/blogs.uef.fi\\\/tiedonhaku-vieraatkielet\\\/about\\\/\"},{\"@type\":\"ListItem\",\"position\":3,\"name\":\"Hakutuloksen rajaaminen\"}]},{\"@type\":\"WebSite\",\"@id\":\"https:\\\/\\\/blogs.uef.fi\\\/tiedonhaku-vieraatkielet\\\/#website\",\"url\":\"https:\\\/\\\/blogs.uef.fi\\\/tiedonhaku-vieraatkielet\\\/\",\"name\":\"Vieraiden kielten tiedonhaku\",\"description\":\"\",\"potentialAction\":[{\"@type\":\"SearchAction\",\"target\":{\"@type\":\"EntryPoint\",\"urlTemplate\":\"https:\\\/\\\/blogs.uef.fi\\\/tiedonhaku-vieraatkielet\\\/?s={search_term_string}\"},\"query-input\":{\"@type\":\"PropertyValueSpecification\",\"valueRequired\":true,\"valueName\":\"search_term_string\"}}],\"inLanguage\":\"fi\"}]}<\/script>\n<!-- \/ Yoast SEO plugin. -->","yoast_head_json":{"title":"Hakutuloksen rajaaminen - Vieraiden kielten tiedonhaku","robots":{"index":"index","follow":"follow","max-snippet":"max-snippet:-1","max-image-preview":"max-image-preview:large","max-video-preview":"max-video-preview:-1"},"canonical":"https:\/\/blogs.uef.fi\/tiedonhaku-vieraatkielet\/about\/haun-rajaus\/","og_locale":"fi_FI","og_type":"article","og_title":"Hakutuloksen rajaaminen - Vieraiden kielten tiedonhaku","og_description":"Tarkenna hakutuloksesi ensin hakusanoilla ja niiden yhdistelmill\u00e4 niin, ett\u00e4 aihe on mahdollisimman kohdallaan. K\u00e4yt\u00e4 vasta sitten julkaisutyyppi- ja kielirajauksia. Yleisimm\u00e4t tietokannoissa k\u00e4ytetyt rajaustoiminnot ovat aika (esim. julkaisuvuosi), kieli ja aineistotyyppi (esim. artikkeli, kirja tai arvostelu). Joissakin tietokannoissa haun voi rajata tieteellisten lehtien artikkeleihin (scholarly \/ peer reviewed) etuk\u00e4teen, toisissa j\u00e4lkik\u00e4teen. T\u00e4m\u00e4 on usein t\u00e4rke\u00e4 rajaus! [&hellip;]","og_url":"https:\/\/blogs.uef.fi\/tiedonhaku-vieraatkielet\/about\/haun-rajaus\/","og_site_name":"Vieraiden kielten tiedonhaku","article_modified_time":"2024-09-17T07:36:11+00:00","og_image":[{"url":"https:\/\/blogs.uef.fi\/tiedonhaku-vieraatkielet\/wp-content\/uploads\/sites\/63\/2018\/07\/finnakans1.png","type":"","width":"","height":""}],"twitter_card":"summary_large_image","twitter_misc":{"Arvioitu lukuaika":"1 minuutti"},"schema":{"@context":"https:\/\/schema.org","@graph":[{"@type":"WebPage","@id":"https:\/\/blogs.uef.fi\/tiedonhaku-vieraatkielet\/about\/haun-rajaus\/","url":"https:\/\/blogs.uef.fi\/tiedonhaku-vieraatkielet\/about\/haun-rajaus\/","name":"Hakutuloksen rajaaminen - Vieraiden kielten tiedonhaku","isPartOf":{"@id":"https:\/\/blogs.uef.fi\/tiedonhaku-vieraatkielet\/#website"},"primaryImageOfPage":{"@id":"https:\/\/blogs.uef.fi\/tiedonhaku-vieraatkielet\/about\/haun-rajaus\/#primaryimage"},"image":{"@id":"https:\/\/blogs.uef.fi\/tiedonhaku-vieraatkielet\/about\/haun-rajaus\/#primaryimage"},"thumbnailUrl":"https:\/\/blogs.uef.fi\/tiedonhaku-vieraatkielet\/wp-content\/uploads\/sites\/63\/2018\/07\/finnakans1.png","datePublished":"2015-05-11T09:42:19+00:00","dateModified":"2024-09-17T07:36:11+00:00","breadcrumb":{"@id":"https:\/\/blogs.uef.fi\/tiedonhaku-vieraatkielet\/about\/haun-rajaus\/#breadcrumb"},"inLanguage":"fi","potentialAction":[{"@type":"ReadAction","target":["https:\/\/blogs.uef.fi\/tiedonhaku-vieraatkielet\/about\/haun-rajaus\/"]}]},{"@type":"ImageObject","inLanguage":"fi","@id":"https:\/\/blogs.uef.fi\/tiedonhaku-vieraatkielet\/about\/haun-rajaus\/#primaryimage","url":"https:\/\/blogs.uef.fi\/tiedonhaku-vieraatkielet\/wp-content\/uploads\/sites\/63\/2018\/07\/finnakans1.png","contentUrl":"https:\/\/blogs.uef.fi\/tiedonhaku-vieraatkielet\/wp-content\/uploads\/sites\/63\/2018\/07\/finnakans1.png","width":941,"height":842},{"@type":"BreadcrumbList","@id":"https:\/\/blogs.uef.fi\/tiedonhaku-vieraatkielet\/about\/haun-rajaus\/#breadcrumb","itemListElement":[{"@type":"ListItem","position":1,"name":"Home","item":"https:\/\/blogs.uef.fi\/tiedonhaku-vieraatkielet\/"},{"@type":"ListItem","position":2,"name":"Hakusanat ja hakutekniikat","item":"https:\/\/blogs.uef.fi\/tiedonhaku-vieraatkielet\/about\/"},{"@type":"ListItem","position":3,"name":"Hakutuloksen rajaaminen"}]},{"@type":"WebSite","@id":"https:\/\/blogs.uef.fi\/tiedonhaku-vieraatkielet\/#website","url":"https:\/\/blogs.uef.fi\/tiedonhaku-vieraatkielet\/","name":"Vieraiden kielten tiedonhaku","description":"","potentialAction":[{"@type":"SearchAction","target":{"@type":"EntryPoint","urlTemplate":"https:\/\/blogs.uef.fi\/tiedonhaku-vieraatkielet\/?s={search_term_string}"},"query-input":{"@type":"PropertyValueSpecification","valueRequired":true,"valueName":"search_term_string"}}],"inLanguage":"fi"}]}},"_links":{"self":[{"href":"https:\/\/blogs.uef.fi\/tiedonhaku-vieraatkielet\/wp-json\/wp\/v2\/pages\/151","targetHints":{"allow":["GET"]}}],"collection":[{"href":"https:\/\/blogs.uef.fi\/tiedonhaku-vieraatkielet\/wp-json\/wp\/v2\/pages"}],"about":[{"href":"https:\/\/blogs.uef.fi\/tiedonhaku-vieraatkielet\/wp-json\/wp\/v2\/types\/page"}],"author":[{"embeddable":true,"href":"https:\/\/blogs.uef.fi\/tiedonhaku-vieraatkielet\/wp-json\/wp\/v2\/users\/129"}],"replies":[{"embeddable":true,"href":"https:\/\/blogs.uef.fi\/tiedonhaku-vieraatkielet\/wp-json\/wp\/v2\/comments?post=151"}],"version-history":[{"count":2,"href":"https:\/\/blogs.uef.fi\/tiedonhaku-vieraatkielet\/wp-json\/wp\/v2\/pages\/151\/revisions"}],"predecessor-version":[{"id":3019,"href":"https:\/\/blogs.uef.fi\/tiedonhaku-vieraatkielet\/wp-json\/wp\/v2\/pages\/151\/revisions\/3019"}],"up":[{"embeddable":true,"href":"https:\/\/blogs.uef.fi\/tiedonhaku-vieraatkielet\/wp-json\/wp\/v2\/pages\/693"}],"wp:attachment":[{"href":"https:\/\/blogs.uef.fi\/tiedonhaku-vieraatkielet\/wp-json\/wp\/v2\/media?parent=151"}],"curies":[{"name":"wp","href":"https:\/\/api.w.org\/{rel}","templated":true}]}}