{"id":145,"date":"2015-05-11T09:32:37","date_gmt":"2015-05-11T09:32:37","guid":{"rendered":"https:\/\/ueflibrarylang.wordpress.com\/?page_id=145"},"modified":"2024-09-17T10:32:15","modified_gmt":"2024-09-17T07:32:15","slug":"hakusanojen-yhdistaminen","status":"publish","type":"page","link":"https:\/\/blogs.uef.fi\/tiedonhaku-vieraatkielet\/about\/hakusanojen-yhdistaminen\/","title":{"rendered":"Hakusanojen yhdist\u00e4minen eli Boolen logiikka"},"content":{"rendered":"\n<p>Jotta hakusanat toimivat tietokannoissa loogisesti oikein, yhdistell\u00e4\u00e4n niit\u00e4 nk. Boolen operaattoreilla. Boolen operaattoreiden AND, OR ja NOT avulla tietokoneelle annetaan siis k\u00e4sky siit\u00e4, mill\u00e4 tavoin hakusanoja tietokannasta etsit\u00e4\u00e4n. <span style=\"color: #000000\"><strong>Boolen logiikkaa k\u00e4ytet\u00e4\u00e4n l\u00e4hes kaikissa tietokannoissa, joten sen osaaminen on yksi tiedonhaun perustaidoista.<\/strong><\/span> My\u00f6s Google k\u00e4ytt\u00e4\u00e4 Boolen logiikkaa (hakusanojen v\u00e4liss\u00e4 on automaattisesti operaattori AND).<\/p>\n\n\n\n<p>Videon (kesto 13min.) Boolen operaattoreiden perusperiaatteista l\u00f6yd\u00e4t alta. Jotta videon laatu pysyy hyv\u00e4n\u00e4, valitse videon oikesta alalaidasta rattaan kuva ja sielt\u00e4 \u201dlaatu \/ quality\u201d 720pHD tai 1080pHD. Jos haluat videoon tekstityksen, paina videon alavalikosta l\u00f6ytyv\u00e4\u00e4 CC-tekstitysnappia.<\/p>\n\n\n<div class=\"embed-container\">\n    <iframe loading=\"lazy\" title=\"Hakusanojen yhdist\u00e4minen eli Boolen logiikka\" width=\"640\" height=\"360\" src=\"https:\/\/www.youtube.com\/embed\/fzROYORKIVM?feature=oembed&#038;controls=1&#038;hd=1&#038;autohide=1\" frameborder=\"0\" allow=\"accelerometer; autoplay; clipboard-write; encrypted-media; gyroscope; picture-in-picture; web-share\" referrerpolicy=\"strict-origin-when-cross-origin\" allowfullscreen frameborder=\"0\"><\/iframe><\/div>\n\n\n<p><\/p>\n\n\n\n<p>Boolen operaattoreina toimivat AND, OR ja NOT seuraavalla logiikalla:<\/p>\n\n\n\n<p><span style=\"color: #000000\">Rajaavat k\u00e4sitteet: AND<\/span><\/p>\n\n\n\n<p><span style=\"color: #000000\">Synonyymit ja rinnakkaiset k\u00e4sitteet: OR<\/span><\/p>\n\n\n\n<p><span style=\"color: #000000\">Pois suljettavat k\u00e4sitteet: NOT<\/span><\/p>\n\n\n\n<p><strong>AND-operaattori<\/strong> edellytt\u00e4\u00e4, ett\u00e4 hakusanojen tulee esiinty\u00e4 tietueessa yht\u00e4 aikaa. Mit\u00e4 enemm\u00e4n eri rajaavia k\u00e4sitteitt\u00e4 haussa k\u00e4ytet\u00e4\u00e4n, sen tarkempaa hakua ollaan tekem\u00e4ss\u00e4 ja sit\u00e4 pienempi (ainakin teoriassa) on tulosjoukon koko. Esimerkiksi:<\/p>\n\n\n\n<p><em>k\u00e4\u00e4nt\u00e4minen AND tulkkaus<br><\/em><\/p>\n\n\n\n<p>T\u00e4m\u00e4n haun tuloksissa puhutaan siis SEK\u00c4 k\u00e4\u00e4nt\u00e4misest\u00e4 ETT\u00c4 tulkkauksesta.<\/p>\n\n\n\n<p><em>k\u00e4\u00e4nt\u00e4minen AND tulkkaus AND &#8221;ruotsin kieli&#8221;<\/em><\/p>\n\n\n\n<p>T\u00e4m\u00e4n haun tuloksissa esiintyv\u00e4t kaikki lausekkeessa olevat hakusanat: SEK\u00c4 k\u00e4\u00e4nt\u00e4minen ETT\u00c4 tulkkaus ETT\u00c4 ruotsin kieli.<\/p>\n\n\n\n<p><strong>OR-operaattori<\/strong> hyv\u00e4ksyy lopputulokseen ne tietueet, joissa on v\u00e4hint\u00e4\u00e4n jompi kumpi hakusanoista. Mutta my\u00f6s ne tietueet, joissa molemmat sanat esiintyv\u00e4t yht\u00e4 aikaa, ovat k\u00e4yp\u00e4isi\u00e4. OR-operaattorilla yhdistet\u00e4\u00e4n samaa k\u00e4sitett\u00e4 kuvaavat vaihtoehtoiset hakusanat. Mit\u00e4 useampia vaihtoehtoisia ilmaisumuotoja otetaan mukaan, sen laajempi on haun tulos. Esimerkiksi:<\/p>\n\n\n\n<p><em>kielitiede OR filologia<\/em><\/p>\n\n\n\n<p>T\u00e4m\u00e4n haun tuloksissa esiintyy JOKO kielitiede TAI filologia &#8211; TAI molemmat.<\/p>\n\n\n\n<p><strong>NOT-operaatiolla<\/strong> edellytet\u00e4\u00e4n, ett\u00e4 tietty sana ei saa esiinty\u00e4 tietueessa lainkaan. NOT-operaatiota tarvitaan harvemmin ja sit\u00e4 kannattaakin k\u00e4ytt\u00e4\u00e4 harkiten, sill\u00e4 se voi sulkea pois my\u00f6s hy\u00f6dyllisi\u00e4 tietueita. Esimerkiksi:<\/p>\n\n\n\n<p><em>kielitiede NOT tekstilingvistiikka<\/em><\/p>\n\n\n\n<p>T\u00e4m\u00e4n haun tuloksissa puhutaan kielitieteest\u00e4, mutta ei tekstilingvistiikasta.<\/p>\n\n\n\n<h2 class=\"wp-block-heading\"><span style=\"color: #000000\"><span lang=\"FI\">Operaattorit hakulauseessa<\/span><\/span><\/h2>\n\n\n\n<p>Operaattoreita k\u00e4ytet\u00e4\u00e4n tietokantojen tarkennetun haun lomakkeilla. Usein operaattori OR kirjoitetaan itse, ja aina isolla. Lue lis\u00e4\u00e4 hakulomakkeista seuraavasta osiosta.<\/p>\n\n\n\n<p>(p\u00e4ivitetty 9\/2024)<\/p>\n\n\n\n<p>Siirry seuraavaan osioon <a href=\"https:\/\/blogs.uef.fi\/tiedonhaku-vieraatkielet\/about\/hakulauseet\/\">Hakulauseet<\/a><\/p>\n","protected":false},"excerpt":{"rendered":"<p>Jotta hakusanat toimivat tietokannoissa loogisesti oikein, yhdistell\u00e4\u00e4n niit\u00e4 nk. Boolen operaattoreilla. Boolen operaattoreiden AND, OR ja NOT avulla tietokoneelle annetaan siis k\u00e4sky siit\u00e4, mill\u00e4 tavoin hakusanoja tietokannasta etsit\u00e4\u00e4n. Boolen logiikkaa k\u00e4ytet\u00e4\u00e4n l\u00e4hes kaikissa tietokannoissa, joten sen osaaminen on yksi tiedonhaun perustaidoista. My\u00f6s Google k\u00e4ytt\u00e4\u00e4 Boolen logiikkaa (hakusanojen v\u00e4liss\u00e4 on automaattisesti operaattori AND). Videon (kesto 13min.) [&hellip;]<\/p>\n","protected":false},"author":129,"featured_media":0,"parent":693,"menu_order":7,"comment_status":"closed","ping_status":"open","template":"","meta":{"_acf_changed":false,"footnotes":""},"class_list":["post-145","page","type-page","status-publish","hentry"],"acf":[],"yoast_head":"<!-- This site is optimized with the Yoast SEO plugin v27.1.1 - https:\/\/yoast.com\/product\/yoast-seo-wordpress\/ -->\n<title>Hakusanojen yhdist\u00e4minen eli Boolen logiikka - Vieraiden kielten tiedonhaku<\/title>\n<meta name=\"robots\" content=\"index, follow, max-snippet:-1, max-image-preview:large, max-video-preview:-1\" \/>\n<link rel=\"canonical\" href=\"https:\/\/blogs.uef.fi\/tiedonhaku-vieraatkielet\/about\/hakusanojen-yhdistaminen\/\" \/>\n<meta property=\"og:locale\" content=\"fi_FI\" \/>\n<meta property=\"og:type\" content=\"article\" \/>\n<meta property=\"og:title\" content=\"Hakusanojen yhdist\u00e4minen eli Boolen logiikka - Vieraiden kielten tiedonhaku\" \/>\n<meta property=\"og:description\" content=\"Jotta hakusanat toimivat tietokannoissa loogisesti oikein, yhdistell\u00e4\u00e4n niit\u00e4 nk. Boolen operaattoreilla. Boolen operaattoreiden AND, OR ja NOT avulla tietokoneelle annetaan siis k\u00e4sky siit\u00e4, mill\u00e4 tavoin hakusanoja tietokannasta etsit\u00e4\u00e4n. Boolen logiikkaa k\u00e4ytet\u00e4\u00e4n l\u00e4hes kaikissa tietokannoissa, joten sen osaaminen on yksi tiedonhaun perustaidoista. My\u00f6s Google k\u00e4ytt\u00e4\u00e4 Boolen logiikkaa (hakusanojen v\u00e4liss\u00e4 on automaattisesti operaattori AND). Videon (kesto 13min.) [&hellip;]\" \/>\n<meta property=\"og:url\" content=\"https:\/\/blogs.uef.fi\/tiedonhaku-vieraatkielet\/about\/hakusanojen-yhdistaminen\/\" \/>\n<meta property=\"og:site_name\" content=\"Vieraiden kielten tiedonhaku\" \/>\n<meta property=\"article:modified_time\" content=\"2024-09-17T07:32:15+00:00\" \/>\n<meta name=\"twitter:card\" content=\"summary_large_image\" \/>\n<meta name=\"twitter:label1\" content=\"Arvioitu lukuaika\" \/>\n\t<meta name=\"twitter:data1\" content=\"2 minuuttia\" \/>\n<script type=\"application\/ld+json\" class=\"yoast-schema-graph\">{\"@context\":\"https:\/\/schema.org\",\"@graph\":[{\"@type\":\"WebPage\",\"@id\":\"https:\/\/blogs.uef.fi\/tiedonhaku-vieraatkielet\/about\/hakusanojen-yhdistaminen\/\",\"url\":\"https:\/\/blogs.uef.fi\/tiedonhaku-vieraatkielet\/about\/hakusanojen-yhdistaminen\/\",\"name\":\"Hakusanojen yhdist\u00e4minen eli Boolen logiikka - Vieraiden kielten tiedonhaku\",\"isPartOf\":{\"@id\":\"https:\/\/blogs.uef.fi\/tiedonhaku-vieraatkielet\/#website\"},\"datePublished\":\"2015-05-11T09:32:37+00:00\",\"dateModified\":\"2024-09-17T07:32:15+00:00\",\"breadcrumb\":{\"@id\":\"https:\/\/blogs.uef.fi\/tiedonhaku-vieraatkielet\/about\/hakusanojen-yhdistaminen\/#breadcrumb\"},\"inLanguage\":\"fi\",\"potentialAction\":[{\"@type\":\"ReadAction\",\"target\":[\"https:\/\/blogs.uef.fi\/tiedonhaku-vieraatkielet\/about\/hakusanojen-yhdistaminen\/\"]}]},{\"@type\":\"BreadcrumbList\",\"@id\":\"https:\/\/blogs.uef.fi\/tiedonhaku-vieraatkielet\/about\/hakusanojen-yhdistaminen\/#breadcrumb\",\"itemListElement\":[{\"@type\":\"ListItem\",\"position\":1,\"name\":\"Home\",\"item\":\"https:\/\/blogs.uef.fi\/tiedonhaku-vieraatkielet\/\"},{\"@type\":\"ListItem\",\"position\":2,\"name\":\"Hakusanat ja hakutekniikat\",\"item\":\"https:\/\/blogs.uef.fi\/tiedonhaku-vieraatkielet\/about\/\"},{\"@type\":\"ListItem\",\"position\":3,\"name\":\"Hakusanojen yhdist\u00e4minen eli Boolen logiikka\"}]},{\"@type\":\"WebSite\",\"@id\":\"https:\/\/blogs.uef.fi\/tiedonhaku-vieraatkielet\/#website\",\"url\":\"https:\/\/blogs.uef.fi\/tiedonhaku-vieraatkielet\/\",\"name\":\"Vieraiden kielten tiedonhaku\",\"description\":\"\",\"potentialAction\":[{\"@type\":\"SearchAction\",\"target\":{\"@type\":\"EntryPoint\",\"urlTemplate\":\"https:\/\/blogs.uef.fi\/tiedonhaku-vieraatkielet\/?s={search_term_string}\"},\"query-input\":{\"@type\":\"PropertyValueSpecification\",\"valueRequired\":true,\"valueName\":\"search_term_string\"}}],\"inLanguage\":\"fi\"}]}<\/script>\n<!-- \/ Yoast SEO plugin. -->","yoast_head_json":{"title":"Hakusanojen yhdist\u00e4minen eli Boolen logiikka - Vieraiden kielten tiedonhaku","robots":{"index":"index","follow":"follow","max-snippet":"max-snippet:-1","max-image-preview":"max-image-preview:large","max-video-preview":"max-video-preview:-1"},"canonical":"https:\/\/blogs.uef.fi\/tiedonhaku-vieraatkielet\/about\/hakusanojen-yhdistaminen\/","og_locale":"fi_FI","og_type":"article","og_title":"Hakusanojen yhdist\u00e4minen eli Boolen logiikka - Vieraiden kielten tiedonhaku","og_description":"Jotta hakusanat toimivat tietokannoissa loogisesti oikein, yhdistell\u00e4\u00e4n niit\u00e4 nk. Boolen operaattoreilla. Boolen operaattoreiden AND, OR ja NOT avulla tietokoneelle annetaan siis k\u00e4sky siit\u00e4, mill\u00e4 tavoin hakusanoja tietokannasta etsit\u00e4\u00e4n. Boolen logiikkaa k\u00e4ytet\u00e4\u00e4n l\u00e4hes kaikissa tietokannoissa, joten sen osaaminen on yksi tiedonhaun perustaidoista. My\u00f6s Google k\u00e4ytt\u00e4\u00e4 Boolen logiikkaa (hakusanojen v\u00e4liss\u00e4 on automaattisesti operaattori AND). Videon (kesto 13min.) [&hellip;]","og_url":"https:\/\/blogs.uef.fi\/tiedonhaku-vieraatkielet\/about\/hakusanojen-yhdistaminen\/","og_site_name":"Vieraiden kielten tiedonhaku","article_modified_time":"2024-09-17T07:32:15+00:00","twitter_card":"summary_large_image","twitter_misc":{"Arvioitu lukuaika":"2 minuuttia"},"schema":{"@context":"https:\/\/schema.org","@graph":[{"@type":"WebPage","@id":"https:\/\/blogs.uef.fi\/tiedonhaku-vieraatkielet\/about\/hakusanojen-yhdistaminen\/","url":"https:\/\/blogs.uef.fi\/tiedonhaku-vieraatkielet\/about\/hakusanojen-yhdistaminen\/","name":"Hakusanojen yhdist\u00e4minen eli Boolen logiikka - Vieraiden kielten tiedonhaku","isPartOf":{"@id":"https:\/\/blogs.uef.fi\/tiedonhaku-vieraatkielet\/#website"},"datePublished":"2015-05-11T09:32:37+00:00","dateModified":"2024-09-17T07:32:15+00:00","breadcrumb":{"@id":"https:\/\/blogs.uef.fi\/tiedonhaku-vieraatkielet\/about\/hakusanojen-yhdistaminen\/#breadcrumb"},"inLanguage":"fi","potentialAction":[{"@type":"ReadAction","target":["https:\/\/blogs.uef.fi\/tiedonhaku-vieraatkielet\/about\/hakusanojen-yhdistaminen\/"]}]},{"@type":"BreadcrumbList","@id":"https:\/\/blogs.uef.fi\/tiedonhaku-vieraatkielet\/about\/hakusanojen-yhdistaminen\/#breadcrumb","itemListElement":[{"@type":"ListItem","position":1,"name":"Home","item":"https:\/\/blogs.uef.fi\/tiedonhaku-vieraatkielet\/"},{"@type":"ListItem","position":2,"name":"Hakusanat ja hakutekniikat","item":"https:\/\/blogs.uef.fi\/tiedonhaku-vieraatkielet\/about\/"},{"@type":"ListItem","position":3,"name":"Hakusanojen yhdist\u00e4minen eli Boolen logiikka"}]},{"@type":"WebSite","@id":"https:\/\/blogs.uef.fi\/tiedonhaku-vieraatkielet\/#website","url":"https:\/\/blogs.uef.fi\/tiedonhaku-vieraatkielet\/","name":"Vieraiden kielten tiedonhaku","description":"","potentialAction":[{"@type":"SearchAction","target":{"@type":"EntryPoint","urlTemplate":"https:\/\/blogs.uef.fi\/tiedonhaku-vieraatkielet\/?s={search_term_string}"},"query-input":{"@type":"PropertyValueSpecification","valueRequired":true,"valueName":"search_term_string"}}],"inLanguage":"fi"}]}},"_links":{"self":[{"href":"https:\/\/blogs.uef.fi\/tiedonhaku-vieraatkielet\/wp-json\/wp\/v2\/pages\/145","targetHints":{"allow":["GET"]}}],"collection":[{"href":"https:\/\/blogs.uef.fi\/tiedonhaku-vieraatkielet\/wp-json\/wp\/v2\/pages"}],"about":[{"href":"https:\/\/blogs.uef.fi\/tiedonhaku-vieraatkielet\/wp-json\/wp\/v2\/types\/page"}],"author":[{"embeddable":true,"href":"https:\/\/blogs.uef.fi\/tiedonhaku-vieraatkielet\/wp-json\/wp\/v2\/users\/129"}],"replies":[{"embeddable":true,"href":"https:\/\/blogs.uef.fi\/tiedonhaku-vieraatkielet\/wp-json\/wp\/v2\/comments?post=145"}],"version-history":[{"count":2,"href":"https:\/\/blogs.uef.fi\/tiedonhaku-vieraatkielet\/wp-json\/wp\/v2\/pages\/145\/revisions"}],"predecessor-version":[{"id":3013,"href":"https:\/\/blogs.uef.fi\/tiedonhaku-vieraatkielet\/wp-json\/wp\/v2\/pages\/145\/revisions\/3013"}],"up":[{"embeddable":true,"href":"https:\/\/blogs.uef.fi\/tiedonhaku-vieraatkielet\/wp-json\/wp\/v2\/pages\/693"}],"wp:attachment":[{"href":"https:\/\/blogs.uef.fi\/tiedonhaku-vieraatkielet\/wp-json\/wp\/v2\/media?parent=145"}],"curies":[{"name":"wp","href":"https:\/\/api.w.org\/{rel}","templated":true}]}}