{"id":142,"date":"2015-05-11T09:29:38","date_gmt":"2015-05-11T09:29:38","guid":{"rendered":"https:\/\/ueflibrarylang.wordpress.com\/?page_id=142"},"modified":"2024-09-17T10:30:28","modified_gmt":"2024-09-17T07:30:28","slug":"sanahaku-ja-asiasanahaku","status":"publish","type":"page","link":"https:\/\/blogs.uef.fi\/tiedonhaku-vieraatkielet\/about\/sanahaku-ja-asiasanahaku\/","title":{"rendered":"Sanahaku vai asiasanahaku?"},"content":{"rendered":"\n<h3 class=\"wp-block-heading\"><span style=\"color: #339966\"><span style=\"color: #000000\">Sanahaku (eli vapaateksti, keyword, free text)<\/span><\/span><strong><span style=\"color: #339966\"><br><\/span><\/strong><\/h3>\n\n\n\n<p>Sanahaku on yleens\u00e4 tietokannoissa oletushakuna. Sanahaku voi tietokannoissa olla esim. nimell\u00e4 &#8221;kaikki kent\u00e4t&#8221; (&#8221;all fields&#8221;). Sanahaku tarkoittaa, ett\u00e4 <span style=\"color: #000000\">sanaa etsit\u00e4\u00e4n l\u00e4hes kaikkialta julkaisujen tiedoista:<\/span> tekij\u00e4n ja julkaisun nimest\u00e4, tiivistelm\u00e4st\u00e4, asiasanoista ja my\u00f6s kustantajan\/julkaisijan nimest\u00e4. <strong>Sanahaku onkin laajin hakutapa<\/strong> ja tuo yleens\u00e4 enemm\u00e4n tuloksia kuin asiasanahaku.<\/p>\n\n\n\n<p>Sanahaussa voi k\u00e4ytt\u00e4\u00e4 mit\u00e4 tahansa luonnollisen kielen sanoja &#8211; mit\u00e4 tahansa sanaa, joka mieleesti juolahtaa. Synonyymit ja rinnakkaistermit pit\u00e4\u00e4 mietti\u00e4 ja hakea erikseen. Homonyymit tulevat mukaan \u2013 tietokone ei erota sanojen merkityksi\u00e4. Hyv\u00e4 esimerkki homonyymista voisi olla vaikkapa &#8221;kuusi&#8221;: tietokanta ei erottele, etsit\u00e4\u00e4nk\u00f6 puulajia vai numeroa.<\/p>\n\n\n\n<p>Alla olevassa esimerkiss\u00e4 on haettu sanahakuna hakusanalla k\u00e4\u00e4nt\u00e4* (sana on katkaistu sanan taipumattomasta vartalosta asteriskilla eli katkaisumerkill\u00e4 *). Hakusana on tarttunut sek\u00e4 teoksen nimeen, organisaatioon ett\u00e4 asiasana- eli aihekentt\u00e4\u00e4n:<\/p>\n\n\n\n<figure class=\"wp-block-image size-full is-resized\"><img loading=\"lazy\" decoding=\"async\" width=\"842\" height=\"610\" src=\"https:\/\/blogs.uef.fi\/tiedonhaku-vieraatkielet\/wp-content\/uploads\/sites\/63\/2016\/06\/kc3a4c3a4ntc3a4minen.png\" alt=\"Hakusana &quot;k\u00e4\u00e4nt\u00e4*&quot; on l\u00f6ytynyt tietueen otsikosta, asiasanoista ja sis\u00e4llysluettelosta.\" class=\"wp-image-626\" style=\"width:842px;height:610px\" srcset=\"https:\/\/blogs.uef.fi\/tiedonhaku-vieraatkielet\/wp-content\/uploads\/sites\/63\/2016\/06\/kc3a4c3a4ntc3a4minen.png 842w, https:\/\/blogs.uef.fi\/tiedonhaku-vieraatkielet\/wp-content\/uploads\/sites\/63\/2016\/06\/kc3a4c3a4ntc3a4minen-300x217.png 300w, https:\/\/blogs.uef.fi\/tiedonhaku-vieraatkielet\/wp-content\/uploads\/sites\/63\/2016\/06\/kc3a4c3a4ntc3a4minen-768x556.png 768w\" sizes=\"auto, (max-width: 842px) 100vw, 842px\" \/><\/figure>\n\n\n\n<h3 class=\"wp-block-heading\">Asiasanahaku<\/h3>\n\n\n\n<p>Tallennettaessa julkaisun tietoja tietokantoihin asiasanoilla kuvaillaan niiden aihetta \/ sis\u00e4lt\u00f6\u00e4, jotta tieto l\u00f6ytyisi paremmin. Monissa tietokannoissa hakusanoja voi etsi\u00e4 asiasanakent\u00e4st\u00e4 vapaan sanahaun sijaan, jolloin <span style=\"color: #000000\">haku kohdistuu vain asiasanoihin, jotka on tallennettu erilliseen asiasanakentt\u00e4\u00e4n. T\u00e4m\u00e4 tarkentaa hakua. <strong>Jos rajaat hakusi kohdistumaan asiasanakentt\u00e4\u00e4n, et voi aina k\u00e4ytt\u00e4\u00e4 mit\u00e4 tahansa luonnollisen kielen sanaa.<\/strong><\/span><\/p>\n\n\n\n<p>Useimmissa tietokannoissa asiasanahakuun p\u00e4\u00e4st\u00e4\u00e4n tarkennetun haun eli Advanced Search-lomakkeen puolelta. Hakusanoiksi pit\u00e4\u00e4 t\u00e4ll\u00f6in valita ao. tietokannan k\u00e4ytt\u00e4m\u00e4n asiasanaston tai tesauruksen termej\u00e4 ja asiasanoja.<\/p>\n\n\n\n<p>On hyv\u00e4 muistaa, ett\u00e4 e<span style=\"color: #000000\">ri tietokannat k\u00e4ytt\u00e4v\u00e4t eri sanastoja. <\/span>Sama sana ei toimi eri tietokannoissa samalla tavalla.<\/p>\n\n\n\n<p>Jos k\u00e4ytet\u00e4\u00e4n samaa hakusanaa sek\u00e4 sanahaussa ett\u00e4 asiasanahaussa, yleens\u00e4 sanahaku l\u00f6yt\u00e4\u00e4 enemm\u00e4n tuloksia &#8211; varsinkin silloin, jos on k\u00e4ytetty sanankatkaisua. Silloin kun asiasana osuu kohdilleen, voi tuloksissa olla kuitenkin paljon relevantimpeja tuloksia kuin sanahaussa.<\/p>\n\n\n\n<p>(P\u00e4ivitetty 9\/2024)<\/p>\n\n\n\n<p>Siirry seuraavaan osioon <a href=\"https:\/\/blogs.uef.fi\/tiedonhaku-vieraatkielet\/milla-kielella-voin-hakea\/\">Mill\u00e4 kielell\u00e4 voin hakea?<\/a><\/p>\n","protected":false},"excerpt":{"rendered":"<p>Sanahaku (eli vapaateksti, keyword, free text) Sanahaku on yleens\u00e4 tietokannoissa oletushakuna. Sanahaku voi tietokannoissa olla esim. nimell\u00e4 &#8221;kaikki kent\u00e4t&#8221; (&#8221;all fields&#8221;). Sanahaku tarkoittaa, ett\u00e4 sanaa etsit\u00e4\u00e4n l\u00e4hes kaikkialta julkaisujen tiedoista: tekij\u00e4n ja julkaisun nimest\u00e4, tiivistelm\u00e4st\u00e4, asiasanoista ja my\u00f6s kustantajan\/julkaisijan nimest\u00e4. Sanahaku onkin laajin hakutapa ja tuo yleens\u00e4 enemm\u00e4n tuloksia kuin asiasanahaku. Sanahaussa voi k\u00e4ytt\u00e4\u00e4 mit\u00e4 [&hellip;]<\/p>\n","protected":false},"author":129,"featured_media":0,"parent":693,"menu_order":6,"comment_status":"closed","ping_status":"open","template":"","meta":{"_acf_changed":false,"footnotes":""},"class_list":["post-142","page","type-page","status-publish","hentry"],"acf":[],"yoast_head":"<!-- This site is optimized with the Yoast SEO plugin v27.1.1 - https:\/\/yoast.com\/product\/yoast-seo-wordpress\/ -->\n<title>Sanahaku vai asiasanahaku? - Vieraiden kielten tiedonhaku<\/title>\n<meta name=\"robots\" content=\"index, follow, max-snippet:-1, max-image-preview:large, max-video-preview:-1\" \/>\n<link rel=\"canonical\" href=\"https:\/\/blogs.uef.fi\/tiedonhaku-vieraatkielet\/about\/sanahaku-ja-asiasanahaku\/\" \/>\n<meta property=\"og:locale\" content=\"fi_FI\" \/>\n<meta property=\"og:type\" content=\"article\" \/>\n<meta property=\"og:title\" content=\"Sanahaku vai asiasanahaku? - Vieraiden kielten tiedonhaku\" \/>\n<meta property=\"og:description\" content=\"Sanahaku (eli vapaateksti, keyword, free text) Sanahaku on yleens\u00e4 tietokannoissa oletushakuna. Sanahaku voi tietokannoissa olla esim. nimell\u00e4 &#8221;kaikki kent\u00e4t&#8221; (&#8221;all fields&#8221;). Sanahaku tarkoittaa, ett\u00e4 sanaa etsit\u00e4\u00e4n l\u00e4hes kaikkialta julkaisujen tiedoista: tekij\u00e4n ja julkaisun nimest\u00e4, tiivistelm\u00e4st\u00e4, asiasanoista ja my\u00f6s kustantajan\/julkaisijan nimest\u00e4. Sanahaku onkin laajin hakutapa ja tuo yleens\u00e4 enemm\u00e4n tuloksia kuin asiasanahaku. Sanahaussa voi k\u00e4ytt\u00e4\u00e4 mit\u00e4 [&hellip;]\" \/>\n<meta property=\"og:url\" content=\"https:\/\/blogs.uef.fi\/tiedonhaku-vieraatkielet\/about\/sanahaku-ja-asiasanahaku\/\" \/>\n<meta property=\"og:site_name\" content=\"Vieraiden kielten tiedonhaku\" \/>\n<meta property=\"article:modified_time\" content=\"2024-09-17T07:30:28+00:00\" \/>\n<meta property=\"og:image\" content=\"https:\/\/blogs.uef.fi\/tiedonhaku-vieraatkielet\/wp-content\/uploads\/sites\/63\/2016\/06\/kc3a4c3a4ntc3a4minen.png\" \/>\n<meta name=\"twitter:card\" content=\"summary_large_image\" \/>\n<meta name=\"twitter:label1\" content=\"Arvioitu lukuaika\" \/>\n\t<meta name=\"twitter:data1\" content=\"2 minuuttia\" \/>\n<script type=\"application\/ld+json\" class=\"yoast-schema-graph\">{\"@context\":\"https:\/\/schema.org\",\"@graph\":[{\"@type\":\"WebPage\",\"@id\":\"https:\/\/blogs.uef.fi\/tiedonhaku-vieraatkielet\/about\/sanahaku-ja-asiasanahaku\/\",\"url\":\"https:\/\/blogs.uef.fi\/tiedonhaku-vieraatkielet\/about\/sanahaku-ja-asiasanahaku\/\",\"name\":\"Sanahaku vai asiasanahaku? - Vieraiden kielten tiedonhaku\",\"isPartOf\":{\"@id\":\"https:\/\/blogs.uef.fi\/tiedonhaku-vieraatkielet\/#website\"},\"primaryImageOfPage\":{\"@id\":\"https:\/\/blogs.uef.fi\/tiedonhaku-vieraatkielet\/about\/sanahaku-ja-asiasanahaku\/#primaryimage\"},\"image\":{\"@id\":\"https:\/\/blogs.uef.fi\/tiedonhaku-vieraatkielet\/about\/sanahaku-ja-asiasanahaku\/#primaryimage\"},\"thumbnailUrl\":\"https:\/\/blogs.uef.fi\/tiedonhaku-vieraatkielet\/wp-content\/uploads\/sites\/63\/2016\/06\/kc3a4c3a4ntc3a4minen.png\",\"datePublished\":\"2015-05-11T09:29:38+00:00\",\"dateModified\":\"2024-09-17T07:30:28+00:00\",\"breadcrumb\":{\"@id\":\"https:\/\/blogs.uef.fi\/tiedonhaku-vieraatkielet\/about\/sanahaku-ja-asiasanahaku\/#breadcrumb\"},\"inLanguage\":\"fi\",\"potentialAction\":[{\"@type\":\"ReadAction\",\"target\":[\"https:\/\/blogs.uef.fi\/tiedonhaku-vieraatkielet\/about\/sanahaku-ja-asiasanahaku\/\"]}]},{\"@type\":\"ImageObject\",\"inLanguage\":\"fi\",\"@id\":\"https:\/\/blogs.uef.fi\/tiedonhaku-vieraatkielet\/about\/sanahaku-ja-asiasanahaku\/#primaryimage\",\"url\":\"https:\/\/blogs.uef.fi\/tiedonhaku-vieraatkielet\/wp-content\/uploads\/sites\/63\/2016\/06\/kc3a4c3a4ntc3a4minen.png\",\"contentUrl\":\"https:\/\/blogs.uef.fi\/tiedonhaku-vieraatkielet\/wp-content\/uploads\/sites\/63\/2016\/06\/kc3a4c3a4ntc3a4minen.png\",\"width\":842,\"height\":610,\"caption\":\"Hakusana \\\"k\u00e4\u00e4nt\u00e4*\\\" on l\u00f6ytynyt tietueen otsikosta, asiasanoista ja sis\u00e4llysluettelosta.\"},{\"@type\":\"BreadcrumbList\",\"@id\":\"https:\/\/blogs.uef.fi\/tiedonhaku-vieraatkielet\/about\/sanahaku-ja-asiasanahaku\/#breadcrumb\",\"itemListElement\":[{\"@type\":\"ListItem\",\"position\":1,\"name\":\"Home\",\"item\":\"https:\/\/blogs.uef.fi\/tiedonhaku-vieraatkielet\/\"},{\"@type\":\"ListItem\",\"position\":2,\"name\":\"Hakusanat ja hakutekniikat\",\"item\":\"https:\/\/blogs.uef.fi\/tiedonhaku-vieraatkielet\/about\/\"},{\"@type\":\"ListItem\",\"position\":3,\"name\":\"Sanahaku vai asiasanahaku?\"}]},{\"@type\":\"WebSite\",\"@id\":\"https:\/\/blogs.uef.fi\/tiedonhaku-vieraatkielet\/#website\",\"url\":\"https:\/\/blogs.uef.fi\/tiedonhaku-vieraatkielet\/\",\"name\":\"Vieraiden kielten tiedonhaku\",\"description\":\"\",\"potentialAction\":[{\"@type\":\"SearchAction\",\"target\":{\"@type\":\"EntryPoint\",\"urlTemplate\":\"https:\/\/blogs.uef.fi\/tiedonhaku-vieraatkielet\/?s={search_term_string}\"},\"query-input\":{\"@type\":\"PropertyValueSpecification\",\"valueRequired\":true,\"valueName\":\"search_term_string\"}}],\"inLanguage\":\"fi\"}]}<\/script>\n<!-- \/ Yoast SEO plugin. -->","yoast_head_json":{"title":"Sanahaku vai asiasanahaku? - Vieraiden kielten tiedonhaku","robots":{"index":"index","follow":"follow","max-snippet":"max-snippet:-1","max-image-preview":"max-image-preview:large","max-video-preview":"max-video-preview:-1"},"canonical":"https:\/\/blogs.uef.fi\/tiedonhaku-vieraatkielet\/about\/sanahaku-ja-asiasanahaku\/","og_locale":"fi_FI","og_type":"article","og_title":"Sanahaku vai asiasanahaku? - Vieraiden kielten tiedonhaku","og_description":"Sanahaku (eli vapaateksti, keyword, free text) Sanahaku on yleens\u00e4 tietokannoissa oletushakuna. Sanahaku voi tietokannoissa olla esim. nimell\u00e4 &#8221;kaikki kent\u00e4t&#8221; (&#8221;all fields&#8221;). Sanahaku tarkoittaa, ett\u00e4 sanaa etsit\u00e4\u00e4n l\u00e4hes kaikkialta julkaisujen tiedoista: tekij\u00e4n ja julkaisun nimest\u00e4, tiivistelm\u00e4st\u00e4, asiasanoista ja my\u00f6s kustantajan\/julkaisijan nimest\u00e4. Sanahaku onkin laajin hakutapa ja tuo yleens\u00e4 enemm\u00e4n tuloksia kuin asiasanahaku. Sanahaussa voi k\u00e4ytt\u00e4\u00e4 mit\u00e4 [&hellip;]","og_url":"https:\/\/blogs.uef.fi\/tiedonhaku-vieraatkielet\/about\/sanahaku-ja-asiasanahaku\/","og_site_name":"Vieraiden kielten tiedonhaku","article_modified_time":"2024-09-17T07:30:28+00:00","og_image":[{"url":"https:\/\/blogs.uef.fi\/tiedonhaku-vieraatkielet\/wp-content\/uploads\/sites\/63\/2016\/06\/kc3a4c3a4ntc3a4minen.png","type":"","width":"","height":""}],"twitter_card":"summary_large_image","twitter_misc":{"Arvioitu lukuaika":"2 minuuttia"},"schema":{"@context":"https:\/\/schema.org","@graph":[{"@type":"WebPage","@id":"https:\/\/blogs.uef.fi\/tiedonhaku-vieraatkielet\/about\/sanahaku-ja-asiasanahaku\/","url":"https:\/\/blogs.uef.fi\/tiedonhaku-vieraatkielet\/about\/sanahaku-ja-asiasanahaku\/","name":"Sanahaku vai asiasanahaku? - Vieraiden kielten tiedonhaku","isPartOf":{"@id":"https:\/\/blogs.uef.fi\/tiedonhaku-vieraatkielet\/#website"},"primaryImageOfPage":{"@id":"https:\/\/blogs.uef.fi\/tiedonhaku-vieraatkielet\/about\/sanahaku-ja-asiasanahaku\/#primaryimage"},"image":{"@id":"https:\/\/blogs.uef.fi\/tiedonhaku-vieraatkielet\/about\/sanahaku-ja-asiasanahaku\/#primaryimage"},"thumbnailUrl":"https:\/\/blogs.uef.fi\/tiedonhaku-vieraatkielet\/wp-content\/uploads\/sites\/63\/2016\/06\/kc3a4c3a4ntc3a4minen.png","datePublished":"2015-05-11T09:29:38+00:00","dateModified":"2024-09-17T07:30:28+00:00","breadcrumb":{"@id":"https:\/\/blogs.uef.fi\/tiedonhaku-vieraatkielet\/about\/sanahaku-ja-asiasanahaku\/#breadcrumb"},"inLanguage":"fi","potentialAction":[{"@type":"ReadAction","target":["https:\/\/blogs.uef.fi\/tiedonhaku-vieraatkielet\/about\/sanahaku-ja-asiasanahaku\/"]}]},{"@type":"ImageObject","inLanguage":"fi","@id":"https:\/\/blogs.uef.fi\/tiedonhaku-vieraatkielet\/about\/sanahaku-ja-asiasanahaku\/#primaryimage","url":"https:\/\/blogs.uef.fi\/tiedonhaku-vieraatkielet\/wp-content\/uploads\/sites\/63\/2016\/06\/kc3a4c3a4ntc3a4minen.png","contentUrl":"https:\/\/blogs.uef.fi\/tiedonhaku-vieraatkielet\/wp-content\/uploads\/sites\/63\/2016\/06\/kc3a4c3a4ntc3a4minen.png","width":842,"height":610,"caption":"Hakusana \"k\u00e4\u00e4nt\u00e4*\" on l\u00f6ytynyt tietueen otsikosta, asiasanoista ja sis\u00e4llysluettelosta."},{"@type":"BreadcrumbList","@id":"https:\/\/blogs.uef.fi\/tiedonhaku-vieraatkielet\/about\/sanahaku-ja-asiasanahaku\/#breadcrumb","itemListElement":[{"@type":"ListItem","position":1,"name":"Home","item":"https:\/\/blogs.uef.fi\/tiedonhaku-vieraatkielet\/"},{"@type":"ListItem","position":2,"name":"Hakusanat ja hakutekniikat","item":"https:\/\/blogs.uef.fi\/tiedonhaku-vieraatkielet\/about\/"},{"@type":"ListItem","position":3,"name":"Sanahaku vai asiasanahaku?"}]},{"@type":"WebSite","@id":"https:\/\/blogs.uef.fi\/tiedonhaku-vieraatkielet\/#website","url":"https:\/\/blogs.uef.fi\/tiedonhaku-vieraatkielet\/","name":"Vieraiden kielten tiedonhaku","description":"","potentialAction":[{"@type":"SearchAction","target":{"@type":"EntryPoint","urlTemplate":"https:\/\/blogs.uef.fi\/tiedonhaku-vieraatkielet\/?s={search_term_string}"},"query-input":{"@type":"PropertyValueSpecification","valueRequired":true,"valueName":"search_term_string"}}],"inLanguage":"fi"}]}},"_links":{"self":[{"href":"https:\/\/blogs.uef.fi\/tiedonhaku-vieraatkielet\/wp-json\/wp\/v2\/pages\/142","targetHints":{"allow":["GET"]}}],"collection":[{"href":"https:\/\/blogs.uef.fi\/tiedonhaku-vieraatkielet\/wp-json\/wp\/v2\/pages"}],"about":[{"href":"https:\/\/blogs.uef.fi\/tiedonhaku-vieraatkielet\/wp-json\/wp\/v2\/types\/page"}],"author":[{"embeddable":true,"href":"https:\/\/blogs.uef.fi\/tiedonhaku-vieraatkielet\/wp-json\/wp\/v2\/users\/129"}],"replies":[{"embeddable":true,"href":"https:\/\/blogs.uef.fi\/tiedonhaku-vieraatkielet\/wp-json\/wp\/v2\/comments?post=142"}],"version-history":[{"count":2,"href":"https:\/\/blogs.uef.fi\/tiedonhaku-vieraatkielet\/wp-json\/wp\/v2\/pages\/142\/revisions"}],"predecessor-version":[{"id":3004,"href":"https:\/\/blogs.uef.fi\/tiedonhaku-vieraatkielet\/wp-json\/wp\/v2\/pages\/142\/revisions\/3004"}],"up":[{"embeddable":true,"href":"https:\/\/blogs.uef.fi\/tiedonhaku-vieraatkielet\/wp-json\/wp\/v2\/pages\/693"}],"wp:attachment":[{"href":"https:\/\/blogs.uef.fi\/tiedonhaku-vieraatkielet\/wp-json\/wp\/v2\/media?parent=142"}],"curies":[{"name":"wp","href":"https:\/\/api.w.org\/{rel}","templated":true}]}}