{"id":130,"date":"2015-05-11T09:23:56","date_gmt":"2015-05-11T09:23:56","guid":{"rendered":"https:\/\/ueflibrarylang.wordpress.com\/?page_id=130"},"modified":"2023-09-13T15:51:48","modified_gmt":"2023-09-13T12:51:48","slug":"systemaattinen-tiedonhaku","status":"publish","type":"page","link":"https:\/\/blogs.uef.fi\/tiedonhaku-vieraatkielet\/hakuesimerkkeja\/systemaattinen-tiedonhaku\/","title":{"rendered":"Kohti systemaattisempaa tiedonhakua"},"content":{"rendered":"\n<p>Tieteellisen ty\u00f6n &#8211; my\u00f6s opinn\u00e4ytety\u00f6n &#8211; pohjaksi selvitet\u00e4\u00e4n systemaattisella aiheenmukaisella haulla mahdollisimman tarkkaan, mit\u00e4 aiheesta on julkaistu ja saatavilla.<\/p>\n\n\n\n<p>Mit\u00e4 tarkemmin pystyt rajaamaan aiheesi, sit\u00e4 helpompaa on kattava haku. Laajat, j\u00e4sentym\u00e4tt\u00f6m\u00e4t aiheet ovat hankalia haettavia. Aiheen rajaukseen, kypsyttelyyn, hakusanojen ideointiin ja muuhun tiedonhaun valmisteluun ja suunnitteluun kannattaa k\u00e4ytt\u00e4\u00e4 my\u00f6s tietokantahakuja avuksi.<\/p>\n\n\n\n<p><strong>Systemaattinen tiedonhaku kattaa:<\/strong><\/p>\n\n\n\n<ul class=\"wp-block-list\">\n<li>Kotimaiset ja ulkomaiset tiedonl\u00e4hteet<\/li>\n<\/ul>\n\n\n\n<ul class=\"wp-block-list\">\n<li>Eri tyyppiset tiedonl\u00e4hteet (kirjat, v\u00e4it\u00f6skirjat, tutkimusraportit, artikkelit&#8230;.)<\/li>\n<\/ul>\n\n\n\n<ul class=\"wp-block-list\">\n<li>Eri tietokannat ja muut tiedonhaun apuneuvot. Eri tietokantoihin tallennetaan tietoja erilaisista prim\u00e4\u00e4ril\u00e4hteist\u00e4. Haku vain yhdest\u00e4 tietokannasta on harvoin riitt\u00e4v\u00e4. Mik\u00e4li aiheesi on monialainen tai tieteidenv\u00e4linen, tee hakusi tarvittavien alojen tietokannoista.<\/li>\n<\/ul>\n\n\n\n<ul class=\"wp-block-list\">\n<li>Kattavat aihetta kuvaavat hakusanat ja niiden yhdistelm\u00e4t<\/li>\n<\/ul>\n\n\n\n<p>(p\u00e4ivitetty 9\/2023)<\/p>\n\n\n\n<p>Siirry seuraavaan osioon <a href=\"https:\/\/blogs.uef.fi\/tiedonhaku-vieraatkielet\/hakuesimerkkeja\/kirjojen-haku\/\">Kirjojen haku<\/a><\/p>\n","protected":false},"excerpt":{"rendered":"<p>Tieteellisen ty\u00f6n &#8211; my\u00f6s opinn\u00e4ytety\u00f6n &#8211; pohjaksi selvitet\u00e4\u00e4n systemaattisella aiheenmukaisella haulla mahdollisimman tarkkaan, mit\u00e4 aiheesta on julkaistu ja saatavilla. Mit\u00e4 tarkemmin pystyt rajaamaan aiheesi, sit\u00e4 helpompaa on kattava haku. Laajat, j\u00e4sentym\u00e4tt\u00f6m\u00e4t aiheet ovat hankalia haettavia. Aiheen rajaukseen, kypsyttelyyn, hakusanojen ideointiin ja muuhun tiedonhaun valmisteluun ja suunnitteluun kannattaa k\u00e4ytt\u00e4\u00e4 my\u00f6s tietokantahakuja avuksi. Systemaattinen tiedonhaku kattaa: (p\u00e4ivitetty [&hellip;]<\/p>\n","protected":false},"author":129,"featured_media":0,"parent":167,"menu_order":2,"comment_status":"closed","ping_status":"open","template":"","meta":{"_acf_changed":false,"footnotes":""},"class_list":["post-130","page","type-page","status-publish","hentry"],"acf":[],"yoast_head":"<!-- This site is optimized with the Yoast SEO plugin v27.1.1 - https:\/\/yoast.com\/product\/yoast-seo-wordpress\/ -->\n<title>Kohti systemaattisempaa tiedonhakua - Vieraiden kielten tiedonhaku<\/title>\n<meta name=\"robots\" content=\"index, follow, max-snippet:-1, max-image-preview:large, max-video-preview:-1\" \/>\n<link rel=\"canonical\" href=\"https:\/\/blogs.uef.fi\/tiedonhaku-vieraatkielet\/hakuesimerkkeja\/systemaattinen-tiedonhaku\/\" \/>\n<meta property=\"og:locale\" content=\"fi_FI\" \/>\n<meta property=\"og:type\" content=\"article\" \/>\n<meta property=\"og:title\" content=\"Kohti systemaattisempaa tiedonhakua - Vieraiden kielten tiedonhaku\" \/>\n<meta property=\"og:description\" content=\"Tieteellisen ty\u00f6n &#8211; my\u00f6s opinn\u00e4ytety\u00f6n &#8211; pohjaksi selvitet\u00e4\u00e4n systemaattisella aiheenmukaisella haulla mahdollisimman tarkkaan, mit\u00e4 aiheesta on julkaistu ja saatavilla. Mit\u00e4 tarkemmin pystyt rajaamaan aiheesi, sit\u00e4 helpompaa on kattava haku. Laajat, j\u00e4sentym\u00e4tt\u00f6m\u00e4t aiheet ovat hankalia haettavia. Aiheen rajaukseen, kypsyttelyyn, hakusanojen ideointiin ja muuhun tiedonhaun valmisteluun ja suunnitteluun kannattaa k\u00e4ytt\u00e4\u00e4 my\u00f6s tietokantahakuja avuksi. Systemaattinen tiedonhaku kattaa: (p\u00e4ivitetty [&hellip;]\" \/>\n<meta property=\"og:url\" content=\"https:\/\/blogs.uef.fi\/tiedonhaku-vieraatkielet\/hakuesimerkkeja\/systemaattinen-tiedonhaku\/\" \/>\n<meta property=\"og:site_name\" content=\"Vieraiden kielten tiedonhaku\" \/>\n<meta property=\"article:modified_time\" content=\"2023-09-13T12:51:48+00:00\" \/>\n<meta name=\"twitter:card\" content=\"summary_large_image\" \/>\n<meta name=\"twitter:label1\" content=\"Arvioitu lukuaika\" \/>\n\t<meta name=\"twitter:data1\" content=\"1 minuutti\" \/>\n<script type=\"application\/ld+json\" class=\"yoast-schema-graph\">{\"@context\":\"https:\/\/schema.org\",\"@graph\":[{\"@type\":\"WebPage\",\"@id\":\"https:\/\/blogs.uef.fi\/tiedonhaku-vieraatkielet\/hakuesimerkkeja\/systemaattinen-tiedonhaku\/\",\"url\":\"https:\/\/blogs.uef.fi\/tiedonhaku-vieraatkielet\/hakuesimerkkeja\/systemaattinen-tiedonhaku\/\",\"name\":\"Kohti systemaattisempaa tiedonhakua - Vieraiden kielten tiedonhaku\",\"isPartOf\":{\"@id\":\"https:\/\/blogs.uef.fi\/tiedonhaku-vieraatkielet\/#website\"},\"datePublished\":\"2015-05-11T09:23:56+00:00\",\"dateModified\":\"2023-09-13T12:51:48+00:00\",\"breadcrumb\":{\"@id\":\"https:\/\/blogs.uef.fi\/tiedonhaku-vieraatkielet\/hakuesimerkkeja\/systemaattinen-tiedonhaku\/#breadcrumb\"},\"inLanguage\":\"fi\",\"potentialAction\":[{\"@type\":\"ReadAction\",\"target\":[\"https:\/\/blogs.uef.fi\/tiedonhaku-vieraatkielet\/hakuesimerkkeja\/systemaattinen-tiedonhaku\/\"]}]},{\"@type\":\"BreadcrumbList\",\"@id\":\"https:\/\/blogs.uef.fi\/tiedonhaku-vieraatkielet\/hakuesimerkkeja\/systemaattinen-tiedonhaku\/#breadcrumb\",\"itemListElement\":[{\"@type\":\"ListItem\",\"position\":1,\"name\":\"Home\",\"item\":\"https:\/\/blogs.uef.fi\/tiedonhaku-vieraatkielet\/\"},{\"@type\":\"ListItem\",\"position\":2,\"name\":\"Hakuesimerkkej\u00e4\",\"item\":\"https:\/\/blogs.uef.fi\/tiedonhaku-vieraatkielet\/hakuesimerkkeja\/\"},{\"@type\":\"ListItem\",\"position\":3,\"name\":\"Kohti systemaattisempaa tiedonhakua\"}]},{\"@type\":\"WebSite\",\"@id\":\"https:\/\/blogs.uef.fi\/tiedonhaku-vieraatkielet\/#website\",\"url\":\"https:\/\/blogs.uef.fi\/tiedonhaku-vieraatkielet\/\",\"name\":\"Vieraiden kielten tiedonhaku\",\"description\":\"\",\"potentialAction\":[{\"@type\":\"SearchAction\",\"target\":{\"@type\":\"EntryPoint\",\"urlTemplate\":\"https:\/\/blogs.uef.fi\/tiedonhaku-vieraatkielet\/?s={search_term_string}\"},\"query-input\":{\"@type\":\"PropertyValueSpecification\",\"valueRequired\":true,\"valueName\":\"search_term_string\"}}],\"inLanguage\":\"fi\"}]}<\/script>\n<!-- \/ Yoast SEO plugin. -->","yoast_head_json":{"title":"Kohti systemaattisempaa tiedonhakua - Vieraiden kielten tiedonhaku","robots":{"index":"index","follow":"follow","max-snippet":"max-snippet:-1","max-image-preview":"max-image-preview:large","max-video-preview":"max-video-preview:-1"},"canonical":"https:\/\/blogs.uef.fi\/tiedonhaku-vieraatkielet\/hakuesimerkkeja\/systemaattinen-tiedonhaku\/","og_locale":"fi_FI","og_type":"article","og_title":"Kohti systemaattisempaa tiedonhakua - Vieraiden kielten tiedonhaku","og_description":"Tieteellisen ty\u00f6n &#8211; my\u00f6s opinn\u00e4ytety\u00f6n &#8211; pohjaksi selvitet\u00e4\u00e4n systemaattisella aiheenmukaisella haulla mahdollisimman tarkkaan, mit\u00e4 aiheesta on julkaistu ja saatavilla. Mit\u00e4 tarkemmin pystyt rajaamaan aiheesi, sit\u00e4 helpompaa on kattava haku. Laajat, j\u00e4sentym\u00e4tt\u00f6m\u00e4t aiheet ovat hankalia haettavia. Aiheen rajaukseen, kypsyttelyyn, hakusanojen ideointiin ja muuhun tiedonhaun valmisteluun ja suunnitteluun kannattaa k\u00e4ytt\u00e4\u00e4 my\u00f6s tietokantahakuja avuksi. Systemaattinen tiedonhaku kattaa: (p\u00e4ivitetty [&hellip;]","og_url":"https:\/\/blogs.uef.fi\/tiedonhaku-vieraatkielet\/hakuesimerkkeja\/systemaattinen-tiedonhaku\/","og_site_name":"Vieraiden kielten tiedonhaku","article_modified_time":"2023-09-13T12:51:48+00:00","twitter_card":"summary_large_image","twitter_misc":{"Arvioitu lukuaika":"1 minuutti"},"schema":{"@context":"https:\/\/schema.org","@graph":[{"@type":"WebPage","@id":"https:\/\/blogs.uef.fi\/tiedonhaku-vieraatkielet\/hakuesimerkkeja\/systemaattinen-tiedonhaku\/","url":"https:\/\/blogs.uef.fi\/tiedonhaku-vieraatkielet\/hakuesimerkkeja\/systemaattinen-tiedonhaku\/","name":"Kohti systemaattisempaa tiedonhakua - Vieraiden kielten tiedonhaku","isPartOf":{"@id":"https:\/\/blogs.uef.fi\/tiedonhaku-vieraatkielet\/#website"},"datePublished":"2015-05-11T09:23:56+00:00","dateModified":"2023-09-13T12:51:48+00:00","breadcrumb":{"@id":"https:\/\/blogs.uef.fi\/tiedonhaku-vieraatkielet\/hakuesimerkkeja\/systemaattinen-tiedonhaku\/#breadcrumb"},"inLanguage":"fi","potentialAction":[{"@type":"ReadAction","target":["https:\/\/blogs.uef.fi\/tiedonhaku-vieraatkielet\/hakuesimerkkeja\/systemaattinen-tiedonhaku\/"]}]},{"@type":"BreadcrumbList","@id":"https:\/\/blogs.uef.fi\/tiedonhaku-vieraatkielet\/hakuesimerkkeja\/systemaattinen-tiedonhaku\/#breadcrumb","itemListElement":[{"@type":"ListItem","position":1,"name":"Home","item":"https:\/\/blogs.uef.fi\/tiedonhaku-vieraatkielet\/"},{"@type":"ListItem","position":2,"name":"Hakuesimerkkej\u00e4","item":"https:\/\/blogs.uef.fi\/tiedonhaku-vieraatkielet\/hakuesimerkkeja\/"},{"@type":"ListItem","position":3,"name":"Kohti systemaattisempaa tiedonhakua"}]},{"@type":"WebSite","@id":"https:\/\/blogs.uef.fi\/tiedonhaku-vieraatkielet\/#website","url":"https:\/\/blogs.uef.fi\/tiedonhaku-vieraatkielet\/","name":"Vieraiden kielten tiedonhaku","description":"","potentialAction":[{"@type":"SearchAction","target":{"@type":"EntryPoint","urlTemplate":"https:\/\/blogs.uef.fi\/tiedonhaku-vieraatkielet\/?s={search_term_string}"},"query-input":{"@type":"PropertyValueSpecification","valueRequired":true,"valueName":"search_term_string"}}],"inLanguage":"fi"}]}},"_links":{"self":[{"href":"https:\/\/blogs.uef.fi\/tiedonhaku-vieraatkielet\/wp-json\/wp\/v2\/pages\/130","targetHints":{"allow":["GET"]}}],"collection":[{"href":"https:\/\/blogs.uef.fi\/tiedonhaku-vieraatkielet\/wp-json\/wp\/v2\/pages"}],"about":[{"href":"https:\/\/blogs.uef.fi\/tiedonhaku-vieraatkielet\/wp-json\/wp\/v2\/types\/page"}],"author":[{"embeddable":true,"href":"https:\/\/blogs.uef.fi\/tiedonhaku-vieraatkielet\/wp-json\/wp\/v2\/users\/129"}],"replies":[{"embeddable":true,"href":"https:\/\/blogs.uef.fi\/tiedonhaku-vieraatkielet\/wp-json\/wp\/v2\/comments?post=130"}],"version-history":[{"count":2,"href":"https:\/\/blogs.uef.fi\/tiedonhaku-vieraatkielet\/wp-json\/wp\/v2\/pages\/130\/revisions"}],"predecessor-version":[{"id":2861,"href":"https:\/\/blogs.uef.fi\/tiedonhaku-vieraatkielet\/wp-json\/wp\/v2\/pages\/130\/revisions\/2861"}],"up":[{"embeddable":true,"href":"https:\/\/blogs.uef.fi\/tiedonhaku-vieraatkielet\/wp-json\/wp\/v2\/pages\/167"}],"wp:attachment":[{"href":"https:\/\/blogs.uef.fi\/tiedonhaku-vieraatkielet\/wp-json\/wp\/v2\/media?parent=130"}],"curies":[{"name":"wp","href":"https:\/\/api.w.org\/{rel}","templated":true}]}}