{"id":127,"date":"2015-05-11T09:22:55","date_gmt":"2015-05-11T09:22:55","guid":{"rendered":"https:\/\/ueflibrarylang.wordpress.com\/?page_id=127"},"modified":"2023-09-13T15:49:44","modified_gmt":"2023-09-13T12:49:44","slug":"selaileva-ideoiva-ja-hahmotteleva-tiedonhaku","status":"publish","type":"page","link":"https:\/\/blogs.uef.fi\/tiedonhaku-vieraatkielet\/hakuesimerkkeja\/selaileva-ideoiva-ja-hahmotteleva-tiedonhaku\/","title":{"rendered":"Selaileva, ideoiva ja hahmotteleva tiedonhaku"},"content":{"rendered":"\n<p>Tietokantahakuja ja niiden tuloksia kannattaa k\u00e4ytt\u00e4\u00e4 hyv\u00e4ksi jo suunnittelu-, valmistelu- ja ideointivaiheessa. Se auttaa aiheen k\u00e4sitteiden ja hakusanojen hahmottelussa ja ker\u00e4\u00e4misess\u00e4. T\u00e4ss\u00e4 vaiheessa ei kannata uppoutua kovin syv\u00e4lle tuloksiin. Valmisteluvaiheeseen menee jonkin verran aikaa, mutta samalla se t\u00e4sment\u00e4\u00e4 sek\u00e4 aihettasi ett\u00e4 systemaattisempaa tiedonhakuasi.<\/p>\n\n\n\n<p>Joskus riitt\u00e4\u00e4 pikaisempi haku, jolla saadaan k\u00e4siin edes jotakin aiheesta.<\/p>\n\n\n\n<p>Tiedonhakujaan ja aihettaan voi l\u00e4hesty\u00e4 eri tavoin:<\/p>\n\n\n\n<p><strong> &#8221;Quick and simple&#8221;<\/strong><\/p>\n\n\n\n<p>Haetaan mill\u00e4 tahansa omasta p\u00e4\u00e4st\u00e4 keksityll\u00e4 hakusanalla, jotta saadaan \u00e4kki\u00e4 edes jotakin, mist\u00e4 p\u00e4\u00e4st\u00e4 eteenp\u00e4in.<\/p>\n\n\n\n<p><strong>&nbsp;Laajemmasta suppeampaan<\/strong><\/p>\n\n\n\n<p>Aluksi valitaan tarpeeksi suuri aihealue, ja aletaan rajata sit\u00e4 tarkentavilla ja rajaavilla k\u00e4sitteill\u00e4 (tai esimerkiksi kielell\u00e4, julkaisuvuodella yms.)<\/p>\n\n\n\n<p><strong>&nbsp;Suppeammasta laajempaan<\/strong><\/p>\n\n\n\n<p>Ellei tarkka hakutermi anna tulosta, mietit\u00e4\u00e4n, mihin laajempaan aihealueeseen ongelma kuuluu tai muuten muutetaan hakutermi\u00e4.<\/p>\n\n\n\n<p><strong>&nbsp;&#8221;Helmenkasvatus&#8221; tai j\u00e4ljityshaku<\/strong><\/p>\n\n\n\n<p>L\u00e4hdet\u00e4\u00e4n liikkeelle niukoista tiedoista ja t\u00e4ydennet\u00e4\u00e4n hakua ja hakutermej\u00e4 haun aikana saatujen tulosten perusteella. Seurataan aineiston tarjoamia johtolankoja uusiin relevantteihin l\u00e4hteisiin. Tuloksesta saadaan vihjeit\u00e4 uusiksi hakusanoiksi, tiedonl\u00e4hteiksi, tekij\u00f6iksi, alan julkaisusarjan tai organisaation l\u00f6yt\u00e4miseksi tai omien ideoiden t\u00e4sment\u00e4miseksi.<\/p>\n\n\n\n<ul class=\"wp-block-list\">\n<li>Hyv\u00e4n kirjan tai artikkelin l\u00f6ydytty\u00e4 haetaan kirjoittajan muita julkaisuja, tai katsotaan l\u00e4hteen sis\u00e4lt\u00f6\u00e4 kuvaavia asiasanoja, ja haetaan niill\u00e4 lis\u00e4\u00e4 aineistoa.<\/li>\n<\/ul>\n\n\n\n<ul class=\"wp-block-list\">\n<li>Mielenkiintoisen julkaisun l\u00e4hdeluettelo johtaa uusiin julkaisuihin, samoin Internetist\u00e4 l\u00f6ytyneen dokumentin tarjoama linkkikokoelma.<\/li>\n<\/ul>\n\n\n\n<p><strong>&nbsp;Selailu<\/strong><\/p>\n\n\n\n<p>My\u00f6s tietokannoissa voidaan selailla (browse), esimerkiksi tietyn lehden artikkeleita.<\/p>\n\n\n\n<ul class=\"wp-block-list\">\n<li>Seuraa varsinkin asiasanakentt\u00e4\u00e4.<\/li>\n\n\n\n<li>Suomalaisistakin tietokannoista voi saada vinkkej\u00e4 englanninkielisiksi hakusanoiksi<\/li>\n\n\n\n<li>Kentt\u00e4rajauksilla voi &#8221;leikki\u00e4&#8221;. Hakusanan etsiminen vain otsikkokent\u00e4st\u00e4 (nimeke; title) voi olla aiheen hahmotteluvaiheessa hy\u00f6dyllist\u00e4.<\/li>\n\n\n\n<li>Asiasanastojen hierarkiasta voi saada vihjeit\u00e4 laajemmista tai suppeammista k\u00e4sitteist\u00e4 (asiasanahausta)<\/li>\n<\/ul>\n\n\n\n<p>(p\u00e4ivitetty 9\/2023)<\/p>\n\n\n\n<p>Siirry seuraavaan osioon <a href=\"https:\/\/blogs.uef.fi\/tiedonhaku-vieraatkielet\/about\/systemaattinen-tiedonhaku\/\">Kohti systemaattisempaa tiedonhakua<\/a><\/p>\n","protected":false},"excerpt":{"rendered":"<p>Tietokantahakuja ja niiden tuloksia kannattaa k\u00e4ytt\u00e4\u00e4 hyv\u00e4ksi jo suunnittelu-, valmistelu- ja ideointivaiheessa. Se auttaa aiheen k\u00e4sitteiden ja hakusanojen hahmottelussa ja ker\u00e4\u00e4misess\u00e4. T\u00e4ss\u00e4 vaiheessa ei kannata uppoutua kovin syv\u00e4lle tuloksiin. Valmisteluvaiheeseen menee jonkin verran aikaa, mutta samalla se t\u00e4sment\u00e4\u00e4 sek\u00e4 aihettasi ett\u00e4 systemaattisempaa tiedonhakuasi. Joskus riitt\u00e4\u00e4 pikaisempi haku, jolla saadaan k\u00e4siin edes jotakin aiheesta. Tiedonhakujaan ja [&hellip;]<\/p>\n","protected":false},"author":129,"featured_media":0,"parent":167,"menu_order":1,"comment_status":"closed","ping_status":"open","template":"","meta":{"_acf_changed":false,"footnotes":""},"class_list":["post-127","page","type-page","status-publish","hentry"],"acf":[],"yoast_head":"<!-- This site is optimized with the Yoast SEO plugin v27.1.1 - https:\/\/yoast.com\/product\/yoast-seo-wordpress\/ -->\n<title>Selaileva, ideoiva ja hahmotteleva tiedonhaku - Vieraiden kielten tiedonhaku<\/title>\n<meta name=\"robots\" content=\"index, follow, max-snippet:-1, max-image-preview:large, max-video-preview:-1\" \/>\n<link rel=\"canonical\" href=\"https:\/\/blogs.uef.fi\/tiedonhaku-vieraatkielet\/hakuesimerkkeja\/selaileva-ideoiva-ja-hahmotteleva-tiedonhaku\/\" \/>\n<meta property=\"og:locale\" content=\"fi_FI\" \/>\n<meta property=\"og:type\" content=\"article\" \/>\n<meta property=\"og:title\" content=\"Selaileva, ideoiva ja hahmotteleva tiedonhaku - Vieraiden kielten tiedonhaku\" \/>\n<meta property=\"og:description\" content=\"Tietokantahakuja ja niiden tuloksia kannattaa k\u00e4ytt\u00e4\u00e4 hyv\u00e4ksi jo suunnittelu-, valmistelu- ja ideointivaiheessa. Se auttaa aiheen k\u00e4sitteiden ja hakusanojen hahmottelussa ja ker\u00e4\u00e4misess\u00e4. T\u00e4ss\u00e4 vaiheessa ei kannata uppoutua kovin syv\u00e4lle tuloksiin. Valmisteluvaiheeseen menee jonkin verran aikaa, mutta samalla se t\u00e4sment\u00e4\u00e4 sek\u00e4 aihettasi ett\u00e4 systemaattisempaa tiedonhakuasi. Joskus riitt\u00e4\u00e4 pikaisempi haku, jolla saadaan k\u00e4siin edes jotakin aiheesta. Tiedonhakujaan ja [&hellip;]\" \/>\n<meta property=\"og:url\" content=\"https:\/\/blogs.uef.fi\/tiedonhaku-vieraatkielet\/hakuesimerkkeja\/selaileva-ideoiva-ja-hahmotteleva-tiedonhaku\/\" \/>\n<meta property=\"og:site_name\" content=\"Vieraiden kielten tiedonhaku\" \/>\n<meta property=\"article:modified_time\" content=\"2023-09-13T12:49:44+00:00\" \/>\n<meta name=\"twitter:card\" content=\"summary_large_image\" \/>\n<meta name=\"twitter:label1\" content=\"Arvioitu lukuaika\" \/>\n\t<meta name=\"twitter:data1\" content=\"2 minuuttia\" \/>\n<script type=\"application\/ld+json\" class=\"yoast-schema-graph\">{\"@context\":\"https:\/\/schema.org\",\"@graph\":[{\"@type\":\"WebPage\",\"@id\":\"https:\/\/blogs.uef.fi\/tiedonhaku-vieraatkielet\/hakuesimerkkeja\/selaileva-ideoiva-ja-hahmotteleva-tiedonhaku\/\",\"url\":\"https:\/\/blogs.uef.fi\/tiedonhaku-vieraatkielet\/hakuesimerkkeja\/selaileva-ideoiva-ja-hahmotteleva-tiedonhaku\/\",\"name\":\"Selaileva, ideoiva ja hahmotteleva tiedonhaku - Vieraiden kielten tiedonhaku\",\"isPartOf\":{\"@id\":\"https:\/\/blogs.uef.fi\/tiedonhaku-vieraatkielet\/#website\"},\"datePublished\":\"2015-05-11T09:22:55+00:00\",\"dateModified\":\"2023-09-13T12:49:44+00:00\",\"breadcrumb\":{\"@id\":\"https:\/\/blogs.uef.fi\/tiedonhaku-vieraatkielet\/hakuesimerkkeja\/selaileva-ideoiva-ja-hahmotteleva-tiedonhaku\/#breadcrumb\"},\"inLanguage\":\"fi\",\"potentialAction\":[{\"@type\":\"ReadAction\",\"target\":[\"https:\/\/blogs.uef.fi\/tiedonhaku-vieraatkielet\/hakuesimerkkeja\/selaileva-ideoiva-ja-hahmotteleva-tiedonhaku\/\"]}]},{\"@type\":\"BreadcrumbList\",\"@id\":\"https:\/\/blogs.uef.fi\/tiedonhaku-vieraatkielet\/hakuesimerkkeja\/selaileva-ideoiva-ja-hahmotteleva-tiedonhaku\/#breadcrumb\",\"itemListElement\":[{\"@type\":\"ListItem\",\"position\":1,\"name\":\"Home\",\"item\":\"https:\/\/blogs.uef.fi\/tiedonhaku-vieraatkielet\/\"},{\"@type\":\"ListItem\",\"position\":2,\"name\":\"Hakuesimerkkej\u00e4\",\"item\":\"https:\/\/blogs.uef.fi\/tiedonhaku-vieraatkielet\/hakuesimerkkeja\/\"},{\"@type\":\"ListItem\",\"position\":3,\"name\":\"Selaileva, ideoiva ja hahmotteleva tiedonhaku\"}]},{\"@type\":\"WebSite\",\"@id\":\"https:\/\/blogs.uef.fi\/tiedonhaku-vieraatkielet\/#website\",\"url\":\"https:\/\/blogs.uef.fi\/tiedonhaku-vieraatkielet\/\",\"name\":\"Vieraiden kielten tiedonhaku\",\"description\":\"\",\"potentialAction\":[{\"@type\":\"SearchAction\",\"target\":{\"@type\":\"EntryPoint\",\"urlTemplate\":\"https:\/\/blogs.uef.fi\/tiedonhaku-vieraatkielet\/?s={search_term_string}\"},\"query-input\":{\"@type\":\"PropertyValueSpecification\",\"valueRequired\":true,\"valueName\":\"search_term_string\"}}],\"inLanguage\":\"fi\"}]}<\/script>\n<!-- \/ Yoast SEO plugin. -->","yoast_head_json":{"title":"Selaileva, ideoiva ja hahmotteleva tiedonhaku - Vieraiden kielten tiedonhaku","robots":{"index":"index","follow":"follow","max-snippet":"max-snippet:-1","max-image-preview":"max-image-preview:large","max-video-preview":"max-video-preview:-1"},"canonical":"https:\/\/blogs.uef.fi\/tiedonhaku-vieraatkielet\/hakuesimerkkeja\/selaileva-ideoiva-ja-hahmotteleva-tiedonhaku\/","og_locale":"fi_FI","og_type":"article","og_title":"Selaileva, ideoiva ja hahmotteleva tiedonhaku - Vieraiden kielten tiedonhaku","og_description":"Tietokantahakuja ja niiden tuloksia kannattaa k\u00e4ytt\u00e4\u00e4 hyv\u00e4ksi jo suunnittelu-, valmistelu- ja ideointivaiheessa. Se auttaa aiheen k\u00e4sitteiden ja hakusanojen hahmottelussa ja ker\u00e4\u00e4misess\u00e4. T\u00e4ss\u00e4 vaiheessa ei kannata uppoutua kovin syv\u00e4lle tuloksiin. Valmisteluvaiheeseen menee jonkin verran aikaa, mutta samalla se t\u00e4sment\u00e4\u00e4 sek\u00e4 aihettasi ett\u00e4 systemaattisempaa tiedonhakuasi. Joskus riitt\u00e4\u00e4 pikaisempi haku, jolla saadaan k\u00e4siin edes jotakin aiheesta. Tiedonhakujaan ja [&hellip;]","og_url":"https:\/\/blogs.uef.fi\/tiedonhaku-vieraatkielet\/hakuesimerkkeja\/selaileva-ideoiva-ja-hahmotteleva-tiedonhaku\/","og_site_name":"Vieraiden kielten tiedonhaku","article_modified_time":"2023-09-13T12:49:44+00:00","twitter_card":"summary_large_image","twitter_misc":{"Arvioitu lukuaika":"2 minuuttia"},"schema":{"@context":"https:\/\/schema.org","@graph":[{"@type":"WebPage","@id":"https:\/\/blogs.uef.fi\/tiedonhaku-vieraatkielet\/hakuesimerkkeja\/selaileva-ideoiva-ja-hahmotteleva-tiedonhaku\/","url":"https:\/\/blogs.uef.fi\/tiedonhaku-vieraatkielet\/hakuesimerkkeja\/selaileva-ideoiva-ja-hahmotteleva-tiedonhaku\/","name":"Selaileva, ideoiva ja hahmotteleva tiedonhaku - Vieraiden kielten tiedonhaku","isPartOf":{"@id":"https:\/\/blogs.uef.fi\/tiedonhaku-vieraatkielet\/#website"},"datePublished":"2015-05-11T09:22:55+00:00","dateModified":"2023-09-13T12:49:44+00:00","breadcrumb":{"@id":"https:\/\/blogs.uef.fi\/tiedonhaku-vieraatkielet\/hakuesimerkkeja\/selaileva-ideoiva-ja-hahmotteleva-tiedonhaku\/#breadcrumb"},"inLanguage":"fi","potentialAction":[{"@type":"ReadAction","target":["https:\/\/blogs.uef.fi\/tiedonhaku-vieraatkielet\/hakuesimerkkeja\/selaileva-ideoiva-ja-hahmotteleva-tiedonhaku\/"]}]},{"@type":"BreadcrumbList","@id":"https:\/\/blogs.uef.fi\/tiedonhaku-vieraatkielet\/hakuesimerkkeja\/selaileva-ideoiva-ja-hahmotteleva-tiedonhaku\/#breadcrumb","itemListElement":[{"@type":"ListItem","position":1,"name":"Home","item":"https:\/\/blogs.uef.fi\/tiedonhaku-vieraatkielet\/"},{"@type":"ListItem","position":2,"name":"Hakuesimerkkej\u00e4","item":"https:\/\/blogs.uef.fi\/tiedonhaku-vieraatkielet\/hakuesimerkkeja\/"},{"@type":"ListItem","position":3,"name":"Selaileva, ideoiva ja hahmotteleva tiedonhaku"}]},{"@type":"WebSite","@id":"https:\/\/blogs.uef.fi\/tiedonhaku-vieraatkielet\/#website","url":"https:\/\/blogs.uef.fi\/tiedonhaku-vieraatkielet\/","name":"Vieraiden kielten tiedonhaku","description":"","potentialAction":[{"@type":"SearchAction","target":{"@type":"EntryPoint","urlTemplate":"https:\/\/blogs.uef.fi\/tiedonhaku-vieraatkielet\/?s={search_term_string}"},"query-input":{"@type":"PropertyValueSpecification","valueRequired":true,"valueName":"search_term_string"}}],"inLanguage":"fi"}]}},"_links":{"self":[{"href":"https:\/\/blogs.uef.fi\/tiedonhaku-vieraatkielet\/wp-json\/wp\/v2\/pages\/127","targetHints":{"allow":["GET"]}}],"collection":[{"href":"https:\/\/blogs.uef.fi\/tiedonhaku-vieraatkielet\/wp-json\/wp\/v2\/pages"}],"about":[{"href":"https:\/\/blogs.uef.fi\/tiedonhaku-vieraatkielet\/wp-json\/wp\/v2\/types\/page"}],"author":[{"embeddable":true,"href":"https:\/\/blogs.uef.fi\/tiedonhaku-vieraatkielet\/wp-json\/wp\/v2\/users\/129"}],"replies":[{"embeddable":true,"href":"https:\/\/blogs.uef.fi\/tiedonhaku-vieraatkielet\/wp-json\/wp\/v2\/comments?post=127"}],"version-history":[{"count":1,"href":"https:\/\/blogs.uef.fi\/tiedonhaku-vieraatkielet\/wp-json\/wp\/v2\/pages\/127\/revisions"}],"predecessor-version":[{"id":2857,"href":"https:\/\/blogs.uef.fi\/tiedonhaku-vieraatkielet\/wp-json\/wp\/v2\/pages\/127\/revisions\/2857"}],"up":[{"embeddable":true,"href":"https:\/\/blogs.uef.fi\/tiedonhaku-vieraatkielet\/wp-json\/wp\/v2\/pages\/167"}],"wp:attachment":[{"href":"https:\/\/blogs.uef.fi\/tiedonhaku-vieraatkielet\/wp-json\/wp\/v2\/media?parent=127"}],"curies":[{"name":"wp","href":"https:\/\/api.w.org\/{rel}","templated":true}]}}