{"id":1161,"date":"2018-08-07T13:17:14","date_gmt":"2018-08-07T10:17:14","guid":{"rendered":"https:\/\/blogs.uef.fi\/tiedonhaku-vieraatkielet\/?page_id=1161"},"modified":"2025-08-29T10:37:36","modified_gmt":"2025-08-29T07:37:36","slug":"kurssin-osaamistavoitteet","status":"publish","type":"page","link":"https:\/\/blogs.uef.fi\/tiedonhaku-vieraatkielet\/kurssin-osaamistavoitteet\/","title":{"rendered":"Tiedonhaun osaamistavoitteet"},"content":{"rendered":"\n<p><strong>Osaat muotoilla tiedontarpeesi \/ tutkimusaiheesi hakusanoiksi ja niiden yhdistelmiksi &#8211; my\u00f6s vieraalla kielell\u00e4.<\/strong> Oppaassa etsit\u00e4\u00e4n vastauksia kysymyksiin:<\/p>\n\n\n\n<p>&#8211; Miten omasta tutkimusaiheesta johdetaan k\u00e4sitteit\u00e4 ja hakusanoja?<br>&#8211; Mist\u00e4 l\u00f6ytyy apua hakusanojen &#8221;keksimiseen&#8221;?<br>&#8211; Miten haussa yhdistet\u00e4\u00e4n toisilleen rinnakkaisia k\u00e4sitteit\u00e4 tai synonyymej\u00e4?<br>&#8211; Miten haussa yhdistet\u00e4\u00e4n toisiaan rajaavia k\u00e4sitteit\u00e4?<br>&#8211; Tiedonhaun prosessiluonteen tajuaminen: milloin on tarpeen aiheen tarkennus tai rajaus uudelleen?<\/p>\n\n\n\n<p><strong>Hallitset tiedonhaun perustekniikat (Boolen logiikan, sanankatkaisun, fraasihaun jne.), erilaiset hakutavat ja suunnitelmallisen tiedonhakuprosessin sek\u00e4 osaat soveltaa niit\u00e4 omaan tiedonhaun ongelmaasi. <\/strong>Ymm\u00e4rr\u00e4t:<\/p>\n\n\n\n<p>&#8211; Mit\u00e4 eroa on asiasanahaulla ja vapaasanahaulla?<br>&#8211; Miten otetaan huomioon sanojen taipumiset tai sanaliitot?<br>&#8211; Miten hakusanoja yhdistell\u00e4\u00e4n kussakin tietokannassa?<br>&#8211; Miten rajata hakua?<br>&#8211; Miten supistaa\/kaventaa hakua?<br>&#8211; Miten laajentaa hakua?<\/p>\n\n\n\n<p><strong>Tunnet oman alasi t\u00e4rkeimm\u00e4t tieteelliset tiedonl\u00e4hteet ja tietokannat ja osaat valita kulloiseenkin tiedontarpeeseen oikean hakuv\u00e4lineen. Tutustut avoimen tieteen ja Open Access-julkaisemisen periaatteisiin<\/strong> ja osaa vastata kysymyksiin:<\/p>\n\n\n\n<p>&#8211; Mitk\u00e4 ovat tieteenalan t\u00e4rkeimm\u00e4t kansainv\u00e4liset ja kotimaiset tiedonl\u00e4hteet?<br>&#8211; Miten ja mist\u00e4 niit\u00e4 p\u00e4\u00e4see k\u00e4ytt\u00e4m\u00e4\u00e4n?<br>&#8211; Mist\u00e4 tiedonl\u00e4hteest\u00e4 tai tietokannasta millaistakin tietoa tulee hakea, mit\u00e4 mist\u00e4kin voi l\u00f6yt\u00e4\u00e4?<br>&#8211; Miksi juuri tietty tietokanta on t\u00e4rke\u00e4?<br>&#8211; Miten tehd\u00e4 kattava ja systemaattinen tiedonhaku omasta aiheesta?<br>&#8211; Mit\u00e4 tarkoittaa avoin tiede ja avoin julkaiseminen?<\/p>\n\n\n\n<p><strong>Osaat arvioida kriittisesti saamiasi hakutuloksia ja l\u00e4hteit\u00e4:<\/strong><\/p>\n\n\n\n<p>&#8211; Mihin pit\u00e4\u00e4 kiinnitt\u00e4\u00e4 huomiota hakutuloksissa?<br>&#8211; Miten voi tunnistaa luotettavan tiedon?<br>&#8211; Miten voi tunnistaa tieteellisen tiedon?<br>&#8211; Millaisia ovat tieteelliset julkaisut?<br>&#8211; Miten tulkita tietokantojen viitetietoja?<br>&#8211; Miten saada k\u00e4siins\u00e4 alkuper\u00e4inen dokumentti?<\/p>\n\n\n\n<p><strong>Tunnet tiedon k\u00e4yt\u00f6n eettiset ja lailliset periaatteet sek\u00e4 tieteellisen julkaisemisen perusteet<\/strong> ja osaat vastata kysymyksiin:<\/p>\n\n\n\n<p>&#8211; Mik\u00e4 on plagiointia?<br>&#8211; Mit\u00e4 ovat tekij\u00e4noikeudet?<br>&#8211; Mist\u00e4 saadaan tarvittavat tiedot siihen, miten ja miksi merkit\u00e4\u00e4n l\u00e4hteet ja viitteet?<\/p>\n\n\n\n<p>(p\u00e4ivitetty 1\/2024)<\/p>\n","protected":false},"excerpt":{"rendered":"<p>Osaat muotoilla tiedontarpeesi \/ tutkimusaiheesi hakusanoiksi ja niiden yhdistelmiksi &#8211; my\u00f6s vieraalla kielell\u00e4. Oppaassa etsit\u00e4\u00e4n vastauksia kysymyksiin: &#8211; Miten omasta tutkimusaiheesta johdetaan k\u00e4sitteit\u00e4 ja hakusanoja?&#8211; Mist\u00e4 l\u00f6ytyy apua hakusanojen &#8221;keksimiseen&#8221;?&#8211; Miten haussa yhdistet\u00e4\u00e4n toisilleen rinnakkaisia k\u00e4sitteit\u00e4 tai synonyymej\u00e4?&#8211; Miten haussa yhdistet\u00e4\u00e4n toisiaan rajaavia k\u00e4sitteit\u00e4?&#8211; Tiedonhaun prosessiluonteen tajuaminen: milloin on tarpeen aiheen tarkennus tai rajaus uudelleen? [&hellip;]<\/p>\n","protected":false},"author":129,"featured_media":0,"parent":0,"menu_order":0,"comment_status":"closed","ping_status":"closed","template":"","meta":{"_acf_changed":false,"footnotes":""},"class_list":["post-1161","page","type-page","status-publish","hentry"],"acf":[],"yoast_head":"<!-- This site is optimized with the Yoast SEO plugin v27.1.1 - https:\/\/yoast.com\/product\/yoast-seo-wordpress\/ -->\n<title>Tiedonhaun osaamistavoitteet - Vieraiden kielten tiedonhaku<\/title>\n<meta name=\"robots\" content=\"index, follow, max-snippet:-1, max-image-preview:large, max-video-preview:-1\" \/>\n<link rel=\"canonical\" href=\"https:\/\/blogs.uef.fi\/tiedonhaku-vieraatkielet\/kurssin-osaamistavoitteet\/\" \/>\n<meta property=\"og:locale\" content=\"fi_FI\" \/>\n<meta property=\"og:type\" content=\"article\" \/>\n<meta property=\"og:title\" content=\"Tiedonhaun osaamistavoitteet - Vieraiden kielten tiedonhaku\" \/>\n<meta property=\"og:description\" content=\"Osaat muotoilla tiedontarpeesi \/ tutkimusaiheesi hakusanoiksi ja niiden yhdistelmiksi &#8211; my\u00f6s vieraalla kielell\u00e4. Oppaassa etsit\u00e4\u00e4n vastauksia kysymyksiin: &#8211; Miten omasta tutkimusaiheesta johdetaan k\u00e4sitteit\u00e4 ja hakusanoja?&#8211; Mist\u00e4 l\u00f6ytyy apua hakusanojen &#8221;keksimiseen&#8221;?&#8211; Miten haussa yhdistet\u00e4\u00e4n toisilleen rinnakkaisia k\u00e4sitteit\u00e4 tai synonyymej\u00e4?&#8211; Miten haussa yhdistet\u00e4\u00e4n toisiaan rajaavia k\u00e4sitteit\u00e4?&#8211; Tiedonhaun prosessiluonteen tajuaminen: milloin on tarpeen aiheen tarkennus tai rajaus uudelleen? [&hellip;]\" \/>\n<meta property=\"og:url\" content=\"https:\/\/blogs.uef.fi\/tiedonhaku-vieraatkielet\/kurssin-osaamistavoitteet\/\" \/>\n<meta property=\"og:site_name\" content=\"Vieraiden kielten tiedonhaku\" \/>\n<meta property=\"article:modified_time\" content=\"2025-08-29T07:37:36+00:00\" \/>\n<meta name=\"twitter:card\" content=\"summary_large_image\" \/>\n<meta name=\"twitter:label1\" content=\"Arvioitu lukuaika\" \/>\n\t<meta name=\"twitter:data1\" content=\"2 minuuttia\" \/>\n<script type=\"application\/ld+json\" class=\"yoast-schema-graph\">{\"@context\":\"https:\/\/schema.org\",\"@graph\":[{\"@type\":\"WebPage\",\"@id\":\"https:\/\/blogs.uef.fi\/tiedonhaku-vieraatkielet\/kurssin-osaamistavoitteet\/\",\"url\":\"https:\/\/blogs.uef.fi\/tiedonhaku-vieraatkielet\/kurssin-osaamistavoitteet\/\",\"name\":\"Tiedonhaun osaamistavoitteet - Vieraiden kielten tiedonhaku\",\"isPartOf\":{\"@id\":\"https:\/\/blogs.uef.fi\/tiedonhaku-vieraatkielet\/#website\"},\"datePublished\":\"2018-08-07T10:17:14+00:00\",\"dateModified\":\"2025-08-29T07:37:36+00:00\",\"breadcrumb\":{\"@id\":\"https:\/\/blogs.uef.fi\/tiedonhaku-vieraatkielet\/kurssin-osaamistavoitteet\/#breadcrumb\"},\"inLanguage\":\"fi\",\"potentialAction\":[{\"@type\":\"ReadAction\",\"target\":[\"https:\/\/blogs.uef.fi\/tiedonhaku-vieraatkielet\/kurssin-osaamistavoitteet\/\"]}]},{\"@type\":\"BreadcrumbList\",\"@id\":\"https:\/\/blogs.uef.fi\/tiedonhaku-vieraatkielet\/kurssin-osaamistavoitteet\/#breadcrumb\",\"itemListElement\":[{\"@type\":\"ListItem\",\"position\":1,\"name\":\"Home\",\"item\":\"https:\/\/blogs.uef.fi\/tiedonhaku-vieraatkielet\/\"},{\"@type\":\"ListItem\",\"position\":2,\"name\":\"Tiedonhaun osaamistavoitteet\"}]},{\"@type\":\"WebSite\",\"@id\":\"https:\/\/blogs.uef.fi\/tiedonhaku-vieraatkielet\/#website\",\"url\":\"https:\/\/blogs.uef.fi\/tiedonhaku-vieraatkielet\/\",\"name\":\"Vieraiden kielten tiedonhaku\",\"description\":\"\",\"potentialAction\":[{\"@type\":\"SearchAction\",\"target\":{\"@type\":\"EntryPoint\",\"urlTemplate\":\"https:\/\/blogs.uef.fi\/tiedonhaku-vieraatkielet\/?s={search_term_string}\"},\"query-input\":{\"@type\":\"PropertyValueSpecification\",\"valueRequired\":true,\"valueName\":\"search_term_string\"}}],\"inLanguage\":\"fi\"}]}<\/script>\n<!-- \/ Yoast SEO plugin. -->","yoast_head_json":{"title":"Tiedonhaun osaamistavoitteet - Vieraiden kielten tiedonhaku","robots":{"index":"index","follow":"follow","max-snippet":"max-snippet:-1","max-image-preview":"max-image-preview:large","max-video-preview":"max-video-preview:-1"},"canonical":"https:\/\/blogs.uef.fi\/tiedonhaku-vieraatkielet\/kurssin-osaamistavoitteet\/","og_locale":"fi_FI","og_type":"article","og_title":"Tiedonhaun osaamistavoitteet - Vieraiden kielten tiedonhaku","og_description":"Osaat muotoilla tiedontarpeesi \/ tutkimusaiheesi hakusanoiksi ja niiden yhdistelmiksi &#8211; my\u00f6s vieraalla kielell\u00e4. Oppaassa etsit\u00e4\u00e4n vastauksia kysymyksiin: &#8211; Miten omasta tutkimusaiheesta johdetaan k\u00e4sitteit\u00e4 ja hakusanoja?&#8211; Mist\u00e4 l\u00f6ytyy apua hakusanojen &#8221;keksimiseen&#8221;?&#8211; Miten haussa yhdistet\u00e4\u00e4n toisilleen rinnakkaisia k\u00e4sitteit\u00e4 tai synonyymej\u00e4?&#8211; Miten haussa yhdistet\u00e4\u00e4n toisiaan rajaavia k\u00e4sitteit\u00e4?&#8211; Tiedonhaun prosessiluonteen tajuaminen: milloin on tarpeen aiheen tarkennus tai rajaus uudelleen? [&hellip;]","og_url":"https:\/\/blogs.uef.fi\/tiedonhaku-vieraatkielet\/kurssin-osaamistavoitteet\/","og_site_name":"Vieraiden kielten tiedonhaku","article_modified_time":"2025-08-29T07:37:36+00:00","twitter_card":"summary_large_image","twitter_misc":{"Arvioitu lukuaika":"2 minuuttia"},"schema":{"@context":"https:\/\/schema.org","@graph":[{"@type":"WebPage","@id":"https:\/\/blogs.uef.fi\/tiedonhaku-vieraatkielet\/kurssin-osaamistavoitteet\/","url":"https:\/\/blogs.uef.fi\/tiedonhaku-vieraatkielet\/kurssin-osaamistavoitteet\/","name":"Tiedonhaun osaamistavoitteet - Vieraiden kielten tiedonhaku","isPartOf":{"@id":"https:\/\/blogs.uef.fi\/tiedonhaku-vieraatkielet\/#website"},"datePublished":"2018-08-07T10:17:14+00:00","dateModified":"2025-08-29T07:37:36+00:00","breadcrumb":{"@id":"https:\/\/blogs.uef.fi\/tiedonhaku-vieraatkielet\/kurssin-osaamistavoitteet\/#breadcrumb"},"inLanguage":"fi","potentialAction":[{"@type":"ReadAction","target":["https:\/\/blogs.uef.fi\/tiedonhaku-vieraatkielet\/kurssin-osaamistavoitteet\/"]}]},{"@type":"BreadcrumbList","@id":"https:\/\/blogs.uef.fi\/tiedonhaku-vieraatkielet\/kurssin-osaamistavoitteet\/#breadcrumb","itemListElement":[{"@type":"ListItem","position":1,"name":"Home","item":"https:\/\/blogs.uef.fi\/tiedonhaku-vieraatkielet\/"},{"@type":"ListItem","position":2,"name":"Tiedonhaun osaamistavoitteet"}]},{"@type":"WebSite","@id":"https:\/\/blogs.uef.fi\/tiedonhaku-vieraatkielet\/#website","url":"https:\/\/blogs.uef.fi\/tiedonhaku-vieraatkielet\/","name":"Vieraiden kielten tiedonhaku","description":"","potentialAction":[{"@type":"SearchAction","target":{"@type":"EntryPoint","urlTemplate":"https:\/\/blogs.uef.fi\/tiedonhaku-vieraatkielet\/?s={search_term_string}"},"query-input":{"@type":"PropertyValueSpecification","valueRequired":true,"valueName":"search_term_string"}}],"inLanguage":"fi"}]}},"_links":{"self":[{"href":"https:\/\/blogs.uef.fi\/tiedonhaku-vieraatkielet\/wp-json\/wp\/v2\/pages\/1161","targetHints":{"allow":["GET"]}}],"collection":[{"href":"https:\/\/blogs.uef.fi\/tiedonhaku-vieraatkielet\/wp-json\/wp\/v2\/pages"}],"about":[{"href":"https:\/\/blogs.uef.fi\/tiedonhaku-vieraatkielet\/wp-json\/wp\/v2\/types\/page"}],"author":[{"embeddable":true,"href":"https:\/\/blogs.uef.fi\/tiedonhaku-vieraatkielet\/wp-json\/wp\/v2\/users\/129"}],"replies":[{"embeddable":true,"href":"https:\/\/blogs.uef.fi\/tiedonhaku-vieraatkielet\/wp-json\/wp\/v2\/comments?post=1161"}],"version-history":[{"count":2,"href":"https:\/\/blogs.uef.fi\/tiedonhaku-vieraatkielet\/wp-json\/wp\/v2\/pages\/1161\/revisions"}],"predecessor-version":[{"id":3054,"href":"https:\/\/blogs.uef.fi\/tiedonhaku-vieraatkielet\/wp-json\/wp\/v2\/pages\/1161\/revisions\/3054"}],"wp:attachment":[{"href":"https:\/\/blogs.uef.fi\/tiedonhaku-vieraatkielet\/wp-json\/wp\/v2\/media?parent=1161"}],"curies":[{"name":"wp","href":"https:\/\/api.w.org\/{rel}","templated":true}]}}