{"id":1087,"date":"2018-08-07T10:01:49","date_gmt":"2018-08-07T07:01:49","guid":{"rendered":"https:\/\/blogs.uef.fi\/tiedonhaku-vieraatkielet\/?page_id=1087"},"modified":"2025-08-29T10:32:14","modified_gmt":"2025-08-29T07:32:14","slug":"hakujen-tallentaminen","status":"publish","type":"page","link":"https:\/\/blogs.uef.fi\/tiedonhaku-vieraatkielet\/hakutuloksen-arviointi\/hakujen-tallentaminen\/","title":{"rendered":"Hakujen ja hakutulosten tallentaminen auttaa"},"content":{"rendered":"\n<p>Tietokannoissa voit tallentaa omat hakusi ja valitsemasi hakutulokset. N\u00e4in sinun ei tarvitse mietti\u00e4, kuinka hyv\u00e4 haku menik\u00e4\u00e4n, vaan voit palata siihen uudelleen pitk\u00e4nkin ajan kuluttua. Jotta tekem\u00e4ns\u00e4 haun ja sen tuloksia saa talteen, pit\u00e4\u00e4 tietokantoihin kirjautua. Omassa UEF-Primossa se on helppoa: kirjaudu ensin sis\u00e4\u00e4n ruudun oikeasta yl\u00e4kulmasta omalla UEF-tunnuksellasi &#8211; sill\u00e4 samalla, mill\u00e4 kirjaudut my\u00f6s Peppiin ja Moodleen. Tee hakuja normaalisti. UEF-Primo tarjoaa sinulle mahdollisuuden tallentaa hakujasi:<\/p>\n\n\n\n<figure class=\"wp-block-image\"><img loading=\"lazy\" decoding=\"async\" width=\"1080\" height=\"690\" src=\"https:\/\/blogs.uef.fi\/tiedonhaku-vieraatkielet\/wp-content\/uploads\/sites\/63\/2020\/03\/tallenna_haku.jpg\" alt=\"UEF-Primossa hakuja voi tallentaa napilla &quot;tallenna haku&quot;.\" class=\"wp-image-1437\" srcset=\"https:\/\/blogs.uef.fi\/tiedonhaku-vieraatkielet\/wp-content\/uploads\/sites\/63\/2020\/03\/tallenna_haku.jpg 1080w, https:\/\/blogs.uef.fi\/tiedonhaku-vieraatkielet\/wp-content\/uploads\/sites\/63\/2020\/03\/tallenna_haku-300x192.jpg 300w, https:\/\/blogs.uef.fi\/tiedonhaku-vieraatkielet\/wp-content\/uploads\/sites\/63\/2020\/03\/tallenna_haku-1024x654.jpg 1024w, https:\/\/blogs.uef.fi\/tiedonhaku-vieraatkielet\/wp-content\/uploads\/sites\/63\/2020\/03\/tallenna_haku-768x491.jpg 768w\" sizes=\"auto, (max-width: 1080px) 100vw, 1080px\" \/><\/figure>\n\n\n\n<p>Jatkossa l\u00f6yd\u00e4t tallentamasi haut yl\u00e4laidan nuppineula-kuvakkeesta tai oman nimesi alta, kun kirjaudut sis\u00e4\u00e4n UEF-Primoon. Hakutuloksia saat talteen painamalla tuloksen vieress\u00e4 olevaa nuppineulakuvaketta. Hakutuloksille voi antaa tunnisteita eli tageja, jotka ovat kuin pieni\u00e4 kansioita, joissa tallentamasi viitteet pysyv\u00e4t j\u00e4rjestyksess\u00e4.<\/p>\n\n\n\n<p><\/p>\n\n\n\n<p>VINKKI: Kansalliseen Finnaan (finna.fi) kirjaudutaan k\u00e4ytt\u00e4m\u00e4ll\u00e4 vaihtoehtoa &#8221;Korkeakoulun HAKA-tunnuksella&#8221;. HAKA-tunnus on sama kuin k\u00e4yt\u00f6ss\u00e4si oleva UEF-tunnus. Kun olet kirjautunut, voit tallentaa omia hakujasi ja hakutuloksia my\u00f6hemp\u00e4\u00e4 k\u00e4ytt\u00f6\u00e4 varten.<\/p>\n\n\n\n<p>Jos haluat tallentaa hakujasi kansainv\u00e4lisiin tietokantoihin, tulee niihin luoda oma k\u00e4ytt\u00e4j\u00e4tili.<\/p>\n\n\n\n<p>(p\u00e4ivitetty 8\/2025)<\/p>\n\n\n\n<p>Siirry seuraavaan osioon <a href=\"https:\/\/blogs.uef.fi\/tiedonhaku-vieraatkielet\/hakutuloksen-arviointi\/zotero-auttaa-viitteidenhallinnassa\/\">Zotero auttaa viitteidenhallinnassa<\/a><\/p>\n","protected":false},"excerpt":{"rendered":"<p>Tietokannoissa voit tallentaa omat hakusi ja valitsemasi hakutulokset. N\u00e4in sinun ei tarvitse mietti\u00e4, kuinka hyv\u00e4 haku menik\u00e4\u00e4n, vaan voit palata siihen uudelleen pitk\u00e4nkin ajan kuluttua. Jotta tekem\u00e4ns\u00e4 haun ja sen tuloksia saa talteen, pit\u00e4\u00e4 tietokantoihin kirjautua. Omassa UEF-Primossa se on helppoa: kirjaudu ensin sis\u00e4\u00e4n ruudun oikeasta yl\u00e4kulmasta omalla UEF-tunnuksellasi &#8211; sill\u00e4 samalla, mill\u00e4 kirjaudut my\u00f6s [&hellip;]<\/p>\n","protected":false},"author":129,"featured_media":0,"parent":77,"menu_order":0,"comment_status":"closed","ping_status":"closed","template":"","meta":{"_acf_changed":false,"footnotes":""},"class_list":["post-1087","page","type-page","status-publish","hentry"],"acf":[],"yoast_head":"<!-- This site is optimized with the Yoast SEO plugin v27.1.1 - https:\/\/yoast.com\/product\/yoast-seo-wordpress\/ -->\n<title>Hakujen ja hakutulosten tallentaminen auttaa - Vieraiden kielten tiedonhaku<\/title>\n<meta name=\"robots\" content=\"index, follow, max-snippet:-1, max-image-preview:large, max-video-preview:-1\" \/>\n<link rel=\"canonical\" href=\"https:\/\/blogs.uef.fi\/tiedonhaku-vieraatkielet\/hakutuloksen-arviointi\/hakujen-tallentaminen\/\" \/>\n<meta property=\"og:locale\" content=\"fi_FI\" \/>\n<meta property=\"og:type\" content=\"article\" \/>\n<meta property=\"og:title\" content=\"Hakujen ja hakutulosten tallentaminen auttaa - Vieraiden kielten tiedonhaku\" \/>\n<meta property=\"og:description\" content=\"Tietokannoissa voit tallentaa omat hakusi ja valitsemasi hakutulokset. N\u00e4in sinun ei tarvitse mietti\u00e4, kuinka hyv\u00e4 haku menik\u00e4\u00e4n, vaan voit palata siihen uudelleen pitk\u00e4nkin ajan kuluttua. Jotta tekem\u00e4ns\u00e4 haun ja sen tuloksia saa talteen, pit\u00e4\u00e4 tietokantoihin kirjautua. Omassa UEF-Primossa se on helppoa: kirjaudu ensin sis\u00e4\u00e4n ruudun oikeasta yl\u00e4kulmasta omalla UEF-tunnuksellasi &#8211; sill\u00e4 samalla, mill\u00e4 kirjaudut my\u00f6s [&hellip;]\" \/>\n<meta property=\"og:url\" content=\"https:\/\/blogs.uef.fi\/tiedonhaku-vieraatkielet\/hakutuloksen-arviointi\/hakujen-tallentaminen\/\" \/>\n<meta property=\"og:site_name\" content=\"Vieraiden kielten tiedonhaku\" \/>\n<meta property=\"article:modified_time\" content=\"2025-08-29T07:32:14+00:00\" \/>\n<meta property=\"og:image\" content=\"https:\/\/blogs.uef.fi\/tiedonhaku-vieraatkielet\/wp-content\/uploads\/sites\/63\/2020\/03\/tallenna_haku.jpg\" \/>\n\t<meta property=\"og:image:width\" content=\"1080\" \/>\n\t<meta property=\"og:image:height\" content=\"690\" \/>\n\t<meta property=\"og:image:type\" content=\"image\/jpeg\" \/>\n<meta name=\"twitter:card\" content=\"summary_large_image\" \/>\n<meta name=\"twitter:label1\" content=\"Arvioitu lukuaika\" \/>\n\t<meta name=\"twitter:data1\" content=\"2 minuuttia\" \/>\n<script type=\"application\/ld+json\" class=\"yoast-schema-graph\">{\"@context\":\"https:\/\/schema.org\",\"@graph\":[{\"@type\":\"WebPage\",\"@id\":\"https:\/\/blogs.uef.fi\/tiedonhaku-vieraatkielet\/hakutuloksen-arviointi\/hakujen-tallentaminen\/\",\"url\":\"https:\/\/blogs.uef.fi\/tiedonhaku-vieraatkielet\/hakutuloksen-arviointi\/hakujen-tallentaminen\/\",\"name\":\"Hakujen ja hakutulosten tallentaminen auttaa - Vieraiden kielten tiedonhaku\",\"isPartOf\":{\"@id\":\"https:\/\/blogs.uef.fi\/tiedonhaku-vieraatkielet\/#website\"},\"primaryImageOfPage\":{\"@id\":\"https:\/\/blogs.uef.fi\/tiedonhaku-vieraatkielet\/hakutuloksen-arviointi\/hakujen-tallentaminen\/#primaryimage\"},\"image\":{\"@id\":\"https:\/\/blogs.uef.fi\/tiedonhaku-vieraatkielet\/hakutuloksen-arviointi\/hakujen-tallentaminen\/#primaryimage\"},\"thumbnailUrl\":\"https:\/\/blogs.uef.fi\/tiedonhaku-vieraatkielet\/wp-content\/uploads\/sites\/63\/2020\/03\/tallenna_haku.jpg\",\"datePublished\":\"2018-08-07T07:01:49+00:00\",\"dateModified\":\"2025-08-29T07:32:14+00:00\",\"breadcrumb\":{\"@id\":\"https:\/\/blogs.uef.fi\/tiedonhaku-vieraatkielet\/hakutuloksen-arviointi\/hakujen-tallentaminen\/#breadcrumb\"},\"inLanguage\":\"fi\",\"potentialAction\":[{\"@type\":\"ReadAction\",\"target\":[\"https:\/\/blogs.uef.fi\/tiedonhaku-vieraatkielet\/hakutuloksen-arviointi\/hakujen-tallentaminen\/\"]}]},{\"@type\":\"ImageObject\",\"inLanguage\":\"fi\",\"@id\":\"https:\/\/blogs.uef.fi\/tiedonhaku-vieraatkielet\/hakutuloksen-arviointi\/hakujen-tallentaminen\/#primaryimage\",\"url\":\"https:\/\/blogs.uef.fi\/tiedonhaku-vieraatkielet\/wp-content\/uploads\/sites\/63\/2020\/03\/tallenna_haku.jpg\",\"contentUrl\":\"https:\/\/blogs.uef.fi\/tiedonhaku-vieraatkielet\/wp-content\/uploads\/sites\/63\/2020\/03\/tallenna_haku.jpg\",\"width\":1080,\"height\":690},{\"@type\":\"BreadcrumbList\",\"@id\":\"https:\/\/blogs.uef.fi\/tiedonhaku-vieraatkielet\/hakutuloksen-arviointi\/hakujen-tallentaminen\/#breadcrumb\",\"itemListElement\":[{\"@type\":\"ListItem\",\"position\":1,\"name\":\"Home\",\"item\":\"https:\/\/blogs.uef.fi\/tiedonhaku-vieraatkielet\/\"},{\"@type\":\"ListItem\",\"position\":2,\"name\":\"Hakutulokset\",\"item\":\"https:\/\/blogs.uef.fi\/tiedonhaku-vieraatkielet\/hakutuloksen-arviointi\/\"},{\"@type\":\"ListItem\",\"position\":3,\"name\":\"Hakujen ja hakutulosten tallentaminen auttaa\"}]},{\"@type\":\"WebSite\",\"@id\":\"https:\/\/blogs.uef.fi\/tiedonhaku-vieraatkielet\/#website\",\"url\":\"https:\/\/blogs.uef.fi\/tiedonhaku-vieraatkielet\/\",\"name\":\"Vieraiden kielten tiedonhaku\",\"description\":\"\",\"potentialAction\":[{\"@type\":\"SearchAction\",\"target\":{\"@type\":\"EntryPoint\",\"urlTemplate\":\"https:\/\/blogs.uef.fi\/tiedonhaku-vieraatkielet\/?s={search_term_string}\"},\"query-input\":{\"@type\":\"PropertyValueSpecification\",\"valueRequired\":true,\"valueName\":\"search_term_string\"}}],\"inLanguage\":\"fi\"}]}<\/script>\n<!-- \/ Yoast SEO plugin. -->","yoast_head_json":{"title":"Hakujen ja hakutulosten tallentaminen auttaa - Vieraiden kielten tiedonhaku","robots":{"index":"index","follow":"follow","max-snippet":"max-snippet:-1","max-image-preview":"max-image-preview:large","max-video-preview":"max-video-preview:-1"},"canonical":"https:\/\/blogs.uef.fi\/tiedonhaku-vieraatkielet\/hakutuloksen-arviointi\/hakujen-tallentaminen\/","og_locale":"fi_FI","og_type":"article","og_title":"Hakujen ja hakutulosten tallentaminen auttaa - Vieraiden kielten tiedonhaku","og_description":"Tietokannoissa voit tallentaa omat hakusi ja valitsemasi hakutulokset. N\u00e4in sinun ei tarvitse mietti\u00e4, kuinka hyv\u00e4 haku menik\u00e4\u00e4n, vaan voit palata siihen uudelleen pitk\u00e4nkin ajan kuluttua. Jotta tekem\u00e4ns\u00e4 haun ja sen tuloksia saa talteen, pit\u00e4\u00e4 tietokantoihin kirjautua. Omassa UEF-Primossa se on helppoa: kirjaudu ensin sis\u00e4\u00e4n ruudun oikeasta yl\u00e4kulmasta omalla UEF-tunnuksellasi &#8211; sill\u00e4 samalla, mill\u00e4 kirjaudut my\u00f6s [&hellip;]","og_url":"https:\/\/blogs.uef.fi\/tiedonhaku-vieraatkielet\/hakutuloksen-arviointi\/hakujen-tallentaminen\/","og_site_name":"Vieraiden kielten tiedonhaku","article_modified_time":"2025-08-29T07:32:14+00:00","og_image":[{"width":1080,"height":690,"url":"https:\/\/blogs.uef.fi\/tiedonhaku-vieraatkielet\/wp-content\/uploads\/sites\/63\/2020\/03\/tallenna_haku.jpg","type":"image\/jpeg"}],"twitter_card":"summary_large_image","twitter_misc":{"Arvioitu lukuaika":"2 minuuttia"},"schema":{"@context":"https:\/\/schema.org","@graph":[{"@type":"WebPage","@id":"https:\/\/blogs.uef.fi\/tiedonhaku-vieraatkielet\/hakutuloksen-arviointi\/hakujen-tallentaminen\/","url":"https:\/\/blogs.uef.fi\/tiedonhaku-vieraatkielet\/hakutuloksen-arviointi\/hakujen-tallentaminen\/","name":"Hakujen ja hakutulosten tallentaminen auttaa - Vieraiden kielten tiedonhaku","isPartOf":{"@id":"https:\/\/blogs.uef.fi\/tiedonhaku-vieraatkielet\/#website"},"primaryImageOfPage":{"@id":"https:\/\/blogs.uef.fi\/tiedonhaku-vieraatkielet\/hakutuloksen-arviointi\/hakujen-tallentaminen\/#primaryimage"},"image":{"@id":"https:\/\/blogs.uef.fi\/tiedonhaku-vieraatkielet\/hakutuloksen-arviointi\/hakujen-tallentaminen\/#primaryimage"},"thumbnailUrl":"https:\/\/blogs.uef.fi\/tiedonhaku-vieraatkielet\/wp-content\/uploads\/sites\/63\/2020\/03\/tallenna_haku.jpg","datePublished":"2018-08-07T07:01:49+00:00","dateModified":"2025-08-29T07:32:14+00:00","breadcrumb":{"@id":"https:\/\/blogs.uef.fi\/tiedonhaku-vieraatkielet\/hakutuloksen-arviointi\/hakujen-tallentaminen\/#breadcrumb"},"inLanguage":"fi","potentialAction":[{"@type":"ReadAction","target":["https:\/\/blogs.uef.fi\/tiedonhaku-vieraatkielet\/hakutuloksen-arviointi\/hakujen-tallentaminen\/"]}]},{"@type":"ImageObject","inLanguage":"fi","@id":"https:\/\/blogs.uef.fi\/tiedonhaku-vieraatkielet\/hakutuloksen-arviointi\/hakujen-tallentaminen\/#primaryimage","url":"https:\/\/blogs.uef.fi\/tiedonhaku-vieraatkielet\/wp-content\/uploads\/sites\/63\/2020\/03\/tallenna_haku.jpg","contentUrl":"https:\/\/blogs.uef.fi\/tiedonhaku-vieraatkielet\/wp-content\/uploads\/sites\/63\/2020\/03\/tallenna_haku.jpg","width":1080,"height":690},{"@type":"BreadcrumbList","@id":"https:\/\/blogs.uef.fi\/tiedonhaku-vieraatkielet\/hakutuloksen-arviointi\/hakujen-tallentaminen\/#breadcrumb","itemListElement":[{"@type":"ListItem","position":1,"name":"Home","item":"https:\/\/blogs.uef.fi\/tiedonhaku-vieraatkielet\/"},{"@type":"ListItem","position":2,"name":"Hakutulokset","item":"https:\/\/blogs.uef.fi\/tiedonhaku-vieraatkielet\/hakutuloksen-arviointi\/"},{"@type":"ListItem","position":3,"name":"Hakujen ja hakutulosten tallentaminen auttaa"}]},{"@type":"WebSite","@id":"https:\/\/blogs.uef.fi\/tiedonhaku-vieraatkielet\/#website","url":"https:\/\/blogs.uef.fi\/tiedonhaku-vieraatkielet\/","name":"Vieraiden kielten tiedonhaku","description":"","potentialAction":[{"@type":"SearchAction","target":{"@type":"EntryPoint","urlTemplate":"https:\/\/blogs.uef.fi\/tiedonhaku-vieraatkielet\/?s={search_term_string}"},"query-input":{"@type":"PropertyValueSpecification","valueRequired":true,"valueName":"search_term_string"}}],"inLanguage":"fi"}]}},"_links":{"self":[{"href":"https:\/\/blogs.uef.fi\/tiedonhaku-vieraatkielet\/wp-json\/wp\/v2\/pages\/1087","targetHints":{"allow":["GET"]}}],"collection":[{"href":"https:\/\/blogs.uef.fi\/tiedonhaku-vieraatkielet\/wp-json\/wp\/v2\/pages"}],"about":[{"href":"https:\/\/blogs.uef.fi\/tiedonhaku-vieraatkielet\/wp-json\/wp\/v2\/types\/page"}],"author":[{"embeddable":true,"href":"https:\/\/blogs.uef.fi\/tiedonhaku-vieraatkielet\/wp-json\/wp\/v2\/users\/129"}],"replies":[{"embeddable":true,"href":"https:\/\/blogs.uef.fi\/tiedonhaku-vieraatkielet\/wp-json\/wp\/v2\/comments?post=1087"}],"version-history":[{"count":2,"href":"https:\/\/blogs.uef.fi\/tiedonhaku-vieraatkielet\/wp-json\/wp\/v2\/pages\/1087\/revisions"}],"predecessor-version":[{"id":3052,"href":"https:\/\/blogs.uef.fi\/tiedonhaku-vieraatkielet\/wp-json\/wp\/v2\/pages\/1087\/revisions\/3052"}],"up":[{"embeddable":true,"href":"https:\/\/blogs.uef.fi\/tiedonhaku-vieraatkielet\/wp-json\/wp\/v2\/pages\/77"}],"wp:attachment":[{"href":"https:\/\/blogs.uef.fi\/tiedonhaku-vieraatkielet\/wp-json\/wp\/v2\/media?parent=1087"}],"curies":[{"name":"wp","href":"https:\/\/api.w.org\/{rel}","templated":true}]}}