{"id":3089,"date":"2025-08-22T09:25:22","date_gmt":"2025-08-22T07:25:22","guid":{"rendered":"https:\/\/blogs.uef.fi\/tiedonhaku-terveydenedistaminen-uudellapohjalla\/?page_id=3089"},"modified":"2026-01-05T12:52:20","modified_gmt":"2026-01-05T10:52:20","slug":"hakutulokset","status":"publish","type":"page","link":"https:\/\/blogs.uef.fi\/tiedonhaku-terveydenedistaminen\/hakutulokset\/","title":{"rendered":"Hakutulokset"},"content":{"rendered":"\t<div id=\"accordion-block_8f72dd11e4742641ea6c4cd3db6ac6b9\" class=\"accordions\">\n\t\t\t\t\t<div class=\"accordion accordion-js\">\n\t\t\t\t<button class=\"accordion__button\" aria-controls=\"content-7829\" aria-expanded=\"false\" id=\"accordion-control-7829\">\n\t\t\t\t\t<h3 class=\"accordion__heading\" >\n\t\t\t\t\t\tLiikaa vai liian v\u00e4h\u00e4n tuloksia? Mik\u00e4 on sopiva m\u00e4\u00e4r\u00e4?\t\t\t\t\t<\/h3>\n\t\t\t\t<\/button>\n\t\t\t\t<div class=\"accordion__content\" role=\"region\" aria-labelledby=\"accordion-control-7829\" aria-hidden=\"true\" id=\"content-7829\">\n\t\t\t\t\t<p><strong>Hakutulosten arviointi<\/strong> on oleellinen osa tieteellist\u00e4 tiedonhankintaa. Onnittelen, jos olet saanut hakutulokseksi sopivan m\u00e4\u00e4r\u00e4n aihettasi koskevia relevantteja tiedonl\u00e4hteit\u00e4. Hyv\u00e4! Sitten vain ty\u00f6st\u00e4m\u00e4\u00e4n asiaa eteenp\u00e4in.<\/p>\n<p><strong>Aiherelevanssi<\/strong><\/p>\n<p>Tiedonhaku onnistuu k\u00e4yt\u00e4nn\u00f6ss\u00e4 harvoin ensimm\u00e4isell\u00e4 yrityksell\u00e4, vaikka hakulause paperilla n\u00e4ytt\u00e4isi hyvinkin toimivalta. Jos haku ei toimi oletetulla tavalla &#8211; liikaa, liian v\u00e4h\u00e4n, ei haettua asiaa, muokkaa hakua uudelleen. Vain kokeilemalla hakua ja silm\u00e4ilem\u00e4ll\u00e4 tuloksia voi tiet\u00e4\u00e4, vastaako tiedonhaku tarvetta vai onko hakua muokattava.<\/p>\n<p>Hakutuloksen (suuri) <strong>koko ei kerro onnistuneesta tiedonhausta<\/strong>, vaan olennaista on se, ett\u00e4 l\u00f6ytyneet <strong>hakutulokset vastaavat omaa tiedontarvettasi<\/strong>.<\/p>\n<p>Hakutulokset esitet\u00e4\u00e4n tietokannoissa yleisimmin julkaisuajan tai relevanssin mukaisessa j\u00e4rjestyksess\u00e4. Relevanssin eli osuvuuden mukaan j\u00e4rjestetyss\u00e4 hakutuloksessa listan k\u00e4rkeen nousevat ne julkaisut, jotka vastaavat parhaiten k\u00e4ytt\u00e4mi\u00e4si hakusanoja.\u00a0Relevanssij\u00e4rjestys auttaa l\u00f6yt\u00e4m\u00e4\u00e4n osuvimpia tuloksia erityisesti silloin, kun hakutulosten m\u00e4\u00e4r\u00e4 on suuri. Sen sijaan jos etsit tuoreinta tietoa, listaa tulokset julkaisuj\u00e4rjestykseen.<\/p>\n<p>Kannattaa k\u00e4yd\u00e4 hakutulosta l\u00e4pi silm\u00e4ilem\u00e4ll\u00e4 ensin otsikoita. Hyv\u00e4noloisesta viitteest\u00e4 voi katsoa tarkemmin kuvailussa k\u00e4ytetyt termit ja mahdolliset asiasanat, jotka auttavat my\u00f6s arvioimaan l\u00f6ydettyj\u00e4 tuloksia. Jos hakua on tarpeen muokata, n\u00e4ist\u00e4 voi l\u00f6yty\u00e4 apua uusien hakutermien mietint\u00e4\u00e4n.<\/p>\n<p><strong>Hakutulokseen tulee aina my\u00f6s v\u00e4\u00e4r\u00e4\u00e4 asiaa<\/strong>. Mit\u00e4 yleisempi\u00e4 ja monimerkityksellisempi\u00e4 hakusanasi ovat, sen varmemmin (esim. health, management\u2026). Samoja sanoja voidaan my\u00f6s k\u00e4ytt\u00e4\u00e4 eri tieteenaloilla eri merkityksiss\u00e4 (esim. personnel management, pain management). Tietokantahaut ovat sik\u00e4li mekaanisia, ett\u00e4 hakuohjelma ei ymm\u00e4rr\u00e4 sanojen merkityst\u00e4 vaan se etsii pelkki\u00e4 merkkijonoa t\u00e4sm\u00e4lleen annetussa muodossa.<\/p>\n<h5>Jos hakutuloksia on liikaa<\/h5>\n<ul>\n<li>Varmista, ett\u00e4 olet yhdist\u00e4nyt hakusanasi loogisesti oikein.<\/li>\n<li>Mieti, ovatko hakusanasi liian yleisi\u00e4. Kokeile t\u00e4sm\u00e4llisempi\u00e4 hakusanoja.<\/li>\n<li>Yhdist\u00e4 yksitt\u00e4iset sanat fraaseiksi lainausmerkkien avulla.<\/li>\n<li>Jos katkaisit hakusanan, hae ilman katkaisua.<\/li>\n<li>Lis\u00e4\u00e4 hakuun AND-komennolla aihetta tarkentavia sanoja.<\/li>\n<li>V\u00e4henn\u00e4 OR-vaihtoehtoja (synonyymej\u00e4 ja rinnakkaisia sanoja).<\/li>\n<li>Poista monimerkitykselliset yleistermit.<\/li>\n<li>Rajaa hakua julkaisuvuodella ja julkaisukielell\u00e4.<\/li>\n<li>Rajaa tulokset vertaisarvioituihin artikkeleihin, esim. Ebscon tietokannoissa (SportDiscus, PsycInfo, Cinahl) peer reviewed \/ Scholarly journals -rajaus.<\/li>\n<li>My\u00f6s julkaisutyyppi tai muu aiheesi kannalta sopiva rajaus tietokannasta riippuen, esim. ik\u00e4ryhm\u00e4, tieteenala tai aihealue voi t\u00e4sment\u00e4\u00e4 tulosta.<\/li>\n<li>Sulje hakutuloksissa esiintyv\u00e4 tarpeeton sana hausta pois NOT-operaattorilla. Muista kuitenkin, ett\u00e4 NOT vie kaiken, miss\u00e4 ao. sana esiintyy.<\/li>\n<li>Kohdista hakusanat pelkkiin otsikoihin ja\/tai tiivistelmiin.<\/li>\n<li>L\u00f6ytyyk\u00f6 aiheeseen asiasanoja? Kokeile hakea asiasanoilla \/ asiasanahaulla.<\/li>\n<li>Kokeile toista tietokantaa.<\/li>\n<\/ul>\n<p><strong>\u00c4l\u00e4 tee kuitenkaan (open) full text &#8211; eli kokotekstirajauksia! <\/strong>Kirjaston hankkima aineisto ei ole vapaasti verkossa, eiv\u00e4tk\u00e4 tietokantojen rajaukset tunnista kirjaston kautta avautuvia artikkeleita mainituilla rajauksilla, vaan ne j\u00e4\u00e4v\u00e4t hausta pois.<\/p>\n<h5>Jos hakutuloksia on liian v\u00e4h\u00e4n<\/h5>\n<ul>\n<li>Oletko hakenut liian suppealla sanalla? Mieti mihin laajempaan aihealueeseen ongelmasi kuuluu ja k\u00e4yt\u00e4 laajempaa hakutermi\u00e4.<\/li>\n<li>V\u00e4henn\u00e4 AND-kytk\u00f6ksi\u00e4.<\/li>\n<li>Hae suomenkielisist\u00e4 tietokannoista my\u00f6s englanninkielisill\u00e4 hakusanoilla.<\/li>\n<li>Silm\u00e4ile hakutuloksista potentiaalisia uusia hakusanoja. L\u00f6ysitk\u00f6 edes yhden hyv\u00e4n t\u00e4ysosuman? Katso ao. viitteen kuvailutermit \/ asiasanat, onko siell\u00e4 joku uusi termi, jota voisi kokeilla? Silm\u00e4ile my\u00f6s l\u00e4hdeluettelo l\u00e4pi.<\/li>\n<li>Lis\u00e4\u00e4 hakusanoillesi synonyymeja ja rinnakkaistermej\u00e4 (OR-kytk\u00f6ksi\u00e4).<\/li>\n<li>Kokeile hakea yhdyssanaa ilman lainausmerkkej\u00e4.<\/li>\n<li>K\u00e4yt\u00e4 vapaasanahakua, jos olet k\u00e4ytt\u00e4nyt asiasanahakua (tai muuta kentt\u00e4rajausta).<\/li>\n<li>Kokeile hakusanan katkaisua, esim. suomalainen Medic-tietokanta huomioi katkaisun avulla eri taivutusmuodot hakuun mukaan.<\/li>\n<li>Tarkista, ett\u00e4 haussa on kaikki julkaisutyypit mukana (esim. PubMed haussa rajaus RCT-tutkimuksiin pienent\u00e4\u00e4 hakutulosta).<\/li>\n<li>Laajenna julkaisuvuotta, jos se vai aiheeseesi sopii.<\/li>\n<li>Varmista, ett\u00e4 k\u00e4ytt\u00e4m\u00e4si tietokanta on sopiva aiheeseesi.<\/li>\n<li>Kokeile toista tietokantaa, haku yhdest\u00e4 ei v\u00e4ltt\u00e4m\u00e4tt\u00e4 riit\u00e4.<\/li>\n<li>Korjaa mahdolliset kirjoitusvirheet ja tarkista kirjoitusmuodot (yhteen vai erikseen, lyhenteet yms.) Lyhenteet kannattaa useimmiten kirjoittaa auki lainausmerkkej\u00e4 k\u00e4ytt\u00e4en.<\/li>\n<li>Tarkista, ett\u00e4 k\u00e4ytt\u00e4m\u00e4si tietokanta on aiheesi kannalta sopiva.<\/li>\n<\/ul>\n\t\t\t\t<\/div>\n\t\t\t<\/div>\n\t\t\t\t\t<div class=\"accordion accordion-js\">\n\t\t\t\t<button class=\"accordion__button\" aria-controls=\"content-9476\" aria-expanded=\"false\" id=\"accordion-control-9476\">\n\t\t\t\t\t<h3 class=\"accordion__heading\" >\n\t\t\t\t\t\tHakutulokset talteen\t\t\t\t\t<\/h3>\n\t\t\t\t<\/button>\n\t\t\t\t<div class=\"accordion__content\" role=\"region\" aria-labelledby=\"accordion-control-9476\" aria-hidden=\"true\" id=\"content-9476\">\n\t\t\t\t\t<h5>Hakuhistoriat ja tuloslistat talteen<\/h5>\n<p>Tietokannan hakuhistoria (search history) kertoo, mit\u00e4 hakusanoja ja niiden yhdistelmi\u00e4 olet k\u00e4ytt\u00e4nyt, millaisia rajauksia ja filter\u00f6intej\u00e4 olet hakuusi tehnyt ja kuinka paljon hakutuloksia olet saanut. Ota hakuhistoria talteen tai kirjaa muuten yl\u00f6s k\u00e4ytt\u00e4m\u00e4si hakusanat ja hakulauseet, koska tulet todenn\u00e4k\u00f6isesti tarvitsemaan niit\u00e4 my\u00f6hemmin.<\/p>\n<ul>\n<li>Ota hakuhistoria talteen esim. copy-pastella tai ruutu-\/kuvakaappauksena \u2013 Snipping Tool on t\u00e4ss\u00e4 oiva apuv\u00e4line! On turha kuvitella, ett\u00e4 tehdyt haut muistaisi j\u00e4lkik\u00e4teen.<\/li>\n<li>Voit hy\u00f6dynt\u00e4\u00e4 hakuhistoriaa my\u00f6s hakutulosten vertailussa ja haun uudelleen muokkailussa.<\/li>\n<\/ul>\n<h5><strong>Hakuvahdit<\/strong><\/h5>\n<p>Moniin tietokantoihin voi luoda oma tilin, tallentaa tehtyj\u00e4 hakuja ja luoda hakuvahteja. Hakuvahtien avulla voi seurata aiheeseen liittyvi\u00e4 uusia julkaisuja.<\/p>\n<h5>Hakutuloslistan tallennus<\/h5>\n<p>Ellet ehdi k\u00e4ym\u00e4\u00e4n samalla kertaa kaikkia hakutuloksia l\u00e4pi, tallenna hakutulokset (viitteet) my\u00f6hemp\u00e4\u00e4 lukemista, arviointia ja valintaa varten. Hakutuloslistan tallennus on t\u00e4rke\u00e4\u00e4 varsinkin systemaattisia hakuja tehdess\u00e4.<\/p>\n<p><strong>V\u00e4lt\u00e4 k\u00e4sin kirjoittamista!<\/strong> Yksitt\u00e4isi\u00e4 viitteit\u00e4 voi l\u00e4hett\u00e4\u00e4 s\u00e4hk\u00f6postiin tai copy-pastettaa Wordiin, mutta suuremmat viitem\u00e4\u00e4r\u00e4t on j\u00e4rkevint\u00e4 tallentaa tiedostoksi. Voit esim. ladata ne ris-tiedostomuodossa ja vied\u00e4 viitteidenhallintaohjelmaan (esim. Zoteroon). Listan voi vied\u00e4 .ris-tiedostona my\u00f6s Covidence-ty\u00f6kaluun, jolla tehd\u00e4\u00e4n systemaattisia kirjallisuuskatsauksia.<\/p>\n<p>Hakuhistoria ei siirry tuloslistan mukana, joten ota se talteen erikseen.<\/p>\n<p>Tuloslistassa on siis viitetiedot, ei kokonaisia artikkeleita\/julkaisuja. Kun haun tulokset ovat tallessa, koko tekstin (full text) tarkistus on j\u00e4lkik\u00e4teen nopeaa.<\/p>\n\t\t\t\t<\/div>\n\t\t\t<\/div>\n\t\t\t\t\t<div class=\"accordion accordion-js\">\n\t\t\t\t<button class=\"accordion__button\" aria-controls=\"content-6254\" aria-expanded=\"false\" id=\"accordion-control-6254\">\n\t\t\t\t\t<h3 class=\"accordion__heading\" >\n\t\t\t\t\t\tL\u00e4hteiden arviointi ja valinta\t\t\t\t\t<\/h3>\n\t\t\t\t<\/button>\n\t\t\t\t<div class=\"accordion__content\" role=\"region\" aria-labelledby=\"accordion-control-6254\" aria-hidden=\"true\" id=\"content-6254\">\n\t\t\t\t\t<p>Kun hakutulos on mahdollisimman l\u00e4hell\u00e4 aihettasi ja tulosten m\u00e4\u00e4r\u00e4 tietokannassa on j\u00e4rkev\u00e4, voit alkaa k\u00e4ym\u00e4\u00e4n hakutuloksia tarkemmin l\u00e4pi. Ei kannata rynn\u00e4t\u00e4 suin p\u00e4in kokotekstien pariin, vaan karsintaa ja valintaa on hyv\u00e4 tehd\u00e4 otsikkotason ja tiivistelmien perusteella ja perehty\u00e4<span style=\"color: #000000\"> vasta sen j\u00e4lkeen tarkemmin artikkelien sis\u00e4lt\u00f6\u00f6n.\u00a0<\/span><\/p>\n<p>Hakutuloksia karsiessa kannattaa kirjata yl\u00f6s ne arviointikriteerit, joilla valitset julkaisuja jatkoon tai hylk\u00e4\u00e4t niit\u00e4 listaltasi. Jos my\u00f6hemmin her\u00e4\u00e4 ep\u00e4ilys, ett\u00e4 tulit hyl\u00e4nneeksi hy\u00f6dyllisi\u00e4kin julkaisuja listalta, sinun on helpompi l\u00f6yt\u00e4\u00e4 ne uudelleen.<\/p>\n<p>Esimerkkej\u00e4 arviointikriteereist\u00e4:<\/p>\n<ul>\n<li><strong>Relevanssi<\/strong>: Vastaako otsikko, asiasanat tai tiivistelm\u00e4 sis\u00e4ll\u00f6llisesti aihettasi tai onko julkaisu sinulle k\u00e4ytt\u00f6kelpoinen?<\/li>\n<li><strong>Tieteellisyys<\/strong>: Onko julkaisu vertaisarvioitu tai onko sen tieteellinen taso osoitettavissa muulla tavoin?<\/li>\n<li><strong>Tuoreus<\/strong>: Miten vanha julkaisu on?<\/li>\n<li><strong>Saatavuus<\/strong>: Onko julkaisu saatavilla avoimesti tai onko sen tilaus mahdollista erikseen?<\/li>\n<li><strong>Tutkimustyyppi\/-asetelma<\/strong>: Etsitk\u00f6 esimerkiksi haastattelututkimuksia, rekisteritutkimuksia vai kliinisi\u00e4 tutkimuksia? Kokeellisia vai havaintoihin perustuvia tutkimuksia? Prospektiivisia vai retrospektiivisi\u00e4, pitkitt\u00e4is- vai poikittaistutkimuksia?\n<ul>\n<li>satunnaistettu kontrollointi tutkimus (randomized controlled trial, RCT) on jo itsess\u00e4\u00e4n todella rajaava, vaikka satunnaistetut koeasetelmat ovat yleistyneetkin. L\u00e4\u00e4ketieteess\u00e4 menetelm\u00e4 on varsin k\u00e4ytetty, mutta aina RCT-asetelma ei ole realistinen, vaikkakin satunnaistettu kontrolloitu tutkimus on \/ sit\u00e4 pidet\u00e4\u00e4n parhaana mahdollisena tutkimusasetelmana.<\/li>\n<\/ul>\n<\/li>\n<\/ul>\n<p><strong>Katso my\u00f6s Tieteellinen tiedonhaku<\/strong>-osio: <strong>Ty\u00f6kaluja tiedon luotettavuuden ja tieteellisyyden arviointiin<\/strong> -otsikon alta l\u00f6yd\u00e4t lis\u00e4ksi listattuna keskeisi\u00e4 asioita, jotka auttavat l\u00e4hteiden arvioinnissa ja valinnassa.<\/p>\n\t\t\t\t<\/div>\n\t\t\t<\/div>\n\t\t\t\t\t<div class=\"accordion accordion-js\">\n\t\t\t\t<button class=\"accordion__button\" aria-controls=\"content-6871\" aria-expanded=\"false\" id=\"accordion-control-6871\">\n\t\t\t\t\t<h3 class=\"accordion__heading\" >\n\t\t\t\t\t\tSaatavuus. Aukeaako koko teksti (full text)?\t\t\t\t\t<\/h3>\n\t\t\t\t<\/button>\n\t\t\t\t<div class=\"accordion__content\" role=\"region\" aria-labelledby=\"accordion-control-6871\" aria-hidden=\"true\" id=\"content-6871\">\n\t\t\t\t\t<h5>UEF-Primo<\/h5>\n<p>Julkaisujen varsinainen sis\u00e4lt\u00f6 on tallennettu tietokantoihin pdf-muodossa ja koko teksti l\u00f6ytyy klikkaamalla hakutulosten yhteydess\u00e4 olevaa full text -painiketta tai vastaavaa. Jos koko teksti ei aukea tietokannan kautta eik\u00e4 l\u00f6ydy googlettamallakaan, tarkista aineiston saatavuus aina my\u00f6s UEF-Primosta.<\/p>\n<h5>Rinnakkaistallennukset<\/h5>\n<p>Jos artikkeliin ei p\u00e4\u00e4se k\u00e4siksi UEF-Primon kautta, on muitakin keinoja kokotekstin l\u00f6yt\u00e4miseksi vapaasti verkosta. Jotkin yliopistot ja tutkimusorganisaatiot yll\u00e4pit\u00e4v\u00e4t avoimia julkaisuarkistoja, joiden laillisuus perustuu rinnakkaistallennukseen (esimerkiksi kotimainen Julkari). Rinnakkaistallenne saattaa ilmesty\u00e4 hieman viiveell\u00e4 tai se saattaa olla lopullisen, lehdess\u00e4 julkaistun tekstin sijaan lopullinen luonnos -versio (final proof).<\/p>\n<ul>\n<li>UEF-blogi: <a href=\"https:\/\/blogs.uef.fi\/ueflibrary\/ilmaisia-artikkeleita-laillisesti-free-articles-legally\/\" target=\"_blank\" rel=\"noopener\">Ilmaisia artikkeleita laillisesti<\/a><\/li>\n<\/ul>\n<h5>Vertaisjakelu<\/h5>\n<p>Artikkelin kirjoittajilla on oikeus jakaa yksitt\u00e4isi\u00e4 artikkelikopioita vapaasti ja he voivat l\u00e4hett\u00e4v\u00e4t kopion pyydett\u00e4ess\u00e4. Kirjoittajan yhteystiedot l\u00f6ytyv\u00e4t artikkelin tiedoista ja kirjoittajaan voi ottaa yhteytt\u00e4 my\u00f6s esimerkiksi ResearchGaten kautta (palvelu vaatii kirjautumisen).<\/p>\n<p>Jos kokoteksti ei l\u00f6ydy ilmaiseksi, voi artikkelikopion tilata UEF kirjaston kaukopalvelun kautta. Se on maksullista, mutta kuitenkin edullisempaa kuin kustantajilta suoraan tilaten.<\/p>\n<h5>Lukusalikappaleet ja kaukopalvelu<\/h5>\n<p>Kaikista artikkeleista ja kirjoista ei ole saatavilla verkkoversiota. T\u00e4ll\u00f6in pit\u00e4\u00e4 etsi\u00e4 painettua julkaisua. Joitakin julkaisuja on mahdollista lukea kirjastossa tai lainata kotiin. Vanhoista artikkeleista voi tilata kopioita kirjaston kaukopalvelun kautta Varastokirjastosta.<\/p>\n<ul>\n<li><a href=\"https:\/\/www.uef.fi\/fi\/kirjasto\/asiakkaana#accordion-8591\">UEF kirjaston kaukopalvelu<\/a><\/li>\n<\/ul>\n<p>&nbsp;<\/p>\n\t\t\t\t<\/div>\n\t\t\t<\/div>\n\t\t\t\t\t<div class=\"accordion accordion-js\">\n\t\t\t\t<button class=\"accordion__button\" aria-controls=\"content-283\" aria-expanded=\"false\" id=\"accordion-control-283\">\n\t\t\t\t\t<h3 class=\"accordion__heading\" >\n\t\t\t\t\t\tL\u00e4hdeviitteet ja l\u00e4hdeluettelo\t\t\t\t\t<\/h3>\n\t\t\t\t<\/button>\n\t\t\t\t<div class=\"accordion__content\" role=\"region\" aria-labelledby=\"accordion-control-283\" aria-hidden=\"true\" id=\"content-283\">\n\t\t\t\t\t<p>Tieteellisess\u00e4 kirjoittamisessa k\u00e4ytet\u00e4\u00e4n l\u00e4hteit\u00e4. L\u00e4hdeviitteiden avulla kirjoittaja osoittaa, mit\u00e4 aikaisempia teorioita, menetelmi\u00e4 ja tuloksia h\u00e4nell\u00e4 on ollut tiedossaan ja miten h\u00e4n suhteuttaa omat tuloksensa toisten tulkintoihin. Viittaus merkit\u00e4\u00e4n lainatun tekstikohdan per\u00e4\u00e4n.<\/p>\n<ul>\n<li><strong>Viittaus eli referointi<\/strong> on toisen tekij\u00e4n ajatusten esitt\u00e4mist\u00e4 omin sanoin<\/li>\n<li><strong>Lainaus eli sitaatti<\/strong> on sanasta sanaan kopioitu tekstiote<\/li>\n<li><strong>Plagiointi eli luvaton lainaaminen<\/strong> on toisen tuottaman sis\u00e4ll\u00f6n esitt\u00e4mist\u00e4 omana<\/li>\n<\/ul>\n<p>Kaikista kirjoituksessa k\u00e4ytetyist\u00e4 viitteist\u00e4 koostetaan kirjoituksen loppuun l\u00e4hdeluettelo, joka antaa lukijalle mahdollisuuden etsi\u00e4 k\u00e4ytetyt viitteet itse ja tarkistaa, pit\u00e4v\u00e4tk\u00f6 kirjoittajan tekem\u00e4t johtop\u00e4\u00e4t\u00f6kset paikkansa.<\/p>\n<p>L\u00e4hdeviitteiden merkitsemistapa vaihtelee tieteenaloittain, laitoksittain ja julkaisuittain. Kirjoittajan on aina tarkistettava, ett\u00e4 l\u00e4hdeviitteet ja l\u00e4hdeluettelo noudattavat sen yhteis\u00f6n tai julkaisun k\u00e4yt\u00e4nteit\u00e4, jolle kirjoitus on aiottu.<\/p>\n<ul>\n<li><a href=\"https:\/\/studentuef.sharepoint.com\/sites\/TEopintoyhteiso\" target=\"_blank\" rel=\"noopener\">Terveyden edist\u00e4misen opintoyhteis\u00f6<\/a> Kamussa kokoaa yhteen opiskelussa tarvitsemiasi tietoja ja ohjeita [vaatii kirjautumisen]<\/li>\n<li><!--StartFragment --><span class=\"cf0\">Yleistietoa viittausj\u00e4rjestelmist\u00e4 ja linkkej\u00e4 tarkempiin ohjeisiin: <a href=\"https:\/\/www.uef.fi\/fi\/kirjasto\/viitetietiedot-ja-viittaaminen-johdanto\">Viitetiedot ja viittaaminen<\/a><\/span><\/li>\n<\/ul>\n<h4>Viitteidenhallintaohjelmat<\/h4>\n<p>Suurten viitem\u00e4\u00e4rien py\u00f6rittely on ty\u00f6l\u00e4st\u00e4, jos niist\u00e4 yritt\u00e4\u00e4 pit\u00e4\u00e4 kirjaa ilman erillist\u00e4 sovellusta. Yleisesti k\u00e4ytettyj\u00e4 ilmaisia ohjelmia ovat Zotero ja Mendeley. Viitteidenhallintaohjelman avulla voi esimerkiksi<\/p>\n<ul>\n<li>Tallentaa eri tietokannoista tekemiesi hakujen tulokset (viitetiedot) yhteen ja samaan paikkaan ja\u00a0j\u00e4rjestell\u00e4 viitteit\u00e4 esimerkiksi tietokannan tai aiheen mukaisiin kansioihin.<\/li>\n<li>Lis\u00e4t\u00e4 viitteit\u00e4 tekstiin siten, ett\u00e4 l\u00e4hdeluettelo muodostuu ja p\u00e4ivittyy automaattisesti.<\/li>\n<li>Muotoilla viitteit\u00e4 automaattisesti vaaditun tyylin mukaan.<\/li>\n<\/ul>\n<p>Kirjasto on koonnut sivuilleen &#8221;tukipaketin&#8221; viitteidenhallintaohjelmista: <a href=\"https:\/\/www.uef.fi\/fi\/kirjasto\/lahdeviitteet#paragraph-13098\" target=\"_blank\" rel=\"noopener\">Viitteidenhallintaohjelmat (UEF-kirjasto) <\/a><\/p>\n<p>&nbsp;<\/p>\n\t\t\t\t<\/div>\n\t\t\t<\/div>\n\t\t\t<\/div>\n\t","protected":false},"excerpt":{"rendered":"","protected":false},"author":7,"featured_media":0,"parent":0,"menu_order":0,"comment_status":"closed","ping_status":"closed","template":"","meta":{"_acf_changed":false,"footnotes":""},"class_list":["post-3089","page","type-page","status-publish","hentry"],"acf":[],"yoast_head":"<!-- This site is optimized with the Yoast SEO plugin v27.3 - https:\/\/yoast.com\/product\/yoast-seo-wordpress\/ -->\n<title>Hakutulokset - Tiedonhaku - terveyden edist\u00e4minen<\/title>\n<meta name=\"robots\" content=\"index, follow, max-snippet:-1, max-image-preview:large, max-video-preview:-1\" \/>\n<link rel=\"canonical\" href=\"https:\/\/blogs.uef.fi\/tiedonhaku-terveydenedistaminen\/hakutulokset\/\" \/>\n<meta property=\"og:locale\" content=\"fi_FI\" \/>\n<meta property=\"og:type\" content=\"article\" \/>\n<meta property=\"og:title\" content=\"Hakutulokset - Tiedonhaku - terveyden edist\u00e4minen\" \/>\n<meta property=\"og:url\" content=\"https:\/\/blogs.uef.fi\/tiedonhaku-terveydenedistaminen\/hakutulokset\/\" \/>\n<meta property=\"og:site_name\" content=\"Tiedonhaku - terveyden edist\u00e4minen\" \/>\n<meta property=\"article:modified_time\" content=\"2026-01-05T10:52:20+00:00\" \/>\n<meta name=\"twitter:card\" content=\"summary_large_image\" \/>\n<script type=\"application\/ld+json\" class=\"yoast-schema-graph\">{\"@context\":\"https:\\\/\\\/schema.org\",\"@graph\":[{\"@type\":\"WebPage\",\"@id\":\"https:\\\/\\\/blogs.uef.fi\\\/tiedonhaku-terveydenedistaminen\\\/hakutulokset\\\/\",\"url\":\"https:\\\/\\\/blogs.uef.fi\\\/tiedonhaku-terveydenedistaminen\\\/hakutulokset\\\/\",\"name\":\"Hakutulokset - Tiedonhaku - terveyden edist\u00e4minen\",\"isPartOf\":{\"@id\":\"https:\\\/\\\/blogs.uef.fi\\\/tiedonhaku-terveydenedistaminen\\\/#website\"},\"datePublished\":\"2025-08-22T07:25:22+00:00\",\"dateModified\":\"2026-01-05T10:52:20+00:00\",\"breadcrumb\":{\"@id\":\"https:\\\/\\\/blogs.uef.fi\\\/tiedonhaku-terveydenedistaminen\\\/hakutulokset\\\/#breadcrumb\"},\"inLanguage\":\"fi\",\"potentialAction\":[{\"@type\":\"ReadAction\",\"target\":[\"https:\\\/\\\/blogs.uef.fi\\\/tiedonhaku-terveydenedistaminen\\\/hakutulokset\\\/\"]}]},{\"@type\":\"BreadcrumbList\",\"@id\":\"https:\\\/\\\/blogs.uef.fi\\\/tiedonhaku-terveydenedistaminen\\\/hakutulokset\\\/#breadcrumb\",\"itemListElement\":[{\"@type\":\"ListItem\",\"position\":1,\"name\":\"Home\",\"item\":\"https:\\\/\\\/blogs.uef.fi\\\/tiedonhaku-terveydenedistaminen\\\/\"},{\"@type\":\"ListItem\",\"position\":2,\"name\":\"Hakutulokset\"}]},{\"@type\":\"WebSite\",\"@id\":\"https:\\\/\\\/blogs.uef.fi\\\/tiedonhaku-terveydenedistaminen\\\/#website\",\"url\":\"https:\\\/\\\/blogs.uef.fi\\\/tiedonhaku-terveydenedistaminen\\\/\",\"name\":\"Tiedonhaku - terveyden edist\u00e4minen\",\"description\":\"\",\"potentialAction\":[{\"@type\":\"SearchAction\",\"target\":{\"@type\":\"EntryPoint\",\"urlTemplate\":\"https:\\\/\\\/blogs.uef.fi\\\/tiedonhaku-terveydenedistaminen\\\/?s={search_term_string}\"},\"query-input\":{\"@type\":\"PropertyValueSpecification\",\"valueRequired\":true,\"valueName\":\"search_term_string\"}}],\"inLanguage\":\"fi\"}]}<\/script>\n<!-- \/ Yoast SEO plugin. -->","yoast_head_json":{"title":"Hakutulokset - Tiedonhaku - terveyden edist\u00e4minen","robots":{"index":"index","follow":"follow","max-snippet":"max-snippet:-1","max-image-preview":"max-image-preview:large","max-video-preview":"max-video-preview:-1"},"canonical":"https:\/\/blogs.uef.fi\/tiedonhaku-terveydenedistaminen\/hakutulokset\/","og_locale":"fi_FI","og_type":"article","og_title":"Hakutulokset - Tiedonhaku - terveyden edist\u00e4minen","og_url":"https:\/\/blogs.uef.fi\/tiedonhaku-terveydenedistaminen\/hakutulokset\/","og_site_name":"Tiedonhaku - terveyden edist\u00e4minen","article_modified_time":"2026-01-05T10:52:20+00:00","twitter_card":"summary_large_image","schema":{"@context":"https:\/\/schema.org","@graph":[{"@type":"WebPage","@id":"https:\/\/blogs.uef.fi\/tiedonhaku-terveydenedistaminen\/hakutulokset\/","url":"https:\/\/blogs.uef.fi\/tiedonhaku-terveydenedistaminen\/hakutulokset\/","name":"Hakutulokset - Tiedonhaku - terveyden edist\u00e4minen","isPartOf":{"@id":"https:\/\/blogs.uef.fi\/tiedonhaku-terveydenedistaminen\/#website"},"datePublished":"2025-08-22T07:25:22+00:00","dateModified":"2026-01-05T10:52:20+00:00","breadcrumb":{"@id":"https:\/\/blogs.uef.fi\/tiedonhaku-terveydenedistaminen\/hakutulokset\/#breadcrumb"},"inLanguage":"fi","potentialAction":[{"@type":"ReadAction","target":["https:\/\/blogs.uef.fi\/tiedonhaku-terveydenedistaminen\/hakutulokset\/"]}]},{"@type":"BreadcrumbList","@id":"https:\/\/blogs.uef.fi\/tiedonhaku-terveydenedistaminen\/hakutulokset\/#breadcrumb","itemListElement":[{"@type":"ListItem","position":1,"name":"Home","item":"https:\/\/blogs.uef.fi\/tiedonhaku-terveydenedistaminen\/"},{"@type":"ListItem","position":2,"name":"Hakutulokset"}]},{"@type":"WebSite","@id":"https:\/\/blogs.uef.fi\/tiedonhaku-terveydenedistaminen\/#website","url":"https:\/\/blogs.uef.fi\/tiedonhaku-terveydenedistaminen\/","name":"Tiedonhaku - terveyden edist\u00e4minen","description":"","potentialAction":[{"@type":"SearchAction","target":{"@type":"EntryPoint","urlTemplate":"https:\/\/blogs.uef.fi\/tiedonhaku-terveydenedistaminen\/?s={search_term_string}"},"query-input":{"@type":"PropertyValueSpecification","valueRequired":true,"valueName":"search_term_string"}}],"inLanguage":"fi"}]}},"_links":{"self":[{"href":"https:\/\/blogs.uef.fi\/tiedonhaku-terveydenedistaminen\/wp-json\/wp\/v2\/pages\/3089","targetHints":{"allow":["GET"]}}],"collection":[{"href":"https:\/\/blogs.uef.fi\/tiedonhaku-terveydenedistaminen\/wp-json\/wp\/v2\/pages"}],"about":[{"href":"https:\/\/blogs.uef.fi\/tiedonhaku-terveydenedistaminen\/wp-json\/wp\/v2\/types\/page"}],"author":[{"embeddable":true,"href":"https:\/\/blogs.uef.fi\/tiedonhaku-terveydenedistaminen\/wp-json\/wp\/v2\/users\/7"}],"replies":[{"embeddable":true,"href":"https:\/\/blogs.uef.fi\/tiedonhaku-terveydenedistaminen\/wp-json\/wp\/v2\/comments?post=3089"}],"version-history":[{"count":1,"href":"https:\/\/blogs.uef.fi\/tiedonhaku-terveydenedistaminen\/wp-json\/wp\/v2\/pages\/3089\/revisions"}],"predecessor-version":[{"id":3304,"href":"https:\/\/blogs.uef.fi\/tiedonhaku-terveydenedistaminen\/wp-json\/wp\/v2\/pages\/3089\/revisions\/3304"}],"wp:attachment":[{"href":"https:\/\/blogs.uef.fi\/tiedonhaku-terveydenedistaminen\/wp-json\/wp\/v2\/media?parent=3089"}],"curies":[{"name":"wp","href":"https:\/\/api.w.org\/{rel}","templated":true}]}}