{"id":89,"date":"2018-06-14T15:51:28","date_gmt":"2018-06-14T12:51:28","guid":{"rendered":"https:\/\/blogs.uef.fi\/tiedonhaku-psykologia\/?page_id=89"},"modified":"2025-10-14T08:36:21","modified_gmt":"2025-10-14T05:36:21","slug":"2-1-tiedonhaun-aihe-ja-kasitteet","status":"publish","type":"page","link":"https:\/\/blogs.uef.fi\/tiedonhaku-psykologia\/2-hakutekniikka\/2-1-tiedonhaun-aihe-ja-kasitteet\/","title":{"rendered":"2.1 Tiedonhaun aihe ja k\u00e4sitteet"},"content":{"rendered":"\n<p>Hyvien hakusanojen l\u00f6yt\u00e4miseksi pit\u00e4\u00e4 ensiksi tunnistaa omasta hakuaiheesta juontuvat <strong>hakukysymykset ja keskeiset k\u00e4sitteet.<\/strong> K\u00e4sitteist\u00e4 johdetaan sitten hakusanat.<\/p>\n\n\n\n<h2 class=\"wp-block-heading\">Mieti hakukysymysten avulla mit\u00e4 tarvitset<\/h2>\n\n\n\n<p>Hakukysymysten avulla voi hahmottaa itselleen, millaisia teemoja omaan aiheeseen liittyy, samaan tapaan kuin mietit\u00e4\u00e4n tutkimuskysymyksi\u00e4. Hakukysymykset voivat olla osittain samojakin kuin tutkimuskysymykset, mutta voivat my\u00f6s poiketa niist\u00e4. Erityisesti pit\u00e4\u00e4 pysty\u00e4 erittelem\u00e4\u00e4n ne asiat, joihin vastaus voisi l\u00f6yty\u00e4 kirjallisuudesta, ei oman kokeellisen tutkimuksen kautta.<\/p>\n\n\n\n<p><strong>Hakukysymys<\/strong> (tai hakuongelma) on se kysymys\/joukko kysymyksi\u00e4, johon etsit vastausta tieteellisist\u00e4 julkaisuista, <strong>kirjallisuudesta<\/strong>.<\/p>\n\n\n\n<p>Aiheesta on sellaisenaan on helppo johtaa ensimm\u00e4inen hakukysymys, kuten kuvassa alla.<\/p>\n\n\n\n<figure class=\"wp-block-image size-full is-resized\"><img loading=\"lazy\" decoding=\"async\" width=\"844\" height=\"471\" src=\"https:\/\/blogs.uef.fi\/tiedonhaku-psykologia\/wp-content\/uploads\/sites\/69\/2021\/09\/PSYkasitteet.png\" alt=\"Teksti\u00e4. Otsikko: ty\u00f6tt\u00f6myysjaksojen merkitys el\u00e4m\u00e4nkulussa pohjoiskarjalaisten nuorten kokemana. Hakukysymys: Mik\u00e4 on ty\u00f6tt\u00f6myyden merkitys nuorten el\u00e4m\u00e4nkulussa? Ydink\u00e4sitteet: ty\u00f6tt\u00f6myys, nuoret, el\u00e4m\u00e4kulku.\" class=\"wp-image-1883\" style=\"width:600px\" srcset=\"https:\/\/blogs.uef.fi\/tiedonhaku-psykologia\/wp-content\/uploads\/sites\/69\/2021\/09\/PSYkasitteet.png 844w, https:\/\/blogs.uef.fi\/tiedonhaku-psykologia\/wp-content\/uploads\/sites\/69\/2021\/09\/PSYkasitteet-300x167.png 300w, https:\/\/blogs.uef.fi\/tiedonhaku-psykologia\/wp-content\/uploads\/sites\/69\/2021\/09\/PSYkasitteet-768x429.png 768w\" sizes=\"auto, (max-width: 844px) 100vw, 844px\" \/><\/figure>\n\n\n\n<p>Kun kyse on tutkimuksen (opinn\u00e4ytteen) tekemisest\u00e4, on n\u00e4ht\u00e4v\u00e4, millaisia <strong>muita tietoja<\/strong> tutkimuksessa voitaisiin k\u00e4ytt\u00e4\u00e4 hyv\u00e4ksi, millaiset palaset olisivat hy\u00f6dyllisi\u00e4 kokonaisuuden kannalta. <strong>Eri l\u00e4hteist\u00e4 tulevan tiedon yhdistely ja vertailu on osa tutkimusta.<\/strong><\/p>\n\n\n\n<h3 class=\"wp-block-heading\">Esimerkki hakukysymyksist\u00e4:<\/h3>\n\n\n\n<p>Aihe: Ty\u00f6tt\u00f6myysjaksojen merkitys el\u00e4m\u00e4nkulussa pohjoiskarjalaisten nuorten kokemana.<\/p>\n\n\n\n<p>Hakukysymyksi\u00e4 kirjallisuuden hankkimista varten:<\/p>\n\n\n\n<ul class=\"wp-block-list\">\n<li>Millaisia asioita liittyy <strong>nuoruuteen el\u00e4m\u00e4nkulussa<\/strong>?<\/li>\n\n\n\n<li>Mist\u00e4 <strong>nuorten<\/strong> <strong>ty\u00f6tt\u00f6myys<\/strong> johtuu?<\/li>\n\n\n\n<li>Millaisia ovat <strong>nuorten ty\u00f6tt\u00f6myysjaksot<\/strong>?<\/li>\n\n\n\n<li>Millaisia ovat <strong>ty\u00f6tt\u00f6m\u00e4t nuoret<\/strong>?<\/li>\n\n\n\n<li>Miten <strong>ty\u00f6tt\u00f6myysjaksot<\/strong> sijoittuvat <strong>nuorten<\/strong> <strong>el\u00e4m\u00e4nkulkuun<\/strong>? Ent\u00e4 yleens\u00e4?<\/li>\n\n\n\n<li>Miten <strong>nuorten ty\u00f6tt\u00f6myysjaksot<\/strong> vaikuttavat heid\u00e4n <strong>tulevaisuuteensa<\/strong>?<\/li>\n\n\n\n<li>Millaisia <strong>tunteita (nuoret)<\/strong> kokevat <strong>ty\u00f6tt\u00f6myyteen<\/strong> liittyen?<\/li>\n\n\n\n<li>Miten <strong>ty\u00f6tt\u00f6myys<\/strong> vaikuttaa <strong>toimintakykyyn<\/strong>?<\/li>\n<\/ul>\n\n\n\n<p>Kun tiedonhakua tehd\u00e4\u00e4n ja tuloksia saadaan, voi hakukysymysten avulla peilata, onko vastaukset kysymyksiin l\u00f6ydetty \u2013 hyv\u00e4t hakukysymykset ovat siis my\u00f6s hakutulosten arvioinnin ja valikoinnin v\u00e4line.<\/p>\n\n\n\n<h2 class=\"wp-block-heading\">M\u00e4\u00e4rittele k\u00e4sitteet<\/h2>\n\n\n\n<p>K\u00e4site on <strong>yksitt\u00e4inen olio tai asia, kuten ilmi\u00f6, teko, esine, tapahtuma<\/strong>. K\u00e4sitteiden avulla j\u00e4sennet\u00e4\u00e4n ja luokitellaan maailmaa.<\/p>\n\n\n\n<p><strong>K\u00e4sitteiden<\/strong> m\u00e4\u00e4rittely on olennaista sek\u00e4 tiedonhaun ett\u00e4 koko tutkimusprosessin ja kirjoittamisen kannalta.<\/p>\n\n\n\n<p>Hakukysymyksist\u00e4 esiin nousseet tiedonhaun teemat pit\u00e4\u00e4 purkaa edelleen hakuk\u00e4sitteiksi. Hakukysymysten avulla saattaa nousta esiin haettavia k\u00e4sitteit\u00e4, joita pelkk\u00e4 aiheen otsikko ei kerro. K\u00e4sitteiden m\u00e4\u00e4ritt\u00e4minen ohjaa vahvasti sit\u00e4, miten varsinaiset hakulauseet tiedonhaussa koostetaan.<\/p>\n\n\n\n<p>K\u00e4sitteit\u00e4 voi olla yksi tai useampia. Hakuaiheesta riippuen voi erottaa <strong>keskeiset k\u00e4sitteet<\/strong> sek\u00e4 niit\u00e4 t\u00e4ydent\u00e4v\u00e4t <strong>apuk\u00e4sitteet<\/strong>. <strong>Keskeiset k\u00e4sitteet ovat asian ydin, olennaisimmat ilmi\u00f6t;<\/strong> t\u00e4ydent\u00e4vill\u00e4 k\u00e4sitteill\u00e4 voidaan rajata ja m\u00e4\u00e4ritell\u00e4 hakuongelmaa tarkemmin. Vaikka l\u00e4hdett\u00e4isiin liikkeelle vain yhdest\u00e4 perusk\u00e4sitteest\u00e4, eteen voi tulla n\u00e4k\u00f6kohtia, jotka pakottavat lis\u00e4\u00e4m\u00e4\u00e4n hakuun muitakin k\u00e4sitteit\u00e4.<\/p>\n\n\n\n<p><strong>K\u00e4sitteet kannattaa m\u00e4\u00e4ritell\u00e4 aluksi hyvin pelkistettyin\u00e4. <\/strong>T\u00e4ll\u00f6in niiden yhdistely ja monipuolinen k\u00e4ytt\u00f6 ovat hakuvaiheessa helpommin hallittavissa.<\/p>\n\n\n\n<h3 class=\"wp-block-heading\">Esimerkki aiheeseen liittyvist\u00e4 k\u00e4sitteist\u00e4<\/h3>\n\n\n\n<p>Aihe: Ty\u00f6tt\u00f6myysjaksojen merkitys el\u00e4m\u00e4nkulussa pohjoiskarjalaisten nuorten kokemana.<\/p>\n\n\n\n<p>Keskeist\u00e4 aiheessa ovat ainakin <strong>el\u00e4m\u00e4nkulku, nuoret ja ty\u00f6tt\u00f6myys.<\/strong><br>Pohjoiskarjalaisuus on toissijaista, eik\u00e4 varsinkaan kaiken ty\u00f6ss\u00e4 k\u00e4ytett\u00e4v\u00e4n kirjallisuuden tarvitse k\u00e4sitell\u00e4 nimenomaan tietty\u00e4 aluetta. <strong>Merkitys ja kokeminen<\/strong> ovat apuk\u00e4sitteit\u00e4, joilla voi tarvittaessa rajata aihetta, jos muutoin ei tunnu l\u00f6ytyv\u00e4n tarpeeksi tarkkaa tietoa.<\/p>\n\n\n\n<p>Hakukysymykset tarkentavat usein k\u00e4sitteit\u00e4, yll\u00e4 olevassa esimerkiss\u00e4 esimerkiksi kokeminen ja tunteet liittyv\u00e4t samaan aihepiiriin.<\/p>\n\n\n\n<h3 class=\"wp-block-heading\">K\u00e4sitekartta<\/h3>\n\n\n\n<p>Suosittu v\u00e4line tarkasteltavien asioiden ja niiden v\u00e4listen suhteiden hahmotteluun on <strong>k\u00e4sitekartta<\/strong>.<\/p>\n\n\n\n<p>Esimerkkin\u00e4 pieni, \u00e4\u00e4rimm\u00e4isen yksinkertainen k\u00e4sitekartan alku hoitoon liittyvist\u00e4 k\u00e4sitteist\u00e4:<\/p>\n\n\n\n<figure class=\"wp-block-image size-full is-resized\"><img loading=\"lazy\" decoding=\"async\" width=\"485\" height=\"322\" src=\"https:\/\/blogs.uef.fi\/tiedonhaku-psykologia\/wp-content\/uploads\/sites\/69\/2018\/06\/hoito.png\" alt=\"Hierarkiassa hoito jakaantuu laitoshoitoon ja avohoitoon, avohoito kotihoitoon jne. \" class=\"wp-image-99\" srcset=\"https:\/\/blogs.uef.fi\/tiedonhaku-psykologia\/wp-content\/uploads\/sites\/69\/2018\/06\/hoito.png 485w, https:\/\/blogs.uef.fi\/tiedonhaku-psykologia\/wp-content\/uploads\/sites\/69\/2018\/06\/hoito-300x199.png 300w\" sizes=\"auto, (max-width: 485px) 100vw, 485px\" \/><\/figure>\n\n\n\n<h3 class=\"wp-block-heading\">Miellekartta<\/h3>\n\n\n\n<p>Ep\u00e4m\u00e4\u00e4r\u00e4isemmin asioita voi hahmotella visuaalisesti ja ideoida my\u00f6s henkil\u00f6kohtaiseen k\u00e4ytt\u00f6\u00f6n tarkoitetulla <strong>miellekartalla<\/strong> (mind map).&nbsp; Siin\u00e4 k\u00e4sitteiden suhteita ei v\u00e4ltt\u00e4m\u00e4tt\u00e4 ole m\u00e4\u00e4ritelty tarkasti, ja kartan laatija voi laatia itse omat s\u00e4\u00e4nt\u00f6ns\u00e4.<\/p>\n\n\n\n<h3 class=\"wp-block-heading\">Esimerkki miellekartasta<\/h3>\n\n\n\n<figure class=\"wp-block-image size-full is-resized\"><img loading=\"lazy\" decoding=\"async\" width=\"955\" height=\"532\" src=\"https:\/\/blogs.uef.fi\/tiedonhaku-psykologia\/wp-content\/uploads\/sites\/69\/2018\/06\/mind-map.png\" alt=\"Vapaamuotoinen hahmotelma sanoista, jotka liittyv\u00e4t min\u00e4pystyvyyteen. Lis\u00e4ksi muistiinpanoja kirjallisuuden hankintatavoista ja haastatteluaineistoista. Mainittu my\u00f6s termit: teoriaperusta, teksin kirjoitus, p\u00e4\u00e4telm\u00e4t.\" class=\"wp-image-101\" style=\"width:478px;height:266px\" srcset=\"https:\/\/blogs.uef.fi\/tiedonhaku-psykologia\/wp-content\/uploads\/sites\/69\/2018\/06\/mind-map.png 955w, https:\/\/blogs.uef.fi\/tiedonhaku-psykologia\/wp-content\/uploads\/sites\/69\/2018\/06\/mind-map-300x167.png 300w, https:\/\/blogs.uef.fi\/tiedonhaku-psykologia\/wp-content\/uploads\/sites\/69\/2018\/06\/mind-map-768x428.png 768w, https:\/\/blogs.uef.fi\/tiedonhaku-psykologia\/wp-content\/uploads\/sites\/69\/2018\/06\/mind-map-682x380.png 682w\" sizes=\"auto, (max-width: 955px) 100vw, 955px\" \/><\/figure>\n\n\n\n<p>Kaiken mieleen tulevan, aiheeseen liittyv\u00e4n merkitseminen karttaan voi auttaa aiheen j\u00e4sent\u00e4misess\u00e4, vaikka esityksen logiikka ei avautuisi kenellek\u00e4\u00e4n muulle.<\/p>\n\n\n\n<h3 class=\"wp-block-heading\">Ranskalaiset viivat<\/h3>\n\n\n\n<p>K\u00e4sitteiden hahmottelu onnistuu my\u00f6s yksinkertaisesti listaamalla niit\u00e4 <strong>ranskalaisin viivoin. <\/strong><\/p>\n\n\n\n<h2 class=\"wp-block-heading\">Tiedonhaku: kokoa, rajaa, yhdistele, vertaile<\/h2>\n\n\n\n<p><strong>1.<\/strong> Tietoa tarvitaan aina&nbsp; <strong>aiheen keskeisist\u00e4 k\u00e4sitteist\u00e4<\/strong>: k\u00e4ytetyt k\u00e4sitteet on pystytt\u00e4v\u00e4 tutkimuksessa m\u00e4\u00e4rittelem\u00e4\u00e4n yksiselitteisesti.<\/p>\n\n\n\n<p><strong>2<\/strong>. Aihetta j\u00e4sent\u00e4m\u00e4ll\u00e4 ja tutkimusongelmaa tarkentamalla hahmottuu oma ymm\u00e4rrys siit\u00e4, <strong>mit\u00e4 omalla tutkimuksella halutaan osoittaa ja mit\u00e4 asioita halutaan tiet\u00e4\u00e4.<\/strong><\/p>\n\n\n\n<p><strong>Mit\u00e4 tarkemmin pystyt rajaamaan aiheesi, sit\u00e4 helpompaa on tiedonhaku.<\/strong> Laajat, j\u00e4sentym\u00e4tt\u00f6m\u00e4t aiheet ovat hankalia haettavia.<\/p>\n\n\n\n<p>Seuraavien seikkojen pohtiminen helpottaa aiheen m\u00e4\u00e4rittely\u00e4, j\u00e4sentely\u00e4 ja rajaamista:<\/p>\n\n\n\n<ul class=\"wp-block-list\">\n<li>Mik\u00e4 on aiheeni\/teht\u00e4v\u00e4n otsikko?<\/li>\n\n\n\n<li>Mik\u00e4 on aiheen kannalta oleellista tai t\u00e4rke\u00e4\u00e4?<\/li>\n\n\n\n<li>Mihin laajempaan viitekehykseen aihe kuuluu?<\/li>\n\n\n\n<li>Mit\u00e4 suppeampia asiakokonaisuuksia aihe pit\u00e4\u00e4 sis\u00e4ll\u00e4\u00e4n?<\/li>\n\n\n\n<li>Aiheen p\u00e4\u00e4kysymykset ja mahdolliset alakysymykset<\/li>\n\n\n\n<li>Millaisesta n\u00e4k\u00f6kulmasta aihetta tarkastellaan \u2013 eri teoriat, koulukunnat, muut tieteenalat<\/li>\n\n\n\n<li>Kuka? (tekee, toimii, vaikuttaa taustalla)<\/li>\n\n\n\n<li>Kenelle? (toiminnan kohderyhm\u00e4, kehen vaikuttaa, kenelle on t\u00e4rke\u00e4) \u2013 henkil\u00f6t, ryhm\u00e4t, organisaatiot<\/li>\n\n\n\n<li>Miksi? (tarve, pakko, seuraus jostakin, mist\u00e4?)<\/li>\n\n\n\n<li>Kuinka laajasti aihetta tarkastellaan, paljonko tietoa tarvitaan<\/li>\n<\/ul>\n\n\n\n<p><strong>3.<\/strong> Tutkimukseen tarvitaan aina taustatietoja aiheesta my\u00f6s <strong>laajemmassa kontekstissa<\/strong>: mihin asiayhteyteen tai aihekokonaisuuteen aihe liittyy ja millaisia tutkimusongelmia aiheen piiriss\u00e4 on aikaisemmin k\u00e4sitelty. On t\u00e4rke\u00e4\u00e4 selvitt\u00e4\u00e4 my\u00f6s, mit\u00e4 aiheesta ei viel\u00e4 tiedet\u00e4.<\/p>\n\n\n\n<p><strong>4<\/strong>. Tietoa voi joutua hakemaan my\u00f6s <strong>tutkimusmenetelmist\u00e4, tilastomenetelmist\u00e4, aineiston k\u00e4sittelyst\u00e4<\/strong> ym.<\/p>\n\n\n\n<p class=\"has-text-align-right\">Seuraava sivu: <a href=\"https:\/\/blogs.uef.fi\/tiedonhaku-psykologia\/2-hakutekniikka\/2-2-hakusanat\/\">Hakusanat<\/a><\/p>\n","protected":false},"excerpt":{"rendered":"<p>Hyvien hakusanojen l\u00f6yt\u00e4miseksi pit\u00e4\u00e4 ensiksi tunnistaa omasta hakuaiheesta juontuvat hakukysymykset ja keskeiset k\u00e4sitteet. K\u00e4sitteist\u00e4 johdetaan sitten hakusanat. Mieti hakukysymysten avulla mit\u00e4 tarvitset Hakukysymysten avulla voi hahmottaa itselleen, millaisia teemoja omaan aiheeseen liittyy, samaan tapaan kuin mietit\u00e4\u00e4n tutkimuskysymyksi\u00e4. Hakukysymykset voivat olla osittain samojakin kuin tutkimuskysymykset, mutta voivat my\u00f6s poiketa niist\u00e4. Erityisesti pit\u00e4\u00e4 pysty\u00e4 erittelem\u00e4\u00e4n ne asiat, [&hellip;]<\/p>\n","protected":false},"author":190,"featured_media":0,"parent":85,"menu_order":0,"comment_status":"closed","ping_status":"closed","template":"","meta":{"_acf_changed":false,"footnotes":""},"class_list":["post-89","page","type-page","status-publish","hentry"],"acf":[],"yoast_head":"<!-- This site is optimized with the Yoast SEO plugin v27.1.1 - https:\/\/yoast.com\/product\/yoast-seo-wordpress\/ -->\n<title>2.1 Tiedonhaun aihe ja k\u00e4sitteet - Psykologian tiedonhaku 8020120<\/title>\n<meta name=\"robots\" content=\"index, follow, max-snippet:-1, max-image-preview:large, max-video-preview:-1\" \/>\n<link rel=\"canonical\" href=\"https:\/\/blogs.uef.fi\/tiedonhaku-psykologia\/2-hakutekniikka\/2-1-tiedonhaun-aihe-ja-kasitteet\/\" \/>\n<meta property=\"og:locale\" content=\"fi_FI\" \/>\n<meta property=\"og:type\" content=\"article\" \/>\n<meta property=\"og:title\" content=\"2.1 Tiedonhaun aihe ja k\u00e4sitteet - Psykologian tiedonhaku 8020120\" \/>\n<meta property=\"og:description\" content=\"Hyvien hakusanojen l\u00f6yt\u00e4miseksi pit\u00e4\u00e4 ensiksi tunnistaa omasta hakuaiheesta juontuvat hakukysymykset ja keskeiset k\u00e4sitteet. K\u00e4sitteist\u00e4 johdetaan sitten hakusanat. Mieti hakukysymysten avulla mit\u00e4 tarvitset Hakukysymysten avulla voi hahmottaa itselleen, millaisia teemoja omaan aiheeseen liittyy, samaan tapaan kuin mietit\u00e4\u00e4n tutkimuskysymyksi\u00e4. Hakukysymykset voivat olla osittain samojakin kuin tutkimuskysymykset, mutta voivat my\u00f6s poiketa niist\u00e4. Erityisesti pit\u00e4\u00e4 pysty\u00e4 erittelem\u00e4\u00e4n ne asiat, [&hellip;]\" \/>\n<meta property=\"og:url\" content=\"https:\/\/blogs.uef.fi\/tiedonhaku-psykologia\/2-hakutekniikka\/2-1-tiedonhaun-aihe-ja-kasitteet\/\" \/>\n<meta property=\"og:site_name\" content=\"Psykologian tiedonhaku 8020120\" \/>\n<meta property=\"article:modified_time\" content=\"2025-10-14T05:36:21+00:00\" \/>\n<meta property=\"og:image\" content=\"https:\/\/blogs.uef.fi\/tiedonhaku-psykologia\/wp-content\/uploads\/sites\/69\/2021\/09\/PSYkasitteet.png\" \/>\n\t<meta property=\"og:image:width\" content=\"844\" \/>\n\t<meta property=\"og:image:height\" content=\"471\" \/>\n\t<meta property=\"og:image:type\" content=\"image\/png\" \/>\n<meta name=\"twitter:card\" content=\"summary_large_image\" \/>\n<meta name=\"twitter:label1\" content=\"Arvioitu lukuaika\" \/>\n\t<meta name=\"twitter:data1\" content=\"5 minuuttia\" \/>\n<script type=\"application\/ld+json\" class=\"yoast-schema-graph\">{\"@context\":\"https:\/\/schema.org\",\"@graph\":[{\"@type\":\"WebPage\",\"@id\":\"https:\/\/blogs.uef.fi\/tiedonhaku-psykologia\/2-hakutekniikka\/2-1-tiedonhaun-aihe-ja-kasitteet\/\",\"url\":\"https:\/\/blogs.uef.fi\/tiedonhaku-psykologia\/2-hakutekniikka\/2-1-tiedonhaun-aihe-ja-kasitteet\/\",\"name\":\"2.1 Tiedonhaun aihe ja k\u00e4sitteet - Psykologian tiedonhaku 8020120\",\"isPartOf\":{\"@id\":\"https:\/\/blogs.uef.fi\/tiedonhaku-psykologia\/#website\"},\"primaryImageOfPage\":{\"@id\":\"https:\/\/blogs.uef.fi\/tiedonhaku-psykologia\/2-hakutekniikka\/2-1-tiedonhaun-aihe-ja-kasitteet\/#primaryimage\"},\"image\":{\"@id\":\"https:\/\/blogs.uef.fi\/tiedonhaku-psykologia\/2-hakutekniikka\/2-1-tiedonhaun-aihe-ja-kasitteet\/#primaryimage\"},\"thumbnailUrl\":\"https:\/\/blogs.uef.fi\/tiedonhaku-psykologia\/wp-content\/uploads\/sites\/69\/2021\/09\/PSYkasitteet.png\",\"datePublished\":\"2018-06-14T12:51:28+00:00\",\"dateModified\":\"2025-10-14T05:36:21+00:00\",\"breadcrumb\":{\"@id\":\"https:\/\/blogs.uef.fi\/tiedonhaku-psykologia\/2-hakutekniikka\/2-1-tiedonhaun-aihe-ja-kasitteet\/#breadcrumb\"},\"inLanguage\":\"fi\",\"potentialAction\":[{\"@type\":\"ReadAction\",\"target\":[\"https:\/\/blogs.uef.fi\/tiedonhaku-psykologia\/2-hakutekniikka\/2-1-tiedonhaun-aihe-ja-kasitteet\/\"]}]},{\"@type\":\"ImageObject\",\"inLanguage\":\"fi\",\"@id\":\"https:\/\/blogs.uef.fi\/tiedonhaku-psykologia\/2-hakutekniikka\/2-1-tiedonhaun-aihe-ja-kasitteet\/#primaryimage\",\"url\":\"https:\/\/blogs.uef.fi\/tiedonhaku-psykologia\/wp-content\/uploads\/sites\/69\/2021\/09\/PSYkasitteet.png\",\"contentUrl\":\"https:\/\/blogs.uef.fi\/tiedonhaku-psykologia\/wp-content\/uploads\/sites\/69\/2021\/09\/PSYkasitteet.png\",\"width\":844,\"height\":471},{\"@type\":\"BreadcrumbList\",\"@id\":\"https:\/\/blogs.uef.fi\/tiedonhaku-psykologia\/2-hakutekniikka\/2-1-tiedonhaun-aihe-ja-kasitteet\/#breadcrumb\",\"itemListElement\":[{\"@type\":\"ListItem\",\"position\":1,\"name\":\"Home\",\"item\":\"https:\/\/blogs.uef.fi\/tiedonhaku-psykologia\/\"},{\"@type\":\"ListItem\",\"position\":2,\"name\":\"2. Hakutekniikka\",\"item\":\"https:\/\/blogs.uef.fi\/tiedonhaku-psykologia\/2-hakutekniikka\/\"},{\"@type\":\"ListItem\",\"position\":3,\"name\":\"2.1 Tiedonhaun aihe ja k\u00e4sitteet\"}]},{\"@type\":\"WebSite\",\"@id\":\"https:\/\/blogs.uef.fi\/tiedonhaku-psykologia\/#website\",\"url\":\"https:\/\/blogs.uef.fi\/tiedonhaku-psykologia\/\",\"name\":\"Psykologian tiedonhaku 8020120\",\"description\":\"Psykologian tiedonhaku on kattava oppimateriaali tiedonhakuun psykologeille. Se sis\u00e4lt\u00e4\u00e4 yleiset tiedonhaun tekniikat sek\u00e4 psykologian tiedonl\u00e4hteet ohjeineen ja esimerkkeineen.\",\"potentialAction\":[{\"@type\":\"SearchAction\",\"target\":{\"@type\":\"EntryPoint\",\"urlTemplate\":\"https:\/\/blogs.uef.fi\/tiedonhaku-psykologia\/?s={search_term_string}\"},\"query-input\":{\"@type\":\"PropertyValueSpecification\",\"valueRequired\":true,\"valueName\":\"search_term_string\"}}],\"inLanguage\":\"fi\"}]}<\/script>\n<!-- \/ Yoast SEO plugin. -->","yoast_head_json":{"title":"2.1 Tiedonhaun aihe ja k\u00e4sitteet - Psykologian tiedonhaku 8020120","robots":{"index":"index","follow":"follow","max-snippet":"max-snippet:-1","max-image-preview":"max-image-preview:large","max-video-preview":"max-video-preview:-1"},"canonical":"https:\/\/blogs.uef.fi\/tiedonhaku-psykologia\/2-hakutekniikka\/2-1-tiedonhaun-aihe-ja-kasitteet\/","og_locale":"fi_FI","og_type":"article","og_title":"2.1 Tiedonhaun aihe ja k\u00e4sitteet - Psykologian tiedonhaku 8020120","og_description":"Hyvien hakusanojen l\u00f6yt\u00e4miseksi pit\u00e4\u00e4 ensiksi tunnistaa omasta hakuaiheesta juontuvat hakukysymykset ja keskeiset k\u00e4sitteet. K\u00e4sitteist\u00e4 johdetaan sitten hakusanat. Mieti hakukysymysten avulla mit\u00e4 tarvitset Hakukysymysten avulla voi hahmottaa itselleen, millaisia teemoja omaan aiheeseen liittyy, samaan tapaan kuin mietit\u00e4\u00e4n tutkimuskysymyksi\u00e4. Hakukysymykset voivat olla osittain samojakin kuin tutkimuskysymykset, mutta voivat my\u00f6s poiketa niist\u00e4. Erityisesti pit\u00e4\u00e4 pysty\u00e4 erittelem\u00e4\u00e4n ne asiat, [&hellip;]","og_url":"https:\/\/blogs.uef.fi\/tiedonhaku-psykologia\/2-hakutekniikka\/2-1-tiedonhaun-aihe-ja-kasitteet\/","og_site_name":"Psykologian tiedonhaku 8020120","article_modified_time":"2025-10-14T05:36:21+00:00","og_image":[{"width":844,"height":471,"url":"https:\/\/blogs.uef.fi\/tiedonhaku-psykologia\/wp-content\/uploads\/sites\/69\/2021\/09\/PSYkasitteet.png","type":"image\/png"}],"twitter_card":"summary_large_image","twitter_misc":{"Arvioitu lukuaika":"5 minuuttia"},"schema":{"@context":"https:\/\/schema.org","@graph":[{"@type":"WebPage","@id":"https:\/\/blogs.uef.fi\/tiedonhaku-psykologia\/2-hakutekniikka\/2-1-tiedonhaun-aihe-ja-kasitteet\/","url":"https:\/\/blogs.uef.fi\/tiedonhaku-psykologia\/2-hakutekniikka\/2-1-tiedonhaun-aihe-ja-kasitteet\/","name":"2.1 Tiedonhaun aihe ja k\u00e4sitteet - Psykologian tiedonhaku 8020120","isPartOf":{"@id":"https:\/\/blogs.uef.fi\/tiedonhaku-psykologia\/#website"},"primaryImageOfPage":{"@id":"https:\/\/blogs.uef.fi\/tiedonhaku-psykologia\/2-hakutekniikka\/2-1-tiedonhaun-aihe-ja-kasitteet\/#primaryimage"},"image":{"@id":"https:\/\/blogs.uef.fi\/tiedonhaku-psykologia\/2-hakutekniikka\/2-1-tiedonhaun-aihe-ja-kasitteet\/#primaryimage"},"thumbnailUrl":"https:\/\/blogs.uef.fi\/tiedonhaku-psykologia\/wp-content\/uploads\/sites\/69\/2021\/09\/PSYkasitteet.png","datePublished":"2018-06-14T12:51:28+00:00","dateModified":"2025-10-14T05:36:21+00:00","breadcrumb":{"@id":"https:\/\/blogs.uef.fi\/tiedonhaku-psykologia\/2-hakutekniikka\/2-1-tiedonhaun-aihe-ja-kasitteet\/#breadcrumb"},"inLanguage":"fi","potentialAction":[{"@type":"ReadAction","target":["https:\/\/blogs.uef.fi\/tiedonhaku-psykologia\/2-hakutekniikka\/2-1-tiedonhaun-aihe-ja-kasitteet\/"]}]},{"@type":"ImageObject","inLanguage":"fi","@id":"https:\/\/blogs.uef.fi\/tiedonhaku-psykologia\/2-hakutekniikka\/2-1-tiedonhaun-aihe-ja-kasitteet\/#primaryimage","url":"https:\/\/blogs.uef.fi\/tiedonhaku-psykologia\/wp-content\/uploads\/sites\/69\/2021\/09\/PSYkasitteet.png","contentUrl":"https:\/\/blogs.uef.fi\/tiedonhaku-psykologia\/wp-content\/uploads\/sites\/69\/2021\/09\/PSYkasitteet.png","width":844,"height":471},{"@type":"BreadcrumbList","@id":"https:\/\/blogs.uef.fi\/tiedonhaku-psykologia\/2-hakutekniikka\/2-1-tiedonhaun-aihe-ja-kasitteet\/#breadcrumb","itemListElement":[{"@type":"ListItem","position":1,"name":"Home","item":"https:\/\/blogs.uef.fi\/tiedonhaku-psykologia\/"},{"@type":"ListItem","position":2,"name":"2. Hakutekniikka","item":"https:\/\/blogs.uef.fi\/tiedonhaku-psykologia\/2-hakutekniikka\/"},{"@type":"ListItem","position":3,"name":"2.1 Tiedonhaun aihe ja k\u00e4sitteet"}]},{"@type":"WebSite","@id":"https:\/\/blogs.uef.fi\/tiedonhaku-psykologia\/#website","url":"https:\/\/blogs.uef.fi\/tiedonhaku-psykologia\/","name":"Psykologian tiedonhaku 8020120","description":"Psykologian tiedonhaku on kattava oppimateriaali tiedonhakuun psykologeille. Se sis\u00e4lt\u00e4\u00e4 yleiset tiedonhaun tekniikat sek\u00e4 psykologian tiedonl\u00e4hteet ohjeineen ja esimerkkeineen.","potentialAction":[{"@type":"SearchAction","target":{"@type":"EntryPoint","urlTemplate":"https:\/\/blogs.uef.fi\/tiedonhaku-psykologia\/?s={search_term_string}"},"query-input":{"@type":"PropertyValueSpecification","valueRequired":true,"valueName":"search_term_string"}}],"inLanguage":"fi"}]}},"_links":{"self":[{"href":"https:\/\/blogs.uef.fi\/tiedonhaku-psykologia\/wp-json\/wp\/v2\/pages\/89","targetHints":{"allow":["GET"]}}],"collection":[{"href":"https:\/\/blogs.uef.fi\/tiedonhaku-psykologia\/wp-json\/wp\/v2\/pages"}],"about":[{"href":"https:\/\/blogs.uef.fi\/tiedonhaku-psykologia\/wp-json\/wp\/v2\/types\/page"}],"author":[{"embeddable":true,"href":"https:\/\/blogs.uef.fi\/tiedonhaku-psykologia\/wp-json\/wp\/v2\/users\/190"}],"replies":[{"embeddable":true,"href":"https:\/\/blogs.uef.fi\/tiedonhaku-psykologia\/wp-json\/wp\/v2\/comments?post=89"}],"version-history":[{"count":2,"href":"https:\/\/blogs.uef.fi\/tiedonhaku-psykologia\/wp-json\/wp\/v2\/pages\/89\/revisions"}],"predecessor-version":[{"id":3541,"href":"https:\/\/blogs.uef.fi\/tiedonhaku-psykologia\/wp-json\/wp\/v2\/pages\/89\/revisions\/3541"}],"up":[{"embeddable":true,"href":"https:\/\/blogs.uef.fi\/tiedonhaku-psykologia\/wp-json\/wp\/v2\/pages\/85"}],"wp:attachment":[{"href":"https:\/\/blogs.uef.fi\/tiedonhaku-psykologia\/wp-json\/wp\/v2\/media?parent=89"}],"curies":[{"name":"wp","href":"https:\/\/api.w.org\/{rel}","templated":true}]}}