{"id":621,"date":"2018-08-20T13:44:37","date_gmt":"2018-08-20T10:44:37","guid":{"rendered":"https:\/\/blogs.uef.fi\/tiedonhaku-psykologia\/?page_id=621"},"modified":"2026-03-06T10:06:48","modified_gmt":"2026-03-06T08:06:48","slug":"tervetuloa-2","status":"publish","type":"page","link":"https:\/\/blogs.uef.fi\/tiedonhaku-psykologia\/","title":{"rendered":"Tieteellisen tiedon hakeminen"},"content":{"rendered":"\n<p style=\"font-size:17px\"><strong>PSYKOLOGIAN TIEDONHAKU<\/strong> \u2013oppimateriaali k\u00e4sittelee tekstein, esimerkein ja videoin tiedonhankintaa opiskelu- ja tutkimustarkoituksiin akateemisessa maailmassa. My\u00f6s opiskelun j\u00e4lkeen ty\u00f6el\u00e4m\u00e4ss\u00e4 hyvist\u00e4 tiedonhankintataidoista on paljon etua!<\/p>\n\n\n\n<p>T\u00e4ss\u00e4 materiaalissa tutustut:<\/p>\n\n\n\n<ul class=\"wp-block-list\">\n<li><strong>tiedonhaun periaatteisiin<\/strong> hakuaiheen analysoinnin kautta<\/li>\n\n\n\n<li><strong>keskeisiin tieteellisen tiedon l\u00e4hteisiin<\/strong><\/li>\n\n\n\n<li><strong>yleisiin tiedonhaun tekniikoihin<\/strong>, joita voit soveltaa kaikenlaisessa tiedonhaussa<\/li>\n<\/ul>\n\n\n\n<figure class=\"wp-block-image size-full\"><img loading=\"lazy\" decoding=\"async\" width=\"1004\" height=\"533\" src=\"https:\/\/blogs.uef.fi\/tiedonhaku-psykologia\/wp-content\/uploads\/sites\/69\/2022\/08\/idea.png\" alt=\"Kaaviokuva, jonka keski\u00f6ss\u00e4 tieteelliset julkaisut. Polku: oma aihe \u2013 hakusanat \u2013 hakulauseet \u2013 hakukoneet \/ tieteelliset julkaisut \u2013 tulokset \u2013 tallentaminen \u2013 k\u00e4ytt\u00f6.\" class=\"wp-image-2052\" style=\"object-fit:cover\" srcset=\"https:\/\/blogs.uef.fi\/tiedonhaku-psykologia\/wp-content\/uploads\/sites\/69\/2022\/08\/idea.png 1004w, https:\/\/blogs.uef.fi\/tiedonhaku-psykologia\/wp-content\/uploads\/sites\/69\/2022\/08\/idea-300x159.png 300w, https:\/\/blogs.uef.fi\/tiedonhaku-psykologia\/wp-content\/uploads\/sites\/69\/2022\/08\/idea-768x408.png 768w\" sizes=\"auto, (max-width: 1004px) 100vw, 1004px\" \/><figcaption class=\"wp-element-caption\"><em>Kurssin sis\u00e4lt\u00f6 tiivistettyn\u00e4<\/em>.<\/figcaption><\/figure>\n\n\n\n<p>Osa tiedonl\u00e4hteist\u00e4 on tarjolla vain yliopistoyhteis\u00f6n j\u00e4senille, mutta yh\u00e4 enemm\u00e4n tietoa on saatavilla my\u00f6s kaikille avoimista l\u00e4hteist\u00e4.<\/p>\n\n\n\n<p><strong>Tieteellisen tiedonhakinnan erityispiirteit\u00e4 ovat:<\/strong><\/p>\n\n\n\n<ul class=\"wp-block-list\">\n<li>ymm\u00e4rrys, kuinka tieteellist\u00e4 tietoa julkaistaan<\/li>\n\n\n\n<li>tiet\u00e4mys, mist\u00e4 ja miten tieteellist\u00e4 tietoa kannattaa hakea<\/li>\n\n\n\n<li>varmuus, ett\u00e4 noudattaa tiedon hy\u00f6dynt\u00e4misess\u00e4 oikeudellisia ja eettisi\u00e4 ohjeita<\/li>\n<\/ul>\n\n\n\n<p>Materiaali sis\u00e4lt\u00e4\u00e4 runsaasti kuvakaappauksia sek\u00e4 joitakin taulukoita. Siksi sit\u00e4 on suositeltavaa lukea tietokoneella, ei puhelimella.<\/p>\n\n\n\n<p>T\u00e4m\u00e4 oppimateriaali liitty UEF kirjaston kurssiin <a href=\"https:\/\/opas.peppi.uef.fi\/fi\/opintojakso\/8020120\/92139?period=2025-2026\" target=\"_blank\" rel=\"noreferrer noopener\">Psykologian tiedonhaku<\/a> (1 op). Opintojakson suorittaja: kurssiin liittyv\u00e4t teht\u00e4v\u00e4t ja ohjeet ovat <a href=\"https:\/\/elearn.uef.fi\/course\/view.php?id=12017\" target=\"_blank\" rel=\"noreferrer noopener\">eLearnissa<\/a> (linkit aukeavat uuteen v\u00e4lilehteen). Avaimen saat opettajalta kurssin alettua.<\/p>\n\n\n\n<p>Navigoi oppimateriaalissa oikean yl\u00e4kulman hampurilasvalikoista tai aloita kurssi t\u00e4st\u00e4: <\/p>\n\n\n\n<p class=\"has-text-align-left\"><a href=\"https:\/\/blogs.uef.fi\/tiedonhaku-psykologia\/1-julkaisut\/1-1-tieteellinen-julkaiseminen\/\">Tieteellinen julkaiseminen<\/a><\/p>\n\n\n\n<p><strong>Metatiedot:<\/strong><\/p>\n\n\n\n<p>T\u00e4m\u00e4 teos on lisensioitu <a href=\"http:\/\/creativecommons.org\/licenses\/by\/4.0\/\" target=\"_blank\" rel=\"noreferrer noopener\">Creative Commons Nime\u00e4 4.0. kansainv\u00e4linen -lisenssill\u00e4.<\/a><\/p>\n\n\n\n<figure class=\"wp-block-image size-large is-resized\"><img loading=\"lazy\" decoding=\"async\" width=\"1024\" height=\"361\" src=\"https:\/\/blogs.uef.fi\/tiedonhaku-psykologia\/wp-content\/uploads\/sites\/69\/2022\/02\/CC-BY_icon.svg_-1024x361.png\" alt=\"\" class=\"wp-image-1983\" style=\"width:200px\" srcset=\"https:\/\/blogs.uef.fi\/tiedonhaku-psykologia\/wp-content\/uploads\/sites\/69\/2022\/02\/CC-BY_icon.svg_-1024x361.png 1024w, https:\/\/blogs.uef.fi\/tiedonhaku-psykologia\/wp-content\/uploads\/sites\/69\/2022\/02\/CC-BY_icon.svg_-300x106.png 300w, https:\/\/blogs.uef.fi\/tiedonhaku-psykologia\/wp-content\/uploads\/sites\/69\/2022\/02\/CC-BY_icon.svg_-768x271.png 768w, https:\/\/blogs.uef.fi\/tiedonhaku-psykologia\/wp-content\/uploads\/sites\/69\/2022\/02\/CC-BY_icon.svg_.png 1200w\" sizes=\"auto, (max-width: 1024px) 100vw, 1024px\" \/><\/figure>\n\n\n\n<p><strong>Viittausohje<\/strong>: It\u00e4-Suomen yliopiston kirjasto. Psykologian tiedonhaku [verkkosivusto]. Saatavilla: https:\/\/blogs.uef.fi\/tiedonhaku-psykologia\/.<\/p>\n\n\n\n<p><strong>Kurssin tekij\u00e4<\/strong>: Laura Parikka, tietoasiantuntija It\u00e4-Suomen yliopiston kirjasto<br>Kiitokset: Merja Kauppinen ja kirjaston opetus- ja tietopalvelut<\/p>\n\n\n\n<p>P\u00e4ivitetty viimeksi: 6.3.2026.<\/p>\n\n\n\n<p><\/p>\n","protected":false},"excerpt":{"rendered":"<p>PSYKOLOGIAN TIEDONHAKU \u2013oppimateriaali k\u00e4sittelee tekstein, esimerkein ja videoin tiedonhankintaa opiskelu- ja tutkimustarkoituksiin akateemisessa maailmassa. My\u00f6s opiskelun j\u00e4lkeen ty\u00f6el\u00e4m\u00e4ss\u00e4 hyvist\u00e4 tiedonhankintataidoista on paljon etua! T\u00e4ss\u00e4 materiaalissa tutustut: Osa tiedonl\u00e4hteist\u00e4 on tarjolla vain yliopistoyhteis\u00f6n j\u00e4senille, mutta yh\u00e4 enemm\u00e4n tietoa on saatavilla my\u00f6s kaikille avoimista l\u00e4hteist\u00e4. Tieteellisen tiedonhakinnan erityispiirteit\u00e4 ovat: Materiaali sis\u00e4lt\u00e4\u00e4 runsaasti kuvakaappauksia sek\u00e4 joitakin taulukoita. Siksi [&hellip;]<\/p>\n","protected":false},"author":190,"featured_media":0,"parent":0,"menu_order":0,"comment_status":"closed","ping_status":"closed","template":"","meta":{"_acf_changed":false,"footnotes":""},"class_list":["post-621","page","type-page","status-publish","hentry"],"acf":[],"yoast_head":"<!-- This site is optimized with the Yoast SEO plugin v27.3 - https:\/\/yoast.com\/product\/yoast-seo-wordpress\/ -->\n<title>Tieteellisen tiedon hakeminen - Psykologian tiedonhaku 8020120<\/title>\n<meta name=\"robots\" content=\"index, follow, max-snippet:-1, max-image-preview:large, max-video-preview:-1\" \/>\n<link rel=\"canonical\" href=\"https:\/\/blogs.uef.fi\/tiedonhaku-psykologia\/\" \/>\n<meta property=\"og:locale\" content=\"fi_FI\" \/>\n<meta property=\"og:type\" content=\"article\" \/>\n<meta property=\"og:title\" content=\"Tieteellisen tiedon hakeminen - Psykologian tiedonhaku 8020120\" \/>\n<meta property=\"og:description\" content=\"PSYKOLOGIAN TIEDONHAKU \u2013oppimateriaali k\u00e4sittelee tekstein, esimerkein ja videoin tiedonhankintaa opiskelu- ja tutkimustarkoituksiin akateemisessa maailmassa. My\u00f6s opiskelun j\u00e4lkeen ty\u00f6el\u00e4m\u00e4ss\u00e4 hyvist\u00e4 tiedonhankintataidoista on paljon etua! T\u00e4ss\u00e4 materiaalissa tutustut: Osa tiedonl\u00e4hteist\u00e4 on tarjolla vain yliopistoyhteis\u00f6n j\u00e4senille, mutta yh\u00e4 enemm\u00e4n tietoa on saatavilla my\u00f6s kaikille avoimista l\u00e4hteist\u00e4. Tieteellisen tiedonhakinnan erityispiirteit\u00e4 ovat: Materiaali sis\u00e4lt\u00e4\u00e4 runsaasti kuvakaappauksia sek\u00e4 joitakin taulukoita. Siksi [&hellip;]\" \/>\n<meta property=\"og:url\" content=\"https:\/\/blogs.uef.fi\/tiedonhaku-psykologia\/\" \/>\n<meta property=\"og:site_name\" content=\"Psykologian tiedonhaku 8020120\" \/>\n<meta property=\"article:modified_time\" content=\"2026-03-06T08:06:48+00:00\" \/>\n<meta property=\"og:image\" content=\"https:\/\/blogs.uef.fi\/tiedonhaku-psykologia\/wp-content\/uploads\/sites\/69\/2022\/08\/idea.png\" \/>\n\t<meta property=\"og:image:width\" content=\"1004\" \/>\n\t<meta property=\"og:image:height\" content=\"533\" \/>\n\t<meta property=\"og:image:type\" content=\"image\/png\" \/>\n<meta name=\"twitter:card\" content=\"summary_large_image\" \/>\n<meta name=\"twitter:label1\" content=\"Arvioitu lukuaika\" \/>\n\t<meta name=\"twitter:data1\" content=\"2 minuuttia\" \/>\n<script type=\"application\/ld+json\" class=\"yoast-schema-graph\">{\"@context\":\"https:\\\/\\\/schema.org\",\"@graph\":[{\"@type\":\"WebPage\",\"@id\":\"https:\\\/\\\/blogs.uef.fi\\\/tiedonhaku-psykologia\\\/\",\"url\":\"https:\\\/\\\/blogs.uef.fi\\\/tiedonhaku-psykologia\\\/\",\"name\":\"Tieteellisen tiedon hakeminen - Psykologian tiedonhaku 8020120\",\"isPartOf\":{\"@id\":\"https:\\\/\\\/blogs.uef.fi\\\/tiedonhaku-psykologia\\\/#website\"},\"primaryImageOfPage\":{\"@id\":\"https:\\\/\\\/blogs.uef.fi\\\/tiedonhaku-psykologia\\\/#primaryimage\"},\"image\":{\"@id\":\"https:\\\/\\\/blogs.uef.fi\\\/tiedonhaku-psykologia\\\/#primaryimage\"},\"thumbnailUrl\":\"https:\\\/\\\/blogs.uef.fi\\\/tiedonhaku-psykologia\\\/wp-content\\\/uploads\\\/sites\\\/69\\\/2022\\\/08\\\/idea.png\",\"datePublished\":\"2018-08-20T10:44:37+00:00\",\"dateModified\":\"2026-03-06T08:06:48+00:00\",\"breadcrumb\":{\"@id\":\"https:\\\/\\\/blogs.uef.fi\\\/tiedonhaku-psykologia\\\/#breadcrumb\"},\"inLanguage\":\"fi\",\"potentialAction\":[{\"@type\":\"ReadAction\",\"target\":[\"https:\\\/\\\/blogs.uef.fi\\\/tiedonhaku-psykologia\\\/\"]}]},{\"@type\":\"ImageObject\",\"inLanguage\":\"fi\",\"@id\":\"https:\\\/\\\/blogs.uef.fi\\\/tiedonhaku-psykologia\\\/#primaryimage\",\"url\":\"https:\\\/\\\/blogs.uef.fi\\\/tiedonhaku-psykologia\\\/wp-content\\\/uploads\\\/sites\\\/69\\\/2022\\\/08\\\/idea.png\",\"contentUrl\":\"https:\\\/\\\/blogs.uef.fi\\\/tiedonhaku-psykologia\\\/wp-content\\\/uploads\\\/sites\\\/69\\\/2022\\\/08\\\/idea.png\",\"width\":1004,\"height\":533},{\"@type\":\"BreadcrumbList\",\"@id\":\"https:\\\/\\\/blogs.uef.fi\\\/tiedonhaku-psykologia\\\/#breadcrumb\",\"itemListElement\":[{\"@type\":\"ListItem\",\"position\":1,\"name\":\"Home\",\"item\":\"https:\\\/\\\/blogs.uef.fi\\\/tiedonhaku-psykologia\\\/\"},{\"@type\":\"ListItem\",\"position\":2,\"name\":\"Tieteellisen tiedon hakeminen\"}]},{\"@type\":\"WebSite\",\"@id\":\"https:\\\/\\\/blogs.uef.fi\\\/tiedonhaku-psykologia\\\/#website\",\"url\":\"https:\\\/\\\/blogs.uef.fi\\\/tiedonhaku-psykologia\\\/\",\"name\":\"Psykologian tiedonhaku 8020120\",\"description\":\"Psykologian tiedonhaku on kattava oppimateriaali tiedonhakuun psykologeille. Se sis\u00e4lt\u00e4\u00e4 yleiset tiedonhaun tekniikat sek\u00e4 psykologian tiedonl\u00e4hteet ohjeineen ja esimerkkeineen.\",\"potentialAction\":[{\"@type\":\"SearchAction\",\"target\":{\"@type\":\"EntryPoint\",\"urlTemplate\":\"https:\\\/\\\/blogs.uef.fi\\\/tiedonhaku-psykologia\\\/?s={search_term_string}\"},\"query-input\":{\"@type\":\"PropertyValueSpecification\",\"valueRequired\":true,\"valueName\":\"search_term_string\"}}],\"inLanguage\":\"fi\"}]}<\/script>\n<!-- \/ Yoast SEO plugin. -->","yoast_head_json":{"title":"Tieteellisen tiedon hakeminen - Psykologian tiedonhaku 8020120","robots":{"index":"index","follow":"follow","max-snippet":"max-snippet:-1","max-image-preview":"max-image-preview:large","max-video-preview":"max-video-preview:-1"},"canonical":"https:\/\/blogs.uef.fi\/tiedonhaku-psykologia\/","og_locale":"fi_FI","og_type":"article","og_title":"Tieteellisen tiedon hakeminen - Psykologian tiedonhaku 8020120","og_description":"PSYKOLOGIAN TIEDONHAKU \u2013oppimateriaali k\u00e4sittelee tekstein, esimerkein ja videoin tiedonhankintaa opiskelu- ja tutkimustarkoituksiin akateemisessa maailmassa. My\u00f6s opiskelun j\u00e4lkeen ty\u00f6el\u00e4m\u00e4ss\u00e4 hyvist\u00e4 tiedonhankintataidoista on paljon etua! T\u00e4ss\u00e4 materiaalissa tutustut: Osa tiedonl\u00e4hteist\u00e4 on tarjolla vain yliopistoyhteis\u00f6n j\u00e4senille, mutta yh\u00e4 enemm\u00e4n tietoa on saatavilla my\u00f6s kaikille avoimista l\u00e4hteist\u00e4. Tieteellisen tiedonhakinnan erityispiirteit\u00e4 ovat: Materiaali sis\u00e4lt\u00e4\u00e4 runsaasti kuvakaappauksia sek\u00e4 joitakin taulukoita. Siksi [&hellip;]","og_url":"https:\/\/blogs.uef.fi\/tiedonhaku-psykologia\/","og_site_name":"Psykologian tiedonhaku 8020120","article_modified_time":"2026-03-06T08:06:48+00:00","og_image":[{"width":1004,"height":533,"url":"https:\/\/blogs.uef.fi\/tiedonhaku-psykologia\/wp-content\/uploads\/sites\/69\/2022\/08\/idea.png","type":"image\/png"}],"twitter_card":"summary_large_image","twitter_misc":{"Arvioitu lukuaika":"2 minuuttia"},"schema":{"@context":"https:\/\/schema.org","@graph":[{"@type":"WebPage","@id":"https:\/\/blogs.uef.fi\/tiedonhaku-psykologia\/","url":"https:\/\/blogs.uef.fi\/tiedonhaku-psykologia\/","name":"Tieteellisen tiedon hakeminen - Psykologian tiedonhaku 8020120","isPartOf":{"@id":"https:\/\/blogs.uef.fi\/tiedonhaku-psykologia\/#website"},"primaryImageOfPage":{"@id":"https:\/\/blogs.uef.fi\/tiedonhaku-psykologia\/#primaryimage"},"image":{"@id":"https:\/\/blogs.uef.fi\/tiedonhaku-psykologia\/#primaryimage"},"thumbnailUrl":"https:\/\/blogs.uef.fi\/tiedonhaku-psykologia\/wp-content\/uploads\/sites\/69\/2022\/08\/idea.png","datePublished":"2018-08-20T10:44:37+00:00","dateModified":"2026-03-06T08:06:48+00:00","breadcrumb":{"@id":"https:\/\/blogs.uef.fi\/tiedonhaku-psykologia\/#breadcrumb"},"inLanguage":"fi","potentialAction":[{"@type":"ReadAction","target":["https:\/\/blogs.uef.fi\/tiedonhaku-psykologia\/"]}]},{"@type":"ImageObject","inLanguage":"fi","@id":"https:\/\/blogs.uef.fi\/tiedonhaku-psykologia\/#primaryimage","url":"https:\/\/blogs.uef.fi\/tiedonhaku-psykologia\/wp-content\/uploads\/sites\/69\/2022\/08\/idea.png","contentUrl":"https:\/\/blogs.uef.fi\/tiedonhaku-psykologia\/wp-content\/uploads\/sites\/69\/2022\/08\/idea.png","width":1004,"height":533},{"@type":"BreadcrumbList","@id":"https:\/\/blogs.uef.fi\/tiedonhaku-psykologia\/#breadcrumb","itemListElement":[{"@type":"ListItem","position":1,"name":"Home","item":"https:\/\/blogs.uef.fi\/tiedonhaku-psykologia\/"},{"@type":"ListItem","position":2,"name":"Tieteellisen tiedon hakeminen"}]},{"@type":"WebSite","@id":"https:\/\/blogs.uef.fi\/tiedonhaku-psykologia\/#website","url":"https:\/\/blogs.uef.fi\/tiedonhaku-psykologia\/","name":"Psykologian tiedonhaku 8020120","description":"Psykologian tiedonhaku on kattava oppimateriaali tiedonhakuun psykologeille. Se sis\u00e4lt\u00e4\u00e4 yleiset tiedonhaun tekniikat sek\u00e4 psykologian tiedonl\u00e4hteet ohjeineen ja esimerkkeineen.","potentialAction":[{"@type":"SearchAction","target":{"@type":"EntryPoint","urlTemplate":"https:\/\/blogs.uef.fi\/tiedonhaku-psykologia\/?s={search_term_string}"},"query-input":{"@type":"PropertyValueSpecification","valueRequired":true,"valueName":"search_term_string"}}],"inLanguage":"fi"}]}},"_links":{"self":[{"href":"https:\/\/blogs.uef.fi\/tiedonhaku-psykologia\/wp-json\/wp\/v2\/pages\/621","targetHints":{"allow":["GET"]}}],"collection":[{"href":"https:\/\/blogs.uef.fi\/tiedonhaku-psykologia\/wp-json\/wp\/v2\/pages"}],"about":[{"href":"https:\/\/blogs.uef.fi\/tiedonhaku-psykologia\/wp-json\/wp\/v2\/types\/page"}],"author":[{"embeddable":true,"href":"https:\/\/blogs.uef.fi\/tiedonhaku-psykologia\/wp-json\/wp\/v2\/users\/190"}],"replies":[{"embeddable":true,"href":"https:\/\/blogs.uef.fi\/tiedonhaku-psykologia\/wp-json\/wp\/v2\/comments?post=621"}],"version-history":[{"count":2,"href":"https:\/\/blogs.uef.fi\/tiedonhaku-psykologia\/wp-json\/wp\/v2\/pages\/621\/revisions"}],"predecessor-version":[{"id":3571,"href":"https:\/\/blogs.uef.fi\/tiedonhaku-psykologia\/wp-json\/wp\/v2\/pages\/621\/revisions\/3571"}],"wp:attachment":[{"href":"https:\/\/blogs.uef.fi\/tiedonhaku-psykologia\/wp-json\/wp\/v2\/media?parent=621"}],"curies":[{"name":"wp","href":"https:\/\/api.w.org\/{rel}","templated":true}]}}