{"id":61,"date":"2018-06-14T13:12:55","date_gmt":"2018-06-14T10:12:55","guid":{"rendered":"https:\/\/blogs.uef.fi\/tiedonhaku-psykologia\/?page_id=61"},"modified":"2024-07-01T15:03:44","modified_gmt":"2024-07-01T12:03:44","slug":"1-3-tieteelliset-julkaisut-eri-aloilla","status":"publish","type":"page","link":"https:\/\/blogs.uef.fi\/tiedonhaku-psykologia\/1-julkaisut\/1-3-tieteelliset-julkaisut-eri-aloilla\/","title":{"rendered":"1.3 Tieteelliseet julkaisut eri aloilla"},"content":{"rendered":"\n<p>Eri tieteenaloilla on omat perinteens\u00e4 tavassa julkaista tutkimusty\u00f6n tulokset.<\/p>\n\n\n\n<p><strong>Luonnontieteet<\/strong><\/p>\n\n\n\n<ul class=\"wp-block-list\">\n<li>Luonnontieteet edustavat tapaa, jossa tutkimukset pyrit\u00e4\u00e4n julkaisemaan tieteellisiss\u00e4 lehdiss\u00e4 artikkeleina ja kansainv\u00e4lisesti. Kansainv\u00e4linen julkaiseminen on luontevaa, koska aiheetkin ovat <a href=\"http:\/\/iopscience.iop.org\/0143-0807\/16\/4\/005\/\" target=\"_blank\" rel=\"noreferrer noopener\">universaaleja<\/a>. <\/li>\n<\/ul>\n\n\n\n<p><strong>Terveystieteet<\/strong><\/p>\n\n\n\n<ul class=\"wp-block-list\">\n<li>Terveystieteiss\u00e4 noudatetaan samaa artikkelipainotteista julkaisutapaa kuin luonnontieteiss\u00e4, joskin t\u00e4ll\u00e4 alalla on tarpeen julkaista my\u00f6s ammatillista tietoa.<\/li>\n<\/ul>\n\n\n\n<p><strong>Humanistiset tieteet<\/strong><\/p>\n\n\n\n<ul class=\"wp-block-list\">\n<li>Humanistisilla tieteenaloilla taas perinteiset kirjat sek\u00e4 kotimaisten kustantajien kautta julkaiseminen ovat tavallisempia kuin artikkelialoilla.<\/li>\n<\/ul>\n\n\n\n<p><strong>Yhteiskuntatieteet<\/strong><\/p>\n\n\n\n<ul class=\"wp-block-list\">\n<li>Yhteiskuntatiede on tavoiltaan edellisten alojen v\u00e4lilt\u00e4: julkaistaan sek\u00e4 artikkeleita, ett\u00e4 my\u00f6s kirjoja. Yhteiskuntatieteiss\u00e4 on t\u00e4rke\u00e4t\u00e4 my\u00f6s julkinen keskustelu, jota k\u00e4yd\u00e4\u00e4n mm. lehtien v\u00e4lityksell\u00e4.<\/li>\n<\/ul>\n\n\n\n<p class=\"has-medium-font-size\"><strong>Psykologia<\/strong><\/p>\n\n\n\n<ul class=\"wp-block-list\">\n<li>Vaikka psykologia lasketaan kuuluvaksi yhteiskuntatieteisin, noudattaa se julkaisemisessa pitk\u00e4lti luonnontieteellist\u00e4 tapaa ja artikkeleita julkaistaan paljon.<\/li>\n<\/ul>\n\n\n\n<figure class=\"wp-block-image size-full\"><img loading=\"lazy\" decoding=\"async\" width=\"848\" height=\"229\" src=\"https:\/\/blogs.uef.fi\/tiedonhaku-psykologia\/wp-content\/uploads\/sites\/69\/2024\/05\/PSY_julkaisut_pros_2023.png\" alt=\"\" class=\"wp-image-3297\" srcset=\"https:\/\/blogs.uef.fi\/tiedonhaku-psykologia\/wp-content\/uploads\/sites\/69\/2024\/05\/PSY_julkaisut_pros_2023.png 848w, https:\/\/blogs.uef.fi\/tiedonhaku-psykologia\/wp-content\/uploads\/sites\/69\/2024\/05\/PSY_julkaisut_pros_2023-300x81.png 300w, https:\/\/blogs.uef.fi\/tiedonhaku-psykologia\/wp-content\/uploads\/sites\/69\/2024\/05\/PSY_julkaisut_pros_2023-768x207.png 768w\" sizes=\"auto, (max-width: 848px) 100vw, 848px\" \/><figcaption class=\"wp-element-caption\"><em>Suomalaisten yliopistojen julkaisut vuonna 2023 julkaisutyypeitt\u00e4in ja aloittain, <strong>%<\/strong>. L\u00e4hde: Opetushallinnon tilastopalvelu <a href=\"https:\/\/vipunen.fi\/fi-fi\/_layouts\/15\/xlviewer.aspx?id=\/fi-fi\/Raportit\/Yliopistokoulutus%20-%20julkaisut%20-%20tieteenala.xlsb\" target=\"_blank\" rel=\"noreferrer noopener\">Vipunen<\/a>.<\/em><\/figcaption><\/figure>\n\n\n\n<p>Psykologian alan julkaisut (770 kpl) olivat 2% kaikista yliopistojen julkaisuista (41 200) Suomessa 2023.<\/p>\n\n\n\n<p><\/p>\n\n\n\n<h2 class=\"wp-block-heading\">Erot tieteenaloilla tasoittuvat<\/h2>\n\n\n\n<p>Kaikkiaan tieteenalojen erot ovat jossakin m\u00e4\u00e4rin v\u00e4hentyneet viime vuosina \u2013 <strong>artikkelityyppinen julkaiseminen on kasvussa<\/strong> kaikilla tieteenaloilla.<br><br>Samoin siirtyminen kansallisista kielist\u00e4 <strong>englannin kieleen<\/strong> on ollut merkitt\u00e4v\u00e4\u00e4.<\/p>\n\n\n\n<h2 class=\"wp-block-heading\">Kuinka paljon maailmalla julkaistaan?<\/h2>\n\n\n\n<p>Maailmalla julkaistiin vuonna 2022 <strong>noin 3,3 miljoonaa tieteellist\u00e4 artikkelia<\/strong> joko lehdiss\u00e4 tai konferenssijulkaisuissa. Julkaisujen m\u00e4\u00e4r\u00e4 on kasvanut l\u00e4hes 59 % kymmeness\u00e4 vuodessa (2012-2022). Kasvu on nopeinta kehittyviss\u00e4 maissa.<\/p>\n\n\n\n<p>Vuonna 2016 Kiina ohitti ensi kertaa Yhdysvallat julkaisujen m\u00e4\u00e4r\u00e4ss\u00e4. Muita suuria julkaisumaita ovat Intia, Saksa, Iso-Britannia ja Japani. N\u00e4m\u00e4 kuusi maata kattavat jo yli puolet kaikista julkaisuista. Suomen osuus julkaisuista on alle yhden prosentin.<\/p>\n\n\n\n<p><strong>Psykologian alan julkaisut ovat kaksi prosenttia <\/strong>kaikista julkaisuista. Eniten julkaistaan terveystieteisiin liittyvi\u00e4 artikkeleita (n. 24% kaikista).<\/p>\n\n\n\n<p class=\"has-text-align-right\"><em>L\u00e4hde:<br>National Science Board (2023). Science and engineering indicators. Publications Output: U.S. Trends and International Comparisons. <a href=\"https:\/\/ncses.nsf.gov\/pubs\/nsb202333\/publication-output-by-region-country-or-economy-and-by-scientific-field\">Publication Output by Country, Region, or Economy and Scientific Field.<\/a><br><\/em>T\u00e4m\u00e4 aineisto perustuu Scopus-tietokantaan ja siten siin\u00e4 korostuu englanninkielinen tutkimus.<\/p>\n\n\n\n<p>Tieteellisen tutkimuksen ja julkaisemisen m\u00e4\u00e4r\u00e4 on luonnollisesti yhteydess\u00e4 taloudellisiin resursseihin, eik\u00e4 suoraan v\u00e4est\u00f6m\u00e4\u00e4r\u00e4\u00e4n tai maantieteeseen.  Alla oleva kuva havainnollistaa eri maiden osuutta tieteellisess\u00e4 julkaisemisessa.<\/p>\n\n\n\n<figure class=\"wp-block-image size-full\"><img loading=\"lazy\" decoding=\"async\" width=\"1638\" height=\"816\" src=\"https:\/\/blogs.uef.fi\/tiedonhaku-psykologia\/wp-content\/uploads\/sites\/69\/2024\/01\/kartta.png\" alt=\"Maailmankartta, jossa maiden koko on suhteutettu tieteellisten julkaisujen m\u00e4\u00e4r\u00e4\u00e4n. Esimerkiksi Eurooppa on selv\u00e4sti maantieteellist\u00e4 kokoaan isompi.\" class=\"wp-image-3144\" srcset=\"https:\/\/blogs.uef.fi\/tiedonhaku-psykologia\/wp-content\/uploads\/sites\/69\/2024\/01\/kartta.png 1638w, https:\/\/blogs.uef.fi\/tiedonhaku-psykologia\/wp-content\/uploads\/sites\/69\/2024\/01\/kartta-300x149.png 300w, https:\/\/blogs.uef.fi\/tiedonhaku-psykologia\/wp-content\/uploads\/sites\/69\/2024\/01\/kartta-1024x510.png 1024w, https:\/\/blogs.uef.fi\/tiedonhaku-psykologia\/wp-content\/uploads\/sites\/69\/2024\/01\/kartta-768x383.png 768w, https:\/\/blogs.uef.fi\/tiedonhaku-psykologia\/wp-content\/uploads\/sites\/69\/2024\/01\/kartta-1536x765.png 1536w\" sizes=\"auto, (max-width: 1638px) 100vw, 1638px\" \/><figcaption class=\"wp-element-caption\"><em>Avaa alkuper\u00e4inen kuva: <a href=\"https:\/\/worldmapper.org\/maps\/science-paperspublished-2016\/?sf_action=get_data&amp;sf_data=results&amp;_sft_product_cat=science\" target=\"_blank\" rel=\"noreferrer noopener\">Science Papers Published 2016 <\/a>(worldmapper.org) CC BY-NC-SA 4.0<\/em>.<\/figcaption><\/figure>\n\n\n\n<p><\/p>\n\n\n\n<p class=\"has-text-align-right\">Seuraava sivu: <a href=\"https:\/\/blogs.uef.fi\/tiedonhaku-psykologia\/2-hakutekniikka\/2-1-tiedonhaun-aihe-ja-kasitteet\/\">Tiedonhaun aihe ja k\u00e4sitteet<\/a>.<\/p>\n","protected":false},"excerpt":{"rendered":"<p>Eri tieteenaloilla on omat perinteens\u00e4 tavassa julkaista tutkimusty\u00f6n tulokset. Luonnontieteet Terveystieteet Humanistiset tieteet Yhteiskuntatieteet Psykologia Psykologian alan julkaisut (770 kpl) olivat 2% kaikista yliopistojen julkaisuista (41 200) Suomessa 2023. Erot tieteenaloilla tasoittuvat Kaikkiaan tieteenalojen erot ovat jossakin m\u00e4\u00e4rin v\u00e4hentyneet viime vuosina \u2013 artikkelityyppinen julkaiseminen on kasvussa kaikilla tieteenaloilla. Samoin siirtyminen kansallisista kielist\u00e4 englannin kieleen on [&hellip;]<\/p>\n","protected":false},"author":190,"featured_media":0,"parent":43,"menu_order":0,"comment_status":"closed","ping_status":"closed","template":"","meta":{"_acf_changed":false,"footnotes":""},"class_list":["post-61","page","type-page","status-publish","hentry"],"acf":[],"yoast_head":"<!-- This site is optimized with the Yoast SEO plugin v27.1.1 - https:\/\/yoast.com\/product\/yoast-seo-wordpress\/ -->\n<title>1.3 Tieteelliseet julkaisut eri aloilla - Psykologian tiedonhaku 8020120<\/title>\n<meta name=\"robots\" content=\"index, follow, max-snippet:-1, max-image-preview:large, max-video-preview:-1\" \/>\n<link rel=\"canonical\" href=\"https:\/\/blogs.uef.fi\/tiedonhaku-psykologia\/1-julkaisut\/1-3-tieteelliset-julkaisut-eri-aloilla\/\" \/>\n<meta property=\"og:locale\" content=\"fi_FI\" \/>\n<meta property=\"og:type\" content=\"article\" \/>\n<meta property=\"og:title\" content=\"1.3 Tieteelliseet julkaisut eri aloilla - Psykologian tiedonhaku 8020120\" \/>\n<meta property=\"og:description\" content=\"Eri tieteenaloilla on omat perinteens\u00e4 tavassa julkaista tutkimusty\u00f6n tulokset. Luonnontieteet Terveystieteet Humanistiset tieteet Yhteiskuntatieteet Psykologia Psykologian alan julkaisut (770 kpl) olivat 2% kaikista yliopistojen julkaisuista (41 200) Suomessa 2023. Erot tieteenaloilla tasoittuvat Kaikkiaan tieteenalojen erot ovat jossakin m\u00e4\u00e4rin v\u00e4hentyneet viime vuosina \u2013 artikkelityyppinen julkaiseminen on kasvussa kaikilla tieteenaloilla. Samoin siirtyminen kansallisista kielist\u00e4 englannin kieleen on [&hellip;]\" \/>\n<meta property=\"og:url\" content=\"https:\/\/blogs.uef.fi\/tiedonhaku-psykologia\/1-julkaisut\/1-3-tieteelliset-julkaisut-eri-aloilla\/\" \/>\n<meta property=\"og:site_name\" content=\"Psykologian tiedonhaku 8020120\" \/>\n<meta property=\"article:modified_time\" content=\"2024-07-01T12:03:44+00:00\" \/>\n<meta property=\"og:image\" content=\"https:\/\/blogs.uef.fi\/tiedonhaku-psykologia\/wp-content\/uploads\/sites\/69\/2024\/05\/PSY_julkaisut_pros_2023.png\" \/>\n<meta name=\"twitter:card\" content=\"summary_large_image\" \/>\n<meta name=\"twitter:label1\" content=\"Arvioitu lukuaika\" \/>\n\t<meta name=\"twitter:data1\" content=\"3 minuuttia\" \/>\n<script type=\"application\/ld+json\" class=\"yoast-schema-graph\">{\"@context\":\"https:\/\/schema.org\",\"@graph\":[{\"@type\":\"WebPage\",\"@id\":\"https:\/\/blogs.uef.fi\/tiedonhaku-psykologia\/1-julkaisut\/1-3-tieteelliset-julkaisut-eri-aloilla\/\",\"url\":\"https:\/\/blogs.uef.fi\/tiedonhaku-psykologia\/1-julkaisut\/1-3-tieteelliset-julkaisut-eri-aloilla\/\",\"name\":\"1.3 Tieteelliseet julkaisut eri aloilla - Psykologian tiedonhaku 8020120\",\"isPartOf\":{\"@id\":\"https:\/\/blogs.uef.fi\/tiedonhaku-psykologia\/#website\"},\"primaryImageOfPage\":{\"@id\":\"https:\/\/blogs.uef.fi\/tiedonhaku-psykologia\/1-julkaisut\/1-3-tieteelliset-julkaisut-eri-aloilla\/#primaryimage\"},\"image\":{\"@id\":\"https:\/\/blogs.uef.fi\/tiedonhaku-psykologia\/1-julkaisut\/1-3-tieteelliset-julkaisut-eri-aloilla\/#primaryimage\"},\"thumbnailUrl\":\"https:\/\/blogs.uef.fi\/tiedonhaku-psykologia\/wp-content\/uploads\/sites\/69\/2024\/05\/PSY_julkaisut_pros_2023.png\",\"datePublished\":\"2018-06-14T10:12:55+00:00\",\"dateModified\":\"2024-07-01T12:03:44+00:00\",\"breadcrumb\":{\"@id\":\"https:\/\/blogs.uef.fi\/tiedonhaku-psykologia\/1-julkaisut\/1-3-tieteelliset-julkaisut-eri-aloilla\/#breadcrumb\"},\"inLanguage\":\"fi\",\"potentialAction\":[{\"@type\":\"ReadAction\",\"target\":[\"https:\/\/blogs.uef.fi\/tiedonhaku-psykologia\/1-julkaisut\/1-3-tieteelliset-julkaisut-eri-aloilla\/\"]}]},{\"@type\":\"ImageObject\",\"inLanguage\":\"fi\",\"@id\":\"https:\/\/blogs.uef.fi\/tiedonhaku-psykologia\/1-julkaisut\/1-3-tieteelliset-julkaisut-eri-aloilla\/#primaryimage\",\"url\":\"https:\/\/blogs.uef.fi\/tiedonhaku-psykologia\/wp-content\/uploads\/sites\/69\/2024\/05\/PSY_julkaisut_pros_2023.png\",\"contentUrl\":\"https:\/\/blogs.uef.fi\/tiedonhaku-psykologia\/wp-content\/uploads\/sites\/69\/2024\/05\/PSY_julkaisut_pros_2023.png\",\"width\":848,\"height\":229},{\"@type\":\"BreadcrumbList\",\"@id\":\"https:\/\/blogs.uef.fi\/tiedonhaku-psykologia\/1-julkaisut\/1-3-tieteelliset-julkaisut-eri-aloilla\/#breadcrumb\",\"itemListElement\":[{\"@type\":\"ListItem\",\"position\":1,\"name\":\"Home\",\"item\":\"https:\/\/blogs.uef.fi\/tiedonhaku-psykologia\/\"},{\"@type\":\"ListItem\",\"position\":2,\"name\":\"1. Julkaisut\",\"item\":\"https:\/\/blogs.uef.fi\/tiedonhaku-psykologia\/1-julkaisut\/\"},{\"@type\":\"ListItem\",\"position\":3,\"name\":\"1.3 Tieteelliseet julkaisut eri aloilla\"}]},{\"@type\":\"WebSite\",\"@id\":\"https:\/\/blogs.uef.fi\/tiedonhaku-psykologia\/#website\",\"url\":\"https:\/\/blogs.uef.fi\/tiedonhaku-psykologia\/\",\"name\":\"Psykologian tiedonhaku 8020120\",\"description\":\"Psykologian tiedonhaku on kattava oppimateriaali tiedonhakuun psykologeille. Se sis\u00e4lt\u00e4\u00e4 yleiset tiedonhaun tekniikat sek\u00e4 psykologian tiedonl\u00e4hteet ohjeineen ja esimerkkeineen.\",\"potentialAction\":[{\"@type\":\"SearchAction\",\"target\":{\"@type\":\"EntryPoint\",\"urlTemplate\":\"https:\/\/blogs.uef.fi\/tiedonhaku-psykologia\/?s={search_term_string}\"},\"query-input\":{\"@type\":\"PropertyValueSpecification\",\"valueRequired\":true,\"valueName\":\"search_term_string\"}}],\"inLanguage\":\"fi\"}]}<\/script>\n<!-- \/ Yoast SEO plugin. -->","yoast_head_json":{"title":"1.3 Tieteelliseet julkaisut eri aloilla - Psykologian tiedonhaku 8020120","robots":{"index":"index","follow":"follow","max-snippet":"max-snippet:-1","max-image-preview":"max-image-preview:large","max-video-preview":"max-video-preview:-1"},"canonical":"https:\/\/blogs.uef.fi\/tiedonhaku-psykologia\/1-julkaisut\/1-3-tieteelliset-julkaisut-eri-aloilla\/","og_locale":"fi_FI","og_type":"article","og_title":"1.3 Tieteelliseet julkaisut eri aloilla - Psykologian tiedonhaku 8020120","og_description":"Eri tieteenaloilla on omat perinteens\u00e4 tavassa julkaista tutkimusty\u00f6n tulokset. Luonnontieteet Terveystieteet Humanistiset tieteet Yhteiskuntatieteet Psykologia Psykologian alan julkaisut (770 kpl) olivat 2% kaikista yliopistojen julkaisuista (41 200) Suomessa 2023. Erot tieteenaloilla tasoittuvat Kaikkiaan tieteenalojen erot ovat jossakin m\u00e4\u00e4rin v\u00e4hentyneet viime vuosina \u2013 artikkelityyppinen julkaiseminen on kasvussa kaikilla tieteenaloilla. Samoin siirtyminen kansallisista kielist\u00e4 englannin kieleen on [&hellip;]","og_url":"https:\/\/blogs.uef.fi\/tiedonhaku-psykologia\/1-julkaisut\/1-3-tieteelliset-julkaisut-eri-aloilla\/","og_site_name":"Psykologian tiedonhaku 8020120","article_modified_time":"2024-07-01T12:03:44+00:00","og_image":[{"url":"https:\/\/blogs.uef.fi\/tiedonhaku-psykologia\/wp-content\/uploads\/sites\/69\/2024\/05\/PSY_julkaisut_pros_2023.png","type":"","width":"","height":""}],"twitter_card":"summary_large_image","twitter_misc":{"Arvioitu lukuaika":"3 minuuttia"},"schema":{"@context":"https:\/\/schema.org","@graph":[{"@type":"WebPage","@id":"https:\/\/blogs.uef.fi\/tiedonhaku-psykologia\/1-julkaisut\/1-3-tieteelliset-julkaisut-eri-aloilla\/","url":"https:\/\/blogs.uef.fi\/tiedonhaku-psykologia\/1-julkaisut\/1-3-tieteelliset-julkaisut-eri-aloilla\/","name":"1.3 Tieteelliseet julkaisut eri aloilla - Psykologian tiedonhaku 8020120","isPartOf":{"@id":"https:\/\/blogs.uef.fi\/tiedonhaku-psykologia\/#website"},"primaryImageOfPage":{"@id":"https:\/\/blogs.uef.fi\/tiedonhaku-psykologia\/1-julkaisut\/1-3-tieteelliset-julkaisut-eri-aloilla\/#primaryimage"},"image":{"@id":"https:\/\/blogs.uef.fi\/tiedonhaku-psykologia\/1-julkaisut\/1-3-tieteelliset-julkaisut-eri-aloilla\/#primaryimage"},"thumbnailUrl":"https:\/\/blogs.uef.fi\/tiedonhaku-psykologia\/wp-content\/uploads\/sites\/69\/2024\/05\/PSY_julkaisut_pros_2023.png","datePublished":"2018-06-14T10:12:55+00:00","dateModified":"2024-07-01T12:03:44+00:00","breadcrumb":{"@id":"https:\/\/blogs.uef.fi\/tiedonhaku-psykologia\/1-julkaisut\/1-3-tieteelliset-julkaisut-eri-aloilla\/#breadcrumb"},"inLanguage":"fi","potentialAction":[{"@type":"ReadAction","target":["https:\/\/blogs.uef.fi\/tiedonhaku-psykologia\/1-julkaisut\/1-3-tieteelliset-julkaisut-eri-aloilla\/"]}]},{"@type":"ImageObject","inLanguage":"fi","@id":"https:\/\/blogs.uef.fi\/tiedonhaku-psykologia\/1-julkaisut\/1-3-tieteelliset-julkaisut-eri-aloilla\/#primaryimage","url":"https:\/\/blogs.uef.fi\/tiedonhaku-psykologia\/wp-content\/uploads\/sites\/69\/2024\/05\/PSY_julkaisut_pros_2023.png","contentUrl":"https:\/\/blogs.uef.fi\/tiedonhaku-psykologia\/wp-content\/uploads\/sites\/69\/2024\/05\/PSY_julkaisut_pros_2023.png","width":848,"height":229},{"@type":"BreadcrumbList","@id":"https:\/\/blogs.uef.fi\/tiedonhaku-psykologia\/1-julkaisut\/1-3-tieteelliset-julkaisut-eri-aloilla\/#breadcrumb","itemListElement":[{"@type":"ListItem","position":1,"name":"Home","item":"https:\/\/blogs.uef.fi\/tiedonhaku-psykologia\/"},{"@type":"ListItem","position":2,"name":"1. Julkaisut","item":"https:\/\/blogs.uef.fi\/tiedonhaku-psykologia\/1-julkaisut\/"},{"@type":"ListItem","position":3,"name":"1.3 Tieteelliseet julkaisut eri aloilla"}]},{"@type":"WebSite","@id":"https:\/\/blogs.uef.fi\/tiedonhaku-psykologia\/#website","url":"https:\/\/blogs.uef.fi\/tiedonhaku-psykologia\/","name":"Psykologian tiedonhaku 8020120","description":"Psykologian tiedonhaku on kattava oppimateriaali tiedonhakuun psykologeille. Se sis\u00e4lt\u00e4\u00e4 yleiset tiedonhaun tekniikat sek\u00e4 psykologian tiedonl\u00e4hteet ohjeineen ja esimerkkeineen.","potentialAction":[{"@type":"SearchAction","target":{"@type":"EntryPoint","urlTemplate":"https:\/\/blogs.uef.fi\/tiedonhaku-psykologia\/?s={search_term_string}"},"query-input":{"@type":"PropertyValueSpecification","valueRequired":true,"valueName":"search_term_string"}}],"inLanguage":"fi"}]}},"_links":{"self":[{"href":"https:\/\/blogs.uef.fi\/tiedonhaku-psykologia\/wp-json\/wp\/v2\/pages\/61","targetHints":{"allow":["GET"]}}],"collection":[{"href":"https:\/\/blogs.uef.fi\/tiedonhaku-psykologia\/wp-json\/wp\/v2\/pages"}],"about":[{"href":"https:\/\/blogs.uef.fi\/tiedonhaku-psykologia\/wp-json\/wp\/v2\/types\/page"}],"author":[{"embeddable":true,"href":"https:\/\/blogs.uef.fi\/tiedonhaku-psykologia\/wp-json\/wp\/v2\/users\/190"}],"replies":[{"embeddable":true,"href":"https:\/\/blogs.uef.fi\/tiedonhaku-psykologia\/wp-json\/wp\/v2\/comments?post=61"}],"version-history":[{"count":2,"href":"https:\/\/blogs.uef.fi\/tiedonhaku-psykologia\/wp-json\/wp\/v2\/pages\/61\/revisions"}],"predecessor-version":[{"id":3424,"href":"https:\/\/blogs.uef.fi\/tiedonhaku-psykologia\/wp-json\/wp\/v2\/pages\/61\/revisions\/3424"}],"up":[{"embeddable":true,"href":"https:\/\/blogs.uef.fi\/tiedonhaku-psykologia\/wp-json\/wp\/v2\/pages\/43"}],"wp:attachment":[{"href":"https:\/\/blogs.uef.fi\/tiedonhaku-psykologia\/wp-json\/wp\/v2\/media?parent=61"}],"curies":[{"name":"wp","href":"https:\/\/api.w.org\/{rel}","templated":true}]}}