{"id":57,"date":"2018-06-14T12:48:46","date_gmt":"2018-06-14T09:48:46","guid":{"rendered":"https:\/\/blogs.uef.fi\/tiedonhaku-psykologia\/?page_id=57"},"modified":"2024-05-22T13:20:40","modified_gmt":"2024-05-22T10:20:40","slug":"1-2-vertaisarviointi","status":"publish","type":"page","link":"https:\/\/blogs.uef.fi\/tiedonhaku-psykologia\/1-julkaisut\/1-2-vertaisarviointi\/","title":{"rendered":"1.2 Vertaisarviointi"},"content":{"rendered":"\n<p><strong>Vertaisarvioinnissa <\/strong>varmistetaan <strong>ulkopuolisten asiantuntijoiden<\/strong> avulla, ett\u00e4 tutkimusartikkeli on kelvollinen julkaistavaksi. Englanniksi vertaisarviointii viitataan termeill\u00e4<strong> peer-review<\/strong> tai <strong>refereed<\/strong>.<\/p>\n\n\n\n<p><strong>Arviointik\u00e4yt\u00e4nt\u00f6<\/strong>:<\/p>\n\n\n\n<ul class=\"wp-block-list\">\n<li>Arvioijiksi valitaan alan tunnustettuja tutkijoita. <\/li>\n\n\n\n<li>Arvioijia on yleens\u00e4 ainakin kaksi. Artikkelin kirjoittaja ei saa tiet\u00e4\u00e4 heid\u00e4n henkil\u00f6llisyytt\u00e4\u00e4n.<\/li>\n\n\n\n<li>Asiantuntijat antavat julkaisuluvan arvoituaan tutkimuksen <strong>oikeellisuutta, merkitt\u00e4vyytt\u00e4 ja alkuper\u00e4isyytt\u00e4<\/strong>.<\/li>\n<\/ul>\n\n\n\n<p>Julkaistavaksi tarjotun k\u00e4sikirjoituksen arvioivat sek\u00e4 lehden tai julkaisusarjan <strong>toimitus<\/strong> ett\u00e4 toimituskunnan valitsemat, ulkopuoliset <strong>tieteenalan asiantuntijat eli refereet.<\/strong><\/p>\n\n\n\n<p>Toimituskunta arvioi k\u00e4sikirjoituksen <strong>julkaisukelpoisuutta sek\u00e4 relevanssia<\/strong> lehden linjausten ja lukijakunnan kannalta ylip\u00e4\u00e4t\u00e4\u00e4n.<\/p>\n\n\n\n<p>T\u00e4m\u00e4n j\u00e4lkeen j\u00e4lkeen refereet arvioivat <a href=\"https:\/\/doi.org\/10.14214\/ma.6780\" target=\"_blank\" rel=\"noreferrer noopener\">Eeva Korpilahden (2010)<\/a> (linkki aukeaa uuteen ikkunaan) mukaan tutkimuksen:<\/p>\n\n\n\n<ul class=\"wp-block-list\">\n<li>toistettavuuden<\/li>\n\n\n\n<li>objektiivisuuden<\/li>\n\n\n\n<li>koej\u00e4rjestelyn oikeellisuuden<\/li>\n\n\n\n<li>aineiston edustavuuden<\/li>\n\n\n\n<li>analyysimenetelm\u00e4n p\u00e4tevyyden<\/li>\n\n\n\n<li>tulosten oikeellisuuden ja johdonmukaisuuden<\/li>\n\n\n\n<li>johtop\u00e4\u00e4t\u00f6sten loogisuuden<\/li>\n\n\n\n<li>tulosten uutuusarvon<\/li>\n<\/ul>\n\n\n\n<p>Arviointiprosessissa tarkistetaan my\u00f6s, ett\u00e4 tekstin rakenne vastaa alan ja lehden <strong>tieteellisen kirjoittamisen k\u00e4yt\u00e4nt\u00f6j\u00e4<\/strong>. On tavallista, ett\u00e4 k\u00e4sikirjoitukseen tehd\u00e4\u00e4n pieni\u00e4 <strong>muutoksia<\/strong> arvioijien ehdotusten mukaan.<\/p>\n\n\n\n<p>Vertaisarviointi ei ole t\u00e4ydellisen aukoton systeemi. Julkaistavaksi aiottujen k\u00e4sikirjoitusten m\u00e4\u00e4r\u00e4 on valtava ja aika ajoin puutteellinenkin artikkeli saattaa l\u00e4p\u00e4ist\u00e4 seulan.<\/p>\n\n\n\n<p><strong>Vertaisarviointi viiv\u00e4stytt\u00e4\u00e4 julkaisemista useita kuukausia<\/strong>, jopa enemm\u00e4n. Siksi artikkeli saa erilaisia nimityksi\u00e4 arvioinnin ja julkaisuprosessin vaiheeseen liittyen:<\/p>\n\n\n\n<ul class=\"wp-block-list\">\n<li>manuscript = preprint = k\u00e4sikirjoitus, jota ei viel\u00e4 arvioitu<\/li>\n\n\n\n<li>final draft = artikkelin sis\u00e4lt\u00f6 on korjattu arvioinnin j\u00e4lkeen<\/li>\n\n\n\n<li>article in press = artikkeli on arvioitu ja korjattu, ulkoasukin on lopullinen, mutta sit\u00e4 ei ole viel\u00e4 julkaistu<\/li>\n\n\n\n<li>final published version = artikkeli on julkaistu lehdess\u00e4 ja sill\u00e4 on olemassa mm. sivunumerot tai muu tunniste<\/li>\n<\/ul>\n\n\n\n<p>Tieteellisten <strong>kirjallisuustietokantojen<\/strong> sis\u00e4lt\u00f6 \u2013 kokonaan tai suurimmalta osaltaan \u2013 on vertaisarvioitua materiaalia.<\/p>\n\n\n\n<h2 class=\"wp-block-heading\">Mist\u00e4 saa tietoa vertaisarvioinnista?<\/h2>\n\n\n\n<h3 class=\"wp-block-heading\">Lehtiartikkeleiden vertaisarviointi<\/h3>\n\n\n\n<p>Tiedon vertaisarvioinnista voi tarkistaa:<\/p>\n\n\n\n<ul class=\"wp-block-list\">\n<li>lehden omalta (julkaisijan) kotisivulta \/ lehdest\u00e4 itsest\u00e4\u00e4n\n<ul class=\"wp-block-list\">\n<li>markkinoilla on tosin runsaasti huijarilehti\u00e4, joiden kotisivuilla annetaan v\u00e4\u00e4r\u00e4\u00e4 tai harhaanjohtavaa tietoa, ks. lis\u00e4\u00e4 luvussa Onko l\u00e4hde luotettava: saalistajalehdet <\/li>\n<\/ul>\n<\/li>\n\n\n\n<li>l\u00f6ytyyk\u00f6 lehti <a href=\"https:\/\/www.tsv.fi\/julkaisufoorumi\/haku.php\" target=\"_blank\" rel=\"noopener\">Julkaisufoorumin<\/a> listalta<\/li>\n\n\n\n<li>onko lehdell\u00e4 <a href=\"https:\/\/fi.wikipedia.org\/wiki\/Vaikuttavuuskerroin\" target=\"_blank\" rel=\"noopener noreferrer\">Impact Factor<\/a> -tunnusluku; lue lis\u00e4\u00e4<a href=\"https:\/\/www.uef.fi\/fi\/kirjasto\/tutkimuksen-arviointi#accordion-7022\"> impaktifaktorista<\/a> kirjaston sivuilta\n<ul class=\"wp-block-list\">\n<li>kuitenkin osa oikeistakin tieteellisist\u00e4 lehdist\u00e4 j\u00e4\u00e4 t\u00e4m\u00e4n listan ulkopuolle <\/li>\n<\/ul>\n<\/li>\n\n\n\n<li>joissakin tietokannoissa mainitaan, onko lehti \u201dpeer reviewed\u201d tai \u201drefereed\u201d, tai<\/li>\n\n\n\n<li>hakua kirjallisuustietokannoissa voi rajata vain tieteellisiin lehtiin<\/li>\n<\/ul>\n\n\n\n<p>Kotimaisilla julkaisuilla on oma vertaisarvioinnista kertova tunnus, jonka my\u00f6nt\u00e4\u00e4 Tieteellisten seurain valtuuskunta:<\/p>\n\n\n\n<figure class=\"wp-block-image size-full\"><img loading=\"lazy\" decoding=\"async\" width=\"480\" height=\"192\" src=\"https:\/\/blogs.uef.fi\/tiedonhaku-psykologia\/wp-content\/uploads\/sites\/69\/2020\/09\/vertaisarvioitu.jpg\" alt=\"Logossa on kuvattu mustalla pojhalla valkoisia viivoja, jotka muodostavat mustia kolmioita.\" class=\"wp-image-1374\" srcset=\"https:\/\/blogs.uef.fi\/tiedonhaku-psykologia\/wp-content\/uploads\/sites\/69\/2020\/09\/vertaisarvioitu.jpg 480w, https:\/\/blogs.uef.fi\/tiedonhaku-psykologia\/wp-content\/uploads\/sites\/69\/2020\/09\/vertaisarvioitu-300x120.jpg 300w\" sizes=\"auto, (max-width: 480px) 100vw, 480px\" \/><figcaption class=\"wp-element-caption\"><em>Vertaisarvioidun julkaisun logo.<\/em><\/figcaption><\/figure>\n\n\n\n<p>Varsinaisten tutkimusartikkeleiden lis\u00e4ksi tieteellisiss\u00e4 lehdiss\u00e4 julkaistaan my\u00f6s artikkeleita, joita ei ole vertaisarvioitu. N\u00e4it\u00e4 ovat esim. <\/p>\n\n\n\n<ul class=\"wp-block-list\">\n<li><strong>p\u00e4\u00e4kirjoitukset<\/strong> (editorial)<\/li>\n\n\n\n<li><strong>uutiset<\/strong> (news)<\/li>\n\n\n\n<li><strong>keskustelu<\/strong> (discussion)<\/li>\n\n\n\n<li><strong>kirja-arvostelut<\/strong> (book-review)<\/li>\n\n\n\n<li><strong>artikkeleita kommentoivat kirjoitukset<\/strong> (commentary)<\/li>\n<\/ul>\n\n\n\n<h3 class=\"wp-block-heading\">Kirjojen arviointi<\/h3>\n\n\n\n<p>Kirjojen laaduntarkkailu on <strong>kustantajien<\/strong>, kustannustoimittajien ja n\u00e4iden k\u00e4ytt\u00e4mien asiantuntijoiden vastuulla. Kirjat ovat harvemmin varsinaisesti vertaisarvioituja.<\/p>\n\n\n\n<p><strong>Tieteellisi\u00e4 kustantajia<\/strong> ovat mm.:<\/p>\n\n\n\n<ul class=\"wp-block-list\">\n<li>tieteelliset kaupalliset kustantajat<\/li>\n\n\n\n<li>yliopistot<\/li>\n\n\n\n<li>kotimaiset ja ulkomaiset tieteelliset seurat<\/li>\n\n\n\n<li>tietyt tutkimuslaitokset yms. <\/li>\n\n\n\n<li>katso esimerkiksi <a href=\"https:\/\/tiedekustantajat.fi\/wp-content\/uploads\/2024\/05\/Suomen-tiedekustantajien-liitto-Vuosikertomus-2023.pdf\" target=\"_blank\" rel=\"noreferrer noopener\">Suomen tiedekustantajien vuosikertomus 2023<\/a> (pdf, aukeaa uuteen ikkunaan); j\u00e4senet lueteltu dokumentin lopussa liitteess\u00e4 1.<\/li>\n<\/ul>\n\n\n\n<p class=\"has-text-align-right\">Seuraava sivu: <a href=\"https:\/\/blogs.uef.fi\/tiedonhaku-psykologia\/1-julkaisut\/1-3-tieteelliset-julkaisut-eri-aloilla\/\">Tieteelliset julkaisut eri aloilla<\/a><\/p>\n","protected":false},"excerpt":{"rendered":"<p>Vertaisarvioinnissa varmistetaan ulkopuolisten asiantuntijoiden avulla, ett\u00e4 tutkimusartikkeli on kelvollinen julkaistavaksi. Englanniksi vertaisarviointii viitataan termeill\u00e4 peer-review tai refereed. Arviointik\u00e4yt\u00e4nt\u00f6: Julkaistavaksi tarjotun k\u00e4sikirjoituksen arvioivat sek\u00e4 lehden tai julkaisusarjan toimitus ett\u00e4 toimituskunnan valitsemat, ulkopuoliset tieteenalan asiantuntijat eli refereet. Toimituskunta arvioi k\u00e4sikirjoituksen julkaisukelpoisuutta sek\u00e4 relevanssia lehden linjausten ja lukijakunnan kannalta ylip\u00e4\u00e4t\u00e4\u00e4n. T\u00e4m\u00e4n j\u00e4lkeen j\u00e4lkeen refereet arvioivat Eeva Korpilahden (2010) [&hellip;]<\/p>\n","protected":false},"author":190,"featured_media":0,"parent":43,"menu_order":0,"comment_status":"closed","ping_status":"closed","template":"","meta":{"_acf_changed":false,"footnotes":""},"class_list":["post-57","page","type-page","status-publish","hentry"],"acf":[],"yoast_head":"<!-- This site is optimized with the Yoast SEO plugin v27.3 - https:\/\/yoast.com\/product\/yoast-seo-wordpress\/ -->\n<title>1.2 Vertaisarviointi - Psykologian tiedonhaku 8020120<\/title>\n<meta name=\"robots\" content=\"index, follow, max-snippet:-1, max-image-preview:large, max-video-preview:-1\" \/>\n<link rel=\"canonical\" href=\"https:\/\/blogs.uef.fi\/tiedonhaku-psykologia\/1-julkaisut\/1-2-vertaisarviointi\/\" \/>\n<meta property=\"og:locale\" content=\"fi_FI\" \/>\n<meta property=\"og:type\" content=\"article\" \/>\n<meta property=\"og:title\" content=\"1.2 Vertaisarviointi - Psykologian tiedonhaku 8020120\" \/>\n<meta property=\"og:description\" content=\"Vertaisarvioinnissa varmistetaan ulkopuolisten asiantuntijoiden avulla, ett\u00e4 tutkimusartikkeli on kelvollinen julkaistavaksi. Englanniksi vertaisarviointii viitataan termeill\u00e4 peer-review tai refereed. Arviointik\u00e4yt\u00e4nt\u00f6: Julkaistavaksi tarjotun k\u00e4sikirjoituksen arvioivat sek\u00e4 lehden tai julkaisusarjan toimitus ett\u00e4 toimituskunnan valitsemat, ulkopuoliset tieteenalan asiantuntijat eli refereet. Toimituskunta arvioi k\u00e4sikirjoituksen julkaisukelpoisuutta sek\u00e4 relevanssia lehden linjausten ja lukijakunnan kannalta ylip\u00e4\u00e4t\u00e4\u00e4n. T\u00e4m\u00e4n j\u00e4lkeen j\u00e4lkeen refereet arvioivat Eeva Korpilahden (2010) [&hellip;]\" \/>\n<meta property=\"og:url\" content=\"https:\/\/blogs.uef.fi\/tiedonhaku-psykologia\/1-julkaisut\/1-2-vertaisarviointi\/\" \/>\n<meta property=\"og:site_name\" content=\"Psykologian tiedonhaku 8020120\" \/>\n<meta property=\"article:modified_time\" content=\"2024-05-22T10:20:40+00:00\" \/>\n<meta property=\"og:image\" content=\"https:\/\/blogs.uef.fi\/tiedonhaku-psykologia\/wp-content\/uploads\/sites\/69\/2020\/09\/vertaisarvioitu.jpg\" \/>\n<meta name=\"twitter:card\" content=\"summary_large_image\" \/>\n<meta name=\"twitter:label1\" content=\"Arvioitu lukuaika\" \/>\n\t<meta name=\"twitter:data1\" content=\"3 minuuttia\" \/>\n<script type=\"application\/ld+json\" class=\"yoast-schema-graph\">{\"@context\":\"https:\\\/\\\/schema.org\",\"@graph\":[{\"@type\":\"WebPage\",\"@id\":\"https:\\\/\\\/blogs.uef.fi\\\/tiedonhaku-psykologia\\\/1-julkaisut\\\/1-2-vertaisarviointi\\\/\",\"url\":\"https:\\\/\\\/blogs.uef.fi\\\/tiedonhaku-psykologia\\\/1-julkaisut\\\/1-2-vertaisarviointi\\\/\",\"name\":\"1.2 Vertaisarviointi - Psykologian tiedonhaku 8020120\",\"isPartOf\":{\"@id\":\"https:\\\/\\\/blogs.uef.fi\\\/tiedonhaku-psykologia\\\/#website\"},\"primaryImageOfPage\":{\"@id\":\"https:\\\/\\\/blogs.uef.fi\\\/tiedonhaku-psykologia\\\/1-julkaisut\\\/1-2-vertaisarviointi\\\/#primaryimage\"},\"image\":{\"@id\":\"https:\\\/\\\/blogs.uef.fi\\\/tiedonhaku-psykologia\\\/1-julkaisut\\\/1-2-vertaisarviointi\\\/#primaryimage\"},\"thumbnailUrl\":\"https:\\\/\\\/blogs.uef.fi\\\/tiedonhaku-psykologia\\\/wp-content\\\/uploads\\\/sites\\\/69\\\/2020\\\/09\\\/vertaisarvioitu.jpg\",\"datePublished\":\"2018-06-14T09:48:46+00:00\",\"dateModified\":\"2024-05-22T10:20:40+00:00\",\"breadcrumb\":{\"@id\":\"https:\\\/\\\/blogs.uef.fi\\\/tiedonhaku-psykologia\\\/1-julkaisut\\\/1-2-vertaisarviointi\\\/#breadcrumb\"},\"inLanguage\":\"fi\",\"potentialAction\":[{\"@type\":\"ReadAction\",\"target\":[\"https:\\\/\\\/blogs.uef.fi\\\/tiedonhaku-psykologia\\\/1-julkaisut\\\/1-2-vertaisarviointi\\\/\"]}]},{\"@type\":\"ImageObject\",\"inLanguage\":\"fi\",\"@id\":\"https:\\\/\\\/blogs.uef.fi\\\/tiedonhaku-psykologia\\\/1-julkaisut\\\/1-2-vertaisarviointi\\\/#primaryimage\",\"url\":\"https:\\\/\\\/blogs.uef.fi\\\/tiedonhaku-psykologia\\\/wp-content\\\/uploads\\\/sites\\\/69\\\/2020\\\/09\\\/vertaisarvioitu.jpg\",\"contentUrl\":\"https:\\\/\\\/blogs.uef.fi\\\/tiedonhaku-psykologia\\\/wp-content\\\/uploads\\\/sites\\\/69\\\/2020\\\/09\\\/vertaisarvioitu.jpg\",\"width\":480,\"height\":192},{\"@type\":\"BreadcrumbList\",\"@id\":\"https:\\\/\\\/blogs.uef.fi\\\/tiedonhaku-psykologia\\\/1-julkaisut\\\/1-2-vertaisarviointi\\\/#breadcrumb\",\"itemListElement\":[{\"@type\":\"ListItem\",\"position\":1,\"name\":\"Home\",\"item\":\"https:\\\/\\\/blogs.uef.fi\\\/tiedonhaku-psykologia\\\/\"},{\"@type\":\"ListItem\",\"position\":2,\"name\":\"1. Julkaisut\",\"item\":\"https:\\\/\\\/blogs.uef.fi\\\/tiedonhaku-psykologia\\\/1-julkaisut\\\/\"},{\"@type\":\"ListItem\",\"position\":3,\"name\":\"1.2 Vertaisarviointi\"}]},{\"@type\":\"WebSite\",\"@id\":\"https:\\\/\\\/blogs.uef.fi\\\/tiedonhaku-psykologia\\\/#website\",\"url\":\"https:\\\/\\\/blogs.uef.fi\\\/tiedonhaku-psykologia\\\/\",\"name\":\"Psykologian tiedonhaku 8020120\",\"description\":\"Psykologian tiedonhaku on kattava oppimateriaali tiedonhakuun psykologeille. Se sis\u00e4lt\u00e4\u00e4 yleiset tiedonhaun tekniikat sek\u00e4 psykologian tiedonl\u00e4hteet ohjeineen ja esimerkkeineen.\",\"potentialAction\":[{\"@type\":\"SearchAction\",\"target\":{\"@type\":\"EntryPoint\",\"urlTemplate\":\"https:\\\/\\\/blogs.uef.fi\\\/tiedonhaku-psykologia\\\/?s={search_term_string}\"},\"query-input\":{\"@type\":\"PropertyValueSpecification\",\"valueRequired\":true,\"valueName\":\"search_term_string\"}}],\"inLanguage\":\"fi\"}]}<\/script>\n<!-- \/ Yoast SEO plugin. -->","yoast_head_json":{"title":"1.2 Vertaisarviointi - Psykologian tiedonhaku 8020120","robots":{"index":"index","follow":"follow","max-snippet":"max-snippet:-1","max-image-preview":"max-image-preview:large","max-video-preview":"max-video-preview:-1"},"canonical":"https:\/\/blogs.uef.fi\/tiedonhaku-psykologia\/1-julkaisut\/1-2-vertaisarviointi\/","og_locale":"fi_FI","og_type":"article","og_title":"1.2 Vertaisarviointi - Psykologian tiedonhaku 8020120","og_description":"Vertaisarvioinnissa varmistetaan ulkopuolisten asiantuntijoiden avulla, ett\u00e4 tutkimusartikkeli on kelvollinen julkaistavaksi. Englanniksi vertaisarviointii viitataan termeill\u00e4 peer-review tai refereed. Arviointik\u00e4yt\u00e4nt\u00f6: Julkaistavaksi tarjotun k\u00e4sikirjoituksen arvioivat sek\u00e4 lehden tai julkaisusarjan toimitus ett\u00e4 toimituskunnan valitsemat, ulkopuoliset tieteenalan asiantuntijat eli refereet. Toimituskunta arvioi k\u00e4sikirjoituksen julkaisukelpoisuutta sek\u00e4 relevanssia lehden linjausten ja lukijakunnan kannalta ylip\u00e4\u00e4t\u00e4\u00e4n. T\u00e4m\u00e4n j\u00e4lkeen j\u00e4lkeen refereet arvioivat Eeva Korpilahden (2010) [&hellip;]","og_url":"https:\/\/blogs.uef.fi\/tiedonhaku-psykologia\/1-julkaisut\/1-2-vertaisarviointi\/","og_site_name":"Psykologian tiedonhaku 8020120","article_modified_time":"2024-05-22T10:20:40+00:00","og_image":[{"url":"https:\/\/blogs.uef.fi\/tiedonhaku-psykologia\/wp-content\/uploads\/sites\/69\/2020\/09\/vertaisarvioitu.jpg","type":"","width":"","height":""}],"twitter_card":"summary_large_image","twitter_misc":{"Arvioitu lukuaika":"3 minuuttia"},"schema":{"@context":"https:\/\/schema.org","@graph":[{"@type":"WebPage","@id":"https:\/\/blogs.uef.fi\/tiedonhaku-psykologia\/1-julkaisut\/1-2-vertaisarviointi\/","url":"https:\/\/blogs.uef.fi\/tiedonhaku-psykologia\/1-julkaisut\/1-2-vertaisarviointi\/","name":"1.2 Vertaisarviointi - Psykologian tiedonhaku 8020120","isPartOf":{"@id":"https:\/\/blogs.uef.fi\/tiedonhaku-psykologia\/#website"},"primaryImageOfPage":{"@id":"https:\/\/blogs.uef.fi\/tiedonhaku-psykologia\/1-julkaisut\/1-2-vertaisarviointi\/#primaryimage"},"image":{"@id":"https:\/\/blogs.uef.fi\/tiedonhaku-psykologia\/1-julkaisut\/1-2-vertaisarviointi\/#primaryimage"},"thumbnailUrl":"https:\/\/blogs.uef.fi\/tiedonhaku-psykologia\/wp-content\/uploads\/sites\/69\/2020\/09\/vertaisarvioitu.jpg","datePublished":"2018-06-14T09:48:46+00:00","dateModified":"2024-05-22T10:20:40+00:00","breadcrumb":{"@id":"https:\/\/blogs.uef.fi\/tiedonhaku-psykologia\/1-julkaisut\/1-2-vertaisarviointi\/#breadcrumb"},"inLanguage":"fi","potentialAction":[{"@type":"ReadAction","target":["https:\/\/blogs.uef.fi\/tiedonhaku-psykologia\/1-julkaisut\/1-2-vertaisarviointi\/"]}]},{"@type":"ImageObject","inLanguage":"fi","@id":"https:\/\/blogs.uef.fi\/tiedonhaku-psykologia\/1-julkaisut\/1-2-vertaisarviointi\/#primaryimage","url":"https:\/\/blogs.uef.fi\/tiedonhaku-psykologia\/wp-content\/uploads\/sites\/69\/2020\/09\/vertaisarvioitu.jpg","contentUrl":"https:\/\/blogs.uef.fi\/tiedonhaku-psykologia\/wp-content\/uploads\/sites\/69\/2020\/09\/vertaisarvioitu.jpg","width":480,"height":192},{"@type":"BreadcrumbList","@id":"https:\/\/blogs.uef.fi\/tiedonhaku-psykologia\/1-julkaisut\/1-2-vertaisarviointi\/#breadcrumb","itemListElement":[{"@type":"ListItem","position":1,"name":"Home","item":"https:\/\/blogs.uef.fi\/tiedonhaku-psykologia\/"},{"@type":"ListItem","position":2,"name":"1. Julkaisut","item":"https:\/\/blogs.uef.fi\/tiedonhaku-psykologia\/1-julkaisut\/"},{"@type":"ListItem","position":3,"name":"1.2 Vertaisarviointi"}]},{"@type":"WebSite","@id":"https:\/\/blogs.uef.fi\/tiedonhaku-psykologia\/#website","url":"https:\/\/blogs.uef.fi\/tiedonhaku-psykologia\/","name":"Psykologian tiedonhaku 8020120","description":"Psykologian tiedonhaku on kattava oppimateriaali tiedonhakuun psykologeille. Se sis\u00e4lt\u00e4\u00e4 yleiset tiedonhaun tekniikat sek\u00e4 psykologian tiedonl\u00e4hteet ohjeineen ja esimerkkeineen.","potentialAction":[{"@type":"SearchAction","target":{"@type":"EntryPoint","urlTemplate":"https:\/\/blogs.uef.fi\/tiedonhaku-psykologia\/?s={search_term_string}"},"query-input":{"@type":"PropertyValueSpecification","valueRequired":true,"valueName":"search_term_string"}}],"inLanguage":"fi"}]}},"_links":{"self":[{"href":"https:\/\/blogs.uef.fi\/tiedonhaku-psykologia\/wp-json\/wp\/v2\/pages\/57","targetHints":{"allow":["GET"]}}],"collection":[{"href":"https:\/\/blogs.uef.fi\/tiedonhaku-psykologia\/wp-json\/wp\/v2\/pages"}],"about":[{"href":"https:\/\/blogs.uef.fi\/tiedonhaku-psykologia\/wp-json\/wp\/v2\/types\/page"}],"author":[{"embeddable":true,"href":"https:\/\/blogs.uef.fi\/tiedonhaku-psykologia\/wp-json\/wp\/v2\/users\/190"}],"replies":[{"embeddable":true,"href":"https:\/\/blogs.uef.fi\/tiedonhaku-psykologia\/wp-json\/wp\/v2\/comments?post=57"}],"version-history":[{"count":2,"href":"https:\/\/blogs.uef.fi\/tiedonhaku-psykologia\/wp-json\/wp\/v2\/pages\/57\/revisions"}],"predecessor-version":[{"id":3305,"href":"https:\/\/blogs.uef.fi\/tiedonhaku-psykologia\/wp-json\/wp\/v2\/pages\/57\/revisions\/3305"}],"up":[{"embeddable":true,"href":"https:\/\/blogs.uef.fi\/tiedonhaku-psykologia\/wp-json\/wp\/v2\/pages\/43"}],"wp:attachment":[{"href":"https:\/\/blogs.uef.fi\/tiedonhaku-psykologia\/wp-json\/wp\/v2\/media?parent=57"}],"curies":[{"name":"wp","href":"https:\/\/api.w.org\/{rel}","templated":true}]}}