{"id":555,"date":"2018-08-08T13:10:02","date_gmt":"2018-08-08T10:10:02","guid":{"rendered":"https:\/\/blogs.uef.fi\/tiedonhaku-psykologia\/?page_id=555"},"modified":"2025-08-20T15:34:34","modified_gmt":"2025-08-20T12:34:34","slug":"4-3-tulosten-tallentaminen","status":"publish","type":"page","link":"https:\/\/blogs.uef.fi\/tiedonhaku-psykologia\/4-hakutulokset\/4-3-tulosten-tallentaminen\/","title":{"rendered":"4.4 Tulosten tallentaminen"},"content":{"rendered":"\n<p>Tietokannoissa on mahdollista tallentaa kulloinkin tehdyt haut ja niiden tulokset <strong>hakuhistorian (Search history)<\/strong> kautta. Tallentaminen edellytt\u00e4\u00e4 oman k\u00e4ytt\u00e4j\u00e4tunnuksen luomista. Monissa tietokannoissa hakuhistoria on n\u00e4kyvill\u00e4 koko istunnon ajan ilman erillist\u00e4 k\u00e4ytt\u00e4j\u00e4tunnusta ja kirjautumista.<\/p>\n\n\n\n<figure class=\"wp-block-image size-full\"><img loading=\"lazy\" decoding=\"async\" width=\"1347\" height=\"712\" src=\"https:\/\/blogs.uef.fi\/tiedonhaku-psykologia\/wp-content\/uploads\/sites\/69\/2024\/01\/hakuhistoriat.png\" alt=\"Kuvakappaukset kolmesta tietokannasta. Punainen rinkula osoittaa hakuhistorian paikan. Scopus: Search-sivun alalaita. Web of Science: vasen toimintopalkki, kolmas kuvake (kello-ikoni). ProQuest: toinen toimintorivi ylh\u00e4\u00e4ll\u00e4, kohta Recent searches.\" class=\"wp-image-3265\" srcset=\"https:\/\/blogs.uef.fi\/tiedonhaku-psykologia\/wp-content\/uploads\/sites\/69\/2024\/01\/hakuhistoriat.png 1347w, https:\/\/blogs.uef.fi\/tiedonhaku-psykologia\/wp-content\/uploads\/sites\/69\/2024\/01\/hakuhistoriat-300x159.png 300w, https:\/\/blogs.uef.fi\/tiedonhaku-psykologia\/wp-content\/uploads\/sites\/69\/2024\/01\/hakuhistoriat-1024x541.png 1024w, https:\/\/blogs.uef.fi\/tiedonhaku-psykologia\/wp-content\/uploads\/sites\/69\/2024\/01\/hakuhistoriat-768x406.png 768w\" sizes=\"auto, (max-width: 1347px) 100vw, 1347px\" \/><figcaption class=\"wp-element-caption\"><em>Hakuhistorioiden paikat Scopus, Web of Science- ja Proquest-tietokannoissa.<\/em> <em>PsycInfossa linkki hakuhistoriaan on hakulomakkeen alla.<\/em><\/figcaption><\/figure>\n\n\n\n<p>Hakujen tuloksia voi my\u00f6s tulostaa, l\u00e4hett\u00e4\u00e4 s\u00e4hk\u00f6postilla itselleen tai muille, tai siirt\u00e4\u00e4 toiseen ohjelmaan, esimerkiksi viitteidenhallintaohjelmaan tai Exceliin. T\u00e4m\u00e4 ei vaadi erillist\u00e4 k\u00e4ytt\u00e4j\u00e4tunnusta.<\/p>\n\n\n\n<h2 class=\"wp-block-heading\">Viitteidenhallintaohjelma s\u00e4ilytt\u00e4\u00e4 l\u00f6yt\u00e4m\u00e4si julkaisut<\/h2>\n\n\n\n<p>Kun tekee hakuja useissa eri tietokannoissa, on k\u00e4tev\u00e4\u00e4 koota halutut tietueet yhteen paikkaan k\u00e4ytt\u00f6\u00e4 odottamaan. Viitteidenhallintaohjelmat on t\u00e4llaisia tallennusalustoja.<\/p>\n\n\n\n<p>K\u00e4ytett\u00e4vi\u00e4 viitteidenhallintaohjelmia on useita, esimerkiksi Zotero ja Mendeley. <\/p>\n\n\n\n<h3 class=\"wp-block-heading\">Tietojen siirto tietokannoista<\/h3>\n\n\n\n<p>Joissakin tietokannoissa on suora linkki viitteiden siirt\u00e4miseksi tiettyyn viitteidenhallintaohjelmaan. Jos sellaista ei ole, voidaan k\u00e4ytt\u00e4\u00e4 tallennusta .ris -formaattiin tiedostoksi. Useimmiten l\u00e4hdet\u00e4\u00e4n liikkeelle Export-linkin kautta.<\/p>\n\n\n\n<figure class=\"wp-block-image size-full\"><img loading=\"lazy\" decoding=\"async\" width=\"906\" height=\"991\" src=\"https:\/\/blogs.uef.fi\/tiedonhaku-psykologia\/wp-content\/uploads\/sites\/69\/2025\/08\/PSY_cite_export.png\" alt=\"Kuvakaappaus. Valittuna toiminto Cite. Artikkelin tiedot n\u00e4kyvill\u00e4. Toiminnot: Copy citation ja Export Citation, joka on valittuna. Alla teksti: export your citation tool of choice. Tarjolla useita vaihtoehtoja, mm. Export to RIS format. Toimintovaihtoehto alla: Close.\" class=\"wp-image-3527\" srcset=\"https:\/\/blogs.uef.fi\/tiedonhaku-psykologia\/wp-content\/uploads\/sites\/69\/2025\/08\/PSY_cite_export.png 906w, https:\/\/blogs.uef.fi\/tiedonhaku-psykologia\/wp-content\/uploads\/sites\/69\/2025\/08\/PSY_cite_export-274x300.png 274w, https:\/\/blogs.uef.fi\/tiedonhaku-psykologia\/wp-content\/uploads\/sites\/69\/2025\/08\/PSY_cite_export-768x840.png 768w\" sizes=\"auto, (max-width: 906px) 100vw, 906px\" \/><figcaption class=\"wp-element-caption\"><em>PsycInfo-tietokannassa viitteiden tallennus RIS-formaattiin k\u00e4ynnistyy toiminnolla Cite, jonka j\u00e4lkeen voi valita Export citation.<\/em><\/figcaption><\/figure>\n\n\n\n<p>Tiedosto voidaan sitten tuoda viitteidenhallintaohjelmaan Import-toiminnolla. Ohjelmaan siirret\u00e4\u00e4n varsinaisesti vain julkaisun viitetiedot, mutta artikkelin voi liitt\u00e4\u00e4 tiedostona mukaan j\u00e4lkeenp\u00e4in.<\/p>\n\n\n\n<p>Zotero-viitteidenhallintaohjelmassa selaimeen voi liitt\u00e4\u00e4 lis\u00e4osan Zotero Connector, joka vie n\u00e4yt\u00f6ll\u00e4 n\u00e4kyv\u00e4t tulokset suoraan Zoteroon. Kyseess\u00e4 voi olla tuloslistaus, kuten kuvassa, yksitt\u00e4inen viite tai vaikkapa nettisivu.<\/p>\n\n\n\n<figure class=\"wp-block-image size-full\"><img loading=\"lazy\" decoding=\"async\" width=\"844\" height=\"633\" src=\"https:\/\/blogs.uef.fi\/tiedonhaku-psykologia\/wp-content\/uploads\/sites\/69\/2022\/09\/PSY_zotero.png\" alt=\"Kuvakaappaus. N\u00e4kyvilla lista tietokantahaun tuloksia. Firefox-selaimen oikeasta yl\u00e4kulmasta on ympyr\u00f6ity keltainen kansio-kuvake. Kuvakkeesta nuoli Zoterosta leikattuun kuvaan, jossa sivun tulokset n\u00e4kyv\u00e4t tiiviin\u00e4 listana. Listan otsikko: Select which items you\u2019d like to add to your library. Selitt\u00e4v\u00e4 teksti: Zotero connectorin avulla voi vied\u00e4 n\u00e4yt\u00f6ll\u00e4 n\u00e4kyv\u00e4t tulokset helposti talteen.\" class=\"wp-image-2533\" srcset=\"https:\/\/blogs.uef.fi\/tiedonhaku-psykologia\/wp-content\/uploads\/sites\/69\/2022\/09\/PSY_zotero.png 844w, https:\/\/blogs.uef.fi\/tiedonhaku-psykologia\/wp-content\/uploads\/sites\/69\/2022\/09\/PSY_zotero-300x225.png 300w, https:\/\/blogs.uef.fi\/tiedonhaku-psykologia\/wp-content\/uploads\/sites\/69\/2022\/09\/PSY_zotero-768x576.png 768w\" sizes=\"auto, (max-width: 844px) 100vw, 844px\" \/><figcaption class=\"wp-element-caption\"><em>Lis\u00e4osa n\u00e4kyy selaimessa pienen\u00e4 kuvakkeena, jonka ulkoasu vaihtelee hieman. T\u00e4ss\u00e4 esimerkiss\u00e4 se on keltainen kansio, koska ollaan viem\u00e4ss\u00e4 kokonaista listaa, ei yksitt\u00e4ist\u00e4 artikkelia.<\/em><\/figcaption><\/figure>\n\n\n\n<p>Viitteidenhallintaohjelman avulla on my\u00f6s k\u00e4tev\u00e4\u00e4 tarkistaa, onko kyseinen viite jo ennest\u00e4\u00e4n tallessa \u2013 n\u00e4in sinun ei tarvitse mietti\u00e4 asiaa, kun valitset tuloksia siirrett\u00e4v\u00e4ksi tietokannassa.<\/p>\n\n\n\n<p>Lue kirjaston kotisivulta lis\u00e4\u00e4 <a href=\"https:\/\/www.uef.fi\/fi\/kirjasto\/lahdeviitteet#paragraph-13098\" target=\"_blank\" rel=\"noreferrer noopener\">Zotero- ja Mendeley-ohjelmista<\/a>.<\/p>\n\n\n\n<h3 class=\"wp-block-heading\">Tee l\u00e4hdeluettelo viitteidenhallintaohjelmassa<\/h3>\n\n\n\n<p>Paitsi s\u00e4il\u00f6\u00e4 hakujen tuloksia, <strong>viitteidenhallintaohjelman avulla voidaan my\u00f6s tehd\u00e4 valmiita l\u00e4hdeluetteloita<\/strong>. L\u00e4hdeluettelon muoto voidaan valita valmiista malleista tai tehd\u00e4 itse. L\u00e4hdeluettelon voi siirt\u00e4\u00e4 tekstink\u00e4sittelyohjelmaan.<\/p>\n\n\n\n<p class=\"has-text-align-right\">Seuraava sivu: <a href=\"https:\/\/blogs.uef.fi\/tiedonhaku-psykologia\/4-hakutulokset\/4-4-julkaisuihin-viittaaminen\/\">Viittaaminen ja tekij\u00e4noikeus<\/a><\/p>\n","protected":false},"excerpt":{"rendered":"<p>Tietokannoissa on mahdollista tallentaa kulloinkin tehdyt haut ja niiden tulokset hakuhistorian (Search history) kautta. Tallentaminen edellytt\u00e4\u00e4 oman k\u00e4ytt\u00e4j\u00e4tunnuksen luomista. Monissa tietokannoissa hakuhistoria on n\u00e4kyvill\u00e4 koko istunnon ajan ilman erillist\u00e4 k\u00e4ytt\u00e4j\u00e4tunnusta ja kirjautumista. Hakujen tuloksia voi my\u00f6s tulostaa, l\u00e4hett\u00e4\u00e4 s\u00e4hk\u00f6postilla itselleen tai muille, tai siirt\u00e4\u00e4 toiseen ohjelmaan, esimerkiksi viitteidenhallintaohjelmaan tai Exceliin. T\u00e4m\u00e4 ei vaadi erillist\u00e4 k\u00e4ytt\u00e4j\u00e4tunnusta. [&hellip;]<\/p>\n","protected":false},"author":190,"featured_media":0,"parent":503,"menu_order":0,"comment_status":"closed","ping_status":"closed","template":"","meta":{"_acf_changed":false,"footnotes":""},"class_list":["post-555","page","type-page","status-publish","hentry"],"acf":[],"yoast_head":"<!-- This site is optimized with the Yoast SEO plugin v27.1.1 - https:\/\/yoast.com\/product\/yoast-seo-wordpress\/ -->\n<title>4.4 Tulosten tallentaminen - Psykologian tiedonhaku 8020120<\/title>\n<meta name=\"robots\" content=\"index, follow, max-snippet:-1, max-image-preview:large, max-video-preview:-1\" \/>\n<link rel=\"canonical\" href=\"https:\/\/blogs.uef.fi\/tiedonhaku-psykologia\/4-hakutulokset\/4-3-tulosten-tallentaminen\/\" \/>\n<meta property=\"og:locale\" content=\"fi_FI\" \/>\n<meta property=\"og:type\" content=\"article\" \/>\n<meta property=\"og:title\" content=\"4.4 Tulosten tallentaminen - Psykologian tiedonhaku 8020120\" \/>\n<meta property=\"og:description\" content=\"Tietokannoissa on mahdollista tallentaa kulloinkin tehdyt haut ja niiden tulokset hakuhistorian (Search history) kautta. Tallentaminen edellytt\u00e4\u00e4 oman k\u00e4ytt\u00e4j\u00e4tunnuksen luomista. Monissa tietokannoissa hakuhistoria on n\u00e4kyvill\u00e4 koko istunnon ajan ilman erillist\u00e4 k\u00e4ytt\u00e4j\u00e4tunnusta ja kirjautumista. Hakujen tuloksia voi my\u00f6s tulostaa, l\u00e4hett\u00e4\u00e4 s\u00e4hk\u00f6postilla itselleen tai muille, tai siirt\u00e4\u00e4 toiseen ohjelmaan, esimerkiksi viitteidenhallintaohjelmaan tai Exceliin. T\u00e4m\u00e4 ei vaadi erillist\u00e4 k\u00e4ytt\u00e4j\u00e4tunnusta. [&hellip;]\" \/>\n<meta property=\"og:url\" content=\"https:\/\/blogs.uef.fi\/tiedonhaku-psykologia\/4-hakutulokset\/4-3-tulosten-tallentaminen\/\" \/>\n<meta property=\"og:site_name\" content=\"Psykologian tiedonhaku 8020120\" \/>\n<meta property=\"article:modified_time\" content=\"2025-08-20T12:34:34+00:00\" \/>\n<meta property=\"og:image\" content=\"https:\/\/blogs.uef.fi\/tiedonhaku-psykologia\/wp-content\/uploads\/sites\/69\/2024\/01\/hakuhistoriat.png\" \/>\n\t<meta property=\"og:image:width\" content=\"1347\" \/>\n\t<meta property=\"og:image:height\" content=\"712\" \/>\n\t<meta property=\"og:image:type\" content=\"image\/png\" \/>\n<meta name=\"twitter:card\" content=\"summary_large_image\" \/>\n<meta name=\"twitter:label1\" content=\"Arvioitu lukuaika\" \/>\n\t<meta name=\"twitter:data1\" content=\"3 minuuttia\" \/>\n<script type=\"application\/ld+json\" class=\"yoast-schema-graph\">{\"@context\":\"https:\/\/schema.org\",\"@graph\":[{\"@type\":\"WebPage\",\"@id\":\"https:\/\/blogs.uef.fi\/tiedonhaku-psykologia\/4-hakutulokset\/4-3-tulosten-tallentaminen\/\",\"url\":\"https:\/\/blogs.uef.fi\/tiedonhaku-psykologia\/4-hakutulokset\/4-3-tulosten-tallentaminen\/\",\"name\":\"4.4 Tulosten tallentaminen - Psykologian tiedonhaku 8020120\",\"isPartOf\":{\"@id\":\"https:\/\/blogs.uef.fi\/tiedonhaku-psykologia\/#website\"},\"primaryImageOfPage\":{\"@id\":\"https:\/\/blogs.uef.fi\/tiedonhaku-psykologia\/4-hakutulokset\/4-3-tulosten-tallentaminen\/#primaryimage\"},\"image\":{\"@id\":\"https:\/\/blogs.uef.fi\/tiedonhaku-psykologia\/4-hakutulokset\/4-3-tulosten-tallentaminen\/#primaryimage\"},\"thumbnailUrl\":\"https:\/\/blogs.uef.fi\/tiedonhaku-psykologia\/wp-content\/uploads\/sites\/69\/2024\/01\/hakuhistoriat.png\",\"datePublished\":\"2018-08-08T10:10:02+00:00\",\"dateModified\":\"2025-08-20T12:34:34+00:00\",\"breadcrumb\":{\"@id\":\"https:\/\/blogs.uef.fi\/tiedonhaku-psykologia\/4-hakutulokset\/4-3-tulosten-tallentaminen\/#breadcrumb\"},\"inLanguage\":\"fi\",\"potentialAction\":[{\"@type\":\"ReadAction\",\"target\":[\"https:\/\/blogs.uef.fi\/tiedonhaku-psykologia\/4-hakutulokset\/4-3-tulosten-tallentaminen\/\"]}]},{\"@type\":\"ImageObject\",\"inLanguage\":\"fi\",\"@id\":\"https:\/\/blogs.uef.fi\/tiedonhaku-psykologia\/4-hakutulokset\/4-3-tulosten-tallentaminen\/#primaryimage\",\"url\":\"https:\/\/blogs.uef.fi\/tiedonhaku-psykologia\/wp-content\/uploads\/sites\/69\/2024\/01\/hakuhistoriat.png\",\"contentUrl\":\"https:\/\/blogs.uef.fi\/tiedonhaku-psykologia\/wp-content\/uploads\/sites\/69\/2024\/01\/hakuhistoriat.png\",\"width\":1347,\"height\":712},{\"@type\":\"BreadcrumbList\",\"@id\":\"https:\/\/blogs.uef.fi\/tiedonhaku-psykologia\/4-hakutulokset\/4-3-tulosten-tallentaminen\/#breadcrumb\",\"itemListElement\":[{\"@type\":\"ListItem\",\"position\":1,\"name\":\"Home\",\"item\":\"https:\/\/blogs.uef.fi\/tiedonhaku-psykologia\/\"},{\"@type\":\"ListItem\",\"position\":2,\"name\":\"4. Hakutulokset\",\"item\":\"https:\/\/blogs.uef.fi\/tiedonhaku-psykologia\/4-hakutulokset\/\"},{\"@type\":\"ListItem\",\"position\":3,\"name\":\"4.4 Tulosten tallentaminen\"}]},{\"@type\":\"WebSite\",\"@id\":\"https:\/\/blogs.uef.fi\/tiedonhaku-psykologia\/#website\",\"url\":\"https:\/\/blogs.uef.fi\/tiedonhaku-psykologia\/\",\"name\":\"Psykologian tiedonhaku 8020120\",\"description\":\"Psykologian tiedonhaku on kattava oppimateriaali tiedonhakuun psykologeille. Se sis\u00e4lt\u00e4\u00e4 yleiset tiedonhaun tekniikat sek\u00e4 psykologian tiedonl\u00e4hteet ohjeineen ja esimerkkeineen.\",\"potentialAction\":[{\"@type\":\"SearchAction\",\"target\":{\"@type\":\"EntryPoint\",\"urlTemplate\":\"https:\/\/blogs.uef.fi\/tiedonhaku-psykologia\/?s={search_term_string}\"},\"query-input\":{\"@type\":\"PropertyValueSpecification\",\"valueRequired\":true,\"valueName\":\"search_term_string\"}}],\"inLanguage\":\"fi\"}]}<\/script>\n<!-- \/ Yoast SEO plugin. -->","yoast_head_json":{"title":"4.4 Tulosten tallentaminen - Psykologian tiedonhaku 8020120","robots":{"index":"index","follow":"follow","max-snippet":"max-snippet:-1","max-image-preview":"max-image-preview:large","max-video-preview":"max-video-preview:-1"},"canonical":"https:\/\/blogs.uef.fi\/tiedonhaku-psykologia\/4-hakutulokset\/4-3-tulosten-tallentaminen\/","og_locale":"fi_FI","og_type":"article","og_title":"4.4 Tulosten tallentaminen - Psykologian tiedonhaku 8020120","og_description":"Tietokannoissa on mahdollista tallentaa kulloinkin tehdyt haut ja niiden tulokset hakuhistorian (Search history) kautta. Tallentaminen edellytt\u00e4\u00e4 oman k\u00e4ytt\u00e4j\u00e4tunnuksen luomista. Monissa tietokannoissa hakuhistoria on n\u00e4kyvill\u00e4 koko istunnon ajan ilman erillist\u00e4 k\u00e4ytt\u00e4j\u00e4tunnusta ja kirjautumista. Hakujen tuloksia voi my\u00f6s tulostaa, l\u00e4hett\u00e4\u00e4 s\u00e4hk\u00f6postilla itselleen tai muille, tai siirt\u00e4\u00e4 toiseen ohjelmaan, esimerkiksi viitteidenhallintaohjelmaan tai Exceliin. T\u00e4m\u00e4 ei vaadi erillist\u00e4 k\u00e4ytt\u00e4j\u00e4tunnusta. [&hellip;]","og_url":"https:\/\/blogs.uef.fi\/tiedonhaku-psykologia\/4-hakutulokset\/4-3-tulosten-tallentaminen\/","og_site_name":"Psykologian tiedonhaku 8020120","article_modified_time":"2025-08-20T12:34:34+00:00","og_image":[{"width":1347,"height":712,"url":"https:\/\/blogs.uef.fi\/tiedonhaku-psykologia\/wp-content\/uploads\/sites\/69\/2024\/01\/hakuhistoriat.png","type":"image\/png"}],"twitter_card":"summary_large_image","twitter_misc":{"Arvioitu lukuaika":"3 minuuttia"},"schema":{"@context":"https:\/\/schema.org","@graph":[{"@type":"WebPage","@id":"https:\/\/blogs.uef.fi\/tiedonhaku-psykologia\/4-hakutulokset\/4-3-tulosten-tallentaminen\/","url":"https:\/\/blogs.uef.fi\/tiedonhaku-psykologia\/4-hakutulokset\/4-3-tulosten-tallentaminen\/","name":"4.4 Tulosten tallentaminen - Psykologian tiedonhaku 8020120","isPartOf":{"@id":"https:\/\/blogs.uef.fi\/tiedonhaku-psykologia\/#website"},"primaryImageOfPage":{"@id":"https:\/\/blogs.uef.fi\/tiedonhaku-psykologia\/4-hakutulokset\/4-3-tulosten-tallentaminen\/#primaryimage"},"image":{"@id":"https:\/\/blogs.uef.fi\/tiedonhaku-psykologia\/4-hakutulokset\/4-3-tulosten-tallentaminen\/#primaryimage"},"thumbnailUrl":"https:\/\/blogs.uef.fi\/tiedonhaku-psykologia\/wp-content\/uploads\/sites\/69\/2024\/01\/hakuhistoriat.png","datePublished":"2018-08-08T10:10:02+00:00","dateModified":"2025-08-20T12:34:34+00:00","breadcrumb":{"@id":"https:\/\/blogs.uef.fi\/tiedonhaku-psykologia\/4-hakutulokset\/4-3-tulosten-tallentaminen\/#breadcrumb"},"inLanguage":"fi","potentialAction":[{"@type":"ReadAction","target":["https:\/\/blogs.uef.fi\/tiedonhaku-psykologia\/4-hakutulokset\/4-3-tulosten-tallentaminen\/"]}]},{"@type":"ImageObject","inLanguage":"fi","@id":"https:\/\/blogs.uef.fi\/tiedonhaku-psykologia\/4-hakutulokset\/4-3-tulosten-tallentaminen\/#primaryimage","url":"https:\/\/blogs.uef.fi\/tiedonhaku-psykologia\/wp-content\/uploads\/sites\/69\/2024\/01\/hakuhistoriat.png","contentUrl":"https:\/\/blogs.uef.fi\/tiedonhaku-psykologia\/wp-content\/uploads\/sites\/69\/2024\/01\/hakuhistoriat.png","width":1347,"height":712},{"@type":"BreadcrumbList","@id":"https:\/\/blogs.uef.fi\/tiedonhaku-psykologia\/4-hakutulokset\/4-3-tulosten-tallentaminen\/#breadcrumb","itemListElement":[{"@type":"ListItem","position":1,"name":"Home","item":"https:\/\/blogs.uef.fi\/tiedonhaku-psykologia\/"},{"@type":"ListItem","position":2,"name":"4. Hakutulokset","item":"https:\/\/blogs.uef.fi\/tiedonhaku-psykologia\/4-hakutulokset\/"},{"@type":"ListItem","position":3,"name":"4.4 Tulosten tallentaminen"}]},{"@type":"WebSite","@id":"https:\/\/blogs.uef.fi\/tiedonhaku-psykologia\/#website","url":"https:\/\/blogs.uef.fi\/tiedonhaku-psykologia\/","name":"Psykologian tiedonhaku 8020120","description":"Psykologian tiedonhaku on kattava oppimateriaali tiedonhakuun psykologeille. Se sis\u00e4lt\u00e4\u00e4 yleiset tiedonhaun tekniikat sek\u00e4 psykologian tiedonl\u00e4hteet ohjeineen ja esimerkkeineen.","potentialAction":[{"@type":"SearchAction","target":{"@type":"EntryPoint","urlTemplate":"https:\/\/blogs.uef.fi\/tiedonhaku-psykologia\/?s={search_term_string}"},"query-input":{"@type":"PropertyValueSpecification","valueRequired":true,"valueName":"search_term_string"}}],"inLanguage":"fi"}]}},"_links":{"self":[{"href":"https:\/\/blogs.uef.fi\/tiedonhaku-psykologia\/wp-json\/wp\/v2\/pages\/555","targetHints":{"allow":["GET"]}}],"collection":[{"href":"https:\/\/blogs.uef.fi\/tiedonhaku-psykologia\/wp-json\/wp\/v2\/pages"}],"about":[{"href":"https:\/\/blogs.uef.fi\/tiedonhaku-psykologia\/wp-json\/wp\/v2\/types\/page"}],"author":[{"embeddable":true,"href":"https:\/\/blogs.uef.fi\/tiedonhaku-psykologia\/wp-json\/wp\/v2\/users\/190"}],"replies":[{"embeddable":true,"href":"https:\/\/blogs.uef.fi\/tiedonhaku-psykologia\/wp-json\/wp\/v2\/comments?post=555"}],"version-history":[{"count":2,"href":"https:\/\/blogs.uef.fi\/tiedonhaku-psykologia\/wp-json\/wp\/v2\/pages\/555\/revisions"}],"predecessor-version":[{"id":3531,"href":"https:\/\/blogs.uef.fi\/tiedonhaku-psykologia\/wp-json\/wp\/v2\/pages\/555\/revisions\/3531"}],"up":[{"embeddable":true,"href":"https:\/\/blogs.uef.fi\/tiedonhaku-psykologia\/wp-json\/wp\/v2\/pages\/503"}],"wp:attachment":[{"href":"https:\/\/blogs.uef.fi\/tiedonhaku-psykologia\/wp-json\/wp\/v2\/media?parent=555"}],"curies":[{"name":"wp","href":"https:\/\/api.w.org\/{rel}","templated":true}]}}