{"id":503,"date":"2018-08-07T13:56:57","date_gmt":"2018-08-07T10:56:57","guid":{"rendered":"https:\/\/blogs.uef.fi\/tiedonhaku-psykologia\/?page_id=503"},"modified":"2024-07-01T15:10:02","modified_gmt":"2024-07-01T12:10:02","slug":"4-hakutulokset","status":"publish","type":"page","link":"https:\/\/blogs.uef.fi\/tiedonhaku-psykologia\/4-hakutulokset\/","title":{"rendered":"4. Hakutulokset"},"content":{"rendered":"\n<p><a href=\"https:\/\/blogs.uef.fi\/tiedonhaku-psykologia\/4-hakutulokset\/4-1-haetun-lahdeaineiston-luotettavuus-ja-arviointi\/\">4.1 Haetun l\u00e4hdeaineiston luotettavuus ja arviointi<\/a><\/p>\n\n\n\n<p><a href=\"https:\/\/blogs.uef.fi\/tiedonhaku-psykologia\/4-hakutulokset\/4-2-julkaisujen-saatavuus\/\">4.2 Julkaisujen saatavuus<\/a><\/p>\n\n\n\n<p><a href=\"https:\/\/blogs.uef.fi\/tiedonhaku-psykologia\/4-hakutulokset\/1-5-avoin-julkaiseminen-open-access\/\">4.3. Avoin julkaiseminen<\/a><\/p>\n\n\n\n<p><a href=\"https:\/\/blogs.uef.fi\/tiedonhaku-psykologia\/4-hakutulokset\/4-3-tulosten-tallentaminen\/\">4.4 Tulosten tallentaminen<\/a><\/p>\n\n\n\n<p><a href=\"https:\/\/blogs.uef.fi\/tiedonhaku-psykologia\/4-hakutulokset\/4-4-julkaisuihin-viittaaminen\/\">4.5 Julkaisuihin viittaaminen ja tekij\u00e4noikeudet<\/a><\/p>\n","protected":false},"excerpt":{"rendered":"<p>4.1 Haetun l\u00e4hdeaineiston luotettavuus ja arviointi 4.2 Julkaisujen saatavuus 4.3. Avoin julkaiseminen 4.4 Tulosten tallentaminen 4.5 Julkaisuihin viittaaminen ja tekij\u00e4noikeudet<\/p>\n","protected":false},"author":190,"featured_media":0,"parent":0,"menu_order":0,"comment_status":"closed","ping_status":"closed","template":"","meta":{"_acf_changed":false,"footnotes":""},"class_list":["post-503","page","type-page","status-publish","hentry"],"acf":[],"yoast_head":"<!-- This site is optimized with the Yoast SEO plugin v27.1.1 - https:\/\/yoast.com\/product\/yoast-seo-wordpress\/ -->\n<title>4. Hakutulokset - Psykologian tiedonhaku 8020120<\/title>\n<meta name=\"robots\" content=\"index, follow, max-snippet:-1, max-image-preview:large, max-video-preview:-1\" \/>\n<link rel=\"canonical\" href=\"https:\/\/blogs.uef.fi\/tiedonhaku-psykologia\/4-hakutulokset\/\" \/>\n<meta property=\"og:locale\" content=\"fi_FI\" \/>\n<meta property=\"og:type\" content=\"article\" \/>\n<meta property=\"og:title\" content=\"4. Hakutulokset - Psykologian tiedonhaku 8020120\" \/>\n<meta property=\"og:description\" content=\"4.1 Haetun l\u00e4hdeaineiston luotettavuus ja arviointi 4.2 Julkaisujen saatavuus 4.3. Avoin julkaiseminen 4.4 Tulosten tallentaminen 4.5 Julkaisuihin viittaaminen ja tekij\u00e4noikeudet\" \/>\n<meta property=\"og:url\" content=\"https:\/\/blogs.uef.fi\/tiedonhaku-psykologia\/4-hakutulokset\/\" \/>\n<meta property=\"og:site_name\" content=\"Psykologian tiedonhaku 8020120\" \/>\n<meta property=\"article:modified_time\" content=\"2024-07-01T12:10:02+00:00\" \/>\n<meta name=\"twitter:card\" content=\"summary_large_image\" \/>\n<meta name=\"twitter:label1\" content=\"Arvioitu lukuaika\" \/>\n\t<meta name=\"twitter:data1\" content=\"1 minuutti\" \/>\n<script type=\"application\/ld+json\" class=\"yoast-schema-graph\">{\"@context\":\"https:\/\/schema.org\",\"@graph\":[{\"@type\":\"WebPage\",\"@id\":\"https:\/\/blogs.uef.fi\/tiedonhaku-psykologia\/4-hakutulokset\/\",\"url\":\"https:\/\/blogs.uef.fi\/tiedonhaku-psykologia\/4-hakutulokset\/\",\"name\":\"4. Hakutulokset - Psykologian tiedonhaku 8020120\",\"isPartOf\":{\"@id\":\"https:\/\/blogs.uef.fi\/tiedonhaku-psykologia\/#website\"},\"datePublished\":\"2018-08-07T10:56:57+00:00\",\"dateModified\":\"2024-07-01T12:10:02+00:00\",\"breadcrumb\":{\"@id\":\"https:\/\/blogs.uef.fi\/tiedonhaku-psykologia\/4-hakutulokset\/#breadcrumb\"},\"inLanguage\":\"fi\",\"potentialAction\":[{\"@type\":\"ReadAction\",\"target\":[\"https:\/\/blogs.uef.fi\/tiedonhaku-psykologia\/4-hakutulokset\/\"]}]},{\"@type\":\"BreadcrumbList\",\"@id\":\"https:\/\/blogs.uef.fi\/tiedonhaku-psykologia\/4-hakutulokset\/#breadcrumb\",\"itemListElement\":[{\"@type\":\"ListItem\",\"position\":1,\"name\":\"Home\",\"item\":\"https:\/\/blogs.uef.fi\/tiedonhaku-psykologia\/\"},{\"@type\":\"ListItem\",\"position\":2,\"name\":\"4. Hakutulokset\"}]},{\"@type\":\"WebSite\",\"@id\":\"https:\/\/blogs.uef.fi\/tiedonhaku-psykologia\/#website\",\"url\":\"https:\/\/blogs.uef.fi\/tiedonhaku-psykologia\/\",\"name\":\"Psykologian tiedonhaku 8020120\",\"description\":\"Psykologian tiedonhaku on kattava oppimateriaali tiedonhakuun psykologeille. Se sis\u00e4lt\u00e4\u00e4 yleiset tiedonhaun tekniikat sek\u00e4 psykologian tiedonl\u00e4hteet ohjeineen ja esimerkkeineen.\",\"potentialAction\":[{\"@type\":\"SearchAction\",\"target\":{\"@type\":\"EntryPoint\",\"urlTemplate\":\"https:\/\/blogs.uef.fi\/tiedonhaku-psykologia\/?s={search_term_string}\"},\"query-input\":{\"@type\":\"PropertyValueSpecification\",\"valueRequired\":true,\"valueName\":\"search_term_string\"}}],\"inLanguage\":\"fi\"}]}<\/script>\n<!-- \/ Yoast SEO plugin. -->","yoast_head_json":{"title":"4. Hakutulokset - Psykologian tiedonhaku 8020120","robots":{"index":"index","follow":"follow","max-snippet":"max-snippet:-1","max-image-preview":"max-image-preview:large","max-video-preview":"max-video-preview:-1"},"canonical":"https:\/\/blogs.uef.fi\/tiedonhaku-psykologia\/4-hakutulokset\/","og_locale":"fi_FI","og_type":"article","og_title":"4. Hakutulokset - Psykologian tiedonhaku 8020120","og_description":"4.1 Haetun l\u00e4hdeaineiston luotettavuus ja arviointi 4.2 Julkaisujen saatavuus 4.3. Avoin julkaiseminen 4.4 Tulosten tallentaminen 4.5 Julkaisuihin viittaaminen ja tekij\u00e4noikeudet","og_url":"https:\/\/blogs.uef.fi\/tiedonhaku-psykologia\/4-hakutulokset\/","og_site_name":"Psykologian tiedonhaku 8020120","article_modified_time":"2024-07-01T12:10:02+00:00","twitter_card":"summary_large_image","twitter_misc":{"Arvioitu lukuaika":"1 minuutti"},"schema":{"@context":"https:\/\/schema.org","@graph":[{"@type":"WebPage","@id":"https:\/\/blogs.uef.fi\/tiedonhaku-psykologia\/4-hakutulokset\/","url":"https:\/\/blogs.uef.fi\/tiedonhaku-psykologia\/4-hakutulokset\/","name":"4. Hakutulokset - Psykologian tiedonhaku 8020120","isPartOf":{"@id":"https:\/\/blogs.uef.fi\/tiedonhaku-psykologia\/#website"},"datePublished":"2018-08-07T10:56:57+00:00","dateModified":"2024-07-01T12:10:02+00:00","breadcrumb":{"@id":"https:\/\/blogs.uef.fi\/tiedonhaku-psykologia\/4-hakutulokset\/#breadcrumb"},"inLanguage":"fi","potentialAction":[{"@type":"ReadAction","target":["https:\/\/blogs.uef.fi\/tiedonhaku-psykologia\/4-hakutulokset\/"]}]},{"@type":"BreadcrumbList","@id":"https:\/\/blogs.uef.fi\/tiedonhaku-psykologia\/4-hakutulokset\/#breadcrumb","itemListElement":[{"@type":"ListItem","position":1,"name":"Home","item":"https:\/\/blogs.uef.fi\/tiedonhaku-psykologia\/"},{"@type":"ListItem","position":2,"name":"4. Hakutulokset"}]},{"@type":"WebSite","@id":"https:\/\/blogs.uef.fi\/tiedonhaku-psykologia\/#website","url":"https:\/\/blogs.uef.fi\/tiedonhaku-psykologia\/","name":"Psykologian tiedonhaku 8020120","description":"Psykologian tiedonhaku on kattava oppimateriaali tiedonhakuun psykologeille. Se sis\u00e4lt\u00e4\u00e4 yleiset tiedonhaun tekniikat sek\u00e4 psykologian tiedonl\u00e4hteet ohjeineen ja esimerkkeineen.","potentialAction":[{"@type":"SearchAction","target":{"@type":"EntryPoint","urlTemplate":"https:\/\/blogs.uef.fi\/tiedonhaku-psykologia\/?s={search_term_string}"},"query-input":{"@type":"PropertyValueSpecification","valueRequired":true,"valueName":"search_term_string"}}],"inLanguage":"fi"}]}},"_links":{"self":[{"href":"https:\/\/blogs.uef.fi\/tiedonhaku-psykologia\/wp-json\/wp\/v2\/pages\/503","targetHints":{"allow":["GET"]}}],"collection":[{"href":"https:\/\/blogs.uef.fi\/tiedonhaku-psykologia\/wp-json\/wp\/v2\/pages"}],"about":[{"href":"https:\/\/blogs.uef.fi\/tiedonhaku-psykologia\/wp-json\/wp\/v2\/types\/page"}],"author":[{"embeddable":true,"href":"https:\/\/blogs.uef.fi\/tiedonhaku-psykologia\/wp-json\/wp\/v2\/users\/190"}],"replies":[{"embeddable":true,"href":"https:\/\/blogs.uef.fi\/tiedonhaku-psykologia\/wp-json\/wp\/v2\/comments?post=503"}],"version-history":[{"count":2,"href":"https:\/\/blogs.uef.fi\/tiedonhaku-psykologia\/wp-json\/wp\/v2\/pages\/503\/revisions"}],"predecessor-version":[{"id":3442,"href":"https:\/\/blogs.uef.fi\/tiedonhaku-psykologia\/wp-json\/wp\/v2\/pages\/503\/revisions\/3442"}],"wp:attachment":[{"href":"https:\/\/blogs.uef.fi\/tiedonhaku-psykologia\/wp-json\/wp\/v2\/media?parent=503"}],"curies":[{"name":"wp","href":"https:\/\/api.w.org\/{rel}","templated":true}]}}