{"id":43,"date":"2018-06-14T11:09:45","date_gmt":"2018-06-14T08:09:45","guid":{"rendered":"https:\/\/blogs.uef.fi\/tiedonhaku-psykologia\/?page_id=43"},"modified":"2024-07-01T15:05:07","modified_gmt":"2024-07-01T12:05:07","slug":"1-julkaisut","status":"publish","type":"page","link":"https:\/\/blogs.uef.fi\/tiedonhaku-psykologia\/1-julkaisut\/","title":{"rendered":"1. Julkaisut"},"content":{"rendered":"\n<p><a href=\"https:\/\/blogs.uef.fi\/tiedonhaku-psykologia\/1-julkaisut\/1-1-tieteellinen-julkaiseminen\/\">1.1 Tieteellinen julkaiseminen<\/a><\/p>\n\n\n\n<p><a href=\"https:\/\/blogs.uef.fi\/tiedonhaku-psykologia\/1-julkaisut\/1-4-erilaisia-julkaisuja\/\">1.2 Erilaisia julkaisuja, esimerkkej\u00e4<\/a><\/p>\n\n\n\n<p><a href=\"https:\/\/blogs.uef.fi\/tiedonhaku-psykologia\/1-julkaisut\/1-3-tieteelliset-julkaisut-eri-aloilla\/\">1.3 Tieteelliset julkaisut eri aloilla<\/a><\/p>\n\n\n\n<p><\/p>\n","protected":false},"excerpt":{"rendered":"<p>1.1 Tieteellinen julkaiseminen 1.2 Erilaisia julkaisuja, esimerkkej\u00e4 1.3 Tieteelliset julkaisut eri aloilla<\/p>\n","protected":false},"author":190,"featured_media":0,"parent":0,"menu_order":0,"comment_status":"closed","ping_status":"closed","template":"","meta":{"_acf_changed":false,"footnotes":""},"class_list":["post-43","page","type-page","status-publish","hentry"],"acf":[],"yoast_head":"<!-- This site is optimized with the Yoast SEO plugin v27.3 - https:\/\/yoast.com\/product\/yoast-seo-wordpress\/ -->\n<title>1. Julkaisut - Psykologian tiedonhaku 8020120<\/title>\n<meta name=\"robots\" content=\"index, follow, max-snippet:-1, max-image-preview:large, max-video-preview:-1\" \/>\n<link rel=\"canonical\" href=\"https:\/\/blogs.uef.fi\/tiedonhaku-psykologia\/1-julkaisut\/\" \/>\n<meta property=\"og:locale\" content=\"fi_FI\" \/>\n<meta property=\"og:type\" content=\"article\" \/>\n<meta property=\"og:title\" content=\"1. Julkaisut - Psykologian tiedonhaku 8020120\" \/>\n<meta property=\"og:description\" content=\"1.1 Tieteellinen julkaiseminen 1.2 Erilaisia julkaisuja, esimerkkej\u00e4 1.3 Tieteelliset julkaisut eri aloilla\" \/>\n<meta property=\"og:url\" content=\"https:\/\/blogs.uef.fi\/tiedonhaku-psykologia\/1-julkaisut\/\" \/>\n<meta property=\"og:site_name\" content=\"Psykologian tiedonhaku 8020120\" \/>\n<meta property=\"article:modified_time\" content=\"2024-07-01T12:05:07+00:00\" \/>\n<meta name=\"twitter:card\" content=\"summary_large_image\" \/>\n<meta name=\"twitter:label1\" content=\"Arvioitu lukuaika\" \/>\n\t<meta name=\"twitter:data1\" content=\"1 minuutti\" \/>\n<script type=\"application\/ld+json\" class=\"yoast-schema-graph\">{\"@context\":\"https:\\\/\\\/schema.org\",\"@graph\":[{\"@type\":\"WebPage\",\"@id\":\"https:\\\/\\\/blogs.uef.fi\\\/tiedonhaku-psykologia\\\/1-julkaisut\\\/\",\"url\":\"https:\\\/\\\/blogs.uef.fi\\\/tiedonhaku-psykologia\\\/1-julkaisut\\\/\",\"name\":\"1. Julkaisut - Psykologian tiedonhaku 8020120\",\"isPartOf\":{\"@id\":\"https:\\\/\\\/blogs.uef.fi\\\/tiedonhaku-psykologia\\\/#website\"},\"datePublished\":\"2018-06-14T08:09:45+00:00\",\"dateModified\":\"2024-07-01T12:05:07+00:00\",\"breadcrumb\":{\"@id\":\"https:\\\/\\\/blogs.uef.fi\\\/tiedonhaku-psykologia\\\/1-julkaisut\\\/#breadcrumb\"},\"inLanguage\":\"fi\",\"potentialAction\":[{\"@type\":\"ReadAction\",\"target\":[\"https:\\\/\\\/blogs.uef.fi\\\/tiedonhaku-psykologia\\\/1-julkaisut\\\/\"]}]},{\"@type\":\"BreadcrumbList\",\"@id\":\"https:\\\/\\\/blogs.uef.fi\\\/tiedonhaku-psykologia\\\/1-julkaisut\\\/#breadcrumb\",\"itemListElement\":[{\"@type\":\"ListItem\",\"position\":1,\"name\":\"Home\",\"item\":\"https:\\\/\\\/blogs.uef.fi\\\/tiedonhaku-psykologia\\\/\"},{\"@type\":\"ListItem\",\"position\":2,\"name\":\"1. Julkaisut\"}]},{\"@type\":\"WebSite\",\"@id\":\"https:\\\/\\\/blogs.uef.fi\\\/tiedonhaku-psykologia\\\/#website\",\"url\":\"https:\\\/\\\/blogs.uef.fi\\\/tiedonhaku-psykologia\\\/\",\"name\":\"Psykologian tiedonhaku 8020120\",\"description\":\"Psykologian tiedonhaku on kattava oppimateriaali tiedonhakuun psykologeille. Se sis\u00e4lt\u00e4\u00e4 yleiset tiedonhaun tekniikat sek\u00e4 psykologian tiedonl\u00e4hteet ohjeineen ja esimerkkeineen.\",\"potentialAction\":[{\"@type\":\"SearchAction\",\"target\":{\"@type\":\"EntryPoint\",\"urlTemplate\":\"https:\\\/\\\/blogs.uef.fi\\\/tiedonhaku-psykologia\\\/?s={search_term_string}\"},\"query-input\":{\"@type\":\"PropertyValueSpecification\",\"valueRequired\":true,\"valueName\":\"search_term_string\"}}],\"inLanguage\":\"fi\"}]}<\/script>\n<!-- \/ Yoast SEO plugin. -->","yoast_head_json":{"title":"1. Julkaisut - Psykologian tiedonhaku 8020120","robots":{"index":"index","follow":"follow","max-snippet":"max-snippet:-1","max-image-preview":"max-image-preview:large","max-video-preview":"max-video-preview:-1"},"canonical":"https:\/\/blogs.uef.fi\/tiedonhaku-psykologia\/1-julkaisut\/","og_locale":"fi_FI","og_type":"article","og_title":"1. Julkaisut - Psykologian tiedonhaku 8020120","og_description":"1.1 Tieteellinen julkaiseminen 1.2 Erilaisia julkaisuja, esimerkkej\u00e4 1.3 Tieteelliset julkaisut eri aloilla","og_url":"https:\/\/blogs.uef.fi\/tiedonhaku-psykologia\/1-julkaisut\/","og_site_name":"Psykologian tiedonhaku 8020120","article_modified_time":"2024-07-01T12:05:07+00:00","twitter_card":"summary_large_image","twitter_misc":{"Arvioitu lukuaika":"1 minuutti"},"schema":{"@context":"https:\/\/schema.org","@graph":[{"@type":"WebPage","@id":"https:\/\/blogs.uef.fi\/tiedonhaku-psykologia\/1-julkaisut\/","url":"https:\/\/blogs.uef.fi\/tiedonhaku-psykologia\/1-julkaisut\/","name":"1. Julkaisut - Psykologian tiedonhaku 8020120","isPartOf":{"@id":"https:\/\/blogs.uef.fi\/tiedonhaku-psykologia\/#website"},"datePublished":"2018-06-14T08:09:45+00:00","dateModified":"2024-07-01T12:05:07+00:00","breadcrumb":{"@id":"https:\/\/blogs.uef.fi\/tiedonhaku-psykologia\/1-julkaisut\/#breadcrumb"},"inLanguage":"fi","potentialAction":[{"@type":"ReadAction","target":["https:\/\/blogs.uef.fi\/tiedonhaku-psykologia\/1-julkaisut\/"]}]},{"@type":"BreadcrumbList","@id":"https:\/\/blogs.uef.fi\/tiedonhaku-psykologia\/1-julkaisut\/#breadcrumb","itemListElement":[{"@type":"ListItem","position":1,"name":"Home","item":"https:\/\/blogs.uef.fi\/tiedonhaku-psykologia\/"},{"@type":"ListItem","position":2,"name":"1. Julkaisut"}]},{"@type":"WebSite","@id":"https:\/\/blogs.uef.fi\/tiedonhaku-psykologia\/#website","url":"https:\/\/blogs.uef.fi\/tiedonhaku-psykologia\/","name":"Psykologian tiedonhaku 8020120","description":"Psykologian tiedonhaku on kattava oppimateriaali tiedonhakuun psykologeille. Se sis\u00e4lt\u00e4\u00e4 yleiset tiedonhaun tekniikat sek\u00e4 psykologian tiedonl\u00e4hteet ohjeineen ja esimerkkeineen.","potentialAction":[{"@type":"SearchAction","target":{"@type":"EntryPoint","urlTemplate":"https:\/\/blogs.uef.fi\/tiedonhaku-psykologia\/?s={search_term_string}"},"query-input":{"@type":"PropertyValueSpecification","valueRequired":true,"valueName":"search_term_string"}}],"inLanguage":"fi"}]}},"_links":{"self":[{"href":"https:\/\/blogs.uef.fi\/tiedonhaku-psykologia\/wp-json\/wp\/v2\/pages\/43","targetHints":{"allow":["GET"]}}],"collection":[{"href":"https:\/\/blogs.uef.fi\/tiedonhaku-psykologia\/wp-json\/wp\/v2\/pages"}],"about":[{"href":"https:\/\/blogs.uef.fi\/tiedonhaku-psykologia\/wp-json\/wp\/v2\/types\/page"}],"author":[{"embeddable":true,"href":"https:\/\/blogs.uef.fi\/tiedonhaku-psykologia\/wp-json\/wp\/v2\/users\/190"}],"replies":[{"embeddable":true,"href":"https:\/\/blogs.uef.fi\/tiedonhaku-psykologia\/wp-json\/wp\/v2\/comments?post=43"}],"version-history":[{"count":1,"href":"https:\/\/blogs.uef.fi\/tiedonhaku-psykologia\/wp-json\/wp\/v2\/pages\/43\/revisions"}],"predecessor-version":[{"id":3430,"href":"https:\/\/blogs.uef.fi\/tiedonhaku-psykologia\/wp-json\/wp\/v2\/pages\/43\/revisions\/3430"}],"wp:attachment":[{"href":"https:\/\/blogs.uef.fi\/tiedonhaku-psykologia\/wp-json\/wp\/v2\/media?parent=43"}],"curies":[{"name":"wp","href":"https:\/\/api.w.org\/{rel}","templated":true}]}}