{"id":401,"date":"2018-08-01T15:42:43","date_gmt":"2018-08-01T12:42:43","guid":{"rendered":"https:\/\/blogs.uef.fi\/tiedonhaku-psykologia\/?page_id=401"},"modified":"2021-09-14T13:31:42","modified_gmt":"2021-09-14T10:31:42","slug":"3-1-google-ja-google-scholar","status":"publish","type":"page","link":"https:\/\/blogs.uef.fi\/tiedonhaku-psykologia\/3-hakukoneet-ja-tietokoneet\/3-1-google-ja-google-scholar\/","title":{"rendered":"3.4 Google ja Google Scholar"},"content":{"rendered":"<div class=\"entry-content\">\n<h2>Mihin Google riitt\u00e4\u00e4<\/h2>\n<p>Internet ja sen hakukoneet, kuten Google, ovat parantaneet tiedon ja julkaisujen saatavuutta huimasti. My\u00f6s ongelmat ovat tiedossa: tiedon laatu ja taso vaihtelevat, roskaa on paljon. Tiedon suuri m\u00e4\u00e4r\u00e4 ja monimuotoisuus hankaloittavat olennaisen tiedon l\u00f6ytymist\u00e4.<br \/>\nErityisesti pit\u00e4\u00e4 huomata, ett\u00e4 <strong>hakutulos on satunnainen, ja vaihtelee ajasta ja paikasta toiseen<\/strong>, eik\u00e4 paras l\u00e4hde v\u00e4ltt\u00e4m\u00e4tt\u00e4 ole ensimm\u00e4isill\u00e4 sivuilla. Sivujen v\u00e4listen linkitysten, klikkausten ja k\u00e4ytt\u00e4j\u00e4profiloinnin merkitys on yleisesti tiedossa. Itse sivujen sis\u00e4lt\u00f6ihin, teksteihin liittyvi\u00e4 seikkoja ovat mm:<\/p>\n<ul>\n<li>Pitk\u00e4t tekstit l\u00f6ytyv\u00e4t todenn\u00e4k\u00f6isemmin kuin lyhyet.<\/li>\n<li>P\u00e4ivitetyt sivut l\u00f6ytyv\u00e4t paremmin kuin staattiset.<\/li>\n<li>Hakusanojen sijainti tekstin alussa nostaa sijoitusta tuloslistauksessa.<\/li>\n<li>Hakusanojen keskin\u00e4inen sijainti ja yleisyys tekstiss\u00e4 vaikuttavat<\/li>\n<\/ul>\n<p>Kaikkiaan Google k\u00e4ytt\u00e4\u00e4 yli 200 erilaista \u2018signaalia\u2019 tulosten lajitteluun. Googlen uusin ominaisuus on koneoppiva teko\u00e4ly (BrainRank), joka perustuu massiiviseen hakuk\u00e4ytt\u00e4ytymisdataan ja sen analysointiin, jolloin hakukone v\u00e4hemm\u00e4n riippuvainen siit\u00e4, mit\u00e4 yksitt\u00e4iseen hakuun kulloinkin kirjoittaa \u2013 hakukone ik\u00e4\u00e4n kuin tekee \u201cparemman\u201d haun k\u00e4ytt\u00e4j\u00e4n puolesta, vaikka k\u00e4ytt\u00e4j\u00e4 ei itse sit\u00e4 huomaa.<\/p>\n<p>Muista lis\u00e4ksi:<\/p>\n<ul>\n<li>Kaikki tieto ei ole Internetiss\u00e4. Tietoa julkaistaan edelleen my\u00f6s <strong>painettuna<\/strong>.<\/li>\n<li>Kaikki tieto ei ole <strong>maksutta<\/strong> Internetiss\u00e4. Yliopiston opiskelijana p\u00e4\u00e4set kuitenkin\u00a0 kirjaston hankkimiin elektronisiin l\u00e4hteisiin (e-kirjoihin, e-lehtiin ja tietokantoihin) my\u00f6s kotikoneella.<\/li>\n<li>Kaikki tieto ei l\u00f6ydy hakukoneilla. Esimerkiksi tieteenalakohtaisten <strong>tietokantojen<\/strong> sis\u00e4lt\u00e4m\u00e4\u00e4n tietoon hakukone ei ulotu.<\/li>\n<\/ul>\n<p>Googlella l\u00f6yt\u00e4\u00e4 n\u00e4pp\u00e4r\u00e4sti vastauksia <strong>yksitt\u00e4isiin kysymyksiin ja faktoihin<\/strong>: kuka oli <a href=\"https:\/\/fi.wikipedia.org\/wiki\/Fifan_vuoden_pelaaja\">maailman paras jalkapalloilija vuonna 2008<\/a>? Mik\u00e4 <a href=\"http:\/\/ekoodit.fi\/E322\/lesitiini\/\">lis\u00e4aine on E322<\/a>?<\/p>\n<p><strong>Laajemmat ja monimutkaisemmat kysymykset<\/strong> ovat hankalampia haettavia. Tutkimuksen tueksi tarvitaan usein my\u00f6s l\u00e4hteit\u00e4, jotka eiv\u00e4t ole l\u00f6ydett\u00e4viss\u00e4 netist\u00e4 hakukoneilla.<\/p>\n<p>Ammatillisen tiedon hakuun Google on usein ensimm\u00e4inen k\u00e4ytett\u00e4viss\u00e4 oleva v\u00e4line. Monet virallisten tahojen tuottamat julkaisut, tilastot yms. ovat vapaasti saatavilla Internetiss\u00e4. Tarpeellisen tiedon l\u00f6yt\u00e4miseksi on hyv\u00e4 tuntea Google-haun erityispiirteet.<\/p>\n<p>&nbsp;<\/p>\n<h2>Google Scholar<\/h2>\n<p>Googlen <strong>tieteelliseen tietoon erikoistunut hakukone<\/strong> p\u00e4\u00e4see osittain samoille l\u00e4hteille, kuin kirjastoon maksuin ja lisenssein hankitut kirjallisuustietokannatkin. Esim. isojen kustantajien tieteelliset lehdet ovat Scholar-haun piiriss\u00e4. <strong>L\u00f6ydetyn artikkelin aukaiseminen<\/strong> ei kuitenkaan onnistu, ellei ole kampusverkon koneella tai kirjautuneena UEF-Finnaan.<\/p>\n<p><img loading=\"lazy\" decoding=\"async\" class=\"alignnone wp-image-406 size-full\" src=\"https:\/\/biotiedonhaku.files.wordpress.com\/2017\/06\/scholargooglaus.jpg?w=584&amp;h=327\" alt=\"Sek\u00e4 ScienceDirect -tietokannan oma k\u00e4ytt\u00f6liittym\u00e4, ett\u00e4 Google Scholar p\u00e4\u00e4sev\u00e4t tekem\u00e4\u00e4n hakuja ScienceDirect -tietokannan sis\u00e4ll\u00f6ist\u00e4.\" width=\"584\" height=\"327\" \/><\/p>\n<p>Scholarin hakutoiminnot ovat googlemaiset, haun muokkaamisen mahdollisuudet ovat rajalliset, ja tuloksen selailu pidemm\u00e4lle melko ik\u00e4v\u00e4\u00e4.<\/p>\n<p>Kaikki Scholarin tavoittama aineisto <strong>ei ole oikeasti tieteellist\u00e4<\/strong>, joten tulosten kanssa pit\u00e4\u00e4 olla kriittinen.\u00a0 Artikkelien lis\u00e4ksi Google Scholar tarjoaa runsaasti eritasoisia opinn\u00e4ytteit\u00e4.<\/p>\n<p>&nbsp;<\/p>\n<h2>Google Books<\/h2>\n<p>Googlen kirjahakukone on n\u00e4pp\u00e4r\u00e4 apuv\u00e4line, kun halutaan hakea tietoa <strong>kirjojen sis\u00e4lt\u00e4, kokotekstist\u00e4<\/strong>. Tekij\u00e4noikeussyist\u00e4 kirjoja ei kuitenkaan voi lukea Google Booksissa kokonaan. L\u00f6ydetyn kirjan voi kuitenkin <strong>j\u00e4ljitt\u00e4\u00e4 kirjastosta,<\/strong> painettuna tai e-versiona.<\/p>\n<p>&nbsp;<\/p>\n<h2>Vinkkej\u00e4 Google-hakuihin<\/h2>\n<p><strong>Hakulogiikka <\/strong>Google-hakujen takana on osittain samaa kuin kirjallisuustietokannoissa. T\u00e4m\u00e4 voi h\u00e4m\u00e4t\u00e4 luulemaan, ett\u00e4 tietokannoista kannattaisi hakea samalla tavalla kuin Googlessa. N\u00e4in ei kuitenkaan ole: <strong>tietokantahaut ovat t\u00e4sm\u00e4llisi\u00e4, Google-haut sumeita.<\/strong><\/p>\n<ul>\n<li><strong>Lainausmerkit <\/strong>toimivat fraasin merkkin\u00e4 Googlessakin.<\/li>\n<li><strong>NOT-operaattori<\/strong> on Googlessa k\u00e4tev\u00e4 toteuttaa miinus-merkin avulla. N\u00e4in voit sulkea tuloksesta pois ep\u00e4toivottuja tuloksia, keskustelupalstoja tai blogeja:<\/li>\n<\/ul>\n<p><em>positiivinen psykologia -blogi<\/em><\/p>\n<p><strong>Mit\u00e4<\/strong> <strong>enemm\u00e4n hakusanoja<\/strong> k\u00e4yt\u00e4t, sen t\u00e4sm\u00e4llisemp\u00e4\u00e4n tulokseen voit p\u00e4\u00e4ty\u00e4. T\u00e4st\u00e4 on apua varsinkin silloin, kun hakusanat ovat laaja-alaisia ja monimerkityksisi\u00e4. Googlatessa voi toisinaan onnistua mainiosti kirjoittamalla hakunsa aiheen sellaisenaan hakukentt\u00e4\u00e4n, kun vastaava tuottaisi tietokantahaussa nolla viitett\u00e4.<\/p>\n<p><strong>Tarkista sanojen<\/strong> <strong>kirjoitusmuoto<\/strong>, esim. kirjoitetaanko sanat yhteen vai erikseen. Google tunnistaa sanojen taivutusmuotoja ja johdannaisia, mutta silti sanamuodoilla on vaikutusta hakutulokseen.<\/p>\n<p><strong>Sanaj\u00e4rjestys<\/strong> voi vaikuttaa lopputulokseen. Kokeile kirjoittaa sanat eri j\u00e4rjestykseen.<\/p>\n<p><strong>T\u00e4rke\u00e4n sanan<\/strong> voi kirjoittaa hakuun useamman kerran, niin sen merkitys korostuu.<\/p>\n<p><strong>Ammattilaisten k\u00e4ytt\u00e4m\u00e4t ja<\/strong> <strong>tieteelliset termit<\/strong> rajaavat tuloksesta pois ep\u00e4relevanttia ainesta.<\/p>\n<p>Googlessakin on <strong>Tarkennettu haku,<\/strong> t\u00e4m\u00e4 n\u00e4kym\u00e4 on Scholarista:<\/p>\n<p><img loading=\"lazy\" decoding=\"async\" class=\"alignnone wp-image-407 size-full\" src=\"https:\/\/biotiedonhaku.files.wordpress.com\/2017\/06\/scholartarkhaku.png?w=584\" alt=\"Google Scholarin tarkennetussa haussa voi toteuttaa AND, OR, ja NOT -operaattorit sek\u00e4 fraasihaun.\" width=\"538\" height=\"396\" \/><\/p>\n<p>Tarjolla ovat tietokannoista tutut toiminnot: operaattorit, fraasihaku, haun kohdistaminen tiettyyn kentt\u00e4\u00e4n, rajaukset. Ne eiv\u00e4t kuitenkaan v\u00e4ltt\u00e4m\u00e4tt\u00e4 toimi ihan samalla tarkkuudella kuin tietokannoissa.<\/p>\n<div class=\"addtoany_share_save_container addtoany_content addtoany_content_bottom\">\n<div class=\"a2a_kit a2a_kit_size_32 addtoany_list\"><a class=\"a2a_button_facebook\" title=\"Facebook\" href=\"https:\/\/blogs.uef.fi\/#facebook\" target=\"_blank\" rel=\"nofollow noopener noreferrer\"><span class=\"a2a_label\">Facebook<\/span><\/a><a class=\"a2a_button_twitter\" title=\"Twitter\" href=\"https:\/\/blogs.uef.fi\/#twitter\" target=\"_blank\" rel=\"nofollow noopener noreferrer\"><span class=\"a2a_label\">Twitter<\/span><\/a><a class=\"a2a_button_google_plus\" title=\"Google+\" href=\"https:\/\/blogs.uef.fi\/#google_plus\" target=\"_blank\" rel=\"nofollow noopener noreferrer\"><span class=\"a2a_label\">Google+<\/span><\/a><\/div>\n<\/div>\n<\/div>\n","protected":false},"excerpt":{"rendered":"<p>Mihin Google riitt\u00e4\u00e4 Internet ja sen hakukoneet, kuten Google, ovat parantaneet tiedon ja julkaisujen saatavuutta huimasti. My\u00f6s ongelmat ovat tiedossa: tiedon laatu ja taso vaihtelevat, roskaa on paljon. Tiedon suuri m\u00e4\u00e4r\u00e4 ja monimuotoisuus hankaloittavat olennaisen tiedon l\u00f6ytymist\u00e4. Erityisesti pit\u00e4\u00e4 huomata, ett\u00e4 hakutulos on satunnainen, ja vaihtelee ajasta ja paikasta toiseen, eik\u00e4 paras l\u00e4hde v\u00e4ltt\u00e4m\u00e4tt\u00e4 ole [&hellip;]<\/p>\n","protected":false},"author":190,"featured_media":0,"parent":393,"menu_order":0,"comment_status":"closed","ping_status":"closed","template":"","meta":{"_acf_changed":false,"footnotes":""},"class_list":["post-401","page","type-page","status-publish","hentry"],"acf":[],"yoast_head":"<!-- This site is optimized with the Yoast SEO plugin v27.3 - https:\/\/yoast.com\/product\/yoast-seo-wordpress\/ -->\n<title>3.4 Google ja Google Scholar - Psykologian tiedonhaku 8020120<\/title>\n<meta name=\"robots\" content=\"index, follow, max-snippet:-1, max-image-preview:large, max-video-preview:-1\" \/>\n<link rel=\"canonical\" href=\"https:\/\/blogs.uef.fi\/tiedonhaku-psykologia\/3-hakukoneet-ja-tietokoneet\/3-1-google-ja-google-scholar\/\" \/>\n<meta property=\"og:locale\" content=\"fi_FI\" \/>\n<meta property=\"og:type\" content=\"article\" \/>\n<meta property=\"og:title\" content=\"3.4 Google ja Google Scholar - Psykologian tiedonhaku 8020120\" \/>\n<meta property=\"og:description\" content=\"Mihin Google riitt\u00e4\u00e4 Internet ja sen hakukoneet, kuten Google, ovat parantaneet tiedon ja julkaisujen saatavuutta huimasti. My\u00f6s ongelmat ovat tiedossa: tiedon laatu ja taso vaihtelevat, roskaa on paljon. Tiedon suuri m\u00e4\u00e4r\u00e4 ja monimuotoisuus hankaloittavat olennaisen tiedon l\u00f6ytymist\u00e4. Erityisesti pit\u00e4\u00e4 huomata, ett\u00e4 hakutulos on satunnainen, ja vaihtelee ajasta ja paikasta toiseen, eik\u00e4 paras l\u00e4hde v\u00e4ltt\u00e4m\u00e4tt\u00e4 ole [&hellip;]\" \/>\n<meta property=\"og:url\" content=\"https:\/\/blogs.uef.fi\/tiedonhaku-psykologia\/3-hakukoneet-ja-tietokoneet\/3-1-google-ja-google-scholar\/\" \/>\n<meta property=\"og:site_name\" content=\"Psykologian tiedonhaku 8020120\" \/>\n<meta property=\"article:modified_time\" content=\"2021-09-14T10:31:42+00:00\" \/>\n<meta property=\"og:image\" content=\"https:\/\/biotiedonhaku.files.wordpress.com\/2017\/06\/scholargooglaus.jpg?w=584&amp;h=327\" \/>\n<meta name=\"twitter:card\" content=\"summary_large_image\" \/>\n<meta name=\"twitter:label1\" content=\"Arvioitu lukuaika\" \/>\n\t<meta name=\"twitter:data1\" content=\"3 minuuttia\" \/>\n<script type=\"application\/ld+json\" class=\"yoast-schema-graph\">{\"@context\":\"https:\\\/\\\/schema.org\",\"@graph\":[{\"@type\":\"WebPage\",\"@id\":\"https:\\\/\\\/blogs.uef.fi\\\/tiedonhaku-psykologia\\\/3-hakukoneet-ja-tietokoneet\\\/3-1-google-ja-google-scholar\\\/\",\"url\":\"https:\\\/\\\/blogs.uef.fi\\\/tiedonhaku-psykologia\\\/3-hakukoneet-ja-tietokoneet\\\/3-1-google-ja-google-scholar\\\/\",\"name\":\"3.4 Google ja Google Scholar - Psykologian tiedonhaku 8020120\",\"isPartOf\":{\"@id\":\"https:\\\/\\\/blogs.uef.fi\\\/tiedonhaku-psykologia\\\/#website\"},\"primaryImageOfPage\":{\"@id\":\"https:\\\/\\\/blogs.uef.fi\\\/tiedonhaku-psykologia\\\/3-hakukoneet-ja-tietokoneet\\\/3-1-google-ja-google-scholar\\\/#primaryimage\"},\"image\":{\"@id\":\"https:\\\/\\\/blogs.uef.fi\\\/tiedonhaku-psykologia\\\/3-hakukoneet-ja-tietokoneet\\\/3-1-google-ja-google-scholar\\\/#primaryimage\"},\"thumbnailUrl\":\"https:\\\/\\\/biotiedonhaku.files.wordpress.com\\\/2017\\\/06\\\/scholargooglaus.jpg?w=584&amp;h=327\",\"datePublished\":\"2018-08-01T12:42:43+00:00\",\"dateModified\":\"2021-09-14T10:31:42+00:00\",\"breadcrumb\":{\"@id\":\"https:\\\/\\\/blogs.uef.fi\\\/tiedonhaku-psykologia\\\/3-hakukoneet-ja-tietokoneet\\\/3-1-google-ja-google-scholar\\\/#breadcrumb\"},\"inLanguage\":\"fi\",\"potentialAction\":[{\"@type\":\"ReadAction\",\"target\":[\"https:\\\/\\\/blogs.uef.fi\\\/tiedonhaku-psykologia\\\/3-hakukoneet-ja-tietokoneet\\\/3-1-google-ja-google-scholar\\\/\"]}]},{\"@type\":\"ImageObject\",\"inLanguage\":\"fi\",\"@id\":\"https:\\\/\\\/blogs.uef.fi\\\/tiedonhaku-psykologia\\\/3-hakukoneet-ja-tietokoneet\\\/3-1-google-ja-google-scholar\\\/#primaryimage\",\"url\":\"https:\\\/\\\/biotiedonhaku.files.wordpress.com\\\/2017\\\/06\\\/scholargooglaus.jpg?w=584&amp;h=327\",\"contentUrl\":\"https:\\\/\\\/biotiedonhaku.files.wordpress.com\\\/2017\\\/06\\\/scholargooglaus.jpg?w=584&amp;h=327\"},{\"@type\":\"BreadcrumbList\",\"@id\":\"https:\\\/\\\/blogs.uef.fi\\\/tiedonhaku-psykologia\\\/3-hakukoneet-ja-tietokoneet\\\/3-1-google-ja-google-scholar\\\/#breadcrumb\",\"itemListElement\":[{\"@type\":\"ListItem\",\"position\":1,\"name\":\"Home\",\"item\":\"https:\\\/\\\/blogs.uef.fi\\\/tiedonhaku-psykologia\\\/\"},{\"@type\":\"ListItem\",\"position\":2,\"name\":\"3. Hakukoneet ja tietokannat\",\"item\":\"https:\\\/\\\/blogs.uef.fi\\\/tiedonhaku-psykologia\\\/3-hakukoneet-ja-tietokoneet\\\/\"},{\"@type\":\"ListItem\",\"position\":3,\"name\":\"3.4 Google ja Google Scholar\"}]},{\"@type\":\"WebSite\",\"@id\":\"https:\\\/\\\/blogs.uef.fi\\\/tiedonhaku-psykologia\\\/#website\",\"url\":\"https:\\\/\\\/blogs.uef.fi\\\/tiedonhaku-psykologia\\\/\",\"name\":\"Psykologian tiedonhaku 8020120\",\"description\":\"Psykologian tiedonhaku on kattava oppimateriaali tiedonhakuun psykologeille. Se sis\u00e4lt\u00e4\u00e4 yleiset tiedonhaun tekniikat sek\u00e4 psykologian tiedonl\u00e4hteet ohjeineen ja esimerkkeineen.\",\"potentialAction\":[{\"@type\":\"SearchAction\",\"target\":{\"@type\":\"EntryPoint\",\"urlTemplate\":\"https:\\\/\\\/blogs.uef.fi\\\/tiedonhaku-psykologia\\\/?s={search_term_string}\"},\"query-input\":{\"@type\":\"PropertyValueSpecification\",\"valueRequired\":true,\"valueName\":\"search_term_string\"}}],\"inLanguage\":\"fi\"}]}<\/script>\n<!-- \/ Yoast SEO plugin. -->","yoast_head_json":{"title":"3.4 Google ja Google Scholar - Psykologian tiedonhaku 8020120","robots":{"index":"index","follow":"follow","max-snippet":"max-snippet:-1","max-image-preview":"max-image-preview:large","max-video-preview":"max-video-preview:-1"},"canonical":"https:\/\/blogs.uef.fi\/tiedonhaku-psykologia\/3-hakukoneet-ja-tietokoneet\/3-1-google-ja-google-scholar\/","og_locale":"fi_FI","og_type":"article","og_title":"3.4 Google ja Google Scholar - Psykologian tiedonhaku 8020120","og_description":"Mihin Google riitt\u00e4\u00e4 Internet ja sen hakukoneet, kuten Google, ovat parantaneet tiedon ja julkaisujen saatavuutta huimasti. My\u00f6s ongelmat ovat tiedossa: tiedon laatu ja taso vaihtelevat, roskaa on paljon. Tiedon suuri m\u00e4\u00e4r\u00e4 ja monimuotoisuus hankaloittavat olennaisen tiedon l\u00f6ytymist\u00e4. Erityisesti pit\u00e4\u00e4 huomata, ett\u00e4 hakutulos on satunnainen, ja vaihtelee ajasta ja paikasta toiseen, eik\u00e4 paras l\u00e4hde v\u00e4ltt\u00e4m\u00e4tt\u00e4 ole [&hellip;]","og_url":"https:\/\/blogs.uef.fi\/tiedonhaku-psykologia\/3-hakukoneet-ja-tietokoneet\/3-1-google-ja-google-scholar\/","og_site_name":"Psykologian tiedonhaku 8020120","article_modified_time":"2021-09-14T10:31:42+00:00","og_image":[{"url":"https:\/\/biotiedonhaku.files.wordpress.com\/2017\/06\/scholargooglaus.jpg?w=584&amp;h=327","type":"","width":"","height":""}],"twitter_card":"summary_large_image","twitter_misc":{"Arvioitu lukuaika":"3 minuuttia"},"schema":{"@context":"https:\/\/schema.org","@graph":[{"@type":"WebPage","@id":"https:\/\/blogs.uef.fi\/tiedonhaku-psykologia\/3-hakukoneet-ja-tietokoneet\/3-1-google-ja-google-scholar\/","url":"https:\/\/blogs.uef.fi\/tiedonhaku-psykologia\/3-hakukoneet-ja-tietokoneet\/3-1-google-ja-google-scholar\/","name":"3.4 Google ja Google Scholar - Psykologian tiedonhaku 8020120","isPartOf":{"@id":"https:\/\/blogs.uef.fi\/tiedonhaku-psykologia\/#website"},"primaryImageOfPage":{"@id":"https:\/\/blogs.uef.fi\/tiedonhaku-psykologia\/3-hakukoneet-ja-tietokoneet\/3-1-google-ja-google-scholar\/#primaryimage"},"image":{"@id":"https:\/\/blogs.uef.fi\/tiedonhaku-psykologia\/3-hakukoneet-ja-tietokoneet\/3-1-google-ja-google-scholar\/#primaryimage"},"thumbnailUrl":"https:\/\/biotiedonhaku.files.wordpress.com\/2017\/06\/scholargooglaus.jpg?w=584&amp;h=327","datePublished":"2018-08-01T12:42:43+00:00","dateModified":"2021-09-14T10:31:42+00:00","breadcrumb":{"@id":"https:\/\/blogs.uef.fi\/tiedonhaku-psykologia\/3-hakukoneet-ja-tietokoneet\/3-1-google-ja-google-scholar\/#breadcrumb"},"inLanguage":"fi","potentialAction":[{"@type":"ReadAction","target":["https:\/\/blogs.uef.fi\/tiedonhaku-psykologia\/3-hakukoneet-ja-tietokoneet\/3-1-google-ja-google-scholar\/"]}]},{"@type":"ImageObject","inLanguage":"fi","@id":"https:\/\/blogs.uef.fi\/tiedonhaku-psykologia\/3-hakukoneet-ja-tietokoneet\/3-1-google-ja-google-scholar\/#primaryimage","url":"https:\/\/biotiedonhaku.files.wordpress.com\/2017\/06\/scholargooglaus.jpg?w=584&amp;h=327","contentUrl":"https:\/\/biotiedonhaku.files.wordpress.com\/2017\/06\/scholargooglaus.jpg?w=584&amp;h=327"},{"@type":"BreadcrumbList","@id":"https:\/\/blogs.uef.fi\/tiedonhaku-psykologia\/3-hakukoneet-ja-tietokoneet\/3-1-google-ja-google-scholar\/#breadcrumb","itemListElement":[{"@type":"ListItem","position":1,"name":"Home","item":"https:\/\/blogs.uef.fi\/tiedonhaku-psykologia\/"},{"@type":"ListItem","position":2,"name":"3. Hakukoneet ja tietokannat","item":"https:\/\/blogs.uef.fi\/tiedonhaku-psykologia\/3-hakukoneet-ja-tietokoneet\/"},{"@type":"ListItem","position":3,"name":"3.4 Google ja Google Scholar"}]},{"@type":"WebSite","@id":"https:\/\/blogs.uef.fi\/tiedonhaku-psykologia\/#website","url":"https:\/\/blogs.uef.fi\/tiedonhaku-psykologia\/","name":"Psykologian tiedonhaku 8020120","description":"Psykologian tiedonhaku on kattava oppimateriaali tiedonhakuun psykologeille. Se sis\u00e4lt\u00e4\u00e4 yleiset tiedonhaun tekniikat sek\u00e4 psykologian tiedonl\u00e4hteet ohjeineen ja esimerkkeineen.","potentialAction":[{"@type":"SearchAction","target":{"@type":"EntryPoint","urlTemplate":"https:\/\/blogs.uef.fi\/tiedonhaku-psykologia\/?s={search_term_string}"},"query-input":{"@type":"PropertyValueSpecification","valueRequired":true,"valueName":"search_term_string"}}],"inLanguage":"fi"}]}},"_links":{"self":[{"href":"https:\/\/blogs.uef.fi\/tiedonhaku-psykologia\/wp-json\/wp\/v2\/pages\/401","targetHints":{"allow":["GET"]}}],"collection":[{"href":"https:\/\/blogs.uef.fi\/tiedonhaku-psykologia\/wp-json\/wp\/v2\/pages"}],"about":[{"href":"https:\/\/blogs.uef.fi\/tiedonhaku-psykologia\/wp-json\/wp\/v2\/types\/page"}],"author":[{"embeddable":true,"href":"https:\/\/blogs.uef.fi\/tiedonhaku-psykologia\/wp-json\/wp\/v2\/users\/190"}],"replies":[{"embeddable":true,"href":"https:\/\/blogs.uef.fi\/tiedonhaku-psykologia\/wp-json\/wp\/v2\/comments?post=401"}],"version-history":[{"count":3,"href":"https:\/\/blogs.uef.fi\/tiedonhaku-psykologia\/wp-json\/wp\/v2\/pages\/401\/revisions"}],"predecessor-version":[{"id":1938,"href":"https:\/\/blogs.uef.fi\/tiedonhaku-psykologia\/wp-json\/wp\/v2\/pages\/401\/revisions\/1938"}],"up":[{"embeddable":true,"href":"https:\/\/blogs.uef.fi\/tiedonhaku-psykologia\/wp-json\/wp\/v2\/pages\/393"}],"wp:attachment":[{"href":"https:\/\/blogs.uef.fi\/tiedonhaku-psykologia\/wp-json\/wp\/v2\/media?parent=401"}],"curies":[{"name":"wp","href":"https:\/\/api.w.org\/{rel}","templated":true}]}}