{"id":361,"date":"2018-07-31T16:21:43","date_gmt":"2018-07-31T13:21:43","guid":{"rendered":"https:\/\/blogs.uef.fi\/tiedonhaku-psykologia\/?page_id=361"},"modified":"2024-07-04T12:50:07","modified_gmt":"2024-07-04T09:50:07","slug":"2-7-onnistuiko-tiedonhaku","status":"publish","type":"page","link":"https:\/\/blogs.uef.fi\/tiedonhaku-psykologia\/2-hakutekniikka\/2-7-onnistuiko-tiedonhaku\/","title":{"rendered":"2.7 Onnistuiko tiedonhakusi?"},"content":{"rendered":"\n<p>Haun onnistuminen tulosten perusteella arvioituna riippuu haun tarkoituksesta. Joskus riitt\u00e4\u00e4 v\u00e4h\u00e4n, mutta tarkasti aiheeseen liittyvi\u00e4 tuloksia. Toisella kertaa on tarpeen saada esiin \u201dkaikki mahdollinen\u201d, vaikka osa tuloksista menisikin ohi aiheen.<\/p>\n\n\n\n<h2 class=\"wp-block-heading\">Haetko m\u00e4\u00e4r\u00e4\u00e4 vai aiheenmukaisuutta?<\/h2>\n\n\n\n<p>Usein tulosten m\u00e4\u00e4r\u00e4 ja aiheenmukaisuus eli relevanssi ovat toisilleen vastakkaiset lopputulemat. N\u00e4iden kahden <strong>sopivaa yhdistelm\u00e4\u00e4 haetaan muuntelemalla hakulauseita<\/strong> tietyin keinoin.<\/p>\n\n\n\n<figure class=\"wp-block-image size-full is-resized\"><img loading=\"lazy\" decoding=\"async\" width=\"768\" height=\"520\" src=\"https:\/\/blogs.uef.fi\/tiedonhaku-psykologia\/wp-content\/uploads\/sites\/69\/2021\/09\/aihe_vs_maara.png\" alt=\"Koordinaatisto, jossa x-akselilla tulosten relevanssi ja y-akselilla tulosten m\u00e4\u00e4r\u00e4. Yksitt\u00e4inen havainto on merkitty raksilla. Havainnot muodostavat laskevan funktion mukaisen pilven: mit\u00e4 isompi y:n arvo, sen pienempi x:n arvo.\" class=\"wp-image-1926\" style=\"width:400px\" srcset=\"https:\/\/blogs.uef.fi\/tiedonhaku-psykologia\/wp-content\/uploads\/sites\/69\/2021\/09\/aihe_vs_maara.png 768w, https:\/\/blogs.uef.fi\/tiedonhaku-psykologia\/wp-content\/uploads\/sites\/69\/2021\/09\/aihe_vs_maara-300x203.png 300w\" sizes=\"auto, (max-width: 768px) 100vw, 768px\" \/><figcaption class=\"wp-element-caption\"><em>Kuva havainnollistaa, kuinka yksitt\u00e4isen hakulauseen tuloksessa tulosten m\u00e4\u00e4r\u00e4 ja aiheenmukaisuus tulosta kokonaisuutena tarkasteltaessa usein k\u00e4ytt\u00e4ytyv\u00e4t.<\/em><\/figcaption><\/figure>\n\n\n\n<h2 class=\"wp-block-heading\">Hakua voidaan muokata tarpeen mukaan<\/h2>\n\n\n\n<ul class=\"wp-block-list\">\n<li>s\u00e4\u00e4telem\u00e4ll\u00e4 <strong>k\u00e4sitteiden<\/strong> m\u00e4\u00e4r\u00e4\u00e4 hakulauseessa<\/li>\n\n\n\n<li>valitsemalla erilaisia <strong>hakusanoja<\/strong> k\u00e4sitteit\u00e4 kuvaamaan<\/li>\n\n\n\n<li>kohdistamalla hakua tietueen eri <strong>kenttiin<\/strong><\/li>\n\n\n\n<li>valitsemalla k\u00e4ytt\u00e4\u00e4k\u00f6 <strong>sanakatkaisua<\/strong> vai ei<\/li>\n\n\n\n<li><strong>rajauksilla<\/strong><\/li>\n<\/ul>\n\n\n\n<p>Jo saadun hakutuloksen perusteella voidaan p\u00e4\u00e4tell\u00e4, mill\u00e4 tavoin hakulausetta voisi muuttaa.<\/p>\n\n\n\n<figure class=\"wp-block-image size-full\"><img loading=\"lazy\" decoding=\"async\" width=\"1237\" height=\"867\" src=\"https:\/\/blogs.uef.fi\/tiedonhaku-psykologia\/wp-content\/uploads\/sites\/69\/2024\/07\/muokkaus.png\" alt=\"Muutokset hakulauseeseen, kun tulee liikaa tai ep\u00e4tarkkaa. K\u00e4sitteiden m\u00e4\u00e4r\u00e4: Ota mukaan lis\u00e4\u00e4 k\u00e4sitteit\u00e4 AND-operaattorilla. Hakukent\u00e4t: K\u00e4yt\u00e4 asiasana-, nimeke- ja (tiivistelm\u00e4)kentti\u00e4. Hakusanat: Tarkenna hakusana t\u00e4sm\u00e4llisemm\u00e4ksi, k\u00e4yt\u00e4 fraasia AND-operaation sijaan,  k\u00e4yt\u00e4 perusvartaloa pidemp\u00e4\u00e4 sanankatkaisua tai poista sanankatkaisu, k\u00e4yt\u00e4 rajauksia eli filttereit\u00e4. \nMuutokset hakulauseeseen, kun tulee liian v\u00e4h\u00e4n tai aihetta ei l\u00f6ydy. K\u00e4sitteiden m\u00e4\u00e4r\u00e4: J\u00e4t\u00e4 v\u00e4hiten t\u00e4rke\u00e4 k\u00e4site pois ja hae eri yhdistelmill\u00e4. Hakukent\u00e4t: Hae vapaasti kaikista kentist\u00e4. Hakusanat: K\u00e4yt\u00e4 laajempaa termi\u00e4, muuta fraasi AND-operaatioksi, lis\u00e4\u00e4 vaihtoehtoisia sanoja OR- operaattorilla, kokeile sanankatkaisua.\" class=\"wp-image-3470\" srcset=\"https:\/\/blogs.uef.fi\/tiedonhaku-psykologia\/wp-content\/uploads\/sites\/69\/2024\/07\/muokkaus.png 1237w, https:\/\/blogs.uef.fi\/tiedonhaku-psykologia\/wp-content\/uploads\/sites\/69\/2024\/07\/muokkaus-300x210.png 300w, https:\/\/blogs.uef.fi\/tiedonhaku-psykologia\/wp-content\/uploads\/sites\/69\/2024\/07\/muokkaus-1024x718.png 1024w, https:\/\/blogs.uef.fi\/tiedonhaku-psykologia\/wp-content\/uploads\/sites\/69\/2024\/07\/muokkaus-768x538.png 768w\" sizes=\"auto, (max-width: 1237px) 100vw, 1237px\" \/><figcaption class=\"wp-element-caption\"><em>Jo saadun hakutuloksen perusteella voidaan p\u00e4\u00e4tell\u00e4, mill\u00e4 tavoin hakulausetta voisi muuttaa. Katso esimerkkej\u00e4 alempaa.<\/em><\/figcaption><\/figure>\n\n\n\n<p>Sinun ei tarvitse tehd\u00e4 kaikkea kerralla, vaan voit kokeilla kuinka yksitt\u00e4inen muutos vaikuttaa tulokseen. T\u00e4ll\u00e4 tavoin opit n\u00e4kem\u00e4\u00e4n, mitk\u00e4 muutokset ovat hy\u00f6dyllisi\u00e4 juuri t\u00e4ss\u00e4 aiheessa, mitk\u00e4 eiv\u00e4t. Lopuksi voit koostaa hakulauseita, jossa yhdistelet eri keinoja.<\/p>\n\n\n\n<h2 class=\"wp-block-heading\">N\u00e4in saat v\u00e4hemm\u00e4n ja aiheenmukaisempia tuloksia <\/h2>\n\n\n\n<p>Kun hakusi tuottaa \u201dliian paljon\u201d ja\/tai aiheeltaan ep\u00e4tarkkoja tuloksia, kokeile seuraavia keinoja:<\/p>\n\n\n\n<ul class=\"wp-block-list\">\n<li><strong>lis\u00e4\u00e4 hakuun rajoittavia sanoja<\/strong> (AND:lla; AND-kytkettyj\u00e4 voi olla vaikka kuinka paljon)<br><br><em>nuoret AND pelaaminen -&gt; nuoret AND pelaaminen AND unentarve<\/em><\/li>\n<\/ul>\n\n\n\n<ul class=\"wp-block-list\">\n<li>rajaa hakua asiasanakentt\u00e4\u00e4n, k\u00e4yt\u00e4 asiasanaston sanoja!<\/li>\n\n\n\n<li>rajaa hakua otsikko-kentt\u00e4\u00e4n<\/li>\n<\/ul>\n\n\n\n<ul class=\"wp-block-list\">\n<li>kokeile suppeampia, aihettasi t\u00e4sm\u00e4llisemmin kuvaavia hakusanoja<br><br><em>havainnot -&gt; n\u00e4k\u00f6havainnot<\/em><\/li>\n<\/ul>\n\n\n\n<ul class=\"wp-block-list\">\n<li>poista hakusanoja tai sanankatkaisuja, jotka tuovat paljon aiheeseen liittym\u00e4tt\u00f6mi\u00e4 tuloksia<br><br><em>pel* -&gt; katkaistu sana viittaa liian moneen asiaan, esim. pelko, pelot, pelto, pelti, pelaaja, pelkist\u00e4\u00e4 \u2026<\/em><br><br><em>management (yleissana, joka ei sellaisenaan yksil\u00f6i aihetta riitt\u00e4v\u00e4sti &#8211; toimii vain jos mukana on tarpeeksi muita, tarkentavia sanoja tai fraasin osana)<\/em><\/li>\n<\/ul>\n\n\n\n<ul class=\"wp-block-list\">\n<li>&nbsp;joskus on hy\u00f6dyllist\u00e4 k\u00e4ytt\u00e4\u00e4 rajaavana termin\u00e4 hyvin laajaa, koko aihealuetta rajaavaa termi\u00e4:<br><br>t<em>erapiamenetelm\u00e4t -&gt; terapiamenetelm\u00e4t AND psykologia<\/em><\/li>\n<\/ul>\n\n\n\n<ul class=\"wp-block-list\">\n<li>k\u00e4yt\u00e4 fraasia and-operaation sijaan<br><br><em>henkinen AND hyvinvointi -&gt; \u201dhenkinen hyvinvointi\u201d<\/em><\/li>\n<\/ul>\n\n\n\n<ul class=\"wp-block-list\">\n<li>kokeile sulkea joitakin sanoja hakutuloksen ulkopuolelle NOT-operaattorilla<br><br><em>aktiivisuus NOT fyysinen<\/em><\/li>\n<\/ul>\n\n\n\n<ul class=\"wp-block-list\">\n<li>rajaa hakua esim.<strong> julkaisuvuodella, -kielell\u00e4 tai -tyypill\u00e4<\/strong> (esim. peer review\/scholarly-lehtiin)<\/li>\n<\/ul>\n\n\n\n<h2 class=\"wp-block-heading\">N\u00e4in saat enemm\u00e4n tuloksia<\/h2>\n\n\n\n<p style=\"font-size:17px\">Kun hakulauseesi tuottaa vain niukasti tuloksia, voit kokeilla seuraavia keinoja:<\/p>\n\n\n\n<ul class=\"wp-block-list\">\n<li>tarkista <strong>kirjoitusvirheet ja sanan kirjoitusmuodot<\/strong> (yhteen vai erikseen, lyhenteet yms.)<br><br><em>wellbeing<\/em> vai <em>well-being<\/em> vai molemmat?<\/li>\n<\/ul>\n\n\n\n<ul class=\"wp-block-list\">\n<li>mieti k\u00e4ytt\u00e4mi\u00e4si hakusanoja, oletko hakenut liian suppealla sanalla:&nbsp; mihin laajempaan aihealueeseen ongelma kuuluu, ja <strong>k\u00e4yt\u00e4 laajempaa hakutermi\u00e4<\/strong><br><br><em>p\u00e4iv\u00e4unet -&gt; uni<\/em>, <em>lepo<\/em><\/li>\n<\/ul>\n\n\n\n<ul class=\"wp-block-list\">\n<li>etsi hakusanoillesi <strong>synonyymeja ja rinnakkaistermej\u00e4<\/strong> (lis\u00e4t\u00e4\u00e4n OR:lla)<br><br><em>lepo -&gt; uni OR lepo OR rentoutuminen<\/em><\/li>\n<\/ul>\n\n\n\n<ul class=\"wp-block-list\">\n<li><strong>v\u00e4henn\u00e4 hakulausekkeesta AND-operaatioita<\/strong> eli rajaavia hakusanoja<br><br><em>rekrytointi AND soveltuvuustestit AND kehitt\u00e4minen -&gt; soveltuvuustestit AND kehitt\u00e4minen<\/em><\/li>\n<\/ul>\n\n\n\n<ul class=\"wp-block-list\">\n<li><strong>pura fraasit<\/strong> tai yhdyssanat, jos sanojen esiintyminen yhdess\u00e4 ei ole v\u00e4ltt\u00e4m\u00e4t\u00f6nt\u00e4 tai sanojen v\u00e4liss\u00e4 voisi olla jotain muutakin<br><br><em>&#8221;psyykkinen kuormittavuus&#8221; -&gt; psyykkinen AND kuormittavuus<\/em><\/li>\n<\/ul>\n\n\n\n<ul class=\"wp-block-list\">\n<li><strong>katkaise<\/strong> hakusana saadaksesi taivutusmuodot ja johdannaiset mukaan<br><br><em>perfektionismi -&gt; perfektionis* <\/em>(kattaa sanojen perferktionismi ja perfektionisti taivutusmuodot)<\/li>\n<\/ul>\n\n\n\n<ul class=\"wp-block-list\">\n<li>k\u00e4yt\u00e4 <strong>vapaasanahakua<\/strong>, jos olet k\u00e4ytt\u00e4nyt asiasanahakua (tai muuta kentt\u00e4rajausta)<\/li>\n\n\n\n<li><strong>poista vuosi- ym. rajoitukset<\/strong><\/li>\n<\/ul>\n\n\n\n<p><strong>Vinkki: <\/strong><br>Joskus jokin yksitt\u00e4inen sana voi olla tietokannassa niin harvinainen, ett\u00e4 sen rinnalle ei kannata ottaa mit\u00e4\u00e4n muuta hakusanaa. Voit testata sanan yleisyytt\u00e4 tekem\u00e4ll\u00e4 yksinkertaisen sanahaun.<\/p>\n\n\n\n<h2 class=\"wp-block-heading\">Saitko ihan v\u00e4\u00e4ri\u00e4 tuloksia? <strong><br><\/strong><\/h2>\n\n\n\n<p>Onko k\u00e4ytt\u00e4m\u00e4si tietokanta oikea? Jos aihe on hyvin poikkitieteellinen, monitieteinen tietokanta voi olla sopivampi kuin tiettyyn alaan keskittyv\u00e4.<\/p>\n\n\n\n<p>Varmista, ett\u00e4 olet yhdist\u00e4nyt hakusanat loogisesti oikein.<\/p>\n\n\n\n<h2 class=\"wp-block-heading\">Tiedonhaku on prosessi<\/h2>\n\n\n\n<p>Tiedonhaun prosessi on k\u00e4ynniss\u00e4 koko ajan esim. opinn\u00e4ytety\u00f6n edistyess\u00e4, tiedon lis\u00e4\u00e4ntyess\u00e4 ja kenties n\u00e4k\u00f6kulmien muuttuessa. Tiedonhaku ei yleens\u00e4 hoidu kerralla, vaan joudut muokkaamaan hakujasi ja palaamaan edellisiin vaiheisiin.<\/p>\n\n\n\n<p>Prosessin vaiheet:<\/p>\n\n\n\n<ul class=\"wp-block-list\">\n<li>aiheesta k\u00e4sitteiksi<\/li>\n\n\n\n<li>k\u00e4sitteist\u00e4 hakusanoiksi<\/li>\n\n\n\n<li>hakusanojen muoto (katkaisu, fraasi) ja yhdist\u00e4minen (AND, OR, NOT)<\/li>\n\n\n\n<li>aihepiiriin ja aineistotyyppiin sopivan tietokannan ja muun hakuv\u00e4lineen valinta<\/li>\n\n\n\n<li>hakusanojen testaus koehauilla<\/li>\n\n\n\n<li>haut eri hakuv\u00e4lineill\u00e4<\/li>\n\n\n\n<li><strong>tulosten m\u00e4\u00e4r\u00e4n ja osuvuuden arviointi sek\u00e4 siit\u00e4 seuraava hakujen muokkaus<\/strong><\/li>\n\n\n\n<li>l\u00e4hteiden valinta<\/li>\n\n\n\n<li>l\u00e4hteiden&nbsp;saatavuus ja paikantaminen<\/li>\n<\/ul>\n\n\n\n<p class=\"has-text-align-right\">Seuraava sivu: <a href=\"https:\/\/blogs.uef.fi\/tiedonhaku-psykologia\/2-hakutekniikka\/2-8-henkilohaku\/\">Henkil\u00f6haku<\/a><\/p>\n","protected":false},"excerpt":{"rendered":"<p>Haun onnistuminen tulosten perusteella arvioituna riippuu haun tarkoituksesta. Joskus riitt\u00e4\u00e4 v\u00e4h\u00e4n, mutta tarkasti aiheeseen liittyvi\u00e4 tuloksia. Toisella kertaa on tarpeen saada esiin \u201dkaikki mahdollinen\u201d, vaikka osa tuloksista menisikin ohi aiheen. Haetko m\u00e4\u00e4r\u00e4\u00e4 vai aiheenmukaisuutta? Usein tulosten m\u00e4\u00e4r\u00e4 ja aiheenmukaisuus eli relevanssi ovat toisilleen vastakkaiset lopputulemat. N\u00e4iden kahden sopivaa yhdistelm\u00e4\u00e4 haetaan muuntelemalla hakulauseita tietyin keinoin. Hakua [&hellip;]<\/p>\n","protected":false},"author":190,"featured_media":0,"parent":85,"menu_order":0,"comment_status":"closed","ping_status":"closed","template":"","meta":{"_acf_changed":false,"footnotes":""},"class_list":["post-361","page","type-page","status-publish","hentry"],"acf":[],"yoast_head":"<!-- This site is optimized with the Yoast SEO plugin v27.1.1 - https:\/\/yoast.com\/product\/yoast-seo-wordpress\/ -->\n<title>2.7 Onnistuiko tiedonhakusi? - Psykologian tiedonhaku 8020120<\/title>\n<meta name=\"robots\" content=\"index, follow, max-snippet:-1, max-image-preview:large, max-video-preview:-1\" \/>\n<link rel=\"canonical\" href=\"https:\/\/blogs.uef.fi\/tiedonhaku-psykologia\/2-hakutekniikka\/2-7-onnistuiko-tiedonhaku\/\" \/>\n<meta property=\"og:locale\" content=\"fi_FI\" \/>\n<meta property=\"og:type\" content=\"article\" \/>\n<meta property=\"og:title\" content=\"2.7 Onnistuiko tiedonhakusi? - Psykologian tiedonhaku 8020120\" \/>\n<meta property=\"og:description\" content=\"Haun onnistuminen tulosten perusteella arvioituna riippuu haun tarkoituksesta. Joskus riitt\u00e4\u00e4 v\u00e4h\u00e4n, mutta tarkasti aiheeseen liittyvi\u00e4 tuloksia. Toisella kertaa on tarpeen saada esiin \u201dkaikki mahdollinen\u201d, vaikka osa tuloksista menisikin ohi aiheen. Haetko m\u00e4\u00e4r\u00e4\u00e4 vai aiheenmukaisuutta? Usein tulosten m\u00e4\u00e4r\u00e4 ja aiheenmukaisuus eli relevanssi ovat toisilleen vastakkaiset lopputulemat. N\u00e4iden kahden sopivaa yhdistelm\u00e4\u00e4 haetaan muuntelemalla hakulauseita tietyin keinoin. Hakua [&hellip;]\" \/>\n<meta property=\"og:url\" content=\"https:\/\/blogs.uef.fi\/tiedonhaku-psykologia\/2-hakutekniikka\/2-7-onnistuiko-tiedonhaku\/\" \/>\n<meta property=\"og:site_name\" content=\"Psykologian tiedonhaku 8020120\" \/>\n<meta property=\"article:modified_time\" content=\"2024-07-04T09:50:07+00:00\" \/>\n<meta property=\"og:image\" content=\"https:\/\/blogs.uef.fi\/tiedonhaku-psykologia\/wp-content\/uploads\/sites\/69\/2021\/09\/aihe_vs_maara.png\" \/>\n<meta name=\"twitter:card\" content=\"summary_large_image\" \/>\n<meta name=\"twitter:label1\" content=\"Arvioitu lukuaika\" \/>\n\t<meta name=\"twitter:data1\" content=\"4 minuuttia\" \/>\n<script type=\"application\/ld+json\" class=\"yoast-schema-graph\">{\"@context\":\"https:\/\/schema.org\",\"@graph\":[{\"@type\":\"WebPage\",\"@id\":\"https:\/\/blogs.uef.fi\/tiedonhaku-psykologia\/2-hakutekniikka\/2-7-onnistuiko-tiedonhaku\/\",\"url\":\"https:\/\/blogs.uef.fi\/tiedonhaku-psykologia\/2-hakutekniikka\/2-7-onnistuiko-tiedonhaku\/\",\"name\":\"2.7 Onnistuiko tiedonhakusi? - Psykologian tiedonhaku 8020120\",\"isPartOf\":{\"@id\":\"https:\/\/blogs.uef.fi\/tiedonhaku-psykologia\/#website\"},\"primaryImageOfPage\":{\"@id\":\"https:\/\/blogs.uef.fi\/tiedonhaku-psykologia\/2-hakutekniikka\/2-7-onnistuiko-tiedonhaku\/#primaryimage\"},\"image\":{\"@id\":\"https:\/\/blogs.uef.fi\/tiedonhaku-psykologia\/2-hakutekniikka\/2-7-onnistuiko-tiedonhaku\/#primaryimage\"},\"thumbnailUrl\":\"https:\/\/blogs.uef.fi\/tiedonhaku-psykologia\/wp-content\/uploads\/sites\/69\/2021\/09\/aihe_vs_maara.png\",\"datePublished\":\"2018-07-31T13:21:43+00:00\",\"dateModified\":\"2024-07-04T09:50:07+00:00\",\"breadcrumb\":{\"@id\":\"https:\/\/blogs.uef.fi\/tiedonhaku-psykologia\/2-hakutekniikka\/2-7-onnistuiko-tiedonhaku\/#breadcrumb\"},\"inLanguage\":\"fi\",\"potentialAction\":[{\"@type\":\"ReadAction\",\"target\":[\"https:\/\/blogs.uef.fi\/tiedonhaku-psykologia\/2-hakutekniikka\/2-7-onnistuiko-tiedonhaku\/\"]}]},{\"@type\":\"ImageObject\",\"inLanguage\":\"fi\",\"@id\":\"https:\/\/blogs.uef.fi\/tiedonhaku-psykologia\/2-hakutekniikka\/2-7-onnistuiko-tiedonhaku\/#primaryimage\",\"url\":\"https:\/\/blogs.uef.fi\/tiedonhaku-psykologia\/wp-content\/uploads\/sites\/69\/2021\/09\/aihe_vs_maara.png\",\"contentUrl\":\"https:\/\/blogs.uef.fi\/tiedonhaku-psykologia\/wp-content\/uploads\/sites\/69\/2021\/09\/aihe_vs_maara.png\",\"width\":768,\"height\":520,\"caption\":\"Kuva havainnollistaa, kuinka yksitt\u00e4isen hakulauseen tuloksessa tulosten m\u00e4\u00e4r\u00e4 ja aiheenmukaisuus tulosta kokonaisuutena tarkasteltaessa usein k\u00e4ytt\u00e4ytyv\u00e4t.\"},{\"@type\":\"BreadcrumbList\",\"@id\":\"https:\/\/blogs.uef.fi\/tiedonhaku-psykologia\/2-hakutekniikka\/2-7-onnistuiko-tiedonhaku\/#breadcrumb\",\"itemListElement\":[{\"@type\":\"ListItem\",\"position\":1,\"name\":\"Home\",\"item\":\"https:\/\/blogs.uef.fi\/tiedonhaku-psykologia\/\"},{\"@type\":\"ListItem\",\"position\":2,\"name\":\"2. Hakutekniikka\",\"item\":\"https:\/\/blogs.uef.fi\/tiedonhaku-psykologia\/2-hakutekniikka\/\"},{\"@type\":\"ListItem\",\"position\":3,\"name\":\"2.7 Onnistuiko tiedonhakusi?\"}]},{\"@type\":\"WebSite\",\"@id\":\"https:\/\/blogs.uef.fi\/tiedonhaku-psykologia\/#website\",\"url\":\"https:\/\/blogs.uef.fi\/tiedonhaku-psykologia\/\",\"name\":\"Psykologian tiedonhaku 8020120\",\"description\":\"Psykologian tiedonhaku on kattava oppimateriaali tiedonhakuun psykologeille. Se sis\u00e4lt\u00e4\u00e4 yleiset tiedonhaun tekniikat sek\u00e4 psykologian tiedonl\u00e4hteet ohjeineen ja esimerkkeineen.\",\"potentialAction\":[{\"@type\":\"SearchAction\",\"target\":{\"@type\":\"EntryPoint\",\"urlTemplate\":\"https:\/\/blogs.uef.fi\/tiedonhaku-psykologia\/?s={search_term_string}\"},\"query-input\":{\"@type\":\"PropertyValueSpecification\",\"valueRequired\":true,\"valueName\":\"search_term_string\"}}],\"inLanguage\":\"fi\"}]}<\/script>\n<!-- \/ Yoast SEO plugin. -->","yoast_head_json":{"title":"2.7 Onnistuiko tiedonhakusi? - Psykologian tiedonhaku 8020120","robots":{"index":"index","follow":"follow","max-snippet":"max-snippet:-1","max-image-preview":"max-image-preview:large","max-video-preview":"max-video-preview:-1"},"canonical":"https:\/\/blogs.uef.fi\/tiedonhaku-psykologia\/2-hakutekniikka\/2-7-onnistuiko-tiedonhaku\/","og_locale":"fi_FI","og_type":"article","og_title":"2.7 Onnistuiko tiedonhakusi? - Psykologian tiedonhaku 8020120","og_description":"Haun onnistuminen tulosten perusteella arvioituna riippuu haun tarkoituksesta. Joskus riitt\u00e4\u00e4 v\u00e4h\u00e4n, mutta tarkasti aiheeseen liittyvi\u00e4 tuloksia. Toisella kertaa on tarpeen saada esiin \u201dkaikki mahdollinen\u201d, vaikka osa tuloksista menisikin ohi aiheen. Haetko m\u00e4\u00e4r\u00e4\u00e4 vai aiheenmukaisuutta? Usein tulosten m\u00e4\u00e4r\u00e4 ja aiheenmukaisuus eli relevanssi ovat toisilleen vastakkaiset lopputulemat. N\u00e4iden kahden sopivaa yhdistelm\u00e4\u00e4 haetaan muuntelemalla hakulauseita tietyin keinoin. Hakua [&hellip;]","og_url":"https:\/\/blogs.uef.fi\/tiedonhaku-psykologia\/2-hakutekniikka\/2-7-onnistuiko-tiedonhaku\/","og_site_name":"Psykologian tiedonhaku 8020120","article_modified_time":"2024-07-04T09:50:07+00:00","og_image":[{"url":"https:\/\/blogs.uef.fi\/tiedonhaku-psykologia\/wp-content\/uploads\/sites\/69\/2021\/09\/aihe_vs_maara.png","type":"","width":"","height":""}],"twitter_card":"summary_large_image","twitter_misc":{"Arvioitu lukuaika":"4 minuuttia"},"schema":{"@context":"https:\/\/schema.org","@graph":[{"@type":"WebPage","@id":"https:\/\/blogs.uef.fi\/tiedonhaku-psykologia\/2-hakutekniikka\/2-7-onnistuiko-tiedonhaku\/","url":"https:\/\/blogs.uef.fi\/tiedonhaku-psykologia\/2-hakutekniikka\/2-7-onnistuiko-tiedonhaku\/","name":"2.7 Onnistuiko tiedonhakusi? - Psykologian tiedonhaku 8020120","isPartOf":{"@id":"https:\/\/blogs.uef.fi\/tiedonhaku-psykologia\/#website"},"primaryImageOfPage":{"@id":"https:\/\/blogs.uef.fi\/tiedonhaku-psykologia\/2-hakutekniikka\/2-7-onnistuiko-tiedonhaku\/#primaryimage"},"image":{"@id":"https:\/\/blogs.uef.fi\/tiedonhaku-psykologia\/2-hakutekniikka\/2-7-onnistuiko-tiedonhaku\/#primaryimage"},"thumbnailUrl":"https:\/\/blogs.uef.fi\/tiedonhaku-psykologia\/wp-content\/uploads\/sites\/69\/2021\/09\/aihe_vs_maara.png","datePublished":"2018-07-31T13:21:43+00:00","dateModified":"2024-07-04T09:50:07+00:00","breadcrumb":{"@id":"https:\/\/blogs.uef.fi\/tiedonhaku-psykologia\/2-hakutekniikka\/2-7-onnistuiko-tiedonhaku\/#breadcrumb"},"inLanguage":"fi","potentialAction":[{"@type":"ReadAction","target":["https:\/\/blogs.uef.fi\/tiedonhaku-psykologia\/2-hakutekniikka\/2-7-onnistuiko-tiedonhaku\/"]}]},{"@type":"ImageObject","inLanguage":"fi","@id":"https:\/\/blogs.uef.fi\/tiedonhaku-psykologia\/2-hakutekniikka\/2-7-onnistuiko-tiedonhaku\/#primaryimage","url":"https:\/\/blogs.uef.fi\/tiedonhaku-psykologia\/wp-content\/uploads\/sites\/69\/2021\/09\/aihe_vs_maara.png","contentUrl":"https:\/\/blogs.uef.fi\/tiedonhaku-psykologia\/wp-content\/uploads\/sites\/69\/2021\/09\/aihe_vs_maara.png","width":768,"height":520,"caption":"Kuva havainnollistaa, kuinka yksitt\u00e4isen hakulauseen tuloksessa tulosten m\u00e4\u00e4r\u00e4 ja aiheenmukaisuus tulosta kokonaisuutena tarkasteltaessa usein k\u00e4ytt\u00e4ytyv\u00e4t."},{"@type":"BreadcrumbList","@id":"https:\/\/blogs.uef.fi\/tiedonhaku-psykologia\/2-hakutekniikka\/2-7-onnistuiko-tiedonhaku\/#breadcrumb","itemListElement":[{"@type":"ListItem","position":1,"name":"Home","item":"https:\/\/blogs.uef.fi\/tiedonhaku-psykologia\/"},{"@type":"ListItem","position":2,"name":"2. Hakutekniikka","item":"https:\/\/blogs.uef.fi\/tiedonhaku-psykologia\/2-hakutekniikka\/"},{"@type":"ListItem","position":3,"name":"2.7 Onnistuiko tiedonhakusi?"}]},{"@type":"WebSite","@id":"https:\/\/blogs.uef.fi\/tiedonhaku-psykologia\/#website","url":"https:\/\/blogs.uef.fi\/tiedonhaku-psykologia\/","name":"Psykologian tiedonhaku 8020120","description":"Psykologian tiedonhaku on kattava oppimateriaali tiedonhakuun psykologeille. Se sis\u00e4lt\u00e4\u00e4 yleiset tiedonhaun tekniikat sek\u00e4 psykologian tiedonl\u00e4hteet ohjeineen ja esimerkkeineen.","potentialAction":[{"@type":"SearchAction","target":{"@type":"EntryPoint","urlTemplate":"https:\/\/blogs.uef.fi\/tiedonhaku-psykologia\/?s={search_term_string}"},"query-input":{"@type":"PropertyValueSpecification","valueRequired":true,"valueName":"search_term_string"}}],"inLanguage":"fi"}]}},"_links":{"self":[{"href":"https:\/\/blogs.uef.fi\/tiedonhaku-psykologia\/wp-json\/wp\/v2\/pages\/361","targetHints":{"allow":["GET"]}}],"collection":[{"href":"https:\/\/blogs.uef.fi\/tiedonhaku-psykologia\/wp-json\/wp\/v2\/pages"}],"about":[{"href":"https:\/\/blogs.uef.fi\/tiedonhaku-psykologia\/wp-json\/wp\/v2\/types\/page"}],"author":[{"embeddable":true,"href":"https:\/\/blogs.uef.fi\/tiedonhaku-psykologia\/wp-json\/wp\/v2\/users\/190"}],"replies":[{"embeddable":true,"href":"https:\/\/blogs.uef.fi\/tiedonhaku-psykologia\/wp-json\/wp\/v2\/comments?post=361"}],"version-history":[{"count":2,"href":"https:\/\/blogs.uef.fi\/tiedonhaku-psykologia\/wp-json\/wp\/v2\/pages\/361\/revisions"}],"predecessor-version":[{"id":3479,"href":"https:\/\/blogs.uef.fi\/tiedonhaku-psykologia\/wp-json\/wp\/v2\/pages\/361\/revisions\/3479"}],"up":[{"embeddable":true,"href":"https:\/\/blogs.uef.fi\/tiedonhaku-psykologia\/wp-json\/wp\/v2\/pages\/85"}],"wp:attachment":[{"href":"https:\/\/blogs.uef.fi\/tiedonhaku-psykologia\/wp-json\/wp\/v2\/media?parent=361"}],"curies":[{"name":"wp","href":"https:\/\/api.w.org\/{rel}","templated":true}]}}