{"id":1711,"date":"2021-07-30T13:36:24","date_gmt":"2021-07-30T10:36:24","guid":{"rendered":"https:\/\/blogs.uef.fi\/tiedonhaku-psykologia\/?page_id=1711"},"modified":"2025-08-20T12:13:00","modified_gmt":"2025-08-20T09:13:00","slug":"2-8-henkilohaku","status":"publish","type":"page","link":"https:\/\/blogs.uef.fi\/tiedonhaku-psykologia\/2-hakutekniikka\/2-8-henkilohaku\/","title":{"rendered":"2.8 Henkil\u00f6haku"},"content":{"rendered":"\n<p>Henkil\u00f6hakua voi tehd\u00e4 tietokannoista kahdella tavalla.<\/p>\n\n\n\n<ul class=\"wp-block-list\">\n<li>haetaan tietyn kirjoittajan teoksia: tekij\u00e4haku<\/li>\n\n\n\n<li>haetaan tietoa tietyst\u00e4 henkil\u00f6st\u00e4: aihehaku<\/li>\n<\/ul>\n\n\n\n<h2 class=\"wp-block-heading\">Tekij\u00e4haku<\/h2>\n\n\n\n<p>Tekij\u00e4n eli kirjoittajan (author) nimi voidaan tallentaa tietokantaa kahdella tavalla.<br>1) sukunimi ja etunimen\/-nimien ensimm\u00e4inen kirjain<br>2) sukunimi ja etunimi\/nimet<\/p>\n\n\n\n<p>Tapa on voinut vaihdella eri tietokannoissa ja eri aikoina. Siksip\u00e4&nbsp; haussa kannattaa k\u00e4ytt\u00e4\u00e4 hyv\u00e4ksi hakutekniikoita:<\/p>\n\n\n\n<ul class=\"wp-block-list\">\n<li>kirjoita nimi fraasiksi, jotta etu- ja sukunimi pysyv\u00e4t yhdess\u00e4. J\u00e4rjestys on useimmiten : <em>&#8221;sukunimi etunimi&#8221;<\/em><\/li>\n\n\n\n<li>yhdist\u00e4 hakuun OR-operaattorilla nimimuoto, jossa etunimest\u00e4 on vain ensimm\u00e4inen kirjain\n<ul class=\"wp-block-list\">\n<li><em>&#8221;watson john b&#8221; OR &#8221;watson john broadus&#8221; OR watson j b&#8221; <\/em><\/li>\n<\/ul>\n<\/li>\n\n\n\n<li>mahdollista on k\u00e4ytt\u00e4\u00e4 my\u00f6s katkaisumerkki\u00e4 etukirjaimen per\u00e4ss\u00e4. T\u00e4m\u00e4 tietysti voi tuoda&nbsp; tulokseen paljon muitakin kuin halutun tekij\u00e4n, mutta toimii mukavasti, jos kyseess\u00e4 on harvinaisempi sukunimi<\/li>\n\n\n\n<li>kohdista hakusanat tekij\u00e4-kentt\u00e4\u00e4n tai k\u00e4yt\u00e4 tietokannan omaa tekij\u00e4hakua<\/li>\n<\/ul>\n\n\n\n<p><strong>Esimerkkej\u00e4:<\/strong><\/p>\n\n\n\n<p>Tekij\u00e4n hakeminen hakukent\u00e4n avulla PsycInfossa:<\/p>\n\n\n\n<figure class=\"wp-block-image aligncenter size-full\"><img loading=\"lazy\" decoding=\"async\" width=\"1105\" height=\"276\" src=\"https:\/\/blogs.uef.fi\/tiedonhaku-psykologia\/wp-content\/uploads\/sites\/69\/2021\/07\/PSY_PI_tekija.png\" alt=\"Kuvakaappaus PsycInfo-tietokannasta. Ylimm\u00e4lle hakuriville on kirjoitettu &quot;watson john b&quot; OR &quot;watson john broadus&quot; OR watson j b&quot;. Rivin per\u00e4st\u00e4 on valittu hakukentt\u00e4 AU Author. Muut hakurivit ovat tyhji\u00e4.\" class=\"wp-image-1714\" srcset=\"https:\/\/blogs.uef.fi\/tiedonhaku-psykologia\/wp-content\/uploads\/sites\/69\/2021\/07\/PSY_PI_tekija.png 1105w, https:\/\/blogs.uef.fi\/tiedonhaku-psykologia\/wp-content\/uploads\/sites\/69\/2021\/07\/PSY_PI_tekija-300x75.png 300w, https:\/\/blogs.uef.fi\/tiedonhaku-psykologia\/wp-content\/uploads\/sites\/69\/2021\/07\/PSY_PI_tekija-1024x256.png 1024w, https:\/\/blogs.uef.fi\/tiedonhaku-psykologia\/wp-content\/uploads\/sites\/69\/2021\/07\/PSY_PI_tekija-768x192.png 768w\" sizes=\"auto, (max-width: 1105px) 100vw, 1105px\" \/><\/figure>\n\n\n\n<p>Scopuksessa voi k\u00e4ytt\u00e4\u00e4 erillist\u00e4 tekij\u00e4hakua: Authors-v\u00e4lilehti.<\/p>\n\n\n\n<figure class=\"wp-block-image size-full\"><img loading=\"lazy\" decoding=\"async\" width=\"835\" height=\"670\" src=\"https:\/\/blogs.uef.fi\/tiedonhaku-psykologia\/wp-content\/uploads\/sites\/69\/2025\/08\/PSY_scopusauthor.png\" alt=\"Haku Scopuksessa Author-v\u00e4lilehdell\u00e4: honkalampi kirsi. Affliliaatio-kent\u00e4ss\u00e4: university of eastern finland. Affiliaatio tarkoittaa organisaatiota, jonka j\u00e4senen\u00e4 kirjoittaja on julkaisun tehnyt. Ei ole pakollinen tieto. Haun j\u00e4lkeen n\u00e4kyvill\u00e4 kirjoittajan erilaiset nimivariantit: honkalampi kirsi m, honkalampi kirsi, honkalampi k. Show documents -valinta hakee kaikki kerralla.\" class=\"wp-image-3506\" srcset=\"https:\/\/blogs.uef.fi\/tiedonhaku-psykologia\/wp-content\/uploads\/sites\/69\/2025\/08\/PSY_scopusauthor.png 835w, https:\/\/blogs.uef.fi\/tiedonhaku-psykologia\/wp-content\/uploads\/sites\/69\/2025\/08\/PSY_scopusauthor-300x241.png 300w, https:\/\/blogs.uef.fi\/tiedonhaku-psykologia\/wp-content\/uploads\/sites\/69\/2025\/08\/PSY_scopusauthor-768x616.png 768w\" sizes=\"auto, (max-width: 835px) 100vw, 835px\" \/><figcaption class=\"wp-element-caption\"><em>Haku Scopuksesta kirjoittajan nimell\u00e4. Nykyp\u00e4iv\u00e4n tutkijoita haettaessa on mahdollista k\u00e4ytt\u00e4\u00e4 ns. <strong>tutkijatunnistetta<\/strong>. T\u00e4llaisia ovat mm. Orcid sek\u00e4 tietokantakohtaiset tunnisteet. Tutkijatunnisteesta on my\u00f6s se etu, ett\u00e4 edes nimenvaihdokset eiv\u00e4t haittaa tutkijan julkaisujen j\u00e4ljitt\u00e4mist\u00e4. <br>Lue lis\u00e4\u00e4: <a href=\"https:\/\/tutkijatunniste.fi\/\" target=\"_blank\" rel=\"noreferrer noopener\">tutkijatunniste.fi<\/a>.<\/em><\/figcaption><\/figure>\n\n\n\n<p>Erikoismerkit voivat olla ongelma haussa joskus, mutta onneksi nykyisin yh\u00e4 harvemmin. Esimerkiksi Web of Scienceen on tallennettu \u00e4\u00e4kk\u00f6si\u00e4 eri tavoin, mutta Authors-haku onnistuu silti \u00e4\u00e4kk\u00f6sten kanssa. My\u00f6s Web of Sciencessa on erillinen tekij\u00e4haku, Researchers. Linkki on hakuun on Advanced search -v\u00e4lilehdell\u00e4.<\/p>\n\n\n\n<figure class=\"wp-block-image size-full\"><img loading=\"lazy\" decoding=\"async\" width=\"1127\" height=\"876\" src=\"https:\/\/blogs.uef.fi\/tiedonhaku-psykologia\/wp-content\/uploads\/sites\/69\/2025\/08\/PSY_wos_researcher.png\" alt=\"Kuvakaappaus Web of Science tietokannasta. Researchers-hakuun kirjoitettu hakusanoiksi: r\u00e4ty, H.\nTuloksissa 1. Raty, Hannu, 2. Raty, Heli P, 3. Raty, H (R\u00e4ty, H). Affiliaatiotieto auttaa tunnistamaan oikean tekij\u00e4n: R\u00e4ty Hannu ja R\u00e4ty H.\" class=\"wp-image-3509\" srcset=\"https:\/\/blogs.uef.fi\/tiedonhaku-psykologia\/wp-content\/uploads\/sites\/69\/2025\/08\/PSY_wos_researcher.png 1127w, https:\/\/blogs.uef.fi\/tiedonhaku-psykologia\/wp-content\/uploads\/sites\/69\/2025\/08\/PSY_wos_researcher-300x233.png 300w, https:\/\/blogs.uef.fi\/tiedonhaku-psykologia\/wp-content\/uploads\/sites\/69\/2025\/08\/PSY_wos_researcher-1024x796.png 1024w, https:\/\/blogs.uef.fi\/tiedonhaku-psykologia\/wp-content\/uploads\/sites\/69\/2025\/08\/PSY_wos_researcher-768x597.png 768w\" sizes=\"auto, (max-width: 1127px) 100vw, 1127px\" \/><figcaption class=\"wp-element-caption\"><em>Haku tehd\u00e4\u00e4n sukunimell\u00e4 ja etunimen kirjaimella. Affiliaatiotiedon perusteella tunnistetaan eri versiot nimest\u00e4 ja ne voidaan valita yhdistettyn\u00e4 hakuun rastimalla oikeat ruudut.<\/em><\/figcaption><\/figure>\n\n\n\n<p>Sek\u00e4 Scopuksessa ett\u00e4 Web of Sciencessa tekij\u00e4n nimen voi kirjoittaa my\u00f6s normaaliin hakuun, jos haluaa yhdist\u00e4\u00e4 hakuun muitakin hakusanoja. Nimen kirjoitusasun kanssa kannattaa olla tarkkana; mik\u00e4 muoto toimisi parhaiten: etunimi + sukunimi (Scopus) vai sukunimi + etunimen kirjain\/kirjaimet, ehk\u00e4 katkaisumerkill\u00e4 varustetuna tai OR-operaattorilla yhdist\u00e4en (Web of Science).<\/p>\n\n\n\n<p>Astetta vaikeampia haettavia ovat kyrilliset nimet. Tapoja litteroida kyrilliikkaa latinalaisiksi aakkosiksi on useita ja t\u00e4m\u00e4 pit\u00e4\u00e4 huomioida haussa.<\/p>\n\n\n\n<figure class=\"wp-block-image aligncenter size-full\"><img loading=\"lazy\" decoding=\"async\" width=\"1418\" height=\"285\" src=\"https:\/\/blogs.uef.fi\/tiedonhaku-psykologia\/wp-content\/uploads\/sites\/69\/2021\/07\/PSY_UP_tekija.png\" alt=\"\" class=\"wp-image-1723\" srcset=\"https:\/\/blogs.uef.fi\/tiedonhaku-psykologia\/wp-content\/uploads\/sites\/69\/2021\/07\/PSY_UP_tekija.png 1418w, https:\/\/blogs.uef.fi\/tiedonhaku-psykologia\/wp-content\/uploads\/sites\/69\/2021\/07\/PSY_UP_tekija-300x60.png 300w, https:\/\/blogs.uef.fi\/tiedonhaku-psykologia\/wp-content\/uploads\/sites\/69\/2021\/07\/PSY_UP_tekija-1024x206.png 1024w, https:\/\/blogs.uef.fi\/tiedonhaku-psykologia\/wp-content\/uploads\/sites\/69\/2021\/07\/PSY_UP_tekija-768x154.png 768w\" sizes=\"auto, (max-width: 1418px) 100vw, 1418px\" \/><figcaption class=\"wp-element-caption\"><em>Tekij\u00e4-haku UEF-Primossa.<\/em><\/figcaption><\/figure>\n\n\n\n<p>Erityist\u00e4 p\u00e4\u00e4nvaivaa tuottavat nimet, jotka ovat hyvin yleisi\u00e4, kuten John Smith. Haussa voi t\u00e4ll\u00f6in olla avuksi, jos tiet\u00e4\u00e4, miss\u00e4 kyseinen henkil\u00f6 on ty\u00f6skennellyt, eli affiliaatiotieto.<\/p>\n\n\n\n<figure class=\"wp-block-image aligncenter size-full\"><img loading=\"lazy\" decoding=\"async\" width=\"1496\" height=\"658\" src=\"https:\/\/blogs.uef.fi\/tiedonhaku-psykologia\/wp-content\/uploads\/sites\/69\/2021\/07\/PSY_affl.png\" alt=\"\" class=\"wp-image-1726\" srcset=\"https:\/\/blogs.uef.fi\/tiedonhaku-psykologia\/wp-content\/uploads\/sites\/69\/2021\/07\/PSY_affl.png 1496w, https:\/\/blogs.uef.fi\/tiedonhaku-psykologia\/wp-content\/uploads\/sites\/69\/2021\/07\/PSY_affl-300x132.png 300w, https:\/\/blogs.uef.fi\/tiedonhaku-psykologia\/wp-content\/uploads\/sites\/69\/2021\/07\/PSY_affl-1024x450.png 1024w, https:\/\/blogs.uef.fi\/tiedonhaku-psykologia\/wp-content\/uploads\/sites\/69\/2021\/07\/PSY_affl-768x338.png 768w\" sizes=\"auto, (max-width: 1496px) 100vw, 1496px\" \/><figcaption class=\"wp-element-caption\"><em>Esimerkki Scopus-tietokannan Authors-haun tuloksesta.<\/em><\/figcaption><\/figure>\n\n\n\n<p><\/p>\n\n\n\n<h2 class=\"wp-block-heading\">Henkil\u00f6 tai h\u00e4nen ty\u00f6ns\u00e4 julkaisun aiheena<\/h2>\n\n\n\n<p>Helpointa henkil\u00f6n hakeminen julkaisun kohteena on hakeminen asiasanan eli aiheen avulla. Valitse siis hakukent\u00e4ksi Aihehaku (UEF-Primo) tai Subject tai muu vastaava kentt\u00e4 muissa tietokannoissa.<\/p>\n\n\n\n<p><\/p>\n\n\n\n<figure class=\"wp-block-image size-full\"><img loading=\"lazy\" decoding=\"async\" width=\"1042\" height=\"589\" src=\"https:\/\/blogs.uef.fi\/tiedonhaku-psykologia\/wp-content\/uploads\/sites\/69\/2021\/07\/PSY_UP_aihe_henkilo.png\" alt=\"\" class=\"wp-image-1738\" srcset=\"https:\/\/blogs.uef.fi\/tiedonhaku-psykologia\/wp-content\/uploads\/sites\/69\/2021\/07\/PSY_UP_aihe_henkilo.png 1042w, https:\/\/blogs.uef.fi\/tiedonhaku-psykologia\/wp-content\/uploads\/sites\/69\/2021\/07\/PSY_UP_aihe_henkilo-300x170.png 300w, https:\/\/blogs.uef.fi\/tiedonhaku-psykologia\/wp-content\/uploads\/sites\/69\/2021\/07\/PSY_UP_aihe_henkilo-1024x579.png 1024w, https:\/\/blogs.uef.fi\/tiedonhaku-psykologia\/wp-content\/uploads\/sites\/69\/2021\/07\/PSY_UP_aihe_henkilo-768x434.png 768w\" sizes=\"auto, (max-width: 1042px) 100vw, 1042px\" \/><figcaption class=\"wp-element-caption\"><em>Aihe-haku henkil\u00f6nnimell\u00e4 UEF-Primosta.<\/em><\/figcaption><\/figure>\n\n\n\n<p>Nimen kirjoitustapaan p\u00e4tev\u00e4t samat yleiset periaatteet kuin tekij\u00e4haussa.<\/p>\n\n\n\n<p>Kuitenkin aina kannattaa olla tarkkana henkil\u00f6nnimill\u00e4 haettaessa. Poikkeuksia nimien kirjoitustapaan on paljon ja jos tuntuu silt\u00e4, ett\u00e4 hakutulos ei ole &#8221;oikea&#8221; kannattaa mietti\u00e4 vaihtoehtoisia kirjoitustapoja.<\/p>\n\n\n\n<p class=\"has-text-align-right\">Seuraava sivu: <a href=\"https:\/\/blogs.uef.fi\/tiedonhaku-psykologia\/3-hakukoneet-ja-tietokoneet\/3-1-aloita-uef-primosta\/\">Aloita UEF-Primosta<\/a><\/p>\n","protected":false},"excerpt":{"rendered":"<p>Henkil\u00f6hakua voi tehd\u00e4 tietokannoista kahdella tavalla. Tekij\u00e4haku Tekij\u00e4n eli kirjoittajan (author) nimi voidaan tallentaa tietokantaa kahdella tavalla.1) sukunimi ja etunimen\/-nimien ensimm\u00e4inen kirjain2) sukunimi ja etunimi\/nimet Tapa on voinut vaihdella eri tietokannoissa ja eri aikoina. Siksip\u00e4&nbsp; haussa kannattaa k\u00e4ytt\u00e4\u00e4 hyv\u00e4ksi hakutekniikoita: Esimerkkej\u00e4: Tekij\u00e4n hakeminen hakukent\u00e4n avulla PsycInfossa: Scopuksessa voi k\u00e4ytt\u00e4\u00e4 erillist\u00e4 tekij\u00e4hakua: Authors-v\u00e4lilehti. Erikoismerkit voivat olla [&hellip;]<\/p>\n","protected":false},"author":127,"featured_media":0,"parent":85,"menu_order":0,"comment_status":"closed","ping_status":"closed","template":"","meta":{"_acf_changed":false,"footnotes":""},"class_list":["post-1711","page","type-page","status-publish","hentry"],"acf":[],"yoast_head":"<!-- This site is optimized with the Yoast SEO plugin v27.3 - https:\/\/yoast.com\/product\/yoast-seo-wordpress\/ -->\n<title>2.8 Henkil\u00f6haku - Psykologian tiedonhaku 8020120<\/title>\n<meta name=\"robots\" content=\"index, follow, max-snippet:-1, max-image-preview:large, max-video-preview:-1\" \/>\n<link rel=\"canonical\" href=\"https:\/\/blogs.uef.fi\/tiedonhaku-psykologia\/2-hakutekniikka\/2-8-henkilohaku\/\" \/>\n<meta property=\"og:locale\" content=\"fi_FI\" \/>\n<meta property=\"og:type\" content=\"article\" \/>\n<meta property=\"og:title\" content=\"2.8 Henkil\u00f6haku - Psykologian tiedonhaku 8020120\" \/>\n<meta property=\"og:description\" content=\"Henkil\u00f6hakua voi tehd\u00e4 tietokannoista kahdella tavalla. Tekij\u00e4haku Tekij\u00e4n eli kirjoittajan (author) nimi voidaan tallentaa tietokantaa kahdella tavalla.1) sukunimi ja etunimen\/-nimien ensimm\u00e4inen kirjain2) sukunimi ja etunimi\/nimet Tapa on voinut vaihdella eri tietokannoissa ja eri aikoina. Siksip\u00e4&nbsp; haussa kannattaa k\u00e4ytt\u00e4\u00e4 hyv\u00e4ksi hakutekniikoita: Esimerkkej\u00e4: Tekij\u00e4n hakeminen hakukent\u00e4n avulla PsycInfossa: Scopuksessa voi k\u00e4ytt\u00e4\u00e4 erillist\u00e4 tekij\u00e4hakua: Authors-v\u00e4lilehti. Erikoismerkit voivat olla [&hellip;]\" \/>\n<meta property=\"og:url\" content=\"https:\/\/blogs.uef.fi\/tiedonhaku-psykologia\/2-hakutekniikka\/2-8-henkilohaku\/\" \/>\n<meta property=\"og:site_name\" content=\"Psykologian tiedonhaku 8020120\" \/>\n<meta property=\"article:modified_time\" content=\"2025-08-20T09:13:00+00:00\" \/>\n<meta property=\"og:image\" content=\"https:\/\/blogs.uef.fi\/tiedonhaku-psykologia\/wp-content\/uploads\/sites\/69\/2021\/07\/PSY_PI_tekija.png\" \/>\n\t<meta property=\"og:image:width\" content=\"1105\" \/>\n\t<meta property=\"og:image:height\" content=\"276\" \/>\n\t<meta property=\"og:image:type\" content=\"image\/png\" \/>\n<meta name=\"twitter:card\" content=\"summary_large_image\" \/>\n<meta name=\"twitter:label1\" content=\"Arvioitu lukuaika\" \/>\n\t<meta name=\"twitter:data1\" content=\"4 minuuttia\" \/>\n<script type=\"application\/ld+json\" class=\"yoast-schema-graph\">{\"@context\":\"https:\\\/\\\/schema.org\",\"@graph\":[{\"@type\":\"WebPage\",\"@id\":\"https:\\\/\\\/blogs.uef.fi\\\/tiedonhaku-psykologia\\\/2-hakutekniikka\\\/2-8-henkilohaku\\\/\",\"url\":\"https:\\\/\\\/blogs.uef.fi\\\/tiedonhaku-psykologia\\\/2-hakutekniikka\\\/2-8-henkilohaku\\\/\",\"name\":\"2.8 Henkil\u00f6haku - Psykologian tiedonhaku 8020120\",\"isPartOf\":{\"@id\":\"https:\\\/\\\/blogs.uef.fi\\\/tiedonhaku-psykologia\\\/#website\"},\"primaryImageOfPage\":{\"@id\":\"https:\\\/\\\/blogs.uef.fi\\\/tiedonhaku-psykologia\\\/2-hakutekniikka\\\/2-8-henkilohaku\\\/#primaryimage\"},\"image\":{\"@id\":\"https:\\\/\\\/blogs.uef.fi\\\/tiedonhaku-psykologia\\\/2-hakutekniikka\\\/2-8-henkilohaku\\\/#primaryimage\"},\"thumbnailUrl\":\"https:\\\/\\\/blogs.uef.fi\\\/tiedonhaku-psykologia\\\/wp-content\\\/uploads\\\/sites\\\/69\\\/2021\\\/07\\\/PSY_PI_tekija.png\",\"datePublished\":\"2021-07-30T10:36:24+00:00\",\"dateModified\":\"2025-08-20T09:13:00+00:00\",\"breadcrumb\":{\"@id\":\"https:\\\/\\\/blogs.uef.fi\\\/tiedonhaku-psykologia\\\/2-hakutekniikka\\\/2-8-henkilohaku\\\/#breadcrumb\"},\"inLanguage\":\"fi\",\"potentialAction\":[{\"@type\":\"ReadAction\",\"target\":[\"https:\\\/\\\/blogs.uef.fi\\\/tiedonhaku-psykologia\\\/2-hakutekniikka\\\/2-8-henkilohaku\\\/\"]}]},{\"@type\":\"ImageObject\",\"inLanguage\":\"fi\",\"@id\":\"https:\\\/\\\/blogs.uef.fi\\\/tiedonhaku-psykologia\\\/2-hakutekniikka\\\/2-8-henkilohaku\\\/#primaryimage\",\"url\":\"https:\\\/\\\/blogs.uef.fi\\\/tiedonhaku-psykologia\\\/wp-content\\\/uploads\\\/sites\\\/69\\\/2021\\\/07\\\/PSY_PI_tekija.png\",\"contentUrl\":\"https:\\\/\\\/blogs.uef.fi\\\/tiedonhaku-psykologia\\\/wp-content\\\/uploads\\\/sites\\\/69\\\/2021\\\/07\\\/PSY_PI_tekija.png\",\"width\":1105,\"height\":276,\"caption\":\"Tekij\u00e4haku PsycInfor-tietkannasta.\"},{\"@type\":\"BreadcrumbList\",\"@id\":\"https:\\\/\\\/blogs.uef.fi\\\/tiedonhaku-psykologia\\\/2-hakutekniikka\\\/2-8-henkilohaku\\\/#breadcrumb\",\"itemListElement\":[{\"@type\":\"ListItem\",\"position\":1,\"name\":\"Home\",\"item\":\"https:\\\/\\\/blogs.uef.fi\\\/tiedonhaku-psykologia\\\/\"},{\"@type\":\"ListItem\",\"position\":2,\"name\":\"2. Hakutekniikka\",\"item\":\"https:\\\/\\\/blogs.uef.fi\\\/tiedonhaku-psykologia\\\/2-hakutekniikka\\\/\"},{\"@type\":\"ListItem\",\"position\":3,\"name\":\"2.8 Henkil\u00f6haku\"}]},{\"@type\":\"WebSite\",\"@id\":\"https:\\\/\\\/blogs.uef.fi\\\/tiedonhaku-psykologia\\\/#website\",\"url\":\"https:\\\/\\\/blogs.uef.fi\\\/tiedonhaku-psykologia\\\/\",\"name\":\"Psykologian tiedonhaku 8020120\",\"description\":\"Psykologian tiedonhaku on kattava oppimateriaali tiedonhakuun psykologeille. Se sis\u00e4lt\u00e4\u00e4 yleiset tiedonhaun tekniikat sek\u00e4 psykologian tiedonl\u00e4hteet ohjeineen ja esimerkkeineen.\",\"potentialAction\":[{\"@type\":\"SearchAction\",\"target\":{\"@type\":\"EntryPoint\",\"urlTemplate\":\"https:\\\/\\\/blogs.uef.fi\\\/tiedonhaku-psykologia\\\/?s={search_term_string}\"},\"query-input\":{\"@type\":\"PropertyValueSpecification\",\"valueRequired\":true,\"valueName\":\"search_term_string\"}}],\"inLanguage\":\"fi\"}]}<\/script>\n<!-- \/ Yoast SEO plugin. -->","yoast_head_json":{"title":"2.8 Henkil\u00f6haku - Psykologian tiedonhaku 8020120","robots":{"index":"index","follow":"follow","max-snippet":"max-snippet:-1","max-image-preview":"max-image-preview:large","max-video-preview":"max-video-preview:-1"},"canonical":"https:\/\/blogs.uef.fi\/tiedonhaku-psykologia\/2-hakutekniikka\/2-8-henkilohaku\/","og_locale":"fi_FI","og_type":"article","og_title":"2.8 Henkil\u00f6haku - Psykologian tiedonhaku 8020120","og_description":"Henkil\u00f6hakua voi tehd\u00e4 tietokannoista kahdella tavalla. Tekij\u00e4haku Tekij\u00e4n eli kirjoittajan (author) nimi voidaan tallentaa tietokantaa kahdella tavalla.1) sukunimi ja etunimen\/-nimien ensimm\u00e4inen kirjain2) sukunimi ja etunimi\/nimet Tapa on voinut vaihdella eri tietokannoissa ja eri aikoina. Siksip\u00e4&nbsp; haussa kannattaa k\u00e4ytt\u00e4\u00e4 hyv\u00e4ksi hakutekniikoita: Esimerkkej\u00e4: Tekij\u00e4n hakeminen hakukent\u00e4n avulla PsycInfossa: Scopuksessa voi k\u00e4ytt\u00e4\u00e4 erillist\u00e4 tekij\u00e4hakua: Authors-v\u00e4lilehti. Erikoismerkit voivat olla [&hellip;]","og_url":"https:\/\/blogs.uef.fi\/tiedonhaku-psykologia\/2-hakutekniikka\/2-8-henkilohaku\/","og_site_name":"Psykologian tiedonhaku 8020120","article_modified_time":"2025-08-20T09:13:00+00:00","og_image":[{"width":1105,"height":276,"url":"https:\/\/blogs.uef.fi\/tiedonhaku-psykologia\/wp-content\/uploads\/sites\/69\/2021\/07\/PSY_PI_tekija.png","type":"image\/png"}],"twitter_card":"summary_large_image","twitter_misc":{"Arvioitu lukuaika":"4 minuuttia"},"schema":{"@context":"https:\/\/schema.org","@graph":[{"@type":"WebPage","@id":"https:\/\/blogs.uef.fi\/tiedonhaku-psykologia\/2-hakutekniikka\/2-8-henkilohaku\/","url":"https:\/\/blogs.uef.fi\/tiedonhaku-psykologia\/2-hakutekniikka\/2-8-henkilohaku\/","name":"2.8 Henkil\u00f6haku - Psykologian tiedonhaku 8020120","isPartOf":{"@id":"https:\/\/blogs.uef.fi\/tiedonhaku-psykologia\/#website"},"primaryImageOfPage":{"@id":"https:\/\/blogs.uef.fi\/tiedonhaku-psykologia\/2-hakutekniikka\/2-8-henkilohaku\/#primaryimage"},"image":{"@id":"https:\/\/blogs.uef.fi\/tiedonhaku-psykologia\/2-hakutekniikka\/2-8-henkilohaku\/#primaryimage"},"thumbnailUrl":"https:\/\/blogs.uef.fi\/tiedonhaku-psykologia\/wp-content\/uploads\/sites\/69\/2021\/07\/PSY_PI_tekija.png","datePublished":"2021-07-30T10:36:24+00:00","dateModified":"2025-08-20T09:13:00+00:00","breadcrumb":{"@id":"https:\/\/blogs.uef.fi\/tiedonhaku-psykologia\/2-hakutekniikka\/2-8-henkilohaku\/#breadcrumb"},"inLanguage":"fi","potentialAction":[{"@type":"ReadAction","target":["https:\/\/blogs.uef.fi\/tiedonhaku-psykologia\/2-hakutekniikka\/2-8-henkilohaku\/"]}]},{"@type":"ImageObject","inLanguage":"fi","@id":"https:\/\/blogs.uef.fi\/tiedonhaku-psykologia\/2-hakutekniikka\/2-8-henkilohaku\/#primaryimage","url":"https:\/\/blogs.uef.fi\/tiedonhaku-psykologia\/wp-content\/uploads\/sites\/69\/2021\/07\/PSY_PI_tekija.png","contentUrl":"https:\/\/blogs.uef.fi\/tiedonhaku-psykologia\/wp-content\/uploads\/sites\/69\/2021\/07\/PSY_PI_tekija.png","width":1105,"height":276,"caption":"Tekij\u00e4haku PsycInfor-tietkannasta."},{"@type":"BreadcrumbList","@id":"https:\/\/blogs.uef.fi\/tiedonhaku-psykologia\/2-hakutekniikka\/2-8-henkilohaku\/#breadcrumb","itemListElement":[{"@type":"ListItem","position":1,"name":"Home","item":"https:\/\/blogs.uef.fi\/tiedonhaku-psykologia\/"},{"@type":"ListItem","position":2,"name":"2. Hakutekniikka","item":"https:\/\/blogs.uef.fi\/tiedonhaku-psykologia\/2-hakutekniikka\/"},{"@type":"ListItem","position":3,"name":"2.8 Henkil\u00f6haku"}]},{"@type":"WebSite","@id":"https:\/\/blogs.uef.fi\/tiedonhaku-psykologia\/#website","url":"https:\/\/blogs.uef.fi\/tiedonhaku-psykologia\/","name":"Psykologian tiedonhaku 8020120","description":"Psykologian tiedonhaku on kattava oppimateriaali tiedonhakuun psykologeille. Se sis\u00e4lt\u00e4\u00e4 yleiset tiedonhaun tekniikat sek\u00e4 psykologian tiedonl\u00e4hteet ohjeineen ja esimerkkeineen.","potentialAction":[{"@type":"SearchAction","target":{"@type":"EntryPoint","urlTemplate":"https:\/\/blogs.uef.fi\/tiedonhaku-psykologia\/?s={search_term_string}"},"query-input":{"@type":"PropertyValueSpecification","valueRequired":true,"valueName":"search_term_string"}}],"inLanguage":"fi"}]}},"_links":{"self":[{"href":"https:\/\/blogs.uef.fi\/tiedonhaku-psykologia\/wp-json\/wp\/v2\/pages\/1711","targetHints":{"allow":["GET"]}}],"collection":[{"href":"https:\/\/blogs.uef.fi\/tiedonhaku-psykologia\/wp-json\/wp\/v2\/pages"}],"about":[{"href":"https:\/\/blogs.uef.fi\/tiedonhaku-psykologia\/wp-json\/wp\/v2\/types\/page"}],"author":[{"embeddable":true,"href":"https:\/\/blogs.uef.fi\/tiedonhaku-psykologia\/wp-json\/wp\/v2\/users\/127"}],"replies":[{"embeddable":true,"href":"https:\/\/blogs.uef.fi\/tiedonhaku-psykologia\/wp-json\/wp\/v2\/comments?post=1711"}],"version-history":[{"count":2,"href":"https:\/\/blogs.uef.fi\/tiedonhaku-psykologia\/wp-json\/wp\/v2\/pages\/1711\/revisions"}],"predecessor-version":[{"id":3514,"href":"https:\/\/blogs.uef.fi\/tiedonhaku-psykologia\/wp-json\/wp\/v2\/pages\/1711\/revisions\/3514"}],"up":[{"embeddable":true,"href":"https:\/\/blogs.uef.fi\/tiedonhaku-psykologia\/wp-json\/wp\/v2\/pages\/85"}],"wp:attachment":[{"href":"https:\/\/blogs.uef.fi\/tiedonhaku-psykologia\/wp-json\/wp\/v2\/media?parent=1711"}],"curies":[{"name":"wp","href":"https:\/\/api.w.org\/{rel}","templated":true}]}}