{"id":1556,"date":"2021-07-29T10:06:09","date_gmt":"2021-07-29T07:06:09","guid":{"rendered":"https:\/\/blogs.uef.fi\/tiedonhaku-psykologia\/?page_id=1556"},"modified":"2025-10-14T08:41:16","modified_gmt":"2025-10-14T05:41:16","slug":"2-3-asiasanahaku","status":"publish","type":"page","link":"https:\/\/blogs.uef.fi\/tiedonhaku-psykologia\/2-hakutekniikka\/2-3-asiasanahaku\/","title":{"rendered":"2.3 Asiasanahaku"},"content":{"rendered":"\n<p>Hakusanoina voi k\u00e4ytt\u00e4\u00e4 mit\u00e4 tahansa sanoja, jotka kuvaavat aihetta. Tietokantahauissa erityisen tehokkaita hakusanoja ovat ns. asiasanat.<\/p>\n\n\n\n<h2 class=\"wp-block-heading\">Asiasana kuvaa sis\u00e4lt\u00f6\u00e4<\/h2>\n\n\n\n<p>Asiasana on tehokas hakusanana, koska se<\/p>\n\n\n\n<ul class=\"wp-block-list\">\n<li>tallennetaan tietueeseen kertomaan<strong> julkaisun sis\u00e4ll\u00f6st\u00e4<\/strong> lyhyesti<\/li>\n\n\n\n<li>on aina <strong>samanmuotoinen<\/strong><\/li>\n\n\n\n<li>kattaa <strong>useita<\/strong> vaihtoehtoisia, samaa tarkoittavia sanoja<\/li>\n<\/ul>\n\n\n\n<p>Rajaus asiasanaan \/ asiasanahaku <strong>kohdentaa hakua, parantaa usein relevanssia ja aiheen osuvuutta, mutta pienent\u00e4\u00e4 hakutulosta<\/strong>.<\/p>\n\n\n\n<h2 class=\"wp-block-heading\">Asiasanojen k\u00e4ytt\u00f6 tietokannoissa<\/h2>\n\n\n\n<p>Asiasanoja voi k\u00e4ytt\u00e4\u00e4 kuten tavallisia hakusanoja. Halutessasi voit tehd\u00e4 erityist\u00e4 <strong>asiasanahakua, jossa hakusanoja haetaan vain tietyist\u00e4 tietueen kentist\u00e4.<\/strong><\/p>\n\n\n\n<p>Esimerkiksi UEF-Primossa t\u00e4m\u00e4 on nimelt\u00e4\u00e4n Aihehaku. Kansainv\u00e4lisiss\u00e4 tietokannoissa asiasanan nimitys voi olla esimerkiksi Subject, Keyword, Topic tai Index term.<\/p>\n\n\n\n<p><strong>Asiasanahaku kohdistuu vain asiasanoihin<\/strong>, jotka on tallennettu erilliseen asiasanakentt\u00e4\u00e4n.<\/p>\n\n\n\n<ul class=\"wp-block-list\">\n<li>Useimmissa tietokannoissa asiasanahakuun p\u00e4\u00e4st\u00e4\u00e4n tarkennetun haun (advanced search) puolelta (ja siell\u00e4 yleens\u00e4 valitaan pudotusvalikosta hakukent\u00e4ksi esim. subject terms tai asiasana)<\/li>\n\n\n\n<li>Hakusanoiksi pit\u00e4\u00e4 t\u00e4ll\u00f6in valita ao. tietokannan k\u00e4ytt\u00e4m\u00e4n asiasanaston tai tesauruksen termej\u00e4, asiasanoja.<\/li>\n\n\n\n<li>Eri tietokannat k\u00e4ytt\u00e4v\u00e4t eri sanastoja (ks. asiasanastot sivun lopussa). Sama sana ei toimi eri tietokannoissa samalla tavalla.<\/li>\n\n\n\n<li>Jos rajaat hakusi kohdistumaan asiasanakentt\u00e4\u00e4n, et voi k\u00e4ytt\u00e4\u00e4 mit\u00e4 tahansa luonnollisen kielen sanaa (tai ainakaan et niill\u00e4 v\u00e4ltt\u00e4m\u00e4tt\u00e4 saa tulosta).<\/li>\n<\/ul>\n\n\n\n<h2 class=\"wp-block-heading\">Asiasanahaun ja (vapaa)sanahaun ero<\/h2>\n\n\n\n<p>Sanahaku eli vapaasanahaku hakee&nbsp; sanaa<strong> kaikkialta<\/strong> julkaisujen tiedoista: tekij\u00e4n ja julkaisun nimest\u00e4, tiivistelm\u00e4st\u00e4, asiasanoista, kustantajan nimest\u00e4 jne. Voit k\u00e4ytt\u00e4\u00e4 hakusanoina <strong>mit\u00e4 tahansa<\/strong> luonnollisen kielen sanoja tai fraaseja.<\/p>\n\n\n\n<p>Asiasanoja voi k\u00e4ytt\u00e4\u00e4 hakutermein\u00e4 my\u00f6s vapaasanahaussa, mutta vapaat sanat eiv\u00e4t kelpaa asiasanahakuun.<\/p>\n\n\n\n<figure class=\"wp-block-image size-full alignnone wp-image-1758\"><img loading=\"lazy\" decoding=\"async\" width=\"1020\" height=\"802\" src=\"https:\/\/blogs.uef.fi\/tiedonhaku-psykologia\/wp-content\/uploads\/sites\/69\/2021\/08\/PSY_UP_tietue.png\" alt=\"Kuvakaappaus kirjan tiedoista UEF-Primossa. Otsikon sanat kertovat kirjan sis\u00e4ll\u00f6st\u00e4 ja l\u00f6ytyv\u00e4t vapaasanahaulla. Sis\u00e4llysluettelon sanat kertovat sis\u00e4ll\u00f6st\u00e4 ja l\u00f6ytyv\u00e4t vapaasanahaulla. Aiheet tarkoittavat asiasanastojen mukaisia, sis\u00e4lt\u00f6\u00e4 kuvaavia sanoja. Niit\u00e4 voi k\u00e4ytt\u00e4\u00e4 aihehaussa sek\u00e4 vapaasananhaussa.\" class=\"wp-image-1758\" style=\"object-fit:cover\" srcset=\"https:\/\/blogs.uef.fi\/tiedonhaku-psykologia\/wp-content\/uploads\/sites\/69\/2021\/08\/PSY_UP_tietue.png 1020w, https:\/\/blogs.uef.fi\/tiedonhaku-psykologia\/wp-content\/uploads\/sites\/69\/2021\/08\/PSY_UP_tietue-300x236.png 300w, https:\/\/blogs.uef.fi\/tiedonhaku-psykologia\/wp-content\/uploads\/sites\/69\/2021\/08\/PSY_UP_tietue-768x604.png 768w\" sizes=\"auto, (max-width: 1020px) 100vw, 1020px\" \/><figcaption class=\"wp-element-caption\"><em>Tietue UEF-Primosta.<\/em><\/figcaption><\/figure>\n\n\n\n<p>Vapaasanahaku on<strong> oletushakuna<\/strong> tietokannoissa, asiasanahaku pit\u00e4\u00e4 valita erikseen.<\/p>\n\n\n\n<h2 class=\"wp-block-heading\">Milloin asiasanahakua kannattaa k\u00e4ytt\u00e4\u00e4?<\/h2>\n\n\n\n<p>Rajaus asiasanaan \/ asiasanahaku <strong>kohdentaa hakua, parantaa usein relevanssia ja aiheen osuvuutta, mutta pienent\u00e4\u00e4 hakutulosta<\/strong>. Asiasanahaku toimii hyvin silloin, kun <strong>aihe on laaja-alainen tai hankalasti m\u00e4\u00e4ritelt\u00e4v\u00e4.<\/strong><\/p>\n\n\n\n<p>Vapaasanahaku toimii hyvin silloin, kun haettava aihe on <strong>yksityiskohtainen ja tarkasti rajattu<\/strong>, tai kun k\u00e4sitteist\u00f6 ja sanasto kyseisell\u00e4 alalla on <strong>vakiintunutta<\/strong>.<\/p>\n\n\n\n<p>Jos k\u00e4ytet\u00e4\u00e4n samaa hakusanaa sek\u00e4 sanahaussa ett\u00e4 asiasanahaussa, <strong>sanahaku l\u00f6yt\u00e4\u00e4 enemm\u00e4n tuloksia. Asiasanahaun <\/strong>tulokset puolestaan ovat<strong> aiheemukaisia.<\/strong><\/p>\n\n\n\n<p>Katso esimerkit (haut tehty UEF-Primossa 21.6.2020):<\/p>\n\n\n\n<ul class=\"wp-block-list\">\n<li><strong>asiasana- eli aihehaku<\/strong>: <em>itsetunto<\/em>, 416 tulosta<\/li>\n\n\n\n<li><strong>sanahaku<\/strong>: <em>itsetunto<\/em>, 431 tulosta, n\u00e4ihin sis\u00e4ltyv\u00e4t siis kaikki edellisen haun viitteet , lis\u00e4ksi 15 uutta<\/li>\n\n\n\n<li><strong>sanahaku<\/strong>: <em>itsetun*<\/em>, 959 tulosta; kaikki l\u00f6yd\u00f6kset eiv\u00e4t en\u00e4\u00e4 liity itsetunto-sanaan, vaan mukana on esim. itsetuntemus.<\/li>\n<\/ul>\n\n\n\n<p>Paljon riippuu kuitenkin <strong>sanavalinnasta<\/strong>: asiasana voi hyvinkin antaa enemm\u00e4n tuloksia kuin jokin toinen, samaan asiaan liittyv\u00e4 muu hakusana. Haut on tehty UEF Primossa 4.8.2022.<\/p>\n\n\n\n<ul class=\"wp-block-list\">\n<li><strong>asiasanahaku<\/strong>: <em>sisaruus<\/em>, 38 tulosta<\/li>\n\n\n\n<li><strong>vapaasanahaku<\/strong>: <em>sisarussuh*<\/em>, 7 tulosta<\/li>\n<\/ul>\n\n\n\n<h2 class=\"wp-block-heading\">Asiasanastot ovat luetteloita k\u00e4ytett\u00e4vist\u00e4 asiasanoista<\/h2>\n\n\n\n<p>Asiasanat m\u00e4\u00e4ritell\u00e4\u00e4n erityisiss\u00e4 hakemistoissa, joita kutsutaan <strong>asiasanastoiksi eli tesauruksiksi<\/strong>. Eri tietokannat k\u00e4ytt\u00e4v\u00e4t eri sanastoja. <br><br>Asiasanastoissa paitsi listaa asiasanoja, my\u00f6s<strong> selvent\u00e4\u00e4 sanoja eli k\u00e4sitteit\u00e4<\/strong> <strong>ja kuvaa niiden v\u00e4lisi\u00e4 suhteita<\/strong>: assosiatiiviset k\u00e4sitteet (related), yl\u00e4k\u00e4sitteet (broader) ja alak\u00e4sitteet (narrower).<\/p>\n\n\n\n<p>Asiasanastoista<\/p>\n\n\n\n<ul class=\"wp-block-list\">\n<li>etsit\u00e4\u00e4n <strong>oikeat hakusanat<\/strong> asiasanahakua varten<\/li>\n\n\n\n<li>haetaan <strong>vinkkej\u00e4<\/strong> hakusanoiksi ylip\u00e4\u00e4t\u00e4\u00e4n; my\u00f6s rinnakkaiset ja yl\u00e4- ja alak\u00e4sitteet voivat olla hy\u00f6dyllisi\u00e4<\/li>\n<\/ul>\n\n\n\n<h3 class=\"wp-block-heading\">Yleinen suomalainen ontologia YSO<\/h3>\n\n\n\n<p><a href=\"https:\/\/finto.fi\/yso\/fi\/\" target=\"_blank\" rel=\"noopener noreferrer\">Yleinen Suomalainen Ontologia (YSO) <\/a>on <strong>Suomessa k\u00e4ytett\u00e4v\u00e4 asiasanasto.<\/strong> YSOa k\u00e4ytet\u00e4\u00e4n sek\u00e4 UEF-Primon tietueissa ett\u00e4 kansallisessa Finnassa.<br><br>YSO kattaa kaikkien tieteen- ja tiedonalojen keskeisimm\u00e4n terminologian. Termeille saa my\u00f6s <strong>englannin- ja ruotsinkielisen vastineen<\/strong>.<\/p>\n\n\n\n<h4 class=\"wp-block-heading\">YSOn k\u00e4ytt\u00f6ohje<\/h4>\n\n\n\n<p>Sanaa haetaan oikealta yl\u00e4kulmasta, j\u00e4rjestelm\u00e4 antaa ehdotuksia sit\u00e4 mukaa kun sanaa kirjoittaa.<br><br><strong>K\u00c4YTETT\u00c4V\u00c4 TERMI<\/strong> kertoo sanaston hyv\u00e4ksym\u00e4n asiasanan tietylle k\u00e4sitteelle. <br><strong>OHJAUSTERMIT<\/strong> (kuvassa stereotyypit) kertovat, mik\u00e4 sanan sijasta asiasanaa k\u00e4ytet\u00e4\u00e4n. Ohjaustermi\u00e4 ei siis voi tallentaa tietokantaan asiasanaksi (aihe), mutta sit\u00e4 voi hyvin k\u00e4ytt\u00e4\u00e4 hakusanana vapaasanahaussa.<\/p>\n\n\n\n<figure class=\"wp-block-image size-full is-resized\"><img loading=\"lazy\" decoding=\"async\" width=\"946\" height=\"586\" src=\"https:\/\/blogs.uef.fi\/tiedonhaku-psykologia\/wp-content\/uploads\/sites\/69\/2022\/08\/PSY_yso.png\" alt=\"Kuvakaappaus YSOsta. Oikealla ylh\u00e4\u00e4ll\u00e4 on hakuruutu, jossa haettu sanaa stereotypiat. Sivun vasen laita esitt\u00e4\u00e4 sanan paikan k\u00e4sitehierarkiassa. Sivun oikea laita kertoo tiedot haetusta termist\u00e4.\" class=\"wp-image-2138\" style=\"width:500px\" srcset=\"https:\/\/blogs.uef.fi\/tiedonhaku-psykologia\/wp-content\/uploads\/sites\/69\/2022\/08\/PSY_yso.png 946w, https:\/\/blogs.uef.fi\/tiedonhaku-psykologia\/wp-content\/uploads\/sites\/69\/2022\/08\/PSY_yso-300x186.png 300w, https:\/\/blogs.uef.fi\/tiedonhaku-psykologia\/wp-content\/uploads\/sites\/69\/2022\/08\/PSY_yso-768x476.png 768w\" sizes=\"auto, (max-width: 946px) 100vw, 946px\" \/><\/figure>\n\n\n\n<p><strong>Psykologiaan<\/strong> <strong>liittyvi\u00e4 sanoja<\/strong> voi selata klikkaamalla YSO:n etusivulla ensin linkki\u00e4 \u2019Ryhm\u00e4t\u2019 ja sitten kohtaa \u201c55 Psykologia\u201d.<\/p>\n\n\n\n<figure class=\"wp-block-image size-full is-resized\"><img loading=\"lazy\" decoding=\"async\" width=\"664\" height=\"481\" src=\"https:\/\/blogs.uef.fi\/tiedonhaku-psykologia\/wp-content\/uploads\/sites\/69\/2022\/08\/PSY_ysoryhmat.png\" alt=\"\" class=\"wp-image-2141\" style=\"width:500px\" srcset=\"https:\/\/blogs.uef.fi\/tiedonhaku-psykologia\/wp-content\/uploads\/sites\/69\/2022\/08\/PSY_ysoryhmat.png 664w, https:\/\/blogs.uef.fi\/tiedonhaku-psykologia\/wp-content\/uploads\/sites\/69\/2022\/08\/PSY_ysoryhmat-300x217.png 300w\" sizes=\"auto, (max-width: 664px) 100vw, 664px\" \/><\/figure>\n\n\n\n<h3 class=\"wp-block-heading\">APA Thesaurus of Psychological Index Terms<\/h3>\n\n\n\n<p>Asiasanastoa k\u00e4ytet\u00e4\u00e4n PsycInfo-tietokannassa.<\/p>\n\n\n\n<figure class=\"wp-block-image size-full\"><img loading=\"lazy\" decoding=\"async\" width=\"1374\" height=\"825\" src=\"https:\/\/blogs.uef.fi\/tiedonhaku-psykologia\/wp-content\/uploads\/sites\/69\/2020\/02\/PsycInfoEBSCOssa-ja-APAThes.png\" alt=\"Kuvakaappaus. PsycInfon k\u00e4ytt\u00f6liittym\u00e4, jonka oranssissa yl\u00e4palkissa linkki APA:n tesaurukseen\" class=\"wp-image-675\" style=\"object-fit:cover\" srcset=\"https:\/\/blogs.uef.fi\/tiedonhaku-psykologia\/wp-content\/uploads\/sites\/69\/2020\/02\/PsycInfoEBSCOssa-ja-APAThes.png 1374w, https:\/\/blogs.uef.fi\/tiedonhaku-psykologia\/wp-content\/uploads\/sites\/69\/2020\/02\/PsycInfoEBSCOssa-ja-APAThes-300x180.png 300w, https:\/\/blogs.uef.fi\/tiedonhaku-psykologia\/wp-content\/uploads\/sites\/69\/2020\/02\/PsycInfoEBSCOssa-ja-APAThes-1024x615.png 1024w, https:\/\/blogs.uef.fi\/tiedonhaku-psykologia\/wp-content\/uploads\/sites\/69\/2020\/02\/PsycInfoEBSCOssa-ja-APAThes-768x461.png 768w, https:\/\/blogs.uef.fi\/tiedonhaku-psykologia\/wp-content\/uploads\/sites\/69\/2020\/02\/PsycInfoEBSCOssa-ja-APAThes-633x380.png 633w\" sizes=\"auto, (max-width: 1374px) 100vw, 1374px\" \/><\/figure>\n\n\n\n<h3 class=\"wp-block-heading\">Medical Subject Headings<\/h3>\n\n\n\n<p><\/p>\n\n\n\n<p>MeSH-sanastoa k\u00e4ytet\u00e4\u00e4n PubMed-tietokannassa. MeSH-sanoja n\u00e4kee my\u00f6s muualla, mm. UEF-Primossa sek\u00e4 Scopuksessa.<\/p>\n\n\n\n<figure class=\"wp-block-image size-full\"><img loading=\"lazy\" decoding=\"async\" width=\"1407\" height=\"720\" src=\"https:\/\/blogs.uef.fi\/tiedonhaku-psykologia\/wp-content\/uploads\/sites\/69\/2018\/06\/MeSH.png\" alt=\"Kuvakaappaus. Pubmed-k\u00e4ytt\u00f6liittym\u00e4. Hakurivin vasemmalla puolella alasvatovalikko, jossa mahdollista valita MeSH.\" class=\"wp-image-221\" style=\"object-fit:cover\" srcset=\"https:\/\/blogs.uef.fi\/tiedonhaku-psykologia\/wp-content\/uploads\/sites\/69\/2018\/06\/MeSH.png 1407w, https:\/\/blogs.uef.fi\/tiedonhaku-psykologia\/wp-content\/uploads\/sites\/69\/2018\/06\/MeSH-300x154.png 300w, https:\/\/blogs.uef.fi\/tiedonhaku-psykologia\/wp-content\/uploads\/sites\/69\/2018\/06\/MeSH-768x393.png 768w, https:\/\/blogs.uef.fi\/tiedonhaku-psykologia\/wp-content\/uploads\/sites\/69\/2018\/06\/MeSH-1024x524.png 1024w, https:\/\/blogs.uef.fi\/tiedonhaku-psykologia\/wp-content\/uploads\/sites\/69\/2018\/06\/MeSH-743x380.png 743w\" sizes=\"auto, (max-width: 1407px) 100vw, 1407px\" \/><\/figure>\n\n\n\n<p class=\"has-text-align-right\">Seuraava sivu: <a href=\"https:\/\/blogs.uef.fi\/tiedonhaku-psykologia\/2-hakutekniikka\/2-4-sanankatkaisu-korvausmerkit-ja-sanaliitot\/\">Sanankatkaisu, korvausmerkit ja sanaliitot<\/a><\/p>\n","protected":false},"excerpt":{"rendered":"<p>Hakusanoina voi k\u00e4ytt\u00e4\u00e4 mit\u00e4 tahansa sanoja, jotka kuvaavat aihetta. Tietokantahauissa erityisen tehokkaita hakusanoja ovat ns. asiasanat. Asiasana kuvaa sis\u00e4lt\u00f6\u00e4 Asiasana on tehokas hakusanana, koska se Rajaus asiasanaan \/ asiasanahaku kohdentaa hakua, parantaa usein relevanssia ja aiheen osuvuutta, mutta pienent\u00e4\u00e4 hakutulosta. Asiasanojen k\u00e4ytt\u00f6 tietokannoissa Asiasanoja voi k\u00e4ytt\u00e4\u00e4 kuten tavallisia hakusanoja. Halutessasi voit tehd\u00e4 erityist\u00e4 asiasanahakua, jossa [&hellip;]<\/p>\n","protected":false},"author":127,"featured_media":0,"parent":85,"menu_order":0,"comment_status":"closed","ping_status":"closed","template":"","meta":{"_acf_changed":false,"footnotes":""},"class_list":["post-1556","page","type-page","status-publish","hentry"],"acf":[],"yoast_head":"<!-- This site is optimized with the Yoast SEO plugin v27.1.1 - https:\/\/yoast.com\/product\/yoast-seo-wordpress\/ -->\n<title>2.3 Asiasanahaku - Psykologian tiedonhaku 8020120<\/title>\n<meta name=\"robots\" content=\"index, follow, max-snippet:-1, max-image-preview:large, max-video-preview:-1\" \/>\n<link rel=\"canonical\" href=\"https:\/\/blogs.uef.fi\/tiedonhaku-psykologia\/2-hakutekniikka\/2-3-asiasanahaku\/\" \/>\n<meta property=\"og:locale\" content=\"fi_FI\" \/>\n<meta property=\"og:type\" content=\"article\" \/>\n<meta property=\"og:title\" content=\"2.3 Asiasanahaku - Psykologian tiedonhaku 8020120\" \/>\n<meta property=\"og:description\" content=\"Hakusanoina voi k\u00e4ytt\u00e4\u00e4 mit\u00e4 tahansa sanoja, jotka kuvaavat aihetta. Tietokantahauissa erityisen tehokkaita hakusanoja ovat ns. asiasanat. Asiasana kuvaa sis\u00e4lt\u00f6\u00e4 Asiasana on tehokas hakusanana, koska se Rajaus asiasanaan \/ asiasanahaku kohdentaa hakua, parantaa usein relevanssia ja aiheen osuvuutta, mutta pienent\u00e4\u00e4 hakutulosta. Asiasanojen k\u00e4ytt\u00f6 tietokannoissa Asiasanoja voi k\u00e4ytt\u00e4\u00e4 kuten tavallisia hakusanoja. Halutessasi voit tehd\u00e4 erityist\u00e4 asiasanahakua, jossa [&hellip;]\" \/>\n<meta property=\"og:url\" content=\"https:\/\/blogs.uef.fi\/tiedonhaku-psykologia\/2-hakutekniikka\/2-3-asiasanahaku\/\" \/>\n<meta property=\"og:site_name\" content=\"Psykologian tiedonhaku 8020120\" \/>\n<meta property=\"article:modified_time\" content=\"2025-10-14T05:41:16+00:00\" \/>\n<meta property=\"og:image\" content=\"https:\/\/blogs.uef.fi\/tiedonhaku-psykologia\/wp-content\/uploads\/sites\/69\/2021\/08\/PSY_UP_tietue.png\" \/>\n\t<meta property=\"og:image:width\" content=\"1020\" \/>\n\t<meta property=\"og:image:height\" content=\"802\" \/>\n\t<meta property=\"og:image:type\" content=\"image\/png\" \/>\n<meta name=\"twitter:card\" content=\"summary_large_image\" \/>\n<meta name=\"twitter:label1\" content=\"Arvioitu lukuaika\" \/>\n\t<meta name=\"twitter:data1\" content=\"5 minuuttia\" \/>\n<script type=\"application\/ld+json\" class=\"yoast-schema-graph\">{\"@context\":\"https:\/\/schema.org\",\"@graph\":[{\"@type\":\"WebPage\",\"@id\":\"https:\/\/blogs.uef.fi\/tiedonhaku-psykologia\/2-hakutekniikka\/2-3-asiasanahaku\/\",\"url\":\"https:\/\/blogs.uef.fi\/tiedonhaku-psykologia\/2-hakutekniikka\/2-3-asiasanahaku\/\",\"name\":\"2.3 Asiasanahaku - Psykologian tiedonhaku 8020120\",\"isPartOf\":{\"@id\":\"https:\/\/blogs.uef.fi\/tiedonhaku-psykologia\/#website\"},\"primaryImageOfPage\":{\"@id\":\"https:\/\/blogs.uef.fi\/tiedonhaku-psykologia\/2-hakutekniikka\/2-3-asiasanahaku\/#primaryimage\"},\"image\":{\"@id\":\"https:\/\/blogs.uef.fi\/tiedonhaku-psykologia\/2-hakutekniikka\/2-3-asiasanahaku\/#primaryimage\"},\"thumbnailUrl\":\"https:\/\/blogs.uef.fi\/tiedonhaku-psykologia\/wp-content\/uploads\/sites\/69\/2021\/08\/PSY_UP_tietue.png\",\"datePublished\":\"2021-07-29T07:06:09+00:00\",\"dateModified\":\"2025-10-14T05:41:16+00:00\",\"breadcrumb\":{\"@id\":\"https:\/\/blogs.uef.fi\/tiedonhaku-psykologia\/2-hakutekniikka\/2-3-asiasanahaku\/#breadcrumb\"},\"inLanguage\":\"fi\",\"potentialAction\":[{\"@type\":\"ReadAction\",\"target\":[\"https:\/\/blogs.uef.fi\/tiedonhaku-psykologia\/2-hakutekniikka\/2-3-asiasanahaku\/\"]}]},{\"@type\":\"ImageObject\",\"inLanguage\":\"fi\",\"@id\":\"https:\/\/blogs.uef.fi\/tiedonhaku-psykologia\/2-hakutekniikka\/2-3-asiasanahaku\/#primaryimage\",\"url\":\"https:\/\/blogs.uef.fi\/tiedonhaku-psykologia\/wp-content\/uploads\/sites\/69\/2021\/08\/PSY_UP_tietue.png\",\"contentUrl\":\"https:\/\/blogs.uef.fi\/tiedonhaku-psykologia\/wp-content\/uploads\/sites\/69\/2021\/08\/PSY_UP_tietue.png\",\"width\":1020,\"height\":802,\"caption\":\"Kuvakaappaus kirjan tiedoista UEF-Primossa. Otsikon sanat kertovat kirjan sis\u00e4ll\u00f6st\u00e4 ja l\u00f6ytyv\u00e4t vapaasanahaulla. Sis\u00e4llysluettelon sanat kertovat sis\u00e4ll\u00f6st\u00e4 ja l\u00f6ytyv\u00e4t vapaasanahaulla. Aiheet tarkoittavat asiasanastojen mukaisia, sis\u00e4lt\u00f6\u00e4 kuvaavia sanoja. Niit\u00e4 voi k\u00e4ytt\u00e4\u00e4 aihehaussa sek\u00e4 vapaasananhaussa.\"},{\"@type\":\"BreadcrumbList\",\"@id\":\"https:\/\/blogs.uef.fi\/tiedonhaku-psykologia\/2-hakutekniikka\/2-3-asiasanahaku\/#breadcrumb\",\"itemListElement\":[{\"@type\":\"ListItem\",\"position\":1,\"name\":\"Home\",\"item\":\"https:\/\/blogs.uef.fi\/tiedonhaku-psykologia\/\"},{\"@type\":\"ListItem\",\"position\":2,\"name\":\"2. Hakutekniikka\",\"item\":\"https:\/\/blogs.uef.fi\/tiedonhaku-psykologia\/2-hakutekniikka\/\"},{\"@type\":\"ListItem\",\"position\":3,\"name\":\"2.3 Asiasanahaku\"}]},{\"@type\":\"WebSite\",\"@id\":\"https:\/\/blogs.uef.fi\/tiedonhaku-psykologia\/#website\",\"url\":\"https:\/\/blogs.uef.fi\/tiedonhaku-psykologia\/\",\"name\":\"Psykologian tiedonhaku 8020120\",\"description\":\"Psykologian tiedonhaku on kattava oppimateriaali tiedonhakuun psykologeille. Se sis\u00e4lt\u00e4\u00e4 yleiset tiedonhaun tekniikat sek\u00e4 psykologian tiedonl\u00e4hteet ohjeineen ja esimerkkeineen.\",\"potentialAction\":[{\"@type\":\"SearchAction\",\"target\":{\"@type\":\"EntryPoint\",\"urlTemplate\":\"https:\/\/blogs.uef.fi\/tiedonhaku-psykologia\/?s={search_term_string}\"},\"query-input\":{\"@type\":\"PropertyValueSpecification\",\"valueRequired\":true,\"valueName\":\"search_term_string\"}}],\"inLanguage\":\"fi\"}]}<\/script>\n<!-- \/ Yoast SEO plugin. -->","yoast_head_json":{"title":"2.3 Asiasanahaku - Psykologian tiedonhaku 8020120","robots":{"index":"index","follow":"follow","max-snippet":"max-snippet:-1","max-image-preview":"max-image-preview:large","max-video-preview":"max-video-preview:-1"},"canonical":"https:\/\/blogs.uef.fi\/tiedonhaku-psykologia\/2-hakutekniikka\/2-3-asiasanahaku\/","og_locale":"fi_FI","og_type":"article","og_title":"2.3 Asiasanahaku - Psykologian tiedonhaku 8020120","og_description":"Hakusanoina voi k\u00e4ytt\u00e4\u00e4 mit\u00e4 tahansa sanoja, jotka kuvaavat aihetta. Tietokantahauissa erityisen tehokkaita hakusanoja ovat ns. asiasanat. Asiasana kuvaa sis\u00e4lt\u00f6\u00e4 Asiasana on tehokas hakusanana, koska se Rajaus asiasanaan \/ asiasanahaku kohdentaa hakua, parantaa usein relevanssia ja aiheen osuvuutta, mutta pienent\u00e4\u00e4 hakutulosta. Asiasanojen k\u00e4ytt\u00f6 tietokannoissa Asiasanoja voi k\u00e4ytt\u00e4\u00e4 kuten tavallisia hakusanoja. Halutessasi voit tehd\u00e4 erityist\u00e4 asiasanahakua, jossa [&hellip;]","og_url":"https:\/\/blogs.uef.fi\/tiedonhaku-psykologia\/2-hakutekniikka\/2-3-asiasanahaku\/","og_site_name":"Psykologian tiedonhaku 8020120","article_modified_time":"2025-10-14T05:41:16+00:00","og_image":[{"width":1020,"height":802,"url":"https:\/\/blogs.uef.fi\/tiedonhaku-psykologia\/wp-content\/uploads\/sites\/69\/2021\/08\/PSY_UP_tietue.png","type":"image\/png"}],"twitter_card":"summary_large_image","twitter_misc":{"Arvioitu lukuaika":"5 minuuttia"},"schema":{"@context":"https:\/\/schema.org","@graph":[{"@type":"WebPage","@id":"https:\/\/blogs.uef.fi\/tiedonhaku-psykologia\/2-hakutekniikka\/2-3-asiasanahaku\/","url":"https:\/\/blogs.uef.fi\/tiedonhaku-psykologia\/2-hakutekniikka\/2-3-asiasanahaku\/","name":"2.3 Asiasanahaku - Psykologian tiedonhaku 8020120","isPartOf":{"@id":"https:\/\/blogs.uef.fi\/tiedonhaku-psykologia\/#website"},"primaryImageOfPage":{"@id":"https:\/\/blogs.uef.fi\/tiedonhaku-psykologia\/2-hakutekniikka\/2-3-asiasanahaku\/#primaryimage"},"image":{"@id":"https:\/\/blogs.uef.fi\/tiedonhaku-psykologia\/2-hakutekniikka\/2-3-asiasanahaku\/#primaryimage"},"thumbnailUrl":"https:\/\/blogs.uef.fi\/tiedonhaku-psykologia\/wp-content\/uploads\/sites\/69\/2021\/08\/PSY_UP_tietue.png","datePublished":"2021-07-29T07:06:09+00:00","dateModified":"2025-10-14T05:41:16+00:00","breadcrumb":{"@id":"https:\/\/blogs.uef.fi\/tiedonhaku-psykologia\/2-hakutekniikka\/2-3-asiasanahaku\/#breadcrumb"},"inLanguage":"fi","potentialAction":[{"@type":"ReadAction","target":["https:\/\/blogs.uef.fi\/tiedonhaku-psykologia\/2-hakutekniikka\/2-3-asiasanahaku\/"]}]},{"@type":"ImageObject","inLanguage":"fi","@id":"https:\/\/blogs.uef.fi\/tiedonhaku-psykologia\/2-hakutekniikka\/2-3-asiasanahaku\/#primaryimage","url":"https:\/\/blogs.uef.fi\/tiedonhaku-psykologia\/wp-content\/uploads\/sites\/69\/2021\/08\/PSY_UP_tietue.png","contentUrl":"https:\/\/blogs.uef.fi\/tiedonhaku-psykologia\/wp-content\/uploads\/sites\/69\/2021\/08\/PSY_UP_tietue.png","width":1020,"height":802,"caption":"Kuvakaappaus kirjan tiedoista UEF-Primossa. Otsikon sanat kertovat kirjan sis\u00e4ll\u00f6st\u00e4 ja l\u00f6ytyv\u00e4t vapaasanahaulla. Sis\u00e4llysluettelon sanat kertovat sis\u00e4ll\u00f6st\u00e4 ja l\u00f6ytyv\u00e4t vapaasanahaulla. Aiheet tarkoittavat asiasanastojen mukaisia, sis\u00e4lt\u00f6\u00e4 kuvaavia sanoja. Niit\u00e4 voi k\u00e4ytt\u00e4\u00e4 aihehaussa sek\u00e4 vapaasananhaussa."},{"@type":"BreadcrumbList","@id":"https:\/\/blogs.uef.fi\/tiedonhaku-psykologia\/2-hakutekniikka\/2-3-asiasanahaku\/#breadcrumb","itemListElement":[{"@type":"ListItem","position":1,"name":"Home","item":"https:\/\/blogs.uef.fi\/tiedonhaku-psykologia\/"},{"@type":"ListItem","position":2,"name":"2. Hakutekniikka","item":"https:\/\/blogs.uef.fi\/tiedonhaku-psykologia\/2-hakutekniikka\/"},{"@type":"ListItem","position":3,"name":"2.3 Asiasanahaku"}]},{"@type":"WebSite","@id":"https:\/\/blogs.uef.fi\/tiedonhaku-psykologia\/#website","url":"https:\/\/blogs.uef.fi\/tiedonhaku-psykologia\/","name":"Psykologian tiedonhaku 8020120","description":"Psykologian tiedonhaku on kattava oppimateriaali tiedonhakuun psykologeille. Se sis\u00e4lt\u00e4\u00e4 yleiset tiedonhaun tekniikat sek\u00e4 psykologian tiedonl\u00e4hteet ohjeineen ja esimerkkeineen.","potentialAction":[{"@type":"SearchAction","target":{"@type":"EntryPoint","urlTemplate":"https:\/\/blogs.uef.fi\/tiedonhaku-psykologia\/?s={search_term_string}"},"query-input":{"@type":"PropertyValueSpecification","valueRequired":true,"valueName":"search_term_string"}}],"inLanguage":"fi"}]}},"_links":{"self":[{"href":"https:\/\/blogs.uef.fi\/tiedonhaku-psykologia\/wp-json\/wp\/v2\/pages\/1556","targetHints":{"allow":["GET"]}}],"collection":[{"href":"https:\/\/blogs.uef.fi\/tiedonhaku-psykologia\/wp-json\/wp\/v2\/pages"}],"about":[{"href":"https:\/\/blogs.uef.fi\/tiedonhaku-psykologia\/wp-json\/wp\/v2\/types\/page"}],"author":[{"embeddable":true,"href":"https:\/\/blogs.uef.fi\/tiedonhaku-psykologia\/wp-json\/wp\/v2\/users\/127"}],"replies":[{"embeddable":true,"href":"https:\/\/blogs.uef.fi\/tiedonhaku-psykologia\/wp-json\/wp\/v2\/comments?post=1556"}],"version-history":[{"count":1,"href":"https:\/\/blogs.uef.fi\/tiedonhaku-psykologia\/wp-json\/wp\/v2\/pages\/1556\/revisions"}],"predecessor-version":[{"id":3545,"href":"https:\/\/blogs.uef.fi\/tiedonhaku-psykologia\/wp-json\/wp\/v2\/pages\/1556\/revisions\/3545"}],"up":[{"embeddable":true,"href":"https:\/\/blogs.uef.fi\/tiedonhaku-psykologia\/wp-json\/wp\/v2\/pages\/85"}],"wp:attachment":[{"href":"https:\/\/blogs.uef.fi\/tiedonhaku-psykologia\/wp-json\/wp\/v2\/media?parent=1556"}],"curies":[{"name":"wp","href":"https:\/\/api.w.org\/{rel}","templated":true}]}}