{"id":1414,"date":"2020-09-23T14:59:34","date_gmt":"2020-09-23T11:59:34","guid":{"rendered":"https:\/\/blogs.uef.fi\/tiedonhaku-psykologia\/?page_id=1414"},"modified":"2022-02-10T15:29:05","modified_gmt":"2022-02-10T13:29:05","slug":"4-7-vapaa-paasy-aineistoihin","status":"publish","type":"page","link":"https:\/\/blogs.uef.fi\/tiedonhaku-psykologia\/4-hakutulokset\/4-7-vapaa-paasy-aineistoihin\/","title":{"rendered":"4.7. Vapaa p\u00e4\u00e4sy aineistoihin"},"content":{"rendered":"<p>Suomalaisessa tiede- ja tutkimusmaailmassa on periaatteena, ett\u00e4 <strong>julkisin varoin rahoitettu tutkimus pit\u00e4isi olla kaikkien hy\u00f6dynnett\u00e4viss\u00e4 avoimesti.<\/strong> Lue <a href=\"http:\/\/minedu.fi\/artikkeli\/-\/asset_publisher\/tiedejulkaisun-tekijanoikeudenhaltijalle-aina-oikeus-ei-kaupalliseen-rinnakkaistallentamiseen\" target=\"_blank\" rel=\"noopener noreferrer\">OKM:n tiedote 13.6.2017<\/a>. T\u00e4m\u00e4 koskee uusinta tutkimustietoa, vanhempaa materiaalia on saatavilla vaihtelevasti, maksumuurien takana tai vain painettuina kirjastoista.<\/p>\n<p><strong>Kansainv\u00e4lisesti<\/strong> katsottuna suurin osa tieteellisist\u00e4 artikkeleista ja muista julkaisuista on edelleen vain tilaajien k\u00e4yt\u00f6ss\u00e4. Tilanne kuitenkin muuttuu koko ajan avoimempaan suuntaan.<\/p>\n<p>Tieteen avoimuus hy\u00f6dytt\u00e4\u00e4 ty\u00f6ntekij\u00f6it\u00e4 erityisesti sellaisissa organisaatiossa ja yrityksiss\u00e4, joissa ei ole mahdollisuutta hankkia kalliita tiedejulkaisuja k\u00e4ytt\u00f6\u00f6n. Ks. lis\u00e4\u00e4 <a href=\"https:\/\/blogs.uef.fi\/tiedonhaku-fysiikka\/avoimet-julkaisut\/\" target=\"_blank\" rel=\"noopener noreferrer\">Avoimet julkaisut.<\/a><\/p>\n<p>Avoimia julkaisuja voit hakea helposti <strong>Googlella<\/strong>, kun tied\u00e4t julkaisun nimen. Tietoa ja julkaisuja jaetaan paljon <strong>verkkoyhteis\u00f6palveluissa<\/strong>, esim. ResearchGate ja Academia.edu, joissa verkostoitumalla saat helposti tietoa uusista julkaisuista.<\/p>\n<p><img loading=\"lazy\" decoding=\"async\" class=\"alignleft wp-image-1417 size-medium\" src=\"https:\/\/blogs.uef.fi\/tiedonhaku-psykologia\/wp-content\/uploads\/sites\/69\/2020\/09\/lisaosat-290x300.png\" alt=\"\" width=\"290\" height=\"300\" srcset=\"https:\/\/blogs.uef.fi\/tiedonhaku-psykologia\/wp-content\/uploads\/sites\/69\/2020\/09\/lisaosat-290x300.png 290w, https:\/\/blogs.uef.fi\/tiedonhaku-psykologia\/wp-content\/uploads\/sites\/69\/2020\/09\/lisaosat.png 547w\" sizes=\"auto, (max-width: 290px) 100vw, 290px\" \/><\/p>\n<p>&nbsp;<\/p>\n<p>Tietokoneen selaimeen on mahdollista asentaa<strong> lis\u00e4osa<\/strong>, joka nuuskii, onko artikkelia saatavilla avoimesti jollain muulla verkkosivulla.<\/p>\n<p>&nbsp;<\/p>\n<p><strong>Aiheenmukaiseen tiedonhakuun<\/strong> on tarjolla <strong>monia vapaasti k\u00e4ytett\u00e4vi\u00e4 resursseja<\/strong>. Aineistoissa on jonkin verran linkkej\u00e4 vapaisiin kokoteksteihin. Osa aineistoista sis\u00e4lt\u00e4\u00e4<strong> vain viitetietoja. <\/strong>Itse artikkelin voi siis joutua ostamaan, jos sit\u00e4 ei nimell\u00e4 hakien (Google) l\u00f6ydy vapaasti verkosta.<\/p>\n<p>Lue lis\u00e4\u00e4 <a href=\"https:\/\/www.uef.fi\/fi\/avoimen-tiedon-hakuopas\" target=\"_blank\" rel=\"noopener noreferrer\">Avoimen tiedon hakuoppaasta<\/a> (linkki aukeaa kirjaston sivulle).<\/p>\n<h3>Kansainv\u00e4lisi\u00e4 tiedonl\u00e4hteit\u00e4:<\/h3>\n<ul>\n<li><a href=\"https:\/\/psyarxiv.com\/\" target=\"_blank\" rel=\"noopener noreferrer\">PsycArXiv<\/a><\/li>\n<li><a href=\"https:\/\/scholar.google.com\/\" target=\"_blank\" rel=\"noopener noreferrer\">Google Scholar<\/a><\/li>\n<\/ul>\n<h3>Kotimaiset tiedonl\u00e4hteet:<\/h3>\n<ul>\n<li><a href=\"http:\/\/juuli.fi\/\" target=\"_blank\" rel=\"noopener noreferrer\">Juuli<\/a> (kotimaisten tutkimusorganisaatioiden julkaisutietoja v. 2011 l\u00e4htien, my\u00f6s artikkelit)<\/li>\n<li><a href=\"https:\/\/journal.fi\/\" target=\"_blank\" rel=\"noopener noreferrer\">journal.fi<\/a> (kotimaisia tiedelehti\u00e4 verkossa)<\/li>\n<li><a href=\"https:\/\/finna.fi\/\" target=\"_blank\" rel=\"noopener noreferrer\">Finna.fi<\/a> (kansallinen tietovaranto)<\/li>\n<\/ul>\n<h3>Avoimien julkaisujen hakukoneet<\/h3>\n<ul>\n<li><a href=\"https:\/\/www.base-search.net\/\" target=\"_blank\" rel=\"noopener noreferrer\">Base<\/a> (monitieteinen, hakee tieteellisi\u00e4 julkaisuja monipuolisesti: artikkelit, posterit, data jne.)<\/li>\n<li><a href=\"https:\/\/core.ac.uk\/\" target=\"_blank\" rel=\"noopener noreferrer\">CORE<\/a> (monitieteinen, hakee avoimia tieteellisi\u00e4 artikkeleita julkaisuarkistoista ja lehdist\u00e4)<\/li>\n<\/ul>\n","protected":false},"excerpt":{"rendered":"<p>Suomalaisessa tiede- ja tutkimusmaailmassa on periaatteena, ett\u00e4 julkisin varoin rahoitettu tutkimus pit\u00e4isi olla kaikkien hy\u00f6dynnett\u00e4viss\u00e4 avoimesti. Lue OKM:n tiedote 13.6.2017. T\u00e4m\u00e4 koskee uusinta tutkimustietoa, vanhempaa materiaalia on saatavilla vaihtelevasti, maksumuurien takana tai vain painettuina kirjastoista. Kansainv\u00e4lisesti katsottuna suurin osa tieteellisist\u00e4 artikkeleista ja muista julkaisuista on edelleen vain tilaajien k\u00e4yt\u00f6ss\u00e4. Tilanne kuitenkin muuttuu koko ajan avoimempaan [&hellip;]<\/p>\n","protected":false},"author":127,"featured_media":0,"parent":503,"menu_order":0,"comment_status":"closed","ping_status":"closed","template":"","meta":{"_acf_changed":false,"footnotes":""},"class_list":["post-1414","page","type-page","status-publish","hentry"],"acf":[],"yoast_head":"<!-- This site is optimized with the Yoast SEO plugin v27.3 - https:\/\/yoast.com\/product\/yoast-seo-wordpress\/ -->\n<title>4.7. Vapaa p\u00e4\u00e4sy aineistoihin - Psykologian tiedonhaku 8020120<\/title>\n<meta name=\"robots\" content=\"index, follow, max-snippet:-1, max-image-preview:large, max-video-preview:-1\" \/>\n<link rel=\"canonical\" href=\"https:\/\/blogs.uef.fi\/tiedonhaku-psykologia\/4-hakutulokset\/4-7-vapaa-paasy-aineistoihin\/\" \/>\n<meta property=\"og:locale\" content=\"fi_FI\" \/>\n<meta property=\"og:type\" content=\"article\" \/>\n<meta property=\"og:title\" content=\"4.7. Vapaa p\u00e4\u00e4sy aineistoihin - Psykologian tiedonhaku 8020120\" \/>\n<meta property=\"og:description\" content=\"Suomalaisessa tiede- ja tutkimusmaailmassa on periaatteena, ett\u00e4 julkisin varoin rahoitettu tutkimus pit\u00e4isi olla kaikkien hy\u00f6dynnett\u00e4viss\u00e4 avoimesti. Lue OKM:n tiedote 13.6.2017. T\u00e4m\u00e4 koskee uusinta tutkimustietoa, vanhempaa materiaalia on saatavilla vaihtelevasti, maksumuurien takana tai vain painettuina kirjastoista. Kansainv\u00e4lisesti katsottuna suurin osa tieteellisist\u00e4 artikkeleista ja muista julkaisuista on edelleen vain tilaajien k\u00e4yt\u00f6ss\u00e4. Tilanne kuitenkin muuttuu koko ajan avoimempaan [&hellip;]\" \/>\n<meta property=\"og:url\" content=\"https:\/\/blogs.uef.fi\/tiedonhaku-psykologia\/4-hakutulokset\/4-7-vapaa-paasy-aineistoihin\/\" \/>\n<meta property=\"og:site_name\" content=\"Psykologian tiedonhaku 8020120\" \/>\n<meta property=\"article:modified_time\" content=\"2022-02-10T13:29:05+00:00\" \/>\n<meta property=\"og:image\" content=\"https:\/\/blogs.uef.fi\/tiedonhaku-psykologia\/wp-content\/uploads\/sites\/69\/2020\/09\/lisaosat-290x300.png\" \/>\n<meta name=\"twitter:card\" content=\"summary_large_image\" \/>\n<meta name=\"twitter:label1\" content=\"Arvioitu lukuaika\" \/>\n\t<meta name=\"twitter:data1\" content=\"2 minuuttia\" \/>\n<script type=\"application\/ld+json\" class=\"yoast-schema-graph\">{\"@context\":\"https:\\\/\\\/schema.org\",\"@graph\":[{\"@type\":\"WebPage\",\"@id\":\"https:\\\/\\\/blogs.uef.fi\\\/tiedonhaku-psykologia\\\/4-hakutulokset\\\/4-7-vapaa-paasy-aineistoihin\\\/\",\"url\":\"https:\\\/\\\/blogs.uef.fi\\\/tiedonhaku-psykologia\\\/4-hakutulokset\\\/4-7-vapaa-paasy-aineistoihin\\\/\",\"name\":\"4.7. Vapaa p\u00e4\u00e4sy aineistoihin - Psykologian tiedonhaku 8020120\",\"isPartOf\":{\"@id\":\"https:\\\/\\\/blogs.uef.fi\\\/tiedonhaku-psykologia\\\/#website\"},\"primaryImageOfPage\":{\"@id\":\"https:\\\/\\\/blogs.uef.fi\\\/tiedonhaku-psykologia\\\/4-hakutulokset\\\/4-7-vapaa-paasy-aineistoihin\\\/#primaryimage\"},\"image\":{\"@id\":\"https:\\\/\\\/blogs.uef.fi\\\/tiedonhaku-psykologia\\\/4-hakutulokset\\\/4-7-vapaa-paasy-aineistoihin\\\/#primaryimage\"},\"thumbnailUrl\":\"https:\\\/\\\/blogs.uef.fi\\\/tiedonhaku-psykologia\\\/wp-content\\\/uploads\\\/sites\\\/69\\\/2020\\\/09\\\/lisaosat-290x300.png\",\"datePublished\":\"2020-09-23T11:59:34+00:00\",\"dateModified\":\"2022-02-10T13:29:05+00:00\",\"breadcrumb\":{\"@id\":\"https:\\\/\\\/blogs.uef.fi\\\/tiedonhaku-psykologia\\\/4-hakutulokset\\\/4-7-vapaa-paasy-aineistoihin\\\/#breadcrumb\"},\"inLanguage\":\"fi\",\"potentialAction\":[{\"@type\":\"ReadAction\",\"target\":[\"https:\\\/\\\/blogs.uef.fi\\\/tiedonhaku-psykologia\\\/4-hakutulokset\\\/4-7-vapaa-paasy-aineistoihin\\\/\"]}]},{\"@type\":\"ImageObject\",\"inLanguage\":\"fi\",\"@id\":\"https:\\\/\\\/blogs.uef.fi\\\/tiedonhaku-psykologia\\\/4-hakutulokset\\\/4-7-vapaa-paasy-aineistoihin\\\/#primaryimage\",\"url\":\"https:\\\/\\\/blogs.uef.fi\\\/tiedonhaku-psykologia\\\/wp-content\\\/uploads\\\/sites\\\/69\\\/2020\\\/09\\\/lisaosat.png\",\"contentUrl\":\"https:\\\/\\\/blogs.uef.fi\\\/tiedonhaku-psykologia\\\/wp-content\\\/uploads\\\/sites\\\/69\\\/2020\\\/09\\\/lisaosat.png\",\"width\":547,\"height\":566,\"caption\":\"Lis\u00e4osia Firefox- ja Chrome-selaimille.\"},{\"@type\":\"BreadcrumbList\",\"@id\":\"https:\\\/\\\/blogs.uef.fi\\\/tiedonhaku-psykologia\\\/4-hakutulokset\\\/4-7-vapaa-paasy-aineistoihin\\\/#breadcrumb\",\"itemListElement\":[{\"@type\":\"ListItem\",\"position\":1,\"name\":\"Home\",\"item\":\"https:\\\/\\\/blogs.uef.fi\\\/tiedonhaku-psykologia\\\/\"},{\"@type\":\"ListItem\",\"position\":2,\"name\":\"4. Hakutulokset\",\"item\":\"https:\\\/\\\/blogs.uef.fi\\\/tiedonhaku-psykologia\\\/4-hakutulokset\\\/\"},{\"@type\":\"ListItem\",\"position\":3,\"name\":\"4.7. Vapaa p\u00e4\u00e4sy aineistoihin\"}]},{\"@type\":\"WebSite\",\"@id\":\"https:\\\/\\\/blogs.uef.fi\\\/tiedonhaku-psykologia\\\/#website\",\"url\":\"https:\\\/\\\/blogs.uef.fi\\\/tiedonhaku-psykologia\\\/\",\"name\":\"Psykologian tiedonhaku 8020120\",\"description\":\"Psykologian tiedonhaku on kattava oppimateriaali tiedonhakuun psykologeille. Se sis\u00e4lt\u00e4\u00e4 yleiset tiedonhaun tekniikat sek\u00e4 psykologian tiedonl\u00e4hteet ohjeineen ja esimerkkeineen.\",\"potentialAction\":[{\"@type\":\"SearchAction\",\"target\":{\"@type\":\"EntryPoint\",\"urlTemplate\":\"https:\\\/\\\/blogs.uef.fi\\\/tiedonhaku-psykologia\\\/?s={search_term_string}\"},\"query-input\":{\"@type\":\"PropertyValueSpecification\",\"valueRequired\":true,\"valueName\":\"search_term_string\"}}],\"inLanguage\":\"fi\"}]}<\/script>\n<!-- \/ Yoast SEO plugin. -->","yoast_head_json":{"title":"4.7. Vapaa p\u00e4\u00e4sy aineistoihin - Psykologian tiedonhaku 8020120","robots":{"index":"index","follow":"follow","max-snippet":"max-snippet:-1","max-image-preview":"max-image-preview:large","max-video-preview":"max-video-preview:-1"},"canonical":"https:\/\/blogs.uef.fi\/tiedonhaku-psykologia\/4-hakutulokset\/4-7-vapaa-paasy-aineistoihin\/","og_locale":"fi_FI","og_type":"article","og_title":"4.7. Vapaa p\u00e4\u00e4sy aineistoihin - Psykologian tiedonhaku 8020120","og_description":"Suomalaisessa tiede- ja tutkimusmaailmassa on periaatteena, ett\u00e4 julkisin varoin rahoitettu tutkimus pit\u00e4isi olla kaikkien hy\u00f6dynnett\u00e4viss\u00e4 avoimesti. Lue OKM:n tiedote 13.6.2017. T\u00e4m\u00e4 koskee uusinta tutkimustietoa, vanhempaa materiaalia on saatavilla vaihtelevasti, maksumuurien takana tai vain painettuina kirjastoista. Kansainv\u00e4lisesti katsottuna suurin osa tieteellisist\u00e4 artikkeleista ja muista julkaisuista on edelleen vain tilaajien k\u00e4yt\u00f6ss\u00e4. Tilanne kuitenkin muuttuu koko ajan avoimempaan [&hellip;]","og_url":"https:\/\/blogs.uef.fi\/tiedonhaku-psykologia\/4-hakutulokset\/4-7-vapaa-paasy-aineistoihin\/","og_site_name":"Psykologian tiedonhaku 8020120","article_modified_time":"2022-02-10T13:29:05+00:00","og_image":[{"url":"https:\/\/blogs.uef.fi\/tiedonhaku-psykologia\/wp-content\/uploads\/sites\/69\/2020\/09\/lisaosat-290x300.png","type":"","width":"","height":""}],"twitter_card":"summary_large_image","twitter_misc":{"Arvioitu lukuaika":"2 minuuttia"},"schema":{"@context":"https:\/\/schema.org","@graph":[{"@type":"WebPage","@id":"https:\/\/blogs.uef.fi\/tiedonhaku-psykologia\/4-hakutulokset\/4-7-vapaa-paasy-aineistoihin\/","url":"https:\/\/blogs.uef.fi\/tiedonhaku-psykologia\/4-hakutulokset\/4-7-vapaa-paasy-aineistoihin\/","name":"4.7. Vapaa p\u00e4\u00e4sy aineistoihin - Psykologian tiedonhaku 8020120","isPartOf":{"@id":"https:\/\/blogs.uef.fi\/tiedonhaku-psykologia\/#website"},"primaryImageOfPage":{"@id":"https:\/\/blogs.uef.fi\/tiedonhaku-psykologia\/4-hakutulokset\/4-7-vapaa-paasy-aineistoihin\/#primaryimage"},"image":{"@id":"https:\/\/blogs.uef.fi\/tiedonhaku-psykologia\/4-hakutulokset\/4-7-vapaa-paasy-aineistoihin\/#primaryimage"},"thumbnailUrl":"https:\/\/blogs.uef.fi\/tiedonhaku-psykologia\/wp-content\/uploads\/sites\/69\/2020\/09\/lisaosat-290x300.png","datePublished":"2020-09-23T11:59:34+00:00","dateModified":"2022-02-10T13:29:05+00:00","breadcrumb":{"@id":"https:\/\/blogs.uef.fi\/tiedonhaku-psykologia\/4-hakutulokset\/4-7-vapaa-paasy-aineistoihin\/#breadcrumb"},"inLanguage":"fi","potentialAction":[{"@type":"ReadAction","target":["https:\/\/blogs.uef.fi\/tiedonhaku-psykologia\/4-hakutulokset\/4-7-vapaa-paasy-aineistoihin\/"]}]},{"@type":"ImageObject","inLanguage":"fi","@id":"https:\/\/blogs.uef.fi\/tiedonhaku-psykologia\/4-hakutulokset\/4-7-vapaa-paasy-aineistoihin\/#primaryimage","url":"https:\/\/blogs.uef.fi\/tiedonhaku-psykologia\/wp-content\/uploads\/sites\/69\/2020\/09\/lisaosat.png","contentUrl":"https:\/\/blogs.uef.fi\/tiedonhaku-psykologia\/wp-content\/uploads\/sites\/69\/2020\/09\/lisaosat.png","width":547,"height":566,"caption":"Lis\u00e4osia Firefox- ja Chrome-selaimille."},{"@type":"BreadcrumbList","@id":"https:\/\/blogs.uef.fi\/tiedonhaku-psykologia\/4-hakutulokset\/4-7-vapaa-paasy-aineistoihin\/#breadcrumb","itemListElement":[{"@type":"ListItem","position":1,"name":"Home","item":"https:\/\/blogs.uef.fi\/tiedonhaku-psykologia\/"},{"@type":"ListItem","position":2,"name":"4. Hakutulokset","item":"https:\/\/blogs.uef.fi\/tiedonhaku-psykologia\/4-hakutulokset\/"},{"@type":"ListItem","position":3,"name":"4.7. Vapaa p\u00e4\u00e4sy aineistoihin"}]},{"@type":"WebSite","@id":"https:\/\/blogs.uef.fi\/tiedonhaku-psykologia\/#website","url":"https:\/\/blogs.uef.fi\/tiedonhaku-psykologia\/","name":"Psykologian tiedonhaku 8020120","description":"Psykologian tiedonhaku on kattava oppimateriaali tiedonhakuun psykologeille. Se sis\u00e4lt\u00e4\u00e4 yleiset tiedonhaun tekniikat sek\u00e4 psykologian tiedonl\u00e4hteet ohjeineen ja esimerkkeineen.","potentialAction":[{"@type":"SearchAction","target":{"@type":"EntryPoint","urlTemplate":"https:\/\/blogs.uef.fi\/tiedonhaku-psykologia\/?s={search_term_string}"},"query-input":{"@type":"PropertyValueSpecification","valueRequired":true,"valueName":"search_term_string"}}],"inLanguage":"fi"}]}},"_links":{"self":[{"href":"https:\/\/blogs.uef.fi\/tiedonhaku-psykologia\/wp-json\/wp\/v2\/pages\/1414","targetHints":{"allow":["GET"]}}],"collection":[{"href":"https:\/\/blogs.uef.fi\/tiedonhaku-psykologia\/wp-json\/wp\/v2\/pages"}],"about":[{"href":"https:\/\/blogs.uef.fi\/tiedonhaku-psykologia\/wp-json\/wp\/v2\/types\/page"}],"author":[{"embeddable":true,"href":"https:\/\/blogs.uef.fi\/tiedonhaku-psykologia\/wp-json\/wp\/v2\/users\/127"}],"replies":[{"embeddable":true,"href":"https:\/\/blogs.uef.fi\/tiedonhaku-psykologia\/wp-json\/wp\/v2\/comments?post=1414"}],"version-history":[{"count":2,"href":"https:\/\/blogs.uef.fi\/tiedonhaku-psykologia\/wp-json\/wp\/v2\/pages\/1414\/revisions"}],"predecessor-version":[{"id":2001,"href":"https:\/\/blogs.uef.fi\/tiedonhaku-psykologia\/wp-json\/wp\/v2\/pages\/1414\/revisions\/2001"}],"up":[{"embeddable":true,"href":"https:\/\/blogs.uef.fi\/tiedonhaku-psykologia\/wp-json\/wp\/v2\/pages\/503"}],"wp:attachment":[{"href":"https:\/\/blogs.uef.fi\/tiedonhaku-psykologia\/wp-json\/wp\/v2\/media?parent=1414"}],"curies":[{"name":"wp","href":"https:\/\/api.w.org\/{rel}","templated":true}]}}