{"id":123,"date":"2018-06-18T13:24:32","date_gmt":"2018-06-18T10:24:32","guid":{"rendered":"https:\/\/blogs.uef.fi\/tiedonhaku-psykologia\/?page_id=123"},"modified":"2025-10-14T08:44:26","modified_gmt":"2025-10-14T05:44:26","slug":"2-4-sanankatkaisu-korvausmerkit-ja-sanaliitot","status":"publish","type":"page","link":"https:\/\/blogs.uef.fi\/tiedonhaku-psykologia\/2-hakutekniikka\/2-4-sanankatkaisu-korvausmerkit-ja-sanaliitot\/","title":{"rendered":"2.4 Sanankatkaisu, korvausmerkit ja sanaliitot"},"content":{"rendered":"\n<h2 class=\"wp-block-heading\">Sanankatkaisu<\/h2>\n\n\n\n<p>Sanat taipuvat tai esiintyv\u00e4t yhdyssanojen osina. Sanoista saa muokattua erilaisia johdannaisia. Kun halutaan hakea kaikkia erilaisia taivutusmuotoja, on se ilmaistava hakusanan muodossa. T\u00e4m\u00e4 tehd\u00e4\u00e4n k\u00e4ytt\u00e4m\u00e4ll\u00e4 sanankatkaisua.<\/p>\n\n\n\n<ul class=\"wp-block-list\">\n<li>computer, computers, computerised, computerized, computation, computational \u2026<\/li>\n<\/ul>\n\n\n\n<h3 class=\"wp-block-heading\">Katkaise sana asteriskin avulla<\/h3>\n\n\n\n<p>Erilaiset sanamuodot voi hakea <strong>sanankatkaisun (truncation)<\/strong> avulla. Sanankatkaisu tapahtuu k\u00e4ytt\u00e4m\u00e4ll\u00e4 hakusanana sanan taipumatonta vartaloa, johon liitet\u00e4\u00e4n <strong>katkaisumerkki<\/strong> (truncation mark).<\/p>\n\n\n\n<p><strong>Katkaisumerkkin\u00e4 k\u00e4ytet\u00e4\u00e4n asteriskia (t\u00e4htimerkki)<\/strong>: <em>comput*<\/em><\/p>\n\n\n\n<p>Yleiss\u00e4\u00e4nt\u00f6 on, ett\u00e4 <strong>k\u00e4ytt\u00e4m\u00e4ll\u00e4 sanankatkaisua saadaan lis\u00e4\u00e4 hakutuloksia.<\/strong> Yht\u00e4 hakusanaa k\u00e4ytt\u00e4m\u00e4ll\u00e4 haetaan kerralla lukuisia erilaisia taivutusmuotoja ja muita variantteja.<\/p>\n\n\n\n<h3 class=\"wp-block-heading\">Miten sanat katkaistaan<\/h3>\n\n\n\n<p>Katkaisukohdan kanssa pit\u00e4\u00e4 olla tarkkana. Jos katkaisee liian aikaisin <em>(comp*)<\/em>, tulee my\u00f6s <strong>v\u00e4\u00e4ri\u00e4 osumia<\/strong>. Jos katkaisee liian my\u00f6h\u00e4\u00e4n (<em>computer*<\/em>), osa <strong>j\u00e4\u00e4 l\u00f6ytym\u00e4tt\u00e4<\/strong>.<\/p>\n\n\n\n<figure class=\"wp-block-image size-full is-resized\"><img loading=\"lazy\" decoding=\"async\" width=\"738\" height=\"424\" src=\"https:\/\/blogs.uef.fi\/tiedonhaku-psykologia\/wp-content\/uploads\/sites\/69\/2021\/09\/PSY_katkaisu.png\" alt=\"Teksti\u00e4 sek\u00e4 tulosm\u00e4\u00e4ri\u00e4 symboloivat kirjapinokuvat. Hakusanat ja niiden tulosm\u00e4\u00e4r\u00e4t allekkain. Perustarve: 16. Perustarve*: 18. Perustarpeet: 25. Perustarpeet*: 25. Perustar*: 31. Viimeinen rivi korostettu.\" class=\"wp-image-1904\" srcset=\"https:\/\/blogs.uef.fi\/tiedonhaku-psykologia\/wp-content\/uploads\/sites\/69\/2021\/09\/PSY_katkaisu.png 738w, https:\/\/blogs.uef.fi\/tiedonhaku-psykologia\/wp-content\/uploads\/sites\/69\/2021\/09\/PSY_katkaisu-300x172.png 300w\" sizes=\"auto, (max-width: 738px) 100vw, 738px\" \/><figcaption class=\"wp-element-caption\"><em>Sopiva katkaisukohta perustarpeet-sanalle on perustar*.<\/em><\/figcaption><\/figure>\n\n\n\n<p>Sananvartalo on hyv\u00e4 yleiss\u00e4\u00e4nt\u00f6, mutta ei pid\u00e4 paikkaansa aina, esim. jos vartalo on hyvin lyhyt, kuten sanassa<strong> t<\/strong>y\u00f6. Haun kannalta ongelmallisesti taipuu my\u00f6s esim. sana&nbsp;<em> lapset -&gt; lasten.<\/em><\/p>\n\n\n\n<p>Sana voidaan katkaista ainakin lopusta, mutta usein my\u00f6s alusta tai keskelt\u00e4.<\/p>\n\n\n\n<p>Esimerkkej\u00e4:<\/p>\n\n\n\n<ul class=\"wp-block-list has-white-background-color has-background\">\n<li><em>*psykologia<\/em> : hakee kaikki psykolgian alalajit, kuten neuropsykologia ja havaintopsykologia sek\u00e4 itse p\u00e4\u00e4sanan psykologia<\/li>\n\n\n\n<li><em>ty\u00f6*psykologia<\/em> = ty\u00f6psykologia, ty\u00f6terveyspsykologia, ty\u00f6paikkapsykologia<\/li>\n<\/ul>\n\n\n\n<h3 class=\"wp-block-heading\">Milloin sanat pit\u00e4\u00e4 katkaista<\/h3>\n\n\n\n<p>Kansainv\u00e4liset hakukoneet huomioivat sanojen taipumisen <strong>osittain automaatisesti<\/strong>. L\u00e4hes aina yksikk\u00f6muotoisena haettu sana l\u00f6yt\u00e4\u00e4 my\u00f6s monikon \u2013 ja p\u00e4invastoin.<\/p>\n\n\n\n<ul class=\"wp-block-list\">\n<li><em>child<\/em>: hakee child ja children, ei hae childhood<\/li>\n<\/ul>\n\n\n\n<p>Sanankatkaisua tarvitaan aina v\u00e4hint\u00e4\u00e4n sanojen johdannaisia varten. My\u00f6s lainausmerkkien eli fraasien k\u00e4ytt\u00f6 lis\u00e4\u00e4 katkaisun tarvetta.<\/p>\n\n\n\n<p>Web of Science l\u00f6yt\u00e4\u00e4 automaattisesti verbien eri taivutusmuotoja. Finna.fi osaa hakea suomen kielen taivutusta automaattisesti. T\u00e4m\u00e4 <strong>automatiikka tuottaa joskus yll\u00e4tt\u00e4vi\u00e4 tuloksia<\/strong>. Katso video (kesto 6:57); kannattaa suurentaa koko ruudun kokoiseksi alalaidasta!<\/p>\n\n\n\n<p>UEF-Primo ei osaa taivuttaa suomen kielt\u00e4. Siksi <strong>UEF-Primossa pit\u00e4\u00e4 aina muistaa k\u00e4ytt\u00e4\u00e4 sanakatkaisua.<\/strong><\/p>\n\n\n\n<h2 class=\"wp-block-heading\">Korvausmerkit (wildcards)<\/h2>\n\n\n\n<p>Korvausmerkkej\u00e4 tarvitaan useimmiten hakusanoissa, joiden kirjoitusasu vaihtelee, esim. brittil\u00e4inen englanti vs. amerikanenglanti: <em>organisation \u2013 organization<\/em>. Ongelmallisen merkin kohdalle hakusanaan voi sijoittaa korvausmerkin. T\u00e4st\u00e4 on hy\u00f6ty\u00e4 erityisesti silloin, jos katkaisumerkin k\u00e4ytt\u00e4minen toisi mukaan aiheeseen kuulumattomia sanoja, esimerkiksi organi* = organisation, organization, organism, organic, organising, organize jne.<\/p>\n\n\n\n<p>Korvausmerkkien symbolit vaihtelevat tietokannasta toiseen, eik\u00e4 niit\u00e4 aivan kaikkialla ole edes k\u00e4yt\u00f6ss\u00e4. Korvausmerkki voi my\u00f6s toimia kahdella tavalla: se korvaa joko yhden merkin tai yhden\/nolla merkki\u00e4.<\/p>\n\n\n\n<p>Monet kansainv\u00e4liset tietokannat kuitenkin ottavat t\u00e4llaiset <strong>kirjoitusmuotovariantit huomioon automaattisesti<\/strong>, eik\u00e4 korvausmerkki\u00e4 tarvita. T\u00e4ss\u00e4kin tosin p\u00e4tee se, ett\u00e4 jos k\u00e4ytet\u00e4\u00e4n fraasia eli lainausmerkkej\u00e4, hakuautomatiikka ei toimi.<\/p>\n\n\n\n<ul class=\"wp-block-list has-white-background-color has-background\">\n<li>behaviour: hakee sek\u00e4 behaviour ett\u00e4 behavior<\/li>\n\n\n\n<li>&#8221;behavioural pattern&#8221; ei hae &#8221;behavioral pattern&#8221; <\/li>\n\n\n\n<li>&#8221;behavio*ral pattern&#8221; hakee sek\u00e4 &#8221;behavioural pattern&#8221; ett\u00e4 &#8221;behavioral pattern&#8221;<\/li>\n<\/ul>\n\n\n\n<p>Jos ei halua\/voi k\u00e4ytt\u00e4\u00e4 katkaisu- tai korvausmerkki\u00e4, asian voi kiert\u00e4\u00e4 OR-operaattorin avulla. OR-operattorista kerrotaan seuraavassa luvussa.<br>&#8221;behavioural pattern&#8221; OR &#8221;behavioral pattern&#8221; <\/p>\n\n\n\n<h2 class=\"wp-block-heading\">Sanaliitot eli fraasit<\/h2>\n\n\n\n<p style=\"font-size:17px\">Sanaliitto on sanapari tai -ryhm\u00e4, jonka merkitysseikat sitovat yhteen.<\/p>\n\n\n\n<p>Jotta sanaliiton eli<strong> fraasin (phrase)<\/strong> sanat pysyisiv\u00e4t haussa <strong>per\u00e4kk\u00e4in ja halutussa j\u00e4rjestyksess\u00e4<\/strong>, pit\u00e4\u00e4 t\u00e4m\u00e4 ilmaista hakukoneelle erikseen.<\/p>\n\n\n\n<p><strong>Fraasin merkkin\u00e4 tiedonhaussa k\u00e4ytet\u00e4\u00e4n lainausmerkkej\u00e4 <\/strong>sanaliiton ymp\u00e4rill\u00e4: <em>\u201dpsykososiaalinen tuki\u201d<\/em>.<\/p>\n\n\n\n<h3 class=\"wp-block-heading\">Fraasi tarkentaa hakutulosta<\/h3>\n\n\n\n<p>Fraasin merkitys tiedonhaussa on se, ett\u00e4 fraasin avulla hakua saadaan <strong>aiheeltaan tarkemmaksi.<\/strong> Samalla my\u00f6s hakutulosten <strong>m\u00e4\u00e4r\u00e4 pienenee.<\/strong><\/p>\n\n\n\n<p>Fraasin k\u00e4ytt\u00f6 voi my\u00f6s joissakin tapauksissa rajata hyvi\u00e4kin osumia pois hakutuloksesta. Koska fraasin sanojen j\u00e4rjestys on ehdoton, ei haku ymm\u00e4rr\u00e4 samankaltaisuutta esimerkiksi fraasien <em>\u201dmusic psychology\u201d<\/em> ja <em>\u201dpsychology of music\u201d<\/em> v\u00e4lill\u00e4. My\u00f6s tarkemmat ilmaisut, kuten <em>\u201doccupational health psychology\u201d<\/em>, haettaessa fraasilla <em>\u201doccupational psychology\u201d<\/em>, rajautuvat ulos. Fraasia k\u00e4ytett\u00e4ess\u00e4 voi siis joutua hakemaan useammalla fraasilla yht\u00e4 aikaa.<\/p>\n\n\n\n<p>Ilman lainausmerkkej\u00e4 kahden sanan v\u00e4lill\u00e4 on AND-operaattori, vaikka sit\u00e4 ei n\u00e4kyville kirjoittaisikaan (lis\u00e4\u00e4 operaattoreista kerrotaan seuraavassa luvussa).<\/p>\n\n\n\n<figure class=\"wp-block-image size-full wp-image-1907\"><img loading=\"lazy\" decoding=\"async\" width=\"871\" height=\"355\" src=\"https:\/\/blogs.uef.fi\/tiedonhaku-psykologia\/wp-content\/uploads\/sites\/69\/2021\/09\/PSY_fraasi.png\" alt=\"Kuva hakutulosten m\u00e4\u00e4rist\u00e4. Haku lainausmerkein \u201dcollective energy\u201d, tuloksia 1 036 kpl. Haku ilman lainausmerkkej\u00e4 collective memory, tuloksia 1 542 kpl. Haku collective AND memory, tuloksia 1 542 kpl. \" class=\"wp-image-1907\" style=\"object-fit:cover\" srcset=\"https:\/\/blogs.uef.fi\/tiedonhaku-psykologia\/wp-content\/uploads\/sites\/69\/2021\/09\/PSY_fraasi.png 871w, https:\/\/blogs.uef.fi\/tiedonhaku-psykologia\/wp-content\/uploads\/sites\/69\/2021\/09\/PSY_fraasi-300x122.png 300w, https:\/\/blogs.uef.fi\/tiedonhaku-psykologia\/wp-content\/uploads\/sites\/69\/2021\/09\/PSY_fraasi-768x313.png 768w\" sizes=\"auto, (max-width: 871px) 100vw, 871px\" \/><figcaption class=\"wp-element-caption\"><em>Vertaa hakutulosten m\u00e4\u00e4ri\u00e4.<\/em><\/figcaption><\/figure>\n\n\n\n<p>Ilman fraasia hakusanat voivat esiinty\u00e4 miss\u00e4 tahansa tekstin joukossa: eri kentiss\u00e4 tai l\u00e4hell\u00e4 tai kaukana toisistaan.<br><br>Sen sijaan kun haetaan fraasilla, sanat ovat yhdess\u00e4, per\u00e4kk\u00e4in, annetussa j\u00e4rjestyksess\u00e4, ja muodostavat k\u00e4sitteen.<br><br>Esimerkki alla valaisee asiaa:<\/p>\n\n\n\n<figure class=\"wp-block-image size-full\"><img loading=\"lazy\" decoding=\"async\" width=\"909\" height=\"207\" src=\"https:\/\/blogs.uef.fi\/tiedonhaku-psykologia\/wp-content\/uploads\/sites\/69\/2024\/01\/PSY_miksi_fraasi.png\" alt=\"\" class=\"wp-image-3189\" srcset=\"https:\/\/blogs.uef.fi\/tiedonhaku-psykologia\/wp-content\/uploads\/sites\/69\/2024\/01\/PSY_miksi_fraasi.png 909w, https:\/\/blogs.uef.fi\/tiedonhaku-psykologia\/wp-content\/uploads\/sites\/69\/2024\/01\/PSY_miksi_fraasi-300x68.png 300w, https:\/\/blogs.uef.fi\/tiedonhaku-psykologia\/wp-content\/uploads\/sites\/69\/2024\/01\/PSY_miksi_fraasi-768x175.png 768w\" sizes=\"auto, (max-width: 909px) 100vw, 909px\" \/><figcaption class=\"wp-element-caption\"><em>Teksti vasemalla on fysiikkaa, oikealla psykologiaa.<\/em><\/figcaption><\/figure>\n\n\n\n<p>Muista kuitenkin, ett\u00e4 my\u00f6s ilman lainausmerkkej\u00e4 haetut sanat l\u00f6yt\u00e4v\u00e4t toki sanaliittojakin. Ongelma on siin\u00e4, ett\u00e4 ne l\u00f6yt\u00e4v\u00e4t my\u00f6s muuta.<\/p>\n\n\n\n<figure class=\"wp-block-image size-full\"><img loading=\"lazy\" decoding=\"async\" width=\"896\" height=\"802\" src=\"https:\/\/blogs.uef.fi\/tiedonhaku-psykologia\/wp-content\/uploads\/sites\/69\/2022\/08\/PSY_ei_fraasia.png\" alt=\"Kuvakaappaus Web os Science -tietokannasta. Hakulause on applied psychology, ilman lainausmerkkej\u00e4. Hakutuloksissa kaksi otsikkoa, toisessa sanat applied ja psychology erill\u00e4\u00e4n, toisessa per\u00e4kk\u00e4in.\" class=\"wp-image-2165\" style=\"object-fit:cover\" srcset=\"https:\/\/blogs.uef.fi\/tiedonhaku-psykologia\/wp-content\/uploads\/sites\/69\/2022\/08\/PSY_ei_fraasia.png 896w, https:\/\/blogs.uef.fi\/tiedonhaku-psykologia\/wp-content\/uploads\/sites\/69\/2022\/08\/PSY_ei_fraasia-300x269.png 300w, https:\/\/blogs.uef.fi\/tiedonhaku-psykologia\/wp-content\/uploads\/sites\/69\/2022\/08\/PSY_ei_fraasia-768x687.png 768w\" sizes=\"auto, (max-width: 896px) 100vw, 896px\" \/><figcaption class=\"wp-element-caption\"><em>Haku applied psychology ilman lainausmerkkej\u00e4 l\u00f6yt\u00e4\u00e4 sek\u00e4 sanat erillisin\u00e4, ett\u00e4 my\u00f6s sanaliittona.<\/em><\/figcaption><\/figure>\n\n\n\n<h3 class=\"wp-block-heading\">Fraasin merkitseminen tietokannassa<\/h3>\n\n\n\n<p>Kirjoita itse lainausmerkit sanaliiton ymp\u00e4rille. Lainausmerkki tarkoittaa t\u00e4ss\u00e4 2-n\u00e4pp\u00e4imen yl\u00e4puolista tuplaheittomerkki\u00e4.<\/p>\n\n\n\n<p>T\u00e4ss\u00e4 haetaan UEF-Primosta kirjaston kokoelmasta viitteit\u00e4 (p\u00e4\u00e4osin kirjoja), joiden nimess\u00e4 esiintyy fraasi \u201dspecial education\u201d.<\/p>\n\n\n\n<figure class=\"wp-block-image size-full\"><img loading=\"lazy\" decoding=\"async\" width=\"1377\" height=\"730\" src=\"https:\/\/blogs.uef.fi\/tiedonhaku-psykologia\/wp-content\/uploads\/sites\/69\/2020\/02\/fraasihaku-primosta-kirjat.png\" alt=\"UEF-Primon tarkennetun haun lomake, siin\u00e4 haetaan fraasia &quot;special education&quot; kirjojen nimist\u00e4.\" class=\"wp-image-713\" style=\"object-fit:cover\" srcset=\"https:\/\/blogs.uef.fi\/tiedonhaku-psykologia\/wp-content\/uploads\/sites\/69\/2020\/02\/fraasihaku-primosta-kirjat.png 1377w, https:\/\/blogs.uef.fi\/tiedonhaku-psykologia\/wp-content\/uploads\/sites\/69\/2020\/02\/fraasihaku-primosta-kirjat-300x159.png 300w, https:\/\/blogs.uef.fi\/tiedonhaku-psykologia\/wp-content\/uploads\/sites\/69\/2020\/02\/fraasihaku-primosta-kirjat-1024x543.png 1024w, https:\/\/blogs.uef.fi\/tiedonhaku-psykologia\/wp-content\/uploads\/sites\/69\/2020\/02\/fraasihaku-primosta-kirjat-768x407.png 768w, https:\/\/blogs.uef.fi\/tiedonhaku-psykologia\/wp-content\/uploads\/sites\/69\/2020\/02\/fraasihaku-primosta-kirjat-717x380.png 717w\" sizes=\"auto, (max-width: 1377px) 100vw, 1377px\" \/><\/figure>\n\n\n\n<p class=\"has-text-align-right\">Seuraava sivu: <a href=\"https:\/\/blogs.uef.fi\/tiedonhaku-psykologia\/2-hakutekniikka\/2-5-hakusanoista-hakulausekkeiksi\/\">Hakusanoista hakulausekkeiksi<\/a><\/p>\n","protected":false},"excerpt":{"rendered":"<p>Sanankatkaisu Sanat taipuvat tai esiintyv\u00e4t yhdyssanojen osina. Sanoista saa muokattua erilaisia johdannaisia. Kun halutaan hakea kaikkia erilaisia taivutusmuotoja, on se ilmaistava hakusanan muodossa. T\u00e4m\u00e4 tehd\u00e4\u00e4n k\u00e4ytt\u00e4m\u00e4ll\u00e4 sanankatkaisua. Katkaise sana asteriskin avulla Erilaiset sanamuodot voi hakea sanankatkaisun (truncation) avulla. Sanankatkaisu tapahtuu k\u00e4ytt\u00e4m\u00e4ll\u00e4 hakusanana sanan taipumatonta vartaloa, johon liitet\u00e4\u00e4n katkaisumerkki (truncation mark). Katkaisumerkkin\u00e4 k\u00e4ytet\u00e4\u00e4n asteriskia (t\u00e4htimerkki): comput* [&hellip;]<\/p>\n","protected":false},"author":190,"featured_media":0,"parent":85,"menu_order":0,"comment_status":"closed","ping_status":"closed","template":"","meta":{"_acf_changed":false,"footnotes":""},"class_list":["post-123","page","type-page","status-publish","hentry"],"acf":[],"yoast_head":"<!-- This site is optimized with the Yoast SEO plugin v27.1.1 - https:\/\/yoast.com\/product\/yoast-seo-wordpress\/ -->\n<title>2.4 Sanankatkaisu, korvausmerkit ja sanaliitot - Psykologian tiedonhaku 8020120<\/title>\n<meta name=\"robots\" content=\"index, follow, max-snippet:-1, max-image-preview:large, max-video-preview:-1\" \/>\n<link rel=\"canonical\" href=\"https:\/\/blogs.uef.fi\/tiedonhaku-psykologia\/2-hakutekniikka\/2-4-sanankatkaisu-korvausmerkit-ja-sanaliitot\/\" \/>\n<meta property=\"og:locale\" content=\"fi_FI\" \/>\n<meta property=\"og:type\" content=\"article\" \/>\n<meta property=\"og:title\" content=\"2.4 Sanankatkaisu, korvausmerkit ja sanaliitot - Psykologian tiedonhaku 8020120\" \/>\n<meta property=\"og:description\" content=\"Sanankatkaisu Sanat taipuvat tai esiintyv\u00e4t yhdyssanojen osina. Sanoista saa muokattua erilaisia johdannaisia. Kun halutaan hakea kaikkia erilaisia taivutusmuotoja, on se ilmaistava hakusanan muodossa. T\u00e4m\u00e4 tehd\u00e4\u00e4n k\u00e4ytt\u00e4m\u00e4ll\u00e4 sanankatkaisua. Katkaise sana asteriskin avulla Erilaiset sanamuodot voi hakea sanankatkaisun (truncation) avulla. Sanankatkaisu tapahtuu k\u00e4ytt\u00e4m\u00e4ll\u00e4 hakusanana sanan taipumatonta vartaloa, johon liitet\u00e4\u00e4n katkaisumerkki (truncation mark). Katkaisumerkkin\u00e4 k\u00e4ytet\u00e4\u00e4n asteriskia (t\u00e4htimerkki): comput* [&hellip;]\" \/>\n<meta property=\"og:url\" content=\"https:\/\/blogs.uef.fi\/tiedonhaku-psykologia\/2-hakutekniikka\/2-4-sanankatkaisu-korvausmerkit-ja-sanaliitot\/\" \/>\n<meta property=\"og:site_name\" content=\"Psykologian tiedonhaku 8020120\" \/>\n<meta property=\"article:modified_time\" content=\"2025-10-14T05:44:26+00:00\" \/>\n<meta property=\"og:image\" content=\"https:\/\/blogs.uef.fi\/tiedonhaku-psykologia\/wp-content\/uploads\/sites\/69\/2021\/09\/PSY_katkaisu.png\" \/>\n\t<meta property=\"og:image:width\" content=\"738\" \/>\n\t<meta property=\"og:image:height\" content=\"424\" \/>\n\t<meta property=\"og:image:type\" content=\"image\/png\" \/>\n<meta name=\"twitter:card\" content=\"summary_large_image\" \/>\n<meta name=\"twitter:label1\" content=\"Arvioitu lukuaika\" \/>\n\t<meta name=\"twitter:data1\" content=\"5 minuuttia\" \/>\n<script type=\"application\/ld+json\" class=\"yoast-schema-graph\">{\"@context\":\"https:\/\/schema.org\",\"@graph\":[{\"@type\":\"WebPage\",\"@id\":\"https:\/\/blogs.uef.fi\/tiedonhaku-psykologia\/2-hakutekniikka\/2-4-sanankatkaisu-korvausmerkit-ja-sanaliitot\/\",\"url\":\"https:\/\/blogs.uef.fi\/tiedonhaku-psykologia\/2-hakutekniikka\/2-4-sanankatkaisu-korvausmerkit-ja-sanaliitot\/\",\"name\":\"2.4 Sanankatkaisu, korvausmerkit ja sanaliitot - Psykologian tiedonhaku 8020120\",\"isPartOf\":{\"@id\":\"https:\/\/blogs.uef.fi\/tiedonhaku-psykologia\/#website\"},\"primaryImageOfPage\":{\"@id\":\"https:\/\/blogs.uef.fi\/tiedonhaku-psykologia\/2-hakutekniikka\/2-4-sanankatkaisu-korvausmerkit-ja-sanaliitot\/#primaryimage\"},\"image\":{\"@id\":\"https:\/\/blogs.uef.fi\/tiedonhaku-psykologia\/2-hakutekniikka\/2-4-sanankatkaisu-korvausmerkit-ja-sanaliitot\/#primaryimage\"},\"thumbnailUrl\":\"https:\/\/blogs.uef.fi\/tiedonhaku-psykologia\/wp-content\/uploads\/sites\/69\/2021\/09\/PSY_katkaisu.png\",\"datePublished\":\"2018-06-18T10:24:32+00:00\",\"dateModified\":\"2025-10-14T05:44:26+00:00\",\"breadcrumb\":{\"@id\":\"https:\/\/blogs.uef.fi\/tiedonhaku-psykologia\/2-hakutekniikka\/2-4-sanankatkaisu-korvausmerkit-ja-sanaliitot\/#breadcrumb\"},\"inLanguage\":\"fi\",\"potentialAction\":[{\"@type\":\"ReadAction\",\"target\":[\"https:\/\/blogs.uef.fi\/tiedonhaku-psykologia\/2-hakutekniikka\/2-4-sanankatkaisu-korvausmerkit-ja-sanaliitot\/\"]}]},{\"@type\":\"ImageObject\",\"inLanguage\":\"fi\",\"@id\":\"https:\/\/blogs.uef.fi\/tiedonhaku-psykologia\/2-hakutekniikka\/2-4-sanankatkaisu-korvausmerkit-ja-sanaliitot\/#primaryimage\",\"url\":\"https:\/\/blogs.uef.fi\/tiedonhaku-psykologia\/wp-content\/uploads\/sites\/69\/2021\/09\/PSY_katkaisu.png\",\"contentUrl\":\"https:\/\/blogs.uef.fi\/tiedonhaku-psykologia\/wp-content\/uploads\/sites\/69\/2021\/09\/PSY_katkaisu.png\",\"width\":738,\"height\":424},{\"@type\":\"BreadcrumbList\",\"@id\":\"https:\/\/blogs.uef.fi\/tiedonhaku-psykologia\/2-hakutekniikka\/2-4-sanankatkaisu-korvausmerkit-ja-sanaliitot\/#breadcrumb\",\"itemListElement\":[{\"@type\":\"ListItem\",\"position\":1,\"name\":\"Home\",\"item\":\"https:\/\/blogs.uef.fi\/tiedonhaku-psykologia\/\"},{\"@type\":\"ListItem\",\"position\":2,\"name\":\"2. Hakutekniikka\",\"item\":\"https:\/\/blogs.uef.fi\/tiedonhaku-psykologia\/2-hakutekniikka\/\"},{\"@type\":\"ListItem\",\"position\":3,\"name\":\"2.4 Sanankatkaisu, korvausmerkit ja sanaliitot\"}]},{\"@type\":\"WebSite\",\"@id\":\"https:\/\/blogs.uef.fi\/tiedonhaku-psykologia\/#website\",\"url\":\"https:\/\/blogs.uef.fi\/tiedonhaku-psykologia\/\",\"name\":\"Psykologian tiedonhaku 8020120\",\"description\":\"Psykologian tiedonhaku on kattava oppimateriaali tiedonhakuun psykologeille. Se sis\u00e4lt\u00e4\u00e4 yleiset tiedonhaun tekniikat sek\u00e4 psykologian tiedonl\u00e4hteet ohjeineen ja esimerkkeineen.\",\"potentialAction\":[{\"@type\":\"SearchAction\",\"target\":{\"@type\":\"EntryPoint\",\"urlTemplate\":\"https:\/\/blogs.uef.fi\/tiedonhaku-psykologia\/?s={search_term_string}\"},\"query-input\":{\"@type\":\"PropertyValueSpecification\",\"valueRequired\":true,\"valueName\":\"search_term_string\"}}],\"inLanguage\":\"fi\"}]}<\/script>\n<!-- \/ Yoast SEO plugin. -->","yoast_head_json":{"title":"2.4 Sanankatkaisu, korvausmerkit ja sanaliitot - Psykologian tiedonhaku 8020120","robots":{"index":"index","follow":"follow","max-snippet":"max-snippet:-1","max-image-preview":"max-image-preview:large","max-video-preview":"max-video-preview:-1"},"canonical":"https:\/\/blogs.uef.fi\/tiedonhaku-psykologia\/2-hakutekniikka\/2-4-sanankatkaisu-korvausmerkit-ja-sanaliitot\/","og_locale":"fi_FI","og_type":"article","og_title":"2.4 Sanankatkaisu, korvausmerkit ja sanaliitot - Psykologian tiedonhaku 8020120","og_description":"Sanankatkaisu Sanat taipuvat tai esiintyv\u00e4t yhdyssanojen osina. Sanoista saa muokattua erilaisia johdannaisia. Kun halutaan hakea kaikkia erilaisia taivutusmuotoja, on se ilmaistava hakusanan muodossa. T\u00e4m\u00e4 tehd\u00e4\u00e4n k\u00e4ytt\u00e4m\u00e4ll\u00e4 sanankatkaisua. Katkaise sana asteriskin avulla Erilaiset sanamuodot voi hakea sanankatkaisun (truncation) avulla. Sanankatkaisu tapahtuu k\u00e4ytt\u00e4m\u00e4ll\u00e4 hakusanana sanan taipumatonta vartaloa, johon liitet\u00e4\u00e4n katkaisumerkki (truncation mark). Katkaisumerkkin\u00e4 k\u00e4ytet\u00e4\u00e4n asteriskia (t\u00e4htimerkki): comput* [&hellip;]","og_url":"https:\/\/blogs.uef.fi\/tiedonhaku-psykologia\/2-hakutekniikka\/2-4-sanankatkaisu-korvausmerkit-ja-sanaliitot\/","og_site_name":"Psykologian tiedonhaku 8020120","article_modified_time":"2025-10-14T05:44:26+00:00","og_image":[{"width":738,"height":424,"url":"https:\/\/blogs.uef.fi\/tiedonhaku-psykologia\/wp-content\/uploads\/sites\/69\/2021\/09\/PSY_katkaisu.png","type":"image\/png"}],"twitter_card":"summary_large_image","twitter_misc":{"Arvioitu lukuaika":"5 minuuttia"},"schema":{"@context":"https:\/\/schema.org","@graph":[{"@type":"WebPage","@id":"https:\/\/blogs.uef.fi\/tiedonhaku-psykologia\/2-hakutekniikka\/2-4-sanankatkaisu-korvausmerkit-ja-sanaliitot\/","url":"https:\/\/blogs.uef.fi\/tiedonhaku-psykologia\/2-hakutekniikka\/2-4-sanankatkaisu-korvausmerkit-ja-sanaliitot\/","name":"2.4 Sanankatkaisu, korvausmerkit ja sanaliitot - Psykologian tiedonhaku 8020120","isPartOf":{"@id":"https:\/\/blogs.uef.fi\/tiedonhaku-psykologia\/#website"},"primaryImageOfPage":{"@id":"https:\/\/blogs.uef.fi\/tiedonhaku-psykologia\/2-hakutekniikka\/2-4-sanankatkaisu-korvausmerkit-ja-sanaliitot\/#primaryimage"},"image":{"@id":"https:\/\/blogs.uef.fi\/tiedonhaku-psykologia\/2-hakutekniikka\/2-4-sanankatkaisu-korvausmerkit-ja-sanaliitot\/#primaryimage"},"thumbnailUrl":"https:\/\/blogs.uef.fi\/tiedonhaku-psykologia\/wp-content\/uploads\/sites\/69\/2021\/09\/PSY_katkaisu.png","datePublished":"2018-06-18T10:24:32+00:00","dateModified":"2025-10-14T05:44:26+00:00","breadcrumb":{"@id":"https:\/\/blogs.uef.fi\/tiedonhaku-psykologia\/2-hakutekniikka\/2-4-sanankatkaisu-korvausmerkit-ja-sanaliitot\/#breadcrumb"},"inLanguage":"fi","potentialAction":[{"@type":"ReadAction","target":["https:\/\/blogs.uef.fi\/tiedonhaku-psykologia\/2-hakutekniikka\/2-4-sanankatkaisu-korvausmerkit-ja-sanaliitot\/"]}]},{"@type":"ImageObject","inLanguage":"fi","@id":"https:\/\/blogs.uef.fi\/tiedonhaku-psykologia\/2-hakutekniikka\/2-4-sanankatkaisu-korvausmerkit-ja-sanaliitot\/#primaryimage","url":"https:\/\/blogs.uef.fi\/tiedonhaku-psykologia\/wp-content\/uploads\/sites\/69\/2021\/09\/PSY_katkaisu.png","contentUrl":"https:\/\/blogs.uef.fi\/tiedonhaku-psykologia\/wp-content\/uploads\/sites\/69\/2021\/09\/PSY_katkaisu.png","width":738,"height":424},{"@type":"BreadcrumbList","@id":"https:\/\/blogs.uef.fi\/tiedonhaku-psykologia\/2-hakutekniikka\/2-4-sanankatkaisu-korvausmerkit-ja-sanaliitot\/#breadcrumb","itemListElement":[{"@type":"ListItem","position":1,"name":"Home","item":"https:\/\/blogs.uef.fi\/tiedonhaku-psykologia\/"},{"@type":"ListItem","position":2,"name":"2. Hakutekniikka","item":"https:\/\/blogs.uef.fi\/tiedonhaku-psykologia\/2-hakutekniikka\/"},{"@type":"ListItem","position":3,"name":"2.4 Sanankatkaisu, korvausmerkit ja sanaliitot"}]},{"@type":"WebSite","@id":"https:\/\/blogs.uef.fi\/tiedonhaku-psykologia\/#website","url":"https:\/\/blogs.uef.fi\/tiedonhaku-psykologia\/","name":"Psykologian tiedonhaku 8020120","description":"Psykologian tiedonhaku on kattava oppimateriaali tiedonhakuun psykologeille. Se sis\u00e4lt\u00e4\u00e4 yleiset tiedonhaun tekniikat sek\u00e4 psykologian tiedonl\u00e4hteet ohjeineen ja esimerkkeineen.","potentialAction":[{"@type":"SearchAction","target":{"@type":"EntryPoint","urlTemplate":"https:\/\/blogs.uef.fi\/tiedonhaku-psykologia\/?s={search_term_string}"},"query-input":{"@type":"PropertyValueSpecification","valueRequired":true,"valueName":"search_term_string"}}],"inLanguage":"fi"}]}},"_links":{"self":[{"href":"https:\/\/blogs.uef.fi\/tiedonhaku-psykologia\/wp-json\/wp\/v2\/pages\/123","targetHints":{"allow":["GET"]}}],"collection":[{"href":"https:\/\/blogs.uef.fi\/tiedonhaku-psykologia\/wp-json\/wp\/v2\/pages"}],"about":[{"href":"https:\/\/blogs.uef.fi\/tiedonhaku-psykologia\/wp-json\/wp\/v2\/types\/page"}],"author":[{"embeddable":true,"href":"https:\/\/blogs.uef.fi\/tiedonhaku-psykologia\/wp-json\/wp\/v2\/users\/190"}],"replies":[{"embeddable":true,"href":"https:\/\/blogs.uef.fi\/tiedonhaku-psykologia\/wp-json\/wp\/v2\/comments?post=123"}],"version-history":[{"count":1,"href":"https:\/\/blogs.uef.fi\/tiedonhaku-psykologia\/wp-json\/wp\/v2\/pages\/123\/revisions"}],"predecessor-version":[{"id":3547,"href":"https:\/\/blogs.uef.fi\/tiedonhaku-psykologia\/wp-json\/wp\/v2\/pages\/123\/revisions\/3547"}],"up":[{"embeddable":true,"href":"https:\/\/blogs.uef.fi\/tiedonhaku-psykologia\/wp-json\/wp\/v2\/pages\/85"}],"wp:attachment":[{"href":"https:\/\/blogs.uef.fi\/tiedonhaku-psykologia\/wp-json\/wp\/v2\/media?parent=123"}],"curies":[{"name":"wp","href":"https:\/\/api.w.org\/{rel}","templated":true}]}}