{"id":117,"date":"2018-06-18T13:19:46","date_gmt":"2018-06-18T10:19:46","guid":{"rendered":"https:\/\/blogs.uef.fi\/tiedonhaku-psykologia\/?page_id=117"},"modified":"2025-10-14T08:38:14","modified_gmt":"2025-10-14T05:38:14","slug":"2-2-hakusanat","status":"publish","type":"page","link":"https:\/\/blogs.uef.fi\/tiedonhaku-psykologia\/2-hakutekniikka\/2-2-hakusanat\/","title":{"rendered":"2.2 Hakusanat"},"content":{"rendered":"\n<p>Tiedonhakua varten aiheen keskeiset k\u00e4sitteet tulee k\u00e4\u00e4nt\u00e4\u00e4 tai muokata hakusanoiksi.<\/p>\n\n\n\n<p><strong>K\u00e4site itsess\u00e4\u00e4n<\/strong> on usein ensimm\u00e4inen <strong>hyv\u00e4 hakusana<\/strong>. Ei silti kannata tyyty\u00e4 vain siihen, paljon olennaista tietoa voi menn\u00e4 ohi, jos hakee vain yhdell\u00e4 sanalla.<\/p>\n\n\n\n<p><strong>Hakusanat ovat hakukoneelle l\u00e4hinn\u00e4 merkkijonoja<\/strong> ja hakijan pit\u00e4\u00e4 itse m\u00e4\u00e4ritt\u00e4\u00e4 merkkijonot, joita haetaan.<\/p>\n\n\n\n<h2 class=\"wp-block-heading\">Vaihtoehtoisia hakutermej\u00e4 voi kartoittaa systemaattisesti:<\/h2>\n\n\n\n<ul class=\"wp-block-list\">\n<li><strong>kieli<\/strong> on ensimm\u00e4inen kysymys. Englantia ja suomea ainakin tarvitaan<\/li>\n\n\n\n<li><strong>synonyymi<\/strong> ja muu l\u00e4heinen ilmaus: <em>burnout \u2013 ty\u00f6uupumus<\/em><\/li>\n\n\n\n<li><strong>vastakkainen<\/strong> k\u00e4site voi olla hy\u00f6dyksi: <em>sympatia \u2013 antipatia<\/em><\/li>\n\n\n\n<li><strong>laajempi<\/strong> kokonaisuus, johon k\u00e4site liittyy: <em>leikkiterapia &#8211; psykoterapia<\/em><\/li>\n\n\n\n<li><strong>tarkempi<\/strong> osa-alue, jonka k\u00e4site sis\u00e4lt\u00e4\u00e4: <em>syvyyspsykologia &#8211; piilotajunta<\/em><\/li>\n\n\n\n<li><strong>l\u00e4hik\u00e4site:&nbsp;<\/strong><em>analyyttinen psykologia \u2013 psykoanalyysi<\/em><\/li>\n\n\n\n<li><strong>kirjoitusmuodon<\/strong> vaihtelu: <em>behavior \u2013 behaviour; persoonallisuush\u00e4iri\u00f6t &#8211; persoonallisuuden h\u00e4iri\u00f6t<\/em><\/li>\n\n\n\n<li><strong>lyhenteet<\/strong>: <em>luomu \u2013 luonnonmukainen<\/em>; <em>BDI &#8211; Beck&#8217;s depression inventory<\/em><\/li>\n<\/ul>\n\n\n\n<p>HUOM. Lyhenteiden k\u00e4ytt\u00f6\u00e4 kannattaa v\u00e4ltt\u00e4\u00e4, jos ne ovat moniselitteisi\u00e4 (esim. lyhenne ALS tarkoittaa ainakin k\u00e4sitteit\u00e4 \u201dAmyotrofinen lateraaliskleroosi\u201d, \u201cAirborne Laser Scanning\u201d, \u201cAngular Leaf Spot\u201d ja \u201cAcetolactate synthase\u201d).<br>Pidemm\u00e4n tekstin joukosta aukikirjoitettu muoto yleens\u00e4 l\u00f6ytyy. Mutta jos haku kohdistuu vain otsikkoon, voi olla tarpeen kokeilla my\u00f6s lyhenteell\u00e4.<\/p>\n\n\n\n<figure class=\"wp-block-image aligncenter size-full\"><img loading=\"lazy\" decoding=\"async\" width=\"825\" height=\"206\" src=\"https:\/\/blogs.uef.fi\/tiedonhaku-psykologia\/wp-content\/uploads\/sites\/69\/2022\/08\/PSY_lyhenne.png\" alt=\"Kuvakaappaus artikkeliviitteest\u00e4. Artikkelin otsikko: ALS-specific cognitive and behavior changes associated with advancing disease stage in ALS.\" class=\"wp-image-2119\" style=\"object-fit:cover\" srcset=\"https:\/\/blogs.uef.fi\/tiedonhaku-psykologia\/wp-content\/uploads\/sites\/69\/2022\/08\/PSY_lyhenne.png 825w, https:\/\/blogs.uef.fi\/tiedonhaku-psykologia\/wp-content\/uploads\/sites\/69\/2022\/08\/PSY_lyhenne-300x75.png 300w, https:\/\/blogs.uef.fi\/tiedonhaku-psykologia\/wp-content\/uploads\/sites\/69\/2022\/08\/PSY_lyhenne-768x192.png 768w\" sizes=\"auto, (max-width: 825px) 100vw, 825px\" \/><figcaption class=\"wp-element-caption\"><em>ALS tarkoittaa t\u00e4ss\u00e4 &#8217;amyotrophic lateral sclerosis&#8217; -tautia.<\/em><\/figcaption><\/figure>\n\n\n\n<h2 class=\"wp-block-heading\">Apuneuvoja hakusanojen m\u00e4\u00e4rittelyyn<\/h2>\n\n\n\n<ul class=\"wp-block-list\">\n<li><strong>sanakirjat<\/strong> (esim. UEF-Primon kautta l\u00f6ytyv\u00e4 <a href=\"https:\/\/primo.uef.fi\/permalink\/358FIN_UOEF\/mhajq\/alma9914866433805966\" target=\"_blank\" rel=\"noreferrer noopener\">MOT Kielipalvelu<\/a> (linkki aukeaa uuteen v\u00e4lilehteen) sis\u00e4lt\u00e4\u00e4 sek\u00e4 eri kielten ett\u00e4 eri alojen sanakirjoja)<\/li>\n\n\n\n<li><strong>teko\u00e4lysovellukset<\/strong> (esim. Copilot ja Scopus AI)<\/li>\n\n\n\n<li><strong>oppikirjat ja k\u00e4sikirjat<\/strong>\n<ul class=\"wp-block-list\">\n<li>Taustatietoa ja alan k\u00e4sitteist\u00f6\u00e4 l\u00f6ytyy alan oppikirjoista, tietosanakirjoista ja muista hakuteoksista. Ne auttavat keskeisten k\u00e4sitteiden ja niiden synonyymien pohtimisessa. Samalla on hyv\u00e4 selvitt\u00e4\u00e4 termien laajemmat ja suppeammat k\u00e4sitteet sek\u00e4 vaihtoehtoiset ilmaisut.<\/li>\n<\/ul>\n<\/li>\n\n\n\n<li><strong>sis\u00e4llysluettelot ja l\u00e4hdeluettelot<\/strong> jo l\u00f6ydetyist\u00e4 julkaisuista<\/li>\n\n\n\n<li><strong>asiasanastot<\/strong> eli tesaurukset<\/li>\n\n\n\n<li><strong>asiasanat (aihetta kuvaavat sanat) ja muut tiedot tietokannoissa<\/strong> jo l\u00f6ytyneiden julkaisujen tiedoissa<\/li>\n<\/ul>\n\n\n\n<figure class=\"wp-block-image aligncenter size-full is-resized wp-image-1895\"><img loading=\"lazy\" decoding=\"async\" width=\"628\" height=\"414\" src=\"https:\/\/blogs.uef.fi\/tiedonhaku-psykologia\/wp-content\/uploads\/sites\/69\/2021\/09\/PSY_sanoja.png\" alt=\"Kuvakaappaus tietokannan viitteest\u00e4. Korostettuna otsikon sanat: \u2019body language\u2019. Aiheet-kent\u00e4st\u00e4 korostettu sanat: nonverbal communication, sanaton viestint\u00e4, ruumiinkieli, eleet, ilmeet.\" class=\"wp-image-1895\" style=\"width:500px\" srcset=\"https:\/\/blogs.uef.fi\/tiedonhaku-psykologia\/wp-content\/uploads\/sites\/69\/2021\/09\/PSY_sanoja.png 628w, https:\/\/blogs.uef.fi\/tiedonhaku-psykologia\/wp-content\/uploads\/sites\/69\/2021\/09\/PSY_sanoja-300x198.png 300w\" sizes=\"auto, (max-width: 628px) 100vw, 628px\" \/><figcaption class=\"wp-element-caption\"><em>Kuva UEF-Primon tietueesta.<\/em><\/figcaption><\/figure>\n\n\n\n<h2 class=\"wp-block-heading\">Hakusanoja kertyy ajan kanssa<\/h2>\n\n\n\n<p>Potentiaalisia hakusanoja kertyy sit\u00e4 mukaa kun tiedonhaku etenee. Kun uusia hyvi\u00e4 tuloksia l\u00f6ytyy, l\u00f6ytyy usein my\u00f6s uusia hakusanoja.<\/p>\n\n\n\n<p><strong>Hakusanaesimerkki:<\/strong><\/p>\n\n\n\n<p>Kun aihe on<em> \u201dAsiakkaan kehonkieli terapeutin vastaanotolla\u201d<\/em><strong>, <\/strong>mahdollisia hakusanoja voisivat olla esimerkiksi seuraavat:<\/p>\n\n\n\n<ul class=\"wp-block-list\">\n<li>kehonkieli &#8211; ruumiinkieli &#8211; eleet &#8211; sanaton viestint\u00e4 &#8211; kinesiikka (<em>body language, gestures, nonverbal communication, non-verbal communication, kinesics<\/em>)<\/li>\n\n\n\n<li>asiakas &#8211; potilas (<em>customer, patient<\/em>)<\/li>\n\n\n\n<li>vastaanotto &#8211; terapia (<em>reception, therapy session<\/em>)<\/li>\n<\/ul>\n\n\n\n<h2 class=\"wp-block-heading\">Miksi erilaisia hakusanoja tarvitaan?<\/h2>\n\n\n\n<p>Hakuj\u00e4rjestelm\u00e4ss\u00e4 hakusana toimii kuten yksinkertainen merkkijono.&nbsp;Tiedonhakijan t\u00e4ytyy itse m\u00e4\u00e4ritell\u00e4 ne merkkijonot, joita tietokannasta haetaan. Esimerkiksi jos julkaisuissa puhutaan vain <em>nuorista<\/em>, hakusana <em>murrosik\u00e4iset<\/em> ei l\u00f6yd\u00e4 julkaisua. <\/p>\n\n\n\n<p>Tiedon l\u00f6ytyminen perustuu siis tiettyjen merkkijonojen esiintymiseen dokumenteissa tai niit\u00e4 kuvailevissa tietokannan tiedoissa (metatiedoissa). K\u00e4\u00e4nt\u00e4en, dokumentin sis\u00e4lt\u00f6 voi olla aiheenmukainen, mutta jos k\u00e4ytetty\u00e4 hakusanaa ei sen tiedoista l\u00f6ydy, itse dokumenttikin j\u00e4\u00e4 l\u00f6ytym\u00e4tt\u00e4.<\/p>\n\n\n\n<p>Hakusana voi joissakin hakuj\u00e4rjestelmiss\u00e4 olla my\u00f6s l\u00e4ht\u00f6kohta, jonka avulla j\u00e4rjestelm\u00e4 l\u00f6yt\u00e4\u00e4 sanasta erilaisia taivutusmuotoja ja johdannaisia. J\u00e4rjestelm\u00e4 ei kuitenkaan silloinkaan varsinaisesti ymm\u00e4rr\u00e4 tai hae k\u00e4sitteit\u00e4. T\u00e4m\u00e4n johdosta hakutuloksiin tulee my\u00f6s aiheeseen liittym\u00e4tt\u00f6mi\u00e4 osumia, jos haettu merkkijono t\u00e4sm\u00e4\u00e4.<\/p>\n\n\n\n<p class=\"has-text-align-right\">Seuraava sivu: <a href=\"https:\/\/blogs.uef.fi\/tiedonhaku-psykologia\/2-hakutekniikka\/2-3-asiasanahaku\/\">Asiasanahaku<\/a><\/p>\n","protected":false},"excerpt":{"rendered":"<p>Tiedonhakua varten aiheen keskeiset k\u00e4sitteet tulee k\u00e4\u00e4nt\u00e4\u00e4 tai muokata hakusanoiksi. K\u00e4site itsess\u00e4\u00e4n on usein ensimm\u00e4inen hyv\u00e4 hakusana. Ei silti kannata tyyty\u00e4 vain siihen, paljon olennaista tietoa voi menn\u00e4 ohi, jos hakee vain yhdell\u00e4 sanalla. Hakusanat ovat hakukoneelle l\u00e4hinn\u00e4 merkkijonoja ja hakijan pit\u00e4\u00e4 itse m\u00e4\u00e4ritt\u00e4\u00e4 merkkijonot, joita haetaan. Vaihtoehtoisia hakutermej\u00e4 voi kartoittaa systemaattisesti: HUOM. Lyhenteiden k\u00e4ytt\u00f6\u00e4 [&hellip;]<\/p>\n","protected":false},"author":190,"featured_media":0,"parent":85,"menu_order":0,"comment_status":"closed","ping_status":"closed","template":"","meta":{"_acf_changed":false,"footnotes":""},"class_list":["post-117","page","type-page","status-publish","hentry"],"acf":[],"yoast_head":"<!-- This site is optimized with the Yoast SEO plugin v27.3 - https:\/\/yoast.com\/product\/yoast-seo-wordpress\/ -->\n<title>2.2 Hakusanat - Psykologian tiedonhaku 8020120<\/title>\n<meta name=\"robots\" content=\"index, follow, max-snippet:-1, max-image-preview:large, max-video-preview:-1\" \/>\n<link rel=\"canonical\" href=\"https:\/\/blogs.uef.fi\/tiedonhaku-psykologia\/2-hakutekniikka\/2-2-hakusanat\/\" \/>\n<meta property=\"og:locale\" content=\"fi_FI\" \/>\n<meta property=\"og:type\" content=\"article\" \/>\n<meta property=\"og:title\" content=\"2.2 Hakusanat - Psykologian tiedonhaku 8020120\" \/>\n<meta property=\"og:description\" content=\"Tiedonhakua varten aiheen keskeiset k\u00e4sitteet tulee k\u00e4\u00e4nt\u00e4\u00e4 tai muokata hakusanoiksi. K\u00e4site itsess\u00e4\u00e4n on usein ensimm\u00e4inen hyv\u00e4 hakusana. Ei silti kannata tyyty\u00e4 vain siihen, paljon olennaista tietoa voi menn\u00e4 ohi, jos hakee vain yhdell\u00e4 sanalla. Hakusanat ovat hakukoneelle l\u00e4hinn\u00e4 merkkijonoja ja hakijan pit\u00e4\u00e4 itse m\u00e4\u00e4ritt\u00e4\u00e4 merkkijonot, joita haetaan. Vaihtoehtoisia hakutermej\u00e4 voi kartoittaa systemaattisesti: HUOM. Lyhenteiden k\u00e4ytt\u00f6\u00e4 [&hellip;]\" \/>\n<meta property=\"og:url\" content=\"https:\/\/blogs.uef.fi\/tiedonhaku-psykologia\/2-hakutekniikka\/2-2-hakusanat\/\" \/>\n<meta property=\"og:site_name\" content=\"Psykologian tiedonhaku 8020120\" \/>\n<meta property=\"article:modified_time\" content=\"2025-10-14T05:38:14+00:00\" \/>\n<meta property=\"og:image\" content=\"https:\/\/blogs.uef.fi\/tiedonhaku-psykologia\/wp-content\/uploads\/sites\/69\/2022\/08\/PSY_lyhenne.png\" \/>\n\t<meta property=\"og:image:width\" content=\"825\" \/>\n\t<meta property=\"og:image:height\" content=\"206\" \/>\n\t<meta property=\"og:image:type\" content=\"image\/png\" \/>\n<meta name=\"twitter:card\" content=\"summary_large_image\" \/>\n<meta name=\"twitter:label1\" content=\"Arvioitu lukuaika\" \/>\n\t<meta name=\"twitter:data1\" content=\"3 minuuttia\" \/>\n<script type=\"application\/ld+json\" class=\"yoast-schema-graph\">{\"@context\":\"https:\\\/\\\/schema.org\",\"@graph\":[{\"@type\":\"WebPage\",\"@id\":\"https:\\\/\\\/blogs.uef.fi\\\/tiedonhaku-psykologia\\\/2-hakutekniikka\\\/2-2-hakusanat\\\/\",\"url\":\"https:\\\/\\\/blogs.uef.fi\\\/tiedonhaku-psykologia\\\/2-hakutekniikka\\\/2-2-hakusanat\\\/\",\"name\":\"2.2 Hakusanat - Psykologian tiedonhaku 8020120\",\"isPartOf\":{\"@id\":\"https:\\\/\\\/blogs.uef.fi\\\/tiedonhaku-psykologia\\\/#website\"},\"primaryImageOfPage\":{\"@id\":\"https:\\\/\\\/blogs.uef.fi\\\/tiedonhaku-psykologia\\\/2-hakutekniikka\\\/2-2-hakusanat\\\/#primaryimage\"},\"image\":{\"@id\":\"https:\\\/\\\/blogs.uef.fi\\\/tiedonhaku-psykologia\\\/2-hakutekniikka\\\/2-2-hakusanat\\\/#primaryimage\"},\"thumbnailUrl\":\"https:\\\/\\\/blogs.uef.fi\\\/tiedonhaku-psykologia\\\/wp-content\\\/uploads\\\/sites\\\/69\\\/2022\\\/08\\\/PSY_lyhenne.png\",\"datePublished\":\"2018-06-18T10:19:46+00:00\",\"dateModified\":\"2025-10-14T05:38:14+00:00\",\"breadcrumb\":{\"@id\":\"https:\\\/\\\/blogs.uef.fi\\\/tiedonhaku-psykologia\\\/2-hakutekniikka\\\/2-2-hakusanat\\\/#breadcrumb\"},\"inLanguage\":\"fi\",\"potentialAction\":[{\"@type\":\"ReadAction\",\"target\":[\"https:\\\/\\\/blogs.uef.fi\\\/tiedonhaku-psykologia\\\/2-hakutekniikka\\\/2-2-hakusanat\\\/\"]}]},{\"@type\":\"ImageObject\",\"inLanguage\":\"fi\",\"@id\":\"https:\\\/\\\/blogs.uef.fi\\\/tiedonhaku-psykologia\\\/2-hakutekniikka\\\/2-2-hakusanat\\\/#primaryimage\",\"url\":\"https:\\\/\\\/blogs.uef.fi\\\/tiedonhaku-psykologia\\\/wp-content\\\/uploads\\\/sites\\\/69\\\/2022\\\/08\\\/PSY_lyhenne.png\",\"contentUrl\":\"https:\\\/\\\/blogs.uef.fi\\\/tiedonhaku-psykologia\\\/wp-content\\\/uploads\\\/sites\\\/69\\\/2022\\\/08\\\/PSY_lyhenne.png\",\"width\":825,\"height\":206},{\"@type\":\"BreadcrumbList\",\"@id\":\"https:\\\/\\\/blogs.uef.fi\\\/tiedonhaku-psykologia\\\/2-hakutekniikka\\\/2-2-hakusanat\\\/#breadcrumb\",\"itemListElement\":[{\"@type\":\"ListItem\",\"position\":1,\"name\":\"Home\",\"item\":\"https:\\\/\\\/blogs.uef.fi\\\/tiedonhaku-psykologia\\\/\"},{\"@type\":\"ListItem\",\"position\":2,\"name\":\"2. Hakutekniikka\",\"item\":\"https:\\\/\\\/blogs.uef.fi\\\/tiedonhaku-psykologia\\\/2-hakutekniikka\\\/\"},{\"@type\":\"ListItem\",\"position\":3,\"name\":\"2.2 Hakusanat\"}]},{\"@type\":\"WebSite\",\"@id\":\"https:\\\/\\\/blogs.uef.fi\\\/tiedonhaku-psykologia\\\/#website\",\"url\":\"https:\\\/\\\/blogs.uef.fi\\\/tiedonhaku-psykologia\\\/\",\"name\":\"Psykologian tiedonhaku 8020120\",\"description\":\"Psykologian tiedonhaku on kattava oppimateriaali tiedonhakuun psykologeille. Se sis\u00e4lt\u00e4\u00e4 yleiset tiedonhaun tekniikat sek\u00e4 psykologian tiedonl\u00e4hteet ohjeineen ja esimerkkeineen.\",\"potentialAction\":[{\"@type\":\"SearchAction\",\"target\":{\"@type\":\"EntryPoint\",\"urlTemplate\":\"https:\\\/\\\/blogs.uef.fi\\\/tiedonhaku-psykologia\\\/?s={search_term_string}\"},\"query-input\":{\"@type\":\"PropertyValueSpecification\",\"valueRequired\":true,\"valueName\":\"search_term_string\"}}],\"inLanguage\":\"fi\"}]}<\/script>\n<!-- \/ Yoast SEO plugin. -->","yoast_head_json":{"title":"2.2 Hakusanat - Psykologian tiedonhaku 8020120","robots":{"index":"index","follow":"follow","max-snippet":"max-snippet:-1","max-image-preview":"max-image-preview:large","max-video-preview":"max-video-preview:-1"},"canonical":"https:\/\/blogs.uef.fi\/tiedonhaku-psykologia\/2-hakutekniikka\/2-2-hakusanat\/","og_locale":"fi_FI","og_type":"article","og_title":"2.2 Hakusanat - Psykologian tiedonhaku 8020120","og_description":"Tiedonhakua varten aiheen keskeiset k\u00e4sitteet tulee k\u00e4\u00e4nt\u00e4\u00e4 tai muokata hakusanoiksi. K\u00e4site itsess\u00e4\u00e4n on usein ensimm\u00e4inen hyv\u00e4 hakusana. Ei silti kannata tyyty\u00e4 vain siihen, paljon olennaista tietoa voi menn\u00e4 ohi, jos hakee vain yhdell\u00e4 sanalla. Hakusanat ovat hakukoneelle l\u00e4hinn\u00e4 merkkijonoja ja hakijan pit\u00e4\u00e4 itse m\u00e4\u00e4ritt\u00e4\u00e4 merkkijonot, joita haetaan. Vaihtoehtoisia hakutermej\u00e4 voi kartoittaa systemaattisesti: HUOM. Lyhenteiden k\u00e4ytt\u00f6\u00e4 [&hellip;]","og_url":"https:\/\/blogs.uef.fi\/tiedonhaku-psykologia\/2-hakutekniikka\/2-2-hakusanat\/","og_site_name":"Psykologian tiedonhaku 8020120","article_modified_time":"2025-10-14T05:38:14+00:00","og_image":[{"width":825,"height":206,"url":"https:\/\/blogs.uef.fi\/tiedonhaku-psykologia\/wp-content\/uploads\/sites\/69\/2022\/08\/PSY_lyhenne.png","type":"image\/png"}],"twitter_card":"summary_large_image","twitter_misc":{"Arvioitu lukuaika":"3 minuuttia"},"schema":{"@context":"https:\/\/schema.org","@graph":[{"@type":"WebPage","@id":"https:\/\/blogs.uef.fi\/tiedonhaku-psykologia\/2-hakutekniikka\/2-2-hakusanat\/","url":"https:\/\/blogs.uef.fi\/tiedonhaku-psykologia\/2-hakutekniikka\/2-2-hakusanat\/","name":"2.2 Hakusanat - Psykologian tiedonhaku 8020120","isPartOf":{"@id":"https:\/\/blogs.uef.fi\/tiedonhaku-psykologia\/#website"},"primaryImageOfPage":{"@id":"https:\/\/blogs.uef.fi\/tiedonhaku-psykologia\/2-hakutekniikka\/2-2-hakusanat\/#primaryimage"},"image":{"@id":"https:\/\/blogs.uef.fi\/tiedonhaku-psykologia\/2-hakutekniikka\/2-2-hakusanat\/#primaryimage"},"thumbnailUrl":"https:\/\/blogs.uef.fi\/tiedonhaku-psykologia\/wp-content\/uploads\/sites\/69\/2022\/08\/PSY_lyhenne.png","datePublished":"2018-06-18T10:19:46+00:00","dateModified":"2025-10-14T05:38:14+00:00","breadcrumb":{"@id":"https:\/\/blogs.uef.fi\/tiedonhaku-psykologia\/2-hakutekniikka\/2-2-hakusanat\/#breadcrumb"},"inLanguage":"fi","potentialAction":[{"@type":"ReadAction","target":["https:\/\/blogs.uef.fi\/tiedonhaku-psykologia\/2-hakutekniikka\/2-2-hakusanat\/"]}]},{"@type":"ImageObject","inLanguage":"fi","@id":"https:\/\/blogs.uef.fi\/tiedonhaku-psykologia\/2-hakutekniikka\/2-2-hakusanat\/#primaryimage","url":"https:\/\/blogs.uef.fi\/tiedonhaku-psykologia\/wp-content\/uploads\/sites\/69\/2022\/08\/PSY_lyhenne.png","contentUrl":"https:\/\/blogs.uef.fi\/tiedonhaku-psykologia\/wp-content\/uploads\/sites\/69\/2022\/08\/PSY_lyhenne.png","width":825,"height":206},{"@type":"BreadcrumbList","@id":"https:\/\/blogs.uef.fi\/tiedonhaku-psykologia\/2-hakutekniikka\/2-2-hakusanat\/#breadcrumb","itemListElement":[{"@type":"ListItem","position":1,"name":"Home","item":"https:\/\/blogs.uef.fi\/tiedonhaku-psykologia\/"},{"@type":"ListItem","position":2,"name":"2. Hakutekniikka","item":"https:\/\/blogs.uef.fi\/tiedonhaku-psykologia\/2-hakutekniikka\/"},{"@type":"ListItem","position":3,"name":"2.2 Hakusanat"}]},{"@type":"WebSite","@id":"https:\/\/blogs.uef.fi\/tiedonhaku-psykologia\/#website","url":"https:\/\/blogs.uef.fi\/tiedonhaku-psykologia\/","name":"Psykologian tiedonhaku 8020120","description":"Psykologian tiedonhaku on kattava oppimateriaali tiedonhakuun psykologeille. Se sis\u00e4lt\u00e4\u00e4 yleiset tiedonhaun tekniikat sek\u00e4 psykologian tiedonl\u00e4hteet ohjeineen ja esimerkkeineen.","potentialAction":[{"@type":"SearchAction","target":{"@type":"EntryPoint","urlTemplate":"https:\/\/blogs.uef.fi\/tiedonhaku-psykologia\/?s={search_term_string}"},"query-input":{"@type":"PropertyValueSpecification","valueRequired":true,"valueName":"search_term_string"}}],"inLanguage":"fi"}]}},"_links":{"self":[{"href":"https:\/\/blogs.uef.fi\/tiedonhaku-psykologia\/wp-json\/wp\/v2\/pages\/117","targetHints":{"allow":["GET"]}}],"collection":[{"href":"https:\/\/blogs.uef.fi\/tiedonhaku-psykologia\/wp-json\/wp\/v2\/pages"}],"about":[{"href":"https:\/\/blogs.uef.fi\/tiedonhaku-psykologia\/wp-json\/wp\/v2\/types\/page"}],"author":[{"embeddable":true,"href":"https:\/\/blogs.uef.fi\/tiedonhaku-psykologia\/wp-json\/wp\/v2\/users\/190"}],"replies":[{"embeddable":true,"href":"https:\/\/blogs.uef.fi\/tiedonhaku-psykologia\/wp-json\/wp\/v2\/comments?post=117"}],"version-history":[{"count":1,"href":"https:\/\/blogs.uef.fi\/tiedonhaku-psykologia\/wp-json\/wp\/v2\/pages\/117\/revisions"}],"predecessor-version":[{"id":3543,"href":"https:\/\/blogs.uef.fi\/tiedonhaku-psykologia\/wp-json\/wp\/v2\/pages\/117\/revisions\/3543"}],"up":[{"embeddable":true,"href":"https:\/\/blogs.uef.fi\/tiedonhaku-psykologia\/wp-json\/wp\/v2\/pages\/85"}],"wp:attachment":[{"href":"https:\/\/blogs.uef.fi\/tiedonhaku-psykologia\/wp-json\/wp\/v2\/media?parent=117"}],"curies":[{"name":"wp","href":"https:\/\/api.w.org\/{rel}","templated":true}]}}