{"id":111,"date":"2018-06-18T13:10:49","date_gmt":"2018-06-18T10:10:49","guid":{"rendered":"https:\/\/blogs.uef.fi\/tiedonhaku-psykologia\/?page_id=111"},"modified":"2025-10-14T08:33:43","modified_gmt":"2025-10-14T05:33:43","slug":"1-4-erilaisia-julkaisuja","status":"publish","type":"page","link":"https:\/\/blogs.uef.fi\/tiedonhaku-psykologia\/1-julkaisut\/1-4-erilaisia-julkaisuja\/","title":{"rendered":"1.2 Erilaisia julkaisuja"},"content":{"rendered":"\n<p>Yleisin tapa julkaista tutkimustietoja on artikkeli tieteellisess\u00e4 lehdess\u00e4. My\u00f6s kirjat, sarjat ja konferenssijulkaisut ovat keskeisi\u00e4 julkaisukanavia.<\/p>\n\n\n\n<figure class=\"wp-block-image size-full\"><img loading=\"lazy\" decoding=\"async\" width=\"1149\" height=\"491\" src=\"https:\/\/blogs.uef.fi\/tiedonhaku-psykologia\/wp-content\/uploads\/sites\/69\/2021\/07\/julkaisutyypit.png\" alt=\"Kaaviokuva, jossa esitetty julkaisutyyppej\u00e4 ja niiden sis\u00e4lt\u00f6j\u00e4. Journal-julkaisun alla lueteltu Alkuper\u00e4is-\/tutkimusartikkeli, katsausartikkeli, muut artikkelit. Kirjan alla lueteltu kirja, artikkelikokoelma. Sarjajulkaisun alla lueteltu kirja, artikkelikokoelma. Konferenssijulkaisun alla lueteltu esitelm\u00e4, posteri.\" class=\"wp-image-1501\" style=\"object-fit:cover\" srcset=\"https:\/\/blogs.uef.fi\/tiedonhaku-psykologia\/wp-content\/uploads\/sites\/69\/2021\/07\/julkaisutyypit.png 1149w, https:\/\/blogs.uef.fi\/tiedonhaku-psykologia\/wp-content\/uploads\/sites\/69\/2021\/07\/julkaisutyypit-300x128.png 300w, https:\/\/blogs.uef.fi\/tiedonhaku-psykologia\/wp-content\/uploads\/sites\/69\/2021\/07\/julkaisutyypit-1024x438.png 1024w, https:\/\/blogs.uef.fi\/tiedonhaku-psykologia\/wp-content\/uploads\/sites\/69\/2021\/07\/julkaisutyypit-768x328.png 768w\" sizes=\"auto, (max-width: 1149px) 100vw, 1149px\" \/><\/figure>\n\n\n\n<p>Kirjallisuustietokannoissa, joita t\u00e4ss\u00e4 oppimateriaalissa esitell\u00e4\u00e4n, on helppo tarvittaessa rajata tuloksista n\u00e4kyviin vain tietty\/tietyt julkaisutyypit (document type). T\u00e4m\u00e4 tehd\u00e4\u00e4n valmiiden <strong>filttereiden<\/strong> avulla.<\/p>\n\n\n\n<h2 class=\"wp-block-heading\">Artikkelit raportoivat uusista tutkimustuloksista<\/h2>\n\n\n\n<p><strong>Tieteellisen lehden (journal)<\/strong> sis\u00e4lt\u00f6 jakautuu yksitt\u00e4isiin artikkeleihin. Artikkeleita on kahta p\u00e4\u00e4tyyppi\u00e4: alkuper\u00e4isartikkeleita ja katsaus- eli review-artikkeleita.<\/p>\n\n\n\n<p>Varsinaisten<strong> tutkimusartikkelien<\/strong> lis\u00e4ksi tieteelliset lehdet voivat sis\u00e4lt\u00e4\u00e4 my\u00f6s erilaisia <strong>katsauksia, uutisia, kirjeit\u00e4 ja keskustelua.<\/strong><br><br>Lehdet<strong> ilmestyv\u00e4t s\u00e4\u00e4nn\u00f6llisesti,<\/strong> vuodessa \/ vuosikerrassa on tavallisesti tietty m\u00e4\u00e4r\u00e4 numeroita.<br><br>Arkikieless\u00e4 tieteellisi\u00e4 lehti\u00e4 kutsutaan usein sarjoiksi, mik\u00e4 voi aiheuttaa sekaannuksia (ks. alla sarjajulkaisuista). Jotkut tutkijat puhuvat my\u00f6s \u2019journaaleista\u2019.<\/p>\n\n\n\n<figure class=\"wp-block-image size-full is-resized\"><img loading=\"lazy\" decoding=\"async\" width=\"333\" height=\"467\" src=\"https:\/\/blogs.uef.fi\/tiedonhaku-psykologia\/wp-content\/uploads\/sites\/69\/2018\/06\/Psykologia.png\" alt=\"Kuvakaappaus Psykologia lehden kansikuvasta. Lehden nimi tummalla pohjalla yl\u00e4reunassa. Alempana vihre\u00e4ll\u00e4 pohjalla lehden sis\u00e4lt\u00f6. Kuvakaappaus Psykologia lehden kansikuvasta. Lehden nimi tummalla pohjalla yl\u00e4reunassa. Alempana vihre\u00e4ll\u00e4 pohjalla lehden sis\u00e4lt\u00f6. Alimpana tummalla pohjalla lehden julkaisija, Suomen psykologinen seura.\" class=\"wp-image-163\" style=\"width:auto;height:230px\" srcset=\"https:\/\/blogs.uef.fi\/tiedonhaku-psykologia\/wp-content\/uploads\/sites\/69\/2018\/06\/Psykologia.png 333w, https:\/\/blogs.uef.fi\/tiedonhaku-psykologia\/wp-content\/uploads\/sites\/69\/2018\/06\/Psykologia-214x300.png 214w, https:\/\/blogs.uef.fi\/tiedonhaku-psykologia\/wp-content\/uploads\/sites\/69\/2018\/06\/Psykologia-271x380.png 271w\" sizes=\"auto, (max-width: 333px) 100vw, 333px\" \/><figcaption class=\"wp-element-caption\"><em>Psykologia on kotimainen, vertaisarvioitu tieteellinen lehti.<\/em><\/figcaption><\/figure>\n\n\n\n<h3 class=\"wp-block-heading\">Alkuper\u00e4isartikkeli<\/h3>\n\n\n\n<p>Alkuper\u00e4isartikkeli (original\/research article\/paper) sis\u00e4lt\u00e4\u00e4 joko t\u00e4ysin uusia tutkimustuloksia tai vanhojen tulosten uutta tulkintaa.<\/p>\n\n\n\n<p>Alkuper\u00e4isartikkeli<strong> <\/strong>on lyhyehk\u00f6, keskim\u00e4\u00e4rin 7-20 sivun mittainen esitys jostain kyseisen lehden tieteenalaan liittyv\u00e4st\u00e4 selke\u00e4sti rajatusta ongelmasta. Pelk\u00e4st\u00e4\u00e4n alkuper\u00e4isartikkeleita lukemalla on hankalaa saada yleisk\u00e4sityst\u00e4 laajemmista aiheista ja tiet\u00e4myksen tasosta tieteenalalla.<\/p>\n\n\n\n<h3 class=\"wp-block-heading\">Katsausartikkeli<\/h3>\n\n\n\n<p>Katsausartikkelit (review article) kokoavat yhteen aikaisempien tutkimusten tuloksia.<\/p>\n\n\n\n<p>Katsausartikkeleita laativat tieteenalojen kokeneet asiantuntijat. Katsausartikkelia varten k\u00e4yd\u00e4\u00e4n l\u00e4pi kaikki t\u00e4rkeimm\u00e4t kyseiseen aiheeseen liittyv\u00e4t alkuper\u00e4isartikkelit.  Katsaukset ovat yleens\u00e4 pitki\u00e4, kymmenien sivujen mittaisia, ja niiss\u00e4 on kattavat l\u00e4hdeluettelot.<\/p>\n\n\n\n<p>Katsausartikkeleita julkaistaan sek\u00e4 tavanomaisissa tieteellisiss\u00e4 lehdiss\u00e4 ett\u00e4 erityisiss\u00e4 katsaussarjoissa. <a href=\"https:\/\/primo.uef.fi\/permalink\/358FIN_UOEF\/g1i500\/alma9914836407305966\" target=\"_blank\" rel=\"noopener\">Annual Review of Psychology<\/a> julkaisee psykologian katsausartikkeleita.<\/p>\n\n\n\n<p>Lehdiss\u00e4 saattaa olla muitakin artikkelityyppej\u00e4. Niiden nimitykset vaihtelevat lehditt\u00e4in. Usein n\u00e4iden artikkeleiden tarkoitus on nostaa esiin joitakin t\u00e4rkeit\u00e4 n\u00e4k\u00f6kohtia tai uusia l\u00f6yd\u00f6ksi\u00e4 tutkimuksista, jotka eiv\u00e4t viel\u00e4 ole valmiita julkaistavaksi varsinaisina tutkimusartikkeleina. My\u00f6s er\u00e4\u00e4nlaista tieteellist\u00e4 keskustelua k\u00e4yd\u00e4\u00e4n lehtien v\u00e4lityksell\u00e4.<\/p>\n\n\n\n<h3 class=\"wp-block-heading\">Ammattilehdet<\/h3>\n\n\n\n<p><strong>Ammattilehdet<\/strong> auttavat pysym\u00e4\u00e4n selvill\u00e4 ty\u00f6ss\u00e4 ajankohtaisista asioista. Psykologiliitto julkaisee Psykologi -lehte\u00e4.<\/p>\n\n\n\n<h2 class=\"wp-block-heading\">Kirjat kertovat aiheestaan laajasti<\/h2>\n\n\n\n<p>Tieteellinen kirja eli monografia kirjoitetaan yleens\u00e4 siin\u00e4 vaiheessa, kun tiet\u00e4mys aiheesta on yleisesti hyv\u00e4ksytty\u00e4 ja vakiintunutta. Kirjan julkaiseminen vie aikaa, ja kirjatiedoilta yleens\u00e4 my\u00f6s odotetaan tietty\u00e4 pysyvyytt\u00e4.<br><br>Kirja esittelee ilmi\u00f6n taustat ja antaa kokonaiskuvan aiheesta.<\/p>\n\n\n\n<p>Kirja voi olla <strong>vertaisarvioitu<\/strong> tai se voi olla k\u00e4yt\u00e4nn\u00f6n <strong>ammattikirjallisuutta <\/strong>tai <strong>yleist\u00e4 tietokirjallisuutta.<\/strong><\/p>\n\n\n\n<p>Psykologiaan liittyv\u00e4\u00e4 kirjallisuutta julkaistaan hyvin paljon; sek\u00e4 tieteelliseen tietoon nojaavaa ett\u00e4 muuta. <strong>Kirjoittajien taustan<\/strong> tarkastelusta on usein apua kirjallisuuden arvioinnissa.<\/p>\n\n\n\n<h3 class=\"wp-block-heading\">Kokoomateos sis\u00e4lt\u00e4\u00e4 artikkeleita<\/h3>\n\n\n\n<p>Kokoomateoksella tarkoitetaan kirjaa, joka on <strong>toimitettu (edited)<\/strong> useamman kirjoittajan erillisist\u00e4 artikkeleista. Toimittaja (editor) voi olla my\u00f6s jonkin artikkelin kirjoittaja (author), mutta v\u00e4ltt\u00e4m\u00e4t\u00f6nt\u00e4 t\u00e4m\u00e4 ei ole.<\/p>\n\n\n\n<figure class=\"wp-block-image size-full is-resized\"><img loading=\"lazy\" decoding=\"async\" width=\"385\" height=\"593\" src=\"https:\/\/blogs.uef.fi\/tiedonhaku-psykologia\/wp-content\/uploads\/sites\/69\/2018\/06\/psychologyofworkinglife.png\" alt=\"Kirjan kansikuva. Turkoosi pohja, jossa kirja nimi, tekij\u00e4 ja kustantaja. Pieni keltapohjainen kuva tietokoneen hiirest\u00e4.\" class=\"wp-image-145\" style=\"width:auto;height:230px\" srcset=\"https:\/\/blogs.uef.fi\/tiedonhaku-psykologia\/wp-content\/uploads\/sites\/69\/2018\/06\/psychologyofworkinglife.png 385w, https:\/\/blogs.uef.fi\/tiedonhaku-psykologia\/wp-content\/uploads\/sites\/69\/2018\/06\/psychologyofworkinglife-195x300.png 195w, https:\/\/blogs.uef.fi\/tiedonhaku-psykologia\/wp-content\/uploads\/sites\/69\/2018\/06\/psychologyofworkinglife-247x380.png 247w\" sizes=\"auto, (max-width: 385px) 100vw, 385px\" \/><figcaption class=\"wp-element-caption\"><em>Kirja, jolla on yksi kirjoittaja.<\/em><\/figcaption><\/figure>\n\n\n\n<p><\/p>\n\n\n\n<figure class=\"wp-block-image size-full is-resized\"><img loading=\"lazy\" decoding=\"async\" width=\"353\" height=\"481\" src=\"https:\/\/blogs.uef.fi\/tiedonhaku-psykologia\/wp-content\/uploads\/sites\/69\/2018\/06\/Mikameitaliikuttaa.png\" alt=\"Kirjan kansikuva. Punainen pohja, kolme etanaa. Kirjan nimi Mik\u00e4 miet\u00e4 liikuttaa. Toimittajien nimet, kustantaja. nimi.\" class=\"wp-image-141\" style=\"width:auto;height:230px\" srcset=\"https:\/\/blogs.uef.fi\/tiedonhaku-psykologia\/wp-content\/uploads\/sites\/69\/2018\/06\/Mikameitaliikuttaa.png 353w, https:\/\/blogs.uef.fi\/tiedonhaku-psykologia\/wp-content\/uploads\/sites\/69\/2018\/06\/Mikameitaliikuttaa-220x300.png 220w, https:\/\/blogs.uef.fi\/tiedonhaku-psykologia\/wp-content\/uploads\/sites\/69\/2018\/06\/Mikameitaliikuttaa-279x380.png 279w\" sizes=\"auto, (max-width: 353px) 100vw, 353px\" \/><figcaption class=\"wp-element-caption\"><em>Toimitettu kirja eli kokoomateos.<\/em><\/figcaption><\/figure>\n\n\n\n<h2 class=\"wp-block-heading\">Sarjat kertovat tietyss\u00e4 organisaatiossa tehdyst\u00e4 tutkimuksesta<\/h2>\n\n\n\n<p>Julkaisusarjat ovat erityisesti tutkimuslaitosten ja muiden julkisorganisaatioiden tavallinen v\u00e4yl\u00e4 ty\u00f6n tulosten julkistamiseen ja siten t\u00e4rkeit\u00e4 tiedonl\u00e4hteit\u00e4.<br><br>Esimerkiksi v\u00e4it\u00f6skirjat julkaistaan Suomessa yliopistojen sarjoissa l\u00e4hes poikkeuksetta.<br><br>Sarja ilmestyy <strong>tietyll\u00e4 nimell\u00e4 ja toistuvina osina<\/strong> kuten lehtikin.<br>Sarjat ja lehdet ovatkin yhteiselt\u00e4 nimelt\u00e4\u00e4n <strong>kausijulkaisut.<\/strong><br><br>Sarjan osa ilmestyy, kun julkaisu on valmis. Osat <strong>eiv\u00e4t siis ilmesty s\u00e4\u00e4nn\u00f6llisin v\u00e4lein<\/strong> kuten lehtien numerot. Osien m\u00e4\u00e4r\u00e4 per vuosi voi sekin vaihdella.<br><\/p>\n\n\n\n<figure class=\"wp-block-image size-full is-resized\"><img loading=\"lazy\" decoding=\"async\" width=\"403\" height=\"571\" src=\"https:\/\/blogs.uef.fi\/tiedonhaku-psykologia\/wp-content\/uploads\/sites\/69\/2018\/06\/Lehtovuoridiss.png\" alt=\"Sarjan osan kansikuva. Sarjan nimi ja osan numero, tekij\u00e4n nimi sek\u00e4 tutkimuksen nimi valkoisella pohjalla. Kuvituskuva. Jyv\u00e4skyl\u00e4n yliopiston logo ja nimi. \" class=\"wp-image-193\" style=\"width:auto;height:300px\" srcset=\"https:\/\/blogs.uef.fi\/tiedonhaku-psykologia\/wp-content\/uploads\/sites\/69\/2018\/06\/Lehtovuoridiss.png 403w, https:\/\/blogs.uef.fi\/tiedonhaku-psykologia\/wp-content\/uploads\/sites\/69\/2018\/06\/Lehtovuoridiss-212x300.png 212w, https:\/\/blogs.uef.fi\/tiedonhaku-psykologia\/wp-content\/uploads\/sites\/69\/2018\/06\/Lehtovuoridiss-268x380.png 268w\" sizes=\"auto, (max-width: 403px) 100vw, 403px\" \/><figcaption class=\"wp-element-caption\"><em>Julkaisun kannessa n\u00e4kyy sarjan nimi ja numero sek\u00e4 oma otsikko.<\/em><\/figcaption><\/figure>\n\n\n\n<p>Sarjajulkaisu voi olla <strong>yksitt\u00e4inen monografia tai kokoomateos<\/strong>. Yleens\u00e4 sarjan eri osilla on omat teemansa tai aiheensa kirjan tapaan.<\/p>\n\n\n\n<p>Kaikkein \u201dtieteellisimm\u00e4t\u201d uudet tulokset julkaistaan nykyisin mieluiten artikkelina vertaisarvioiduissa lehdiss\u00e4, mutta sarjajulkaisujen kautta v\u00e4litet\u00e4\u00e4n edelleenkin runsaasti <strong>raportti-, selvitys- ja casetyyppist\u00e4 tutkimustietoa.<\/strong> Sarjajulkaisu ei useinkaan ole vertaisarvioitu, mutta silti k\u00e4ytt\u00f6kelpoinen l\u00e4hde.<\/p>\n\n\n\n<p>Viime vuosina paljon sarjajulkaisuja on siirtynyt vain <strong>verkossa julkaistaviksi<\/strong>, mik\u00e4 on heikent\u00e4nyt niiden l\u00f6ytyvyytt\u00e4 esim. kirjastotietokannoista. Sarjoja l\u00f6yt\u00e4\u00e4 paremmin eri organisaatioiden omista verkkojulkaisuj\u00e4rjestelmist\u00e4. Hakukoneiden tuloksiin voi my\u00f6s tarttua sarjajulkaisuja.<\/p>\n\n\n\n<h2 class=\"wp-block-heading\">Konferenssijulkaisut ovat nopea tapa julkaista uusia asioita<\/h2>\n\n\n\n<p>Uusia tutkimustuloksia esitell\u00e4\u00e4n aluksi tieteellisiss\u00e4 kokouksissa. Kokouksessa pidetyt esitelm\u00e4t tai niiden lyhennelm\u00e4t sek\u00e4 mahdollisesti posterit kootaan yleens\u00e4 kokousjulkaisun muotoon. T\u00e4m\u00e4 pyrit\u00e4\u00e4n tekem\u00e4\u00e4n mahdollisimman lyhyell\u00e4 viiveell\u00e4, usein jopa ennen kokouksen alkua.<br><br>Kansainv\u00e4listen kokousten julkaisut tunnistaa usein siit\u00e4, ett\u00e4 niiden nimess\u00e4 esiintyy sana \u201dproceedings.\u201d<\/p>\n\n\n\n<figure class=\"wp-block-image size-full is-resized\"><img loading=\"lazy\" decoding=\"async\" width=\"1825\" height=\"2560\" src=\"https:\/\/blogs.uef.fi\/tiedonhaku-psykologia\/wp-content\/uploads\/sites\/69\/2021\/07\/PSYkonferenssi-scaled.jpg\" alt=\"Kansikuva. Konferenssi nimi, ajankohta tek\u00e4 teema, Value &amp; FValues, violetilla pohjalla.\" class=\"wp-image-1522\" style=\"width:auto;height:230px\" srcset=\"https:\/\/blogs.uef.fi\/tiedonhaku-psykologia\/wp-content\/uploads\/sites\/69\/2021\/07\/PSYkonferenssi-scaled.jpg 1825w, https:\/\/blogs.uef.fi\/tiedonhaku-psykologia\/wp-content\/uploads\/sites\/69\/2021\/07\/PSYkonferenssi-214x300.jpg 214w, https:\/\/blogs.uef.fi\/tiedonhaku-psykologia\/wp-content\/uploads\/sites\/69\/2021\/07\/PSYkonferenssi-730x1024.jpg 730w, https:\/\/blogs.uef.fi\/tiedonhaku-psykologia\/wp-content\/uploads\/sites\/69\/2021\/07\/PSYkonferenssi-768x1077.jpg 768w, https:\/\/blogs.uef.fi\/tiedonhaku-psykologia\/wp-content\/uploads\/sites\/69\/2021\/07\/PSYkonferenssi-1095x1536.jpg 1095w, https:\/\/blogs.uef.fi\/tiedonhaku-psykologia\/wp-content\/uploads\/sites\/69\/2021\/07\/PSYkonferenssi-1460x2048.jpg 1460w\" sizes=\"auto, (max-width: 1825px) 100vw, 1825px\" \/><figcaption class=\"wp-element-caption\">The International Academic Forumin vuosittainen konferenssijulkaisu.<\/figcaption><\/figure>\n\n\n\n<h2 class=\"wp-block-heading\">Muita julkaisutyyppej\u00e4<\/h2>\n\n\n\n<p><\/p>\n\n\n\n<p>Muita julkaisutyyppej\u00e4 ovat esimerkiksi patentit, standardit, tilastot, kartat, av-aineistot, data.<\/p>\n\n\n\n<p class=\"has-text-align-right\">Seuraava sivu: <a href=\"https:\/\/blogs.uef.fi\/tiedonhaku-psykologia\/1-julkaisut\/1-3-tieteelliset-julkaisut-eri-aloilla\/\">Tieteelliset julkaisut eri aloilla<\/a>.<\/p>\n","protected":false},"excerpt":{"rendered":"<p>Yleisin tapa julkaista tutkimustietoja on artikkeli tieteellisess\u00e4 lehdess\u00e4. My\u00f6s kirjat, sarjat ja konferenssijulkaisut ovat keskeisi\u00e4 julkaisukanavia. Kirjallisuustietokannoissa, joita t\u00e4ss\u00e4 oppimateriaalissa esitell\u00e4\u00e4n, on helppo tarvittaessa rajata tuloksista n\u00e4kyviin vain tietty\/tietyt julkaisutyypit (document type). T\u00e4m\u00e4 tehd\u00e4\u00e4n valmiiden filttereiden avulla. Artikkelit raportoivat uusista tutkimustuloksista Tieteellisen lehden (journal) sis\u00e4lt\u00f6 jakautuu yksitt\u00e4isiin artikkeleihin. Artikkeleita on kahta p\u00e4\u00e4tyyppi\u00e4: alkuper\u00e4isartikkeleita ja katsaus- [&hellip;]<\/p>\n","protected":false},"author":190,"featured_media":0,"parent":43,"menu_order":0,"comment_status":"closed","ping_status":"closed","template":"","meta":{"_acf_changed":false,"footnotes":""},"class_list":["post-111","page","type-page","status-publish","hentry"],"acf":[],"yoast_head":"<!-- This site is optimized with the Yoast SEO plugin v27.1.1 - https:\/\/yoast.com\/product\/yoast-seo-wordpress\/ -->\n<title>1.2 Erilaisia julkaisuja - Psykologian tiedonhaku 8020120<\/title>\n<meta name=\"robots\" content=\"index, follow, max-snippet:-1, max-image-preview:large, max-video-preview:-1\" \/>\n<link rel=\"canonical\" href=\"https:\/\/blogs.uef.fi\/tiedonhaku-psykologia\/1-julkaisut\/1-4-erilaisia-julkaisuja\/\" \/>\n<meta property=\"og:locale\" content=\"fi_FI\" \/>\n<meta property=\"og:type\" content=\"article\" \/>\n<meta property=\"og:title\" content=\"1.2 Erilaisia julkaisuja - Psykologian tiedonhaku 8020120\" \/>\n<meta property=\"og:description\" content=\"Yleisin tapa julkaista tutkimustietoja on artikkeli tieteellisess\u00e4 lehdess\u00e4. My\u00f6s kirjat, sarjat ja konferenssijulkaisut ovat keskeisi\u00e4 julkaisukanavia. Kirjallisuustietokannoissa, joita t\u00e4ss\u00e4 oppimateriaalissa esitell\u00e4\u00e4n, on helppo tarvittaessa rajata tuloksista n\u00e4kyviin vain tietty\/tietyt julkaisutyypit (document type). T\u00e4m\u00e4 tehd\u00e4\u00e4n valmiiden filttereiden avulla. Artikkelit raportoivat uusista tutkimustuloksista Tieteellisen lehden (journal) sis\u00e4lt\u00f6 jakautuu yksitt\u00e4isiin artikkeleihin. Artikkeleita on kahta p\u00e4\u00e4tyyppi\u00e4: alkuper\u00e4isartikkeleita ja katsaus- [&hellip;]\" \/>\n<meta property=\"og:url\" content=\"https:\/\/blogs.uef.fi\/tiedonhaku-psykologia\/1-julkaisut\/1-4-erilaisia-julkaisuja\/\" \/>\n<meta property=\"og:site_name\" content=\"Psykologian tiedonhaku 8020120\" \/>\n<meta property=\"article:modified_time\" content=\"2025-10-14T05:33:43+00:00\" \/>\n<meta property=\"og:image\" content=\"https:\/\/blogs.uef.fi\/tiedonhaku-psykologia\/wp-content\/uploads\/sites\/69\/2021\/07\/julkaisutyypit.png\" \/>\n\t<meta property=\"og:image:width\" content=\"1149\" \/>\n\t<meta property=\"og:image:height\" content=\"491\" \/>\n\t<meta property=\"og:image:type\" content=\"image\/png\" \/>\n<meta name=\"twitter:card\" content=\"summary_large_image\" \/>\n<meta name=\"twitter:label1\" content=\"Arvioitu lukuaika\" \/>\n\t<meta name=\"twitter:data1\" content=\"5 minuuttia\" \/>\n<script type=\"application\/ld+json\" class=\"yoast-schema-graph\">{\"@context\":\"https:\/\/schema.org\",\"@graph\":[{\"@type\":\"WebPage\",\"@id\":\"https:\/\/blogs.uef.fi\/tiedonhaku-psykologia\/1-julkaisut\/1-4-erilaisia-julkaisuja\/\",\"url\":\"https:\/\/blogs.uef.fi\/tiedonhaku-psykologia\/1-julkaisut\/1-4-erilaisia-julkaisuja\/\",\"name\":\"1.2 Erilaisia julkaisuja - Psykologian tiedonhaku 8020120\",\"isPartOf\":{\"@id\":\"https:\/\/blogs.uef.fi\/tiedonhaku-psykologia\/#website\"},\"primaryImageOfPage\":{\"@id\":\"https:\/\/blogs.uef.fi\/tiedonhaku-psykologia\/1-julkaisut\/1-4-erilaisia-julkaisuja\/#primaryimage\"},\"image\":{\"@id\":\"https:\/\/blogs.uef.fi\/tiedonhaku-psykologia\/1-julkaisut\/1-4-erilaisia-julkaisuja\/#primaryimage\"},\"thumbnailUrl\":\"https:\/\/blogs.uef.fi\/tiedonhaku-psykologia\/wp-content\/uploads\/sites\/69\/2021\/07\/julkaisutyypit.png\",\"datePublished\":\"2018-06-18T10:10:49+00:00\",\"dateModified\":\"2025-10-14T05:33:43+00:00\",\"breadcrumb\":{\"@id\":\"https:\/\/blogs.uef.fi\/tiedonhaku-psykologia\/1-julkaisut\/1-4-erilaisia-julkaisuja\/#breadcrumb\"},\"inLanguage\":\"fi\",\"potentialAction\":[{\"@type\":\"ReadAction\",\"target\":[\"https:\/\/blogs.uef.fi\/tiedonhaku-psykologia\/1-julkaisut\/1-4-erilaisia-julkaisuja\/\"]}]},{\"@type\":\"ImageObject\",\"inLanguage\":\"fi\",\"@id\":\"https:\/\/blogs.uef.fi\/tiedonhaku-psykologia\/1-julkaisut\/1-4-erilaisia-julkaisuja\/#primaryimage\",\"url\":\"https:\/\/blogs.uef.fi\/tiedonhaku-psykologia\/wp-content\/uploads\/sites\/69\/2021\/07\/julkaisutyypit.png\",\"contentUrl\":\"https:\/\/blogs.uef.fi\/tiedonhaku-psykologia\/wp-content\/uploads\/sites\/69\/2021\/07\/julkaisutyypit.png\",\"width\":1149,\"height\":491},{\"@type\":\"BreadcrumbList\",\"@id\":\"https:\/\/blogs.uef.fi\/tiedonhaku-psykologia\/1-julkaisut\/1-4-erilaisia-julkaisuja\/#breadcrumb\",\"itemListElement\":[{\"@type\":\"ListItem\",\"position\":1,\"name\":\"Home\",\"item\":\"https:\/\/blogs.uef.fi\/tiedonhaku-psykologia\/\"},{\"@type\":\"ListItem\",\"position\":2,\"name\":\"1. Julkaisut\",\"item\":\"https:\/\/blogs.uef.fi\/tiedonhaku-psykologia\/1-julkaisut\/\"},{\"@type\":\"ListItem\",\"position\":3,\"name\":\"1.2 Erilaisia julkaisuja\"}]},{\"@type\":\"WebSite\",\"@id\":\"https:\/\/blogs.uef.fi\/tiedonhaku-psykologia\/#website\",\"url\":\"https:\/\/blogs.uef.fi\/tiedonhaku-psykologia\/\",\"name\":\"Psykologian tiedonhaku 8020120\",\"description\":\"Psykologian tiedonhaku on kattava oppimateriaali tiedonhakuun psykologeille. Se sis\u00e4lt\u00e4\u00e4 yleiset tiedonhaun tekniikat sek\u00e4 psykologian tiedonl\u00e4hteet ohjeineen ja esimerkkeineen.\",\"potentialAction\":[{\"@type\":\"SearchAction\",\"target\":{\"@type\":\"EntryPoint\",\"urlTemplate\":\"https:\/\/blogs.uef.fi\/tiedonhaku-psykologia\/?s={search_term_string}\"},\"query-input\":{\"@type\":\"PropertyValueSpecification\",\"valueRequired\":true,\"valueName\":\"search_term_string\"}}],\"inLanguage\":\"fi\"}]}<\/script>\n<!-- \/ Yoast SEO plugin. -->","yoast_head_json":{"title":"1.2 Erilaisia julkaisuja - Psykologian tiedonhaku 8020120","robots":{"index":"index","follow":"follow","max-snippet":"max-snippet:-1","max-image-preview":"max-image-preview:large","max-video-preview":"max-video-preview:-1"},"canonical":"https:\/\/blogs.uef.fi\/tiedonhaku-psykologia\/1-julkaisut\/1-4-erilaisia-julkaisuja\/","og_locale":"fi_FI","og_type":"article","og_title":"1.2 Erilaisia julkaisuja - Psykologian tiedonhaku 8020120","og_description":"Yleisin tapa julkaista tutkimustietoja on artikkeli tieteellisess\u00e4 lehdess\u00e4. My\u00f6s kirjat, sarjat ja konferenssijulkaisut ovat keskeisi\u00e4 julkaisukanavia. Kirjallisuustietokannoissa, joita t\u00e4ss\u00e4 oppimateriaalissa esitell\u00e4\u00e4n, on helppo tarvittaessa rajata tuloksista n\u00e4kyviin vain tietty\/tietyt julkaisutyypit (document type). T\u00e4m\u00e4 tehd\u00e4\u00e4n valmiiden filttereiden avulla. Artikkelit raportoivat uusista tutkimustuloksista Tieteellisen lehden (journal) sis\u00e4lt\u00f6 jakautuu yksitt\u00e4isiin artikkeleihin. Artikkeleita on kahta p\u00e4\u00e4tyyppi\u00e4: alkuper\u00e4isartikkeleita ja katsaus- [&hellip;]","og_url":"https:\/\/blogs.uef.fi\/tiedonhaku-psykologia\/1-julkaisut\/1-4-erilaisia-julkaisuja\/","og_site_name":"Psykologian tiedonhaku 8020120","article_modified_time":"2025-10-14T05:33:43+00:00","og_image":[{"width":1149,"height":491,"url":"https:\/\/blogs.uef.fi\/tiedonhaku-psykologia\/wp-content\/uploads\/sites\/69\/2021\/07\/julkaisutyypit.png","type":"image\/png"}],"twitter_card":"summary_large_image","twitter_misc":{"Arvioitu lukuaika":"5 minuuttia"},"schema":{"@context":"https:\/\/schema.org","@graph":[{"@type":"WebPage","@id":"https:\/\/blogs.uef.fi\/tiedonhaku-psykologia\/1-julkaisut\/1-4-erilaisia-julkaisuja\/","url":"https:\/\/blogs.uef.fi\/tiedonhaku-psykologia\/1-julkaisut\/1-4-erilaisia-julkaisuja\/","name":"1.2 Erilaisia julkaisuja - Psykologian tiedonhaku 8020120","isPartOf":{"@id":"https:\/\/blogs.uef.fi\/tiedonhaku-psykologia\/#website"},"primaryImageOfPage":{"@id":"https:\/\/blogs.uef.fi\/tiedonhaku-psykologia\/1-julkaisut\/1-4-erilaisia-julkaisuja\/#primaryimage"},"image":{"@id":"https:\/\/blogs.uef.fi\/tiedonhaku-psykologia\/1-julkaisut\/1-4-erilaisia-julkaisuja\/#primaryimage"},"thumbnailUrl":"https:\/\/blogs.uef.fi\/tiedonhaku-psykologia\/wp-content\/uploads\/sites\/69\/2021\/07\/julkaisutyypit.png","datePublished":"2018-06-18T10:10:49+00:00","dateModified":"2025-10-14T05:33:43+00:00","breadcrumb":{"@id":"https:\/\/blogs.uef.fi\/tiedonhaku-psykologia\/1-julkaisut\/1-4-erilaisia-julkaisuja\/#breadcrumb"},"inLanguage":"fi","potentialAction":[{"@type":"ReadAction","target":["https:\/\/blogs.uef.fi\/tiedonhaku-psykologia\/1-julkaisut\/1-4-erilaisia-julkaisuja\/"]}]},{"@type":"ImageObject","inLanguage":"fi","@id":"https:\/\/blogs.uef.fi\/tiedonhaku-psykologia\/1-julkaisut\/1-4-erilaisia-julkaisuja\/#primaryimage","url":"https:\/\/blogs.uef.fi\/tiedonhaku-psykologia\/wp-content\/uploads\/sites\/69\/2021\/07\/julkaisutyypit.png","contentUrl":"https:\/\/blogs.uef.fi\/tiedonhaku-psykologia\/wp-content\/uploads\/sites\/69\/2021\/07\/julkaisutyypit.png","width":1149,"height":491},{"@type":"BreadcrumbList","@id":"https:\/\/blogs.uef.fi\/tiedonhaku-psykologia\/1-julkaisut\/1-4-erilaisia-julkaisuja\/#breadcrumb","itemListElement":[{"@type":"ListItem","position":1,"name":"Home","item":"https:\/\/blogs.uef.fi\/tiedonhaku-psykologia\/"},{"@type":"ListItem","position":2,"name":"1. Julkaisut","item":"https:\/\/blogs.uef.fi\/tiedonhaku-psykologia\/1-julkaisut\/"},{"@type":"ListItem","position":3,"name":"1.2 Erilaisia julkaisuja"}]},{"@type":"WebSite","@id":"https:\/\/blogs.uef.fi\/tiedonhaku-psykologia\/#website","url":"https:\/\/blogs.uef.fi\/tiedonhaku-psykologia\/","name":"Psykologian tiedonhaku 8020120","description":"Psykologian tiedonhaku on kattava oppimateriaali tiedonhakuun psykologeille. Se sis\u00e4lt\u00e4\u00e4 yleiset tiedonhaun tekniikat sek\u00e4 psykologian tiedonl\u00e4hteet ohjeineen ja esimerkkeineen.","potentialAction":[{"@type":"SearchAction","target":{"@type":"EntryPoint","urlTemplate":"https:\/\/blogs.uef.fi\/tiedonhaku-psykologia\/?s={search_term_string}"},"query-input":{"@type":"PropertyValueSpecification","valueRequired":true,"valueName":"search_term_string"}}],"inLanguage":"fi"}]}},"_links":{"self":[{"href":"https:\/\/blogs.uef.fi\/tiedonhaku-psykologia\/wp-json\/wp\/v2\/pages\/111","targetHints":{"allow":["GET"]}}],"collection":[{"href":"https:\/\/blogs.uef.fi\/tiedonhaku-psykologia\/wp-json\/wp\/v2\/pages"}],"about":[{"href":"https:\/\/blogs.uef.fi\/tiedonhaku-psykologia\/wp-json\/wp\/v2\/types\/page"}],"author":[{"embeddable":true,"href":"https:\/\/blogs.uef.fi\/tiedonhaku-psykologia\/wp-json\/wp\/v2\/users\/190"}],"replies":[{"embeddable":true,"href":"https:\/\/blogs.uef.fi\/tiedonhaku-psykologia\/wp-json\/wp\/v2\/comments?post=111"}],"version-history":[{"count":1,"href":"https:\/\/blogs.uef.fi\/tiedonhaku-psykologia\/wp-json\/wp\/v2\/pages\/111\/revisions"}],"predecessor-version":[{"id":3538,"href":"https:\/\/blogs.uef.fi\/tiedonhaku-psykologia\/wp-json\/wp\/v2\/pages\/111\/revisions\/3538"}],"up":[{"embeddable":true,"href":"https:\/\/blogs.uef.fi\/tiedonhaku-psykologia\/wp-json\/wp\/v2\/pages\/43"}],"wp:attachment":[{"href":"https:\/\/blogs.uef.fi\/tiedonhaku-psykologia\/wp-json\/wp\/v2\/media?parent=111"}],"curies":[{"name":"wp","href":"https:\/\/api.w.org\/{rel}","templated":true}]}}