{"id":83,"date":"2015-10-30T11:38:13","date_gmt":"2015-10-30T11:38:13","guid":{"rendered":"https:\/\/ueflibraryfor.wordpress.com\/?page_id=83"},"modified":"2024-01-18T13:58:26","modified_gmt":"2024-01-18T11:58:26","slug":"hakutapoja","status":"publish","type":"page","link":"https:\/\/blogs.uef.fi\/tiedonhaku-metsatiede\/hakulauseet-2\/hakutapoja\/","title":{"rendered":"Hakutapoja"},"content":{"rendered":"\n<p>Tiedonhakuja voi l\u00e4hesty\u00e4 eri tavoin. Aihetta kannattaa ensin hieman tunnustella, jotta p\u00e4\u00e4see jyv\u00e4lle siit\u00e4, kuinka juuri t\u00e4t\u00e4 aihetta kannattaisi l\u00e4hesty\u00e4 ja kehitell\u00e4 hakua edelleen. Haun muokkaamisen keinoja k\u00e4sitell\u00e4\u00e4n tarkemmin seuravissa luvuissa.<\/p>\n\n\n\n<ul class=\"has-white-background-color has-background wp-block-list\">\n<li>Kokeile yksitt\u00e4isi\u00e4 sanoja<\/li>\n\n\n\n<li>Kokeile yksinkertaisia hakulauseita: 1-2 AND-operaatiota<\/li>\n\n\n\n<li>Lis\u00e4\u00e4 tarpeen mukaan AND-operaatioita<\/li>\n\n\n\n<li>Ker\u00e4\u00e4 lis\u00e4\u00e4 mahdollisia hakusanoja<\/li>\n\n\n\n<li>Kokeile kattavampaa hakulausetta vaihtoehtoisin sanoin<\/li>\n\n\n\n<li>Muista hakukenttien, sanankatkaisun ja fraasien merkitys<\/li>\n<\/ul>\n\n\n\n<p><strong>Hakutulosta kannattaa varsinkin alussa tutkailla j\u00e4rjestettyn\u00e4 (sort by) aiheenmukaisuuden eli relevanssin mukaan. <\/strong>N\u00e4in voit nopeasti l\u00f6yt\u00e4\u00e4 joitakin hyvi\u00e4 osumia.<\/p>\n\n\n\n<p>Tulokset voi j\u00e4rjest\u00e4\u00e4 my\u00f6s julkaisuajankohdan mukaan uusimmat ensin, jos on tarpeen saada erityisesti ihan tuoreita julkaisuja.<br><br>Tietokantahakuja ja niiden tuloksia kannattaa k\u00e4ytt\u00e4\u00e4 hyv\u00e4ksi jo tutkimusty\u00f6n suunnittelu-, valmistelu- ja ideointivaiheessa. Se auttaa aiheen k\u00e4sitteiden ja hakusanojen hahmottelussa ja ker\u00e4\u00e4misess\u00e4.<\/p>\n\n\n\n<h2 class=\"wp-block-heading\">Kokeile yksinkertaista pikahakua<\/h2>\n\n\n\n<p>Hae <strong>yksitt\u00e4isell\u00e4 hakusanalla tai fraasilla<\/strong>, jotta saat k\u00e4sityksen, kuinka yleinen\/harvinainen aihealue on. Voit kokeilla ainakin t\u00e4rkeimpi\u00e4 k\u00e4sitteit\u00e4 erikseen. Yleistermej\u00e4 t\u00e4m\u00e4 ei koske, ne tarvitsevat aina rinnalleen tarkentavia hakusanoja. <\/p>\n\n\n\n<p>Tuloksista voi l\u00f6yty\u00e4 <strong>muutamia hyvi\u00e4<\/strong> osumia omaan aiheeseen.<\/p>\n\n\n\n<figure class=\"wp-block-image alignnone wp-image-1299 size-full\"><img loading=\"lazy\" decoding=\"async\" width=\"754\" height=\"293\" src=\"https:\/\/blogs.uef.fi\/tiedonhaku-metsatiede\/wp-content\/uploads\/sites\/47\/2020\/10\/UP_pikahaku.jpg\" alt=\"Kuvakaappaus UEF-Primosta. Hakulause on dendroclimatology OR dendroklimatologia*, jolla on saatu 12 tulosta kirjaston kokoelmista.\" class=\"wp-image-1299\" srcset=\"https:\/\/blogs.uef.fi\/tiedonhaku-metsatiede\/wp-content\/uploads\/sites\/47\/2020\/10\/UP_pikahaku.jpg 754w, https:\/\/blogs.uef.fi\/tiedonhaku-metsatiede\/wp-content\/uploads\/sites\/47\/2020\/10\/UP_pikahaku-300x117.jpg 300w\" sizes=\"auto, (max-width: 754px) 100vw, 754px\" \/><figcaption class=\"wp-element-caption\"><em>Haku tehd\u00e4\u00e4n vain yhdell\u00e4 k\u00e4sitteell\u00e4. N\u00e4in pient\u00e4 tulosta ei kannata rajata muilla k\u00e4sitteill\u00e4 (=AND-operaatioilla).<\/em><\/figcaption><\/figure>\n\n\n\n<p><strong>Lis\u00e4ksi voit kokeilla hakua kaikilla ydink\u00e4sitteill\u00e4: 1-3 AND-operaatiota. <\/strong><\/p>\n\n\n\n<p>T\u00e4llainen tunnusteleva haku, jonka avulla saadan ker\u00e4tty\u00e4 ehk\u00e4 joitakin hyvi\u00e4 osumia ja my\u00f6skin hyvi\u00e4 hakusanoja, on helppo tapa aloittaa hakeminen, vaikka tarve olisikin hakea aineistoja laajemmin ja kattavammin.<\/p>\n\n\n\n<h2 class=\"wp-block-heading\"><span style=\"color: #000000\">Aloita laajasta, tarkenna sitten<\/span><\/h2>\n\n\n\n<p>T\u00e4ss\u00e4 haussa on ideana, ett\u00e4 varmuden vuoksi haetaan ensin melko v\u00e4lj\u00e4sti, jotta mit\u00e4\u00e4n t\u00e4rke\u00e4\u00e4 ei j\u00e4isi pois heti aluksi. T\u00e4m\u00e4n j\u00e4lkeen tarkennetaan aihetta lis\u00e4\u00e4m\u00e4ll\u00e4 tarpeen mukaan lis\u00e4\u00e4 hakuk\u00e4sitteit\u00e4 (AND-operaatioita) ja k\u00e4ytet\u00e4\u00e4n tietokannan tarjoamia rajausty\u00f6kaluja.<\/p>\n\n\n\n<figure class=\"wp-block-image alignnone size-full is-resized wp-image-1795\"><img loading=\"lazy\" decoding=\"async\" width=\"1211\" height=\"512\" src=\"https:\/\/blogs.uef.fi\/tiedonhaku-metsatiede\/wp-content\/uploads\/sites\/47\/2021\/06\/METlaajemmasta.png\" alt=\"Kuvakappaukset Scopus hausta. Ensin on haettu lauseella \u201dboreal forest\u201d AND (fire OR wildfire), hakukent\u00e4t Article title, Abstract, Keywords. Hakutuloksia 2648 kpl. Toinen haku: hakuun on lis\u00e4tty termi AND soil. Fire OR wildfire -hakukent\u00e4ksi on vaihdettu Article title. Hakutuloksia 360 kpl. T\u00e4t\u00e4 hakutulosta on rajattu Subject area -valinnan mukaan: valittuina ovat Agricultural and biological sciences sek\u00e4 Environmental science. Hakutuloksia yhteens\u00e4 325 kpl.\" class=\"wp-image-1795\" srcset=\"https:\/\/blogs.uef.fi\/tiedonhaku-metsatiede\/wp-content\/uploads\/sites\/47\/2021\/06\/METlaajemmasta.png 1211w, https:\/\/blogs.uef.fi\/tiedonhaku-metsatiede\/wp-content\/uploads\/sites\/47\/2021\/06\/METlaajemmasta-300x127.png 300w, https:\/\/blogs.uef.fi\/tiedonhaku-metsatiede\/wp-content\/uploads\/sites\/47\/2021\/06\/METlaajemmasta-1024x433.png 1024w, https:\/\/blogs.uef.fi\/tiedonhaku-metsatiede\/wp-content\/uploads\/sites\/47\/2021\/06\/METlaajemmasta-768x325.png 768w\" sizes=\"auto, (max-width: 1211px) 100vw, 1211px\" \/><figcaption class=\"wp-element-caption\"><em>Kuvassa yksi esimerkinomainen vaihtoehto, kuinka hakua voi rajata pienemm\u00e4ksi ja tarkemmaksi.<\/em><\/figcaption><\/figure>\n\n\n\n<h2 class=\"wp-block-heading\">Hae ensin tarkasti, laajenna tarvittaessa<\/h2>\n\n\n\n<p>T\u00e4ss\u00e4 l\u00e4hestymistavassa on t\u00e4rke\u00e4\u00e4 saada heti aluksi todella hyvin aiheenmukaisia tuloksia. T\u00e4m\u00e4 onnistuu k\u00e4ytt\u00e4m\u00e4ll\u00e4 tarkkoja hakusanoja ja spesifej\u00e4 termej\u00e4. T\u00e4st\u00e4 voidaan sitten tarpeen mukaan l\u00e4hte\u00e4 laajentamaan hakua k\u00e4ytt\u00e4m\u00e4ll\u00e4 v\u00e4ljempi\u00e4 hakuehtoja ja lis\u00e4\u00e4m\u00e4ll\u00e4 vaihtoehtoisia hakusanoja.<\/p>\n\n\n\n<figure class=\"wp-block-image alignnone size-full is-resized wp-image-1798\"><img loading=\"lazy\" decoding=\"async\" width=\"768\" height=\"583\" src=\"https:\/\/blogs.uef.fi\/tiedonhaku-metsatiede\/wp-content\/uploads\/sites\/47\/2021\/06\/METsuppeasta.png\" alt=\"Kuvakaappaus UEF-Primosta. Hakulause on siperianlehtikuus* AND mets\u00e4nhoi*, jolla on saatu 2 tulosta kirjaston kokoelmista. Koska tuloksia on vain kaksi, vaihdetaan hakusanaksi laajempialainen termi: *lehtikuu* AND mets\u00e4nhoi* on antanut tuloksia 5 kpl.\" class=\"wp-image-1798\" srcset=\"https:\/\/blogs.uef.fi\/tiedonhaku-metsatiede\/wp-content\/uploads\/sites\/47\/2021\/06\/METsuppeasta.png 768w, https:\/\/blogs.uef.fi\/tiedonhaku-metsatiede\/wp-content\/uploads\/sites\/47\/2021\/06\/METsuppeasta-300x228.png 300w\" sizes=\"auto, (max-width: 768px) 100vw, 768px\" \/><figcaption class=\"wp-element-caption\"><em>Yksi esimerkinomainen tapa, kuinka hakua voi laajentaa. Seuraavksi hakuun voisi ottaa mukaan englanninkieliset termit ja tieteellisen nimen.<\/em><\/figcaption><\/figure>\n\n\n\n<h2 class=\"wp-block-heading\">Kasvata &#8221;helme\u00e4&#8221;<\/h2>\n\n\n\n<p>Helmenkasvatus on hyv\u00e4 hakutapa silloin, kun sinulla on valmiiksi tiedossa muutama hyv\u00e4 julkaisu tai jos olet sellaisen jo itse ensin l\u00f6yt\u00e4nyt vaikkapa pikahaulla. Tietokannasta katsotaan t\u00e4llaiseen  &#8221;helmeen&#8221; liittyvi\u00e4 <strong>asiasanoja sek\u00e4 l\u00e4hdeluetteloa ja muita apuneuvoja, joiden avulla voidaan j\u00e4ljitt\u00e4\u00e4 lis\u00e4\u00e4 samankaltaisia julkaisuja.<\/strong> Samoin voi tarkastella, <strong>kuka on aihetta tutkinut<\/strong> ja hakea lis\u00e4\u00e4 saman tekij\u00e4n julkaisuja. <\/p>\n\n\n\n<figure class=\"wp-block-image size-large\"><img loading=\"lazy\" decoding=\"async\" width=\"1024\" height=\"624\" src=\"https:\/\/blogs.uef.fi\/tiedonhaku-metsatiede\/wp-content\/uploads\/sites\/47\/2023\/10\/BIO_helmi-1024x624.png\" alt=\"Kuvakaappaus. Hakulause: reindeer AND lichen AND forestry, jolla saatu 8 osumaa. Esill\u00e4 yhden hakutuloksen tiedot. Artikkelin otsikko on Impacts of different forest management scenarios on forestry and reindeer husbandry. Tiivistelm\u00e4st\u00e4 on korostettu keltaisella sanat: timber production, fodder, harvest operations, pasture, forest management. Alla uusi hakulause: reindeer AND (lichen OR pasture OR fodder) AND forestry OR \u201cforest management\u201d OR harvest operations\u201d OR \u201ctimber production\u201d. Hakutuloksia 37 kpl.\" class=\"wp-image-3461\" srcset=\"https:\/\/blogs.uef.fi\/tiedonhaku-metsatiede\/wp-content\/uploads\/sites\/47\/2023\/10\/BIO_helmi-1024x624.png 1024w, https:\/\/blogs.uef.fi\/tiedonhaku-metsatiede\/wp-content\/uploads\/sites\/47\/2023\/10\/BIO_helmi-300x183.png 300w, https:\/\/blogs.uef.fi\/tiedonhaku-metsatiede\/wp-content\/uploads\/sites\/47\/2023\/10\/BIO_helmi-768x468.png 768w, https:\/\/blogs.uef.fi\/tiedonhaku-metsatiede\/wp-content\/uploads\/sites\/47\/2023\/10\/BIO_helmi.png 1407w\" sizes=\"auto, (max-width: 1024px) 100vw, 1024px\" \/><figcaption class=\"wp-element-caption\"><em>ProQuest-tietokannasta on haettu ensin pieni tarkka tulos aiheesta kuinka mets\u00e4talous vaikuttaa poroihin, erityisesti sen ravintoon eli j\u00e4k\u00e4l\u00e4\u00e4n.  N\u00e4yt\u00f6lle on aukaistu yksi hyv\u00e4 aiheenmukainen artikkeli. Artikkelin tiedoista on katsottu lis\u00e4\u00e4 hyvi\u00e4 hakusanoja ja muotoiltu uusi hakulause.<\/em><\/figcaption><\/figure>\n\n\n\n<p>Mielenkiintoisen julkaisun <strong>l\u00e4hdeluettelo<\/strong> johtaa uusiin julkaisuihin ja uusiin hakusanoihin.<br><br>Tietokannoissa voi olla <strong>suositteluja<\/strong> vastaavista tuloksista tai linkkej\u00e4 julkaisuhin, jotka k\u00e4yttiv\u00e4t kyseist\u00e4 dokumenttia l\u00e4hteen\u00e4\u00e4n.<\/p>\n\n\n\n<figure class=\"wp-block-image size-full is-resized\"><img loading=\"lazy\" decoding=\"async\" width=\"906\" height=\"834\" src=\"https:\/\/blogs.uef.fi\/tiedonhaku-metsatiede\/wp-content\/uploads\/sites\/47\/2021\/08\/MET_scopus_helmi.png\" alt=\"Kuvakaappaus tietokannan artikkeliviitteest\u00e4. Cited by 11 documents: n\u00e4m\u00e4 k\u00e4yttiv\u00e4t artikkelia omana l\u00e4hteen\u00e4\u00e4n. References eli l\u00e4hdeluettelo: kannattaako lukea my\u00f6s joitakin n\u00e4ist\u00e4? L\u00f6ytyyk\u00f6 uusia hakusanoja? Esimerkki: carbon storage \u2013 carbon stocks. Related documents: j\u00e4rjestelm\u00e4n ehdottamia artikkeleita aiheesta. Keywords eli asiasanat: l\u00f6ytyyk\u00f6 t\u00e4\u00e4lt\u00e4 hyvi\u00e4 uusia hakusanoja?\" class=\"wp-image-2399\" srcset=\"https:\/\/blogs.uef.fi\/tiedonhaku-metsatiede\/wp-content\/uploads\/sites\/47\/2021\/08\/MET_scopus_helmi.png 906w, https:\/\/blogs.uef.fi\/tiedonhaku-metsatiede\/wp-content\/uploads\/sites\/47\/2021\/08\/MET_scopus_helmi-300x276.png 300w, https:\/\/blogs.uef.fi\/tiedonhaku-metsatiede\/wp-content\/uploads\/sites\/47\/2021\/08\/MET_scopus_helmi-768x707.png 768w\" sizes=\"auto, (max-width: 906px) 100vw, 906px\" \/><\/figure>\n\n\n\n<h2 class=\"wp-block-heading\"><span style=\"color: #000000\">Selail<\/span>e<\/h2>\n\n\n\n<p>Vaikka erilaisia tieteellisi\u00e4 lehti\u00e4 on tarjolla lukematon m\u00e4\u00e4r\u00e4, usein alalla on tietyt tunnetut lehdet, joissa ainakin t\u00e4rkeimm\u00e4t artikkelit pyrit\u00e4\u00e4n julkaisemaan. T\u00e4llaisia t\u00e4rkeit\u00e4 lehti\u00e4 voi selailla (browse) aika ajoin. Kaikkea ei tarvitse l\u00f6yt\u00e4\u00e4 hakulauseiden avulla.<\/p>\n\n\n\n<p>Tietokannoissa voit my\u00f6s selailla esim. tietyn <strong>lehden artikkeleita tai aihealueita <\/strong>(englanniksi Category tai Subject area).<\/p>\n\n\n\n<hr class=\"wp-block-separator has-alpha-channel-opacity\" \/>\n\n\n\n<figure class=\"wp-block-image alignnone wp-image-327\"><img loading=\"lazy\" decoding=\"async\" width=\"964\" height=\"537\" src=\"https:\/\/blogs.uef.fi\/tiedonhaku-metsatiede\/wp-content\/uploads\/sites\/47\/2016\/10\/metselaa.jpg\" alt=\"Kuvakaappaus tietokannasta. Selailu tehd\u00e4\u00e4n valinnoilla Life sciences, Forestry, Book, 2011-2016 (vuodet). Tuloksia 111 kpl. \" class=\"wp-image-327\" srcset=\"https:\/\/blogs.uef.fi\/tiedonhaku-metsatiede\/wp-content\/uploads\/sites\/47\/2016\/10\/metselaa.jpg 964w, https:\/\/blogs.uef.fi\/tiedonhaku-metsatiede\/wp-content\/uploads\/sites\/47\/2016\/10\/metselaa-300x167.jpg 300w, https:\/\/blogs.uef.fi\/tiedonhaku-metsatiede\/wp-content\/uploads\/sites\/47\/2016\/10\/metselaa-768x428.jpg 768w\" sizes=\"auto, (max-width: 964px) 100vw, 964px\" \/><figcaption class=\"wp-element-caption\"><em>T\u00e4m\u00e4 esimerkki on SpringerLink-sivustolta.<\/em><\/figcaption><\/figure>\n\n\n\n<p class=\"has-text-align-right\">Seuraava sivu: <a href=\"https:\/\/blogs.uef.fi\/tiedonhaku-metsatiede\/milloin-hakutulos-on-riittava\/\">Milloin hakutulos on riitt\u00e4v\u00e4?<\/a><\/p>\n","protected":false},"excerpt":{"rendered":"<p>Tiedonhakuja voi l\u00e4hesty\u00e4 eri tavoin. Aihetta kannattaa ensin hieman tunnustella, jotta p\u00e4\u00e4see jyv\u00e4lle siit\u00e4, kuinka juuri t\u00e4t\u00e4 aihetta kannattaisi l\u00e4hesty\u00e4 ja kehitell\u00e4 hakua edelleen. Haun muokkaamisen keinoja k\u00e4sitell\u00e4\u00e4n tarkemmin seuravissa luvuissa. Hakutulosta kannattaa varsinkin alussa tutkailla j\u00e4rjestettyn\u00e4 (sort by) aiheenmukaisuuden eli relevanssin mukaan. N\u00e4in voit nopeasti l\u00f6yt\u00e4\u00e4 joitakin hyvi\u00e4 osumia. Tulokset voi j\u00e4rjest\u00e4\u00e4 my\u00f6s julkaisuajankohdan [&hellip;]<\/p>\n","protected":false},"author":127,"featured_media":0,"parent":585,"menu_order":0,"comment_status":"closed","ping_status":"closed","template":"","meta":{"_acf_changed":false,"footnotes":""},"class_list":["post-83","page","type-page","status-publish","hentry"],"acf":[],"yoast_head":"<!-- This site is optimized with the Yoast SEO plugin v27.1.1 - https:\/\/yoast.com\/product\/yoast-seo-wordpress\/ -->\n<title>Hakutapoja - Mets\u00e4tieteen tiedonhaku \/ UEF KIRJASTO<\/title>\n<meta name=\"robots\" content=\"index, follow, max-snippet:-1, max-image-preview:large, max-video-preview:-1\" \/>\n<link rel=\"canonical\" href=\"https:\/\/blogs.uef.fi\/tiedonhaku-metsatiede\/hakulauseet-2\/hakutapoja\/\" \/>\n<meta property=\"og:locale\" content=\"fi_FI\" \/>\n<meta property=\"og:type\" content=\"article\" \/>\n<meta property=\"og:title\" content=\"Hakutapoja - Mets\u00e4tieteen tiedonhaku \/ UEF KIRJASTO\" \/>\n<meta property=\"og:description\" content=\"Tiedonhakuja voi l\u00e4hesty\u00e4 eri tavoin. Aihetta kannattaa ensin hieman tunnustella, jotta p\u00e4\u00e4see jyv\u00e4lle siit\u00e4, kuinka juuri t\u00e4t\u00e4 aihetta kannattaisi l\u00e4hesty\u00e4 ja kehitell\u00e4 hakua edelleen. Haun muokkaamisen keinoja k\u00e4sitell\u00e4\u00e4n tarkemmin seuravissa luvuissa. Hakutulosta kannattaa varsinkin alussa tutkailla j\u00e4rjestettyn\u00e4 (sort by) aiheenmukaisuuden eli relevanssin mukaan. N\u00e4in voit nopeasti l\u00f6yt\u00e4\u00e4 joitakin hyvi\u00e4 osumia. Tulokset voi j\u00e4rjest\u00e4\u00e4 my\u00f6s julkaisuajankohdan [&hellip;]\" \/>\n<meta property=\"og:url\" content=\"https:\/\/blogs.uef.fi\/tiedonhaku-metsatiede\/hakulauseet-2\/hakutapoja\/\" \/>\n<meta property=\"og:site_name\" content=\"Mets\u00e4tieteen tiedonhaku \/ UEF KIRJASTO\" \/>\n<meta property=\"article:modified_time\" content=\"2024-01-18T11:58:26+00:00\" \/>\n<meta property=\"og:image\" content=\"https:\/\/blogs.uef.fi\/tiedonhaku-metsatiede\/wp-content\/uploads\/sites\/47\/2020\/10\/UP_pikahaku.jpg\" \/>\n<meta name=\"twitter:card\" content=\"summary_large_image\" \/>\n<meta name=\"twitter:label1\" content=\"Arvioitu lukuaika\" \/>\n\t<meta name=\"twitter:data1\" content=\"5 minuuttia\" \/>\n<script type=\"application\/ld+json\" class=\"yoast-schema-graph\">{\"@context\":\"https:\/\/schema.org\",\"@graph\":[{\"@type\":\"WebPage\",\"@id\":\"https:\/\/blogs.uef.fi\/tiedonhaku-metsatiede\/hakulauseet-2\/hakutapoja\/\",\"url\":\"https:\/\/blogs.uef.fi\/tiedonhaku-metsatiede\/hakulauseet-2\/hakutapoja\/\",\"name\":\"Hakutapoja - Mets\u00e4tieteen tiedonhaku \/ UEF KIRJASTO\",\"isPartOf\":{\"@id\":\"https:\/\/blogs.uef.fi\/tiedonhaku-metsatiede\/#website\"},\"primaryImageOfPage\":{\"@id\":\"https:\/\/blogs.uef.fi\/tiedonhaku-metsatiede\/hakulauseet-2\/hakutapoja\/#primaryimage\"},\"image\":{\"@id\":\"https:\/\/blogs.uef.fi\/tiedonhaku-metsatiede\/hakulauseet-2\/hakutapoja\/#primaryimage\"},\"thumbnailUrl\":\"https:\/\/blogs.uef.fi\/tiedonhaku-metsatiede\/wp-content\/uploads\/sites\/47\/2020\/10\/UP_pikahaku.jpg\",\"datePublished\":\"2015-10-30T11:38:13+00:00\",\"dateModified\":\"2024-01-18T11:58:26+00:00\",\"breadcrumb\":{\"@id\":\"https:\/\/blogs.uef.fi\/tiedonhaku-metsatiede\/hakulauseet-2\/hakutapoja\/#breadcrumb\"},\"inLanguage\":\"fi\",\"potentialAction\":[{\"@type\":\"ReadAction\",\"target\":[\"https:\/\/blogs.uef.fi\/tiedonhaku-metsatiede\/hakulauseet-2\/hakutapoja\/\"]}]},{\"@type\":\"ImageObject\",\"inLanguage\":\"fi\",\"@id\":\"https:\/\/blogs.uef.fi\/tiedonhaku-metsatiede\/hakulauseet-2\/hakutapoja\/#primaryimage\",\"url\":\"https:\/\/blogs.uef.fi\/tiedonhaku-metsatiede\/wp-content\/uploads\/sites\/47\/2020\/10\/UP_pikahaku.jpg\",\"contentUrl\":\"https:\/\/blogs.uef.fi\/tiedonhaku-metsatiede\/wp-content\/uploads\/sites\/47\/2020\/10\/UP_pikahaku.jpg\",\"width\":754,\"height\":293},{\"@type\":\"BreadcrumbList\",\"@id\":\"https:\/\/blogs.uef.fi\/tiedonhaku-metsatiede\/hakulauseet-2\/hakutapoja\/#breadcrumb\",\"itemListElement\":[{\"@type\":\"ListItem\",\"position\":1,\"name\":\"Home\",\"item\":\"https:\/\/blogs.uef.fi\/tiedonhaku-metsatiede\/\"},{\"@type\":\"ListItem\",\"position\":2,\"name\":\"Hakulauseet\",\"item\":\"https:\/\/blogs.uef.fi\/tiedonhaku-metsatiede\/hakulauseet-2\/\"},{\"@type\":\"ListItem\",\"position\":3,\"name\":\"Hakutapoja\"}]},{\"@type\":\"WebSite\",\"@id\":\"https:\/\/blogs.uef.fi\/tiedonhaku-metsatiede\/#website\",\"url\":\"https:\/\/blogs.uef.fi\/tiedonhaku-metsatiede\/\",\"name\":\"Mets\u00e4tieteen tiedonhaku \/ UEF KIRJASTO\",\"description\":\"Mets\u00e4tieteen tiedonhaku on kattava oppimateriaali tiedonhakuun mets\u00e4tieteilij\u00f6ille. Se sis\u00e4lt\u00e4\u00e4 yleiset tiedonhaun tekniikat sek\u00e4 mets\u00e4tieteen tiedonl\u00e4hteet ohjeineen ja esimerkkeineen.\",\"potentialAction\":[{\"@type\":\"SearchAction\",\"target\":{\"@type\":\"EntryPoint\",\"urlTemplate\":\"https:\/\/blogs.uef.fi\/tiedonhaku-metsatiede\/?s={search_term_string}\"},\"query-input\":{\"@type\":\"PropertyValueSpecification\",\"valueRequired\":true,\"valueName\":\"search_term_string\"}}],\"inLanguage\":\"fi\"}]}<\/script>\n<!-- \/ Yoast SEO plugin. -->","yoast_head_json":{"title":"Hakutapoja - Mets\u00e4tieteen tiedonhaku \/ UEF KIRJASTO","robots":{"index":"index","follow":"follow","max-snippet":"max-snippet:-1","max-image-preview":"max-image-preview:large","max-video-preview":"max-video-preview:-1"},"canonical":"https:\/\/blogs.uef.fi\/tiedonhaku-metsatiede\/hakulauseet-2\/hakutapoja\/","og_locale":"fi_FI","og_type":"article","og_title":"Hakutapoja - Mets\u00e4tieteen tiedonhaku \/ UEF KIRJASTO","og_description":"Tiedonhakuja voi l\u00e4hesty\u00e4 eri tavoin. Aihetta kannattaa ensin hieman tunnustella, jotta p\u00e4\u00e4see jyv\u00e4lle siit\u00e4, kuinka juuri t\u00e4t\u00e4 aihetta kannattaisi l\u00e4hesty\u00e4 ja kehitell\u00e4 hakua edelleen. Haun muokkaamisen keinoja k\u00e4sitell\u00e4\u00e4n tarkemmin seuravissa luvuissa. Hakutulosta kannattaa varsinkin alussa tutkailla j\u00e4rjestettyn\u00e4 (sort by) aiheenmukaisuuden eli relevanssin mukaan. N\u00e4in voit nopeasti l\u00f6yt\u00e4\u00e4 joitakin hyvi\u00e4 osumia. Tulokset voi j\u00e4rjest\u00e4\u00e4 my\u00f6s julkaisuajankohdan [&hellip;]","og_url":"https:\/\/blogs.uef.fi\/tiedonhaku-metsatiede\/hakulauseet-2\/hakutapoja\/","og_site_name":"Mets\u00e4tieteen tiedonhaku \/ UEF KIRJASTO","article_modified_time":"2024-01-18T11:58:26+00:00","og_image":[{"url":"https:\/\/blogs.uef.fi\/tiedonhaku-metsatiede\/wp-content\/uploads\/sites\/47\/2020\/10\/UP_pikahaku.jpg","type":"","width":"","height":""}],"twitter_card":"summary_large_image","twitter_misc":{"Arvioitu lukuaika":"5 minuuttia"},"schema":{"@context":"https:\/\/schema.org","@graph":[{"@type":"WebPage","@id":"https:\/\/blogs.uef.fi\/tiedonhaku-metsatiede\/hakulauseet-2\/hakutapoja\/","url":"https:\/\/blogs.uef.fi\/tiedonhaku-metsatiede\/hakulauseet-2\/hakutapoja\/","name":"Hakutapoja - Mets\u00e4tieteen tiedonhaku \/ UEF KIRJASTO","isPartOf":{"@id":"https:\/\/blogs.uef.fi\/tiedonhaku-metsatiede\/#website"},"primaryImageOfPage":{"@id":"https:\/\/blogs.uef.fi\/tiedonhaku-metsatiede\/hakulauseet-2\/hakutapoja\/#primaryimage"},"image":{"@id":"https:\/\/blogs.uef.fi\/tiedonhaku-metsatiede\/hakulauseet-2\/hakutapoja\/#primaryimage"},"thumbnailUrl":"https:\/\/blogs.uef.fi\/tiedonhaku-metsatiede\/wp-content\/uploads\/sites\/47\/2020\/10\/UP_pikahaku.jpg","datePublished":"2015-10-30T11:38:13+00:00","dateModified":"2024-01-18T11:58:26+00:00","breadcrumb":{"@id":"https:\/\/blogs.uef.fi\/tiedonhaku-metsatiede\/hakulauseet-2\/hakutapoja\/#breadcrumb"},"inLanguage":"fi","potentialAction":[{"@type":"ReadAction","target":["https:\/\/blogs.uef.fi\/tiedonhaku-metsatiede\/hakulauseet-2\/hakutapoja\/"]}]},{"@type":"ImageObject","inLanguage":"fi","@id":"https:\/\/blogs.uef.fi\/tiedonhaku-metsatiede\/hakulauseet-2\/hakutapoja\/#primaryimage","url":"https:\/\/blogs.uef.fi\/tiedonhaku-metsatiede\/wp-content\/uploads\/sites\/47\/2020\/10\/UP_pikahaku.jpg","contentUrl":"https:\/\/blogs.uef.fi\/tiedonhaku-metsatiede\/wp-content\/uploads\/sites\/47\/2020\/10\/UP_pikahaku.jpg","width":754,"height":293},{"@type":"BreadcrumbList","@id":"https:\/\/blogs.uef.fi\/tiedonhaku-metsatiede\/hakulauseet-2\/hakutapoja\/#breadcrumb","itemListElement":[{"@type":"ListItem","position":1,"name":"Home","item":"https:\/\/blogs.uef.fi\/tiedonhaku-metsatiede\/"},{"@type":"ListItem","position":2,"name":"Hakulauseet","item":"https:\/\/blogs.uef.fi\/tiedonhaku-metsatiede\/hakulauseet-2\/"},{"@type":"ListItem","position":3,"name":"Hakutapoja"}]},{"@type":"WebSite","@id":"https:\/\/blogs.uef.fi\/tiedonhaku-metsatiede\/#website","url":"https:\/\/blogs.uef.fi\/tiedonhaku-metsatiede\/","name":"Mets\u00e4tieteen tiedonhaku \/ UEF KIRJASTO","description":"Mets\u00e4tieteen tiedonhaku on kattava oppimateriaali tiedonhakuun mets\u00e4tieteilij\u00f6ille. Se sis\u00e4lt\u00e4\u00e4 yleiset tiedonhaun tekniikat sek\u00e4 mets\u00e4tieteen tiedonl\u00e4hteet ohjeineen ja esimerkkeineen.","potentialAction":[{"@type":"SearchAction","target":{"@type":"EntryPoint","urlTemplate":"https:\/\/blogs.uef.fi\/tiedonhaku-metsatiede\/?s={search_term_string}"},"query-input":{"@type":"PropertyValueSpecification","valueRequired":true,"valueName":"search_term_string"}}],"inLanguage":"fi"}]}},"_links":{"self":[{"href":"https:\/\/blogs.uef.fi\/tiedonhaku-metsatiede\/wp-json\/wp\/v2\/pages\/83","targetHints":{"allow":["GET"]}}],"collection":[{"href":"https:\/\/blogs.uef.fi\/tiedonhaku-metsatiede\/wp-json\/wp\/v2\/pages"}],"about":[{"href":"https:\/\/blogs.uef.fi\/tiedonhaku-metsatiede\/wp-json\/wp\/v2\/types\/page"}],"author":[{"embeddable":true,"href":"https:\/\/blogs.uef.fi\/tiedonhaku-metsatiede\/wp-json\/wp\/v2\/users\/127"}],"replies":[{"embeddable":true,"href":"https:\/\/blogs.uef.fi\/tiedonhaku-metsatiede\/wp-json\/wp\/v2\/comments?post=83"}],"version-history":[{"count":2,"href":"https:\/\/blogs.uef.fi\/tiedonhaku-metsatiede\/wp-json\/wp\/v2\/pages\/83\/revisions"}],"predecessor-version":[{"id":3648,"href":"https:\/\/blogs.uef.fi\/tiedonhaku-metsatiede\/wp-json\/wp\/v2\/pages\/83\/revisions\/3648"}],"up":[{"embeddable":true,"href":"https:\/\/blogs.uef.fi\/tiedonhaku-metsatiede\/wp-json\/wp\/v2\/pages\/585"}],"wp:attachment":[{"href":"https:\/\/blogs.uef.fi\/tiedonhaku-metsatiede\/wp-json\/wp\/v2\/media?parent=83"}],"curies":[{"name":"wp","href":"https:\/\/api.w.org\/{rel}","templated":true}]}}