{"id":67,"date":"2015-10-30T11:02:22","date_gmt":"2015-10-30T11:02:22","guid":{"rendered":"https:\/\/ueflibraryfor.wordpress.com\/?page_id=67"},"modified":"2024-08-05T09:59:39","modified_gmt":"2024-08-05T06:59:39","slug":"sanankatkaisu","status":"publish","type":"page","link":"https:\/\/blogs.uef.fi\/tiedonhaku-metsatiede\/hakusanat\/sanankatkaisu\/","title":{"rendered":"Sanankatkaisu"},"content":{"rendered":"\n<p>Sanat taipuvat tai esiintyv\u00e4t yhdyssanojen osina. Sanoista saa muokattua erilaisia johdannaisia. <strong>Kun halutaan hakea kaikkia erilaisia taivutusmuotoja, on se ilmaistava hakusanan muodossa.<\/strong><\/p>\n\n\n\n<ul class=\"wp-block-list\">\n<li><em>computer, computers, computerised, computerized, computation, computational<\/em> jne.<\/li>\n<\/ul>\n\n\n\n<h2 class=\"wp-block-heading\">Katkaise sana asteriskin avulla<\/h2>\n\n\n\n<p>Erilaiset sanamuodot voi hakea sanankatkaisun (truncation) avulla. Sanankatkaisu tapahtuu k\u00e4ytt\u00e4m\u00e4ll\u00e4 hakusanana sanan taipumatonta vartaloa, johon liitet\u00e4\u00e4n katkaisumerkki (truncation mark).<\/p>\n\n\n\n<p><strong>Katkaisumerkkin\u00e4 k\u00e4ytet\u00e4\u00e4n asteriskia (t\u00e4htimerkki):<\/strong> <em>comput*<\/em><\/p>\n\n\n\n<p>Yleiss\u00e4\u00e4nt\u00f6 on, ett\u00e4 <strong>k\u00e4ytt\u00e4m\u00e4ll\u00e4 sanankatkaisua saadaan lis\u00e4\u00e4 hakutuloksia.<\/strong> Yht\u00e4 hakusanaa k\u00e4ytt\u00e4m\u00e4ll\u00e4 haetaan kerralla lukuisia erilaisia taivutusmuotoja ja muita variantteja.<\/p>\n\n\n\n<h3 class=\"wp-block-heading\">Miten sanat katkaistaan<\/h3>\n\n\n\n<p>Katkaisukohdan kanssa pit\u00e4\u00e4 olla tarkkana. Jos katkaisee liian aikaisin <em>(comp*)<\/em>, tulee <strong>v\u00e4\u00e4ri\u00e4 osumia<\/strong>. Jos liian my\u00f6h\u00e4\u00e4n (<em>computer*<\/em>), osa <strong>j\u00e4\u00e4 l\u00f6ytym\u00e4tt\u00e4<\/strong>.<\/p>\n\n\n\n<figure class=\"wp-block-image size-full alignnone is-resized wp-image-1627 size-large\"><img loading=\"lazy\" decoding=\"async\" width=\"1115\" height=\"618\" src=\"https:\/\/blogs.uef.fi\/tiedonhaku-metsatiede\/wp-content\/uploads\/sites\/47\/2021\/06\/METkatkaisu.jpg\" alt=\"Teksti\u00e4 sek\u00e4 tulosm\u00e4\u00e4ri\u00e4 symboloivat kirjapinokuvat. Hakusanat ja niiden tulosm\u00e4\u00e4r\u00e4t allekkain. Hakkuut\u00e4hde: 53. Hakuut\u00e4hde* 62. Hakkuut\u00e4hteet 69. Hakkuut\u00e4hteet* 69. Hakkuut\u00e4ht* 88. Hakkuut\u00e4h* 96. Viimeinen rivi korostettu.\" class=\"wp-image-1627\" srcset=\"https:\/\/blogs.uef.fi\/tiedonhaku-metsatiede\/wp-content\/uploads\/sites\/47\/2021\/06\/METkatkaisu.jpg 1115w, https:\/\/blogs.uef.fi\/tiedonhaku-metsatiede\/wp-content\/uploads\/sites\/47\/2021\/06\/METkatkaisu-300x166.jpg 300w, https:\/\/blogs.uef.fi\/tiedonhaku-metsatiede\/wp-content\/uploads\/sites\/47\/2021\/06\/METkatkaisu-1024x568.jpg 1024w, https:\/\/blogs.uef.fi\/tiedonhaku-metsatiede\/wp-content\/uploads\/sites\/47\/2021\/06\/METkatkaisu-768x426.jpg 768w\" sizes=\"auto, (max-width: 1115px) 100vw, 1115px\" \/><figcaption class=\"wp-element-caption\"><em>Kuvassa on esitetty, kuinka katkaisukohdan valinta vaikuttaa tulosm\u00e4\u00e4riin. Sopiva katkaisukohta on <strong>hakkuut\u00e4h*<\/strong><\/em>.<\/figcaption><\/figure>\n\n\n\n<p>Sananvartalo on hyv\u00e4 yleiss\u00e4\u00e4nt\u00f6 katkaisukohdaksi, mutta ei pid\u00e4 paikkaansa aina, esimerkiksi jos vartalo on hyvin lyhyt, kuten sanassa <strong>t<\/strong>y\u00f6.<\/p>\n\n\n\n<div class=\"links-block\">\n\n    \n    <ul class=\"link-list\">\n        \n            \n            <li class=\"link-list-item\">\n                <a href=\"https:\/\/uef.cloud.panopto.eu\/Panopto\/Pages\/Viewer.aspx?id=5667add7-6799-4138-9d21-b09700af7bbc\" class=\"link-reset link hover-scale-down\">\n                    <svg\n        width=\"43\" height=\"25\"\n        viewBox=\"0 0 43 25\"\n        xmlns=\"http:\/\/www.w3.org\/2000\/svg\">\n    <path\n        d=\"M30.027 0 43 12.5 30.027 25 27 22.083 34.351 15H0v-5h34.351L27 2.917z\"\n        fill=\"currentColor\"\n        fill-rule=\"evenodd\"\/>\n<\/svg>                    <div>Katso video sanankatkaisun vaikutuksesta tulosm\u00e4\u00e4riin (1:34)<\/div>\n                <\/a>\n                <div class=\"link-info\">\n                                    <\/div>\n            <\/li>\n\n                <\/ul>\n<\/div>\n\n\n<p>Sana voidaan katkaista ainakin <strong>lopusta<\/strong>, mutta usein my\u00f6s <strong>alusta tai keskelt\u00e4<\/strong>.<\/p>\n\n\n\n<p>Esimerkkej\u00e4:<\/p>\n\n\n\n<ul class=\"wp-block-list\">\n<li><em>*koivu<\/em> = koivu, hieskoivu, rauduskoivu<\/li>\n\n\n\n<li><em>*koivu*<\/em> = koivu, koivun, rauduskoivun jne.<\/li>\n\n\n\n<li><em>vesi*alueet<\/em> = vesialueet, vesist\u00f6alueet<\/li>\n<\/ul>\n\n\n\n<h3 class=\"wp-block-heading\">Milloin sanat pit\u00e4\u00e4 katkaista<\/h3>\n\n\n\n<p>Kansainv\u00e4liset hakukoneet huomioivat sanojen taipumisen <strong>osittain automaatisesti<\/strong>. L\u00e4hes aina yksikk\u00f6muotoisena haettu sana l\u00f6yt\u00e4\u00e4 my\u00f6s monikon \u2013 ja p\u00e4invastoin.<\/p>\n\n\n\n<ul class=\"wp-block-list\">\n<li><em>forest<\/em>: hakee <em>forest<\/em> ja <em>forests<\/em>, ei hae <em>forestry<\/em><\/li>\n<\/ul>\n\n\n\n<p>Sanankatkaisua tarvitaan aina v\u00e4hint\u00e4\u00e4n sanojen johdannaisia varten. My\u00f6s lainausmerkkien eli fraasien k\u00e4ytt\u00f6 lis\u00e4\u00e4 katkaisun tarvetta.<\/p>\n\n\n\n<p>Erilaiset sananhakuautomatiikat <strong>eiv\u00e4t siis aina p\u00e4de, jos hakusana on kirjoitettu lainausmerkkien sis\u00e4\u00e4n<\/strong> (fraasihaku).<\/p>\n\n\n\n<ul class=\"wp-block-list\">\n<li>&#8221;<em>old forest<\/em>&#8221;: hakee &#8221;<em>old forest<\/em>&#8221;, ei hae &#8221;<em>old forest<strong>s<\/strong><\/em>&#8221;<\/li>\n<\/ul>\n\n\n\n<div class=\"links-block\">\n\n    \n    <ul class=\"link-list\">\n        \n            \n            <li class=\"link-list-item\">\n                <a href=\"https:\/\/uef.cloud.panopto.eu\/Panopto\/Pages\/Viewer.aspx?id=613a9374-3a34-4cf9-a0e6-b09700addca5\" class=\"link-reset link hover-scale-down\">\n                    <svg\n        width=\"43\" height=\"25\"\n        viewBox=\"0 0 43 25\"\n        xmlns=\"http:\/\/www.w3.org\/2000\/svg\">\n    <path\n        d=\"M30.027 0 43 12.5 30.027 25 27 22.083 34.351 15H0v-5h34.351L27 2.917z\"\n        fill=\"currentColor\"\n        fill-rule=\"evenodd\"\/>\n<\/svg>                    <div>Katso video sanankatkaisun k\u00e4yt\u00f6st\u00e4 eri tilanteissa (3:14)<\/div>\n                <\/a>\n                <div class=\"link-info\">\n                                    <\/div>\n            <\/li>\n\n                <\/ul>\n<\/div>\n\n\n<p>Muita sanamuotoja hakukoneet osaavat hakea vaihtelevasti. Web of Science l\u00f6yt\u00e4\u00e4 automaattisesti verbien eri taivutusmuotoja. Finna.fi osaa hakea suomen kielen taivutusta automaattisesti. T\u00e4m\u00e4 <strong>automatiikka tuottaa joskus yll\u00e4tt\u00e4vi\u00e4 tuloksia<\/strong>. Katso video (kesto 6:57); kannattaa suurentaa koko ruudun kokoiseksi alalaidasta!<\/p>\n\n\n\n<p>Videossa k\u00e4ytet\u00e4\u00e4n esimerkkin\u00e4 UEF-Finna -hakukonetta. UEF-Finnaa ei en\u00e4\u00e4 ole, mutta kansallinen Finna.fi toimii kuten videolla. Videon loppupuolella Web of Science -tietokanta toimii kuten ennenkin, vaikka k\u00e4ytt\u00f6liittym\u00e4 on hieman erin\u00e4k\u00f6inen.<\/p>\n\n\n\n<figure class=\"wp-block-embed is-type-video is-provider-youtube wp-block-embed-youtube wp-embed-aspect-16-9 wp-has-aspect-ratio\"><div class=\"wp-block-embed__wrapper\">\n<iframe loading=\"lazy\" title=\"Sanankatkaisu\" width=\"500\" height=\"281\" src=\"https:\/\/www.youtube.com\/embed\/gVLC60Z40l0?feature=oembed\" frameborder=\"0\" allow=\"accelerometer; autoplay; clipboard-write; encrypted-media; gyroscope; picture-in-picture; web-share\" referrerpolicy=\"strict-origin-when-cross-origin\" allowfullscreen><\/iframe>\n<\/div><\/figure>\n\n\n\n<p><\/p>\n\n\n\n<p>UEF-Primo ei osaa taivuttaa suomen kielt\u00e4. Siksi <strong>UEF-Primossa pit\u00e4\u00e4 aina muistaa k\u00e4ytt\u00e4\u00e4 sanakatkaisua.<\/strong><\/p>\n\n\n\n<h2 class=\"wp-block-heading\">Korvausmerkkej\u00e4 voi k\u00e4ytt\u00e4\u00e4 katkaisun sijasta<\/h2>\n\n\n\n<p>Jos sanankatkaisu antaa liian laajan tuloksen, voi katkaisun sijaan korvata yksitt\u00e4isi\u00e4 merkkej\u00e4 sanasta korvausmerkkien  (wildcards) avulla.<\/p>\n\n\n\n<p>Korvausmerkkej\u00e4 (wildcards) voi k\u00e4ytt\u00e4\u00e4 esimerkiksi hakusanoissa, joiden kirjoitusasu vaihtelee, esim. brittil\u00e4inen englanti vs. amerikanenglanti: <em>organisation \u2013 organization<\/em>. Ongelmallisen merkin kohdalle hakusanaan voi sijoittaa korvausmerkin.<\/p>\n\n\n\n<p>Monet kansainv\u00e4liset tietokannat ottavat t\u00e4llaiset <strong>kirjoitusmuotovariantit huomioon automaattisesti<\/strong>, eik\u00e4 korvausmerkki\u00e4 tarvita. T\u00e4h\u00e4nkin on poikkeus fraasihaku (lainausmerkkien k\u00e4ytt\u00f6), joka h\u00e4vitt\u00e4\u00e4 hakusanoihin liittyv\u00e4n automatiikan.<\/p>\n\n\n\n<ul class=\"wp-block-list\">\n<li><em>color:<\/em> hakee sek\u00e4 color ett\u00e4 colour<\/li>\n\n\n\n<li><em>\u201dwood color\u201d<\/em>: hakee \u201dwood color\u201d; ei hae \u201dwood colour\u201d<\/li>\n\n\n\n<li><em>\u201dwood colo*r\u201d<\/em>: hakee sek\u00e4 \u201dwood color\u201d ett\u00e4 \u201dwood colour\u201d<\/li>\n<\/ul>\n\n\n\n<p>Fraasia voi n\u00e4iss\u00e4 tapauksissa hakea my\u00f6s toisella tavoin OR-operaattorin avulla.<\/p>\n\n\n\n<ul class=\"wp-block-list\">\n<li><em>\u201dwood color\u201d OR \u201dwood colour\u201d<\/em><\/li>\n<\/ul>\n\n\n\n<h3 class=\"wp-block-heading\">Korvausmerkkej\u00e4 on kahdenlaisia<\/h3>\n\n\n\n<p>1) merkki korvaa sanasta <strong>t\u00e4sm\u00e4lleen yhden merkin<\/strong><\/p>\n\n\n\n<ul class=\"wp-block-list\">\n<li><em>organi_ation<\/em><\/li>\n<\/ul>\n\n\n\n<p>2) merkki korvaa sanasta <strong>yhden tai nolla merkki\u00e4<\/strong><\/p>\n\n\n\n<ul class=\"wp-block-list\">\n<li><em>colo_r = color <\/em>tai <em>colour<\/em><\/li>\n<\/ul>\n\n\n\n<p><strong>Korvausmerkkien symbolit<\/strong> vaihtelevat tietokannasta toiseen, eik\u00e4 niit\u00e4 aivan kaikkialla ole edes k\u00e4yt\u00f6ss\u00e4. Tietokannan k\u00e4ytt\u00f6ohjeesta (Help, Tips) korvausmerkit voi tarkistaa helposti.<\/p>\n\n\n\n<p class=\"has-text-align-right\">Seuraava sivu: <a href=\"https:\/\/blogs.uef.fi\/tiedonhaku-metsatiede\/asiasanahaku\/\">Asiasanahaku<\/a>.<\/p>\n\n\n\n<p><\/p>\n","protected":false},"excerpt":{"rendered":"<p>Sanat taipuvat tai esiintyv\u00e4t yhdyssanojen osina. Sanoista saa muokattua erilaisia johdannaisia. Kun halutaan hakea kaikkia erilaisia taivutusmuotoja, on se ilmaistava hakusanan muodossa. Katkaise sana asteriskin avulla Erilaiset sanamuodot voi hakea sanankatkaisun (truncation) avulla. Sanankatkaisu tapahtuu k\u00e4ytt\u00e4m\u00e4ll\u00e4 hakusanana sanan taipumatonta vartaloa, johon liitet\u00e4\u00e4n katkaisumerkki (truncation mark). Katkaisumerkkin\u00e4 k\u00e4ytet\u00e4\u00e4n asteriskia (t\u00e4htimerkki): comput* Yleiss\u00e4\u00e4nt\u00f6 on, ett\u00e4 k\u00e4ytt\u00e4m\u00e4ll\u00e4 sanankatkaisua [&hellip;]<\/p>\n","protected":false},"author":127,"featured_media":0,"parent":581,"menu_order":0,"comment_status":"closed","ping_status":"closed","template":"","meta":{"_acf_changed":false,"footnotes":""},"class_list":["post-67","page","type-page","status-publish","hentry"],"acf":[],"yoast_head":"<!-- This site is optimized with the Yoast SEO plugin v27.3 - https:\/\/yoast.com\/product\/yoast-seo-wordpress\/ -->\n<title>Sanankatkaisu - Mets\u00e4tieteen tiedonhaku \/ UEF KIRJASTO<\/title>\n<meta name=\"robots\" content=\"index, follow, max-snippet:-1, max-image-preview:large, max-video-preview:-1\" \/>\n<link rel=\"canonical\" href=\"https:\/\/blogs.uef.fi\/tiedonhaku-metsatiede\/hakusanat\/sanankatkaisu\/\" \/>\n<meta property=\"og:locale\" content=\"fi_FI\" \/>\n<meta property=\"og:type\" content=\"article\" \/>\n<meta property=\"og:title\" content=\"Sanankatkaisu - Mets\u00e4tieteen tiedonhaku \/ UEF KIRJASTO\" \/>\n<meta property=\"og:description\" content=\"Sanat taipuvat tai esiintyv\u00e4t yhdyssanojen osina. Sanoista saa muokattua erilaisia johdannaisia. Kun halutaan hakea kaikkia erilaisia taivutusmuotoja, on se ilmaistava hakusanan muodossa. Katkaise sana asteriskin avulla Erilaiset sanamuodot voi hakea sanankatkaisun (truncation) avulla. Sanankatkaisu tapahtuu k\u00e4ytt\u00e4m\u00e4ll\u00e4 hakusanana sanan taipumatonta vartaloa, johon liitet\u00e4\u00e4n katkaisumerkki (truncation mark). Katkaisumerkkin\u00e4 k\u00e4ytet\u00e4\u00e4n asteriskia (t\u00e4htimerkki): comput* Yleiss\u00e4\u00e4nt\u00f6 on, ett\u00e4 k\u00e4ytt\u00e4m\u00e4ll\u00e4 sanankatkaisua [&hellip;]\" \/>\n<meta property=\"og:url\" content=\"https:\/\/blogs.uef.fi\/tiedonhaku-metsatiede\/hakusanat\/sanankatkaisu\/\" \/>\n<meta property=\"og:site_name\" content=\"Mets\u00e4tieteen tiedonhaku \/ UEF KIRJASTO\" \/>\n<meta property=\"article:modified_time\" content=\"2024-08-05T06:59:39+00:00\" \/>\n<meta property=\"og:image\" content=\"https:\/\/blogs.uef.fi\/tiedonhaku-metsatiede\/wp-content\/uploads\/sites\/47\/2021\/06\/METkatkaisu.jpg\" \/>\n<meta name=\"twitter:card\" content=\"summary_large_image\" \/>\n<meta name=\"twitter:label1\" content=\"Arvioitu lukuaika\" \/>\n\t<meta name=\"twitter:data1\" content=\"4 minuuttia\" \/>\n<script type=\"application\/ld+json\" class=\"yoast-schema-graph\">{\"@context\":\"https:\\\/\\\/schema.org\",\"@graph\":[{\"@type\":\"WebPage\",\"@id\":\"https:\\\/\\\/blogs.uef.fi\\\/tiedonhaku-metsatiede\\\/hakusanat\\\/sanankatkaisu\\\/\",\"url\":\"https:\\\/\\\/blogs.uef.fi\\\/tiedonhaku-metsatiede\\\/hakusanat\\\/sanankatkaisu\\\/\",\"name\":\"Sanankatkaisu - Mets\u00e4tieteen tiedonhaku \\\/ UEF KIRJASTO\",\"isPartOf\":{\"@id\":\"https:\\\/\\\/blogs.uef.fi\\\/tiedonhaku-metsatiede\\\/#website\"},\"primaryImageOfPage\":{\"@id\":\"https:\\\/\\\/blogs.uef.fi\\\/tiedonhaku-metsatiede\\\/hakusanat\\\/sanankatkaisu\\\/#primaryimage\"},\"image\":{\"@id\":\"https:\\\/\\\/blogs.uef.fi\\\/tiedonhaku-metsatiede\\\/hakusanat\\\/sanankatkaisu\\\/#primaryimage\"},\"thumbnailUrl\":\"https:\\\/\\\/blogs.uef.fi\\\/tiedonhaku-metsatiede\\\/wp-content\\\/uploads\\\/sites\\\/47\\\/2021\\\/06\\\/METkatkaisu.jpg\",\"datePublished\":\"2015-10-30T11:02:22+00:00\",\"dateModified\":\"2024-08-05T06:59:39+00:00\",\"breadcrumb\":{\"@id\":\"https:\\\/\\\/blogs.uef.fi\\\/tiedonhaku-metsatiede\\\/hakusanat\\\/sanankatkaisu\\\/#breadcrumb\"},\"inLanguage\":\"fi\",\"potentialAction\":[{\"@type\":\"ReadAction\",\"target\":[\"https:\\\/\\\/blogs.uef.fi\\\/tiedonhaku-metsatiede\\\/hakusanat\\\/sanankatkaisu\\\/\"]}]},{\"@type\":\"ImageObject\",\"inLanguage\":\"fi\",\"@id\":\"https:\\\/\\\/blogs.uef.fi\\\/tiedonhaku-metsatiede\\\/hakusanat\\\/sanankatkaisu\\\/#primaryimage\",\"url\":\"https:\\\/\\\/blogs.uef.fi\\\/tiedonhaku-metsatiede\\\/wp-content\\\/uploads\\\/sites\\\/47\\\/2021\\\/06\\\/METkatkaisu.jpg\",\"contentUrl\":\"https:\\\/\\\/blogs.uef.fi\\\/tiedonhaku-metsatiede\\\/wp-content\\\/uploads\\\/sites\\\/47\\\/2021\\\/06\\\/METkatkaisu.jpg\",\"width\":1115,\"height\":618},{\"@type\":\"BreadcrumbList\",\"@id\":\"https:\\\/\\\/blogs.uef.fi\\\/tiedonhaku-metsatiede\\\/hakusanat\\\/sanankatkaisu\\\/#breadcrumb\",\"itemListElement\":[{\"@type\":\"ListItem\",\"position\":1,\"name\":\"Home\",\"item\":\"https:\\\/\\\/blogs.uef.fi\\\/tiedonhaku-metsatiede\\\/\"},{\"@type\":\"ListItem\",\"position\":2,\"name\":\"Hakusanat\",\"item\":\"https:\\\/\\\/blogs.uef.fi\\\/tiedonhaku-metsatiede\\\/hakusanat\\\/\"},{\"@type\":\"ListItem\",\"position\":3,\"name\":\"Sanankatkaisu\"}]},{\"@type\":\"WebSite\",\"@id\":\"https:\\\/\\\/blogs.uef.fi\\\/tiedonhaku-metsatiede\\\/#website\",\"url\":\"https:\\\/\\\/blogs.uef.fi\\\/tiedonhaku-metsatiede\\\/\",\"name\":\"Mets\u00e4tieteen tiedonhaku \\\/ UEF KIRJASTO\",\"description\":\"Mets\u00e4tieteen tiedonhaku on kattava oppimateriaali tiedonhakuun mets\u00e4tieteilij\u00f6ille. Se sis\u00e4lt\u00e4\u00e4 yleiset tiedonhaun tekniikat sek\u00e4 mets\u00e4tieteen tiedonl\u00e4hteet ohjeineen ja esimerkkeineen.\",\"potentialAction\":[{\"@type\":\"SearchAction\",\"target\":{\"@type\":\"EntryPoint\",\"urlTemplate\":\"https:\\\/\\\/blogs.uef.fi\\\/tiedonhaku-metsatiede\\\/?s={search_term_string}\"},\"query-input\":{\"@type\":\"PropertyValueSpecification\",\"valueRequired\":true,\"valueName\":\"search_term_string\"}}],\"inLanguage\":\"fi\"}]}<\/script>\n<!-- \/ Yoast SEO plugin. -->","yoast_head_json":{"title":"Sanankatkaisu - Mets\u00e4tieteen tiedonhaku \/ UEF KIRJASTO","robots":{"index":"index","follow":"follow","max-snippet":"max-snippet:-1","max-image-preview":"max-image-preview:large","max-video-preview":"max-video-preview:-1"},"canonical":"https:\/\/blogs.uef.fi\/tiedonhaku-metsatiede\/hakusanat\/sanankatkaisu\/","og_locale":"fi_FI","og_type":"article","og_title":"Sanankatkaisu - Mets\u00e4tieteen tiedonhaku \/ UEF KIRJASTO","og_description":"Sanat taipuvat tai esiintyv\u00e4t yhdyssanojen osina. Sanoista saa muokattua erilaisia johdannaisia. Kun halutaan hakea kaikkia erilaisia taivutusmuotoja, on se ilmaistava hakusanan muodossa. Katkaise sana asteriskin avulla Erilaiset sanamuodot voi hakea sanankatkaisun (truncation) avulla. Sanankatkaisu tapahtuu k\u00e4ytt\u00e4m\u00e4ll\u00e4 hakusanana sanan taipumatonta vartaloa, johon liitet\u00e4\u00e4n katkaisumerkki (truncation mark). Katkaisumerkkin\u00e4 k\u00e4ytet\u00e4\u00e4n asteriskia (t\u00e4htimerkki): comput* Yleiss\u00e4\u00e4nt\u00f6 on, ett\u00e4 k\u00e4ytt\u00e4m\u00e4ll\u00e4 sanankatkaisua [&hellip;]","og_url":"https:\/\/blogs.uef.fi\/tiedonhaku-metsatiede\/hakusanat\/sanankatkaisu\/","og_site_name":"Mets\u00e4tieteen tiedonhaku \/ UEF KIRJASTO","article_modified_time":"2024-08-05T06:59:39+00:00","og_image":[{"url":"https:\/\/blogs.uef.fi\/tiedonhaku-metsatiede\/wp-content\/uploads\/sites\/47\/2021\/06\/METkatkaisu.jpg","type":"","width":"","height":""}],"twitter_card":"summary_large_image","twitter_misc":{"Arvioitu lukuaika":"4 minuuttia"},"schema":{"@context":"https:\/\/schema.org","@graph":[{"@type":"WebPage","@id":"https:\/\/blogs.uef.fi\/tiedonhaku-metsatiede\/hakusanat\/sanankatkaisu\/","url":"https:\/\/blogs.uef.fi\/tiedonhaku-metsatiede\/hakusanat\/sanankatkaisu\/","name":"Sanankatkaisu - Mets\u00e4tieteen tiedonhaku \/ UEF KIRJASTO","isPartOf":{"@id":"https:\/\/blogs.uef.fi\/tiedonhaku-metsatiede\/#website"},"primaryImageOfPage":{"@id":"https:\/\/blogs.uef.fi\/tiedonhaku-metsatiede\/hakusanat\/sanankatkaisu\/#primaryimage"},"image":{"@id":"https:\/\/blogs.uef.fi\/tiedonhaku-metsatiede\/hakusanat\/sanankatkaisu\/#primaryimage"},"thumbnailUrl":"https:\/\/blogs.uef.fi\/tiedonhaku-metsatiede\/wp-content\/uploads\/sites\/47\/2021\/06\/METkatkaisu.jpg","datePublished":"2015-10-30T11:02:22+00:00","dateModified":"2024-08-05T06:59:39+00:00","breadcrumb":{"@id":"https:\/\/blogs.uef.fi\/tiedonhaku-metsatiede\/hakusanat\/sanankatkaisu\/#breadcrumb"},"inLanguage":"fi","potentialAction":[{"@type":"ReadAction","target":["https:\/\/blogs.uef.fi\/tiedonhaku-metsatiede\/hakusanat\/sanankatkaisu\/"]}]},{"@type":"ImageObject","inLanguage":"fi","@id":"https:\/\/blogs.uef.fi\/tiedonhaku-metsatiede\/hakusanat\/sanankatkaisu\/#primaryimage","url":"https:\/\/blogs.uef.fi\/tiedonhaku-metsatiede\/wp-content\/uploads\/sites\/47\/2021\/06\/METkatkaisu.jpg","contentUrl":"https:\/\/blogs.uef.fi\/tiedonhaku-metsatiede\/wp-content\/uploads\/sites\/47\/2021\/06\/METkatkaisu.jpg","width":1115,"height":618},{"@type":"BreadcrumbList","@id":"https:\/\/blogs.uef.fi\/tiedonhaku-metsatiede\/hakusanat\/sanankatkaisu\/#breadcrumb","itemListElement":[{"@type":"ListItem","position":1,"name":"Home","item":"https:\/\/blogs.uef.fi\/tiedonhaku-metsatiede\/"},{"@type":"ListItem","position":2,"name":"Hakusanat","item":"https:\/\/blogs.uef.fi\/tiedonhaku-metsatiede\/hakusanat\/"},{"@type":"ListItem","position":3,"name":"Sanankatkaisu"}]},{"@type":"WebSite","@id":"https:\/\/blogs.uef.fi\/tiedonhaku-metsatiede\/#website","url":"https:\/\/blogs.uef.fi\/tiedonhaku-metsatiede\/","name":"Mets\u00e4tieteen tiedonhaku \/ UEF KIRJASTO","description":"Mets\u00e4tieteen tiedonhaku on kattava oppimateriaali tiedonhakuun mets\u00e4tieteilij\u00f6ille. Se sis\u00e4lt\u00e4\u00e4 yleiset tiedonhaun tekniikat sek\u00e4 mets\u00e4tieteen tiedonl\u00e4hteet ohjeineen ja esimerkkeineen.","potentialAction":[{"@type":"SearchAction","target":{"@type":"EntryPoint","urlTemplate":"https:\/\/blogs.uef.fi\/tiedonhaku-metsatiede\/?s={search_term_string}"},"query-input":{"@type":"PropertyValueSpecification","valueRequired":true,"valueName":"search_term_string"}}],"inLanguage":"fi"}]}},"_links":{"self":[{"href":"https:\/\/blogs.uef.fi\/tiedonhaku-metsatiede\/wp-json\/wp\/v2\/pages\/67","targetHints":{"allow":["GET"]}}],"collection":[{"href":"https:\/\/blogs.uef.fi\/tiedonhaku-metsatiede\/wp-json\/wp\/v2\/pages"}],"about":[{"href":"https:\/\/blogs.uef.fi\/tiedonhaku-metsatiede\/wp-json\/wp\/v2\/types\/page"}],"author":[{"embeddable":true,"href":"https:\/\/blogs.uef.fi\/tiedonhaku-metsatiede\/wp-json\/wp\/v2\/users\/127"}],"replies":[{"embeddable":true,"href":"https:\/\/blogs.uef.fi\/tiedonhaku-metsatiede\/wp-json\/wp\/v2\/comments?post=67"}],"version-history":[{"count":2,"href":"https:\/\/blogs.uef.fi\/tiedonhaku-metsatiede\/wp-json\/wp\/v2\/pages\/67\/revisions"}],"predecessor-version":[{"id":3838,"href":"https:\/\/blogs.uef.fi\/tiedonhaku-metsatiede\/wp-json\/wp\/v2\/pages\/67\/revisions\/3838"}],"up":[{"embeddable":true,"href":"https:\/\/blogs.uef.fi\/tiedonhaku-metsatiede\/wp-json\/wp\/v2\/pages\/581"}],"wp:attachment":[{"href":"https:\/\/blogs.uef.fi\/tiedonhaku-metsatiede\/wp-json\/wp\/v2\/media?parent=67"}],"curies":[{"name":"wp","href":"https:\/\/api.w.org\/{rel}","templated":true}]}}