{"id":659,"date":"2018-05-14T12:16:13","date_gmt":"2018-05-14T12:16:13","guid":{"rendered":"https:\/\/blogs.uef.fi\/tiedonhaku-metsatiede\/?page_id=659"},"modified":"2021-06-09T16:15:41","modified_gmt":"2021-06-09T13:15:41","slug":"vapaa-paasy-aineistoihin","status":"publish","type":"page","link":"https:\/\/blogs.uef.fi\/tiedonhaku-metsatiede\/vapaa-paasy-aineistoihin\/","title":{"rendered":"Vapaa p\u00e4\u00e4sy aineistoihin"},"content":{"rendered":"<h1>Hakutulokset: Vapaa p\u00e4\u00e4sy aineistoihin<\/h1>\n<p>Suomalaisessa tiede- ja tutkimusmaailmassa on periaatteena, ett\u00e4<strong> julkisin varoin rahoitettu tutkimus pit\u00e4isi olla kaikkien hy\u00f6dynnett\u00e4viss\u00e4 avoimesti<\/strong>. Ks. <a href=\"http:\/\/minedu.fi\/artikkeli\/-\/asset_publisher\/tiedejulkaisun-tekijanoikeudenhaltijalle-aina-oikeus-ei-kaupalliseen-rinnakkaistallentamiseen\" target=\"_blank\" rel=\"noopener noreferrer\">OKM:n tiedote 13.6.2017<\/a>. T\u00e4m\u00e4 koskee uusinta tutkimustietoa, vanhempaa materiaalia on saatavilla vaihtelevasti, maksumuurien takana tai vain painettuina kirjastoista.<\/p>\n<p><strong>Kansainv\u00e4lisesti<\/strong> katsottuna suurin osa tieteellisist\u00e4 artikkeleista ja muista julkaisuista on edelleen vain tilaajien k\u00e4yt\u00f6ss\u00e4. Tilanne kuitenkin muuttuu koko ajan avoimempaan suuntaan.<\/p>\n<p>Ks. lis\u00e4\u00e4<a href=\"https:\/\/blogs.uef.fi\/tiedonhaku-metsatiede\/avoimet-julkaisut\/\" target=\"_blank\" rel=\"noopener noreferrer\"> Avoimet julkaisut.<\/a><\/p>\n<p>Avoimia julkaisuja voit hakea helposti <strong>Googlella<\/strong>, kun tied\u00e4t julkaisun nimen. Tietoa ja julkaisuja jaetaan paljon <strong>verkkoyhteis\u00f6palveluissa<\/strong>, esim. ResearchGate ja Academia.edu, joissa verkostoitumalla saat helposti tietoa uusista julkaisuista.<\/p>\n<div id=\"attachment_1461\" style=\"width: 210px\" class=\"wp-caption alignleft\"><img loading=\"lazy\" decoding=\"async\" aria-describedby=\"caption-attachment-1461\" class=\"wp-image-1461\" src=\"https:\/\/blogs.uef.fi\/tiedonhaku-metsatiede\/wp-content\/uploads\/sites\/47\/2020\/10\/lisaosat.png\" alt=\"\" width=\"200\" height=\"207\" srcset=\"https:\/\/blogs.uef.fi\/tiedonhaku-metsatiede\/wp-content\/uploads\/sites\/47\/2020\/10\/lisaosat.png 547w, https:\/\/blogs.uef.fi\/tiedonhaku-metsatiede\/wp-content\/uploads\/sites\/47\/2020\/10\/lisaosat-290x300.png 290w\" sizes=\"auto, (max-width: 200px) 100vw, 200px\" \/><p id=\"caption-attachment-1461\" class=\"wp-caption-text\">Lis\u00e4osia Firefox- ja Chrome-selaimille.<\/p><\/div>\n<p>Tietokoneen selaimeen on mahdollista asentaa<strong> lis\u00e4osa<\/strong>, joka nuuskii, onko artikkelia saatavilla avoimesti jollain muulla verkkosivulla.<\/p>\n<p>&nbsp;<\/p>\n<p><strong>Aiheenmukaiseen tiedonhakuun<\/strong> on tarjolla monia vapaasti k\u00e4ytett\u00e4vi\u00e4 resursseja. Aineistoissa on jonkin verran linkkej\u00e4 vapaisiin kokoteksteihin. Osa aineistoista sis\u00e4lt\u00e4\u00e4 vain viitetietoja. Itse artikkelin voi siis joutua ostamaan, jos sit\u00e4 ei nimell\u00e4 hakien (Google) l\u00f6ydy vapaasti verkosta.<\/p>\n<p>Lue lis\u00e4\u00e4 <a href=\"https:\/\/www.uef.fi\/fi\/avoimen-tiedon-hakuopas\" target=\"_blank\" rel=\"noopener noreferrer\">Avoimen tiedon hakuoppaasta<\/a> (linkki aukeaa kirjaston sivulle).<\/p>\n<h2>Kansainv\u00e4liset tiedonl\u00e4hteet:<\/h2>\n<ul>\n<li><a href=\"http:\/\/www.ingentaconnect.com\/\" target=\"_blank\" rel=\"noopener noreferrer\">IngentaConnect<\/a> (monitieteinen viitetietokanta)<\/li>\n<li><a href=\"https:\/\/scholar.google.fi\/\" target=\"_blank\" rel=\"noopener noreferrer\">Google Scholar<\/a><\/li>\n<li><a href=\"https:\/\/doaj.org\/\" target=\"_blank\" rel=\"noopener noreferrer\">DOAJ<\/a> \u2013 Directory of Open Access Journals<\/li>\n<li><a href=\"https:\/\/primo.uef.fi\/\" target=\"_blank\" rel=\"noopener noreferrer\">UEF-Primo<\/a>, elektronisten aineistojen haku<\/li>\n<\/ul>\n<h2>Kotimaiset tiedonl\u00e4hteet:<\/h2>\n<ul>\n<li><a href=\"http:\/\/juuli.fi\/\" target=\"_blank\" rel=\"noopener noreferrer\">Juuli<\/a> (kotimaisten tutkimusorganisaatioiden julkaisutietoja v. 2011 l\u00e4htien, my\u00f6s artikkelit)<\/li>\n<li><a href=\"https:\/\/journal.fi\/\" target=\"_blank\" rel=\"noopener noreferrer\">journal.fi<\/a> (kotimaisia tiedelehti\u00e4 verkossa)<\/li>\n<li><a href=\"https:\/\/finna.fi\/\" target=\"_blank\" rel=\"noopener noreferrer\">Finna.fi<\/a> (kansallinen tietovaranto)<\/li>\n<\/ul>\n<p>&nbsp;<\/p>\n","protected":false},"excerpt":{"rendered":"<p>Hakutulokset: Vapaa p\u00e4\u00e4sy aineistoihin Suomalaisessa tiede- ja tutkimusmaailmassa on periaatteena, ett\u00e4 julkisin varoin rahoitettu tutkimus pit\u00e4isi olla kaikkien hy\u00f6dynnett\u00e4viss\u00e4 avoimesti. Ks. OKM:n tiedote 13.6.2017. T\u00e4m\u00e4 koskee uusinta tutkimustietoa, vanhempaa materiaalia on saatavilla vaihtelevasti, maksumuurien takana tai vain painettuina kirjastoista. Kansainv\u00e4lisesti katsottuna suurin osa tieteellisist\u00e4 artikkeleista ja muista julkaisuista on edelleen vain tilaajien k\u00e4yt\u00f6ss\u00e4. Tilanne kuitenkin [&hellip;]<\/p>\n","protected":false},"author":127,"featured_media":0,"parent":0,"menu_order":0,"comment_status":"closed","ping_status":"closed","template":"","meta":{"_acf_changed":false,"footnotes":""},"class_list":["post-659","page","type-page","status-publish","hentry"],"acf":[],"yoast_head":"<!-- This site is optimized with the Yoast SEO plugin v27.1.1 - https:\/\/yoast.com\/product\/yoast-seo-wordpress\/ -->\n<title>Vapaa p\u00e4\u00e4sy aineistoihin - Mets\u00e4tieteen tiedonhaku \/ UEF KIRJASTO<\/title>\n<meta name=\"robots\" content=\"index, follow, max-snippet:-1, max-image-preview:large, max-video-preview:-1\" \/>\n<link rel=\"canonical\" href=\"https:\/\/blogs.uef.fi\/tiedonhaku-metsatiede\/vapaa-paasy-aineistoihin\/\" \/>\n<meta property=\"og:locale\" content=\"fi_FI\" \/>\n<meta property=\"og:type\" content=\"article\" \/>\n<meta property=\"og:title\" content=\"Vapaa p\u00e4\u00e4sy aineistoihin - Mets\u00e4tieteen tiedonhaku \/ UEF KIRJASTO\" \/>\n<meta property=\"og:description\" content=\"Hakutulokset: Vapaa p\u00e4\u00e4sy aineistoihin Suomalaisessa tiede- ja tutkimusmaailmassa on periaatteena, ett\u00e4 julkisin varoin rahoitettu tutkimus pit\u00e4isi olla kaikkien hy\u00f6dynnett\u00e4viss\u00e4 avoimesti. Ks. OKM:n tiedote 13.6.2017. T\u00e4m\u00e4 koskee uusinta tutkimustietoa, vanhempaa materiaalia on saatavilla vaihtelevasti, maksumuurien takana tai vain painettuina kirjastoista. Kansainv\u00e4lisesti katsottuna suurin osa tieteellisist\u00e4 artikkeleista ja muista julkaisuista on edelleen vain tilaajien k\u00e4yt\u00f6ss\u00e4. Tilanne kuitenkin [&hellip;]\" \/>\n<meta property=\"og:url\" content=\"https:\/\/blogs.uef.fi\/tiedonhaku-metsatiede\/vapaa-paasy-aineistoihin\/\" \/>\n<meta property=\"og:site_name\" content=\"Mets\u00e4tieteen tiedonhaku \/ UEF KIRJASTO\" \/>\n<meta property=\"article:modified_time\" content=\"2021-06-09T13:15:41+00:00\" \/>\n<meta property=\"og:image\" content=\"https:\/\/blogs.uef.fi\/tiedonhaku-metsatiede\/wp-content\/uploads\/sites\/47\/2020\/10\/lisaosat.png\" \/>\n<meta name=\"twitter:card\" content=\"summary_large_image\" \/>\n<meta name=\"twitter:label1\" content=\"Arvioitu lukuaika\" \/>\n\t<meta name=\"twitter:data1\" content=\"1 minuutti\" \/>\n<script type=\"application\/ld+json\" class=\"yoast-schema-graph\">{\"@context\":\"https:\/\/schema.org\",\"@graph\":[{\"@type\":\"WebPage\",\"@id\":\"https:\/\/blogs.uef.fi\/tiedonhaku-metsatiede\/vapaa-paasy-aineistoihin\/\",\"url\":\"https:\/\/blogs.uef.fi\/tiedonhaku-metsatiede\/vapaa-paasy-aineistoihin\/\",\"name\":\"Vapaa p\u00e4\u00e4sy aineistoihin - Mets\u00e4tieteen tiedonhaku \/ UEF KIRJASTO\",\"isPartOf\":{\"@id\":\"https:\/\/blogs.uef.fi\/tiedonhaku-metsatiede\/#website\"},\"primaryImageOfPage\":{\"@id\":\"https:\/\/blogs.uef.fi\/tiedonhaku-metsatiede\/vapaa-paasy-aineistoihin\/#primaryimage\"},\"image\":{\"@id\":\"https:\/\/blogs.uef.fi\/tiedonhaku-metsatiede\/vapaa-paasy-aineistoihin\/#primaryimage\"},\"thumbnailUrl\":\"https:\/\/blogs.uef.fi\/tiedonhaku-metsatiede\/wp-content\/uploads\/sites\/47\/2020\/10\/lisaosat.png\",\"datePublished\":\"2018-05-14T12:16:13+00:00\",\"dateModified\":\"2021-06-09T13:15:41+00:00\",\"breadcrumb\":{\"@id\":\"https:\/\/blogs.uef.fi\/tiedonhaku-metsatiede\/vapaa-paasy-aineistoihin\/#breadcrumb\"},\"inLanguage\":\"fi\",\"potentialAction\":[{\"@type\":\"ReadAction\",\"target\":[\"https:\/\/blogs.uef.fi\/tiedonhaku-metsatiede\/vapaa-paasy-aineistoihin\/\"]}]},{\"@type\":\"ImageObject\",\"inLanguage\":\"fi\",\"@id\":\"https:\/\/blogs.uef.fi\/tiedonhaku-metsatiede\/vapaa-paasy-aineistoihin\/#primaryimage\",\"url\":\"https:\/\/blogs.uef.fi\/tiedonhaku-metsatiede\/wp-content\/uploads\/sites\/47\/2020\/10\/lisaosat.png\",\"contentUrl\":\"https:\/\/blogs.uef.fi\/tiedonhaku-metsatiede\/wp-content\/uploads\/sites\/47\/2020\/10\/lisaosat.png\",\"width\":547,\"height\":566,\"caption\":\"Lis\u00e4osia Firefox- ja Chrome-selaimille.\"},{\"@type\":\"BreadcrumbList\",\"@id\":\"https:\/\/blogs.uef.fi\/tiedonhaku-metsatiede\/vapaa-paasy-aineistoihin\/#breadcrumb\",\"itemListElement\":[{\"@type\":\"ListItem\",\"position\":1,\"name\":\"Home\",\"item\":\"https:\/\/blogs.uef.fi\/tiedonhaku-metsatiede\/\"},{\"@type\":\"ListItem\",\"position\":2,\"name\":\"Vapaa p\u00e4\u00e4sy aineistoihin\"}]},{\"@type\":\"WebSite\",\"@id\":\"https:\/\/blogs.uef.fi\/tiedonhaku-metsatiede\/#website\",\"url\":\"https:\/\/blogs.uef.fi\/tiedonhaku-metsatiede\/\",\"name\":\"Mets\u00e4tieteen tiedonhaku \/ UEF KIRJASTO\",\"description\":\"Mets\u00e4tieteen tiedonhaku on kattava oppimateriaali tiedonhakuun mets\u00e4tieteilij\u00f6ille. Se sis\u00e4lt\u00e4\u00e4 yleiset tiedonhaun tekniikat sek\u00e4 mets\u00e4tieteen tiedonl\u00e4hteet ohjeineen ja esimerkkeineen.\",\"potentialAction\":[{\"@type\":\"SearchAction\",\"target\":{\"@type\":\"EntryPoint\",\"urlTemplate\":\"https:\/\/blogs.uef.fi\/tiedonhaku-metsatiede\/?s={search_term_string}\"},\"query-input\":{\"@type\":\"PropertyValueSpecification\",\"valueRequired\":true,\"valueName\":\"search_term_string\"}}],\"inLanguage\":\"fi\"}]}<\/script>\n<!-- \/ Yoast SEO plugin. -->","yoast_head_json":{"title":"Vapaa p\u00e4\u00e4sy aineistoihin - Mets\u00e4tieteen tiedonhaku \/ UEF KIRJASTO","robots":{"index":"index","follow":"follow","max-snippet":"max-snippet:-1","max-image-preview":"max-image-preview:large","max-video-preview":"max-video-preview:-1"},"canonical":"https:\/\/blogs.uef.fi\/tiedonhaku-metsatiede\/vapaa-paasy-aineistoihin\/","og_locale":"fi_FI","og_type":"article","og_title":"Vapaa p\u00e4\u00e4sy aineistoihin - Mets\u00e4tieteen tiedonhaku \/ UEF KIRJASTO","og_description":"Hakutulokset: Vapaa p\u00e4\u00e4sy aineistoihin Suomalaisessa tiede- ja tutkimusmaailmassa on periaatteena, ett\u00e4 julkisin varoin rahoitettu tutkimus pit\u00e4isi olla kaikkien hy\u00f6dynnett\u00e4viss\u00e4 avoimesti. Ks. OKM:n tiedote 13.6.2017. T\u00e4m\u00e4 koskee uusinta tutkimustietoa, vanhempaa materiaalia on saatavilla vaihtelevasti, maksumuurien takana tai vain painettuina kirjastoista. Kansainv\u00e4lisesti katsottuna suurin osa tieteellisist\u00e4 artikkeleista ja muista julkaisuista on edelleen vain tilaajien k\u00e4yt\u00f6ss\u00e4. Tilanne kuitenkin [&hellip;]","og_url":"https:\/\/blogs.uef.fi\/tiedonhaku-metsatiede\/vapaa-paasy-aineistoihin\/","og_site_name":"Mets\u00e4tieteen tiedonhaku \/ UEF KIRJASTO","article_modified_time":"2021-06-09T13:15:41+00:00","og_image":[{"url":"https:\/\/blogs.uef.fi\/tiedonhaku-metsatiede\/wp-content\/uploads\/sites\/47\/2020\/10\/lisaosat.png","type":"","width":"","height":""}],"twitter_card":"summary_large_image","twitter_misc":{"Arvioitu lukuaika":"1 minuutti"},"schema":{"@context":"https:\/\/schema.org","@graph":[{"@type":"WebPage","@id":"https:\/\/blogs.uef.fi\/tiedonhaku-metsatiede\/vapaa-paasy-aineistoihin\/","url":"https:\/\/blogs.uef.fi\/tiedonhaku-metsatiede\/vapaa-paasy-aineistoihin\/","name":"Vapaa p\u00e4\u00e4sy aineistoihin - Mets\u00e4tieteen tiedonhaku \/ UEF KIRJASTO","isPartOf":{"@id":"https:\/\/blogs.uef.fi\/tiedonhaku-metsatiede\/#website"},"primaryImageOfPage":{"@id":"https:\/\/blogs.uef.fi\/tiedonhaku-metsatiede\/vapaa-paasy-aineistoihin\/#primaryimage"},"image":{"@id":"https:\/\/blogs.uef.fi\/tiedonhaku-metsatiede\/vapaa-paasy-aineistoihin\/#primaryimage"},"thumbnailUrl":"https:\/\/blogs.uef.fi\/tiedonhaku-metsatiede\/wp-content\/uploads\/sites\/47\/2020\/10\/lisaosat.png","datePublished":"2018-05-14T12:16:13+00:00","dateModified":"2021-06-09T13:15:41+00:00","breadcrumb":{"@id":"https:\/\/blogs.uef.fi\/tiedonhaku-metsatiede\/vapaa-paasy-aineistoihin\/#breadcrumb"},"inLanguage":"fi","potentialAction":[{"@type":"ReadAction","target":["https:\/\/blogs.uef.fi\/tiedonhaku-metsatiede\/vapaa-paasy-aineistoihin\/"]}]},{"@type":"ImageObject","inLanguage":"fi","@id":"https:\/\/blogs.uef.fi\/tiedonhaku-metsatiede\/vapaa-paasy-aineistoihin\/#primaryimage","url":"https:\/\/blogs.uef.fi\/tiedonhaku-metsatiede\/wp-content\/uploads\/sites\/47\/2020\/10\/lisaosat.png","contentUrl":"https:\/\/blogs.uef.fi\/tiedonhaku-metsatiede\/wp-content\/uploads\/sites\/47\/2020\/10\/lisaosat.png","width":547,"height":566,"caption":"Lis\u00e4osia Firefox- ja Chrome-selaimille."},{"@type":"BreadcrumbList","@id":"https:\/\/blogs.uef.fi\/tiedonhaku-metsatiede\/vapaa-paasy-aineistoihin\/#breadcrumb","itemListElement":[{"@type":"ListItem","position":1,"name":"Home","item":"https:\/\/blogs.uef.fi\/tiedonhaku-metsatiede\/"},{"@type":"ListItem","position":2,"name":"Vapaa p\u00e4\u00e4sy aineistoihin"}]},{"@type":"WebSite","@id":"https:\/\/blogs.uef.fi\/tiedonhaku-metsatiede\/#website","url":"https:\/\/blogs.uef.fi\/tiedonhaku-metsatiede\/","name":"Mets\u00e4tieteen tiedonhaku \/ UEF KIRJASTO","description":"Mets\u00e4tieteen tiedonhaku on kattava oppimateriaali tiedonhakuun mets\u00e4tieteilij\u00f6ille. Se sis\u00e4lt\u00e4\u00e4 yleiset tiedonhaun tekniikat sek\u00e4 mets\u00e4tieteen tiedonl\u00e4hteet ohjeineen ja esimerkkeineen.","potentialAction":[{"@type":"SearchAction","target":{"@type":"EntryPoint","urlTemplate":"https:\/\/blogs.uef.fi\/tiedonhaku-metsatiede\/?s={search_term_string}"},"query-input":{"@type":"PropertyValueSpecification","valueRequired":true,"valueName":"search_term_string"}}],"inLanguage":"fi"}]}},"_links":{"self":[{"href":"https:\/\/blogs.uef.fi\/tiedonhaku-metsatiede\/wp-json\/wp\/v2\/pages\/659","targetHints":{"allow":["GET"]}}],"collection":[{"href":"https:\/\/blogs.uef.fi\/tiedonhaku-metsatiede\/wp-json\/wp\/v2\/pages"}],"about":[{"href":"https:\/\/blogs.uef.fi\/tiedonhaku-metsatiede\/wp-json\/wp\/v2\/types\/page"}],"author":[{"embeddable":true,"href":"https:\/\/blogs.uef.fi\/tiedonhaku-metsatiede\/wp-json\/wp\/v2\/users\/127"}],"replies":[{"embeddable":true,"href":"https:\/\/blogs.uef.fi\/tiedonhaku-metsatiede\/wp-json\/wp\/v2\/comments?post=659"}],"version-history":[{"count":2,"href":"https:\/\/blogs.uef.fi\/tiedonhaku-metsatiede\/wp-json\/wp\/v2\/pages\/659\/revisions"}],"predecessor-version":[{"id":1835,"href":"https:\/\/blogs.uef.fi\/tiedonhaku-metsatiede\/wp-json\/wp\/v2\/pages\/659\/revisions\/1835"}],"wp:attachment":[{"href":"https:\/\/blogs.uef.fi\/tiedonhaku-metsatiede\/wp-json\/wp\/v2\/media?parent=659"}],"curies":[{"name":"wp","href":"https:\/\/api.w.org\/{rel}","templated":true}]}}