{"id":647,"date":"2018-05-14T11:53:26","date_gmt":"2018-05-14T11:53:26","guid":{"rendered":"https:\/\/blogs.uef.fi\/tiedonhaku-metsatiede\/?page_id=647"},"modified":"2024-09-17T15:36:16","modified_gmt":"2024-09-17T12:36:16","slug":"avoimet-julkaisut","status":"publish","type":"page","link":"https:\/\/blogs.uef.fi\/tiedonhaku-metsatiede\/hakutulokset\/avoimet-julkaisut\/","title":{"rendered":"Avoimet julkaisut"},"content":{"rendered":"\n<p>Tieteelliset artikkelit julkaistaan t\u00e4t\u00e4 tarkoitusta varten perustetuissa lehdiss\u00e4, joita hallitsevat muutamat suuret kaupalliset kustantajat. Monet tieteelliset lehdet ovat maksullisia eli <strong>iso osa tieteellisest\u00e4 tiedosta on maksumuurin takana. <\/strong>T\u00e4m\u00e4 vaikeuttaa merkitt\u00e4v\u00e4sti tieteellisen tiedon hy\u00f6dynt\u00e4mist\u00e4 esim. yrityksiss\u00e4. Yksitt\u00e4isill\u00e4 yliopistoillakaan ei ole k\u00e4ytett\u00e4viss\u00e4\u00e4n kaikkia maksullisia aineistoja. T\u00e4t\u00e4 ongelmaa on l\u00e4hdetty ratkomaan Open access -toimintamallilla.<\/p>\n\n\n\n<p><strong>Open access eli avoin julkaiseminen tarkoittaa avoimuutta eli maksuttomuutta lukijalle<\/strong>. Muita reittej\u00e4 avoimiin aineistoihin ovat rinnakkaistallentaminen ja vertaisjakelu.<\/p>\n\n\n\n<figure class=\"wp-block-image size-full is-resized\"><img decoding=\"async\" src=\"https:\/\/blogs.uef.fi\/tiedonhaku-kemia\/wp-content\/uploads\/sites\/177\/2022\/03\/openaccess.png\" alt=\"Tyylitelty avoin kukko, v\u00e4rilt\u00e4\u00e4n oranssi.\" class=\"wp-image-545\" style=\"width:62px;height:98px\" \/><figcaption class=\"wp-element-caption\">Open access -julkaisun <br>tunnistaa t\u00e4st\u00e4 logosta.<\/figcaption><\/figure>\n\n\n\n<p>Muista, ett\u00e4 opiskelijana sinulla on kuitenkin mahdollisuus k\u00e4ytt\u00e4\u00e4 my\u00f6s maksullisia aineistoja. <strong>\u00c4l\u00e4 siis turhaan rajaa hakujasi vain avoimeen aineistoon.<\/strong> Avoimet aineistot tulevat erityisesti tarpeeseen sitten, kun et en\u00e4\u00e4 ole yliopiston piiriss\u00e4.<\/p>\n\n\n\n<h2 class=\"wp-block-heading\">Artikkeleiden avaamiseen on kaksi tapaa<\/h2>\n\n\n\n<p>Tieteellisten lehtien artikkeleita voidaan avata lukijoille kahdella tavalla:<\/p>\n\n\n\n<ul class=\"wp-block-list has-white-background-color has-background\">\n<li><strong>koko lehti<\/strong> on vapaasti luettavissa<\/li>\n\n\n\n<li>maksullisen lehden <strong>yksitt\u00e4iset artikkelit<\/strong> ovat avoimia kaikille<\/li>\n<\/ul>\n\n\n\n<p>T\u00e4ss\u00e4 on kuva Biological conservation -lehdest\u00e4, jossa on mahdollista julkaista yksitt\u00e4isi\u00e4 avoimia artikkeleita.<\/p>\n\n\n\n<figure class=\"wp-block-image is-resized\"><img loading=\"lazy\" decoding=\"async\" width=\"890\" height=\"497\" src=\"https:\/\/blogs.uef.fi\/tiedonhaku-metsatiede\/wp-content\/uploads\/sites\/47\/2021\/06\/METBIOoa_artikkeli.png\" alt=\"Artikkelilistalla yksitt\u00e4isen artikkelin otsikon per\u00e4ss\u00e4 lukee Open access. T\u00e4llainen artikkeli on vapaasti luettavissa. Otsikon per\u00e4ss\u00e4 teksti Abstract only tarkoittaa, ett\u00e4 artikkeli on vain tilaajien luettavissa.\" class=\"wp-image-1776\" style=\"width:668px;height:373px\" srcset=\"https:\/\/blogs.uef.fi\/tiedonhaku-metsatiede\/wp-content\/uploads\/sites\/47\/2021\/06\/METBIOoa_artikkeli.png 890w, https:\/\/blogs.uef.fi\/tiedonhaku-metsatiede\/wp-content\/uploads\/sites\/47\/2021\/06\/METBIOoa_artikkeli-300x168.png 300w, https:\/\/blogs.uef.fi\/tiedonhaku-metsatiede\/wp-content\/uploads\/sites\/47\/2021\/06\/METBIOoa_artikkeli-768x429.png 768w\" sizes=\"auto, (max-width: 890px) 100vw, 890px\" \/><\/figure>\n\n\n\n<h2 class=\"wp-block-heading\">Avoimuus ei tarkoita ilmaista<\/h2>\n\n\n\n<p>Lehtien julkaiseminen ja toimitusty\u00f6 vaativat rahaa, my\u00f6s verkossa julkaistuna. Open access -mallissa kustannukset katetaan siten, ett\u00e4 artikkelin tekij\u00e4 maksaa ns. kirjoittajamaksun. Lukijan ei siis tarvitse maksaa mit\u00e4\u00e4n.<br><br>T\u00e4m\u00e4 ei silti tarkoita, ett\u00e4 rahalla saisi mink\u00e4 tahansa artikkelin julkaistua. <strong>Monissa OA-lehdiss\u00e4 on normaali vertaisarviointik\u00e4yt\u00e4nt\u00f6 ja ne ovat tieteellisesti korkeatasoisia.<\/strong><br><br>OA-julkaisujen liepeill\u00e4 esiintyy kuitenkin ep\u00e4eettist\u00e4 liiketoimintaa. Lue lis\u00e4\u00e4 ns. saalistajajulkaisuista luvusta <em>Hakutulokset &#8211; Onko l\u00e4hde luotettava?<\/em><\/p>\n\n\n\n<h3 class=\"wp-block-heading\">Rinnakkaistallenteet ovat my\u00f6s avoimia<\/h3>\n\n\n\n<p>Maksumuurin takana oleva artikkeli on mahdollista <strong>tallentaa julkaisuarkistoon<\/strong>, josta se on vapaasti luettavissa, mahdollisesti hieman viiveell\u00e4 alkuper\u00e4iseen julkaisuun verraten.<\/p>\n\n\n\n<p>UEFin julkaisuarkisto on nimelt\u00e4\u00e4n <a href=\"https:\/\/erepo.uef.fi\/?locale-attribute=fi\" target=\"_blank\" rel=\"noopener noreferrer\">UEF eRepository.<\/a><\/p>\n\n\n\n<p>Suomalaisessa tiede- ja tutkimusmaailmassa on periaatteena, ett\u00e4<strong> julkisin varoin rahoitettu tutkimus pit\u00e4isi olla kaikkien hy\u00f6dynnett\u00e4viss\u00e4 avoimesti<\/strong>. Katso <a href=\"http:\/\/minedu.fi\/artikkeli\/-\/asset_publisher\/tiedejulkaisun-tekijanoikeudenhaltijalle-aina-oikeus-ei-kaupalliseen-rinnakkaistallentamiseen\" target=\"_blank\" rel=\"noopener noreferrer\">OKM:n tiedote 13.6.2017<\/a> (linkki aukeaa uuteen v\u00e4lilehteen). Jos julkaisua ei julkaista alun perin avoimesti, on se ainakin tallennettava julkaisuarkistoon.<\/p>\n\n\n\n<p>Julkaisuarkistojen aineistoja l\u00f6yt\u00e4\u00e4 googlaamalla. Kokeile siis hakua Googlessa artikkelin nimell\u00e4.<\/p>\n\n\n\n<h3 class=\"wp-block-heading\">Vertaisjakelun kautta saa artikkeleita luettavaksi<\/h3>\n\n\n\n<p>Tutkija voi laittaa omia artikkeleitaan n\u00e4kyville omille kotisivuilleen tai esimerkiksi akateemisten verkostoitumispalvelujen, kuten ResearchGate, kautta.<\/p>\n\n\n\n<p>Jos t\u00e4m\u00e4 ei tekij\u00e4noikeussyist\u00e4 ole mahdollista, voi artikkelin kirjoittajalta pyyt\u00e4\u00e4 suoraan kopiota artikkelista.<\/p>\n\n\n\n<h2 class=\"wp-block-heading\">Kirjojen ja opinn\u00e4ytteiden avoin julkaiseminen<\/h2>\n\n\n\n<p>My\u00f6s kirjoja voidaan julkaista Open access -formaatilla.<\/p>\n\n\n\n<p>Opinn\u00e4ytteet, erityisesti v\u00e4it\u00f6skirjat ovat usein avoimia julkaisuja. <strong>Opiskelijana voit osaltasi edist\u00e4\u00e4 tieteen avoimuutta julkaisemalla oman gradusi avoimesti! <\/strong>Lue kirjaston blogista <a href=\"https:\/\/blogs.uef.fi\/ueflibrary\/uefin-julkaisutoiminta-vuonna-2021-uefs-publishing-activities-in-2021\/\">UEFin julkaisutoiminta vuonna 2021<\/a>, kuinka avoin julkaiseminen on kehittynyt UEFissa, my\u00f6s gradujen osalta.<\/p>\n\n\n\n<h2 class=\"wp-block-heading\">Avoimien aineistojen hakeminen onnistuu useista eri l\u00e4hteist\u00e4<\/h2>\n\n\n\n<p>OA-julkaisuista l\u00f6ytyy tietoja aiemmin t\u00e4ss\u00e4 oppimateriaalissa esitellyist\u00e4 tietokannoista. Usein tietokannoissa on mahdollista rajata hakutulos vain avoimiin aineistoihin, mutta t\u00e4m\u00e4 ei ole tarpeen silloin kun saatavilla on maksullistakin aineistoa, kuten yliopistolla on.<\/p>\n\n\n\n<p>Avoimia aineistoja voi hakea my\u00f6s avoimen tiedon hakuun erikoistuneista hakukoneista. Lue lis\u00e4\u00e4 n\u00e4ist\u00e4 kirjaston <a href=\"https:\/\/www.uef.fi\/fi\/kirjasto\/avoimen-tiedon-hakuopas\" target=\"_blank\" rel=\"noreferrer noopener\">Avoimen tiedon hakuoppaasta<\/a>.<\/p>\n\n\n\n<h2 class=\"wp-block-heading\">Avoin tiede on laaja kokonaisuus<\/h2>\n\n\n\n<p>Suuri joukko eurooppalaisia yliopistoja on sitoutunut edist\u00e4m\u00e4\u00e4n julkaisujen vapaata saatavuutta, ja It\u00e4-Suomen yliopisto on t\u00e4ss\u00e4 mukana. Lue lis\u00e4\u00e4 tietoa avoimesta tieteest\u00e4 UEF:n <a href=\"https:\/\/www.uef.fi\/fi\/avoin-tiede\">Avoin tiede<\/a>-sivuilta.<\/p>\n\n\n\n<p>Tutkimuksen avoimuus tarkoittaa avoimien julkaisujen (OA) lis\u00e4ksi <strong>tutkimusaineistojen ja -menetelmien avaamista<\/strong>.&nbsp; Avoin tiede ja tutkimus on noussut kansainv\u00e4lisesti merkitt\u00e4v\u00e4ksi tavaksi edist\u00e4\u00e4 tieteen n\u00e4kyvyytt\u00e4 ja vaikuttavuutta yhteiskunnassa.<\/p>\n\n\n\n<p class=\"has-text-align-right\">Seuraava sivu: <a href=\"https:\/\/blogs.uef.fi\/tiedonhaku-metsatiede\/hakutulokset\/tulosten-tallentaminen\/\">Tulosten tallentaminen<\/a>.<\/p>\n","protected":false},"excerpt":{"rendered":"<p>Tieteelliset artikkelit julkaistaan t\u00e4t\u00e4 tarkoitusta varten perustetuissa lehdiss\u00e4, joita hallitsevat muutamat suuret kaupalliset kustantajat. Monet tieteelliset lehdet ovat maksullisia eli iso osa tieteellisest\u00e4 tiedosta on maksumuurin takana. T\u00e4m\u00e4 vaikeuttaa merkitt\u00e4v\u00e4sti tieteellisen tiedon hy\u00f6dynt\u00e4mist\u00e4 esim. yrityksiss\u00e4. Yksitt\u00e4isill\u00e4 yliopistoillakaan ei ole k\u00e4ytett\u00e4viss\u00e4\u00e4n kaikkia maksullisia aineistoja. T\u00e4t\u00e4 ongelmaa on l\u00e4hdetty ratkomaan Open access -toimintamallilla. Open access eli avoin [&hellip;]<\/p>\n","protected":false},"author":127,"featured_media":0,"parent":593,"menu_order":0,"comment_status":"closed","ping_status":"closed","template":"","meta":{"_acf_changed":false,"footnotes":""},"class_list":["post-647","page","type-page","status-publish","hentry"],"acf":[],"yoast_head":"<!-- This site is optimized with the Yoast SEO plugin v27.3 - https:\/\/yoast.com\/product\/yoast-seo-wordpress\/ -->\n<title>Avoimet julkaisut - Mets\u00e4tieteen tiedonhaku \/ UEF KIRJASTO<\/title>\n<meta name=\"robots\" content=\"index, follow, max-snippet:-1, max-image-preview:large, max-video-preview:-1\" \/>\n<link rel=\"canonical\" href=\"https:\/\/blogs.uef.fi\/tiedonhaku-metsatiede\/hakutulokset\/avoimet-julkaisut\/\" \/>\n<meta property=\"og:locale\" content=\"fi_FI\" \/>\n<meta property=\"og:type\" content=\"article\" \/>\n<meta property=\"og:title\" content=\"Avoimet julkaisut - Mets\u00e4tieteen tiedonhaku \/ UEF KIRJASTO\" \/>\n<meta property=\"og:description\" content=\"Tieteelliset artikkelit julkaistaan t\u00e4t\u00e4 tarkoitusta varten perustetuissa lehdiss\u00e4, joita hallitsevat muutamat suuret kaupalliset kustantajat. Monet tieteelliset lehdet ovat maksullisia eli iso osa tieteellisest\u00e4 tiedosta on maksumuurin takana. T\u00e4m\u00e4 vaikeuttaa merkitt\u00e4v\u00e4sti tieteellisen tiedon hy\u00f6dynt\u00e4mist\u00e4 esim. yrityksiss\u00e4. Yksitt\u00e4isill\u00e4 yliopistoillakaan ei ole k\u00e4ytett\u00e4viss\u00e4\u00e4n kaikkia maksullisia aineistoja. T\u00e4t\u00e4 ongelmaa on l\u00e4hdetty ratkomaan Open access -toimintamallilla. Open access eli avoin [&hellip;]\" \/>\n<meta property=\"og:url\" content=\"https:\/\/blogs.uef.fi\/tiedonhaku-metsatiede\/hakutulokset\/avoimet-julkaisut\/\" \/>\n<meta property=\"og:site_name\" content=\"Mets\u00e4tieteen tiedonhaku \/ UEF KIRJASTO\" \/>\n<meta property=\"article:modified_time\" content=\"2024-09-17T12:36:16+00:00\" \/>\n<meta property=\"og:image\" content=\"https:\/\/blogs.uef.fi\/tiedonhaku-kemia\/wp-content\/uploads\/sites\/177\/2022\/03\/openaccess.png\" \/>\n<meta name=\"twitter:card\" content=\"summary_large_image\" \/>\n<meta name=\"twitter:label1\" content=\"Arvioitu lukuaika\" \/>\n\t<meta name=\"twitter:data1\" content=\"4 minuuttia\" \/>\n<script type=\"application\/ld+json\" class=\"yoast-schema-graph\">{\"@context\":\"https:\\\/\\\/schema.org\",\"@graph\":[{\"@type\":\"WebPage\",\"@id\":\"https:\\\/\\\/blogs.uef.fi\\\/tiedonhaku-metsatiede\\\/hakutulokset\\\/avoimet-julkaisut\\\/\",\"url\":\"https:\\\/\\\/blogs.uef.fi\\\/tiedonhaku-metsatiede\\\/hakutulokset\\\/avoimet-julkaisut\\\/\",\"name\":\"Avoimet julkaisut - Mets\u00e4tieteen tiedonhaku \\\/ UEF KIRJASTO\",\"isPartOf\":{\"@id\":\"https:\\\/\\\/blogs.uef.fi\\\/tiedonhaku-metsatiede\\\/#website\"},\"primaryImageOfPage\":{\"@id\":\"https:\\\/\\\/blogs.uef.fi\\\/tiedonhaku-metsatiede\\\/hakutulokset\\\/avoimet-julkaisut\\\/#primaryimage\"},\"image\":{\"@id\":\"https:\\\/\\\/blogs.uef.fi\\\/tiedonhaku-metsatiede\\\/hakutulokset\\\/avoimet-julkaisut\\\/#primaryimage\"},\"thumbnailUrl\":\"https:\\\/\\\/blogs.uef.fi\\\/tiedonhaku-kemia\\\/wp-content\\\/uploads\\\/sites\\\/177\\\/2022\\\/03\\\/openaccess.png\",\"datePublished\":\"2018-05-14T11:53:26+00:00\",\"dateModified\":\"2024-09-17T12:36:16+00:00\",\"breadcrumb\":{\"@id\":\"https:\\\/\\\/blogs.uef.fi\\\/tiedonhaku-metsatiede\\\/hakutulokset\\\/avoimet-julkaisut\\\/#breadcrumb\"},\"inLanguage\":\"fi\",\"potentialAction\":[{\"@type\":\"ReadAction\",\"target\":[\"https:\\\/\\\/blogs.uef.fi\\\/tiedonhaku-metsatiede\\\/hakutulokset\\\/avoimet-julkaisut\\\/\"]}]},{\"@type\":\"ImageObject\",\"inLanguage\":\"fi\",\"@id\":\"https:\\\/\\\/blogs.uef.fi\\\/tiedonhaku-metsatiede\\\/hakutulokset\\\/avoimet-julkaisut\\\/#primaryimage\",\"url\":\"https:\\\/\\\/blogs.uef.fi\\\/tiedonhaku-kemia\\\/wp-content\\\/uploads\\\/sites\\\/177\\\/2022\\\/03\\\/openaccess.png\",\"contentUrl\":\"https:\\\/\\\/blogs.uef.fi\\\/tiedonhaku-kemia\\\/wp-content\\\/uploads\\\/sites\\\/177\\\/2022\\\/03\\\/openaccess.png\"},{\"@type\":\"BreadcrumbList\",\"@id\":\"https:\\\/\\\/blogs.uef.fi\\\/tiedonhaku-metsatiede\\\/hakutulokset\\\/avoimet-julkaisut\\\/#breadcrumb\",\"itemListElement\":[{\"@type\":\"ListItem\",\"position\":1,\"name\":\"Home\",\"item\":\"https:\\\/\\\/blogs.uef.fi\\\/tiedonhaku-metsatiede\\\/\"},{\"@type\":\"ListItem\",\"position\":2,\"name\":\"Hakutulokset\",\"item\":\"https:\\\/\\\/blogs.uef.fi\\\/tiedonhaku-metsatiede\\\/hakutulokset\\\/\"},{\"@type\":\"ListItem\",\"position\":3,\"name\":\"Avoimet julkaisut\"}]},{\"@type\":\"WebSite\",\"@id\":\"https:\\\/\\\/blogs.uef.fi\\\/tiedonhaku-metsatiede\\\/#website\",\"url\":\"https:\\\/\\\/blogs.uef.fi\\\/tiedonhaku-metsatiede\\\/\",\"name\":\"Mets\u00e4tieteen tiedonhaku \\\/ UEF KIRJASTO\",\"description\":\"Mets\u00e4tieteen tiedonhaku on kattava oppimateriaali tiedonhakuun mets\u00e4tieteilij\u00f6ille. Se sis\u00e4lt\u00e4\u00e4 yleiset tiedonhaun tekniikat sek\u00e4 mets\u00e4tieteen tiedonl\u00e4hteet ohjeineen ja esimerkkeineen.\",\"potentialAction\":[{\"@type\":\"SearchAction\",\"target\":{\"@type\":\"EntryPoint\",\"urlTemplate\":\"https:\\\/\\\/blogs.uef.fi\\\/tiedonhaku-metsatiede\\\/?s={search_term_string}\"},\"query-input\":{\"@type\":\"PropertyValueSpecification\",\"valueRequired\":true,\"valueName\":\"search_term_string\"}}],\"inLanguage\":\"fi\"}]}<\/script>\n<!-- \/ Yoast SEO plugin. -->","yoast_head_json":{"title":"Avoimet julkaisut - Mets\u00e4tieteen tiedonhaku \/ UEF KIRJASTO","robots":{"index":"index","follow":"follow","max-snippet":"max-snippet:-1","max-image-preview":"max-image-preview:large","max-video-preview":"max-video-preview:-1"},"canonical":"https:\/\/blogs.uef.fi\/tiedonhaku-metsatiede\/hakutulokset\/avoimet-julkaisut\/","og_locale":"fi_FI","og_type":"article","og_title":"Avoimet julkaisut - Mets\u00e4tieteen tiedonhaku \/ UEF KIRJASTO","og_description":"Tieteelliset artikkelit julkaistaan t\u00e4t\u00e4 tarkoitusta varten perustetuissa lehdiss\u00e4, joita hallitsevat muutamat suuret kaupalliset kustantajat. Monet tieteelliset lehdet ovat maksullisia eli iso osa tieteellisest\u00e4 tiedosta on maksumuurin takana. T\u00e4m\u00e4 vaikeuttaa merkitt\u00e4v\u00e4sti tieteellisen tiedon hy\u00f6dynt\u00e4mist\u00e4 esim. yrityksiss\u00e4. Yksitt\u00e4isill\u00e4 yliopistoillakaan ei ole k\u00e4ytett\u00e4viss\u00e4\u00e4n kaikkia maksullisia aineistoja. T\u00e4t\u00e4 ongelmaa on l\u00e4hdetty ratkomaan Open access -toimintamallilla. Open access eli avoin [&hellip;]","og_url":"https:\/\/blogs.uef.fi\/tiedonhaku-metsatiede\/hakutulokset\/avoimet-julkaisut\/","og_site_name":"Mets\u00e4tieteen tiedonhaku \/ UEF KIRJASTO","article_modified_time":"2024-09-17T12:36:16+00:00","og_image":[{"url":"https:\/\/blogs.uef.fi\/tiedonhaku-kemia\/wp-content\/uploads\/sites\/177\/2022\/03\/openaccess.png","type":"","width":"","height":""}],"twitter_card":"summary_large_image","twitter_misc":{"Arvioitu lukuaika":"4 minuuttia"},"schema":{"@context":"https:\/\/schema.org","@graph":[{"@type":"WebPage","@id":"https:\/\/blogs.uef.fi\/tiedonhaku-metsatiede\/hakutulokset\/avoimet-julkaisut\/","url":"https:\/\/blogs.uef.fi\/tiedonhaku-metsatiede\/hakutulokset\/avoimet-julkaisut\/","name":"Avoimet julkaisut - Mets\u00e4tieteen tiedonhaku \/ UEF KIRJASTO","isPartOf":{"@id":"https:\/\/blogs.uef.fi\/tiedonhaku-metsatiede\/#website"},"primaryImageOfPage":{"@id":"https:\/\/blogs.uef.fi\/tiedonhaku-metsatiede\/hakutulokset\/avoimet-julkaisut\/#primaryimage"},"image":{"@id":"https:\/\/blogs.uef.fi\/tiedonhaku-metsatiede\/hakutulokset\/avoimet-julkaisut\/#primaryimage"},"thumbnailUrl":"https:\/\/blogs.uef.fi\/tiedonhaku-kemia\/wp-content\/uploads\/sites\/177\/2022\/03\/openaccess.png","datePublished":"2018-05-14T11:53:26+00:00","dateModified":"2024-09-17T12:36:16+00:00","breadcrumb":{"@id":"https:\/\/blogs.uef.fi\/tiedonhaku-metsatiede\/hakutulokset\/avoimet-julkaisut\/#breadcrumb"},"inLanguage":"fi","potentialAction":[{"@type":"ReadAction","target":["https:\/\/blogs.uef.fi\/tiedonhaku-metsatiede\/hakutulokset\/avoimet-julkaisut\/"]}]},{"@type":"ImageObject","inLanguage":"fi","@id":"https:\/\/blogs.uef.fi\/tiedonhaku-metsatiede\/hakutulokset\/avoimet-julkaisut\/#primaryimage","url":"https:\/\/blogs.uef.fi\/tiedonhaku-kemia\/wp-content\/uploads\/sites\/177\/2022\/03\/openaccess.png","contentUrl":"https:\/\/blogs.uef.fi\/tiedonhaku-kemia\/wp-content\/uploads\/sites\/177\/2022\/03\/openaccess.png"},{"@type":"BreadcrumbList","@id":"https:\/\/blogs.uef.fi\/tiedonhaku-metsatiede\/hakutulokset\/avoimet-julkaisut\/#breadcrumb","itemListElement":[{"@type":"ListItem","position":1,"name":"Home","item":"https:\/\/blogs.uef.fi\/tiedonhaku-metsatiede\/"},{"@type":"ListItem","position":2,"name":"Hakutulokset","item":"https:\/\/blogs.uef.fi\/tiedonhaku-metsatiede\/hakutulokset\/"},{"@type":"ListItem","position":3,"name":"Avoimet julkaisut"}]},{"@type":"WebSite","@id":"https:\/\/blogs.uef.fi\/tiedonhaku-metsatiede\/#website","url":"https:\/\/blogs.uef.fi\/tiedonhaku-metsatiede\/","name":"Mets\u00e4tieteen tiedonhaku \/ UEF KIRJASTO","description":"Mets\u00e4tieteen tiedonhaku on kattava oppimateriaali tiedonhakuun mets\u00e4tieteilij\u00f6ille. Se sis\u00e4lt\u00e4\u00e4 yleiset tiedonhaun tekniikat sek\u00e4 mets\u00e4tieteen tiedonl\u00e4hteet ohjeineen ja esimerkkeineen.","potentialAction":[{"@type":"SearchAction","target":{"@type":"EntryPoint","urlTemplate":"https:\/\/blogs.uef.fi\/tiedonhaku-metsatiede\/?s={search_term_string}"},"query-input":{"@type":"PropertyValueSpecification","valueRequired":true,"valueName":"search_term_string"}}],"inLanguage":"fi"}]}},"_links":{"self":[{"href":"https:\/\/blogs.uef.fi\/tiedonhaku-metsatiede\/wp-json\/wp\/v2\/pages\/647","targetHints":{"allow":["GET"]}}],"collection":[{"href":"https:\/\/blogs.uef.fi\/tiedonhaku-metsatiede\/wp-json\/wp\/v2\/pages"}],"about":[{"href":"https:\/\/blogs.uef.fi\/tiedonhaku-metsatiede\/wp-json\/wp\/v2\/types\/page"}],"author":[{"embeddable":true,"href":"https:\/\/blogs.uef.fi\/tiedonhaku-metsatiede\/wp-json\/wp\/v2\/users\/127"}],"replies":[{"embeddable":true,"href":"https:\/\/blogs.uef.fi\/tiedonhaku-metsatiede\/wp-json\/wp\/v2\/comments?post=647"}],"version-history":[{"count":2,"href":"https:\/\/blogs.uef.fi\/tiedonhaku-metsatiede\/wp-json\/wp\/v2\/pages\/647\/revisions"}],"predecessor-version":[{"id":3882,"href":"https:\/\/blogs.uef.fi\/tiedonhaku-metsatiede\/wp-json\/wp\/v2\/pages\/647\/revisions\/3882"}],"up":[{"embeddable":true,"href":"https:\/\/blogs.uef.fi\/tiedonhaku-metsatiede\/wp-json\/wp\/v2\/pages\/593"}],"wp:attachment":[{"href":"https:\/\/blogs.uef.fi\/tiedonhaku-metsatiede\/wp-json\/wp\/v2\/media?parent=647"}],"curies":[{"name":"wp","href":"https:\/\/api.w.org\/{rel}","templated":true}]}}