{"id":589,"date":"2018-05-14T10:50:24","date_gmt":"2018-05-14T10:50:24","guid":{"rendered":"https:\/\/blogs.uef.fi\/tiedonhaku-metsatiede\/?page_id=589"},"modified":"2023-10-20T09:45:56","modified_gmt":"2023-10-20T06:45:56","slug":"hakukoneet","status":"publish","type":"page","link":"https:\/\/blogs.uef.fi\/tiedonhaku-metsatiede\/hakukoneet\/","title":{"rendered":"Hakukoneet"},"content":{"rendered":"\n<ol class=\"wp-block-list\">\n<li><a href=\"https:\/\/blogs.uef.fi\/tiedonhaku-metsatiede\/uef-primo\/\">Aloita UEF-Primosta<\/a><\/li>\n\n\n\n<li><a href=\"https:\/\/blogs.uef.fi\/tiedonhaku-metsatiede\/metsatieteen-tiedonlahteita\/\">Mets\u00e4tieteen tiedonl\u00e4hteit\u00e4<\/a><\/li>\n\n\n\n<li><a href=\"https:\/\/blogs.uef.fi\/tiedonhaku-metsatiede\/artikkelien-hakeminen\/\">Artikkelien hakeminen<\/a><\/li>\n\n\n\n<li><a href=\"https:\/\/blogs.uef.fi\/tiedonhaku-metsatiede\/kirjojen-hakeminen\/\">Kirjojen hakeminen<\/a><\/li>\n\n\n\n<li><a href=\"https:\/\/blogs.uef.fi\/tiedonhaku-metsatiede\/sarjojen-ja-kokousjulkaisujen-haku\/\">Sarjojen ja kokousjulkaisujen hakeminen<\/a><\/li>\n\n\n\n<li><a href=\"https:\/\/blogs.uef.fi\/tiedonhaku-metsatiede\/opinnaytteiden-hakeminen\/\">Opinn\u00e4ytteiden hakeminen<\/a><\/li>\n\n\n\n<li><a href=\"https:\/\/blogs.uef.fi\/tiedonhaku-metsatiede\/tilastotietojen-haku\/\">Tilastotietojen haku<\/a><\/li>\n\n\n\n<li><a href=\"https:\/\/blogs.uef.fi\/tiedonhaku-metsatiede\/tekoaly-tiedonhaun-apuna\/\">Teko\u00e4ly tiedonhaun apuna<\/a><\/li>\n<\/ol>\n","protected":false},"excerpt":{"rendered":"","protected":false},"author":127,"featured_media":0,"parent":0,"menu_order":0,"comment_status":"closed","ping_status":"closed","template":"","meta":{"_acf_changed":false,"footnotes":""},"class_list":["post-589","page","type-page","status-publish","hentry"],"acf":[],"yoast_head":"<!-- This site is optimized with the Yoast SEO plugin v27.3 - https:\/\/yoast.com\/product\/yoast-seo-wordpress\/ -->\n<title>Hakukoneet - Mets\u00e4tieteen tiedonhaku \/ UEF KIRJASTO<\/title>\n<meta name=\"robots\" content=\"index, follow, max-snippet:-1, max-image-preview:large, max-video-preview:-1\" \/>\n<link rel=\"canonical\" href=\"https:\/\/blogs.uef.fi\/tiedonhaku-metsatiede\/hakukoneet\/\" \/>\n<meta property=\"og:locale\" content=\"fi_FI\" \/>\n<meta property=\"og:type\" content=\"article\" \/>\n<meta property=\"og:title\" content=\"Hakukoneet - Mets\u00e4tieteen tiedonhaku \/ UEF KIRJASTO\" \/>\n<meta property=\"og:url\" content=\"https:\/\/blogs.uef.fi\/tiedonhaku-metsatiede\/hakukoneet\/\" \/>\n<meta property=\"og:site_name\" content=\"Mets\u00e4tieteen tiedonhaku \/ UEF KIRJASTO\" \/>\n<meta property=\"article:modified_time\" content=\"2023-10-20T06:45:56+00:00\" \/>\n<meta name=\"twitter:card\" content=\"summary_large_image\" \/>\n<meta name=\"twitter:label1\" content=\"Arvioitu lukuaika\" \/>\n\t<meta name=\"twitter:data1\" content=\"1 minuutti\" \/>\n<script type=\"application\/ld+json\" class=\"yoast-schema-graph\">{\"@context\":\"https:\\\/\\\/schema.org\",\"@graph\":[{\"@type\":\"WebPage\",\"@id\":\"https:\\\/\\\/blogs.uef.fi\\\/tiedonhaku-metsatiede\\\/hakukoneet\\\/\",\"url\":\"https:\\\/\\\/blogs.uef.fi\\\/tiedonhaku-metsatiede\\\/hakukoneet\\\/\",\"name\":\"Hakukoneet - Mets\u00e4tieteen tiedonhaku \\\/ UEF KIRJASTO\",\"isPartOf\":{\"@id\":\"https:\\\/\\\/blogs.uef.fi\\\/tiedonhaku-metsatiede\\\/#website\"},\"datePublished\":\"2018-05-14T10:50:24+00:00\",\"dateModified\":\"2023-10-20T06:45:56+00:00\",\"breadcrumb\":{\"@id\":\"https:\\\/\\\/blogs.uef.fi\\\/tiedonhaku-metsatiede\\\/hakukoneet\\\/#breadcrumb\"},\"inLanguage\":\"fi\",\"potentialAction\":[{\"@type\":\"ReadAction\",\"target\":[\"https:\\\/\\\/blogs.uef.fi\\\/tiedonhaku-metsatiede\\\/hakukoneet\\\/\"]}]},{\"@type\":\"BreadcrumbList\",\"@id\":\"https:\\\/\\\/blogs.uef.fi\\\/tiedonhaku-metsatiede\\\/hakukoneet\\\/#breadcrumb\",\"itemListElement\":[{\"@type\":\"ListItem\",\"position\":1,\"name\":\"Home\",\"item\":\"https:\\\/\\\/blogs.uef.fi\\\/tiedonhaku-metsatiede\\\/\"},{\"@type\":\"ListItem\",\"position\":2,\"name\":\"Hakukoneet\"}]},{\"@type\":\"WebSite\",\"@id\":\"https:\\\/\\\/blogs.uef.fi\\\/tiedonhaku-metsatiede\\\/#website\",\"url\":\"https:\\\/\\\/blogs.uef.fi\\\/tiedonhaku-metsatiede\\\/\",\"name\":\"Mets\u00e4tieteen tiedonhaku \\\/ UEF KIRJASTO\",\"description\":\"Mets\u00e4tieteen tiedonhaku on kattava oppimateriaali tiedonhakuun mets\u00e4tieteilij\u00f6ille. Se sis\u00e4lt\u00e4\u00e4 yleiset tiedonhaun tekniikat sek\u00e4 mets\u00e4tieteen tiedonl\u00e4hteet ohjeineen ja esimerkkeineen.\",\"potentialAction\":[{\"@type\":\"SearchAction\",\"target\":{\"@type\":\"EntryPoint\",\"urlTemplate\":\"https:\\\/\\\/blogs.uef.fi\\\/tiedonhaku-metsatiede\\\/?s={search_term_string}\"},\"query-input\":{\"@type\":\"PropertyValueSpecification\",\"valueRequired\":true,\"valueName\":\"search_term_string\"}}],\"inLanguage\":\"fi\"}]}<\/script>\n<!-- \/ Yoast SEO plugin. -->","yoast_head_json":{"title":"Hakukoneet - Mets\u00e4tieteen tiedonhaku \/ UEF KIRJASTO","robots":{"index":"index","follow":"follow","max-snippet":"max-snippet:-1","max-image-preview":"max-image-preview:large","max-video-preview":"max-video-preview:-1"},"canonical":"https:\/\/blogs.uef.fi\/tiedonhaku-metsatiede\/hakukoneet\/","og_locale":"fi_FI","og_type":"article","og_title":"Hakukoneet - Mets\u00e4tieteen tiedonhaku \/ UEF KIRJASTO","og_url":"https:\/\/blogs.uef.fi\/tiedonhaku-metsatiede\/hakukoneet\/","og_site_name":"Mets\u00e4tieteen tiedonhaku \/ UEF KIRJASTO","article_modified_time":"2023-10-20T06:45:56+00:00","twitter_card":"summary_large_image","twitter_misc":{"Arvioitu lukuaika":"1 minuutti"},"schema":{"@context":"https:\/\/schema.org","@graph":[{"@type":"WebPage","@id":"https:\/\/blogs.uef.fi\/tiedonhaku-metsatiede\/hakukoneet\/","url":"https:\/\/blogs.uef.fi\/tiedonhaku-metsatiede\/hakukoneet\/","name":"Hakukoneet - Mets\u00e4tieteen tiedonhaku \/ UEF KIRJASTO","isPartOf":{"@id":"https:\/\/blogs.uef.fi\/tiedonhaku-metsatiede\/#website"},"datePublished":"2018-05-14T10:50:24+00:00","dateModified":"2023-10-20T06:45:56+00:00","breadcrumb":{"@id":"https:\/\/blogs.uef.fi\/tiedonhaku-metsatiede\/hakukoneet\/#breadcrumb"},"inLanguage":"fi","potentialAction":[{"@type":"ReadAction","target":["https:\/\/blogs.uef.fi\/tiedonhaku-metsatiede\/hakukoneet\/"]}]},{"@type":"BreadcrumbList","@id":"https:\/\/blogs.uef.fi\/tiedonhaku-metsatiede\/hakukoneet\/#breadcrumb","itemListElement":[{"@type":"ListItem","position":1,"name":"Home","item":"https:\/\/blogs.uef.fi\/tiedonhaku-metsatiede\/"},{"@type":"ListItem","position":2,"name":"Hakukoneet"}]},{"@type":"WebSite","@id":"https:\/\/blogs.uef.fi\/tiedonhaku-metsatiede\/#website","url":"https:\/\/blogs.uef.fi\/tiedonhaku-metsatiede\/","name":"Mets\u00e4tieteen tiedonhaku \/ UEF KIRJASTO","description":"Mets\u00e4tieteen tiedonhaku on kattava oppimateriaali tiedonhakuun mets\u00e4tieteilij\u00f6ille. Se sis\u00e4lt\u00e4\u00e4 yleiset tiedonhaun tekniikat sek\u00e4 mets\u00e4tieteen tiedonl\u00e4hteet ohjeineen ja esimerkkeineen.","potentialAction":[{"@type":"SearchAction","target":{"@type":"EntryPoint","urlTemplate":"https:\/\/blogs.uef.fi\/tiedonhaku-metsatiede\/?s={search_term_string}"},"query-input":{"@type":"PropertyValueSpecification","valueRequired":true,"valueName":"search_term_string"}}],"inLanguage":"fi"}]}},"_links":{"self":[{"href":"https:\/\/blogs.uef.fi\/tiedonhaku-metsatiede\/wp-json\/wp\/v2\/pages\/589","targetHints":{"allow":["GET"]}}],"collection":[{"href":"https:\/\/blogs.uef.fi\/tiedonhaku-metsatiede\/wp-json\/wp\/v2\/pages"}],"about":[{"href":"https:\/\/blogs.uef.fi\/tiedonhaku-metsatiede\/wp-json\/wp\/v2\/types\/page"}],"author":[{"embeddable":true,"href":"https:\/\/blogs.uef.fi\/tiedonhaku-metsatiede\/wp-json\/wp\/v2\/users\/127"}],"replies":[{"embeddable":true,"href":"https:\/\/blogs.uef.fi\/tiedonhaku-metsatiede\/wp-json\/wp\/v2\/comments?post=589"}],"version-history":[{"count":1,"href":"https:\/\/blogs.uef.fi\/tiedonhaku-metsatiede\/wp-json\/wp\/v2\/pages\/589\/revisions"}],"predecessor-version":[{"id":3453,"href":"https:\/\/blogs.uef.fi\/tiedonhaku-metsatiede\/wp-json\/wp\/v2\/pages\/589\/revisions\/3453"}],"wp:attachment":[{"href":"https:\/\/blogs.uef.fi\/tiedonhaku-metsatiede\/wp-json\/wp\/v2\/media?parent=589"}],"curies":[{"name":"wp","href":"https:\/\/api.w.org\/{rel}","templated":true}]}}