{"id":585,"date":"2018-05-14T10:50:10","date_gmt":"2018-05-14T10:50:10","guid":{"rendered":"https:\/\/blogs.uef.fi\/tiedonhaku-metsatiede\/?page_id=585"},"modified":"2024-07-04T11:27:48","modified_gmt":"2024-07-04T08:27:48","slug":"hakulauseet-2","status":"publish","type":"page","link":"https:\/\/blogs.uef.fi\/tiedonhaku-metsatiede\/hakulauseet-2\/","title":{"rendered":"Hakulauseet"},"content":{"rendered":"\n<ol class=\"wp-block-list\">\n<li><a href=\"https:\/\/blogs.uef.fi\/tiedonhaku-metsatiede\/hakusanojen-yhdistaminen\/\">Hakusanojen yhdist\u00e4minen<\/a><\/li>\n\n\n\n<li><a href=\"https:\/\/blogs.uef.fi\/tiedonhaku-metsatiede\/kayttoliittymien-hakulogiikka\/\">K\u00e4ytt\u00f6liittymien hakulogiikka<\/a><\/li>\n\n\n\n<li><a href=\"https:\/\/blogs.uef.fi\/tiedonhaku-metsatiede\/hakukentat\/\">Hakukent\u00e4t<\/a><\/li>\n\n\n\n<li><a href=\"https:\/\/blogs.uef.fi\/tiedonhaku-metsatiede\/hakutapoja\/\">Hakutapoja<\/a><\/li>\n\n\n\n<li><a href=\"https:\/\/blogs.uef.fi\/tiedonhaku-metsatiede\/milloin-hakutulos-on-riittava\/\">Milloin hakutulos on riitt\u00e4v\u00e4<\/a><\/li>\n\n\n\n<li><a href=\"https:\/\/blogs.uef.fi\/tiedonhaku-metsatiede\/tarkempia-tuloksia\/\">Hakulauseen muokkaaminen<\/a><\/li>\n<\/ol>\n","protected":false},"excerpt":{"rendered":"","protected":false},"author":127,"featured_media":0,"parent":0,"menu_order":0,"comment_status":"closed","ping_status":"closed","template":"","meta":{"_acf_changed":false,"footnotes":""},"class_list":["post-585","page","type-page","status-publish","hentry"],"acf":[],"yoast_head":"<!-- This site is optimized with the Yoast SEO plugin v27.1.1 - https:\/\/yoast.com\/product\/yoast-seo-wordpress\/ -->\n<title>Hakulauseet - Mets\u00e4tieteen tiedonhaku \/ UEF KIRJASTO<\/title>\n<meta name=\"robots\" content=\"index, follow, max-snippet:-1, max-image-preview:large, max-video-preview:-1\" \/>\n<link rel=\"canonical\" href=\"https:\/\/blogs.uef.fi\/tiedonhaku-metsatiede\/hakulauseet-2\/\" \/>\n<meta property=\"og:locale\" content=\"fi_FI\" \/>\n<meta property=\"og:type\" content=\"article\" \/>\n<meta property=\"og:title\" content=\"Hakulauseet - Mets\u00e4tieteen tiedonhaku \/ UEF KIRJASTO\" \/>\n<meta property=\"og:url\" content=\"https:\/\/blogs.uef.fi\/tiedonhaku-metsatiede\/hakulauseet-2\/\" \/>\n<meta property=\"og:site_name\" content=\"Mets\u00e4tieteen tiedonhaku \/ UEF KIRJASTO\" \/>\n<meta property=\"article:modified_time\" content=\"2024-07-04T08:27:48+00:00\" \/>\n<meta name=\"twitter:card\" content=\"summary_large_image\" \/>\n<meta name=\"twitter:label1\" content=\"Arvioitu lukuaika\" \/>\n\t<meta name=\"twitter:data1\" content=\"1 minuutti\" \/>\n<script type=\"application\/ld+json\" class=\"yoast-schema-graph\">{\"@context\":\"https:\/\/schema.org\",\"@graph\":[{\"@type\":\"WebPage\",\"@id\":\"https:\/\/blogs.uef.fi\/tiedonhaku-metsatiede\/hakulauseet-2\/\",\"url\":\"https:\/\/blogs.uef.fi\/tiedonhaku-metsatiede\/hakulauseet-2\/\",\"name\":\"Hakulauseet - Mets\u00e4tieteen tiedonhaku \/ UEF KIRJASTO\",\"isPartOf\":{\"@id\":\"https:\/\/blogs.uef.fi\/tiedonhaku-metsatiede\/#website\"},\"datePublished\":\"2018-05-14T10:50:10+00:00\",\"dateModified\":\"2024-07-04T08:27:48+00:00\",\"breadcrumb\":{\"@id\":\"https:\/\/blogs.uef.fi\/tiedonhaku-metsatiede\/hakulauseet-2\/#breadcrumb\"},\"inLanguage\":\"fi\",\"potentialAction\":[{\"@type\":\"ReadAction\",\"target\":[\"https:\/\/blogs.uef.fi\/tiedonhaku-metsatiede\/hakulauseet-2\/\"]}]},{\"@type\":\"BreadcrumbList\",\"@id\":\"https:\/\/blogs.uef.fi\/tiedonhaku-metsatiede\/hakulauseet-2\/#breadcrumb\",\"itemListElement\":[{\"@type\":\"ListItem\",\"position\":1,\"name\":\"Home\",\"item\":\"https:\/\/blogs.uef.fi\/tiedonhaku-metsatiede\/\"},{\"@type\":\"ListItem\",\"position\":2,\"name\":\"Hakulauseet\"}]},{\"@type\":\"WebSite\",\"@id\":\"https:\/\/blogs.uef.fi\/tiedonhaku-metsatiede\/#website\",\"url\":\"https:\/\/blogs.uef.fi\/tiedonhaku-metsatiede\/\",\"name\":\"Mets\u00e4tieteen tiedonhaku \/ UEF KIRJASTO\",\"description\":\"Mets\u00e4tieteen tiedonhaku on kattava oppimateriaali tiedonhakuun mets\u00e4tieteilij\u00f6ille. Se sis\u00e4lt\u00e4\u00e4 yleiset tiedonhaun tekniikat sek\u00e4 mets\u00e4tieteen tiedonl\u00e4hteet ohjeineen ja esimerkkeineen.\",\"potentialAction\":[{\"@type\":\"SearchAction\",\"target\":{\"@type\":\"EntryPoint\",\"urlTemplate\":\"https:\/\/blogs.uef.fi\/tiedonhaku-metsatiede\/?s={search_term_string}\"},\"query-input\":{\"@type\":\"PropertyValueSpecification\",\"valueRequired\":true,\"valueName\":\"search_term_string\"}}],\"inLanguage\":\"fi\"}]}<\/script>\n<!-- \/ Yoast SEO plugin. -->","yoast_head_json":{"title":"Hakulauseet - Mets\u00e4tieteen tiedonhaku \/ UEF KIRJASTO","robots":{"index":"index","follow":"follow","max-snippet":"max-snippet:-1","max-image-preview":"max-image-preview:large","max-video-preview":"max-video-preview:-1"},"canonical":"https:\/\/blogs.uef.fi\/tiedonhaku-metsatiede\/hakulauseet-2\/","og_locale":"fi_FI","og_type":"article","og_title":"Hakulauseet - Mets\u00e4tieteen tiedonhaku \/ UEF KIRJASTO","og_url":"https:\/\/blogs.uef.fi\/tiedonhaku-metsatiede\/hakulauseet-2\/","og_site_name":"Mets\u00e4tieteen tiedonhaku \/ UEF KIRJASTO","article_modified_time":"2024-07-04T08:27:48+00:00","twitter_card":"summary_large_image","twitter_misc":{"Arvioitu lukuaika":"1 minuutti"},"schema":{"@context":"https:\/\/schema.org","@graph":[{"@type":"WebPage","@id":"https:\/\/blogs.uef.fi\/tiedonhaku-metsatiede\/hakulauseet-2\/","url":"https:\/\/blogs.uef.fi\/tiedonhaku-metsatiede\/hakulauseet-2\/","name":"Hakulauseet - Mets\u00e4tieteen tiedonhaku \/ UEF KIRJASTO","isPartOf":{"@id":"https:\/\/blogs.uef.fi\/tiedonhaku-metsatiede\/#website"},"datePublished":"2018-05-14T10:50:10+00:00","dateModified":"2024-07-04T08:27:48+00:00","breadcrumb":{"@id":"https:\/\/blogs.uef.fi\/tiedonhaku-metsatiede\/hakulauseet-2\/#breadcrumb"},"inLanguage":"fi","potentialAction":[{"@type":"ReadAction","target":["https:\/\/blogs.uef.fi\/tiedonhaku-metsatiede\/hakulauseet-2\/"]}]},{"@type":"BreadcrumbList","@id":"https:\/\/blogs.uef.fi\/tiedonhaku-metsatiede\/hakulauseet-2\/#breadcrumb","itemListElement":[{"@type":"ListItem","position":1,"name":"Home","item":"https:\/\/blogs.uef.fi\/tiedonhaku-metsatiede\/"},{"@type":"ListItem","position":2,"name":"Hakulauseet"}]},{"@type":"WebSite","@id":"https:\/\/blogs.uef.fi\/tiedonhaku-metsatiede\/#website","url":"https:\/\/blogs.uef.fi\/tiedonhaku-metsatiede\/","name":"Mets\u00e4tieteen tiedonhaku \/ UEF KIRJASTO","description":"Mets\u00e4tieteen tiedonhaku on kattava oppimateriaali tiedonhakuun mets\u00e4tieteilij\u00f6ille. Se sis\u00e4lt\u00e4\u00e4 yleiset tiedonhaun tekniikat sek\u00e4 mets\u00e4tieteen tiedonl\u00e4hteet ohjeineen ja esimerkkeineen.","potentialAction":[{"@type":"SearchAction","target":{"@type":"EntryPoint","urlTemplate":"https:\/\/blogs.uef.fi\/tiedonhaku-metsatiede\/?s={search_term_string}"},"query-input":{"@type":"PropertyValueSpecification","valueRequired":true,"valueName":"search_term_string"}}],"inLanguage":"fi"}]}},"_links":{"self":[{"href":"https:\/\/blogs.uef.fi\/tiedonhaku-metsatiede\/wp-json\/wp\/v2\/pages\/585","targetHints":{"allow":["GET"]}}],"collection":[{"href":"https:\/\/blogs.uef.fi\/tiedonhaku-metsatiede\/wp-json\/wp\/v2\/pages"}],"about":[{"href":"https:\/\/blogs.uef.fi\/tiedonhaku-metsatiede\/wp-json\/wp\/v2\/types\/page"}],"author":[{"embeddable":true,"href":"https:\/\/blogs.uef.fi\/tiedonhaku-metsatiede\/wp-json\/wp\/v2\/users\/127"}],"replies":[{"embeddable":true,"href":"https:\/\/blogs.uef.fi\/tiedonhaku-metsatiede\/wp-json\/wp\/v2\/comments?post=585"}],"version-history":[{"count":2,"href":"https:\/\/blogs.uef.fi\/tiedonhaku-metsatiede\/wp-json\/wp\/v2\/pages\/585\/revisions"}],"predecessor-version":[{"id":3828,"href":"https:\/\/blogs.uef.fi\/tiedonhaku-metsatiede\/wp-json\/wp\/v2\/pages\/585\/revisions\/3828"}],"wp:attachment":[{"href":"https:\/\/blogs.uef.fi\/tiedonhaku-metsatiede\/wp-json\/wp\/v2\/media?parent=585"}],"curies":[{"name":"wp","href":"https:\/\/api.w.org\/{rel}","templated":true}]}}