{"id":57,"date":"2015-10-30T06:44:12","date_gmt":"2015-10-30T06:44:12","guid":{"rendered":"https:\/\/ueflibraryfor.wordpress.com\/?page_id=57"},"modified":"2024-09-12T15:21:46","modified_gmt":"2024-09-12T12:21:46","slug":"sanojen-keksiminen","status":"publish","type":"page","link":"https:\/\/blogs.uef.fi\/tiedonhaku-metsatiede\/hakusanat\/sanojen-keksiminen\/","title":{"rendered":"Sanojen keksiminen"},"content":{"rendered":"\n<p><strong>K\u00e4site itsess\u00e4\u00e4n<\/strong> on ensimm\u00e4inen hyv\u00e4 hakusana. Ei silti kannata tyyty\u00e4 vain siihen, paljon olennaista tietoa voi menn\u00e4 ohi, jos hakee vain yhdell\u00e4 sanalla.<\/p>\n\n\n\n<p><strong>Hakusanat ovat hakukoneelle l\u00e4hinn\u00e4 merkkijonoja<\/strong> ja hakijan pit\u00e4\u00e4 itse m\u00e4\u00e4ritt\u00e4\u00e4 merkkijonot, joita haetaan.<\/p>\n\n\n\n<h2 class=\"wp-block-heading\">Vaihtoehtoisia hakutermej\u00e4 voit kartoittaa systemaattisesti:<\/h2>\n\n\n\n<ul class=\"wp-block-list\">\n<li><strong>kieli<\/strong> on ensimm\u00e4inen kysymys: englantia ja suomea ainakin tarvitaan<\/li>\n\n\n\n<li><strong>synonyymi<\/strong> ja muu l\u00e4heinen ilmaus: <em>sienijuuri &#8211; mykorritsa<\/em><\/li>\n\n\n\n<li><strong>vastakkainen<\/strong> k\u00e4site voi olla hy\u00f6dyksi: <em>hardiness &#8211; injuries<\/em><\/li>\n\n\n\n<li><strong>laajempi<\/strong> kokonaisuus, johon k\u00e4site liittyy: <em>mets\u00e4kuljetus &#8211; puunkorjuu<\/em><\/li>\n\n\n\n<li><strong>tarkempi<\/strong> osa-alue, jonka k\u00e4site sis\u00e4lt\u00e4\u00e4: k<em>aukokartoitus &#8211; ilmakuvaus<\/em><\/li>\n\n\n\n<li><strong>l\u00e4hik\u00e4site: <\/strong><em>aarnimets\u00e4t &#8211; luonnonmets\u00e4t <\/em><\/li>\n\n\n\n<li><strong>kirjoitusmuodon<\/strong> vaihtelu: <em>color \u2013 colour; kantojen nosto &#8211; kannonnosto, bio-fuel &#8211; biofuel<\/em><\/li>\n\n\n\n<li><strong>lyhenteet<\/strong>: <em>REDD \u2013 Reducing Emissions from Deforestation and Forest Degradation<\/em><\/li>\n<\/ul>\n\n\n\n<figure class=\"wp-block-image size-full\"><img loading=\"lazy\" decoding=\"async\" width=\"918\" height=\"524\" src=\"https:\/\/blogs.uef.fi\/tiedonhaku-metsatiede\/wp-content\/uploads\/sites\/47\/2021\/05\/METhakusanoja.jpg\" alt=\"Teksti\u00e4. Pakkaskest\u00e4vyys: liittyv\u00e4t sanat: pakkasenkest\u00e4vyys, kylm\u00e4nkest\u00e4vyys, talvenkest\u00e4vyys. Lis\u00e4ksi liittyv\u00e4t sanat: pakkanen + kest\u00e4vyys. Pakkanen: liittyv\u00e4t sanat: kylmyys, talvi, englanniksi: frost, cold, winter. Kest\u00e4vyys: liittyv\u00e4t sanat englanniksi: hardiness, tolerance, resistance.\" class=\"wp-image-1586\" srcset=\"https:\/\/blogs.uef.fi\/tiedonhaku-metsatiede\/wp-content\/uploads\/sites\/47\/2021\/05\/METhakusanoja.jpg 918w, https:\/\/blogs.uef.fi\/tiedonhaku-metsatiede\/wp-content\/uploads\/sites\/47\/2021\/05\/METhakusanoja-300x171.jpg 300w, https:\/\/blogs.uef.fi\/tiedonhaku-metsatiede\/wp-content\/uploads\/sites\/47\/2021\/05\/METhakusanoja-768x438.jpg 768w\" sizes=\"auto, (max-width: 918px) 100vw, 918px\" \/><figcaption class=\"wp-element-caption\">Esimerkki erilaisista sanoista, jotka kuitenkin viittaavat samaan asiaan.<\/figcaption><\/figure>\n\n\n\n<p>HUOM. Lyhenteiden k\u00e4ytt\u00f6\u00e4 kannattaa v\u00e4ltt\u00e4\u00e4, jos ne ovat moniselitteisi\u00e4 (esim. lyhenne ALS tarkoittaa ainakin k\u00e4sitteit\u00e4 \u201cAirborne Laser Scanning\u201d, &#8221;<span class=\"st\">Amyotrofinen lateraaliskleroosi<\/span>&#8221;, \u201cAngular Leaf Spot\u201d ja \u201cAcetolactate synthase\u201d).<br>Pidemm\u00e4n tekstin joukosta aukikirjoitettu muoto yleens\u00e4 l\u00f6ytyy. Mutta jos haku kohdistuu vain otsikkoon, voi olla tarpeen kokeilla my\u00f6s lyhenteell\u00e4:<\/p>\n\n\n\n<figure class=\"wp-block-image size-full\"><img loading=\"lazy\" decoding=\"async\" width=\"527\" height=\"126\" src=\"https:\/\/blogs.uef.fi\/tiedonhaku-metsatiede\/wp-content\/uploads\/sites\/47\/2015\/10\/lyhenne.jpg\" alt=\"Kuvakaappaus tietokannan viitteest\u00e4. Teksti\u00e4.\nMoving Toward Consistent ALS Monitoring of Forest Attributes across Canada: A Consortium Approach.\nHopkinson, C. Chasmer, L. Colville, D. Fournier, R. Hall, R. J. Luther, J. E. Milne, T. Petrone, R. M. St-Onge, B.\nPE&amp;RS, Photogrammetric engineering &amp; remote sensing:2013. 79 (2): 159\u2013173.\" class=\"wp-image-59\" style=\"object-fit:cover\" srcset=\"https:\/\/blogs.uef.fi\/tiedonhaku-metsatiede\/wp-content\/uploads\/sites\/47\/2015\/10\/lyhenne.jpg 527w, https:\/\/blogs.uef.fi\/tiedonhaku-metsatiede\/wp-content\/uploads\/sites\/47\/2015\/10\/lyhenne-300x72.jpg 300w\" sizes=\"auto, (max-width: 527px) 100vw, 527px\" \/><figcaption class=\"wp-element-caption\"><em>ALS = airborne laser scanning<\/em><\/figcaption><\/figure>\n\n\n\n<h2 class=\"wp-block-heading\">Apuneuvoja hakusanojen m\u00e4\u00e4rittelyyn<strong><br><\/strong><\/h2>\n\n\n\n<ul class=\"wp-block-list\">\n<li><strong>Sanakirjat<\/strong> (esim. MOT sanakirjasto), k\u00e4sikirjat, hakuteokset (esim. Wikipedia)<\/li>\n\n\n\n<li><strong>Teko\u00e4lysovellukset <\/strong>(esim. Copilot)<\/li>\n\n\n\n<li><strong>Oppikirjat<\/strong><\/li>\n\n\n\n<li><strong>Sis\u00e4llysluettelot ja l\u00e4hdeluettelot<\/strong> jo l\u00f6ydetyist\u00e4 julkaisuista<\/li>\n\n\n\n<li><strong>Asiasanastot<\/strong><\/li>\n\n\n\n<li><strong>Asiasanat (aihetta kuvaavat sanat) ja muut tiedot tietokannoissa<\/strong> jo l\u00f6ytyneiden julkaisujen tiedoissa<\/li>\n<\/ul>\n\n\n\n<figure class=\"wp-block-image size-full is-resized\"><img loading=\"lazy\" decoding=\"async\" width=\"805\" height=\"562\" src=\"https:\/\/blogs.uef.fi\/tiedonhaku-metsatiede\/wp-content\/uploads\/sites\/47\/2021\/05\/MET_UPtietue.jpg\" alt=\"Kuvakaappaus tietokannan viitteest\u00e4. Korostettuna otsikon sanan \u2019mets\u00e4tuotteista\u2019. Aiheet: mets\u00e4ntuotteet, ker\u00e4ilytuotteet, erikoispuulajit, joulukuuset, polttopuu, luontomatkailu, mets\u00e4t, el\u00e4mysmatkailu, sivuansiot, mets\u00e4talous, sivutuotteet, puuntuotanto, monik\u00e4ytt\u00f6.\" class=\"wp-image-1604\" srcset=\"https:\/\/blogs.uef.fi\/tiedonhaku-metsatiede\/wp-content\/uploads\/sites\/47\/2021\/05\/MET_UPtietue.jpg 805w, https:\/\/blogs.uef.fi\/tiedonhaku-metsatiede\/wp-content\/uploads\/sites\/47\/2021\/05\/MET_UPtietue-300x209.jpg 300w, https:\/\/blogs.uef.fi\/tiedonhaku-metsatiede\/wp-content\/uploads\/sites\/47\/2021\/05\/MET_UPtietue-768x536.jpg 768w\" sizes=\"auto, (max-width: 805px) 100vw, 805px\" \/><figcaption class=\"wp-element-caption\"><em>Kuva UEF-Primon tietueesta.<\/em><\/figcaption><\/figure>\n\n\n\n<h2 class=\"wp-block-heading\">Hakusanoja kertyy pitkin matkaa<\/h2>\n\n\n\n<p>Potentiaalisia hakusanoja kertyy sit\u00e4 mukaa kun tiedonhaku etenee. Kun uusia hyvi\u00e4 tuloksia l\u00f6ytyy, l\u00f6ytyy usein my\u00f6s uusia hakusanoja.<\/p>\n\n\n\n<figure class=\"wp-block-image\"><img loading=\"lazy\" decoding=\"async\" width=\"1024\" height=\"494\" src=\"https:\/\/blogs.uef.fi\/tiedonhaku-metsatiede\/wp-content\/uploads\/sites\/47\/2018\/02\/analyysi-1024x494.png\" alt=\"Kaaviokuva, teksti\u00e4: Aihe -&gt; toiminto: analysoi, pilko, pelkist\u00e4 -&gt; tulos: ydink\u00e4sitteet = ensimm\u00e4iset hakusanat. Toiminto: asiasanat, l\u00e4hdeluettelot -&gt; tulos: vaihtoehtoisia hakusanoja. Toiminto: Konteksti, laajempi kuva, tarkennus -&gt; tulos: lis\u00e4\u00e4 hakusanoja.\" class=\"wp-image-351\" srcset=\"https:\/\/blogs.uef.fi\/tiedonhaku-metsatiede\/wp-content\/uploads\/sites\/47\/2018\/02\/analyysi-1024x494.png 1024w, https:\/\/blogs.uef.fi\/tiedonhaku-metsatiede\/wp-content\/uploads\/sites\/47\/2018\/02\/analyysi-300x145.png 300w, https:\/\/blogs.uef.fi\/tiedonhaku-metsatiede\/wp-content\/uploads\/sites\/47\/2018\/02\/analyysi-768x370.png 768w, https:\/\/blogs.uef.fi\/tiedonhaku-metsatiede\/wp-content\/uploads\/sites\/47\/2018\/02\/analyysi.png 1109w\" sizes=\"auto, (max-width: 1024px) 100vw, 1024px\" \/><\/figure>\n\n\n\n<div class=\"links-block\">\n\n    \n    <ul class=\"link-list\">\n        \n            \n            <li class=\"link-list-item\">\n                <a href=\"https:\/\/uef.cloud.panopto.eu\/Panopto\/Pages\/Viewer.aspx?id=8cf8c533-ac19-4391-98a9-b09700b3c3fa\" class=\"link-reset link hover-scale-down\">\n                    <svg\n        width=\"43\" height=\"25\"\n        viewBox=\"0 0 43 25\"\n        xmlns=\"http:\/\/www.w3.org\/2000\/svg\">\n    <path\n        d=\"M30.027 0 43 12.5 30.027 25 27 22.083 34.351 15H0v-5h34.351L27 2.917z\"\n        fill=\"currentColor\"\n        fill-rule=\"evenodd\"\/>\n<\/svg>                    <div>Katso video hakusanojen m\u00e4\u00e4rittelyst\u00e4 ja merkityksest\u00e4 hakutuloksen kannalta (3:31)<\/div>\n                <\/a>\n                <div class=\"link-info\">\n                                    <\/div>\n            <\/li>\n\n                <\/ul>\n<\/div>\n\n\n<h2 class=\"wp-block-heading\">Miksi erilaisia hakusanoja tarvitaan?<\/h2>\n\n\n\n<p>Hakuj\u00e4rjestelm\u00e4ss\u00e4 hakusana toimii kuten yksinkertainen merkkijono. Tiedonhakijan on<strong> itse m\u00e4\u00e4r\u00e4tt\u00e4v\u00e4 kaikki merkkijonot,<\/strong> joita haetaan.<\/p>\n\n\n\n<p>Tiedon l\u00f6ytyvyys perustuu siis tiettyjen merkkijonojen esiintyvyyteen dokumenteissa tai niiden (meta)tiedoissa. K\u00e4\u00e4nt\u00e4en, dokumentin aihe voi olla sis\u00e4ll\u00f6lt\u00e4\u00e4n aiheenmukainen, mutta jos annettua hakusanaa ei sen tiedoista l\u00f6ydy, itse dokumenttikin j\u00e4\u00e4 l\u00f6ytym\u00e4tt\u00e4.<\/p>\n\n\n\n<p>Hakusana voi olla my\u00f6s <strong>l\u00e4ht\u00f6kohta<\/strong>, jonka avulla j\u00e4rjestelm\u00e4 l\u00f6yt\u00e4\u00e4 sanasta erilaisia <strong>taivutusmuotoja ja johdannaisia<\/strong>. Varsinaisesti j\u00e4rjestelm\u00e4 ei kuitenkaan ymm\u00e4rr\u00e4 eik\u00e4 hae k\u00e4sitteit\u00e4&nbsp;tai <a href=\"http:\/\/www.hs.fi\/fingerpori\/s1349760743374\" target=\"_blank\" rel=\"noopener noreferrer\">merkityksi\u00e4 (hs.fi:fingerpori)<\/a>. T\u00e4m\u00e4 tuo tulokseen my\u00f6s aiheeseen liittym\u00e4tt\u00f6mi\u00e4 osumia.<\/p>\n\n\n\n<p class=\"has-text-align-right\">Seuraava sivu: <a href=\"https:\/\/blogs.uef.fi\/tiedonhaku-metsatiede\/sanaliitot\/\">Sanaliitot<\/a>.<\/p>\n","protected":false},"excerpt":{"rendered":"<p>K\u00e4site itsess\u00e4\u00e4n on ensimm\u00e4inen hyv\u00e4 hakusana. Ei silti kannata tyyty\u00e4 vain siihen, paljon olennaista tietoa voi menn\u00e4 ohi, jos hakee vain yhdell\u00e4 sanalla. Hakusanat ovat hakukoneelle l\u00e4hinn\u00e4 merkkijonoja ja hakijan pit\u00e4\u00e4 itse m\u00e4\u00e4ritt\u00e4\u00e4 merkkijonot, joita haetaan. Vaihtoehtoisia hakutermej\u00e4 voit kartoittaa systemaattisesti: HUOM. Lyhenteiden k\u00e4ytt\u00f6\u00e4 kannattaa v\u00e4ltt\u00e4\u00e4, jos ne ovat moniselitteisi\u00e4 (esim. lyhenne ALS tarkoittaa ainakin [&hellip;]<\/p>\n","protected":false},"author":127,"featured_media":0,"parent":581,"menu_order":0,"comment_status":"closed","ping_status":"closed","template":"","meta":{"_acf_changed":false,"footnotes":""},"class_list":["post-57","page","type-page","status-publish","hentry"],"acf":[],"yoast_head":"<!-- This site is optimized with the Yoast SEO plugin v27.3 - https:\/\/yoast.com\/product\/yoast-seo-wordpress\/ -->\n<title>Sanojen keksiminen - Mets\u00e4tieteen tiedonhaku \/ UEF KIRJASTO<\/title>\n<meta name=\"robots\" content=\"index, follow, max-snippet:-1, max-image-preview:large, max-video-preview:-1\" \/>\n<link rel=\"canonical\" href=\"https:\/\/blogs.uef.fi\/tiedonhaku-metsatiede\/hakusanat\/sanojen-keksiminen\/\" \/>\n<meta property=\"og:locale\" content=\"fi_FI\" \/>\n<meta property=\"og:type\" content=\"article\" \/>\n<meta property=\"og:title\" content=\"Sanojen keksiminen - Mets\u00e4tieteen tiedonhaku \/ UEF KIRJASTO\" \/>\n<meta property=\"og:description\" content=\"K\u00e4site itsess\u00e4\u00e4n on ensimm\u00e4inen hyv\u00e4 hakusana. Ei silti kannata tyyty\u00e4 vain siihen, paljon olennaista tietoa voi menn\u00e4 ohi, jos hakee vain yhdell\u00e4 sanalla. Hakusanat ovat hakukoneelle l\u00e4hinn\u00e4 merkkijonoja ja hakijan pit\u00e4\u00e4 itse m\u00e4\u00e4ritt\u00e4\u00e4 merkkijonot, joita haetaan. Vaihtoehtoisia hakutermej\u00e4 voit kartoittaa systemaattisesti: HUOM. Lyhenteiden k\u00e4ytt\u00f6\u00e4 kannattaa v\u00e4ltt\u00e4\u00e4, jos ne ovat moniselitteisi\u00e4 (esim. lyhenne ALS tarkoittaa ainakin [&hellip;]\" \/>\n<meta property=\"og:url\" content=\"https:\/\/blogs.uef.fi\/tiedonhaku-metsatiede\/hakusanat\/sanojen-keksiminen\/\" \/>\n<meta property=\"og:site_name\" content=\"Mets\u00e4tieteen tiedonhaku \/ UEF KIRJASTO\" \/>\n<meta property=\"article:modified_time\" content=\"2024-09-12T12:21:46+00:00\" \/>\n<meta property=\"og:image\" content=\"https:\/\/blogs.uef.fi\/tiedonhaku-metsatiede\/wp-content\/uploads\/sites\/47\/2021\/05\/METhakusanoja.jpg\" \/>\n<meta name=\"twitter:card\" content=\"summary_large_image\" \/>\n<meta name=\"twitter:label1\" content=\"Arvioitu lukuaika\" \/>\n\t<meta name=\"twitter:data1\" content=\"3 minuuttia\" \/>\n<script type=\"application\/ld+json\" class=\"yoast-schema-graph\">{\"@context\":\"https:\\\/\\\/schema.org\",\"@graph\":[{\"@type\":\"WebPage\",\"@id\":\"https:\\\/\\\/blogs.uef.fi\\\/tiedonhaku-metsatiede\\\/hakusanat\\\/sanojen-keksiminen\\\/\",\"url\":\"https:\\\/\\\/blogs.uef.fi\\\/tiedonhaku-metsatiede\\\/hakusanat\\\/sanojen-keksiminen\\\/\",\"name\":\"Sanojen keksiminen - Mets\u00e4tieteen tiedonhaku \\\/ UEF KIRJASTO\",\"isPartOf\":{\"@id\":\"https:\\\/\\\/blogs.uef.fi\\\/tiedonhaku-metsatiede\\\/#website\"},\"primaryImageOfPage\":{\"@id\":\"https:\\\/\\\/blogs.uef.fi\\\/tiedonhaku-metsatiede\\\/hakusanat\\\/sanojen-keksiminen\\\/#primaryimage\"},\"image\":{\"@id\":\"https:\\\/\\\/blogs.uef.fi\\\/tiedonhaku-metsatiede\\\/hakusanat\\\/sanojen-keksiminen\\\/#primaryimage\"},\"thumbnailUrl\":\"https:\\\/\\\/blogs.uef.fi\\\/tiedonhaku-metsatiede\\\/wp-content\\\/uploads\\\/sites\\\/47\\\/2021\\\/05\\\/METhakusanoja.jpg\",\"datePublished\":\"2015-10-30T06:44:12+00:00\",\"dateModified\":\"2024-09-12T12:21:46+00:00\",\"breadcrumb\":{\"@id\":\"https:\\\/\\\/blogs.uef.fi\\\/tiedonhaku-metsatiede\\\/hakusanat\\\/sanojen-keksiminen\\\/#breadcrumb\"},\"inLanguage\":\"fi\",\"potentialAction\":[{\"@type\":\"ReadAction\",\"target\":[\"https:\\\/\\\/blogs.uef.fi\\\/tiedonhaku-metsatiede\\\/hakusanat\\\/sanojen-keksiminen\\\/\"]}]},{\"@type\":\"ImageObject\",\"inLanguage\":\"fi\",\"@id\":\"https:\\\/\\\/blogs.uef.fi\\\/tiedonhaku-metsatiede\\\/hakusanat\\\/sanojen-keksiminen\\\/#primaryimage\",\"url\":\"https:\\\/\\\/blogs.uef.fi\\\/tiedonhaku-metsatiede\\\/wp-content\\\/uploads\\\/sites\\\/47\\\/2021\\\/05\\\/METhakusanoja.jpg\",\"contentUrl\":\"https:\\\/\\\/blogs.uef.fi\\\/tiedonhaku-metsatiede\\\/wp-content\\\/uploads\\\/sites\\\/47\\\/2021\\\/05\\\/METhakusanoja.jpg\",\"width\":918,\"height\":524},{\"@type\":\"BreadcrumbList\",\"@id\":\"https:\\\/\\\/blogs.uef.fi\\\/tiedonhaku-metsatiede\\\/hakusanat\\\/sanojen-keksiminen\\\/#breadcrumb\",\"itemListElement\":[{\"@type\":\"ListItem\",\"position\":1,\"name\":\"Home\",\"item\":\"https:\\\/\\\/blogs.uef.fi\\\/tiedonhaku-metsatiede\\\/\"},{\"@type\":\"ListItem\",\"position\":2,\"name\":\"Hakusanat\",\"item\":\"https:\\\/\\\/blogs.uef.fi\\\/tiedonhaku-metsatiede\\\/hakusanat\\\/\"},{\"@type\":\"ListItem\",\"position\":3,\"name\":\"Sanojen keksiminen\"}]},{\"@type\":\"WebSite\",\"@id\":\"https:\\\/\\\/blogs.uef.fi\\\/tiedonhaku-metsatiede\\\/#website\",\"url\":\"https:\\\/\\\/blogs.uef.fi\\\/tiedonhaku-metsatiede\\\/\",\"name\":\"Mets\u00e4tieteen tiedonhaku \\\/ UEF KIRJASTO\",\"description\":\"Mets\u00e4tieteen tiedonhaku on kattava oppimateriaali tiedonhakuun mets\u00e4tieteilij\u00f6ille. Se sis\u00e4lt\u00e4\u00e4 yleiset tiedonhaun tekniikat sek\u00e4 mets\u00e4tieteen tiedonl\u00e4hteet ohjeineen ja esimerkkeineen.\",\"potentialAction\":[{\"@type\":\"SearchAction\",\"target\":{\"@type\":\"EntryPoint\",\"urlTemplate\":\"https:\\\/\\\/blogs.uef.fi\\\/tiedonhaku-metsatiede\\\/?s={search_term_string}\"},\"query-input\":{\"@type\":\"PropertyValueSpecification\",\"valueRequired\":true,\"valueName\":\"search_term_string\"}}],\"inLanguage\":\"fi\"}]}<\/script>\n<!-- \/ Yoast SEO plugin. -->","yoast_head_json":{"title":"Sanojen keksiminen - Mets\u00e4tieteen tiedonhaku \/ UEF KIRJASTO","robots":{"index":"index","follow":"follow","max-snippet":"max-snippet:-1","max-image-preview":"max-image-preview:large","max-video-preview":"max-video-preview:-1"},"canonical":"https:\/\/blogs.uef.fi\/tiedonhaku-metsatiede\/hakusanat\/sanojen-keksiminen\/","og_locale":"fi_FI","og_type":"article","og_title":"Sanojen keksiminen - Mets\u00e4tieteen tiedonhaku \/ UEF KIRJASTO","og_description":"K\u00e4site itsess\u00e4\u00e4n on ensimm\u00e4inen hyv\u00e4 hakusana. Ei silti kannata tyyty\u00e4 vain siihen, paljon olennaista tietoa voi menn\u00e4 ohi, jos hakee vain yhdell\u00e4 sanalla. Hakusanat ovat hakukoneelle l\u00e4hinn\u00e4 merkkijonoja ja hakijan pit\u00e4\u00e4 itse m\u00e4\u00e4ritt\u00e4\u00e4 merkkijonot, joita haetaan. Vaihtoehtoisia hakutermej\u00e4 voit kartoittaa systemaattisesti: HUOM. Lyhenteiden k\u00e4ytt\u00f6\u00e4 kannattaa v\u00e4ltt\u00e4\u00e4, jos ne ovat moniselitteisi\u00e4 (esim. lyhenne ALS tarkoittaa ainakin [&hellip;]","og_url":"https:\/\/blogs.uef.fi\/tiedonhaku-metsatiede\/hakusanat\/sanojen-keksiminen\/","og_site_name":"Mets\u00e4tieteen tiedonhaku \/ UEF KIRJASTO","article_modified_time":"2024-09-12T12:21:46+00:00","og_image":[{"url":"https:\/\/blogs.uef.fi\/tiedonhaku-metsatiede\/wp-content\/uploads\/sites\/47\/2021\/05\/METhakusanoja.jpg","type":"","width":"","height":""}],"twitter_card":"summary_large_image","twitter_misc":{"Arvioitu lukuaika":"3 minuuttia"},"schema":{"@context":"https:\/\/schema.org","@graph":[{"@type":"WebPage","@id":"https:\/\/blogs.uef.fi\/tiedonhaku-metsatiede\/hakusanat\/sanojen-keksiminen\/","url":"https:\/\/blogs.uef.fi\/tiedonhaku-metsatiede\/hakusanat\/sanojen-keksiminen\/","name":"Sanojen keksiminen - Mets\u00e4tieteen tiedonhaku \/ UEF KIRJASTO","isPartOf":{"@id":"https:\/\/blogs.uef.fi\/tiedonhaku-metsatiede\/#website"},"primaryImageOfPage":{"@id":"https:\/\/blogs.uef.fi\/tiedonhaku-metsatiede\/hakusanat\/sanojen-keksiminen\/#primaryimage"},"image":{"@id":"https:\/\/blogs.uef.fi\/tiedonhaku-metsatiede\/hakusanat\/sanojen-keksiminen\/#primaryimage"},"thumbnailUrl":"https:\/\/blogs.uef.fi\/tiedonhaku-metsatiede\/wp-content\/uploads\/sites\/47\/2021\/05\/METhakusanoja.jpg","datePublished":"2015-10-30T06:44:12+00:00","dateModified":"2024-09-12T12:21:46+00:00","breadcrumb":{"@id":"https:\/\/blogs.uef.fi\/tiedonhaku-metsatiede\/hakusanat\/sanojen-keksiminen\/#breadcrumb"},"inLanguage":"fi","potentialAction":[{"@type":"ReadAction","target":["https:\/\/blogs.uef.fi\/tiedonhaku-metsatiede\/hakusanat\/sanojen-keksiminen\/"]}]},{"@type":"ImageObject","inLanguage":"fi","@id":"https:\/\/blogs.uef.fi\/tiedonhaku-metsatiede\/hakusanat\/sanojen-keksiminen\/#primaryimage","url":"https:\/\/blogs.uef.fi\/tiedonhaku-metsatiede\/wp-content\/uploads\/sites\/47\/2021\/05\/METhakusanoja.jpg","contentUrl":"https:\/\/blogs.uef.fi\/tiedonhaku-metsatiede\/wp-content\/uploads\/sites\/47\/2021\/05\/METhakusanoja.jpg","width":918,"height":524},{"@type":"BreadcrumbList","@id":"https:\/\/blogs.uef.fi\/tiedonhaku-metsatiede\/hakusanat\/sanojen-keksiminen\/#breadcrumb","itemListElement":[{"@type":"ListItem","position":1,"name":"Home","item":"https:\/\/blogs.uef.fi\/tiedonhaku-metsatiede\/"},{"@type":"ListItem","position":2,"name":"Hakusanat","item":"https:\/\/blogs.uef.fi\/tiedonhaku-metsatiede\/hakusanat\/"},{"@type":"ListItem","position":3,"name":"Sanojen keksiminen"}]},{"@type":"WebSite","@id":"https:\/\/blogs.uef.fi\/tiedonhaku-metsatiede\/#website","url":"https:\/\/blogs.uef.fi\/tiedonhaku-metsatiede\/","name":"Mets\u00e4tieteen tiedonhaku \/ UEF KIRJASTO","description":"Mets\u00e4tieteen tiedonhaku on kattava oppimateriaali tiedonhakuun mets\u00e4tieteilij\u00f6ille. Se sis\u00e4lt\u00e4\u00e4 yleiset tiedonhaun tekniikat sek\u00e4 mets\u00e4tieteen tiedonl\u00e4hteet ohjeineen ja esimerkkeineen.","potentialAction":[{"@type":"SearchAction","target":{"@type":"EntryPoint","urlTemplate":"https:\/\/blogs.uef.fi\/tiedonhaku-metsatiede\/?s={search_term_string}"},"query-input":{"@type":"PropertyValueSpecification","valueRequired":true,"valueName":"search_term_string"}}],"inLanguage":"fi"}]}},"_links":{"self":[{"href":"https:\/\/blogs.uef.fi\/tiedonhaku-metsatiede\/wp-json\/wp\/v2\/pages\/57","targetHints":{"allow":["GET"]}}],"collection":[{"href":"https:\/\/blogs.uef.fi\/tiedonhaku-metsatiede\/wp-json\/wp\/v2\/pages"}],"about":[{"href":"https:\/\/blogs.uef.fi\/tiedonhaku-metsatiede\/wp-json\/wp\/v2\/types\/page"}],"author":[{"embeddable":true,"href":"https:\/\/blogs.uef.fi\/tiedonhaku-metsatiede\/wp-json\/wp\/v2\/users\/127"}],"replies":[{"embeddable":true,"href":"https:\/\/blogs.uef.fi\/tiedonhaku-metsatiede\/wp-json\/wp\/v2\/comments?post=57"}],"version-history":[{"count":2,"href":"https:\/\/blogs.uef.fi\/tiedonhaku-metsatiede\/wp-json\/wp\/v2\/pages\/57\/revisions"}],"predecessor-version":[{"id":3874,"href":"https:\/\/blogs.uef.fi\/tiedonhaku-metsatiede\/wp-json\/wp\/v2\/pages\/57\/revisions\/3874"}],"up":[{"embeddable":true,"href":"https:\/\/blogs.uef.fi\/tiedonhaku-metsatiede\/wp-json\/wp\/v2\/pages\/581"}],"wp:attachment":[{"href":"https:\/\/blogs.uef.fi\/tiedonhaku-metsatiede\/wp-json\/wp\/v2\/media?parent=57"}],"curies":[{"name":"wp","href":"https:\/\/api.w.org\/{rel}","templated":true}]}}