{"id":50,"date":"2015-10-29T13:49:58","date_gmt":"2015-10-29T13:49:58","guid":{"rendered":"https:\/\/ueflibraryfor.wordpress.com\/?page_id=50"},"modified":"2025-01-08T12:59:38","modified_gmt":"2025-01-08T10:59:38","slug":"hakuaihe","status":"publish","type":"page","link":"https:\/\/blogs.uef.fi\/tiedonhaku-metsatiede\/hakusanat\/hakuaihe\/","title":{"rendered":"Hakuaiheen k\u00e4sittely"},"content":{"rendered":"\n<p>Hyvien hakusanojen l\u00f6yt\u00e4miseksi pit\u00e4\u00e4 ensiksi tunnistaa omasta aiheesta <strong>hakukysymys ja sen keskeiset k\u00e4sitteet<\/strong>. K\u00e4sitteist\u00e4 johdetaan sitten<strong> hakusanat<\/strong>.<\/p>\n\n\n\n<h2 class=\"wp-block-heading\">Mieti hakukysymysten avulla mit\u00e4 tarvitset<\/h2>\n\n\n\n<p>Hakukysymysten avulla voi hahmottaa itselleen, millaisia teemoja omaan aiheeseen liittyy, samaan tapaan kuin mietit\u00e4\u00e4n tutkimuskysymyksi\u00e4. Hakukysymykset voivat olla osittain samojakin kuin tutkimuskysymykset, mutta voivat my\u00f6s poiketa niist\u00e4. Erityisesti pit\u00e4\u00e4 pysty\u00e4 erittelem\u00e4\u00e4n ne asiat, joihin vastaus voisi l\u00f6yty\u00e4 kirjallisuudesta, ei oman kokeellisen tutkimuksen kautta.<\/p>\n\n\n\n<p>Hakukysymys (tai hakuongelma) on se kysymys\/joukko kysymyksi\u00e4, johon etsit vastausta tieteellisist\u00e4 julkaisuista, kirjallisuudesta.<\/p>\n\n\n\n<p>Aiheesta on sellaisenaan on helppo johtaa ensimm\u00e4inen hakukysymys, kuten kuvassa alla.<\/p>\n\n\n\n<figure class=\"wp-block-image is-resized\"><img loading=\"lazy\" decoding=\"async\" width=\"841\" height=\"467\" src=\"https:\/\/blogs.uef.fi\/tiedonhaku-metsatiede\/wp-content\/uploads\/sites\/47\/2021\/05\/METydinkasitteet.jpg\" alt=\"Teksti\u00e4. Ty\u00f6n otsikko: Pakkaskest\u00e4vyyden periytyminen pajuilla. Hakukysymys: Onko pakkaskest\u00e4vyys periytyv\u00e4 ominaisuus pajuilla? Ydink\u00e4sitteet: pajut, pakkaskest\u00e4vyys, perinn\u00f6llisyys.\" class=\"wp-image-1616\" srcset=\"https:\/\/blogs.uef.fi\/tiedonhaku-metsatiede\/wp-content\/uploads\/sites\/47\/2021\/05\/METydinkasitteet.jpg 841w, https:\/\/blogs.uef.fi\/tiedonhaku-metsatiede\/wp-content\/uploads\/sites\/47\/2021\/05\/METydinkasitteet-300x167.jpg 300w, https:\/\/blogs.uef.fi\/tiedonhaku-metsatiede\/wp-content\/uploads\/sites\/47\/2021\/05\/METydinkasitteet-768x426.jpg 768w\" sizes=\"auto, (max-width: 841px) 100vw, 841px\" \/><\/figure>\n\n\n\n<p>Kun kyse on tutkimuksen (opinn\u00e4ytteen) tekemisest\u00e4, on n\u00e4ht\u00e4v\u00e4, millaisia <strong>muita tietoja<\/strong> tutkimuksessa voitaisiin k\u00e4ytt\u00e4\u00e4 hyv\u00e4ksi, millaiset palaset olisivat hy\u00f6dyllisi\u00e4 kokonaisuuden kannalta. <strong>Eri l\u00e4hteist\u00e4 tulevan tiedon yhdistely ja vertailu on osa tutkimusta.<\/strong><\/p>\n\n\n\n<h3 class=\"wp-block-heading\">Esimerkki<\/h3>\n\n\n\n<p>Etsit\u00e4\u00e4n taustatietoja tutkimukseen, jossa on tarkoitus selvitt\u00e4\u00e4, miten pakkaskest\u00e4vyys periytyy pajuilla<em>.<\/em> Koska kyseess\u00e4 ovat taustatiedot, k\u00e4ytt\u00f6kelpoisia ovat tiedot, joissa kerrotaan:<\/p>\n\n\n\n<ul class=\"wp-block-list\">\n<li>mit\u00e4 tarkoittaa puiden pakkaskest\u00e4vyys<\/li>\n\n\n\n<li>kuinka pakkasenkest\u00e4vi\u00e4 pajut, erityisesti tutkimuksessa k\u00e4ytetyt pajulajit ovat<\/li>\n\n\n\n<li>kuinka pakkaskest\u00e4vyytt\u00e4 mitataan<\/li>\n\n\n\n<li>tietoa pajujen fysiologiasta ja genetiikasta yleens\u00e4<\/li>\n\n\n\n<li>yleistietoja tutkimuksessa k\u00e4ytett\u00e4vist\u00e4 pajulajeista<\/li>\n\n\n\n<li>pakkaskest\u00e4vyyden perinn\u00f6llisyydest\u00e4 puuvartisilla kasveilla<\/li>\n\n\n\n<li>kuinka ominaisuudet yleens\u00e4 periytyv\u00e4t kasveilla, ja miten sit\u00e4 tutkitaan<\/li>\n<\/ul>\n\n\n\n<p>Kun tiedonhakua tehd\u00e4\u00e4n ja tuloksia saadaan, voi hakukysymysten avulla peilata, onko vastaukset kysymyksiin l\u00f6ydetty \u2013 hyv\u00e4t hakukysymykset ovat siis my\u00f6s hakutulosten arvioinnin ja valikoinnin v\u00e4line.<\/p>\n\n\n\n<h2 class=\"wp-block-heading\">M\u00e4\u00e4rittele k\u00e4sitteet<\/h2>\n\n\n\n<p>K\u00e4site on yksitt\u00e4inen olio tai asia, kuten ilmi\u00f6, teko, esine, tapahtuma. K\u00e4sitteiden avulla j\u00e4sennet\u00e4\u00e4n ja luokitellaan maailmaa.<\/p>\n\n\n\n<p><strong>K\u00e4sitteiden<\/strong> m\u00e4\u00e4rittely on olennaista sek\u00e4 tiedonhaun ett\u00e4 koko tutkimusprosessin ja kirjoittamisen kannalta.<\/p>\n\n\n\n<p>K\u00e4sitteit\u00e4 voi olla yksi tai useampia. Hakuaiheesta riippuen voi erottaa <strong>keskeiset k\u00e4sitteet<\/strong> sek\u00e4 niit\u00e4 t\u00e4ydent\u00e4v\u00e4t <strong>apuk\u00e4sitteet<\/strong>. <strong>Keskeiset k\u00e4sitteet ovat asian ydin, olennaisimmat ilmi\u00f6t;<\/strong> t\u00e4ydent\u00e4vill\u00e4 k\u00e4sitteill\u00e4 voidaan rajata ja m\u00e4\u00e4ritell\u00e4 hakuongelmaa tarkemmin. Vaikka l\u00e4hdett\u00e4isiin liikkeelle vain yhdest\u00e4 perusk\u00e4sitteest\u00e4, eteen voi tulla n\u00e4k\u00f6kohtia, jotka pakottavat lis\u00e4\u00e4m\u00e4\u00e4n hakuun muitakin k\u00e4sitteit\u00e4.<\/p>\n\n\n\n<p>Yll\u00e4 olevaan esimerkkiin liittyen <strong>keskeisi\u00e4 k\u00e4sitteit\u00e4<\/strong> ovat siis <\/p>\n\n\n\n<ul class=\"wp-block-list\">\n<li>pajut<\/li>\n\n\n\n<li>pakkaskest\u00e4vyys<\/li>\n\n\n\n<li>perinn\u00f6llisyys. <\/li>\n<\/ul>\n\n\n\n<p><strong>Apuk\u00e4sitteit\u00e4<\/strong> tilanteesta riippuen voivat olla esimerkiksi <\/p>\n\n\n\n<ul class=\"wp-block-list\">\n<li>mittaaminen<\/li>\n\n\n\n<li>kasvifysiologia.<\/li>\n<\/ul>\n\n\n\n<p>Sen sijaan esimerkiksi <strong>puut ja puuvartiset kasvit<\/strong> kuuluvat samaan k\u00e4sitekokonaisuuteen kuin pajut, eli ne ovat vaihtoehtoisia l\u00e4hestymistapoja samaan asiaan.<\/p>\n\n\n\n<p><strong>K\u00e4sitteet kannattaa m\u00e4\u00e4ritell\u00e4 aluksi hyvin pelkistettyin\u00e4. <\/strong>T\u00e4ll\u00f6in niiden yhdistely ja monipuolinen k\u00e4ytt\u00f6 ovat hakuvaiheessa helpommin hallittavissa.<\/p>\n\n\n\n<h2 class=\"wp-block-heading\"><span style=\"color: #000000\">Tiedonhaku: Kokoa, rajaa, yhdistele, vertaile tietoa<br><\/span><\/h2>\n\n\n\n<p><strong>&nbsp;1.<\/strong> Tietoa tarvitaan aina&nbsp; <strong>aiheen keskeisist\u00e4 k\u00e4sitteist\u00e4<\/strong>: k\u00e4ytetyt k\u00e4sitteet on pystytt\u00e4v\u00e4 tutkimuksessa m\u00e4\u00e4rittelem\u00e4\u00e4n yksiselitteisesti.<\/p>\n\n\n\n<p><strong>2<\/strong>. Aihetta j\u00e4sent\u00e4m\u00e4ll\u00e4 ja tutkimusongelmaa tarkentamalla hahmottuu oma ymm\u00e4rrys siit\u00e4, <strong>mit\u00e4 omalla tutkimuksella halutaan osoittaa ja mit\u00e4 asioita halutaan tiet\u00e4\u00e4.<\/strong><\/p>\n\n\n\n<p><strong>Mit\u00e4 tarkemmin pystyt rajaamaan aiheesi, sit\u00e4 helpompaa on tiedonhaku.<\/strong> Laajat, j\u00e4sentym\u00e4tt\u00f6m\u00e4t aiheet ovat hankalia haettavia.<\/p>\n\n\n\n<p>Seuraavien seikkojen pohtiminen helpottaa aiheen m\u00e4\u00e4rittely\u00e4, j\u00e4sentely\u00e4 ja rajaamista:<\/p>\n\n\n\n<ul class=\"wp-block-list has-white-background-color has-background\">\n<li>Mik\u00e4 on aiheeni\/teht\u00e4v\u00e4n otsikko?<\/li>\n\n\n\n<li>Mik\u00e4 on aiheen kannalta oleellista tai t\u00e4rke\u00e4\u00e4?<\/li>\n\n\n\n<li>Mihin laajempaan viitekehykseen aihe kuuluu?<\/li>\n\n\n\n<li>Mit\u00e4 suppeampia asiakokonaisuuksia aihe pit\u00e4\u00e4 sis\u00e4ll\u00e4\u00e4n?<\/li>\n\n\n\n<li>Millaisesta n\u00e4k\u00f6kulmasta aihetta tarkastellaan:\n<ul class=\"wp-block-list\">\n<li>Kuka? (tekee, toimii, vaikuttaa taustalla)<\/li>\n\n\n\n<li>Kenelle? (toiminnan kohderyhm\u00e4, kehen vaikuttaa, kenelle on t\u00e4rke\u00e4) \u2013 henkil\u00f6t, ryhm\u00e4t, organisaatiot<\/li>\n\n\n\n<li>Miksi? (tarve, pakko, seuraus jostakin, mist\u00e4?)<\/li>\n\n\n\n<li>Miten? (menetelm\u00e4, tarkastelutapa: esim. teoreettinen\/soveltava )<\/li>\n\n\n\n<li>Miss\u00e4? (maa, maanosa jne.)<\/li>\n\n\n\n<li>Milloin? (ennen, nyt, tulevaisuudessa)<\/li>\n<\/ul>\n<\/li>\n<\/ul>\n\n\n\n<p><strong>3.<\/strong> Tutkimukseen tarvitaan aina taustatietoja aiheesta my\u00f6s <strong>laajemmassa kontekstissa<\/strong>: mihin asiayhteyteen tai aihekokonaisuuteen aihe liittyy ja millaisia tutkimusongelmia aiheen piiriss\u00e4 on aikaisemmin k\u00e4sitelty. On t\u00e4rke\u00e4\u00e4 selvitt\u00e4\u00e4 my\u00f6s, mit\u00e4 aiheesta ei viel\u00e4 tiedet\u00e4.<\/p>\n\n\n\n<p><strong>4<\/strong>. Tietoa voi joutua hakemaan my\u00f6s <strong>tutkimusmenetelmist\u00e4, tilastomenetelmist\u00e4, aineiston k\u00e4sittelyst\u00e4<\/strong> ym.<\/p>\n\n\n\n<div class=\"links-block\">\n\n    \n    <ul class=\"link-list\">\n        \n            \n            <li class=\"link-list-item\">\n                <a href=\"https:\/\/uef.cloud.panopto.eu\/Panopto\/Pages\/Viewer.aspx?id=a851b63a-4256-4038-b526-b09700cb7ae1\" class=\"link-reset link hover-scale-down\">\n                    <svg\n        width=\"43\" height=\"25\"\n        viewBox=\"0 0 43 25\"\n        xmlns=\"http:\/\/www.w3.org\/2000\/svg\">\n    <path\n        d=\"M30.027 0 43 12.5 30.027 25 27 22.083 34.351 15H0v-5h34.351L27 2.917z\"\n        fill=\"currentColor\"\n        fill-rule=\"evenodd\"\/>\n<\/svg>                    <div>Katso video hakukysymyksist\u00e4 (4:30)<\/div>\n                <\/a>\n                <div class=\"link-info\">\n                                    <\/div>\n            <\/li>\n\n                <\/ul>\n<\/div>\n\n\n<p class=\"has-text-align-right\">Seuraava sivu: <a href=\"https:\/\/blogs.uef.fi\/tiedonhaku-metsatiede\/sanojen-keksiminen\/\">Sanojen keksiminen<\/a>.<\/p>\n","protected":false},"excerpt":{"rendered":"<p>Hyvien hakusanojen l\u00f6yt\u00e4miseksi pit\u00e4\u00e4 ensiksi tunnistaa omasta aiheesta hakukysymys ja sen keskeiset k\u00e4sitteet. K\u00e4sitteist\u00e4 johdetaan sitten hakusanat. Mieti hakukysymysten avulla mit\u00e4 tarvitset Hakukysymysten avulla voi hahmottaa itselleen, millaisia teemoja omaan aiheeseen liittyy, samaan tapaan kuin mietit\u00e4\u00e4n tutkimuskysymyksi\u00e4. Hakukysymykset voivat olla osittain samojakin kuin tutkimuskysymykset, mutta voivat my\u00f6s poiketa niist\u00e4. Erityisesti pit\u00e4\u00e4 pysty\u00e4 erittelem\u00e4\u00e4n ne asiat, [&hellip;]<\/p>\n","protected":false},"author":127,"featured_media":0,"parent":581,"menu_order":0,"comment_status":"closed","ping_status":"closed","template":"","meta":{"_acf_changed":false,"footnotes":""},"class_list":["post-50","page","type-page","status-publish","hentry"],"acf":[],"yoast_head":"<!-- This site is optimized with the Yoast SEO plugin v27.1.1 - https:\/\/yoast.com\/product\/yoast-seo-wordpress\/ -->\n<title>Hakuaiheen k\u00e4sittely - Mets\u00e4tieteen tiedonhaku \/ UEF KIRJASTO<\/title>\n<meta name=\"robots\" content=\"index, follow, max-snippet:-1, max-image-preview:large, max-video-preview:-1\" \/>\n<link rel=\"canonical\" href=\"https:\/\/blogs.uef.fi\/tiedonhaku-metsatiede\/hakusanat\/hakuaihe\/\" \/>\n<meta property=\"og:locale\" content=\"fi_FI\" \/>\n<meta property=\"og:type\" content=\"article\" \/>\n<meta property=\"og:title\" content=\"Hakuaiheen k\u00e4sittely - Mets\u00e4tieteen tiedonhaku \/ UEF KIRJASTO\" \/>\n<meta property=\"og:description\" content=\"Hyvien hakusanojen l\u00f6yt\u00e4miseksi pit\u00e4\u00e4 ensiksi tunnistaa omasta aiheesta hakukysymys ja sen keskeiset k\u00e4sitteet. K\u00e4sitteist\u00e4 johdetaan sitten hakusanat. Mieti hakukysymysten avulla mit\u00e4 tarvitset Hakukysymysten avulla voi hahmottaa itselleen, millaisia teemoja omaan aiheeseen liittyy, samaan tapaan kuin mietit\u00e4\u00e4n tutkimuskysymyksi\u00e4. Hakukysymykset voivat olla osittain samojakin kuin tutkimuskysymykset, mutta voivat my\u00f6s poiketa niist\u00e4. Erityisesti pit\u00e4\u00e4 pysty\u00e4 erittelem\u00e4\u00e4n ne asiat, [&hellip;]\" \/>\n<meta property=\"og:url\" content=\"https:\/\/blogs.uef.fi\/tiedonhaku-metsatiede\/hakusanat\/hakuaihe\/\" \/>\n<meta property=\"og:site_name\" content=\"Mets\u00e4tieteen tiedonhaku \/ UEF KIRJASTO\" \/>\n<meta property=\"article:modified_time\" content=\"2025-01-08T10:59:38+00:00\" \/>\n<meta property=\"og:image\" content=\"https:\/\/blogs.uef.fi\/tiedonhaku-metsatiede\/wp-content\/uploads\/sites\/47\/2021\/05\/METydinkasitteet.jpg\" \/>\n\t<meta property=\"og:image:width\" content=\"841\" \/>\n\t<meta property=\"og:image:height\" content=\"467\" \/>\n\t<meta property=\"og:image:type\" content=\"image\/jpeg\" \/>\n<meta name=\"twitter:card\" content=\"summary_large_image\" \/>\n<meta name=\"twitter:label1\" content=\"Arvioitu lukuaika\" \/>\n\t<meta name=\"twitter:data1\" content=\"4 minuuttia\" \/>\n<script type=\"application\/ld+json\" class=\"yoast-schema-graph\">{\"@context\":\"https:\/\/schema.org\",\"@graph\":[{\"@type\":\"WebPage\",\"@id\":\"https:\/\/blogs.uef.fi\/tiedonhaku-metsatiede\/hakusanat\/hakuaihe\/\",\"url\":\"https:\/\/blogs.uef.fi\/tiedonhaku-metsatiede\/hakusanat\/hakuaihe\/\",\"name\":\"Hakuaiheen k\u00e4sittely - Mets\u00e4tieteen tiedonhaku \/ UEF KIRJASTO\",\"isPartOf\":{\"@id\":\"https:\/\/blogs.uef.fi\/tiedonhaku-metsatiede\/#website\"},\"primaryImageOfPage\":{\"@id\":\"https:\/\/blogs.uef.fi\/tiedonhaku-metsatiede\/hakusanat\/hakuaihe\/#primaryimage\"},\"image\":{\"@id\":\"https:\/\/blogs.uef.fi\/tiedonhaku-metsatiede\/hakusanat\/hakuaihe\/#primaryimage\"},\"thumbnailUrl\":\"https:\/\/blogs.uef.fi\/tiedonhaku-metsatiede\/wp-content\/uploads\/sites\/47\/2021\/05\/METydinkasitteet.jpg\",\"datePublished\":\"2015-10-29T13:49:58+00:00\",\"dateModified\":\"2025-01-08T10:59:38+00:00\",\"breadcrumb\":{\"@id\":\"https:\/\/blogs.uef.fi\/tiedonhaku-metsatiede\/hakusanat\/hakuaihe\/#breadcrumb\"},\"inLanguage\":\"fi\",\"potentialAction\":[{\"@type\":\"ReadAction\",\"target\":[\"https:\/\/blogs.uef.fi\/tiedonhaku-metsatiede\/hakusanat\/hakuaihe\/\"]}]},{\"@type\":\"ImageObject\",\"inLanguage\":\"fi\",\"@id\":\"https:\/\/blogs.uef.fi\/tiedonhaku-metsatiede\/hakusanat\/hakuaihe\/#primaryimage\",\"url\":\"https:\/\/blogs.uef.fi\/tiedonhaku-metsatiede\/wp-content\/uploads\/sites\/47\/2021\/05\/METydinkasitteet.jpg\",\"contentUrl\":\"https:\/\/blogs.uef.fi\/tiedonhaku-metsatiede\/wp-content\/uploads\/sites\/47\/2021\/05\/METydinkasitteet.jpg\",\"width\":841,\"height\":467,\"caption\":\"Ty\u00f6n otsikko: Pakkaskest\u00e4vyyden periytyminen pajuilla. Hakukysymys: Onko pakkaskest\u00e4vyys periytyv\u00e4 ominaisuus pajuilla? Ydink\u00e4sitteet: pajut, pakkaskest\u00e4vyys, perinn\u00f6llisyys.\"},{\"@type\":\"BreadcrumbList\",\"@id\":\"https:\/\/blogs.uef.fi\/tiedonhaku-metsatiede\/hakusanat\/hakuaihe\/#breadcrumb\",\"itemListElement\":[{\"@type\":\"ListItem\",\"position\":1,\"name\":\"Home\",\"item\":\"https:\/\/blogs.uef.fi\/tiedonhaku-metsatiede\/\"},{\"@type\":\"ListItem\",\"position\":2,\"name\":\"Hakusanat\",\"item\":\"https:\/\/blogs.uef.fi\/tiedonhaku-metsatiede\/hakusanat\/\"},{\"@type\":\"ListItem\",\"position\":3,\"name\":\"Hakuaiheen k\u00e4sittely\"}]},{\"@type\":\"WebSite\",\"@id\":\"https:\/\/blogs.uef.fi\/tiedonhaku-metsatiede\/#website\",\"url\":\"https:\/\/blogs.uef.fi\/tiedonhaku-metsatiede\/\",\"name\":\"Mets\u00e4tieteen tiedonhaku \/ UEF KIRJASTO\",\"description\":\"Mets\u00e4tieteen tiedonhaku on kattava oppimateriaali tiedonhakuun mets\u00e4tieteilij\u00f6ille. Se sis\u00e4lt\u00e4\u00e4 yleiset tiedonhaun tekniikat sek\u00e4 mets\u00e4tieteen tiedonl\u00e4hteet ohjeineen ja esimerkkeineen.\",\"potentialAction\":[{\"@type\":\"SearchAction\",\"target\":{\"@type\":\"EntryPoint\",\"urlTemplate\":\"https:\/\/blogs.uef.fi\/tiedonhaku-metsatiede\/?s={search_term_string}\"},\"query-input\":{\"@type\":\"PropertyValueSpecification\",\"valueRequired\":true,\"valueName\":\"search_term_string\"}}],\"inLanguage\":\"fi\"}]}<\/script>\n<!-- \/ Yoast SEO plugin. -->","yoast_head_json":{"title":"Hakuaiheen k\u00e4sittely - Mets\u00e4tieteen tiedonhaku \/ UEF KIRJASTO","robots":{"index":"index","follow":"follow","max-snippet":"max-snippet:-1","max-image-preview":"max-image-preview:large","max-video-preview":"max-video-preview:-1"},"canonical":"https:\/\/blogs.uef.fi\/tiedonhaku-metsatiede\/hakusanat\/hakuaihe\/","og_locale":"fi_FI","og_type":"article","og_title":"Hakuaiheen k\u00e4sittely - Mets\u00e4tieteen tiedonhaku \/ UEF KIRJASTO","og_description":"Hyvien hakusanojen l\u00f6yt\u00e4miseksi pit\u00e4\u00e4 ensiksi tunnistaa omasta aiheesta hakukysymys ja sen keskeiset k\u00e4sitteet. K\u00e4sitteist\u00e4 johdetaan sitten hakusanat. Mieti hakukysymysten avulla mit\u00e4 tarvitset Hakukysymysten avulla voi hahmottaa itselleen, millaisia teemoja omaan aiheeseen liittyy, samaan tapaan kuin mietit\u00e4\u00e4n tutkimuskysymyksi\u00e4. Hakukysymykset voivat olla osittain samojakin kuin tutkimuskysymykset, mutta voivat my\u00f6s poiketa niist\u00e4. Erityisesti pit\u00e4\u00e4 pysty\u00e4 erittelem\u00e4\u00e4n ne asiat, [&hellip;]","og_url":"https:\/\/blogs.uef.fi\/tiedonhaku-metsatiede\/hakusanat\/hakuaihe\/","og_site_name":"Mets\u00e4tieteen tiedonhaku \/ UEF KIRJASTO","article_modified_time":"2025-01-08T10:59:38+00:00","og_image":[{"width":841,"height":467,"url":"https:\/\/blogs.uef.fi\/tiedonhaku-metsatiede\/wp-content\/uploads\/sites\/47\/2021\/05\/METydinkasitteet.jpg","type":"image\/jpeg"}],"twitter_card":"summary_large_image","twitter_misc":{"Arvioitu lukuaika":"4 minuuttia"},"schema":{"@context":"https:\/\/schema.org","@graph":[{"@type":"WebPage","@id":"https:\/\/blogs.uef.fi\/tiedonhaku-metsatiede\/hakusanat\/hakuaihe\/","url":"https:\/\/blogs.uef.fi\/tiedonhaku-metsatiede\/hakusanat\/hakuaihe\/","name":"Hakuaiheen k\u00e4sittely - Mets\u00e4tieteen tiedonhaku \/ UEF KIRJASTO","isPartOf":{"@id":"https:\/\/blogs.uef.fi\/tiedonhaku-metsatiede\/#website"},"primaryImageOfPage":{"@id":"https:\/\/blogs.uef.fi\/tiedonhaku-metsatiede\/hakusanat\/hakuaihe\/#primaryimage"},"image":{"@id":"https:\/\/blogs.uef.fi\/tiedonhaku-metsatiede\/hakusanat\/hakuaihe\/#primaryimage"},"thumbnailUrl":"https:\/\/blogs.uef.fi\/tiedonhaku-metsatiede\/wp-content\/uploads\/sites\/47\/2021\/05\/METydinkasitteet.jpg","datePublished":"2015-10-29T13:49:58+00:00","dateModified":"2025-01-08T10:59:38+00:00","breadcrumb":{"@id":"https:\/\/blogs.uef.fi\/tiedonhaku-metsatiede\/hakusanat\/hakuaihe\/#breadcrumb"},"inLanguage":"fi","potentialAction":[{"@type":"ReadAction","target":["https:\/\/blogs.uef.fi\/tiedonhaku-metsatiede\/hakusanat\/hakuaihe\/"]}]},{"@type":"ImageObject","inLanguage":"fi","@id":"https:\/\/blogs.uef.fi\/tiedonhaku-metsatiede\/hakusanat\/hakuaihe\/#primaryimage","url":"https:\/\/blogs.uef.fi\/tiedonhaku-metsatiede\/wp-content\/uploads\/sites\/47\/2021\/05\/METydinkasitteet.jpg","contentUrl":"https:\/\/blogs.uef.fi\/tiedonhaku-metsatiede\/wp-content\/uploads\/sites\/47\/2021\/05\/METydinkasitteet.jpg","width":841,"height":467,"caption":"Ty\u00f6n otsikko: Pakkaskest\u00e4vyyden periytyminen pajuilla. Hakukysymys: Onko pakkaskest\u00e4vyys periytyv\u00e4 ominaisuus pajuilla? Ydink\u00e4sitteet: pajut, pakkaskest\u00e4vyys, perinn\u00f6llisyys."},{"@type":"BreadcrumbList","@id":"https:\/\/blogs.uef.fi\/tiedonhaku-metsatiede\/hakusanat\/hakuaihe\/#breadcrumb","itemListElement":[{"@type":"ListItem","position":1,"name":"Home","item":"https:\/\/blogs.uef.fi\/tiedonhaku-metsatiede\/"},{"@type":"ListItem","position":2,"name":"Hakusanat","item":"https:\/\/blogs.uef.fi\/tiedonhaku-metsatiede\/hakusanat\/"},{"@type":"ListItem","position":3,"name":"Hakuaiheen k\u00e4sittely"}]},{"@type":"WebSite","@id":"https:\/\/blogs.uef.fi\/tiedonhaku-metsatiede\/#website","url":"https:\/\/blogs.uef.fi\/tiedonhaku-metsatiede\/","name":"Mets\u00e4tieteen tiedonhaku \/ UEF KIRJASTO","description":"Mets\u00e4tieteen tiedonhaku on kattava oppimateriaali tiedonhakuun mets\u00e4tieteilij\u00f6ille. Se sis\u00e4lt\u00e4\u00e4 yleiset tiedonhaun tekniikat sek\u00e4 mets\u00e4tieteen tiedonl\u00e4hteet ohjeineen ja esimerkkeineen.","potentialAction":[{"@type":"SearchAction","target":{"@type":"EntryPoint","urlTemplate":"https:\/\/blogs.uef.fi\/tiedonhaku-metsatiede\/?s={search_term_string}"},"query-input":{"@type":"PropertyValueSpecification","valueRequired":true,"valueName":"search_term_string"}}],"inLanguage":"fi"}]}},"_links":{"self":[{"href":"https:\/\/blogs.uef.fi\/tiedonhaku-metsatiede\/wp-json\/wp\/v2\/pages\/50","targetHints":{"allow":["GET"]}}],"collection":[{"href":"https:\/\/blogs.uef.fi\/tiedonhaku-metsatiede\/wp-json\/wp\/v2\/pages"}],"about":[{"href":"https:\/\/blogs.uef.fi\/tiedonhaku-metsatiede\/wp-json\/wp\/v2\/types\/page"}],"author":[{"embeddable":true,"href":"https:\/\/blogs.uef.fi\/tiedonhaku-metsatiede\/wp-json\/wp\/v2\/users\/127"}],"replies":[{"embeddable":true,"href":"https:\/\/blogs.uef.fi\/tiedonhaku-metsatiede\/wp-json\/wp\/v2\/comments?post=50"}],"version-history":[{"count":1,"href":"https:\/\/blogs.uef.fi\/tiedonhaku-metsatiede\/wp-json\/wp\/v2\/pages\/50\/revisions"}],"predecessor-version":[{"id":3895,"href":"https:\/\/blogs.uef.fi\/tiedonhaku-metsatiede\/wp-json\/wp\/v2\/pages\/50\/revisions\/3895"}],"up":[{"embeddable":true,"href":"https:\/\/blogs.uef.fi\/tiedonhaku-metsatiede\/wp-json\/wp\/v2\/pages\/581"}],"wp:attachment":[{"href":"https:\/\/blogs.uef.fi\/tiedonhaku-metsatiede\/wp-json\/wp\/v2\/media?parent=50"}],"curies":[{"name":"wp","href":"https:\/\/api.w.org\/{rel}","templated":true}]}}